{"id":24671,"date":"2021-10-10T05:17:24","date_gmt":"2021-10-10T05:17:24","guid":{"rendered":"https:\/\/mouldking.store\/shop\/moc-35798-hagrid-brickheadz-movie-by-custominstructions-moc-factory\/"},"modified":"2025-12-25T09:17:20","modified_gmt":"2025-12-25T02:17:20","slug":"moc-35798-hagrid-brickheadz-movie-by-custominstructions-moc-factory","status":"publish","type":"product","link":"https:\/\/mouldking.store\/vi\/shop\/moc-35798-hagrid-brickheadz-movie-by-custominstructions-moc-factory\/","title":{"rendered":"MOC-35798 Phim Hagrid Brickheadz theo h\u01b0\u1edbng d\u1eabn t\u00f9y ch\u1ec9nh MOC FACTORY"},"content":{"rendered":"<p>MOC-35798 Hagrid Brickheadz Phim theo h\u01b0\u1edbng d\u1eabn t\u00f9y ch\u1ec9nh MOC FACTORY l\u00e0 m\u1ed9t b\u1ed9 trong b\u1ed9 s\u01b0u t\u1eadp Phim, \u0111\u01b0\u1ee3c thi\u1ebft k\u1ebf theo h\u01b0\u1edbng d\u1eabn t\u00f9y ch\u1ec9nh. MOC 35798 n\u00e0y \u0111i k\u00e8m v\u1edbi h\u01b0\u1edbng d\u1eabn PDF gi\u00fap d\u1ec5 d\u00e0ng t\u1ea1o v\u00e0 t\u00ecm c\u00e1c ph\u1ea7n c\u00f2n thi\u1ebfu. B\u1ed9 g\u1ed3m 338 mi\u1ebfng, ph\u00e1t h\u00e0nh l\u1ea7n \u0111\u1ea7u v\u00e0o n\u0103m 2021.<\/p>\n<figure id=\"attachment_208061\" class=\"wp-caption aligncenter\" style=\"width: 1000px\" aria-describedby=\"caption-attachment-208061\">Th\u1eddi gian s\u1eafp x\u1ebfp: 4-8 tu\u1ea7n<\/figure>\n<figure id=\"attachment_32049\" aria-describedby=\"caption-attachment-32049\" style=\"width: 800px\" class=\"wp-caption aligncenter\"><img fetchpriority=\"high\" decoding=\"async\" class=\"size-full wp-image-32049\" title=\"MOC-35798 Movie Hagrid Brickheadz T\u00f9y ch\u1ec9nh h\u01b0\u1edbng d\u1eabn c\u1ee7a nh\u00e0 thi\u1ebft k\u1ebf MOC FACTORY\" src=\"https:\/\/mocfactory.com\/wp-content\/uploads\/2021\/06\/moc-35798-movie-hagrid-brickheadz-designer-custominstructions-moc-factory.jpg\" alt=\"MOC-35798 Movie Hagrid Brickheadz Designer custominstructions MOC FACTORY\" width=\"800\" height=\"800\" \/><figcaption id=\"caption-attachment-32049\" class=\"wp-caption-text\">MOC-35798 Movie Hagrid Brickheadz T\u00f9y ch\u1ec9nh h\u01b0\u1edbng d\u1eabn c\u1ee7a nh\u00e0 thi\u1ebft k\u1ebf MOC FACTORY<\/figcaption><\/figure>\n<figure id=\"attachment_32050\" aria-describedby=\"caption-attachment-32050\" style=\"width: 1000px\" class=\"wp-caption aligncenter\"><img decoding=\"async\" class=\"size-full wp-image-32050\" title=\"MOC-35798 Movie Hagrid Brickheadz T\u00f9y ch\u1ec9nh h\u01b0\u1edbng d\u1eabn c\u1ee7a nh\u00e0 thi\u1ebft k\u1ebf MOC FACTORY\" src=\"https:\/\/mocfactory.com\/wp-content\/uploads\/2021\/06\/moc-35798-movie-hagrid-brickheadz-designer-custominstructions-moc-factory-1.jpg\" alt=\"MOC-35798 Movie Hagrid Brickheadz Designer custominstructions MOC FACTORY\" width=\"1000\" height=\"1000\" \/><figcaption id=\"caption-attachment-32050\" class=\"wp-caption-text\">MOC-35798 Movie Hagrid Brickheadz T\u00f9y ch\u1ec9nh h\u01b0\u1edbng d\u1eabn c\u1ee7a nh\u00e0 thi\u1ebft k\u1ebf MOC FACTORY<\/figcaption><\/figure>\n<figure id=\"attachment_32051\" aria-describedby=\"caption-attachment-32051\" style=\"width: 1000px\" class=\"wp-caption aligncenter\"><img decoding=\"async\" class=\"size-full wp-image-32051\" title=\"MOC-35798 Movie Hagrid Brickheadz T\u00f9y ch\u1ec9nh h\u01b0\u1edbng d\u1eabn c\u1ee7a nh\u00e0 thi\u1ebft k\u1ebf MOC FACTORY\" src=\"https:\/\/mocfactory.com\/wp-content\/uploads\/2021\/06\/moc-35798-movie-hagrid-brickheadz-designer-custominstructions-moc-factory-2.jpg\" alt=\"MOC-35798 Movie Hagrid Brickheadz Designer custominstructions MOC FACTORY\" width=\"1000\" height=\"1000\" \/><figcaption id=\"caption-attachment-32051\" class=\"wp-caption-text\">MOC-35798 Movie Hagrid Brickheadz T\u00f9y ch\u1ec9nh h\u01b0\u1edbng d\u1eabn c\u1ee7a nh\u00e0 thi\u1ebft k\u1ebf MOC FACTORY<\/figcaption><\/figure>","protected":false},"excerpt":{"rendered":"<ul>\n<li>Bao g\u1ed3m\u00a0<strong>338+<\/strong>\u00a0chi\u1ebfc<\/li>\n<li>H\u01b0\u1edbng d\u1eabn PDF tr\u1ef1c tuy\u1ebfn<\/li>\n<li>Kh\u1ed1i ABS ch\u1ea5t l\u01b0\u1ee3ng cao<\/li>\n<li>K\u00edch th\u01b0\u1edbc: 6 x 6 x 12 cm<\/li>\n<\/ul>","protected":false},"featured_media":24668,"comment_status":"open","ping_status":"closed","template":"","meta":{"_acf_changed":false},"product_cat":[581],"product_tag":[],"class_list":["product","first","instock","shipping-taxable","purchasable","product-type-simple"],"acf":[],"_links":{"self":[{"href":"https:\/\/mouldking.store\/vi\/wp-json\/wp\/v2\/product\/24671","targetHints":{"allow":["GET"]}}],"collection":[{"href":"https:\/\/mouldking.store\/vi\/wp-json\/wp\/v2\/product"}],"about":[{"href":"https:\/\/mouldking.store\/vi\/wp-json\/wp\/v2\/types\/product"}],"replies":[{"embeddable":true,"href":"https:\/\/mouldking.store\/vi\/wp-json\/wp\/v2\/comments?post=24671"}],"wp:featuredmedia":[{"embeddable":true,"href":"https:\/\/mouldking.store\/vi\/wp-json\/wp\/v2\/media\/24668"}],"wp:attachment":[{"href":"https:\/\/mouldking.store\/vi\/wp-json\/wp\/v2\/media?parent=24671"}],"wp:term":[{"taxonomy":"product_cat","embeddable":true,"href":"https:\/\/mouldking.store\/vi\/wp-json\/wp\/v2\/product_cat?post=24671"},{"taxonomy":"product_tag","embeddable":true,"href":"https:\/\/mouldking.store\/vi\/wp-json\/wp\/v2\/product_tag?post=24671"}],"curies":[{"name":"wp","href":"https:\/\/api.w.org\/{rel}","templated":true}]}}