{"id":24677,"date":"2021-10-10T05:17:26","date_gmt":"2021-10-10T05:17:26","guid":{"rendered":"https:\/\/mouldking.store\/shop\/moc-46399-dodge-challenger-srt-demon-technic-by-brickengineeringdude-moc-factory\/"},"modified":"2025-12-25T09:17:20","modified_gmt":"2025-12-25T02:17:20","slug":"moc-46399-dodge-challenger-srt-demon-technic-by-brickengineeringdude-moc-factory","status":"publish","type":"product","link":"https:\/\/mouldking.store\/vi\/shop\/moc-46399-dodge-challenger-srt-demon-technic-by-brickengineeringdude-moc-factory\/","title":{"rendered":"MOC-46399 Dodge Challenger SRT Demon Technic b\u1edfi brickengineeringdude MOC FACTORY"},"content":{"rendered":"<p>MOC-46399 Dodge Challenger SRT Demon Technic c\u1ee7a brickengineeringdude MOC FACTORY l\u00e0 m\u1ed9t b\u1ed9 trong b\u1ed9 s\u01b0u t\u1eadp Technic, \u0111\u01b0\u1ee3c thi\u1ebft k\u1ebf b\u1edfi brickengineeringdude. MOC 46399 n\u00e0y \u0111i k\u00e8m v\u1edbi h\u01b0\u1edbng d\u1eabn PDF gi\u00fap d\u1ec5 d\u00e0ng t\u1ea1o v\u00e0 t\u00ecm c\u00e1c ph\u1ea7n c\u00f2n thi\u1ebfu. B\u1ed9 g\u1ed3m 273 mi\u1ebfng, ph\u00e1t h\u00e0nh l\u1ea7n \u0111\u1ea7u v\u00e0o n\u0103m 2021.<\/p>\n<p><a href=\"https:\/\/pay.lpwstore.com\/wp-content\/uploads\/2021\/06\/MOC-46399-Dodge-Challenger-SRT-Demon-Technic-by-brickengineeringdude-MOC-FACTORY.jpg\" target=\"_blank\" rel=\"noopener\"><img fetchpriority=\"high\" decoding=\"async\" class=\"aligncenter wp-image-208069 size-full\" title=\"MOC-46399 Dodge Challenger SRT Demon Technic b\u1edfi brickengineeringdude MOC FACTORY\" src=\"https:\/\/pay.lpwstore.com\/wp-content\/uploads\/2021\/06\/MOC-46399-Dodge-Challenger-SRT-Demon-Technic-by-brickengineeringdude-MOC-FACTORY.jpg\" alt=\"MOC-46399 Dodge Challenger SRT Demon Technic by brickengineeringdude MOC FACTORY\" width=\"800\" height=\"800\" \/><\/a><\/p>\n<figure id=\"attachment_208065\" aria-describedby=\"caption-attachment-208065\" style=\"width: 1000px\" class=\"wp-caption aligncenter\"><img decoding=\"async\" class=\"size-full wp-image-208065\" title=\"MOC-46399 Dodge Challenger SRT Demon Technic b\u1edfi brickengineeringdude MOC FACTORY\" src=\"https:\/\/pay.lpwstore.com\/wp-content\/uploads\/2021\/06\/moc-46399-dodge-challenger-srt-demon-technic-by-brickengineeringdude-moc-factory-103233.jpg\" alt=\"MOC-46399 Dodge Challenger SRT Demon Technic by brickengineeringdude MOC FACTORY\" width=\"1000\" height=\"1000\" \/><figcaption id=\"caption-attachment-208065\" class=\"wp-caption-text\">MOC-46399 Dodge Challenger SRT Demon Technic b\u1edfi brickengineeringdude MOC FACTORY<\/figcaption><\/figure>\n<figure id=\"attachment_208066\" aria-describedby=\"caption-attachment-208066\" style=\"width: 1000px\" class=\"wp-caption aligncenter\"><img decoding=\"async\" class=\"size-full wp-image-208066\" title=\"MOC-46399 Dodge Challenger SRT Demon Technic b\u1edfi brickengineeringdude MOC FACTORY\" src=\"https:\/\/pay.lpwstore.com\/wp-content\/uploads\/2021\/06\/moc-46399-dodge-challenger-srt-demon-technic-by-brickengineeringdude-moc-factory-103234.jpg\" alt=\"MOC-46399 Dodge Challenger SRT Demon Technic by brickengineeringdude MOC FACTORY\" width=\"1000\" height=\"1000\" \/><figcaption id=\"caption-attachment-208066\" class=\"wp-caption-text\">MOC-46399 Dodge Challenger SRT Demon Technic b\u1edfi brickengineeringdude MOC FACTORY<\/figcaption><\/figure>\n<figure id=\"attachment_208067\" aria-describedby=\"caption-attachment-208067\" style=\"width: 1000px\" class=\"wp-caption aligncenter\"><img loading=\"lazy\" decoding=\"async\" class=\"size-full wp-image-208067\" title=\"MOC-46399 Dodge Challenger SRT Demon Technic b\u1edfi brickengineeringdude MOC FACTORY\" src=\"https:\/\/pay.lpwstore.com\/wp-content\/uploads\/2021\/06\/moc-46399-dodge-challenger-srt-demon-technic-by-brickengineeringdude-moc-factory-103236.jpg\" alt=\"MOC-46399 Dodge Challenger SRT Demon Technic by brickengineeringdude MOC FACTORY\" width=\"1000\" height=\"1000\" \/><figcaption id=\"caption-attachment-208067\" class=\"wp-caption-text\">MOC-46399 Dodge Challenger SRT Demon Technic b\u1edfi brickengineeringdude MOC FACTORY<\/figcaption><\/figure>\n<figure id=\"attachment_208068\" aria-describedby=\"caption-attachment-208068\" style=\"width: 1000px\" class=\"wp-caption aligncenter\"><img loading=\"lazy\" decoding=\"async\" class=\"size-full wp-image-208068\" title=\"MOC-46399 Dodge Challenger SRT Demon Technic b\u1edfi brickengineeringdude MOC FACTORY\" src=\"https:\/\/pay.lpwstore.com\/wp-content\/uploads\/2021\/06\/moc-46399-dodge-challenger-srt-demon-technic-by-brickengineeringdude-moc-factory-103238.jpg\" alt=\"MOC-46399 Dodge Challenger SRT Demon Technic by brickengineeringdude MOC FACTORY\" width=\"1000\" height=\"1000\" \/><figcaption id=\"caption-attachment-208068\" class=\"wp-caption-text\">MOC-46399 Dodge Challenger SRT Demon Technic b\u1edfi brickengineeringdude MOC FACTORY<\/figcaption><\/figure>\n<p>&nbsp;<\/p>","protected":false},"excerpt":{"rendered":"<ul>\n<li>Bao g\u1ed3m\u00a0<strong>273+<\/strong>\u00a0chi\u1ebfc<\/li>\n<li>H\u01b0\u1edbng d\u1eabn PDF tr\u1ef1c tuy\u1ebfn<\/li>\n<li>Kh\u1ed1i ABS ch\u1ea5t l\u01b0\u1ee3ng cao<\/li>\n<li>K\u00edch th\u01b0\u1edbc: 10 x 7 x 5 cm<\/li>\n<\/ul>","protected":false},"featured_media":24672,"comment_status":"open","ping_status":"closed","template":"","meta":{"_acf_changed":false},"product_cat":[364],"product_tag":[],"class_list":["product","first","instock","shipping-taxable","purchasable","product-type-simple"],"acf":[],"_links":{"self":[{"href":"https:\/\/mouldking.store\/vi\/wp-json\/wp\/v2\/product\/24677","targetHints":{"allow":["GET"]}}],"collection":[{"href":"https:\/\/mouldking.store\/vi\/wp-json\/wp\/v2\/product"}],"about":[{"href":"https:\/\/mouldking.store\/vi\/wp-json\/wp\/v2\/types\/product"}],"replies":[{"embeddable":true,"href":"https:\/\/mouldking.store\/vi\/wp-json\/wp\/v2\/comments?post=24677"}],"wp:featuredmedia":[{"embeddable":true,"href":"https:\/\/mouldking.store\/vi\/wp-json\/wp\/v2\/media\/24672"}],"wp:attachment":[{"href":"https:\/\/mouldking.store\/vi\/wp-json\/wp\/v2\/media?parent=24677"}],"wp:term":[{"taxonomy":"product_cat","embeddable":true,"href":"https:\/\/mouldking.store\/vi\/wp-json\/wp\/v2\/product_cat?post=24677"},{"taxonomy":"product_tag","embeddable":true,"href":"https:\/\/mouldking.store\/vi\/wp-json\/wp\/v2\/product_tag?post=24677"}],"curies":[{"name":"wp","href":"https:\/\/api.w.org\/{rel}","templated":true}]}}