{"id":24700,"date":"2021-10-10T05:17:33","date_gmt":"2021-10-09T22:17:33","guid":{"rendered":"https:\/\/mouldking.store\/shop\/moc-71683-scout-trooper-speeder-bike-star-wars-by-beardlb-moc-factory\/"},"modified":"2025-12-25T09:17:20","modified_gmt":"2025-12-25T02:17:20","slug":"moc-71683-scout-trooper-speeder-bike-star-wars-by-beardlb-moc-factory","status":"publish","type":"product","link":"https:\/\/mouldking.store\/vi\/shop\/moc-71683-scout-trooper-speeder-bike-star-wars-by-beardlb-moc-factory\/","title":{"rendered":"MOC-71683 Scout Trooper Speeder Bike Star Wars by BearLB MOC FACTORY"},"content":{"rendered":"<p>MOC-71683 Scout Trooper Speeder Bike Star Wars c\u1ee7a BearLB MOC FACTORY l\u00e0 m\u1ed9t b\u1ed9 trong b\u1ed9 s\u01b0u t\u1eadp Star Wars, \u0111\u01b0\u1ee3c thi\u1ebft k\u1ebf b\u1edfi BearLB. MOC 71683 n\u00e0y \u0111i k\u00e8m v\u1edbi h\u01b0\u1edbng d\u1eabn PDF gi\u00fap d\u1ec5 d\u00e0ng t\u1ea1o v\u00e0 t\u00ecm c\u00e1c ph\u1ea7n c\u00f2n thi\u1ebfu. B\u1ed9 g\u1ed3m 85 mi\u1ebfng, ph\u00e1t h\u00e0nh l\u1ea7n \u0111\u1ea7u v\u00e0o n\u0103m 2021.<\/p>\n<figure id=\"attachment_208134\" aria-describedby=\"caption-attachment-208134\" style=\"width: 800px\" class=\"wp-caption aligncenter\"><a href=\"https:\/\/pay.lpwstore.com\/wp-content\/uploads\/2021\/06\/MOC-71683-Scout-Trooper-Speeder-Bike-Star-Wars-by-beardLB-MOC-FACTORY.jpg\" target=\"_blank\" rel=\"noopener\"><img fetchpriority=\"high\" decoding=\"async\" class=\"wp-image-208134 size-full\" title=\"MOC-71683 Scout Trooper Speeder Bike Star Wars by BearLB MOC FACTORY\" src=\"https:\/\/pay.lpwstore.com\/wp-content\/uploads\/2021\/06\/MOC-71683-Scout-Trooper-Speeder-Bike-Star-Wars-by-beardLB-MOC-FACTORY.jpg\" alt=\"MOC-71683 Scout Trooper Speeder Bike Star Wars by beardLB MOC FACTORY\" width=\"800\" height=\"800\" \/><\/a><figcaption id=\"caption-attachment-208134\" class=\"wp-caption-text\">MOC-71683 Scout Trooper Speeder Bike Star Wars by BearLB MOC FACTORY<\/figcaption><\/figure>\n<figure id=\"attachment_208131\" aria-describedby=\"caption-attachment-208131\" style=\"width: 1000px\" class=\"wp-caption aligncenter\"><img decoding=\"async\" class=\"size-full wp-image-208131\" title=\"MOC-71683 Scout Trooper Speeder Bike Star Wars by BearLB MOC FACTORY\" src=\"https:\/\/pay.lpwstore.com\/wp-content\/uploads\/2021\/06\/moc-71683-scout-trooper-speeder-bike-star-wars-by-beardlb-moc-factory-220112.jpg\" alt=\"MOC-71683 Scout Trooper Speeder Bike Star Wars by beardLB MOC FACTORY\" width=\"1000\" height=\"1000\" \/><figcaption id=\"caption-attachment-208131\" class=\"wp-caption-text\">MOC-71683 Scout Trooper Speeder Bike Star Wars by BearLB MOC FACTORY<\/figcaption><\/figure>\n<figure id=\"attachment_208132\" aria-describedby=\"caption-attachment-208132\" style=\"width: 1000px\" class=\"wp-caption aligncenter\"><img decoding=\"async\" class=\"size-full wp-image-208132\" title=\"MOC-71683 Scout Trooper Speeder Bike Star Wars by BearLB MOC FACTORY\" src=\"https:\/\/pay.lpwstore.com\/wp-content\/uploads\/2021\/06\/moc-71683-scout-trooper-speeder-bike-star-wars-by-beardlb-moc-factory-220116.jpg\" alt=\"MOC-71683 Scout Trooper Speeder Bike Star Wars by beardLB MOC FACTORY\" width=\"1000\" height=\"1000\" \/><figcaption id=\"caption-attachment-208132\" class=\"wp-caption-text\">MOC-71683 Scout Trooper Speeder Bike Star Wars by BearLB MOC FACTORY<\/figcaption><\/figure>\n<figure id=\"attachment_208133\" aria-describedby=\"caption-attachment-208133\" style=\"width: 1000px\" class=\"wp-caption aligncenter\"><img loading=\"lazy\" decoding=\"async\" class=\"size-full wp-image-208133\" title=\"MOC-71683 Scout Trooper Speeder Bike Star Wars by BearLB MOC FACTORY\" src=\"https:\/\/pay.lpwstore.com\/wp-content\/uploads\/2021\/06\/moc-71683-scout-trooper-speeder-bike-star-wars-by-beardlb-moc-factory-220119.jpg\" alt=\"MOC-71683 Scout Trooper Speeder Bike Star Wars by beardLB MOC FACTORY\" width=\"1000\" height=\"1000\" \/><figcaption id=\"caption-attachment-208133\" class=\"wp-caption-text\">MOC-71683 Scout Trooper Speeder Bike Star Wars by BearLB MOC FACTORY<\/figcaption><\/figure>","protected":false},"excerpt":{"rendered":"<ul>\n<li>Bao g\u1ed3m<strong> 85+<\/strong>\u00a0chi\u1ebfc<\/li>\n<li>H\u01b0\u1edbng d\u1eabn PDF tr\u1ef1c tuy\u1ebfn<\/li>\n<li>Kh\u1ed1i ABS ch\u1ea5t l\u01b0\u1ee3ng cao<\/li>\n<li>K\u00edch th\u01b0\u1edbc: 11 x 4 x 4 cm<\/li>\n<\/ul>","protected":false},"featured_media":24696,"comment_status":"open","ping_status":"closed","template":"","meta":{"_acf_changed":false},"product_cat":[415],"product_tag":[],"class_list":["product","first","instock","shipping-taxable","purchasable","product-type-simple"],"acf":[],"_links":{"self":[{"href":"https:\/\/mouldking.store\/vi\/wp-json\/wp\/v2\/product\/24700","targetHints":{"allow":["GET"]}}],"collection":[{"href":"https:\/\/mouldking.store\/vi\/wp-json\/wp\/v2\/product"}],"about":[{"href":"https:\/\/mouldking.store\/vi\/wp-json\/wp\/v2\/types\/product"}],"replies":[{"embeddable":true,"href":"https:\/\/mouldking.store\/vi\/wp-json\/wp\/v2\/comments?post=24700"}],"wp:featuredmedia":[{"embeddable":true,"href":"https:\/\/mouldking.store\/vi\/wp-json\/wp\/v2\/media\/24696"}],"wp:attachment":[{"href":"https:\/\/mouldking.store\/vi\/wp-json\/wp\/v2\/media?parent=24700"}],"wp:term":[{"taxonomy":"product_cat","embeddable":true,"href":"https:\/\/mouldking.store\/vi\/wp-json\/wp\/v2\/product_cat?post=24700"},{"taxonomy":"product_tag","embeddable":true,"href":"https:\/\/mouldking.store\/vi\/wp-json\/wp\/v2\/product_tag?post=24700"}],"curies":[{"name":"wp","href":"https:\/\/api.w.org\/{rel}","templated":true}]}}