{"id":24712,"date":"2021-10-10T05:17:40","date_gmt":"2021-10-09T22:17:40","guid":{"rendered":"https:\/\/mouldking.store\/shop\/moc-68316-speeder-bike-mandalorian-star-wars-by-headsbrick-moc-factory\/"},"modified":"2025-12-25T09:17:20","modified_gmt":"2025-12-25T02:17:20","slug":"moc-68316-speeder-bike-mandalorian-star-wars-by-headsbrick-moc-factory","status":"publish","type":"product","link":"https:\/\/mouldking.store\/vi\/shop\/moc-68316-speeder-bike-mandalorian-star-wars-by-headsbrick-moc-factory\/","title":{"rendered":"MOC-68316 Xe \u0111\u1ea1p t\u1ed1c \u0111\u1ed9 Mandalorian Star Wars c\u1ee7a Headsbrick MOC FACTORY"},"content":{"rendered":"<p>MOC-68316 Xe \u0111\u1ea1p t\u1ed1c \u0111\u1ed9 Mandalorian Star Wars c\u1ee7a Headsbrick MOC FACTORY l\u00e0 m\u1ed9t b\u1ed1i c\u1ea3nh trong b\u1ed9 s\u01b0u t\u1eadp Chi\u1ebfn tranh gi\u1eefa c\u00e1c v\u00ec sao, \u0111\u01b0\u1ee3c thi\u1ebft k\u1ebf b\u1edfi Headsbrick. MOC 68316 n\u00e0y \u0111i k\u00e8m v\u1edbi h\u01b0\u1edbng d\u1eabn PDF gi\u00fap d\u1ec5 d\u00e0ng t\u1ea1o v\u00e0 t\u00ecm c\u00e1c ph\u1ea7n c\u00f2n thi\u1ebfu. B\u1ed9 g\u1ed3m 77 mi\u1ebfng, ph\u00e1t h\u00e0nh l\u1ea7n \u0111\u1ea7u v\u00e0o n\u0103m 2021.<\/p>\n<figure id=\"attachment_208148\" aria-describedby=\"caption-attachment-208148\" style=\"width: 800px\" class=\"wp-caption aligncenter\"><a href=\"https:\/\/pay.lpwstore.com\/wp-content\/uploads\/2021\/06\/MOC-68316-Speeder-Bike-Mandalorian-Star-Wars-by-Headsbrick-MOC-FACTORY.jpg\" target=\"_blank\" rel=\"noopener\"><img fetchpriority=\"high\" decoding=\"async\" class=\"wp-image-208148 size-full\" title=\"MOC-68316 Xe \u0111\u1ea1p t\u1ed1c \u0111\u1ed9 Mandalorian Star Wars c\u1ee7a Headsbrick MOC FACTORY\" src=\"https:\/\/pay.lpwstore.com\/wp-content\/uploads\/2021\/06\/MOC-68316-Speeder-Bike-Mandalorian-Star-Wars-by-Headsbrick-MOC-FACTORY.jpg\" alt=\"MOC-68316 Speeder Bike Mandalorian Star Wars by Headsbrick MOC FACTORY\" width=\"800\" height=\"800\" \/><\/a><figcaption id=\"caption-attachment-208148\" class=\"wp-caption-text\">MOC-68316 Xe \u0111\u1ea1p t\u1ed1c \u0111\u1ed9 Mandalorian Star Wars c\u1ee7a Headsbrick MOC FACTORY<\/figcaption><\/figure>\n<figure id=\"attachment_208147\" aria-describedby=\"caption-attachment-208147\" style=\"width: 1000px\" class=\"wp-caption aligncenter\"><img decoding=\"async\" class=\"size-full wp-image-208147\" title=\"MOC-68316 Xe \u0111\u1ea1p t\u1ed1c \u0111\u1ed9 Mandalorian Star Wars c\u1ee7a Headsbrick MOC FACTORY\" src=\"https:\/\/pay.lpwstore.com\/wp-content\/uploads\/2021\/06\/moc-68316-speeder-bike-mandalorian-star-wars-by-headsbrick-moc-factory-224110.jpg\" alt=\"MOC-68316 Speeder Bike Mandalorian Star Wars by Headsbrick MOC FACTORY\" width=\"1000\" height=\"1000\" \/><figcaption id=\"caption-attachment-208147\" class=\"wp-caption-text\">MOC-68316 Xe \u0111\u1ea1p t\u1ed1c \u0111\u1ed9 Mandalorian Star Wars c\u1ee7a Headsbrick MOC FACTORY<\/figcaption><\/figure>","protected":false},"excerpt":{"rendered":"<ul>\n<li>Bao g\u1ed3m<strong> 77+<\/strong>\u00a0chi\u1ebfc<\/li>\n<li>H\u01b0\u1edbng d\u1eabn PDF tr\u1ef1c tuy\u1ebfn<\/li>\n<li>Kh\u1ed1i ABS ch\u1ea5t l\u01b0\u1ee3ng cao<\/li>\n<li>K\u00edch th\u01b0\u1edbc: 13 x 6 x 7 cm<\/li>\n<\/ul>","protected":false},"featured_media":24710,"comment_status":"open","ping_status":"closed","template":"","meta":{"_acf_changed":false},"product_cat":[415],"product_tag":[],"class_list":["product","first","instock","shipping-taxable","purchasable","product-type-simple"],"acf":[],"_links":{"self":[{"href":"https:\/\/mouldking.store\/vi\/wp-json\/wp\/v2\/product\/24712","targetHints":{"allow":["GET"]}}],"collection":[{"href":"https:\/\/mouldking.store\/vi\/wp-json\/wp\/v2\/product"}],"about":[{"href":"https:\/\/mouldking.store\/vi\/wp-json\/wp\/v2\/types\/product"}],"replies":[{"embeddable":true,"href":"https:\/\/mouldking.store\/vi\/wp-json\/wp\/v2\/comments?post=24712"}],"wp:featuredmedia":[{"embeddable":true,"href":"https:\/\/mouldking.store\/vi\/wp-json\/wp\/v2\/media\/24710"}],"wp:attachment":[{"href":"https:\/\/mouldking.store\/vi\/wp-json\/wp\/v2\/media?parent=24712"}],"wp:term":[{"taxonomy":"product_cat","embeddable":true,"href":"https:\/\/mouldking.store\/vi\/wp-json\/wp\/v2\/product_cat?post=24712"},{"taxonomy":"product_tag","embeddable":true,"href":"https:\/\/mouldking.store\/vi\/wp-json\/wp\/v2\/product_tag?post=24712"}],"curies":[{"name":"wp","href":"https:\/\/api.w.org\/{rel}","templated":true}]}}