{"id":24782,"date":"2021-10-10T05:18:12","date_gmt":"2021-10-10T05:18:12","guid":{"rendered":"https:\/\/mouldking.store\/shop\/moc-90176-back-to-the-future-train-scene-movie-moc-factory\/"},"modified":"2025-12-25T09:17:19","modified_gmt":"2025-12-25T02:17:19","slug":"moc-90176-back-to-the-future-train-scene-movie-moc-factory","status":"publish","type":"product","link":"https:\/\/mouldking.store\/vi\/shop\/moc-90176-back-to-the-future-train-scene-movie-moc-factory\/","title":{"rendered":"MOC-90176 Quay l\u1ea1i t\u01b0\u01a1ng lai C\u1ea3nh xe l\u1eeda Phim MOC FACTORY"},"content":{"rendered":"<p>MOC-90176 Back to the future Train scene Phim MOC FACTORY l\u00e0 m\u1ed9t b\u1ed9 trong b\u1ed9 s\u01b0u t\u1eadp Phim. MOC 90176 n\u00e0y \u0111i k\u00e8m v\u1edbi h\u01b0\u1edbng d\u1eabn PDF gi\u00fap d\u1ec5 d\u00e0ng t\u1ea1o v\u00e0 t\u00ecm c\u00e1c ph\u1ea7n c\u00f2n thi\u1ebfu. B\u1ed9 n\u00e0y g\u1ed3m 1015 mi\u1ebfng, ph\u00e1t h\u00e0nh l\u1ea7n \u0111\u1ea7u v\u00e0o n\u0103m 2021.<\/p>\n<figure id=\"attachment_208359\" aria-describedby=\"caption-attachment-208359\" style=\"width: 800px\" class=\"wp-caption aligncenter\"><a href=\"https:\/\/pay.lpwstore.com\/wp-content\/uploads\/2021\/06\/MOC-90176-Back-to-the-future-Train-scene-Movie-MOC-FACTORY.jpg\" target=\"_blank\" rel=\"noopener\"><img fetchpriority=\"high\" decoding=\"async\" class=\"wp-image-208359 size-full\" title=\"MOC-90176 Quay l\u1ea1i t\u01b0\u01a1ng lai C\u1ea3nh xe l\u1eeda Phim MOC FACTORY\" src=\"https:\/\/pay.lpwstore.com\/wp-content\/uploads\/2021\/06\/MOC-90176-Back-to-the-future-Train-scene-Movie-MOC-FACTORY.jpg\" alt=\"MOC-90176 Back to the future Train scene Movie MOC FACTORY\" width=\"800\" height=\"800\" \/><\/a><figcaption id=\"caption-attachment-208359\" class=\"wp-caption-text\">MOC-90176 Quay l\u1ea1i t\u01b0\u01a1ng lai C\u1ea3nh xe l\u1eeda Phim MOC FACTORY<\/figcaption><\/figure>\n<figure id=\"attachment_208355\" aria-describedby=\"caption-attachment-208355\" style=\"width: 1000px\" class=\"wp-caption aligncenter\"><img decoding=\"async\" class=\"size-full wp-image-208355\" title=\"MOC-90176 Quay l\u1ea1i t\u01b0\u01a1ng lai C\u1ea3nh xe l\u1eeda Phim MOC FACTORY\" src=\"https:\/\/pay.lpwstore.com\/wp-content\/uploads\/2021\/06\/moc-90176-back-to-the-future-train-scene-movie-moc-factory-095250.jpg\" alt=\"MOC-90176 Back to the future Train scene Movie MOC FACTORY\" width=\"1000\" height=\"1000\" \/><figcaption id=\"caption-attachment-208355\" class=\"wp-caption-text\">MOC-90176 Quay l\u1ea1i t\u01b0\u01a1ng lai C\u1ea3nh xe l\u1eeda Phim MOC FACTORY<\/figcaption><\/figure>\n<figure id=\"attachment_208356\" aria-describedby=\"caption-attachment-208356\" style=\"width: 1000px\" class=\"wp-caption aligncenter\"><img decoding=\"async\" class=\"size-full wp-image-208356\" title=\"MOC-90176 Quay l\u1ea1i t\u01b0\u01a1ng lai C\u1ea3nh xe l\u1eeda Phim MOC FACTORY\" src=\"https:\/\/pay.lpwstore.com\/wp-content\/uploads\/2021\/06\/moc-90176-back-to-the-future-train-scene-movie-moc-factory-095255.jpg\" alt=\"MOC-90176 Back to the future Train scene Movie MOC FACTORY\" width=\"1000\" height=\"1000\" \/><figcaption id=\"caption-attachment-208356\" class=\"wp-caption-text\">MOC-90176 Quay l\u1ea1i t\u01b0\u01a1ng lai C\u1ea3nh xe l\u1eeda Phim MOC FACTORY<\/figcaption><\/figure>\n<figure id=\"attachment_208357\" aria-describedby=\"caption-attachment-208357\" style=\"width: 1000px\" class=\"wp-caption aligncenter\"><img loading=\"lazy\" decoding=\"async\" class=\"size-full wp-image-208357\" title=\"MOC-90176 Quay l\u1ea1i t\u01b0\u01a1ng lai C\u1ea3nh xe l\u1eeda Phim MOC FACTORY\" src=\"https:\/\/pay.lpwstore.com\/wp-content\/uploads\/2021\/06\/moc-90176-back-to-the-future-train-scene-movie-moc-factory-095258.jpg\" alt=\"MOC-90176 Back to the future Train scene Movie MOC FACTORY\" width=\"1000\" height=\"1000\" \/><figcaption id=\"caption-attachment-208357\" class=\"wp-caption-text\">MOC-90176 Quay l\u1ea1i t\u01b0\u01a1ng lai C\u1ea3nh xe l\u1eeda Phim MOC FACTORY<\/figcaption><\/figure>\n<figure id=\"attachment_208358\" aria-describedby=\"caption-attachment-208358\" style=\"width: 1000px\" class=\"wp-caption aligncenter\"><img loading=\"lazy\" decoding=\"async\" class=\"size-full wp-image-208358\" title=\"MOC-90176 Quay l\u1ea1i t\u01b0\u01a1ng lai C\u1ea3nh xe l\u1eeda Phim MOC FACTORY\" src=\"https:\/\/pay.lpwstore.com\/wp-content\/uploads\/2021\/06\/moc-90176-back-to-the-future-train-scene-movie-moc-factory-095301.jpg\" alt=\"MOC-90176 Back to the future Train scene Movie MOC FACTORY\" width=\"1000\" height=\"1000\" \/><figcaption id=\"caption-attachment-208358\" class=\"wp-caption-text\">MOC-90176 Quay l\u1ea1i t\u01b0\u01a1ng lai C\u1ea3nh xe l\u1eeda Phim MOC FACTORY<\/figcaption><\/figure>","protected":false},"excerpt":{"rendered":"<ul>\n<li>Bao g\u1ed3m <strong>1015+<\/strong> chi\u1ebfc<\/li>\n<li>H\u01b0\u1edbng d\u1eabn PDF tr\u1ef1c tuy\u1ebfn<\/li>\n<li>Kh\u1ed1i ABS ch\u1ea5t l\u01b0\u1ee3ng cao<\/li>\n<\/ul>","protected":false},"featured_media":24777,"comment_status":"open","ping_status":"closed","template":"","meta":{"_acf_changed":false},"product_cat":[581],"product_tag":[],"class_list":["product","first","instock","shipping-taxable","purchasable","product-type-simple"],"acf":[],"_links":{"self":[{"href":"https:\/\/mouldking.store\/vi\/wp-json\/wp\/v2\/product\/24782","targetHints":{"allow":["GET"]}}],"collection":[{"href":"https:\/\/mouldking.store\/vi\/wp-json\/wp\/v2\/product"}],"about":[{"href":"https:\/\/mouldking.store\/vi\/wp-json\/wp\/v2\/types\/product"}],"replies":[{"embeddable":true,"href":"https:\/\/mouldking.store\/vi\/wp-json\/wp\/v2\/comments?post=24782"}],"wp:featuredmedia":[{"embeddable":true,"href":"https:\/\/mouldking.store\/vi\/wp-json\/wp\/v2\/media\/24777"}],"wp:attachment":[{"href":"https:\/\/mouldking.store\/vi\/wp-json\/wp\/v2\/media?parent=24782"}],"wp:term":[{"taxonomy":"product_cat","embeddable":true,"href":"https:\/\/mouldking.store\/vi\/wp-json\/wp\/v2\/product_cat?post=24782"},{"taxonomy":"product_tag","embeddable":true,"href":"https:\/\/mouldking.store\/vi\/wp-json\/wp\/v2\/product_tag?post=24782"}],"curies":[{"name":"wp","href":"https:\/\/api.w.org\/{rel}","templated":true}]}}