{"id":24791,"date":"2021-10-10T05:18:40","date_gmt":"2021-10-10T05:18:40","guid":{"rendered":"https:\/\/mouldking.store\/shop\/moc-29592-imperial-occupier-assault-tank-star-wars-by-another_brick_in_the_moc-moc-factory\/"},"modified":"2025-12-25T09:17:19","modified_gmt":"2025-12-25T02:17:19","slug":"moc-29592-imperial-occupier-assault-tank-star-wars-by-another_brick_in_the_moc-moc-factory","status":"publish","type":"product","link":"https:\/\/mouldking.store\/vi\/shop\/moc-29592-imperial-occupier-assault-tank-star-wars-by-another_brick_in_the_moc-moc-factory\/","title":{"rendered":"MOC-29592 Xe t\u0103ng t\u1ea5n c\u00f4ng \u201cNg\u01b0\u1eddi chi\u1ebfm \u0111\u00f3ng\u201d \u0110\u1ebf qu\u1ed1c Star Wars c\u1ee7a Another_Brick_In_The_Moc MOC FACTORY"},"content":{"rendered":"<p>MOC-29592 Xe t\u0103ng t\u1ea5n c\u00f4ng Imperial \u201cOccupier\u201d Star Wars c\u1ee7a Another_Brick_In_The_Moc MOC FACTORY l\u00e0 m\u1ed9t b\u1ed1i c\u1ea3nh trong b\u1ed9 s\u01b0u t\u1eadp Chi\u1ebfn tranh gi\u1eefa c\u00e1c v\u00ec sao, \u0111\u01b0\u1ee3c thi\u1ebft k\u1ebf b\u1edfi Another_Brick_In_The_Moc . MOC 29592 n\u00e0y \u0111i k\u00e8m v\u1edbi h\u01b0\u1edbng d\u1eabn PDF gi\u00fap d\u1ec5 d\u00e0ng t\u1ea1o v\u00e0 t\u00ecm c\u00e1c ph\u1ea7n c\u00f2n thi\u1ebfu. B\u1ed9 g\u1ed3m 675 mi\u1ebfng, ph\u00e1t h\u00e0nh l\u1ea7n \u0111\u1ea7u v\u00e0o n\u0103m 2021.<\/p>\n<figure id=\"attachment_208368\" aria-describedby=\"caption-attachment-208368\" style=\"width: 800px\" class=\"wp-caption aligncenter\"><a href=\"https:\/\/pay.lpwstore.com\/wp-content\/uploads\/2021\/06\/MOC-29592-Imperial-Occupier-Assault-Tank-Star-Wars-by-Another_Brick_In_The_Moc-MOC-FACTORY.jpg\" target=\"_blank\" rel=\"noopener\"><img fetchpriority=\"high\" decoding=\"async\" class=\"wp-image-208368 size-full\" title=\"MOC-29592 Xe t\u0103ng t\u1ea5n c\u00f4ng &quot;Occupier&quot; Imperial Star Wars c\u1ee7a Another_Brick_In_The_Moc MOC FACTORY\" src=\"https:\/\/pay.lpwstore.com\/wp-content\/uploads\/2021\/06\/MOC-29592-Imperial-Occupier-Assault-Tank-Star-Wars-by-Another_Brick_In_The_Moc-MOC-FACTORY.jpg\" alt=\"MOC-29592 Imperial &quot;Occupier&quot; Assault Tank Star Wars by Another_Brick_In_The_Moc MOC FACTORY\" width=\"800\" height=\"800\" \/><\/a><figcaption id=\"caption-attachment-208368\" class=\"wp-caption-text\">MOC-29592 Xe t\u0103ng t\u1ea5n c\u00f4ng \u201cNg\u01b0\u1eddi chi\u1ebfm \u0111\u00f3ng\u201d \u0110\u1ebf qu\u1ed1c Star Wars c\u1ee7a Another_Brick_In_The_Moc MOC FACTORY<\/figcaption><\/figure>\n<figure id=\"attachment_208364\" aria-describedby=\"caption-attachment-208364\" style=\"width: 1000px\" class=\"wp-caption aligncenter\"><img decoding=\"async\" class=\"size-full wp-image-208364\" title=\"MOC-29592 Ho\u00e0ng gia \" src=\"https:\/\/pay.lpwstore.com\/wp-content\/uploads\/2021\/06\/moc-29592-imperial-occupier-assault-tank-star-wars-by-another_brick_in_the_moc-moc-factory-102429.jpg\" alt=\"MOC-29592 Imperial \" width=\"1000\" height=\"1000\" \/><figcaption id=\"caption-attachment-208364\" class=\"wp-caption-text\">MOC-29592 Xe t\u0103ng t\u1ea5n c\u00f4ng \u201cNg\u01b0\u1eddi chi\u1ebfm \u0111\u00f3ng\u201d \u0110\u1ebf qu\u1ed1c Star Wars c\u1ee7a Another_Brick_In_The_Moc MOC FACTORY<\/figcaption><\/figure>\n<figure id=\"attachment_208365\" aria-describedby=\"caption-attachment-208365\" style=\"width: 1000px\" class=\"wp-caption aligncenter\"><img decoding=\"async\" class=\"size-full wp-image-208365\" title=\"MOC-29592 Ho\u00e0ng gia \" src=\"https:\/\/pay.lpwstore.com\/wp-content\/uploads\/2021\/06\/moc-29592-imperial-occupier-assault-tank-star-wars-by-another_brick_in_the_moc-moc-factory-102433.jpg\" alt=\"MOC-29592 Imperial \" width=\"1000\" height=\"1000\" \/><figcaption id=\"caption-attachment-208365\" class=\"wp-caption-text\">MOC-29592 Xe t\u0103ng t\u1ea5n c\u00f4ng \u201cNg\u01b0\u1eddi chi\u1ebfm \u0111\u00f3ng\u201d \u0110\u1ebf qu\u1ed1c Star Wars c\u1ee7a Another_Brick_In_The_Moc MOC FACTORY<\/figcaption><\/figure>\n<figure id=\"attachment_208366\" aria-describedby=\"caption-attachment-208366\" style=\"width: 1000px\" class=\"wp-caption aligncenter\"><img loading=\"lazy\" decoding=\"async\" class=\"size-full wp-image-208366\" title=\"MOC-29592 Ho\u00e0ng gia \" src=\"https:\/\/pay.lpwstore.com\/wp-content\/uploads\/2021\/06\/moc-29592-imperial-occupier-assault-tank-star-wars-by-another_brick_in_the_moc-moc-factory-102436.jpg\" alt=\"MOC-29592 Imperial \" width=\"1000\" height=\"1000\" \/><figcaption id=\"caption-attachment-208366\" class=\"wp-caption-text\">MOC-29592 Xe t\u0103ng t\u1ea5n c\u00f4ng \u201cNg\u01b0\u1eddi chi\u1ebfm \u0111\u00f3ng\u201d \u0110\u1ebf qu\u1ed1c Star Wars c\u1ee7a Another_Brick_In_The_Moc MOC FACTORY<\/figcaption><\/figure>\n<figure id=\"attachment_208367\" aria-describedby=\"caption-attachment-208367\" style=\"width: 1000px\" class=\"wp-caption aligncenter\"><img loading=\"lazy\" decoding=\"async\" class=\"size-full wp-image-208367\" title=\"MOC-29592 Ho\u00e0ng gia \" src=\"https:\/\/pay.lpwstore.com\/wp-content\/uploads\/2021\/06\/moc-29592-imperial-occupier-assault-tank-star-wars-by-another_brick_in_the_moc-moc-factory-102441.jpg\" alt=\"MOC-29592 Imperial \" width=\"1000\" height=\"1000\" \/><figcaption id=\"caption-attachment-208367\" class=\"wp-caption-text\">MOC-29592 Xe t\u0103ng t\u1ea5n c\u00f4ng \u201cNg\u01b0\u1eddi chi\u1ebfm \u0111\u00f3ng\u201d \u0110\u1ebf qu\u1ed1c Star Wars c\u1ee7a Another_Brick_In_The_Moc MOC FACTORY<\/figcaption><\/figure>","protected":false},"excerpt":{"rendered":"<ul>\n<li>Bao g\u1ed3m\u00a0<strong>675+<\/strong>\u00a0chi\u1ebfc<\/li>\n<li>H\u01b0\u1edbng d\u1eabn PDF tr\u1ef1c tuy\u1ebfn<\/li>\n<li>Kh\u1ed1i ABS ch\u1ea5t l\u01b0\u1ee3ng cao<\/li>\n<li>K\u00edch th\u01b0\u1edbc: 28 x 14 x 5 cm<\/li>\n<\/ul>","protected":false},"featured_media":24786,"comment_status":"open","ping_status":"closed","template":"","meta":{"_acf_changed":false},"product_cat":[415],"product_tag":[],"class_list":["product","first","instock","shipping-taxable","purchasable","product-type-simple"],"acf":[],"_links":{"self":[{"href":"https:\/\/mouldking.store\/vi\/wp-json\/wp\/v2\/product\/24791","targetHints":{"allow":["GET"]}}],"collection":[{"href":"https:\/\/mouldking.store\/vi\/wp-json\/wp\/v2\/product"}],"about":[{"href":"https:\/\/mouldking.store\/vi\/wp-json\/wp\/v2\/types\/product"}],"replies":[{"embeddable":true,"href":"https:\/\/mouldking.store\/vi\/wp-json\/wp\/v2\/comments?post=24791"}],"wp:featuredmedia":[{"embeddable":true,"href":"https:\/\/mouldking.store\/vi\/wp-json\/wp\/v2\/media\/24786"}],"wp:attachment":[{"href":"https:\/\/mouldking.store\/vi\/wp-json\/wp\/v2\/media?parent=24791"}],"wp:term":[{"taxonomy":"product_cat","embeddable":true,"href":"https:\/\/mouldking.store\/vi\/wp-json\/wp\/v2\/product_cat?post=24791"},{"taxonomy":"product_tag","embeddable":true,"href":"https:\/\/mouldking.store\/vi\/wp-json\/wp\/v2\/product_tag?post=24791"}],"curies":[{"name":"wp","href":"https:\/\/api.w.org\/{rel}","templated":true}]}}