{"id":24806,"date":"2021-10-10T05:19:10","date_gmt":"2021-10-10T05:19:10","guid":{"rendered":"https:\/\/mouldking.store\/shop\/moc-61894-t-47-snowspeeder-star-wars-by-scruffybrickherder-moc-factory\/"},"modified":"2025-12-25T09:17:19","modified_gmt":"2025-12-25T02:17:19","slug":"moc-61894-t-47-snowspeeder-star-wars-by-scruffybrickherder-moc-factory","status":"publish","type":"product","link":"https:\/\/mouldking.store\/vi\/shop\/moc-61894-t-47-snowspeeder-star-wars-by-scruffybrickherder-moc-factory\/","title":{"rendered":"MOC-61894 T-47 Snowspeeder Star Wars c\u1ee7a scruffybrickherder MOC FACTORY"},"content":{"rendered":"<p>MOC-61894 T-47 Snowspeeder Chi\u1ebfn tranh gi\u1eefa c\u00e1c v\u00ec sao c\u1ee7a scruffybrickherder MOC FACTORY l\u00e0 m\u1ed9t b\u1ed1i c\u1ea3nh trong b\u1ed9 s\u01b0u t\u1eadp Chi\u1ebfn tranh gi\u1eefa c\u00e1c v\u00ec sao, \u0111\u01b0\u1ee3c thi\u1ebft k\u1ebf b\u1edfi scruffybrickherder. MOC 61894 n\u00e0y \u0111i k\u00e8m v\u1edbi h\u01b0\u1edbng d\u1eabn PDF gi\u00fap d\u1ec5 d\u00e0ng t\u1ea1o v\u00e0 t\u00ecm c\u00e1c ph\u1ea7n c\u00f2n thi\u1ebfu. B\u1ed9 g\u1ed3m 271 mi\u1ebfng, ph\u00e1t h\u00e0nh l\u1ea7n \u0111\u1ea7u v\u00e0o n\u0103m 2021.<\/p>\n<figure id=\"attachment_208383\" aria-describedby=\"caption-attachment-208383\" style=\"width: 800px\" class=\"wp-caption aligncenter\"><a href=\"https:\/\/pay.lpwstore.com\/wp-content\/uploads\/2021\/06\/MOC-61894-T-47-Snowspeeder-Star-Wars-by-scruffybrickherder-MOC-FACTORY.jpg\" target=\"_blank\" rel=\"noopener\"><img fetchpriority=\"high\" decoding=\"async\" class=\"wp-image-208383 size-full\" title=\"MOC-61894 T-47 Snowspeeder Star Wars c\u1ee7a scruffybrickherder MOC FACTORY\" src=\"https:\/\/pay.lpwstore.com\/wp-content\/uploads\/2021\/06\/MOC-61894-T-47-Snowspeeder-Star-Wars-by-scruffybrickherder-MOC-FACTORY.jpg\" alt=\"MOC-61894 T-47 Snowspeeder Star Wars by scruffybrickherder MOC FACTORY\" width=\"800\" height=\"800\" \/><\/a><figcaption id=\"caption-attachment-208383\" class=\"wp-caption-text\">MOC-61894 T-47 Snowspeeder Star Wars c\u1ee7a scruffybrickherder MOC FACTORY<\/figcaption><\/figure>","protected":false},"excerpt":{"rendered":"<ul>\n<li>Bao g\u1ed3m\u00a0<strong>271+<\/strong>\u00a0chi\u1ebfc<\/li>\n<li>H\u01b0\u1edbng d\u1eabn PDF tr\u1ef1c tuy\u1ebfn<\/li>\n<li>Kh\u1ed1i ABS ch\u1ea5t l\u01b0\u1ee3ng cao<\/li>\n<li>K\u00edch th\u01b0\u1edbc: 17 x 13 x 5 cm<\/li>\n<\/ul>","protected":false},"featured_media":24805,"comment_status":"open","ping_status":"closed","template":"","meta":{"_acf_changed":false},"product_cat":[415],"product_tag":[],"class_list":["product","first","instock","shipping-taxable","purchasable","product-type-simple"],"acf":[],"_links":{"self":[{"href":"https:\/\/mouldking.store\/vi\/wp-json\/wp\/v2\/product\/24806","targetHints":{"allow":["GET"]}}],"collection":[{"href":"https:\/\/mouldking.store\/vi\/wp-json\/wp\/v2\/product"}],"about":[{"href":"https:\/\/mouldking.store\/vi\/wp-json\/wp\/v2\/types\/product"}],"replies":[{"embeddable":true,"href":"https:\/\/mouldking.store\/vi\/wp-json\/wp\/v2\/comments?post=24806"}],"wp:featuredmedia":[{"embeddable":true,"href":"https:\/\/mouldking.store\/vi\/wp-json\/wp\/v2\/media\/24805"}],"wp:attachment":[{"href":"https:\/\/mouldking.store\/vi\/wp-json\/wp\/v2\/media?parent=24806"}],"wp:term":[{"taxonomy":"product_cat","embeddable":true,"href":"https:\/\/mouldking.store\/vi\/wp-json\/wp\/v2\/product_cat?post=24806"},{"taxonomy":"product_tag","embeddable":true,"href":"https:\/\/mouldking.store\/vi\/wp-json\/wp\/v2\/product_tag?post=24806"}],"curies":[{"name":"wp","href":"https:\/\/api.w.org\/{rel}","templated":true}]}}