{"id":24849,"date":"2021-10-10T05:20:46","date_gmt":"2021-10-10T05:20:46","guid":{"rendered":"https:\/\/mouldking.store\/shop\/moc-35284-engel-01-mk-ii-creator-by-ericnowack-moc-factory\/"},"modified":"2025-12-25T09:17:17","modified_gmt":"2025-12-25T02:17:17","slug":"moc-35284-engel-01-mk-ii-creator-by-ericnowack-moc-factory","status":"publish","type":"product","link":"https:\/\/mouldking.store\/vi\/shop\/moc-35284-engel-01-mk-ii-creator-by-ericnowack-moc-factory\/","title":{"rendered":"MOC-35284 ENGEL-01 MK-II Creator c\u1ee7a EricNowack MOC FACTORY"},"content":{"rendered":"<p>MOC-35284 ENGEL-01 MK-II Creator c\u1ee7a EricNowack MOC FACTORY l\u00e0 m\u1ed9t b\u1ed9 trong b\u1ed9 s\u01b0u t\u1eadp Creator, \u0111\u01b0\u1ee3c thi\u1ebft k\u1ebf b\u1edfi EricNowack. MOC 35284 n\u00e0y \u0111i k\u00e8m v\u1edbi h\u01b0\u1edbng d\u1eabn PDF gi\u00fap d\u1ec5 d\u00e0ng t\u1ea1o v\u00e0 t\u00ecm c\u00e1c ph\u1ea7n c\u00f2n thi\u1ebfu. B\u1ed9 g\u1ed3m 373 mi\u1ebfng, ph\u00e1t h\u00e0nh l\u1ea7n \u0111\u1ea7u v\u00e0o n\u0103m 2021.<\/p>\n<figure id=\"attachment_209063\" aria-describedby=\"caption-attachment-209063\" style=\"width: 800px\" class=\"wp-caption aligncenter\"><a href=\"https:\/\/pay.lpwstore.com\/wp-content\/uploads\/2021\/06\/MOC-35284-ENGEL-01-MK-II-Creator-by-EricNowack-MOC-FACTORY.jpg\" target=\"_blank\" rel=\"noopener\"><img fetchpriority=\"high\" decoding=\"async\" class=\"wp-image-209063 size-full\" title=\"MOC-35284 ENGEL-01 MK-II Creator c\u1ee7a EricNowack MOC FACTORY\" src=\"https:\/\/pay.lpwstore.com\/wp-content\/uploads\/2021\/06\/MOC-35284-ENGEL-01-MK-II-Creator-by-EricNowack-MOC-FACTORY.jpg\" alt=\"MOC-35284 ENGEL-01 MK-II Creator by EricNowack MOC FACTORY\" width=\"800\" height=\"800\" \/><\/a><figcaption id=\"caption-attachment-209063\" class=\"wp-caption-text\">MOC-35284 ENGEL-01 MK-II Creator c\u1ee7a EricNowack MOC FACTORY<\/figcaption><\/figure>\n<figure id=\"attachment_209062\" aria-describedby=\"caption-attachment-209062\" style=\"width: 1000px\" class=\"wp-caption aligncenter\"><img decoding=\"async\" class=\"size-full wp-image-209062\" title=\"MOC-35284 ENGEL-01 MK-II Creator c\u1ee7a EricNowack MOC FACTORY\" src=\"https:\/\/pay.lpwstore.com\/wp-content\/uploads\/2021\/06\/moc-35284-engel-01-mk-ii-creator-by-ericnowack-moc-factory-220126.jpg\" alt=\"MOC-35284 ENGEL-01 MK-II Creator by EricNowack MOC FACTORY\" width=\"1000\" height=\"1000\" \/><figcaption id=\"caption-attachment-209062\" class=\"wp-caption-text\">MOC-35284 ENGEL-01 MK-II Creator c\u1ee7a EricNowack MOC FACTORY<\/figcaption><\/figure>","protected":false},"excerpt":{"rendered":"<ul>\n<li>Bao g\u1ed3m\u00a0<strong>373+<\/strong>\u00a0chi\u1ebfc<\/li>\n<li>H\u01b0\u1edbng d\u1eabn PDF tr\u1ef1c tuy\u1ebfn<\/li>\n<li>Kh\u1ed1i ABS ch\u1ea5t l\u01b0\u1ee3ng cao<\/li>\n<li>K\u00edch th\u01b0\u1edbc: 10 x 10 x 22 cm<\/li>\n<\/ul>","protected":false},"featured_media":24847,"comment_status":"open","ping_status":"closed","template":"","meta":{"_acf_changed":false},"product_cat":[371],"product_tag":[],"class_list":["product","first","instock","shipping-taxable","purchasable","product-type-simple"],"acf":[],"_links":{"self":[{"href":"https:\/\/mouldking.store\/vi\/wp-json\/wp\/v2\/product\/24849","targetHints":{"allow":["GET"]}}],"collection":[{"href":"https:\/\/mouldking.store\/vi\/wp-json\/wp\/v2\/product"}],"about":[{"href":"https:\/\/mouldking.store\/vi\/wp-json\/wp\/v2\/types\/product"}],"replies":[{"embeddable":true,"href":"https:\/\/mouldking.store\/vi\/wp-json\/wp\/v2\/comments?post=24849"}],"wp:featuredmedia":[{"embeddable":true,"href":"https:\/\/mouldking.store\/vi\/wp-json\/wp\/v2\/media\/24847"}],"wp:attachment":[{"href":"https:\/\/mouldking.store\/vi\/wp-json\/wp\/v2\/media?parent=24849"}],"wp:term":[{"taxonomy":"product_cat","embeddable":true,"href":"https:\/\/mouldking.store\/vi\/wp-json\/wp\/v2\/product_cat?post=24849"},{"taxonomy":"product_tag","embeddable":true,"href":"https:\/\/mouldking.store\/vi\/wp-json\/wp\/v2\/product_tag?post=24849"}],"curies":[{"name":"wp","href":"https:\/\/api.w.org\/{rel}","templated":true}]}}