{"id":24877,"date":"2021-10-10T05:20:55","date_gmt":"2021-10-10T05:20:55","guid":{"rendered":"https:\/\/mouldking.store\/shop\/moc-5915-chameleon-creator-by-dvdliu-moc-factory\/"},"modified":"2025-12-25T09:17:17","modified_gmt":"2025-12-25T02:17:17","slug":"moc-5915-chameleon-creator-by-dvdliu-moc-factory","status":"publish","type":"product","link":"https:\/\/mouldking.store\/vi\/shop\/moc-5915-chameleon-creator-by-dvdliu-moc-factory\/","title":{"rendered":"MOC-5915 Chameleon Creator by dvdliu MOC FACTORY"},"content":{"rendered":"<p>MOC-5915 Chameleon Creator by dvdliu MOC FACTORY l\u00e0 m\u1ed9t b\u1ed9 trong b\u1ed9 s\u01b0u t\u1eadp Creator, \u0111\u01b0\u1ee3c thi\u1ebft k\u1ebf b\u1edfi dvdliu. MOC 5915 n\u00e0y \u0111i k\u00e8m v\u1edbi h\u01b0\u1edbng d\u1eabn PDF gi\u00fap d\u1ec5 d\u00e0ng t\u1ea1o v\u00e0 t\u00ecm c\u00e1c ph\u1ea7n c\u00f2n thi\u1ebfu. B\u1ed9 g\u1ed3m 157 mi\u1ebfng, ph\u00e1t h\u00e0nh l\u1ea7n \u0111\u1ea7u v\u00e0o n\u0103m 2021.<\/p>\n<figure id=\"attachment_209094\" aria-describedby=\"caption-attachment-209094\" style=\"width: 800px\" class=\"wp-caption aligncenter\"><img fetchpriority=\"high\" decoding=\"async\" class=\"size-full wp-image-25024\" src=\"https:\/\/mouldking.store\/wp-content\/uploads\/2021\/10\/unnamed-file-48.jpg\" width=\"800\" height=\"800\" alt=\"-\" title=\"-\" srcset=\"https:\/\/mouldking.store\/wp-content\/uploads\/2021\/10\/unnamed-file-48.jpg 800w, https:\/\/mouldking.store\/wp-content\/uploads\/2021\/10\/unnamed-file-48-300x300.jpg 300w, https:\/\/mouldking.store\/wp-content\/uploads\/2021\/10\/unnamed-file-48-768x768.jpg 768w, https:\/\/mouldking.store\/wp-content\/uploads\/2021\/10\/unnamed-file-48-600x600.jpg 600w, https:\/\/mouldking.store\/wp-content\/uploads\/2021\/10\/unnamed-file-48-150x150.jpg 150w\" sizes=\"(max-width: 800px) 100vw, 800px\" \/><figcaption id=\"caption-attachment-209094\" class=\"wp-caption-text\">MOC-5915 Chameleon Creator by dvdliu MOC FACTORY<\/figcaption><\/figure>\n<figure id=\"attachment_209092\" aria-describedby=\"caption-attachment-209092\" style=\"width: 1000px\" class=\"wp-caption aligncenter\"><img decoding=\"async\" class=\"size-full wp-image-25025\" src=\"https:\/\/mouldking.store\/wp-content\/uploads\/2021\/10\/unnamed-file-49.jpg\" width=\"1000\" height=\"1000\" alt=\"-\" title=\"-\" srcset=\"https:\/\/mouldking.store\/wp-content\/uploads\/2021\/10\/unnamed-file-49.jpg 1000w, https:\/\/mouldking.store\/wp-content\/uploads\/2021\/10\/unnamed-file-49-300x300.jpg 300w, https:\/\/mouldking.store\/wp-content\/uploads\/2021\/10\/unnamed-file-49-768x768.jpg 768w, https:\/\/mouldking.store\/wp-content\/uploads\/2021\/10\/unnamed-file-49-600x600.jpg 600w, https:\/\/mouldking.store\/wp-content\/uploads\/2021\/10\/unnamed-file-49-150x150.jpg 150w\" sizes=\"(max-width: 1000px) 100vw, 1000px\" \/><figcaption id=\"caption-attachment-209092\" class=\"wp-caption-text\">MOC-5915 Chameleon Creator by dvdliu MOC FACTORY<\/figcaption><\/figure>\n<figure id=\"attachment_209093\" aria-describedby=\"caption-attachment-209093\" style=\"width: 1000px\" class=\"wp-caption aligncenter\"><img decoding=\"async\" class=\"size-full wp-image-25026\" src=\"https:\/\/mouldking.store\/wp-content\/uploads\/2021\/10\/unnamed-file-50.jpg\" width=\"1000\" height=\"1000\" alt=\"-\" title=\"-\" srcset=\"https:\/\/mouldking.store\/wp-content\/uploads\/2021\/10\/unnamed-file-50.jpg 1000w, https:\/\/mouldking.store\/wp-content\/uploads\/2021\/10\/unnamed-file-50-300x300.jpg 300w, https:\/\/mouldking.store\/wp-content\/uploads\/2021\/10\/unnamed-file-50-768x768.jpg 768w, https:\/\/mouldking.store\/wp-content\/uploads\/2021\/10\/unnamed-file-50-600x600.jpg 600w, https:\/\/mouldking.store\/wp-content\/uploads\/2021\/10\/unnamed-file-50-150x150.jpg 150w\" sizes=\"(max-width: 1000px) 100vw, 1000px\" \/><figcaption id=\"caption-attachment-209093\" class=\"wp-caption-text\">MOC-5915 Chameleon Creator by dvdliu MOC FACTORY<\/figcaption><\/figure>","protected":false},"excerpt":{"rendered":"<ul>\n<li>Bao g\u1ed3m\u00a0<strong>157+<\/strong>\u00a0chi\u1ebfc<\/li>\n<li>H\u01b0\u1edbng d\u1eabn PDF tr\u1ef1c tuy\u1ebfn<\/li>\n<li>Kh\u1ed1i ABS ch\u1ea5t l\u01b0\u1ee3ng cao<\/li>\n<li>K\u00edch th\u01b0\u1edbc: 16 x 5 x 5 cm<\/li>\n<\/ul>","protected":false},"featured_media":24874,"comment_status":"open","ping_status":"closed","template":"","meta":{"_acf_changed":false},"product_cat":[371],"product_tag":[],"class_list":["product","first","instock","shipping-taxable","purchasable","product-type-simple"],"acf":[],"_links":{"self":[{"href":"https:\/\/mouldking.store\/vi\/wp-json\/wp\/v2\/product\/24877","targetHints":{"allow":["GET"]}}],"collection":[{"href":"https:\/\/mouldking.store\/vi\/wp-json\/wp\/v2\/product"}],"about":[{"href":"https:\/\/mouldking.store\/vi\/wp-json\/wp\/v2\/types\/product"}],"replies":[{"embeddable":true,"href":"https:\/\/mouldking.store\/vi\/wp-json\/wp\/v2\/comments?post=24877"}],"wp:featuredmedia":[{"embeddable":true,"href":"https:\/\/mouldking.store\/vi\/wp-json\/wp\/v2\/media\/24874"}],"wp:attachment":[{"href":"https:\/\/mouldking.store\/vi\/wp-json\/wp\/v2\/media?parent=24877"}],"wp:term":[{"taxonomy":"product_cat","embeddable":true,"href":"https:\/\/mouldking.store\/vi\/wp-json\/wp\/v2\/product_cat?post=24877"},{"taxonomy":"product_tag","embeddable":true,"href":"https:\/\/mouldking.store\/vi\/wp-json\/wp\/v2\/product_tag?post=24877"}],"curies":[{"name":"wp","href":"https:\/\/api.w.org\/{rel}","templated":true}]}}