{"id":25063,"date":"2021-10-15T05:48:00","date_gmt":"2021-10-15T05:48:00","guid":{"rendered":"https:\/\/mouldking.store\/?post_type=product&#038;p=25063"},"modified":"2021-12-23T09:42:00","modified_gmt":"2021-12-23T09:42:00","slug":"qizhile-90023-xmas-astronaut-with-2119-pieces","status":"publish","type":"product","link":"https:\/\/mouldking.store\/vi\/shop\/qizhile-90023-xmas-astronaut-with-2119-pieces\/","title":{"rendered":"Phi h\u00e0nh gia QIZHILE 90023 Xmas v\u1edbi 2119 m\u1ea3nh gh\u00e9p"},"content":{"rendered":"<p>Th\u00f4ng tin s\u1ea3n ph\u1ea9m:<\/p>\n<ol>\n<li>Th\u01b0\u01a1ng hi\u1ec7u: QIZHILE<\/li>\n<li>Gi\u1edbi t\u00ednh: Unisex<\/li>\n<li>Name: Xmas Astronaut<\/li>\n<li>\u0110\u1ed9 tu\u1ed5i: &gt; 8 tu\u1ed5i<\/li>\n<li>Model Number: QIZHILE 90023<\/li>\n<li>Ph\u00e2n lo\u1ea1i: T\u1eadp h\u1ee3p<\/li>\n<li>H\u00ecnh d\u1ea1ng kh\u1ed1i nh\u1ef1a: G\u1ea1ch t\u1ef1 kh\u00f3a<\/li>\n<li>Ch\u1ea5t li\u1ec7u: Nh\u1ef1a<\/li>\n<li>Lo\u1ea1i nh\u1ef1a: ABS<\/li>\n<li>Bricks Blocks: 2119 PCS<\/li>\n<li>Ch\u1ee9a h\u01b0\u1edbng d\u1eabn l\u1eafp r\u00e1p chi ti\u1ebft.<\/li>\n<\/ol>\n<p>\u0110\u1ec3 \u00fd:<br \/>\n1. Kh\u00f4ng c\u00f3 h\u1ed9p ban \u0111\u1ea7u, nh\u01b0ng ch\u00fang t\u00f4i \u0111\u1ea3m b\u1ea3o s\u1ea3n ph\u1ea9m c\u1ee7a ch\u00fang t\u00f4i c\u00f3 ch\u1ea5t l\u01b0\u1ee3ng \u0111\u1ea3m b\u1ea3o v\u00e0 bao b\u00ec \u0111\u1eb9p.<br \/>\n2. V\u00ec t\u1ea5t c\u1ea3 c\u00e1c b\u1ed9 ph\u1eadn ch\u00fang t\u00f4i \u0111\u00e3 ki\u1ec3m tra tr\u01b0\u1edbc khi v\u1eadn chuy\u1ec3n, v\u00ec v\u1eady n\u1ebfu b\u1ea1n th\u1ea5y m\u1ed9t s\u1ed1 b\u1ed9 ph\u1eadn b\u1ecb thi\u1ebfu ho\u1eb7c h\u01b0 h\u1ecfng, \u0111\u1eebng lo l\u1eafng v\u00e0 ch\u1ec9 c\u1ea7n vui l\u00f2ng li\u00ean h\u1ec7 v\u1edbi ch\u00fang t\u00f4i v\u00e0 ch\u00fang t\u00f4i c\u00f3 th\u1ec3 g\u1eedi l\u1ea1i mi\u1ec5n ph\u00ed cho b\u1ea1n ngay l\u1eadp t\u1ee9c.<\/p>\n<p><img fetchpriority=\"high\" decoding=\"async\" class=\"size-full wp-image-25064\" title=\"Phi h\u00e0nh gia QIZHILE 90023 Xmas v\u1edbi 2119 m\u1ea3nh gh\u00e9p\" src=\"https:\/\/mouldking.store\/wp-content\/uploads\/2021\/10\/qizhile-90023-xmas-astronaut-with-2119-pieces.jpg\" alt=\"QIZHILE 90023 Xmas Astronaut with 2119 pieces\" width=\"800\" height=\"800\" srcset=\"https:\/\/mouldking.store\/wp-content\/uploads\/2021\/10\/qizhile-90023-xmas-astronaut-with-2119-pieces.jpg 800w, https:\/\/mouldking.store\/wp-content\/uploads\/2021\/10\/qizhile-90023-xmas-astronaut-with-2119-pieces-300x300.jpg 300w, https:\/\/mouldking.store\/wp-content\/uploads\/2021\/10\/qizhile-90023-xmas-astronaut-with-2119-pieces-768x768.jpg 768w, https:\/\/mouldking.store\/wp-content\/uploads\/2021\/10\/qizhile-90023-xmas-astronaut-with-2119-pieces-600x600.jpg 600w, https:\/\/mouldking.store\/wp-content\/uploads\/2021\/10\/qizhile-90023-xmas-astronaut-with-2119-pieces-150x150.jpg 150w\" sizes=\"(max-width: 800px) 100vw, 800px\" \/><\/p>\n<p><img decoding=\"async\" class=\"size-full wp-image-25065\" title=\"Phi h\u00e0nh gia QIZHILE 90023 Xmas v\u1edbi 2119 m\u1ea3nh gh\u00e9p\" src=\"https:\/\/mouldking.store\/wp-content\/uploads\/2021\/10\/qizhile-90023-xmas-astronaut-with-2119-pieces-1.jpg\" alt=\"QIZHILE 90023 Xmas Astronaut with 2119 pieces\" width=\"800\" height=\"800\" srcset=\"https:\/\/mouldking.store\/wp-content\/uploads\/2021\/10\/qizhile-90023-xmas-astronaut-with-2119-pieces-1.jpg 800w, https:\/\/mouldking.store\/wp-content\/uploads\/2021\/10\/qizhile-90023-xmas-astronaut-with-2119-pieces-1-300x300.jpg 300w, https:\/\/mouldking.store\/wp-content\/uploads\/2021\/10\/qizhile-90023-xmas-astronaut-with-2119-pieces-1-768x768.jpg 768w, https:\/\/mouldking.store\/wp-content\/uploads\/2021\/10\/qizhile-90023-xmas-astronaut-with-2119-pieces-1-600x600.jpg 600w, https:\/\/mouldking.store\/wp-content\/uploads\/2021\/10\/qizhile-90023-xmas-astronaut-with-2119-pieces-1-150x150.jpg 150w\" sizes=\"(max-width: 800px) 100vw, 800px\" \/><\/p>\n<p><img decoding=\"async\" class=\"size-full wp-image-25066\" title=\"Phi h\u00e0nh gia QIZHILE 90023 Xmas v\u1edbi 2119 m\u1ea3nh gh\u00e9p\" src=\"https:\/\/mouldking.store\/wp-content\/uploads\/2021\/10\/qizhile-90023-xmas-astronaut-with-2119-pieces-2.jpg\" alt=\"QIZHILE 90023 Xmas Astronaut with 2119 pieces\" width=\"800\" height=\"800\" srcset=\"https:\/\/mouldking.store\/wp-content\/uploads\/2021\/10\/qizhile-90023-xmas-astronaut-with-2119-pieces-2.jpg 800w, https:\/\/mouldking.store\/wp-content\/uploads\/2021\/10\/qizhile-90023-xmas-astronaut-with-2119-pieces-2-300x300.jpg 300w, https:\/\/mouldking.store\/wp-content\/uploads\/2021\/10\/qizhile-90023-xmas-astronaut-with-2119-pieces-2-768x768.jpg 768w, https:\/\/mouldking.store\/wp-content\/uploads\/2021\/10\/qizhile-90023-xmas-astronaut-with-2119-pieces-2-600x600.jpg 600w, https:\/\/mouldking.store\/wp-content\/uploads\/2021\/10\/qizhile-90023-xmas-astronaut-with-2119-pieces-2-150x150.jpg 150w\" sizes=\"(max-width: 800px) 100vw, 800px\" \/><\/p>\n<p><img loading=\"lazy\" decoding=\"async\" class=\"size-full wp-image-25067\" title=\"Phi h\u00e0nh gia QIZHILE 90023 Xmas v\u1edbi 2119 m\u1ea3nh gh\u00e9p\" src=\"https:\/\/mouldking.store\/wp-content\/uploads\/2021\/10\/qizhile-90023-xmas-astronaut-with-2119-pieces-3.jpg\" alt=\"QIZHILE 90023 Xmas Astronaut with 2119 pieces\" width=\"801\" height=\"800\" srcset=\"https:\/\/mouldking.store\/wp-content\/uploads\/2021\/10\/qizhile-90023-xmas-astronaut-with-2119-pieces-3.jpg 801w, https:\/\/mouldking.store\/wp-content\/uploads\/2021\/10\/qizhile-90023-xmas-astronaut-with-2119-pieces-3-300x300.jpg 300w, https:\/\/mouldking.store\/wp-content\/uploads\/2021\/10\/qizhile-90023-xmas-astronaut-with-2119-pieces-3-768x767.jpg 768w, https:\/\/mouldking.store\/wp-content\/uploads\/2021\/10\/qizhile-90023-xmas-astronaut-with-2119-pieces-3-600x599.jpg 600w, https:\/\/mouldking.store\/wp-content\/uploads\/2021\/10\/qizhile-90023-xmas-astronaut-with-2119-pieces-3-150x150.jpg 150w\" sizes=\"(max-width: 801px) 100vw, 801px\" \/><\/p>\n<p><img loading=\"lazy\" decoding=\"async\" class=\"size-full wp-image-25068\" title=\"Phi h\u00e0nh gia QIZHILE 90023 Xmas v\u1edbi 2119 m\u1ea3nh gh\u00e9p\" src=\"https:\/\/mouldking.store\/wp-content\/uploads\/2021\/10\/qizhile-90023-xmas-astronaut-with-2119-pieces-4.jpg\" alt=\"QIZHILE 90023 Xmas Astronaut with 2119 pieces\" width=\"800\" height=\"800\" srcset=\"https:\/\/mouldking.store\/wp-content\/uploads\/2021\/10\/qizhile-90023-xmas-astronaut-with-2119-pieces-4.jpg 800w, https:\/\/mouldking.store\/wp-content\/uploads\/2021\/10\/qizhile-90023-xmas-astronaut-with-2119-pieces-4-300x300.jpg 300w, https:\/\/mouldking.store\/wp-content\/uploads\/2021\/10\/qizhile-90023-xmas-astronaut-with-2119-pieces-4-768x768.jpg 768w, https:\/\/mouldking.store\/wp-content\/uploads\/2021\/10\/qizhile-90023-xmas-astronaut-with-2119-pieces-4-600x600.jpg 600w, https:\/\/mouldking.store\/wp-content\/uploads\/2021\/10\/qizhile-90023-xmas-astronaut-with-2119-pieces-4-150x150.jpg 150w\" sizes=\"(max-width: 800px) 100vw, 800px\" \/><\/p>","protected":false},"excerpt":{"rendered":"<p>Product information: Brand: QIZHILE Gender: Unisex Name: Xmas Astronaut Age Range: &gt; 8 years old Model Number: QIZHILE 90023 Classification: Assemblage Plastic Block Shape: Self-Locking Bricks Material: Plastic Plastic Type: ABS Bricks Blocks: 2119 PCS Contains detailed assembly instructions. Notice: 1. Without an original box, but we guarantee our products have quality assurance and nice [&hellip;]<\/p>","protected":false},"featured_media":25064,"comment_status":"open","ping_status":"closed","template":"","meta":{"_acf_changed":false},"product_cat":[371],"product_tag":[2178,2179],"class_list":["product","first","instock","shipping-taxable","purchasable","product-type-simple"],"acf":[],"_links":{"self":[{"href":"https:\/\/mouldking.store\/vi\/wp-json\/wp\/v2\/product\/25063","targetHints":{"allow":["GET"]}}],"collection":[{"href":"https:\/\/mouldking.store\/vi\/wp-json\/wp\/v2\/product"}],"about":[{"href":"https:\/\/mouldking.store\/vi\/wp-json\/wp\/v2\/types\/product"}],"replies":[{"embeddable":true,"href":"https:\/\/mouldking.store\/vi\/wp-json\/wp\/v2\/comments?post=25063"}],"wp:featuredmedia":[{"embeddable":true,"href":"https:\/\/mouldking.store\/vi\/wp-json\/wp\/v2\/media\/25064"}],"wp:attachment":[{"href":"https:\/\/mouldking.store\/vi\/wp-json\/wp\/v2\/media?parent=25063"}],"wp:term":[{"taxonomy":"product_cat","embeddable":true,"href":"https:\/\/mouldking.store\/vi\/wp-json\/wp\/v2\/product_cat?post=25063"},{"taxonomy":"product_tag","embeddable":true,"href":"https:\/\/mouldking.store\/vi\/wp-json\/wp\/v2\/product_tag?post=25063"}],"curies":[{"name":"wp","href":"https:\/\/api.w.org\/{rel}","templated":true}]}}