{"id":25106,"date":"2021-10-18T10:29:19","date_gmt":"2021-10-18T10:29:19","guid":{"rendered":"https:\/\/mouldking.store\/?post_type=product&#038;p=25106"},"modified":"2021-12-23T09:42:00","modified_gmt":"2021-12-23T09:42:00","slug":"panlos-611004-indoraptor-with-777-pieces","status":"publish","type":"product","link":"https:\/\/mouldking.store\/vi\/shop\/panlos-611004-indoraptor-with-777-pieces\/","title":{"rendered":"PANLOS 611004 Indoraptor v\u1edbi 777 mi\u1ebfng"},"content":{"rendered":"<p>Th\u00f4ng tin s\u1ea3n ph\u1ea9m:<br \/>\n1. Th\u01b0\u01a1ng hi\u1ec7u: PANLOS<br \/>\n2. Gi\u1edbi t\u00ednh: Unisex<br \/>\n3. T\u00ean: Indoraptor<br \/>\n4. \u0110\u1ed9 tu\u1ed5i: &gt; 6 tu\u1ed5i<br \/>\n5. S\u1ed1 hi\u1ec7u m\u1eabu: 611004<br \/>\n6. Ph\u00e2n lo\u1ea1i: T\u1eadp h\u1ee3p<br \/>\n7. H\u00ecnh d\u1ea1ng kh\u1ed1i nh\u1ef1a: G\u1ea1ch t\u1ef1 kh\u00f3a<br \/>\n8. Ch\u1ea5t li\u1ec7u: Nh\u1ef1a<br \/>\n9. Lo\u1ea1i nh\u1ef1a: ABS<br \/>\n10. Kh\u1ed1i g\u1ea1ch: 777 C\u00c1I<br \/>\n11. C\u00f3 h\u01b0\u1edbng d\u1eabn l\u1eafp r\u00e1p chi ti\u1ebft.<br \/>\n\u0110\u1ec3 \u00fd:<br \/>\n1. Kh\u00f4ng c\u00f3 h\u1ed9p ban \u0111\u1ea7u, nh\u01b0ng ch\u00fang t\u00f4i \u0111\u1ea3m b\u1ea3o s\u1ea3n ph\u1ea9m c\u1ee7a ch\u00fang t\u00f4i c\u00f3 ch\u1ea5t l\u01b0\u1ee3ng \u0111\u1ea3m b\u1ea3o v\u00e0 bao b\u00ec \u0111\u1eb9p.<br \/>\n2. V\u00ec t\u1ea5t c\u1ea3 c\u00e1c b\u1ed9 ph\u1eadn ch\u00fang t\u00f4i \u0111\u00e3 ki\u1ec3m tra tr\u01b0\u1edbc khi v\u1eadn chuy\u1ec3n, v\u00ec v\u1eady n\u1ebfu b\u1ea1n th\u1ea5y m\u1ed9t s\u1ed1 b\u1ed9 ph\u1eadn b\u1ecb thi\u1ebfu ho\u1eb7c h\u01b0 h\u1ecfng, \u0111\u1eebng lo l\u1eafng v\u00e0 ch\u1ec9 c\u1ea7n vui l\u00f2ng li\u00ean h\u1ec7 v\u1edbi ch\u00fang t\u00f4i v\u00e0 ch\u00fang t\u00f4i c\u00f3 th\u1ec3 g\u1eedi l\u1ea1i mi\u1ec5n ph\u00ed cho b\u1ea1n ngay l\u1eadp t\u1ee9c.<\/p>\n<p>&nbsp;<\/p>\n<figure id=\"attachment_25107\" aria-describedby=\"caption-attachment-25107\" style=\"width: 800px\" class=\"wp-caption aligncenter\"><img fetchpriority=\"high\" decoding=\"async\" class=\"wp-image-25107 size-full\" src=\"https:\/\/mouldking.store\/wp-content\/uploads\/2021\/10\/PANLOS-611004-Indoraptor-with-777-pieces-1.jpg\" alt=\"PANLOS 611004 Indoraptor with 777 pieces\" width=\"800\" height=\"800\" title=\"-\" srcset=\"https:\/\/mouldking.store\/wp-content\/uploads\/2021\/10\/PANLOS-611004-Indoraptor-with-777-pieces-1.jpg 800w, https:\/\/mouldking.store\/wp-content\/uploads\/2021\/10\/PANLOS-611004-Indoraptor-with-777-pieces-1-300x300.jpg 300w, https:\/\/mouldking.store\/wp-content\/uploads\/2021\/10\/PANLOS-611004-Indoraptor-with-777-pieces-1-768x768.jpg 768w, https:\/\/mouldking.store\/wp-content\/uploads\/2021\/10\/PANLOS-611004-Indoraptor-with-777-pieces-1-600x600.jpg 600w, https:\/\/mouldking.store\/wp-content\/uploads\/2021\/10\/PANLOS-611004-Indoraptor-with-777-pieces-1-150x150.jpg 150w\" sizes=\"(max-width: 800px) 100vw, 800px\" \/><figcaption id=\"caption-attachment-25107\" class=\"wp-caption-text\">PANLOS 611004 Indoraptor v\u1edbi 777 mi\u1ebfng<\/figcaption><\/figure>\n<figure id=\"attachment_25109\" aria-describedby=\"caption-attachment-25109\" style=\"width: 800px\" class=\"wp-caption aligncenter\"><img decoding=\"async\" class=\"wp-image-25109 size-full\" src=\"https:\/\/mouldking.store\/wp-content\/uploads\/2021\/10\/PANLOS-611004-Indoraptor-with-777-pieces-3.jpg\" alt=\"PANLOS 611004 Indoraptor with 777 pieces\" width=\"800\" height=\"800\" title=\"-\" srcset=\"https:\/\/mouldking.store\/wp-content\/uploads\/2021\/10\/PANLOS-611004-Indoraptor-with-777-pieces-3.jpg 800w, https:\/\/mouldking.store\/wp-content\/uploads\/2021\/10\/PANLOS-611004-Indoraptor-with-777-pieces-3-300x300.jpg 300w, https:\/\/mouldking.store\/wp-content\/uploads\/2021\/10\/PANLOS-611004-Indoraptor-with-777-pieces-3-768x768.jpg 768w, https:\/\/mouldking.store\/wp-content\/uploads\/2021\/10\/PANLOS-611004-Indoraptor-with-777-pieces-3-600x600.jpg 600w, https:\/\/mouldking.store\/wp-content\/uploads\/2021\/10\/PANLOS-611004-Indoraptor-with-777-pieces-3-150x150.jpg 150w\" sizes=\"(max-width: 800px) 100vw, 800px\" \/><figcaption id=\"caption-attachment-25109\" class=\"wp-caption-text\">PANLOS 611004 Indoraptor v\u1edbi 777 mi\u1ebfng<\/figcaption><\/figure>\n<figure id=\"attachment_25110\" aria-describedby=\"caption-attachment-25110\" style=\"width: 800px\" class=\"wp-caption aligncenter\"><img decoding=\"async\" class=\"wp-image-25110 size-full\" src=\"https:\/\/mouldking.store\/wp-content\/uploads\/2021\/10\/PANLOS-611004-Indoraptor-with-777-pieces-4.jpg\" alt=\"PANLOS 611004 Indoraptor with 777 pieces\" width=\"800\" height=\"800\" title=\"-\" srcset=\"https:\/\/mouldking.store\/wp-content\/uploads\/2021\/10\/PANLOS-611004-Indoraptor-with-777-pieces-4.jpg 800w, https:\/\/mouldking.store\/wp-content\/uploads\/2021\/10\/PANLOS-611004-Indoraptor-with-777-pieces-4-300x300.jpg 300w, https:\/\/mouldking.store\/wp-content\/uploads\/2021\/10\/PANLOS-611004-Indoraptor-with-777-pieces-4-768x768.jpg 768w, https:\/\/mouldking.store\/wp-content\/uploads\/2021\/10\/PANLOS-611004-Indoraptor-with-777-pieces-4-600x600.jpg 600w, https:\/\/mouldking.store\/wp-content\/uploads\/2021\/10\/PANLOS-611004-Indoraptor-with-777-pieces-4-150x150.jpg 150w\" sizes=\"(max-width: 800px) 100vw, 800px\" \/><figcaption id=\"caption-attachment-25110\" class=\"wp-caption-text\">PANLOS 611004 Indoraptor v\u1edbi 777 mi\u1ebfng<\/figcaption><\/figure>\n<figure id=\"attachment_25108\" aria-describedby=\"caption-attachment-25108\" style=\"width: 800px\" class=\"wp-caption aligncenter\"><img loading=\"lazy\" decoding=\"async\" class=\"wp-image-25108 size-full\" src=\"https:\/\/mouldking.store\/wp-content\/uploads\/2021\/10\/PANLOS-611004-Indoraptor-with-777-pieces-2.jpg\" alt=\"PANLOS 611004 Indoraptor with 777 pieces\" width=\"800\" height=\"800\" title=\"-\" srcset=\"https:\/\/mouldking.store\/wp-content\/uploads\/2021\/10\/PANLOS-611004-Indoraptor-with-777-pieces-2.jpg 800w, https:\/\/mouldking.store\/wp-content\/uploads\/2021\/10\/PANLOS-611004-Indoraptor-with-777-pieces-2-300x300.jpg 300w, https:\/\/mouldking.store\/wp-content\/uploads\/2021\/10\/PANLOS-611004-Indoraptor-with-777-pieces-2-768x768.jpg 768w, https:\/\/mouldking.store\/wp-content\/uploads\/2021\/10\/PANLOS-611004-Indoraptor-with-777-pieces-2-600x600.jpg 600w, https:\/\/mouldking.store\/wp-content\/uploads\/2021\/10\/PANLOS-611004-Indoraptor-with-777-pieces-2-150x150.jpg 150w\" sizes=\"(max-width: 800px) 100vw, 800px\" \/><figcaption id=\"caption-attachment-25108\" class=\"wp-caption-text\">PANLOS 611004 Indoraptor v\u1edbi 777 mi\u1ebfng<\/figcaption><\/figure>","protected":false},"excerpt":{"rendered":"<p>Product information: 1. Brand: PANLOS 2. Gender: Unisex 3. Name: Indoraptor 4. Age Range: &gt; 6 years old 5. Model Number: 611004 6. Classification: Assemblage 7. Plastic Block Shape: Self-Locking Bricks 8. Material: Plastic 9. Plastic Type: ABS 10. Bricks Blocks: 777 PCS 11. Contains detailed assembly instructions. Notice: 1. Without an original box, but [&hellip;]<\/p>","protected":false},"featured_media":25107,"comment_status":"open","ping_status":"closed","template":"","meta":{"_acf_changed":false},"product_cat":[371],"product_tag":[2197,2195,1851,2194,2193,2196],"class_list":["product","first","instock","shipping-taxable","purchasable","product-type-simple"],"acf":[],"_links":{"self":[{"href":"https:\/\/mouldking.store\/vi\/wp-json\/wp\/v2\/product\/25106","targetHints":{"allow":["GET"]}}],"collection":[{"href":"https:\/\/mouldking.store\/vi\/wp-json\/wp\/v2\/product"}],"about":[{"href":"https:\/\/mouldking.store\/vi\/wp-json\/wp\/v2\/types\/product"}],"replies":[{"embeddable":true,"href":"https:\/\/mouldking.store\/vi\/wp-json\/wp\/v2\/comments?post=25106"}],"wp:featuredmedia":[{"embeddable":true,"href":"https:\/\/mouldking.store\/vi\/wp-json\/wp\/v2\/media\/25107"}],"wp:attachment":[{"href":"https:\/\/mouldking.store\/vi\/wp-json\/wp\/v2\/media?parent=25106"}],"wp:term":[{"taxonomy":"product_cat","embeddable":true,"href":"https:\/\/mouldking.store\/vi\/wp-json\/wp\/v2\/product_cat?post=25106"},{"taxonomy":"product_tag","embeddable":true,"href":"https:\/\/mouldking.store\/vi\/wp-json\/wp\/v2\/product_tag?post=25106"}],"curies":[{"name":"wp","href":"https:\/\/api.w.org\/{rel}","templated":true}]}}