{"id":25116,"date":"2021-10-18T10:43:07","date_gmt":"2021-10-18T10:43:07","guid":{"rendered":"https:\/\/mouldking.store\/?post_type=product&#038;p=25116"},"modified":"2021-12-23T09:42:00","modified_gmt":"2021-12-23T09:42:00","slug":"xinyu-yc-22007-rc-bulldozer-with-1800-pieces","status":"publish","type":"product","link":"https:\/\/mouldking.store\/vi\/shop\/xinyu-yc-22007-rc-bulldozer-with-1800-pieces\/","title":{"rendered":"M\u00c1Y \u1ee6I RC XINYU YC-22007 v\u1edbi 1800 mi\u1ebfng"},"content":{"rendered":"<p>Th\u00f4ng tin s\u1ea3n ph\u1ea9m:<br \/>\n1. Brand: XINYU<br \/>\n2. Gi\u1edbi t\u00ednh: Unisex<br \/>\n3. Name: RC BULLDOZER<br \/>\n4. \u0110\u1ed9 tu\u1ed5i: &gt; 6 tu\u1ed5i<br \/>\n5. Model Number: YC-22007<br \/>\n6. Ph\u00e2n lo\u1ea1i: T\u1eadp h\u1ee3p<br \/>\n7. H\u00ecnh d\u1ea1ng kh\u1ed1i nh\u1ef1a: G\u1ea1ch t\u1ef1 kh\u00f3a<br \/>\n8. Ch\u1ea5t li\u1ec7u: Nh\u1ef1a<br \/>\n9. Lo\u1ea1i nh\u1ef1a: ABS<br \/>\n10. Bricks Blocks: 1800 PCS<br \/>\n11. C\u00f3 h\u01b0\u1edbng d\u1eabn l\u1eafp r\u00e1p chi ti\u1ebft.<br \/>\n\u0110\u1ec3 \u00fd:<br \/>\n1. Kh\u00f4ng c\u00f3 h\u1ed9p ban \u0111\u1ea7u, nh\u01b0ng ch\u00fang t\u00f4i \u0111\u1ea3m b\u1ea3o s\u1ea3n ph\u1ea9m c\u1ee7a ch\u00fang t\u00f4i c\u00f3 ch\u1ea5t l\u01b0\u1ee3ng \u0111\u1ea3m b\u1ea3o v\u00e0 bao b\u00ec \u0111\u1eb9p.<br \/>\n2. V\u00ec t\u1ea5t c\u1ea3 c\u00e1c b\u1ed9 ph\u1eadn ch\u00fang t\u00f4i \u0111\u00e3 ki\u1ec3m tra tr\u01b0\u1edbc khi v\u1eadn chuy\u1ec3n, v\u00ec v\u1eady n\u1ebfu b\u1ea1n th\u1ea5y m\u1ed9t s\u1ed1 b\u1ed9 ph\u1eadn b\u1ecb thi\u1ebfu ho\u1eb7c h\u01b0 h\u1ecfng, \u0111\u1eebng lo l\u1eafng v\u00e0 ch\u1ec9 c\u1ea7n vui l\u00f2ng li\u00ean h\u1ec7 v\u1edbi ch\u00fang t\u00f4i v\u00e0 ch\u00fang t\u00f4i c\u00f3 th\u1ec3 g\u1eedi l\u1ea1i mi\u1ec5n ph\u00ed cho b\u1ea1n ngay l\u1eadp t\u1ee9c.<\/p>\n<figure id=\"attachment_25117\" aria-describedby=\"caption-attachment-25117\" style=\"width: 800px\" class=\"wp-caption aligncenter\"><img fetchpriority=\"high\" decoding=\"async\" class=\"wp-image-25117\" src=\"https:\/\/mouldking.store\/wp-content\/uploads\/2021\/10\/XINYU-YC-22007-RC-BULLDOZER-with-1800-pieces-1-300x300.jpg\" alt=\"XINYU YC-22007 RC BULLDOZER with 1800 pieces\" width=\"800\" height=\"800\" title=\"-\" srcset=\"https:\/\/mouldking.store\/wp-content\/uploads\/2021\/10\/XINYU-YC-22007-RC-BULLDOZER-with-1800-pieces-1-300x300.jpg 300w, https:\/\/mouldking.store\/wp-content\/uploads\/2021\/10\/XINYU-YC-22007-RC-BULLDOZER-with-1800-pieces-1-768x768.jpg 768w, https:\/\/mouldking.store\/wp-content\/uploads\/2021\/10\/XINYU-YC-22007-RC-BULLDOZER-with-1800-pieces-1-600x600.jpg 600w, https:\/\/mouldking.store\/wp-content\/uploads\/2021\/10\/XINYU-YC-22007-RC-BULLDOZER-with-1800-pieces-1-150x150.jpg 150w, https:\/\/mouldking.store\/wp-content\/uploads\/2021\/10\/XINYU-YC-22007-RC-BULLDOZER-with-1800-pieces-1.jpg 1024w\" sizes=\"(max-width: 800px) 100vw, 800px\" \/><figcaption id=\"caption-attachment-25117\" class=\"wp-caption-text\">M\u00c1Y \u1ee6I RC XINYU YC-22007 v\u1edbi 1800 mi\u1ebfng<\/figcaption><\/figure>\n<figure id=\"attachment_25125\" aria-describedby=\"caption-attachment-25125\" style=\"width: 798px\" class=\"wp-caption aligncenter\"><img decoding=\"async\" class=\"wp-image-25125 size-full\" src=\"https:\/\/mouldking.store\/wp-content\/uploads\/2021\/10\/XINYU-YC-22007-RC-BULLDOZER-with-1800-pieces-9.jpg\" alt=\"XINYU YC-22007 RC BULLDOZER with 1800 pieces\" width=\"798\" height=\"1023\" title=\"-\" srcset=\"https:\/\/mouldking.store\/wp-content\/uploads\/2021\/10\/XINYU-YC-22007-RC-BULLDOZER-with-1800-pieces-9.jpg 798w, https:\/\/mouldking.store\/wp-content\/uploads\/2021\/10\/XINYU-YC-22007-RC-BULLDOZER-with-1800-pieces-9-234x300.jpg 234w, https:\/\/mouldking.store\/wp-content\/uploads\/2021\/10\/XINYU-YC-22007-RC-BULLDOZER-with-1800-pieces-9-768x985.jpg 768w, https:\/\/mouldking.store\/wp-content\/uploads\/2021\/10\/XINYU-YC-22007-RC-BULLDOZER-with-1800-pieces-9-300x385.jpg 300w, https:\/\/mouldking.store\/wp-content\/uploads\/2021\/10\/XINYU-YC-22007-RC-BULLDOZER-with-1800-pieces-9-600x769.jpg 600w, https:\/\/mouldking.store\/wp-content\/uploads\/2021\/10\/XINYU-YC-22007-RC-BULLDOZER-with-1800-pieces-9-117x150.jpg 117w\" sizes=\"(max-width: 798px) 100vw, 798px\" \/><figcaption id=\"caption-attachment-25125\" class=\"wp-caption-text\">M\u00c1Y \u1ee6I RC XINYU YC-22007 v\u1edbi 1800 mi\u1ebfng<\/figcaption><\/figure>\n<figure id=\"attachment_25119\" aria-describedby=\"caption-attachment-25119\" style=\"width: 636px\" class=\"wp-caption aligncenter\"><img decoding=\"async\" class=\"wp-image-25119 size-full\" src=\"https:\/\/mouldking.store\/wp-content\/uploads\/2021\/10\/XINYU-YC-22007-RC-BULLDOZER-with-1800-pieces-3.jpg\" alt=\"XINYU YC-22007 RC BULLDOZER with 1800 pieces\" width=\"636\" height=\"1023\" title=\"-\" srcset=\"https:\/\/mouldking.store\/wp-content\/uploads\/2021\/10\/XINYU-YC-22007-RC-BULLDOZER-with-1800-pieces-3.jpg 636w, https:\/\/mouldking.store\/wp-content\/uploads\/2021\/10\/XINYU-YC-22007-RC-BULLDOZER-with-1800-pieces-3-187x300.jpg 187w, https:\/\/mouldking.store\/wp-content\/uploads\/2021\/10\/XINYU-YC-22007-RC-BULLDOZER-with-1800-pieces-3-300x483.jpg 300w, https:\/\/mouldking.store\/wp-content\/uploads\/2021\/10\/XINYU-YC-22007-RC-BULLDOZER-with-1800-pieces-3-600x965.jpg 600w, https:\/\/mouldking.store\/wp-content\/uploads\/2021\/10\/XINYU-YC-22007-RC-BULLDOZER-with-1800-pieces-3-93x150.jpg 93w\" sizes=\"(max-width: 636px) 100vw, 636px\" \/><figcaption id=\"caption-attachment-25119\" class=\"wp-caption-text\">M\u00c1Y \u1ee6I RC XINYU YC-22007 v\u1edbi 1800 mi\u1ebfng<\/figcaption><\/figure>\n<figure id=\"attachment_25122\" aria-describedby=\"caption-attachment-25122\" style=\"width: 699px\" class=\"wp-caption aligncenter\"><img loading=\"lazy\" decoding=\"async\" class=\"wp-image-25122 size-full\" src=\"https:\/\/mouldking.store\/wp-content\/uploads\/2021\/10\/XINYU-YC-22007-RC-BULLDOZER-with-1800-pieces-6.jpg\" alt=\"XINYU YC-22007 RC BULLDOZER with 1800 pieces\" width=\"699\" height=\"1024\" title=\"-\" srcset=\"https:\/\/mouldking.store\/wp-content\/uploads\/2021\/10\/XINYU-YC-22007-RC-BULLDOZER-with-1800-pieces-6.jpg 699w, https:\/\/mouldking.store\/wp-content\/uploads\/2021\/10\/XINYU-YC-22007-RC-BULLDOZER-with-1800-pieces-6-205x300.jpg 205w, https:\/\/mouldking.store\/wp-content\/uploads\/2021\/10\/XINYU-YC-22007-RC-BULLDOZER-with-1800-pieces-6-300x439.jpg 300w, https:\/\/mouldking.store\/wp-content\/uploads\/2021\/10\/XINYU-YC-22007-RC-BULLDOZER-with-1800-pieces-6-600x879.jpg 600w, https:\/\/mouldking.store\/wp-content\/uploads\/2021\/10\/XINYU-YC-22007-RC-BULLDOZER-with-1800-pieces-6-102x150.jpg 102w\" sizes=\"(max-width: 699px) 100vw, 699px\" \/><figcaption id=\"caption-attachment-25122\" class=\"wp-caption-text\">M\u00c1Y \u1ee6I RC XINYU YC-22007 v\u1edbi 1800 mi\u1ebfng<\/figcaption><\/figure>\n<figure id=\"attachment_25123\" aria-describedby=\"caption-attachment-25123\" style=\"width: 772px\" class=\"wp-caption aligncenter\"><img loading=\"lazy\" decoding=\"async\" class=\"wp-image-25123 size-full\" src=\"https:\/\/mouldking.store\/wp-content\/uploads\/2021\/10\/XINYU-YC-22007-RC-BULLDOZER-with-1800-pieces-7.jpg\" alt=\"XINYU YC-22007 RC BULLDOZER with 1800 pieces\" width=\"772\" height=\"1024\" title=\"-\" srcset=\"https:\/\/mouldking.store\/wp-content\/uploads\/2021\/10\/XINYU-YC-22007-RC-BULLDOZER-with-1800-pieces-7.jpg 772w, https:\/\/mouldking.store\/wp-content\/uploads\/2021\/10\/XINYU-YC-22007-RC-BULLDOZER-with-1800-pieces-7-226x300.jpg 226w, https:\/\/mouldking.store\/wp-content\/uploads\/2021\/10\/XINYU-YC-22007-RC-BULLDOZER-with-1800-pieces-7-768x1019.jpg 768w, https:\/\/mouldking.store\/wp-content\/uploads\/2021\/10\/XINYU-YC-22007-RC-BULLDOZER-with-1800-pieces-7-300x398.jpg 300w, https:\/\/mouldking.store\/wp-content\/uploads\/2021\/10\/XINYU-YC-22007-RC-BULLDOZER-with-1800-pieces-7-600x796.jpg 600w, https:\/\/mouldking.store\/wp-content\/uploads\/2021\/10\/XINYU-YC-22007-RC-BULLDOZER-with-1800-pieces-7-113x150.jpg 113w\" sizes=\"(max-width: 772px) 100vw, 772px\" \/><figcaption id=\"caption-attachment-25123\" class=\"wp-caption-text\">M\u00c1Y \u1ee6I RC XINYU YC-22007 v\u1edbi 1800 mi\u1ebfng<\/figcaption><\/figure>\n<figure id=\"attachment_25124\" aria-describedby=\"caption-attachment-25124\" style=\"width: 724px\" class=\"wp-caption aligncenter\"><img loading=\"lazy\" decoding=\"async\" class=\"wp-image-25124 size-full\" src=\"https:\/\/mouldking.store\/wp-content\/uploads\/2021\/10\/XINYU-YC-22007-RC-BULLDOZER-with-1800-pieces-8.jpg\" alt=\"XINYU YC-22007 RC BULLDOZER with 1800 pieces\" width=\"724\" height=\"1024\" title=\"-\" srcset=\"https:\/\/mouldking.store\/wp-content\/uploads\/2021\/10\/XINYU-YC-22007-RC-BULLDOZER-with-1800-pieces-8.jpg 724w, https:\/\/mouldking.store\/wp-content\/uploads\/2021\/10\/XINYU-YC-22007-RC-BULLDOZER-with-1800-pieces-8-212x300.jpg 212w, https:\/\/mouldking.store\/wp-content\/uploads\/2021\/10\/XINYU-YC-22007-RC-BULLDOZER-with-1800-pieces-8-300x424.jpg 300w, https:\/\/mouldking.store\/wp-content\/uploads\/2021\/10\/XINYU-YC-22007-RC-BULLDOZER-with-1800-pieces-8-600x849.jpg 600w, https:\/\/mouldking.store\/wp-content\/uploads\/2021\/10\/XINYU-YC-22007-RC-BULLDOZER-with-1800-pieces-8-106x150.jpg 106w\" sizes=\"(max-width: 724px) 100vw, 724px\" \/><figcaption id=\"caption-attachment-25124\" class=\"wp-caption-text\">M\u00c1Y \u1ee6I RC XINYU YC-22007 v\u1edbi 1800 mi\u1ebfng<\/figcaption><\/figure>\n<figure id=\"attachment_25118\" aria-describedby=\"caption-attachment-25118\" style=\"width: 790px\" class=\"wp-caption aligncenter\"><img loading=\"lazy\" decoding=\"async\" class=\"wp-image-25118 size-full\" src=\"https:\/\/mouldking.store\/wp-content\/uploads\/2021\/10\/XINYU-YC-22007-RC-BULLDOZER-with-1800-pieces-2.jpg\" alt=\"XINYU YC-22007 RC BULLDOZER with 1800 pieces\" width=\"790\" height=\"1021\" title=\"-\" srcset=\"https:\/\/mouldking.store\/wp-content\/uploads\/2021\/10\/XINYU-YC-22007-RC-BULLDOZER-with-1800-pieces-2.jpg 790w, https:\/\/mouldking.store\/wp-content\/uploads\/2021\/10\/XINYU-YC-22007-RC-BULLDOZER-with-1800-pieces-2-232x300.jpg 232w, https:\/\/mouldking.store\/wp-content\/uploads\/2021\/10\/XINYU-YC-22007-RC-BULLDOZER-with-1800-pieces-2-768x993.jpg 768w, https:\/\/mouldking.store\/wp-content\/uploads\/2021\/10\/XINYU-YC-22007-RC-BULLDOZER-with-1800-pieces-2-300x388.jpg 300w, https:\/\/mouldking.store\/wp-content\/uploads\/2021\/10\/XINYU-YC-22007-RC-BULLDOZER-with-1800-pieces-2-600x775.jpg 600w, https:\/\/mouldking.store\/wp-content\/uploads\/2021\/10\/XINYU-YC-22007-RC-BULLDOZER-with-1800-pieces-2-116x150.jpg 116w\" sizes=\"(max-width: 790px) 100vw, 790px\" \/><figcaption id=\"caption-attachment-25118\" class=\"wp-caption-text\">M\u00c1Y \u1ee6I RC XINYU YC-22007 v\u1edbi 1800 mi\u1ebfng<\/figcaption><\/figure>\n<figure id=\"attachment_25120\" aria-describedby=\"caption-attachment-25120\" style=\"width: 790px\" class=\"wp-caption aligncenter\"><img loading=\"lazy\" decoding=\"async\" class=\"wp-image-25120 size-full\" src=\"https:\/\/mouldking.store\/wp-content\/uploads\/2021\/10\/XINYU-YC-22007-RC-BULLDOZER-with-1800-pieces-4.jpg\" alt=\"XINYU YC-22007 RC BULLDOZER with 1800 pieces\" width=\"790\" height=\"811\" title=\"-\" srcset=\"https:\/\/mouldking.store\/wp-content\/uploads\/2021\/10\/XINYU-YC-22007-RC-BULLDOZER-with-1800-pieces-4.jpg 790w, https:\/\/mouldking.store\/wp-content\/uploads\/2021\/10\/XINYU-YC-22007-RC-BULLDOZER-with-1800-pieces-4-292x300.jpg 292w, https:\/\/mouldking.store\/wp-content\/uploads\/2021\/10\/XINYU-YC-22007-RC-BULLDOZER-with-1800-pieces-4-768x788.jpg 768w, https:\/\/mouldking.store\/wp-content\/uploads\/2021\/10\/XINYU-YC-22007-RC-BULLDOZER-with-1800-pieces-4-300x308.jpg 300w, https:\/\/mouldking.store\/wp-content\/uploads\/2021\/10\/XINYU-YC-22007-RC-BULLDOZER-with-1800-pieces-4-600x616.jpg 600w, https:\/\/mouldking.store\/wp-content\/uploads\/2021\/10\/XINYU-YC-22007-RC-BULLDOZER-with-1800-pieces-4-146x150.jpg 146w\" sizes=\"(max-width: 790px) 100vw, 790px\" \/><figcaption id=\"caption-attachment-25120\" class=\"wp-caption-text\">M\u00c1Y \u1ee6I RC XINYU YC-22007 v\u1edbi 1800 mi\u1ebfng<\/figcaption><\/figure>\n<figure id=\"attachment_25121\" aria-describedby=\"caption-attachment-25121\" style=\"width: 790px\" class=\"wp-caption aligncenter\"><img loading=\"lazy\" decoding=\"async\" class=\"wp-image-25121 size-full\" src=\"https:\/\/mouldking.store\/wp-content\/uploads\/2021\/10\/XINYU-YC-22007-RC-BULLDOZER-with-1800-pieces-5.jpg\" alt=\"XINYU YC-22007 RC BULLDOZER with 1800 pieces\" width=\"790\" height=\"1002\" title=\"-\" srcset=\"https:\/\/mouldking.store\/wp-content\/uploads\/2021\/10\/XINYU-YC-22007-RC-BULLDOZER-with-1800-pieces-5.jpg 790w, https:\/\/mouldking.store\/wp-content\/uploads\/2021\/10\/XINYU-YC-22007-RC-BULLDOZER-with-1800-pieces-5-237x300.jpg 237w, https:\/\/mouldking.store\/wp-content\/uploads\/2021\/10\/XINYU-YC-22007-RC-BULLDOZER-with-1800-pieces-5-768x974.jpg 768w, https:\/\/mouldking.store\/wp-content\/uploads\/2021\/10\/XINYU-YC-22007-RC-BULLDOZER-with-1800-pieces-5-300x381.jpg 300w, https:\/\/mouldking.store\/wp-content\/uploads\/2021\/10\/XINYU-YC-22007-RC-BULLDOZER-with-1800-pieces-5-600x761.jpg 600w, https:\/\/mouldking.store\/wp-content\/uploads\/2021\/10\/XINYU-YC-22007-RC-BULLDOZER-with-1800-pieces-5-118x150.jpg 118w\" sizes=\"(max-width: 790px) 100vw, 790px\" \/><figcaption id=\"caption-attachment-25121\" class=\"wp-caption-text\">M\u00c1Y \u1ee6I RC XINYU YC-22007 v\u1edbi 1800 mi\u1ebfng<\/figcaption><\/figure>\n<p>&nbsp;<\/p>","protected":false},"excerpt":{"rendered":"<p>Product information: 1. Brand: XINYU 2. Gender: Unisex 3. Name: RC BULLDOZER 4. Age Range: &gt; 6 years old 5. Model Number: YC-22007 6. Classification: Assemblage 7. Plastic Block Shape: Self-Locking Bricks 8. Material: Plastic 9. Plastic Type: ABS 10. Bricks Blocks: 1800 PCS 11. Contains detailed assembly instructions. Notice: 1. Without an original box, [&hellip;]<\/p>","protected":false},"featured_media":25117,"comment_status":"open","ping_status":"closed","template":"","meta":{"_acf_changed":false},"product_cat":[364],"product_tag":[2211,2207,2209,2213,2208,2206,2212,2205,2210],"class_list":["product","first","instock","shipping-taxable","purchasable","product-type-simple"],"acf":[],"_links":{"self":[{"href":"https:\/\/mouldking.store\/vi\/wp-json\/wp\/v2\/product\/25116","targetHints":{"allow":["GET"]}}],"collection":[{"href":"https:\/\/mouldking.store\/vi\/wp-json\/wp\/v2\/product"}],"about":[{"href":"https:\/\/mouldking.store\/vi\/wp-json\/wp\/v2\/types\/product"}],"replies":[{"embeddable":true,"href":"https:\/\/mouldking.store\/vi\/wp-json\/wp\/v2\/comments?post=25116"}],"wp:featuredmedia":[{"embeddable":true,"href":"https:\/\/mouldking.store\/vi\/wp-json\/wp\/v2\/media\/25117"}],"wp:attachment":[{"href":"https:\/\/mouldking.store\/vi\/wp-json\/wp\/v2\/media?parent=25116"}],"wp:term":[{"taxonomy":"product_cat","embeddable":true,"href":"https:\/\/mouldking.store\/vi\/wp-json\/wp\/v2\/product_cat?post=25116"},{"taxonomy":"product_tag","embeddable":true,"href":"https:\/\/mouldking.store\/vi\/wp-json\/wp\/v2\/product_tag?post=25116"}],"curies":[{"name":"wp","href":"https:\/\/api.w.org\/{rel}","templated":true}]}}