{"id":25126,"date":"2021-10-18T10:48:02","date_gmt":"2021-10-18T10:48:02","guid":{"rendered":"https:\/\/mouldking.store\/?post_type=product&#038;p=25126"},"modified":"2021-12-23T09:42:00","modified_gmt":"2021-12-23T09:42:00","slug":"sembo-601154-rose-rotating-music-box-with-lights-with-323-pieces","status":"publish","type":"product","link":"https:\/\/mouldking.store\/vi\/shop\/sembo-601154-rose-rotating-music-box-with-lights-with-323-pieces\/","title":{"rendered":"H\u1ed9p nh\u1ea1c xoay hoa h\u1ed3ng c\u00f3 \u0111\u00e8n SEMBO 601154 g\u1ed3m 323 mi\u1ebfng"},"content":{"rendered":"<p>Th\u00f4ng tin s\u1ea3n ph\u1ea9m:<br \/>\n1. Th\u01b0\u01a1ng hi\u1ec7u: SEMBO<br \/>\n2. Gi\u1edbi t\u00ednh: Unisex<br \/>\n3. T\u00ean: H\u1ed9p nh\u1ea1c xoay hoa h\u1ed3ng c\u00f3 \u0111\u00e8n<br \/>\n4. \u0110\u1ed9 tu\u1ed5i: &gt; 6 tu\u1ed5i<br \/>\n5. S\u1ed1 m\u00f4 h\u00ecnh: 601154<br \/>\n6. Ph\u00e2n lo\u1ea1i: T\u1eadp h\u1ee3p<br \/>\n7. H\u00ecnh d\u1ea1ng kh\u1ed1i nh\u1ef1a: G\u1ea1ch t\u1ef1 kh\u00f3a<br \/>\n8. Ch\u1ea5t li\u1ec7u: Nh\u1ef1a<br \/>\n9. Lo\u1ea1i nh\u1ef1a: ABS<br \/>\n10. Kh\u1ed1i g\u1ea1ch: 323 C\u00c1I<br \/>\n11. C\u00f3 h\u01b0\u1edbng d\u1eabn l\u1eafp r\u00e1p chi ti\u1ebft.<br \/>\n\u0110\u1ec3 \u00fd:<br \/>\n1. Kh\u00f4ng c\u00f3 h\u1ed9p ban \u0111\u1ea7u, nh\u01b0ng ch\u00fang t\u00f4i \u0111\u1ea3m b\u1ea3o s\u1ea3n ph\u1ea9m c\u1ee7a ch\u00fang t\u00f4i c\u00f3 ch\u1ea5t l\u01b0\u1ee3ng \u0111\u1ea3m b\u1ea3o v\u00e0 bao b\u00ec \u0111\u1eb9p.<br \/>\n2. V\u00ec t\u1ea5t c\u1ea3 c\u00e1c b\u1ed9 ph\u1eadn ch\u00fang t\u00f4i \u0111\u00e3 ki\u1ec3m tra tr\u01b0\u1edbc khi v\u1eadn chuy\u1ec3n, v\u00ec v\u1eady n\u1ebfu b\u1ea1n th\u1ea5y m\u1ed9t s\u1ed1 b\u1ed9 ph\u1eadn b\u1ecb thi\u1ebfu ho\u1eb7c h\u01b0 h\u1ecfng, \u0111\u1eebng lo l\u1eafng v\u00e0 ch\u1ec9 c\u1ea7n vui l\u00f2ng li\u00ean h\u1ec7 v\u1edbi ch\u00fang t\u00f4i v\u00e0 ch\u00fang t\u00f4i c\u00f3 th\u1ec3 g\u1eedi l\u1ea1i mi\u1ec5n ph\u00ed cho b\u1ea1n ngay l\u1eadp t\u1ee9c.<\/p>\n<figure id=\"attachment_25127\" aria-describedby=\"caption-attachment-25127\" style=\"width: 800px\" class=\"wp-caption aligncenter\"><img fetchpriority=\"high\" decoding=\"async\" class=\"wp-image-25127 size-full\" src=\"https:\/\/mouldking.store\/wp-content\/uploads\/2021\/10\/SEMBO-601154-Rose-Rotating-Music-Box-with-Lights-with-323-pieces-1.jpg\" alt=\"SEMBO 601154 Rose Rotating Music Box with Lights with 323 pieces\" width=\"800\" height=\"800\" title=\"-\" srcset=\"https:\/\/mouldking.store\/wp-content\/uploads\/2021\/10\/SEMBO-601154-Rose-Rotating-Music-Box-with-Lights-with-323-pieces-1.jpg 800w, https:\/\/mouldking.store\/wp-content\/uploads\/2021\/10\/SEMBO-601154-Rose-Rotating-Music-Box-with-Lights-with-323-pieces-1-300x300.jpg 300w, https:\/\/mouldking.store\/wp-content\/uploads\/2021\/10\/SEMBO-601154-Rose-Rotating-Music-Box-with-Lights-with-323-pieces-1-768x768.jpg 768w, https:\/\/mouldking.store\/wp-content\/uploads\/2021\/10\/SEMBO-601154-Rose-Rotating-Music-Box-with-Lights-with-323-pieces-1-600x600.jpg 600w, https:\/\/mouldking.store\/wp-content\/uploads\/2021\/10\/SEMBO-601154-Rose-Rotating-Music-Box-with-Lights-with-323-pieces-1-150x150.jpg 150w\" sizes=\"(max-width: 800px) 100vw, 800px\" \/><figcaption id=\"caption-attachment-25127\" class=\"wp-caption-text\">H\u1ed9p nh\u1ea1c xoay hoa h\u1ed3ng c\u00f3 \u0111\u00e8n SEMBO 601154 g\u1ed3m 323 mi\u1ebfng<\/figcaption><\/figure>\n<figure id=\"attachment_25130\" aria-describedby=\"caption-attachment-25130\" style=\"width: 681px\" class=\"wp-caption aligncenter\"><img decoding=\"async\" class=\"wp-image-25130 size-full\" src=\"https:\/\/mouldking.store\/wp-content\/uploads\/2021\/10\/SEMBO-601154-Rose-Rotating-Music-Box-with-Lights-with-323-pieces-4.jpg\" alt=\"SEMBO 601154 Rose Rotating Music Box with Lights with 323 pieces\" width=\"681\" height=\"1024\" title=\"-\" srcset=\"https:\/\/mouldking.store\/wp-content\/uploads\/2021\/10\/SEMBO-601154-Rose-Rotating-Music-Box-with-Lights-with-323-pieces-4.jpg 681w, https:\/\/mouldking.store\/wp-content\/uploads\/2021\/10\/SEMBO-601154-Rose-Rotating-Music-Box-with-Lights-with-323-pieces-4-200x300.jpg 200w, https:\/\/mouldking.store\/wp-content\/uploads\/2021\/10\/SEMBO-601154-Rose-Rotating-Music-Box-with-Lights-with-323-pieces-4-300x451.jpg 300w, https:\/\/mouldking.store\/wp-content\/uploads\/2021\/10\/SEMBO-601154-Rose-Rotating-Music-Box-with-Lights-with-323-pieces-4-600x902.jpg 600w, https:\/\/mouldking.store\/wp-content\/uploads\/2021\/10\/SEMBO-601154-Rose-Rotating-Music-Box-with-Lights-with-323-pieces-4-100x150.jpg 100w\" sizes=\"(max-width: 681px) 100vw, 681px\" \/><figcaption id=\"caption-attachment-25130\" class=\"wp-caption-text\">H\u1ed9p nh\u1ea1c xoay hoa h\u1ed3ng c\u00f3 \u0111\u00e8n SEMBO 601154 g\u1ed3m 323 mi\u1ebfng<\/figcaption><\/figure>\n<figure id=\"attachment_25131\" aria-describedby=\"caption-attachment-25131\" style=\"width: 643px\" class=\"wp-caption aligncenter\"><img decoding=\"async\" class=\"wp-image-25131 size-full\" src=\"https:\/\/mouldking.store\/wp-content\/uploads\/2021\/10\/SEMBO-601154-Rose-Rotating-Music-Box-with-Lights-with-323-pieces-5.jpg\" alt=\"SEMBO 601154 Rose Rotating Music Box with Lights with 323 pieces\" width=\"643\" height=\"1024\" title=\"-\" srcset=\"https:\/\/mouldking.store\/wp-content\/uploads\/2021\/10\/SEMBO-601154-Rose-Rotating-Music-Box-with-Lights-with-323-pieces-5.jpg 643w, https:\/\/mouldking.store\/wp-content\/uploads\/2021\/10\/SEMBO-601154-Rose-Rotating-Music-Box-with-Lights-with-323-pieces-5-188x300.jpg 188w, https:\/\/mouldking.store\/wp-content\/uploads\/2021\/10\/SEMBO-601154-Rose-Rotating-Music-Box-with-Lights-with-323-pieces-5-300x478.jpg 300w, https:\/\/mouldking.store\/wp-content\/uploads\/2021\/10\/SEMBO-601154-Rose-Rotating-Music-Box-with-Lights-with-323-pieces-5-600x956.jpg 600w, https:\/\/mouldking.store\/wp-content\/uploads\/2021\/10\/SEMBO-601154-Rose-Rotating-Music-Box-with-Lights-with-323-pieces-5-94x150.jpg 94w\" sizes=\"(max-width: 643px) 100vw, 643px\" \/><figcaption id=\"caption-attachment-25131\" class=\"wp-caption-text\">H\u1ed9p nh\u1ea1c xoay hoa h\u1ed3ng c\u00f3 \u0111\u00e8n SEMBO 601154 g\u1ed3m 323 mi\u1ebfng<\/figcaption><\/figure>\n<figure id=\"attachment_25133\" aria-describedby=\"caption-attachment-25133\" style=\"width: 737px\" class=\"wp-caption aligncenter\"><img loading=\"lazy\" decoding=\"async\" class=\"wp-image-25133 size-full\" src=\"https:\/\/mouldking.store\/wp-content\/uploads\/2021\/10\/SEMBO-601154-Rose-Rotating-Music-Box-with-Lights-with-323-pieces-7.jpg\" alt=\"SEMBO 601154 Rose Rotating Music Box with Lights with 323 pieces\" width=\"737\" height=\"1024\" title=\"-\" srcset=\"https:\/\/mouldking.store\/wp-content\/uploads\/2021\/10\/SEMBO-601154-Rose-Rotating-Music-Box-with-Lights-with-323-pieces-7.jpg 737w, https:\/\/mouldking.store\/wp-content\/uploads\/2021\/10\/SEMBO-601154-Rose-Rotating-Music-Box-with-Lights-with-323-pieces-7-216x300.jpg 216w, https:\/\/mouldking.store\/wp-content\/uploads\/2021\/10\/SEMBO-601154-Rose-Rotating-Music-Box-with-Lights-with-323-pieces-7-300x417.jpg 300w, https:\/\/mouldking.store\/wp-content\/uploads\/2021\/10\/SEMBO-601154-Rose-Rotating-Music-Box-with-Lights-with-323-pieces-7-600x834.jpg 600w, https:\/\/mouldking.store\/wp-content\/uploads\/2021\/10\/SEMBO-601154-Rose-Rotating-Music-Box-with-Lights-with-323-pieces-7-108x150.jpg 108w\" sizes=\"(max-width: 737px) 100vw, 737px\" \/><figcaption id=\"caption-attachment-25133\" class=\"wp-caption-text\">H\u1ed9p nh\u1ea1c xoay hoa h\u1ed3ng c\u00f3 \u0111\u00e8n SEMBO 601154 g\u1ed3m 323 mi\u1ebfng<\/figcaption><\/figure>\n<figure id=\"attachment_25134\" aria-describedby=\"caption-attachment-25134\" style=\"width: 642px\" class=\"wp-caption aligncenter\"><img loading=\"lazy\" decoding=\"async\" class=\"wp-image-25134 size-full\" src=\"https:\/\/mouldking.store\/wp-content\/uploads\/2021\/10\/SEMBO-601154-Rose-Rotating-Music-Box-with-Lights-with-323-pieces-8.jpg\" alt=\"SEMBO 601154 Rose Rotating Music Box with Lights with 323 pieces\" width=\"642\" height=\"1024\" title=\"-\" srcset=\"https:\/\/mouldking.store\/wp-content\/uploads\/2021\/10\/SEMBO-601154-Rose-Rotating-Music-Box-with-Lights-with-323-pieces-8.jpg 642w, https:\/\/mouldking.store\/wp-content\/uploads\/2021\/10\/SEMBO-601154-Rose-Rotating-Music-Box-with-Lights-with-323-pieces-8-188x300.jpg 188w, https:\/\/mouldking.store\/wp-content\/uploads\/2021\/10\/SEMBO-601154-Rose-Rotating-Music-Box-with-Lights-with-323-pieces-8-300x479.jpg 300w, https:\/\/mouldking.store\/wp-content\/uploads\/2021\/10\/SEMBO-601154-Rose-Rotating-Music-Box-with-Lights-with-323-pieces-8-600x957.jpg 600w, https:\/\/mouldking.store\/wp-content\/uploads\/2021\/10\/SEMBO-601154-Rose-Rotating-Music-Box-with-Lights-with-323-pieces-8-94x150.jpg 94w\" sizes=\"(max-width: 642px) 100vw, 642px\" \/><figcaption id=\"caption-attachment-25134\" class=\"wp-caption-text\">H\u1ed9p nh\u1ea1c xoay hoa h\u1ed3ng c\u00f3 \u0111\u00e8n SEMBO 601154 g\u1ed3m 323 mi\u1ebfng<\/figcaption><\/figure>\n<figure id=\"attachment_25129\" aria-describedby=\"caption-attachment-25129\" style=\"width: 790px\" class=\"wp-caption aligncenter\"><img loading=\"lazy\" decoding=\"async\" class=\"wp-image-25129 size-full\" src=\"https:\/\/mouldking.store\/wp-content\/uploads\/2021\/10\/SEMBO-601154-Rose-Rotating-Music-Box-with-Lights-with-323-pieces-3.jpg\" alt=\"SEMBO 601154 Rose Rotating Music Box with Lights with 323 pieces\" width=\"790\" height=\"762\" title=\"-\" srcset=\"https:\/\/mouldking.store\/wp-content\/uploads\/2021\/10\/SEMBO-601154-Rose-Rotating-Music-Box-with-Lights-with-323-pieces-3.jpg 790w, https:\/\/mouldking.store\/wp-content\/uploads\/2021\/10\/SEMBO-601154-Rose-Rotating-Music-Box-with-Lights-with-323-pieces-3-300x289.jpg 300w, https:\/\/mouldking.store\/wp-content\/uploads\/2021\/10\/SEMBO-601154-Rose-Rotating-Music-Box-with-Lights-with-323-pieces-3-768x741.jpg 768w, https:\/\/mouldking.store\/wp-content\/uploads\/2021\/10\/SEMBO-601154-Rose-Rotating-Music-Box-with-Lights-with-323-pieces-3-600x579.jpg 600w, https:\/\/mouldking.store\/wp-content\/uploads\/2021\/10\/SEMBO-601154-Rose-Rotating-Music-Box-with-Lights-with-323-pieces-3-150x145.jpg 150w\" sizes=\"(max-width: 790px) 100vw, 790px\" \/><figcaption id=\"caption-attachment-25129\" class=\"wp-caption-text\">H\u1ed9p nh\u1ea1c xoay hoa h\u1ed3ng c\u00f3 \u0111\u00e8n SEMBO 601154 g\u1ed3m 323 mi\u1ebfng<\/figcaption><\/figure>\n<figure id=\"attachment_25132\" aria-describedby=\"caption-attachment-25132\" style=\"width: 790px\" class=\"wp-caption aligncenter\"><img loading=\"lazy\" decoding=\"async\" class=\"wp-image-25132 size-full\" src=\"https:\/\/mouldking.store\/wp-content\/uploads\/2021\/10\/SEMBO-601154-Rose-Rotating-Music-Box-with-Lights-with-323-pieces-6.jpg\" alt=\"SEMBO 601154 Rose Rotating Music Box with Lights with 323 pieces\" width=\"790\" height=\"588\" title=\"-\" srcset=\"https:\/\/mouldking.store\/wp-content\/uploads\/2021\/10\/SEMBO-601154-Rose-Rotating-Music-Box-with-Lights-with-323-pieces-6.jpg 790w, https:\/\/mouldking.store\/wp-content\/uploads\/2021\/10\/SEMBO-601154-Rose-Rotating-Music-Box-with-Lights-with-323-pieces-6-300x223.jpg 300w, https:\/\/mouldking.store\/wp-content\/uploads\/2021\/10\/SEMBO-601154-Rose-Rotating-Music-Box-with-Lights-with-323-pieces-6-768x572.jpg 768w, https:\/\/mouldking.store\/wp-content\/uploads\/2021\/10\/SEMBO-601154-Rose-Rotating-Music-Box-with-Lights-with-323-pieces-6-600x447.jpg 600w, https:\/\/mouldking.store\/wp-content\/uploads\/2021\/10\/SEMBO-601154-Rose-Rotating-Music-Box-with-Lights-with-323-pieces-6-150x112.jpg 150w\" sizes=\"(max-width: 790px) 100vw, 790px\" \/><figcaption id=\"caption-attachment-25132\" class=\"wp-caption-text\">H\u1ed9p nh\u1ea1c xoay hoa h\u1ed3ng c\u00f3 \u0111\u00e8n SEMBO 601154 g\u1ed3m 323 mi\u1ebfng<\/figcaption><\/figure>\n<figure id=\"attachment_25128\" aria-describedby=\"caption-attachment-25128\" style=\"width: 659px\" class=\"wp-caption aligncenter\"><img loading=\"lazy\" decoding=\"async\" class=\"wp-image-25128 size-full\" src=\"https:\/\/mouldking.store\/wp-content\/uploads\/2021\/10\/SEMBO-601154-Rose-Rotating-Music-Box-with-Lights-with-323-pieces-2.jpg\" alt=\"SEMBO 601154 Rose Rotating Music Box with Lights with 323 pieces\" width=\"659\" height=\"1024\" title=\"-\" srcset=\"https:\/\/mouldking.store\/wp-content\/uploads\/2021\/10\/SEMBO-601154-Rose-Rotating-Music-Box-with-Lights-with-323-pieces-2.jpg 659w, https:\/\/mouldking.store\/wp-content\/uploads\/2021\/10\/SEMBO-601154-Rose-Rotating-Music-Box-with-Lights-with-323-pieces-2-193x300.jpg 193w, https:\/\/mouldking.store\/wp-content\/uploads\/2021\/10\/SEMBO-601154-Rose-Rotating-Music-Box-with-Lights-with-323-pieces-2-300x466.jpg 300w, https:\/\/mouldking.store\/wp-content\/uploads\/2021\/10\/SEMBO-601154-Rose-Rotating-Music-Box-with-Lights-with-323-pieces-2-600x932.jpg 600w, https:\/\/mouldking.store\/wp-content\/uploads\/2021\/10\/SEMBO-601154-Rose-Rotating-Music-Box-with-Lights-with-323-pieces-2-97x150.jpg 97w\" sizes=\"(max-width: 659px) 100vw, 659px\" \/><figcaption id=\"caption-attachment-25128\" class=\"wp-caption-text\">H\u1ed9p nh\u1ea1c xoay hoa h\u1ed3ng c\u00f3 \u0111\u00e8n SEMBO 601154 g\u1ed3m 323 mi\u1ebfng<\/figcaption><\/figure>","protected":false},"excerpt":{"rendered":"<p>Product information: 1. Brand: SEMBO 2. Gender: Unisex 3. Name: Rose Rotating Music Box with Lights 4. Age Range: &gt; 6 years old 5. Model Number: 601154 6. Classification: Assemblage 7. Plastic Block Shape: Self-Locking Bricks 8. Material: Plastic 9. Plastic Type: ABS 10. Bricks Blocks: 323 PCS 11. Contains detailed assembly instructions. Notice: 1. [&hellip;]<\/p>","protected":false},"featured_media":25127,"comment_status":"open","ping_status":"closed","template":"","meta":{"_acf_changed":false},"product_cat":[371],"product_tag":[2218,1370,2219,2216,1491,2215,2221,2217,2214,2220],"class_list":["product","first","instock","shipping-taxable","purchasable","product-type-simple"],"acf":[],"_links":{"self":[{"href":"https:\/\/mouldking.store\/vi\/wp-json\/wp\/v2\/product\/25126","targetHints":{"allow":["GET"]}}],"collection":[{"href":"https:\/\/mouldking.store\/vi\/wp-json\/wp\/v2\/product"}],"about":[{"href":"https:\/\/mouldking.store\/vi\/wp-json\/wp\/v2\/types\/product"}],"replies":[{"embeddable":true,"href":"https:\/\/mouldking.store\/vi\/wp-json\/wp\/v2\/comments?post=25126"}],"wp:featuredmedia":[{"embeddable":true,"href":"https:\/\/mouldking.store\/vi\/wp-json\/wp\/v2\/media\/25127"}],"wp:attachment":[{"href":"https:\/\/mouldking.store\/vi\/wp-json\/wp\/v2\/media?parent=25126"}],"wp:term":[{"taxonomy":"product_cat","embeddable":true,"href":"https:\/\/mouldking.store\/vi\/wp-json\/wp\/v2\/product_cat?post=25126"},{"taxonomy":"product_tag","embeddable":true,"href":"https:\/\/mouldking.store\/vi\/wp-json\/wp\/v2\/product_tag?post=25126"}],"curies":[{"name":"wp","href":"https:\/\/api.w.org\/{rel}","templated":true}]}}