{"id":25173,"date":"2021-10-18T12:14:25","date_gmt":"2021-10-18T05:14:25","guid":{"rendered":"https:\/\/mouldking.store\/?post_type=product&#038;p=25173"},"modified":"2025-12-25T09:17:15","modified_gmt":"2025-12-25T02:17:15","slug":"moc-60420-republic-nu-class-attack-shuttle-the-clone-wars-with-2317-pieces","status":"publish","type":"product","link":"https:\/\/mouldking.store\/vi\/shop\/moc-60420-republic-nu-class-attack-shuttle-the-clone-wars-with-2317-pieces\/","title":{"rendered":"T\u00e0u con thoi t\u1ea5n c\u00f4ng l\u1edbp Nu c\u1ee7a C\u1ed9ng h\u00f2a MOC-60420 \u2013 Cu\u1ed9c chi\u1ebfn nh\u00e2n b\u1ea3n v\u1edbi 2317 m\u1ea3nh"},"content":{"rendered":"<p>Th\u00f4ng tin s\u1ea3n ph\u1ea9m:<\/p>\n<ol>\n<li>Th\u01b0\u01a1ng hi\u1ec7u: M\u1ed8C<\/li>\n<li>Gi\u1edbi t\u00ednh: Unisex<\/li>\n<li>T\u00ean: T\u00e0u con thoi t\u1ea5n c\u00f4ng l\u1edbp Nu c\u1ee7a C\u1ed9ng h\u00f2a \u2013 Cu\u1ed9c chi\u1ebfn b\u1ea3n sao<\/li>\n<li>\u0110\u1ed9 tu\u1ed5i: &gt; 8 tu\u1ed5i<\/li>\n<li>S\u1ed1 m\u00f4 h\u00ecnh: MOC-60420<\/li>\n<li>Ph\u00e2n lo\u1ea1i: T\u1eadp h\u1ee3p<\/li>\n<li>H\u00ecnh d\u1ea1ng kh\u1ed1i nh\u1ef1a: G\u1ea1ch t\u1ef1 kh\u00f3a<\/li>\n<li>Ch\u1ea5t li\u1ec7u: Nh\u1ef1a<\/li>\n<li>Lo\u1ea1i nh\u1ef1a: ABS<\/li>\n<li>Kh\u1ed1i g\u1ea1ch: 2317 C\u00c1I<\/li>\n<li>Ch\u1ee9a h\u01b0\u1edbng d\u1eabn l\u1eafp r\u00e1p chi ti\u1ebft.<\/li>\n<\/ol>\n<p>\u0110\u1ec3 \u00fd:<br \/>\n1. Kh\u00f4ng c\u00f3 h\u1ed9p ban \u0111\u1ea7u, nh\u01b0ng ch\u00fang t\u00f4i \u0111\u1ea3m b\u1ea3o s\u1ea3n ph\u1ea9m c\u1ee7a ch\u00fang t\u00f4i c\u00f3 ch\u1ea5t l\u01b0\u1ee3ng \u0111\u1ea3m b\u1ea3o v\u00e0 bao b\u00ec \u0111\u1eb9p.<br \/>\n2. V\u00ec t\u1ea5t c\u1ea3 c\u00e1c b\u1ed9 ph\u1eadn ch\u00fang t\u00f4i \u0111\u00e3 ki\u1ec3m tra tr\u01b0\u1edbc khi v\u1eadn chuy\u1ec3n, v\u00ec v\u1eady n\u1ebfu b\u1ea1n th\u1ea5y m\u1ed9t s\u1ed1 b\u1ed9 ph\u1eadn b\u1ecb thi\u1ebfu ho\u1eb7c h\u01b0 h\u1ecfng, \u0111\u1eebng lo l\u1eafng v\u00e0 ch\u1ec9 c\u1ea7n vui l\u00f2ng li\u00ean h\u1ec7 v\u1edbi ch\u00fang t\u00f4i v\u00e0 ch\u00fang t\u00f4i c\u00f3 th\u1ec3 g\u1eedi l\u1ea1i mi\u1ec5n ph\u00ed cho b\u1ea1n ngay l\u1eadp t\u1ee9c.<\/p>\n<figure id=\"attachment_25174\" aria-describedby=\"caption-attachment-25174\" style=\"width: 1000px\" class=\"wp-caption aligncenter\"><img fetchpriority=\"high\" decoding=\"async\" class=\"size-full wp-image-25174\" title=\"T\u00e0u con thoi t\u1ea5n c\u00f4ng l\u1edbp Nu c\u1ee7a C\u1ed9ng h\u00f2a MOC-60420 - Cu\u1ed9c chi\u1ebfn nh\u00e2n b\u1ea3n v\u1edbi 2317 m\u1ea3nh\" src=\"https:\/\/mouldking.store\/wp-content\/uploads\/2021\/10\/moc-60420-republic-nu-class-attack-shuttle-the-clone-wars-with-2317-pieces.jpg\" alt=\"MOC-60420 Republic Nu-class Attack Shuttle - the Clone Wars with 2317 pieces\" width=\"1000\" height=\"1000\" srcset=\"https:\/\/mouldking.store\/wp-content\/uploads\/2021\/10\/moc-60420-republic-nu-class-attack-shuttle-the-clone-wars-with-2317-pieces.jpg 1000w, https:\/\/mouldking.store\/wp-content\/uploads\/2021\/10\/moc-60420-republic-nu-class-attack-shuttle-the-clone-wars-with-2317-pieces-300x300.jpg 300w, https:\/\/mouldking.store\/wp-content\/uploads\/2021\/10\/moc-60420-republic-nu-class-attack-shuttle-the-clone-wars-with-2317-pieces-768x768.jpg 768w, https:\/\/mouldking.store\/wp-content\/uploads\/2021\/10\/moc-60420-republic-nu-class-attack-shuttle-the-clone-wars-with-2317-pieces-600x600.jpg 600w, https:\/\/mouldking.store\/wp-content\/uploads\/2021\/10\/moc-60420-republic-nu-class-attack-shuttle-the-clone-wars-with-2317-pieces-150x150.jpg 150w\" sizes=\"(max-width: 1000px) 100vw, 1000px\" \/><figcaption id=\"caption-attachment-25174\" class=\"wp-caption-text\">T\u00e0u con thoi t\u1ea5n c\u00f4ng l\u1edbp Nu c\u1ee7a C\u1ed9ng h\u00f2a MOC-60420 \u2013 Cu\u1ed9c chi\u1ebfn nh\u00e2n b\u1ea3n v\u1edbi 2317 m\u1ea3nh<\/figcaption><\/figure>\n<figure id=\"attachment_25175\" aria-describedby=\"caption-attachment-25175\" style=\"width: 1000px\" class=\"wp-caption aligncenter\"><img decoding=\"async\" class=\"size-full wp-image-25175\" title=\"T\u00e0u con thoi t\u1ea5n c\u00f4ng l\u1edbp Nu c\u1ee7a C\u1ed9ng h\u00f2a MOC-60420 - Cu\u1ed9c chi\u1ebfn nh\u00e2n b\u1ea3n v\u1edbi 2317 m\u1ea3nh\" src=\"https:\/\/mouldking.store\/wp-content\/uploads\/2021\/10\/moc-60420-republic-nu-class-attack-shuttle-the-clone-wars-with-2317-pieces-1.jpg\" alt=\"MOC-60420 Republic Nu-class Attack Shuttle - the Clone Wars with 2317 pieces\" width=\"1000\" height=\"1000\" srcset=\"https:\/\/mouldking.store\/wp-content\/uploads\/2021\/10\/moc-60420-republic-nu-class-attack-shuttle-the-clone-wars-with-2317-pieces-1.jpg 1000w, https:\/\/mouldking.store\/wp-content\/uploads\/2021\/10\/moc-60420-republic-nu-class-attack-shuttle-the-clone-wars-with-2317-pieces-1-300x300.jpg 300w, https:\/\/mouldking.store\/wp-content\/uploads\/2021\/10\/moc-60420-republic-nu-class-attack-shuttle-the-clone-wars-with-2317-pieces-1-768x768.jpg 768w, https:\/\/mouldking.store\/wp-content\/uploads\/2021\/10\/moc-60420-republic-nu-class-attack-shuttle-the-clone-wars-with-2317-pieces-1-600x600.jpg 600w, https:\/\/mouldking.store\/wp-content\/uploads\/2021\/10\/moc-60420-republic-nu-class-attack-shuttle-the-clone-wars-with-2317-pieces-1-150x150.jpg 150w\" sizes=\"(max-width: 1000px) 100vw, 1000px\" \/><figcaption id=\"caption-attachment-25175\" class=\"wp-caption-text\">T\u00e0u con thoi t\u1ea5n c\u00f4ng l\u1edbp Nu c\u1ee7a C\u1ed9ng h\u00f2a MOC-60420 \u2013 Cu\u1ed9c chi\u1ebfn nh\u00e2n b\u1ea3n v\u1edbi 2317 m\u1ea3nh<\/figcaption><\/figure>","protected":false},"excerpt":{"rendered":"<p>Product information: Brand: MOC Gender: Unisex Name: Republic Nu-class Attack Shuttle &#8211; the Clone Wars Age Range: &gt; 8 years old Model Number: MOC-60420 Classification: Assemblage Plastic Block Shape: Self-Locking Bricks Material: Plastic Plastic Type: ABS Bricks Blocks: 2317 PCS Contains detailed assembly instructions. Notice: 1. Without an original box, but we guarantee our products [&hellip;]<\/p>","protected":false},"featured_media":25176,"comment_status":"open","ping_status":"closed","template":"","meta":{"_acf_changed":false},"product_cat":[415],"product_tag":[2248,2247],"class_list":["product","first","instock","shipping-taxable","purchasable","product-type-simple"],"acf":[],"_links":{"self":[{"href":"https:\/\/mouldking.store\/vi\/wp-json\/wp\/v2\/product\/25173","targetHints":{"allow":["GET"]}}],"collection":[{"href":"https:\/\/mouldking.store\/vi\/wp-json\/wp\/v2\/product"}],"about":[{"href":"https:\/\/mouldking.store\/vi\/wp-json\/wp\/v2\/types\/product"}],"replies":[{"embeddable":true,"href":"https:\/\/mouldking.store\/vi\/wp-json\/wp\/v2\/comments?post=25173"}],"wp:featuredmedia":[{"embeddable":true,"href":"https:\/\/mouldking.store\/vi\/wp-json\/wp\/v2\/media\/25176"}],"wp:attachment":[{"href":"https:\/\/mouldking.store\/vi\/wp-json\/wp\/v2\/media?parent=25173"}],"wp:term":[{"taxonomy":"product_cat","embeddable":true,"href":"https:\/\/mouldking.store\/vi\/wp-json\/wp\/v2\/product_cat?post=25173"},{"taxonomy":"product_tag","embeddable":true,"href":"https:\/\/mouldking.store\/vi\/wp-json\/wp\/v2\/product_tag?post=25173"}],"curies":[{"name":"wp","href":"https:\/\/api.w.org\/{rel}","templated":true}]}}