{"id":25256,"date":"2021-10-20T16:07:55","date_gmt":"2021-10-20T16:07:55","guid":{"rendered":"https:\/\/mouldking.store\/?post_type=product&#038;p=25256"},"modified":"2021-12-23T09:41:56","modified_gmt":"2021-12-23T09:41:56","slug":"loz-1036-elf-house-with-2847-pieces","status":"publish","type":"product","link":"https:\/\/mouldking.store\/vi\/shop\/loz-1036-elf-house-with-2847-pieces\/","title":{"rendered":"LOZ 1036 Elf House with 2847 pieces"},"content":{"rendered":"<p>Th\u00f4ng tin s\u1ea3n ph\u1ea9m:<br \/>\n1. Th\u01b0\u01a1ng hi\u1ec7u: LOZ<br \/>\n2. Gi\u1edbi t\u00ednh: Unisex<br \/>\n3. Name: Elf House<br \/>\n4. \u0110\u1ed9 tu\u1ed5i: &gt; 6 tu\u1ed5i<br \/>\n5. Model Number: 1036<br \/>\n6. Ph\u00e2n lo\u1ea1i: T\u1eadp h\u1ee3p<br \/>\n7. H\u00ecnh d\u1ea1ng kh\u1ed1i nh\u1ef1a: G\u1ea1ch t\u1ef1 kh\u00f3a<br \/>\n8. Ch\u1ea5t li\u1ec7u: Nh\u1ef1a<br \/>\n9. Lo\u1ea1i nh\u1ef1a: ABS<br \/>\n10. Bricks Blocks: 2847 PCS<br \/>\n11. C\u00f3 h\u01b0\u1edbng d\u1eabn l\u1eafp r\u00e1p chi ti\u1ebft.<br \/>\n\u0110\u1ec3 \u00fd:<br \/>\n1. Kh\u00f4ng c\u00f3 h\u1ed9p ban \u0111\u1ea7u, nh\u01b0ng ch\u00fang t\u00f4i \u0111\u1ea3m b\u1ea3o s\u1ea3n ph\u1ea9m c\u1ee7a ch\u00fang t\u00f4i c\u00f3 ch\u1ea5t l\u01b0\u1ee3ng \u0111\u1ea3m b\u1ea3o v\u00e0 bao b\u00ec \u0111\u1eb9p.<br \/>\n2. V\u00ec t\u1ea5t c\u1ea3 c\u00e1c b\u1ed9 ph\u1eadn ch\u00fang t\u00f4i \u0111\u00e3 ki\u1ec3m tra tr\u01b0\u1edbc khi v\u1eadn chuy\u1ec3n, v\u00ec v\u1eady n\u1ebfu b\u1ea1n th\u1ea5y m\u1ed9t s\u1ed1 b\u1ed9 ph\u1eadn b\u1ecb thi\u1ebfu ho\u1eb7c h\u01b0 h\u1ecfng, \u0111\u1eebng lo l\u1eafng v\u00e0 ch\u1ec9 c\u1ea7n vui l\u00f2ng li\u00ean h\u1ec7 v\u1edbi ch\u00fang t\u00f4i v\u00e0 ch\u00fang t\u00f4i c\u00f3 th\u1ec3 g\u1eedi l\u1ea1i mi\u1ec5n ph\u00ed cho b\u1ea1n ngay l\u1eadp t\u1ee9c.<\/p>\n<figure id=\"attachment_25257\" aria-describedby=\"caption-attachment-25257\" style=\"width: 800px\" class=\"wp-caption aligncenter\"><img fetchpriority=\"high\" decoding=\"async\" class=\"wp-image-25257 size-full\" src=\"https:\/\/mouldking.store\/wp-content\/uploads\/2021\/10\/LOZ-1036-Elf-House-with-2847-pieces-1.jpg\" alt=\"LOZ 1036 Elf House with 2847 pieces\" width=\"800\" height=\"800\" title=\"-\" srcset=\"https:\/\/mouldking.store\/wp-content\/uploads\/2021\/10\/LOZ-1036-Elf-House-with-2847-pieces-1.jpg 800w, https:\/\/mouldking.store\/wp-content\/uploads\/2021\/10\/LOZ-1036-Elf-House-with-2847-pieces-1-300x300.jpg 300w, https:\/\/mouldking.store\/wp-content\/uploads\/2021\/10\/LOZ-1036-Elf-House-with-2847-pieces-1-768x768.jpg 768w, https:\/\/mouldking.store\/wp-content\/uploads\/2021\/10\/LOZ-1036-Elf-House-with-2847-pieces-1-600x600.jpg 600w, https:\/\/mouldking.store\/wp-content\/uploads\/2021\/10\/LOZ-1036-Elf-House-with-2847-pieces-1-150x150.jpg 150w\" sizes=\"(max-width: 800px) 100vw, 800px\" \/><figcaption id=\"caption-attachment-25257\" class=\"wp-caption-text\">LOZ 1036 Elf House with 2847 pieces<\/figcaption><\/figure>\n<figure id=\"attachment_25258\" aria-describedby=\"caption-attachment-25258\" style=\"width: 750px\" class=\"wp-caption aligncenter\"><img decoding=\"async\" class=\"wp-image-25258 size-full\" src=\"https:\/\/mouldking.store\/wp-content\/uploads\/2021\/10\/LOZ-1036-Elf-House-with-2847-pieces-2.jpg\" alt=\"LOZ 1036 Elf House with 2847 pieces\" width=\"750\" height=\"769\" title=\"-\" srcset=\"https:\/\/mouldking.store\/wp-content\/uploads\/2021\/10\/LOZ-1036-Elf-House-with-2847-pieces-2.jpg 750w, https:\/\/mouldking.store\/wp-content\/uploads\/2021\/10\/LOZ-1036-Elf-House-with-2847-pieces-2-293x300.jpg 293w, https:\/\/mouldking.store\/wp-content\/uploads\/2021\/10\/LOZ-1036-Elf-House-with-2847-pieces-2-300x308.jpg 300w, https:\/\/mouldking.store\/wp-content\/uploads\/2021\/10\/LOZ-1036-Elf-House-with-2847-pieces-2-600x615.jpg 600w, https:\/\/mouldking.store\/wp-content\/uploads\/2021\/10\/LOZ-1036-Elf-House-with-2847-pieces-2-146x150.jpg 146w\" sizes=\"(max-width: 750px) 100vw, 750px\" \/><figcaption id=\"caption-attachment-25258\" class=\"wp-caption-text\">LOZ 1036 Elf House with 2847 pieces<\/figcaption><\/figure>\n<figure id=\"attachment_25259\" aria-describedby=\"caption-attachment-25259\" style=\"width: 750px\" class=\"wp-caption aligncenter\"><img decoding=\"async\" class=\"wp-image-25259 size-full\" src=\"https:\/\/mouldking.store\/wp-content\/uploads\/2021\/10\/LOZ-1036-Elf-House-with-2847-pieces-3.jpg\" alt=\"LOZ 1036 Elf House with 2847 pieces\" width=\"750\" height=\"849\" title=\"-\" srcset=\"https:\/\/mouldking.store\/wp-content\/uploads\/2021\/10\/LOZ-1036-Elf-House-with-2847-pieces-3.jpg 750w, https:\/\/mouldking.store\/wp-content\/uploads\/2021\/10\/LOZ-1036-Elf-House-with-2847-pieces-3-265x300.jpg 265w, https:\/\/mouldking.store\/wp-content\/uploads\/2021\/10\/LOZ-1036-Elf-House-with-2847-pieces-3-300x340.jpg 300w, https:\/\/mouldking.store\/wp-content\/uploads\/2021\/10\/LOZ-1036-Elf-House-with-2847-pieces-3-600x679.jpg 600w, https:\/\/mouldking.store\/wp-content\/uploads\/2021\/10\/LOZ-1036-Elf-House-with-2847-pieces-3-133x150.jpg 133w\" sizes=\"(max-width: 750px) 100vw, 750px\" \/><figcaption id=\"caption-attachment-25259\" class=\"wp-caption-text\">LOZ 1036 Elf House with 2847 pieces<\/figcaption><\/figure>\n<figure id=\"attachment_25260\" aria-describedby=\"caption-attachment-25260\" style=\"width: 750px\" class=\"wp-caption aligncenter\"><img loading=\"lazy\" decoding=\"async\" class=\"wp-image-25260 size-full\" src=\"https:\/\/mouldking.store\/wp-content\/uploads\/2021\/10\/LOZ-1036-Elf-House-with-2847-pieces-4.jpg\" alt=\"LOZ 1036 Elf House with 2847 pieces\" width=\"750\" height=\"780\" title=\"-\" srcset=\"https:\/\/mouldking.store\/wp-content\/uploads\/2021\/10\/LOZ-1036-Elf-House-with-2847-pieces-4.jpg 750w, https:\/\/mouldking.store\/wp-content\/uploads\/2021\/10\/LOZ-1036-Elf-House-with-2847-pieces-4-288x300.jpg 288w, https:\/\/mouldking.store\/wp-content\/uploads\/2021\/10\/LOZ-1036-Elf-House-with-2847-pieces-4-300x312.jpg 300w, https:\/\/mouldking.store\/wp-content\/uploads\/2021\/10\/LOZ-1036-Elf-House-with-2847-pieces-4-600x624.jpg 600w, https:\/\/mouldking.store\/wp-content\/uploads\/2021\/10\/LOZ-1036-Elf-House-with-2847-pieces-4-144x150.jpg 144w\" sizes=\"(max-width: 750px) 100vw, 750px\" \/><figcaption id=\"caption-attachment-25260\" class=\"wp-caption-text\">LOZ 1036 Elf House with 2847 pieces<\/figcaption><\/figure>\n<figure id=\"attachment_25261\" aria-describedby=\"caption-attachment-25261\" style=\"width: 750px\" class=\"wp-caption aligncenter\"><img loading=\"lazy\" decoding=\"async\" class=\"wp-image-25261 size-full\" src=\"https:\/\/mouldking.store\/wp-content\/uploads\/2021\/10\/LOZ-1036-Elf-House-with-2847-pieces-5.jpg\" alt=\"LOZ 1036 Elf House with 2847 pieces\" width=\"750\" height=\"764\" title=\"-\" srcset=\"https:\/\/mouldking.store\/wp-content\/uploads\/2021\/10\/LOZ-1036-Elf-House-with-2847-pieces-5.jpg 750w, https:\/\/mouldking.store\/wp-content\/uploads\/2021\/10\/LOZ-1036-Elf-House-with-2847-pieces-5-295x300.jpg 295w, https:\/\/mouldking.store\/wp-content\/uploads\/2021\/10\/LOZ-1036-Elf-House-with-2847-pieces-5-300x306.jpg 300w, https:\/\/mouldking.store\/wp-content\/uploads\/2021\/10\/LOZ-1036-Elf-House-with-2847-pieces-5-600x611.jpg 600w, https:\/\/mouldking.store\/wp-content\/uploads\/2021\/10\/LOZ-1036-Elf-House-with-2847-pieces-5-147x150.jpg 147w\" sizes=\"(max-width: 750px) 100vw, 750px\" \/><figcaption id=\"caption-attachment-25261\" class=\"wp-caption-text\">LOZ 1036 Elf House with 2847 pieces<\/figcaption><\/figure>\n<figure id=\"attachment_25262\" aria-describedby=\"caption-attachment-25262\" style=\"width: 750px\" class=\"wp-caption aligncenter\"><img loading=\"lazy\" decoding=\"async\" class=\"wp-image-25262 size-full\" src=\"https:\/\/mouldking.store\/wp-content\/uploads\/2021\/10\/LOZ-1036-Elf-House-with-2847-pieces-6.jpg\" alt=\"LOZ 1036 Elf House with 2847 pieces\" width=\"750\" height=\"720\" title=\"-\" srcset=\"https:\/\/mouldking.store\/wp-content\/uploads\/2021\/10\/LOZ-1036-Elf-House-with-2847-pieces-6.jpg 750w, https:\/\/mouldking.store\/wp-content\/uploads\/2021\/10\/LOZ-1036-Elf-House-with-2847-pieces-6-300x288.jpg 300w, https:\/\/mouldking.store\/wp-content\/uploads\/2021\/10\/LOZ-1036-Elf-House-with-2847-pieces-6-600x576.jpg 600w, https:\/\/mouldking.store\/wp-content\/uploads\/2021\/10\/LOZ-1036-Elf-House-with-2847-pieces-6-150x144.jpg 150w\" sizes=\"(max-width: 750px) 100vw, 750px\" \/><figcaption id=\"caption-attachment-25262\" class=\"wp-caption-text\">LOZ 1036 Elf House with 2847 pieces<\/figcaption><\/figure>\n<figure id=\"attachment_25263\" aria-describedby=\"caption-attachment-25263\" style=\"width: 790px\" class=\"wp-caption aligncenter\"><img loading=\"lazy\" decoding=\"async\" class=\"wp-image-25263 size-full\" src=\"https:\/\/mouldking.store\/wp-content\/uploads\/2021\/10\/LOZ-1036-Elf-House-with-2847-pieces-7.jpg\" alt=\"LOZ 1036 Elf House with 2847 pieces\" width=\"790\" height=\"1008\" title=\"-\" srcset=\"https:\/\/mouldking.store\/wp-content\/uploads\/2021\/10\/LOZ-1036-Elf-House-with-2847-pieces-7.jpg 790w, https:\/\/mouldking.store\/wp-content\/uploads\/2021\/10\/LOZ-1036-Elf-House-with-2847-pieces-7-235x300.jpg 235w, https:\/\/mouldking.store\/wp-content\/uploads\/2021\/10\/LOZ-1036-Elf-House-with-2847-pieces-7-768x980.jpg 768w, https:\/\/mouldking.store\/wp-content\/uploads\/2021\/10\/LOZ-1036-Elf-House-with-2847-pieces-7-300x383.jpg 300w, https:\/\/mouldking.store\/wp-content\/uploads\/2021\/10\/LOZ-1036-Elf-House-with-2847-pieces-7-600x766.jpg 600w, https:\/\/mouldking.store\/wp-content\/uploads\/2021\/10\/LOZ-1036-Elf-House-with-2847-pieces-7-118x150.jpg 118w\" sizes=\"(max-width: 790px) 100vw, 790px\" \/><figcaption id=\"caption-attachment-25263\" class=\"wp-caption-text\">LOZ 1036 Elf House with 2847 pieces<\/figcaption><\/figure>\n<p>&nbsp;<\/p>","protected":false},"excerpt":{"rendered":"<p>Product information: 1. Brand: LOZ 2. Gender: Unisex 3. Name: Elf House 4. Age Range: &gt; 6 years old 5. Model Number: 1036 6. Classification: Assemblage 7. Plastic Block Shape: Self-Locking Bricks 8. Material: Plastic 9. Plastic Type: ABS 10. Bricks Blocks: 2847 PCS 11. Contains detailed assembly instructions. Notice: 1. Without an original box, [&hellip;]<\/p>","protected":false},"featured_media":25257,"comment_status":"open","ping_status":"closed","template":"","meta":{"_acf_changed":false},"product_cat":[371],"product_tag":[2316,2317,2314,2318,2202,2313,2312,2315,2319],"class_list":["product","first","instock","shipping-taxable","purchasable","product-type-simple"],"acf":[],"_links":{"self":[{"href":"https:\/\/mouldking.store\/vi\/wp-json\/wp\/v2\/product\/25256","targetHints":{"allow":["GET"]}}],"collection":[{"href":"https:\/\/mouldking.store\/vi\/wp-json\/wp\/v2\/product"}],"about":[{"href":"https:\/\/mouldking.store\/vi\/wp-json\/wp\/v2\/types\/product"}],"replies":[{"embeddable":true,"href":"https:\/\/mouldking.store\/vi\/wp-json\/wp\/v2\/comments?post=25256"}],"wp:featuredmedia":[{"embeddable":true,"href":"https:\/\/mouldking.store\/vi\/wp-json\/wp\/v2\/media\/25257"}],"wp:attachment":[{"href":"https:\/\/mouldking.store\/vi\/wp-json\/wp\/v2\/media?parent=25256"}],"wp:term":[{"taxonomy":"product_cat","embeddable":true,"href":"https:\/\/mouldking.store\/vi\/wp-json\/wp\/v2\/product_cat?post=25256"},{"taxonomy":"product_tag","embeddable":true,"href":"https:\/\/mouldking.store\/vi\/wp-json\/wp\/v2\/product_tag?post=25256"}],"curies":[{"name":"wp","href":"https:\/\/api.w.org\/{rel}","templated":true}]}}