{"id":25295,"date":"2021-10-20T16:48:18","date_gmt":"2021-10-20T16:48:18","guid":{"rendered":"https:\/\/mouldking.store\/?post_type=product&#038;p=25295"},"modified":"2021-12-23T09:41:55","modified_gmt":"2021-12-23T09:41:55","slug":"mork-032102-magic-academy-with-7580-pieces","status":"publish","type":"product","link":"https:\/\/mouldking.store\/vi\/shop\/mork-032102-magic-academy-with-7580-pieces\/","title":{"rendered":"Mork 032102 H\u1ecdc Vi\u1ec7n Ph\u00e9p Thu\u1eadt v\u1edbi 7580 m\u1ea3nh gh\u00e9p"},"content":{"rendered":"<p>Th\u00f4ng tin s\u1ea3n ph\u1ea9m:<br \/>\n1. Brand: Mork<br \/>\n2. Gi\u1edbi t\u00ednh: Unisex<br \/>\n3. Name: Magic Academy<br \/>\n4. \u0110\u1ed9 tu\u1ed5i: &gt; 6 tu\u1ed5i<br \/>\n5. Model Number: 032102<br \/>\n6. Ph\u00e2n lo\u1ea1i: T\u1eadp h\u1ee3p<br \/>\n7. H\u00ecnh d\u1ea1ng kh\u1ed1i nh\u1ef1a: G\u1ea1ch t\u1ef1 kh\u00f3a<br \/>\n8. Ch\u1ea5t li\u1ec7u: Nh\u1ef1a<br \/>\n9. Lo\u1ea1i nh\u1ef1a: ABS<br \/>\n10. Bricks Blocks: 7580 PCS<br \/>\n11. C\u00f3 h\u01b0\u1edbng d\u1eabn l\u1eafp r\u00e1p chi ti\u1ebft.<br \/>\n\u0110\u1ec3 \u00fd:<br \/>\n1. Kh\u00f4ng c\u00f3 h\u1ed9p ban \u0111\u1ea7u, nh\u01b0ng ch\u00fang t\u00f4i \u0111\u1ea3m b\u1ea3o s\u1ea3n ph\u1ea9m c\u1ee7a ch\u00fang t\u00f4i c\u00f3 ch\u1ea5t l\u01b0\u1ee3ng \u0111\u1ea3m b\u1ea3o v\u00e0 bao b\u00ec \u0111\u1eb9p.<br \/>\n2. V\u00ec t\u1ea5t c\u1ea3 c\u00e1c b\u1ed9 ph\u1eadn ch\u00fang t\u00f4i \u0111\u00e3 ki\u1ec3m tra tr\u01b0\u1edbc khi v\u1eadn chuy\u1ec3n, v\u00ec v\u1eady n\u1ebfu b\u1ea1n th\u1ea5y m\u1ed9t s\u1ed1 b\u1ed9 ph\u1eadn b\u1ecb thi\u1ebfu ho\u1eb7c h\u01b0 h\u1ecfng, \u0111\u1eebng lo l\u1eafng v\u00e0 ch\u1ec9 c\u1ea7n vui l\u00f2ng li\u00ean h\u1ec7 v\u1edbi ch\u00fang t\u00f4i v\u00e0 ch\u00fang t\u00f4i c\u00f3 th\u1ec3 g\u1eedi l\u1ea1i mi\u1ec5n ph\u00ed cho b\u1ea1n ngay l\u1eadp t\u1ee9c.<\/p>\n<figure id=\"attachment_25304\" aria-describedby=\"caption-attachment-25304\" style=\"width: 750px\" class=\"wp-caption aligncenter\"><img fetchpriority=\"high\" decoding=\"async\" class=\"wp-image-25304 size-full\" src=\"https:\/\/mouldking.store\/wp-content\/uploads\/2021\/10\/Mork-032102-Magic-Academy-with-7580-pieces-1.jpg\" alt=\"Mork 032102 Magic Academy with 7580 pieces\" width=\"750\" height=\"750\" title=\"-\" srcset=\"https:\/\/mouldking.store\/wp-content\/uploads\/2021\/10\/Mork-032102-Magic-Academy-with-7580-pieces-1.jpg 750w, https:\/\/mouldking.store\/wp-content\/uploads\/2021\/10\/Mork-032102-Magic-Academy-with-7580-pieces-1-300x300.jpg 300w, https:\/\/mouldking.store\/wp-content\/uploads\/2021\/10\/Mork-032102-Magic-Academy-with-7580-pieces-1-600x600.jpg 600w, https:\/\/mouldking.store\/wp-content\/uploads\/2021\/10\/Mork-032102-Magic-Academy-with-7580-pieces-1-150x150.jpg 150w\" sizes=\"(max-width: 750px) 100vw, 750px\" \/><figcaption id=\"caption-attachment-25304\" class=\"wp-caption-text\">Mork 032102 H\u1ecdc Vi\u1ec7n Ph\u00e9p Thu\u1eadt v\u1edbi 7580 m\u1ea3nh gh\u00e9p<\/figcaption><\/figure>\n<figure id=\"attachment_25306\" aria-describedby=\"caption-attachment-25306\" style=\"width: 800px\" class=\"wp-caption aligncenter\"><img decoding=\"async\" class=\"wp-image-25306 size-full\" src=\"https:\/\/mouldking.store\/wp-content\/uploads\/2021\/10\/Mork-032102-Magic-Academy-with-7580-pieces-3.jpg\" alt=\"Mork 032102 Magic Academy with 7580 pieces\" width=\"800\" height=\"800\" title=\"-\" srcset=\"https:\/\/mouldking.store\/wp-content\/uploads\/2021\/10\/Mork-032102-Magic-Academy-with-7580-pieces-3.jpg 800w, https:\/\/mouldking.store\/wp-content\/uploads\/2021\/10\/Mork-032102-Magic-Academy-with-7580-pieces-3-300x300.jpg 300w, https:\/\/mouldking.store\/wp-content\/uploads\/2021\/10\/Mork-032102-Magic-Academy-with-7580-pieces-3-768x768.jpg 768w, https:\/\/mouldking.store\/wp-content\/uploads\/2021\/10\/Mork-032102-Magic-Academy-with-7580-pieces-3-600x600.jpg 600w, https:\/\/mouldking.store\/wp-content\/uploads\/2021\/10\/Mork-032102-Magic-Academy-with-7580-pieces-3-150x150.jpg 150w\" sizes=\"(max-width: 800px) 100vw, 800px\" \/><figcaption id=\"caption-attachment-25306\" class=\"wp-caption-text\">Mork 032102 H\u1ecdc Vi\u1ec7n Ph\u00e9p Thu\u1eadt v\u1edbi 7580 m\u1ea3nh gh\u00e9p<\/figcaption><\/figure>\n<figure id=\"attachment_25307\" aria-describedby=\"caption-attachment-25307\" style=\"width: 750px\" class=\"wp-caption aligncenter\"><img decoding=\"async\" class=\"wp-image-25307 size-full\" src=\"https:\/\/mouldking.store\/wp-content\/uploads\/2021\/10\/Mork-032102-Magic-Academy-with-7580-pieces-4.jpg\" alt=\"Mork 032102 Magic Academy with 7580 pieces\" width=\"750\" height=\"750\" title=\"-\" srcset=\"https:\/\/mouldking.store\/wp-content\/uploads\/2021\/10\/Mork-032102-Magic-Academy-with-7580-pieces-4.jpg 750w, https:\/\/mouldking.store\/wp-content\/uploads\/2021\/10\/Mork-032102-Magic-Academy-with-7580-pieces-4-300x300.jpg 300w, https:\/\/mouldking.store\/wp-content\/uploads\/2021\/10\/Mork-032102-Magic-Academy-with-7580-pieces-4-600x600.jpg 600w, https:\/\/mouldking.store\/wp-content\/uploads\/2021\/10\/Mork-032102-Magic-Academy-with-7580-pieces-4-150x150.jpg 150w\" sizes=\"(max-width: 750px) 100vw, 750px\" \/><figcaption id=\"caption-attachment-25307\" class=\"wp-caption-text\">Mork 032102 H\u1ecdc Vi\u1ec7n Ph\u00e9p Thu\u1eadt v\u1edbi 7580 m\u1ea3nh gh\u00e9p<\/figcaption><\/figure>\n<figure id=\"attachment_25305\" aria-describedby=\"caption-attachment-25305\" style=\"width: 750px\" class=\"wp-caption aligncenter\"><img loading=\"lazy\" decoding=\"async\" class=\"wp-image-25305 size-full\" src=\"https:\/\/mouldking.store\/wp-content\/uploads\/2021\/10\/Mork-032102-Magic-Academy-with-7580-pieces-2.jpg\" alt=\"Mork 032102 Magic Academy with 7580 pieces\" width=\"750\" height=\"750\" title=\"-\" srcset=\"https:\/\/mouldking.store\/wp-content\/uploads\/2021\/10\/Mork-032102-Magic-Academy-with-7580-pieces-2.jpg 750w, https:\/\/mouldking.store\/wp-content\/uploads\/2021\/10\/Mork-032102-Magic-Academy-with-7580-pieces-2-300x300.jpg 300w, https:\/\/mouldking.store\/wp-content\/uploads\/2021\/10\/Mork-032102-Magic-Academy-with-7580-pieces-2-600x600.jpg 600w, https:\/\/mouldking.store\/wp-content\/uploads\/2021\/10\/Mork-032102-Magic-Academy-with-7580-pieces-2-150x150.jpg 150w\" sizes=\"(max-width: 750px) 100vw, 750px\" \/><figcaption id=\"caption-attachment-25305\" class=\"wp-caption-text\">Mork 032102 H\u1ecdc Vi\u1ec7n Ph\u00e9p Thu\u1eadt v\u1edbi 7580 m\u1ea3nh gh\u00e9p<\/figcaption><\/figure>","protected":false},"excerpt":{"rendered":"<p>Product information: 1. Brand: Mork 2. Gender: Unisex 3. Name: Magic Academy 4. Age Range: &gt; 6 years old 5. Model Number: 032102 6. Classification: Assemblage 7. Plastic Block Shape: Self-Locking Bricks 8. Material: Plastic 9. Plastic Type: ABS 10. Bricks Blocks: 7580 PCS 11. Contains detailed assembly instructions. Notice: 1. Without an original box, [&hellip;]<\/p>","protected":false},"featured_media":25304,"comment_status":"open","ping_status":"closed","template":"","meta":{"_acf_changed":false},"product_cat":[390],"product_tag":[2353,2354,2351,2352,2350,2349],"class_list":["product","first","instock","shipping-taxable","purchasable","product-type-simple"],"acf":[],"_links":{"self":[{"href":"https:\/\/mouldking.store\/vi\/wp-json\/wp\/v2\/product\/25295","targetHints":{"allow":["GET"]}}],"collection":[{"href":"https:\/\/mouldking.store\/vi\/wp-json\/wp\/v2\/product"}],"about":[{"href":"https:\/\/mouldking.store\/vi\/wp-json\/wp\/v2\/types\/product"}],"replies":[{"embeddable":true,"href":"https:\/\/mouldking.store\/vi\/wp-json\/wp\/v2\/comments?post=25295"}],"wp:featuredmedia":[{"embeddable":true,"href":"https:\/\/mouldking.store\/vi\/wp-json\/wp\/v2\/media\/25304"}],"wp:attachment":[{"href":"https:\/\/mouldking.store\/vi\/wp-json\/wp\/v2\/media?parent=25295"}],"wp:term":[{"taxonomy":"product_cat","embeddable":true,"href":"https:\/\/mouldking.store\/vi\/wp-json\/wp\/v2\/product_cat?post=25295"},{"taxonomy":"product_tag","embeddable":true,"href":"https:\/\/mouldking.store\/vi\/wp-json\/wp\/v2\/product_tag?post=25295"}],"curies":[{"name":"wp","href":"https:\/\/api.w.org\/{rel}","templated":true}]}}