{"id":25308,"date":"2021-10-20T16:52:46","date_gmt":"2021-10-20T16:52:46","guid":{"rendered":"https:\/\/mouldking.store\/?post_type=product&#038;p=25308"},"modified":"2023-02-10T06:11:29","modified_gmt":"2023-02-09T23:11:29","slug":"loz-1037-tiny-cabin-house-with-1917-pieces","status":"publish","type":"product","link":"https:\/\/mouldking.store\/vi\/shop\/loz-1037-tiny-cabin-house-with-1917-pieces\/","title":{"rendered":"LOZ 1037 Ng\u00f4i nh\u00e0 t\u00ed hon v\u1edbi 1917 mi\u1ebfng gh\u00e9p"},"content":{"rendered":"<p>Th\u00f4ng tin s\u1ea3n ph\u1ea9m:<br \/>\n1. Th\u01b0\u01a1ng hi\u1ec7u: LOZ<br \/>\n2. Gi\u1edbi t\u00ednh: Unisex<br \/>\n3. Name: Tiny Cabin House<br \/>\n4. \u0110\u1ed9 tu\u1ed5i: &gt; 6 tu\u1ed5i<br \/>\n5. Model Number: 1037<br \/>\n6. Ph\u00e2n lo\u1ea1i: T\u1eadp h\u1ee3p<br \/>\n7. H\u00ecnh d\u1ea1ng kh\u1ed1i nh\u1ef1a: G\u1ea1ch t\u1ef1 kh\u00f3a<br \/>\n8. Ch\u1ea5t li\u1ec7u: Nh\u1ef1a<br \/>\n9. Lo\u1ea1i nh\u1ef1a: ABS<br \/>\n10. Bricks Blocks: 1917 PCS<br \/>\n11. C\u00f3 h\u01b0\u1edbng d\u1eabn l\u1eafp r\u00e1p chi ti\u1ebft.<br \/>\n\u0110\u1ec3 \u00fd:<br \/>\n1. Kh\u00f4ng c\u00f3 h\u1ed9p ban \u0111\u1ea7u, nh\u01b0ng ch\u00fang t\u00f4i \u0111\u1ea3m b\u1ea3o s\u1ea3n ph\u1ea9m c\u1ee7a ch\u00fang t\u00f4i c\u00f3 ch\u1ea5t l\u01b0\u1ee3ng \u0111\u1ea3m b\u1ea3o v\u00e0 bao b\u00ec \u0111\u1eb9p.<br \/>\n2. V\u00ec t\u1ea5t c\u1ea3 c\u00e1c b\u1ed9 ph\u1eadn ch\u00fang t\u00f4i \u0111\u00e3 ki\u1ec3m tra tr\u01b0\u1edbc khi v\u1eadn chuy\u1ec3n, v\u00ec v\u1eady n\u1ebfu b\u1ea1n th\u1ea5y m\u1ed9t s\u1ed1 b\u1ed9 ph\u1eadn b\u1ecb thi\u1ebfu ho\u1eb7c h\u01b0 h\u1ecfng, \u0111\u1eebng lo l\u1eafng v\u00e0 ch\u1ec9 c\u1ea7n vui l\u00f2ng li\u00ean h\u1ec7 v\u1edbi ch\u00fang t\u00f4i v\u00e0 ch\u00fang t\u00f4i c\u00f3 th\u1ec3 g\u1eedi l\u1ea1i mi\u1ec5n ph\u00ed cho b\u1ea1n ngay l\u1eadp t\u1ee9c.<\/p>\n<figure id=\"attachment_25316\" aria-describedby=\"caption-attachment-25316\" style=\"width: 750px\" class=\"wp-caption aligncenter\"><img fetchpriority=\"high\" decoding=\"async\" class=\"wp-image-25316 size-full\" src=\"https:\/\/mouldking.store\/wp-content\/uploads\/2021\/10\/LOZ-1037-Tiny-Cabin-House-with-1917-pieces-7.jpg\" alt=\"LOZ 1037 Tiny Cabin House with 1917 pieces\" width=\"750\" height=\"1024\" title=\"-\" srcset=\"https:\/\/mouldking.store\/wp-content\/uploads\/2021\/10\/LOZ-1037-Tiny-Cabin-House-with-1917-pieces-7.jpg 750w, https:\/\/mouldking.store\/wp-content\/uploads\/2021\/10\/LOZ-1037-Tiny-Cabin-House-with-1917-pieces-7-220x300.jpg 220w, https:\/\/mouldking.store\/wp-content\/uploads\/2021\/10\/LOZ-1037-Tiny-Cabin-House-with-1917-pieces-7-300x410.jpg 300w, https:\/\/mouldking.store\/wp-content\/uploads\/2021\/10\/LOZ-1037-Tiny-Cabin-House-with-1917-pieces-7-600x819.jpg 600w, https:\/\/mouldking.store\/wp-content\/uploads\/2021\/10\/LOZ-1037-Tiny-Cabin-House-with-1917-pieces-7-110x150.jpg 110w\" sizes=\"(max-width: 750px) 100vw, 750px\" \/><figcaption id=\"caption-attachment-25316\" class=\"wp-caption-text\">LOZ 1037 Ng\u00f4i nh\u00e0 t\u00ed hon v\u1edbi 1917 mi\u1ebfng gh\u00e9p<\/figcaption><\/figure>\n<figure id=\"attachment_25315\" aria-describedby=\"caption-attachment-25315\" style=\"width: 708px\" class=\"wp-caption aligncenter\"><img decoding=\"async\" class=\"wp-image-25315 size-full\" src=\"https:\/\/mouldking.store\/wp-content\/uploads\/2021\/10\/LOZ-1037-Tiny-Cabin-House-with-1917-pieces-6.jpg\" alt=\"LOZ 1037 Tiny Cabin House with 1917 pieces\" width=\"708\" height=\"1024\" title=\"-\" srcset=\"https:\/\/mouldking.store\/wp-content\/uploads\/2021\/10\/LOZ-1037-Tiny-Cabin-House-with-1917-pieces-6.jpg 708w, https:\/\/mouldking.store\/wp-content\/uploads\/2021\/10\/LOZ-1037-Tiny-Cabin-House-with-1917-pieces-6-207x300.jpg 207w, https:\/\/mouldking.store\/wp-content\/uploads\/2021\/10\/LOZ-1037-Tiny-Cabin-House-with-1917-pieces-6-300x434.jpg 300w, https:\/\/mouldking.store\/wp-content\/uploads\/2021\/10\/LOZ-1037-Tiny-Cabin-House-with-1917-pieces-6-600x868.jpg 600w, https:\/\/mouldking.store\/wp-content\/uploads\/2021\/10\/LOZ-1037-Tiny-Cabin-House-with-1917-pieces-6-104x150.jpg 104w\" sizes=\"(max-width: 708px) 100vw, 708px\" \/><figcaption id=\"caption-attachment-25315\" class=\"wp-caption-text\">LOZ 1037 Ng\u00f4i nh\u00e0 t\u00ed hon v\u1edbi 1917 mi\u1ebfng gh\u00e9p<\/figcaption><\/figure>\n<figure id=\"attachment_25314\" aria-describedby=\"caption-attachment-25314\" style=\"width: 700px\" class=\"wp-caption aligncenter\"><img decoding=\"async\" class=\"wp-image-25314\" src=\"https:\/\/mouldking.store\/wp-content\/uploads\/2021\/10\/LOZ-1037-Tiny-Cabin-House-with-1917-pieces-5-300x225.jpg\" alt=\"LOZ 1037 Tiny Cabin House with 1917 pieces\" width=\"700\" height=\"525\" title=\"-\" srcset=\"https:\/\/mouldking.store\/wp-content\/uploads\/2021\/10\/LOZ-1037-Tiny-Cabin-House-with-1917-pieces-5-300x225.jpg 300w, https:\/\/mouldking.store\/wp-content\/uploads\/2021\/10\/LOZ-1037-Tiny-Cabin-House-with-1917-pieces-5-768x576.jpg 768w, https:\/\/mouldking.store\/wp-content\/uploads\/2021\/10\/LOZ-1037-Tiny-Cabin-House-with-1917-pieces-5-600x450.jpg 600w, https:\/\/mouldking.store\/wp-content\/uploads\/2021\/10\/LOZ-1037-Tiny-Cabin-House-with-1917-pieces-5-150x113.jpg 150w, https:\/\/mouldking.store\/wp-content\/uploads\/2021\/10\/LOZ-1037-Tiny-Cabin-House-with-1917-pieces-5.jpg 992w\" sizes=\"(max-width: 700px) 100vw, 700px\" \/><figcaption id=\"caption-attachment-25314\" class=\"wp-caption-text\">LOZ 1037 Ng\u00f4i nh\u00e0 t\u00ed hon v\u1edbi 1917 mi\u1ebfng gh\u00e9p<\/figcaption><\/figure>\n<figure id=\"attachment_25313\" aria-describedby=\"caption-attachment-25313\" style=\"width: 700px\" class=\"wp-caption aligncenter\"><img loading=\"lazy\" decoding=\"async\" class=\"wp-image-25313\" src=\"https:\/\/mouldking.store\/wp-content\/uploads\/2021\/10\/LOZ-1037-Tiny-Cabin-House-with-1917-pieces-4-300x225.jpg\" alt=\"LOZ 1037 Tiny Cabin House with 1917 pieces\" width=\"700\" height=\"525\" title=\"-\" srcset=\"https:\/\/mouldking.store\/wp-content\/uploads\/2021\/10\/LOZ-1037-Tiny-Cabin-House-with-1917-pieces-4-300x225.jpg 300w, https:\/\/mouldking.store\/wp-content\/uploads\/2021\/10\/LOZ-1037-Tiny-Cabin-House-with-1917-pieces-4-768x576.jpg 768w, https:\/\/mouldking.store\/wp-content\/uploads\/2021\/10\/LOZ-1037-Tiny-Cabin-House-with-1917-pieces-4-600x450.jpg 600w, https:\/\/mouldking.store\/wp-content\/uploads\/2021\/10\/LOZ-1037-Tiny-Cabin-House-with-1917-pieces-4-150x113.jpg 150w, https:\/\/mouldking.store\/wp-content\/uploads\/2021\/10\/LOZ-1037-Tiny-Cabin-House-with-1917-pieces-4.jpg 1024w\" sizes=\"(max-width: 700px) 100vw, 700px\" \/><figcaption id=\"caption-attachment-25313\" class=\"wp-caption-text\">LOZ 1037 Ng\u00f4i nh\u00e0 t\u00ed hon v\u1edbi 1917 mi\u1ebfng gh\u00e9p<\/figcaption><\/figure>\n<figure id=\"attachment_25312\" aria-describedby=\"caption-attachment-25312\" style=\"width: 700px\" class=\"wp-caption aligncenter\"><img loading=\"lazy\" decoding=\"async\" class=\"wp-image-25312\" src=\"https:\/\/mouldking.store\/wp-content\/uploads\/2021\/10\/LOZ-1037-Tiny-Cabin-House-with-1917-pieces-3-300x225.jpg\" alt=\"LOZ 1037 Tiny Cabin House with 1917 pieces\" width=\"700\" height=\"525\" title=\"-\" srcset=\"https:\/\/mouldking.store\/wp-content\/uploads\/2021\/10\/LOZ-1037-Tiny-Cabin-House-with-1917-pieces-3-300x225.jpg 300w, https:\/\/mouldking.store\/wp-content\/uploads\/2021\/10\/LOZ-1037-Tiny-Cabin-House-with-1917-pieces-3-768x576.jpg 768w, https:\/\/mouldking.store\/wp-content\/uploads\/2021\/10\/LOZ-1037-Tiny-Cabin-House-with-1917-pieces-3-600x450.jpg 600w, https:\/\/mouldking.store\/wp-content\/uploads\/2021\/10\/LOZ-1037-Tiny-Cabin-House-with-1917-pieces-3-150x113.jpg 150w, https:\/\/mouldking.store\/wp-content\/uploads\/2021\/10\/LOZ-1037-Tiny-Cabin-House-with-1917-pieces-3.jpg 1024w\" sizes=\"(max-width: 700px) 100vw, 700px\" \/><figcaption id=\"caption-attachment-25312\" class=\"wp-caption-text\">LOZ 1037 Ng\u00f4i nh\u00e0 t\u00ed hon v\u1edbi 1917 mi\u1ebfng gh\u00e9p<\/figcaption><\/figure>\n<figure id=\"attachment_25311\" aria-describedby=\"caption-attachment-25311\" style=\"width: 700px\" class=\"wp-caption aligncenter\"><img loading=\"lazy\" decoding=\"async\" class=\"wp-image-25311\" src=\"https:\/\/mouldking.store\/wp-content\/uploads\/2021\/10\/LOZ-1037-Tiny-Cabin-House-with-1917-pieces-2-300x225.jpg\" alt=\"LOZ 1037 Tiny Cabin House with 1917 pieces\" width=\"700\" height=\"525\" title=\"-\" srcset=\"https:\/\/mouldking.store\/wp-content\/uploads\/2021\/10\/LOZ-1037-Tiny-Cabin-House-with-1917-pieces-2-300x225.jpg 300w, https:\/\/mouldking.store\/wp-content\/uploads\/2021\/10\/LOZ-1037-Tiny-Cabin-House-with-1917-pieces-2-768x576.jpg 768w, https:\/\/mouldking.store\/wp-content\/uploads\/2021\/10\/LOZ-1037-Tiny-Cabin-House-with-1917-pieces-2-600x450.jpg 600w, https:\/\/mouldking.store\/wp-content\/uploads\/2021\/10\/LOZ-1037-Tiny-Cabin-House-with-1917-pieces-2-150x113.jpg 150w, https:\/\/mouldking.store\/wp-content\/uploads\/2021\/10\/LOZ-1037-Tiny-Cabin-House-with-1917-pieces-2.jpg 1024w\" sizes=\"(max-width: 700px) 100vw, 700px\" \/><figcaption id=\"caption-attachment-25311\" class=\"wp-caption-text\">LOZ 1037 Ng\u00f4i nh\u00e0 t\u00ed hon v\u1edbi 1917 mi\u1ebfng gh\u00e9p<\/figcaption><\/figure>","protected":false},"excerpt":{"rendered":"<p>Product information: 1. Brand: LOZ 2. Gender: Unisex 3. Name: Tiny Cabin House 4. Age Range: &gt; 6 years old 5. Model Number: 1037 6. Classification: Assemblage 7. Plastic Block Shape: Self-Locking Bricks 8. Material: Plastic 9. Plastic Type: ABS 10. Bricks Blocks: 1917 PCS 11. Contains detailed assembly instructions. Notice: 1. Without an original [&hellip;]<\/p>","protected":false},"author":105,"featured_media":25310,"comment_status":"open","ping_status":"closed","template":"","meta":{"_acf_changed":false},"product_cat":[371],"product_tag":[2358,2359,2202,2356,2360,2355,2361,2357],"class_list":["product","first","instock","shipping-taxable","purchasable","product-type-simple"],"acf":[],"_links":{"self":[{"href":"https:\/\/mouldking.store\/vi\/wp-json\/wp\/v2\/product\/25308","targetHints":{"allow":["GET"]}}],"collection":[{"href":"https:\/\/mouldking.store\/vi\/wp-json\/wp\/v2\/product"}],"about":[{"href":"https:\/\/mouldking.store\/vi\/wp-json\/wp\/v2\/types\/product"}],"author":[{"embeddable":true,"href":"https:\/\/mouldking.store\/vi\/wp-json\/wp\/v2\/users\/105"}],"replies":[{"embeddable":true,"href":"https:\/\/mouldking.store\/vi\/wp-json\/wp\/v2\/comments?post=25308"}],"wp:featuredmedia":[{"embeddable":true,"href":"https:\/\/mouldking.store\/vi\/wp-json\/wp\/v2\/media\/25310"}],"wp:attachment":[{"href":"https:\/\/mouldking.store\/vi\/wp-json\/wp\/v2\/media?parent=25308"}],"wp:term":[{"taxonomy":"product_cat","embeddable":true,"href":"https:\/\/mouldking.store\/vi\/wp-json\/wp\/v2\/product_cat?post=25308"},{"taxonomy":"product_tag","embeddable":true,"href":"https:\/\/mouldking.store\/vi\/wp-json\/wp\/v2\/product_tag?post=25308"}],"curies":[{"name":"wp","href":"https:\/\/api.w.org\/{rel}","templated":true}]}}