{"id":25346,"date":"2021-10-22T02:31:55","date_gmt":"2021-10-22T02:31:55","guid":{"rendered":"https:\/\/mouldking.store\/?post_type=product&#038;p=25346"},"modified":"2021-12-23T09:41:58","modified_gmt":"2021-12-23T09:41:58","slug":"hsanhe-11001-one-piece-characters-with-1500-pieces","status":"publish","type":"product","link":"https:\/\/mouldking.store\/vi\/shop\/hsanhe-11001-one-piece-characters-with-1500-pieces\/","title":{"rendered":"HSANHE 11001 Nh\u00e2n v\u1eadt ONE PIECE v\u1edbi 1500 m\u1ea3nh gh\u00e9p"},"content":{"rendered":"<p>Th\u00f4ng tin s\u1ea3n ph\u1ea9m:<br \/>\n1. Brand: HSANHE<br \/>\n2. Gi\u1edbi t\u00ednh: Unisex<br \/>\n3. Name: ONE PIECE Characters<br \/>\n4. \u0110\u1ed9 tu\u1ed5i: &gt; 6 tu\u1ed5i<br \/>\n5. Model Number: 11001<br \/>\n6. Ph\u00e2n lo\u1ea1i: T\u1eadp h\u1ee3p<br \/>\n7. H\u00ecnh d\u1ea1ng kh\u1ed1i nh\u1ef1a: G\u1ea1ch t\u1ef1 kh\u00f3a<br \/>\n8. Ch\u1ea5t li\u1ec7u: Nh\u1ef1a<br \/>\n9. Lo\u1ea1i nh\u1ef1a: ABS<br \/>\n10. Bricks Blocks: 1500 PCS<br \/>\n11. C\u00f3 h\u01b0\u1edbng d\u1eabn l\u1eafp r\u00e1p chi ti\u1ebft.<br \/>\n\u0110\u1ec3 \u00fd:<br \/>\n1. Kh\u00f4ng c\u00f3 h\u1ed9p ban \u0111\u1ea7u, nh\u01b0ng ch\u00fang t\u00f4i \u0111\u1ea3m b\u1ea3o s\u1ea3n ph\u1ea9m c\u1ee7a ch\u00fang t\u00f4i c\u00f3 ch\u1ea5t l\u01b0\u1ee3ng \u0111\u1ea3m b\u1ea3o v\u00e0 bao b\u00ec \u0111\u1eb9p.<br \/>\n2. V\u00ec t\u1ea5t c\u1ea3 c\u00e1c b\u1ed9 ph\u1eadn ch\u00fang t\u00f4i \u0111\u00e3 ki\u1ec3m tra tr\u01b0\u1edbc khi v\u1eadn chuy\u1ec3n, v\u00ec v\u1eady n\u1ebfu b\u1ea1n th\u1ea5y m\u1ed9t s\u1ed1 b\u1ed9 ph\u1eadn b\u1ecb thi\u1ebfu ho\u1eb7c h\u01b0 h\u1ecfng, \u0111\u1eebng lo l\u1eafng v\u00e0 ch\u1ec9 c\u1ea7n vui l\u00f2ng li\u00ean h\u1ec7 v\u1edbi ch\u00fang t\u00f4i v\u00e0 ch\u00fang t\u00f4i c\u00f3 th\u1ec3 g\u1eedi l\u1ea1i mi\u1ec5n ph\u00ed cho b\u1ea1n ngay l\u1eadp t\u1ee9c.<\/p>\n<figure id=\"attachment_25352\" aria-describedby=\"caption-attachment-25352\" style=\"width: 800px\" class=\"wp-caption aligncenter\"><img fetchpriority=\"high\" decoding=\"async\" class=\"wp-image-25352 size-full\" src=\"https:\/\/mouldking.store\/wp-content\/uploads\/2021\/10\/HSANHE-11001-ONE-PIECE-Characters-with-1500-pieces-2.jpg\" alt=\"HSANHE 11001 ONE PIECE Characters with 1500 pieces\" width=\"800\" height=\"800\" title=\"-\" srcset=\"https:\/\/mouldking.store\/wp-content\/uploads\/2021\/10\/HSANHE-11001-ONE-PIECE-Characters-with-1500-pieces-2.jpg 800w, https:\/\/mouldking.store\/wp-content\/uploads\/2021\/10\/HSANHE-11001-ONE-PIECE-Characters-with-1500-pieces-2-300x300.jpg 300w, https:\/\/mouldking.store\/wp-content\/uploads\/2021\/10\/HSANHE-11001-ONE-PIECE-Characters-with-1500-pieces-2-768x768.jpg 768w, https:\/\/mouldking.store\/wp-content\/uploads\/2021\/10\/HSANHE-11001-ONE-PIECE-Characters-with-1500-pieces-2-600x600.jpg 600w, https:\/\/mouldking.store\/wp-content\/uploads\/2021\/10\/HSANHE-11001-ONE-PIECE-Characters-with-1500-pieces-2-150x150.jpg 150w\" sizes=\"(max-width: 800px) 100vw, 800px\" \/><figcaption id=\"caption-attachment-25352\" class=\"wp-caption-text\">HSANHE 11001 Nh\u00e2n v\u1eadt ONE PIECE v\u1edbi 1500 m\u1ea3nh gh\u00e9p<\/figcaption><\/figure>\n<figure id=\"attachment_25358\" aria-describedby=\"caption-attachment-25358\" style=\"width: 800px\" class=\"wp-caption aligncenter\"><img decoding=\"async\" class=\"wp-image-25358 size-full\" src=\"https:\/\/mouldking.store\/wp-content\/uploads\/2021\/10\/HSANHE-11001-ONE-PIECE-Characters-with-1500-pieces-1.jpg\" alt=\"HSANHE 11001 ONE PIECE Characters with 1500 pieces\" width=\"800\" height=\"800\" title=\"-\" srcset=\"https:\/\/mouldking.store\/wp-content\/uploads\/2021\/10\/HSANHE-11001-ONE-PIECE-Characters-with-1500-pieces-1.jpg 800w, https:\/\/mouldking.store\/wp-content\/uploads\/2021\/10\/HSANHE-11001-ONE-PIECE-Characters-with-1500-pieces-1-300x300.jpg 300w, https:\/\/mouldking.store\/wp-content\/uploads\/2021\/10\/HSANHE-11001-ONE-PIECE-Characters-with-1500-pieces-1-768x768.jpg 768w, https:\/\/mouldking.store\/wp-content\/uploads\/2021\/10\/HSANHE-11001-ONE-PIECE-Characters-with-1500-pieces-1-600x600.jpg 600w, https:\/\/mouldking.store\/wp-content\/uploads\/2021\/10\/HSANHE-11001-ONE-PIECE-Characters-with-1500-pieces-1-150x150.jpg 150w\" sizes=\"(max-width: 800px) 100vw, 800px\" \/><figcaption id=\"caption-attachment-25358\" class=\"wp-caption-text\">HSANHE 11001 Nh\u00e2n v\u1eadt ONE PIECE v\u1edbi 1500 m\u1ea3nh gh\u00e9p<\/figcaption><\/figure>\n<figure id=\"attachment_25357\" aria-describedby=\"caption-attachment-25357\" style=\"width: 800px\" class=\"wp-caption aligncenter\"><img decoding=\"async\" class=\"wp-image-25357 size-full\" src=\"https:\/\/mouldking.store\/wp-content\/uploads\/2021\/10\/HSANHE-11001-ONE-PIECE-Characters-with-1500-pieces-7.jpg\" alt=\"HSANHE 11001 ONE PIECE Characters with 1500 pieces\" width=\"800\" height=\"800\" title=\"-\" srcset=\"https:\/\/mouldking.store\/wp-content\/uploads\/2021\/10\/HSANHE-11001-ONE-PIECE-Characters-with-1500-pieces-7.jpg 800w, https:\/\/mouldking.store\/wp-content\/uploads\/2021\/10\/HSANHE-11001-ONE-PIECE-Characters-with-1500-pieces-7-300x300.jpg 300w, https:\/\/mouldking.store\/wp-content\/uploads\/2021\/10\/HSANHE-11001-ONE-PIECE-Characters-with-1500-pieces-7-768x768.jpg 768w, https:\/\/mouldking.store\/wp-content\/uploads\/2021\/10\/HSANHE-11001-ONE-PIECE-Characters-with-1500-pieces-7-600x600.jpg 600w, https:\/\/mouldking.store\/wp-content\/uploads\/2021\/10\/HSANHE-11001-ONE-PIECE-Characters-with-1500-pieces-7-150x150.jpg 150w\" sizes=\"(max-width: 800px) 100vw, 800px\" \/><figcaption id=\"caption-attachment-25357\" class=\"wp-caption-text\">HSANHE 11001 Nh\u00e2n v\u1eadt ONE PIECE v\u1edbi 1500 m\u1ea3nh gh\u00e9p<\/figcaption><\/figure>\n<figure id=\"attachment_25356\" aria-describedby=\"caption-attachment-25356\" style=\"width: 800px\" class=\"wp-caption aligncenter\"><img loading=\"lazy\" decoding=\"async\" class=\"wp-image-25356\" src=\"https:\/\/mouldking.store\/wp-content\/uploads\/2021\/10\/HSANHE-11001-ONE-PIECE-Characters-with-1500-pieces-6-300x225.jpg\" alt=\"HSANHE 11001 ONE PIECE Characters with 1500 pieces\" width=\"800\" height=\"600\" title=\"-\" srcset=\"https:\/\/mouldking.store\/wp-content\/uploads\/2021\/10\/HSANHE-11001-ONE-PIECE-Characters-with-1500-pieces-6-300x225.jpg 300w, https:\/\/mouldking.store\/wp-content\/uploads\/2021\/10\/HSANHE-11001-ONE-PIECE-Characters-with-1500-pieces-6-768x576.jpg 768w, https:\/\/mouldking.store\/wp-content\/uploads\/2021\/10\/HSANHE-11001-ONE-PIECE-Characters-with-1500-pieces-6-600x450.jpg 600w, https:\/\/mouldking.store\/wp-content\/uploads\/2021\/10\/HSANHE-11001-ONE-PIECE-Characters-with-1500-pieces-6-150x113.jpg 150w, https:\/\/mouldking.store\/wp-content\/uploads\/2021\/10\/HSANHE-11001-ONE-PIECE-Characters-with-1500-pieces-6.jpg 1024w\" sizes=\"(max-width: 800px) 100vw, 800px\" \/><figcaption id=\"caption-attachment-25356\" class=\"wp-caption-text\">HSANHE 11001 Nh\u00e2n v\u1eadt ONE PIECE v\u1edbi 1500 m\u1ea3nh gh\u00e9p<\/figcaption><\/figure>\n<figure id=\"attachment_25355\" aria-describedby=\"caption-attachment-25355\" style=\"width: 800px\" class=\"wp-caption aligncenter\"><img loading=\"lazy\" decoding=\"async\" class=\"wp-image-25355\" src=\"https:\/\/mouldking.store\/wp-content\/uploads\/2021\/10\/HSANHE-11001-ONE-PIECE-Characters-with-1500-pieces-5-300x225.jpg\" alt=\"HSANHE 11001 ONE PIECE Characters with 1500 pieces\" width=\"800\" height=\"600\" title=\"-\" srcset=\"https:\/\/mouldking.store\/wp-content\/uploads\/2021\/10\/HSANHE-11001-ONE-PIECE-Characters-with-1500-pieces-5-300x225.jpg 300w, https:\/\/mouldking.store\/wp-content\/uploads\/2021\/10\/HSANHE-11001-ONE-PIECE-Characters-with-1500-pieces-5-768x576.jpg 768w, https:\/\/mouldking.store\/wp-content\/uploads\/2021\/10\/HSANHE-11001-ONE-PIECE-Characters-with-1500-pieces-5-600x450.jpg 600w, https:\/\/mouldking.store\/wp-content\/uploads\/2021\/10\/HSANHE-11001-ONE-PIECE-Characters-with-1500-pieces-5-150x113.jpg 150w, https:\/\/mouldking.store\/wp-content\/uploads\/2021\/10\/HSANHE-11001-ONE-PIECE-Characters-with-1500-pieces-5.jpg 1024w\" sizes=\"(max-width: 800px) 100vw, 800px\" \/><figcaption id=\"caption-attachment-25355\" class=\"wp-caption-text\">HSANHE 11001 Nh\u00e2n v\u1eadt ONE PIECE v\u1edbi 1500 m\u1ea3nh gh\u00e9p<\/figcaption><\/figure>\n<figure id=\"attachment_25354\" aria-describedby=\"caption-attachment-25354\" style=\"width: 800px\" class=\"wp-caption aligncenter\"><img loading=\"lazy\" decoding=\"async\" class=\"wp-image-25354\" src=\"https:\/\/mouldking.store\/wp-content\/uploads\/2021\/10\/HSANHE-11001-ONE-PIECE-Characters-with-1500-pieces-4-300x225.jpg\" alt=\"HSANHE 11001 ONE PIECE Characters with 1500 pieces\" width=\"800\" height=\"600\" title=\"-\" srcset=\"https:\/\/mouldking.store\/wp-content\/uploads\/2021\/10\/HSANHE-11001-ONE-PIECE-Characters-with-1500-pieces-4-300x225.jpg 300w, https:\/\/mouldking.store\/wp-content\/uploads\/2021\/10\/HSANHE-11001-ONE-PIECE-Characters-with-1500-pieces-4-768x576.jpg 768w, https:\/\/mouldking.store\/wp-content\/uploads\/2021\/10\/HSANHE-11001-ONE-PIECE-Characters-with-1500-pieces-4-600x450.jpg 600w, https:\/\/mouldking.store\/wp-content\/uploads\/2021\/10\/HSANHE-11001-ONE-PIECE-Characters-with-1500-pieces-4-150x113.jpg 150w, https:\/\/mouldking.store\/wp-content\/uploads\/2021\/10\/HSANHE-11001-ONE-PIECE-Characters-with-1500-pieces-4.jpg 1024w\" sizes=\"(max-width: 800px) 100vw, 800px\" \/><figcaption id=\"caption-attachment-25354\" class=\"wp-caption-text\">HSANHE 11001 Nh\u00e2n v\u1eadt ONE PIECE v\u1edbi 1500 m\u1ea3nh gh\u00e9p<\/figcaption><\/figure>\n<figure id=\"attachment_25353\" aria-describedby=\"caption-attachment-25353\" style=\"width: 800px\" class=\"wp-caption aligncenter\"><img loading=\"lazy\" decoding=\"async\" class=\"wp-image-25353\" src=\"https:\/\/mouldking.store\/wp-content\/uploads\/2021\/10\/HSANHE-11001-ONE-PIECE-Characters-with-1500-pieces-3-300x225.jpg\" alt=\"HSANHE 11001 ONE PIECE Characters with 1500 pieces\" width=\"800\" height=\"600\" title=\"-\" srcset=\"https:\/\/mouldking.store\/wp-content\/uploads\/2021\/10\/HSANHE-11001-ONE-PIECE-Characters-with-1500-pieces-3-300x225.jpg 300w, https:\/\/mouldking.store\/wp-content\/uploads\/2021\/10\/HSANHE-11001-ONE-PIECE-Characters-with-1500-pieces-3-768x576.jpg 768w, https:\/\/mouldking.store\/wp-content\/uploads\/2021\/10\/HSANHE-11001-ONE-PIECE-Characters-with-1500-pieces-3-600x450.jpg 600w, https:\/\/mouldking.store\/wp-content\/uploads\/2021\/10\/HSANHE-11001-ONE-PIECE-Characters-with-1500-pieces-3-150x113.jpg 150w, https:\/\/mouldking.store\/wp-content\/uploads\/2021\/10\/HSANHE-11001-ONE-PIECE-Characters-with-1500-pieces-3.jpg 1024w\" sizes=\"(max-width: 800px) 100vw, 800px\" \/><figcaption id=\"caption-attachment-25353\" class=\"wp-caption-text\">HSANHE 11001 Nh\u00e2n v\u1eadt ONE PIECE v\u1edbi 1500 m\u1ea3nh gh\u00e9p<\/figcaption><\/figure>\n<p>&nbsp;<\/p>","protected":false},"excerpt":{"rendered":"<p>Product information: 1. Brand: HSANHE 2. Gender: Unisex 3. Name: ONE PIECE Characters 4. Age Range: &gt; 6 years old 5. Model Number: 11001 6. Classification: Assemblage 7. Plastic Block Shape: Self-Locking Bricks 8. Material: Plastic 9. Plastic Type: ABS 10. Bricks Blocks: 1500 PCS 11. Contains detailed assembly instructions. Notice: 1. Without an original [&hellip;]<\/p>","protected":false},"featured_media":25352,"comment_status":"open","ping_status":"closed","template":"","meta":{"_acf_changed":false},"product_cat":[581],"product_tag":[2390,2384,2382,2388,2387,2392,2391,1824,2389],"class_list":["product","first","instock","shipping-taxable","purchasable","product-type-variable"],"acf":[],"_links":{"self":[{"href":"https:\/\/mouldking.store\/vi\/wp-json\/wp\/v2\/product\/25346","targetHints":{"allow":["GET"]}}],"collection":[{"href":"https:\/\/mouldking.store\/vi\/wp-json\/wp\/v2\/product"}],"about":[{"href":"https:\/\/mouldking.store\/vi\/wp-json\/wp\/v2\/types\/product"}],"replies":[{"embeddable":true,"href":"https:\/\/mouldking.store\/vi\/wp-json\/wp\/v2\/comments?post=25346"}],"wp:featuredmedia":[{"embeddable":true,"href":"https:\/\/mouldking.store\/vi\/wp-json\/wp\/v2\/media\/25352"}],"wp:attachment":[{"href":"https:\/\/mouldking.store\/vi\/wp-json\/wp\/v2\/media?parent=25346"}],"wp:term":[{"taxonomy":"product_cat","embeddable":true,"href":"https:\/\/mouldking.store\/vi\/wp-json\/wp\/v2\/product_cat?post=25346"},{"taxonomy":"product_tag","embeddable":true,"href":"https:\/\/mouldking.store\/vi\/wp-json\/wp\/v2\/product_tag?post=25346"}],"curies":[{"name":"wp","href":"https:\/\/api.w.org\/{rel}","templated":true}]}}