{"id":25362,"date":"2021-10-21T04:45:29","date_gmt":"2021-10-21T04:45:29","guid":{"rendered":"https:\/\/mouldking.store\/?post_type=product&#038;p=25362"},"modified":"2021-12-23T09:41:55","modified_gmt":"2021-12-23T09:41:55","slug":"mould-king-18018-lighting-racing-car-with-515-pieces","status":"publish","type":"product","link":"https:\/\/mouldking.store\/vi\/shop\/mould-king-18018-lighting-racing-car-with-515-pieces\/","title":{"rendered":"Xe \u0111ua chi\u1ebfu s\u00e1ng Mold King 18018 515 mi\u1ebfng"},"content":{"rendered":"<p>Th\u00f4ng tin s\u1ea3n ph\u1ea9m:<br \/>\n1. Th\u01b0\u01a1ng hi\u1ec7u: Khu\u00f4n Vua<br \/>\n2. Gi\u1edbi t\u00ednh: Unisex<br \/>\n3. Name: Lighting Racing Car<br \/>\n4. \u0110\u1ed9 tu\u1ed5i: &gt; 14 tu\u1ed5i<br \/>\n5. Model Number: 18018<br \/>\n6. Ph\u00e2n lo\u1ea1i: T\u1eadp h\u1ee3p<br \/>\n7. H\u00ecnh d\u1ea1ng kh\u1ed1i nh\u1ef1a: G\u1ea1ch t\u1ef1 kh\u00f3a<br \/>\n8. Ch\u1ea5t li\u1ec7u: Nh\u1ef1a<br \/>\n9. Lo\u1ea1i nh\u1ef1a: ABS<br \/>\n10. Bricks Blocks: 515 PCS<br \/>\n11. C\u00f3 h\u01b0\u1edbng d\u1eabn l\u1eafp r\u00e1p chi ti\u1ebft.<br \/>\n\u0110\u1ec3 \u00fd:<br \/>\n1. Kh\u00f4ng c\u00f3 h\u1ed9p ban \u0111\u1ea7u, nh\u01b0ng ch\u00fang t\u00f4i \u0111\u1ea3m b\u1ea3o s\u1ea3n ph\u1ea9m c\u1ee7a ch\u00fang t\u00f4i c\u00f3 ch\u1ea5t l\u01b0\u1ee3ng \u0111\u1ea3m b\u1ea3o v\u00e0 bao b\u00ec \u0111\u1eb9p.<br \/>\n2. V\u00ec t\u1ea5t c\u1ea3 c\u00e1c b\u1ed9 ph\u1eadn ch\u00fang t\u00f4i \u0111\u00e3 ki\u1ec3m tra tr\u01b0\u1edbc khi v\u1eadn chuy\u1ec3n, v\u00ec v\u1eady n\u1ebfu b\u1ea1n th\u1ea5y m\u1ed9t s\u1ed1 b\u1ed9 ph\u1eadn b\u1ecb thi\u1ebfu ho\u1eb7c h\u01b0 h\u1ecfng, \u0111\u1eebng lo l\u1eafng v\u00e0 ch\u1ec9 c\u1ea7n vui l\u00f2ng li\u00ean h\u1ec7 v\u1edbi ch\u00fang t\u00f4i v\u00e0 ch\u00fang t\u00f4i c\u00f3 th\u1ec3 g\u1eedi l\u1ea1i mi\u1ec5n ph\u00ed cho b\u1ea1n ngay l\u1eadp t\u1ee9c.<\/p>\n<figure id=\"attachment_25363\" aria-describedby=\"caption-attachment-25363\" style=\"width: 800px\" class=\"wp-caption aligncenter\"><img fetchpriority=\"high\" decoding=\"async\" class=\"wp-image-25363 size-full\" src=\"https:\/\/mouldking.store\/wp-content\/uploads\/2021\/10\/Mould-King-18018-Lighting-Racing-Car-with-515-pieces-1.jpg\" alt=\"Mould King 18018 Lighting Racing Car with 515 pieces\" width=\"800\" height=\"800\" title=\"-\" srcset=\"https:\/\/mouldking.store\/wp-content\/uploads\/2021\/10\/Mould-King-18018-Lighting-Racing-Car-with-515-pieces-1.jpg 800w, https:\/\/mouldking.store\/wp-content\/uploads\/2021\/10\/Mould-King-18018-Lighting-Racing-Car-with-515-pieces-1-300x300.jpg 300w, https:\/\/mouldking.store\/wp-content\/uploads\/2021\/10\/Mould-King-18018-Lighting-Racing-Car-with-515-pieces-1-768x768.jpg 768w, https:\/\/mouldking.store\/wp-content\/uploads\/2021\/10\/Mould-King-18018-Lighting-Racing-Car-with-515-pieces-1-600x600.jpg 600w, https:\/\/mouldking.store\/wp-content\/uploads\/2021\/10\/Mould-King-18018-Lighting-Racing-Car-with-515-pieces-1-150x150.jpg 150w\" sizes=\"(max-width: 800px) 100vw, 800px\" \/><figcaption id=\"caption-attachment-25363\" class=\"wp-caption-text\">Xe \u0111ua chi\u1ebfu s\u00e1ng Mold King 18018 515 mi\u1ebfng<\/figcaption><\/figure>\n<figure id=\"attachment_25368\" aria-describedby=\"caption-attachment-25368\" style=\"width: 750px\" class=\"wp-caption aligncenter\"><img decoding=\"async\" class=\"wp-image-25368 size-full\" src=\"https:\/\/mouldking.store\/wp-content\/uploads\/2021\/10\/Mould-King-18018-Lighting-Racing-Car-with-515-pieces-6.jpg\" alt=\"Mould King 18018 Lighting Racing Car with 515 pieces\" width=\"750\" height=\"542\" title=\"-\" srcset=\"https:\/\/mouldking.store\/wp-content\/uploads\/2021\/10\/Mould-King-18018-Lighting-Racing-Car-with-515-pieces-6.jpg 750w, https:\/\/mouldking.store\/wp-content\/uploads\/2021\/10\/Mould-King-18018-Lighting-Racing-Car-with-515-pieces-6-300x217.jpg 300w, https:\/\/mouldking.store\/wp-content\/uploads\/2021\/10\/Mould-King-18018-Lighting-Racing-Car-with-515-pieces-6-600x434.jpg 600w, https:\/\/mouldking.store\/wp-content\/uploads\/2021\/10\/Mould-King-18018-Lighting-Racing-Car-with-515-pieces-6-150x108.jpg 150w\" sizes=\"(max-width: 750px) 100vw, 750px\" \/><figcaption id=\"caption-attachment-25368\" class=\"wp-caption-text\">Xe \u0111ua chi\u1ebfu s\u00e1ng Mold King 18018 515 mi\u1ebfng<\/figcaption><\/figure>\n<figure id=\"attachment_25367\" aria-describedby=\"caption-attachment-25367\" style=\"width: 750px\" class=\"wp-caption aligncenter\"><img decoding=\"async\" class=\"wp-image-25367 size-full\" src=\"https:\/\/mouldking.store\/wp-content\/uploads\/2021\/10\/Mould-King-18018-Lighting-Racing-Car-with-515-pieces-5.jpg\" alt=\"Mould King 18018 Lighting Racing Car with 515 pieces\" width=\"750\" height=\"926\" title=\"-\" srcset=\"https:\/\/mouldking.store\/wp-content\/uploads\/2021\/10\/Mould-King-18018-Lighting-Racing-Car-with-515-pieces-5.jpg 750w, https:\/\/mouldking.store\/wp-content\/uploads\/2021\/10\/Mould-King-18018-Lighting-Racing-Car-with-515-pieces-5-243x300.jpg 243w, https:\/\/mouldking.store\/wp-content\/uploads\/2021\/10\/Mould-King-18018-Lighting-Racing-Car-with-515-pieces-5-300x370.jpg 300w, https:\/\/mouldking.store\/wp-content\/uploads\/2021\/10\/Mould-King-18018-Lighting-Racing-Car-with-515-pieces-5-600x741.jpg 600w, https:\/\/mouldking.store\/wp-content\/uploads\/2021\/10\/Mould-King-18018-Lighting-Racing-Car-with-515-pieces-5-121x150.jpg 121w\" sizes=\"(max-width: 750px) 100vw, 750px\" \/><figcaption id=\"caption-attachment-25367\" class=\"wp-caption-text\">Xe \u0111ua chi\u1ebfu s\u00e1ng Mold King 18018 515 mi\u1ebfng<\/figcaption><\/figure>\n<figure id=\"attachment_25366\" aria-describedby=\"caption-attachment-25366\" style=\"width: 750px\" class=\"wp-caption aligncenter\"><img loading=\"lazy\" decoding=\"async\" class=\"wp-image-25366\" src=\"https:\/\/mouldking.store\/wp-content\/uploads\/2021\/10\/Mould-King-18018-Lighting-Racing-Car-with-515-pieces-4-190x300.jpg\" alt=\"Mould King 18018 Lighting Racing Car with 515 pieces\" width=\"750\" height=\"1183\" title=\"-\" srcset=\"https:\/\/mouldking.store\/wp-content\/uploads\/2021\/10\/Mould-King-18018-Lighting-Racing-Car-with-515-pieces-4-190x300.jpg 190w, https:\/\/mouldking.store\/wp-content\/uploads\/2021\/10\/Mould-King-18018-Lighting-Racing-Car-with-515-pieces-4-300x473.jpg 300w, https:\/\/mouldking.store\/wp-content\/uploads\/2021\/10\/Mould-King-18018-Lighting-Racing-Car-with-515-pieces-4-600x947.jpg 600w, https:\/\/mouldking.store\/wp-content\/uploads\/2021\/10\/Mould-King-18018-Lighting-Racing-Car-with-515-pieces-4-95x150.jpg 95w, https:\/\/mouldking.store\/wp-content\/uploads\/2021\/10\/Mould-King-18018-Lighting-Racing-Car-with-515-pieces-4.jpg 649w\" sizes=\"(max-width: 750px) 100vw, 750px\" \/><figcaption id=\"caption-attachment-25366\" class=\"wp-caption-text\">Xe \u0111ua chi\u1ebfu s\u00e1ng Mold King 18018 515 mi\u1ebfng<\/figcaption><\/figure>\n<figure id=\"attachment_25364\" aria-describedby=\"caption-attachment-25364\" style=\"width: 750px\" class=\"wp-caption aligncenter\"><img loading=\"lazy\" decoding=\"async\" class=\"wp-image-25364 size-full\" src=\"https:\/\/mouldking.store\/wp-content\/uploads\/2021\/10\/Mould-King-18018-Lighting-Racing-Car-with-515-pieces-2.jpg\" alt=\"Mould King 18018 Lighting Racing Car with 515 pieces\" width=\"750\" height=\"592\" title=\"-\" srcset=\"https:\/\/mouldking.store\/wp-content\/uploads\/2021\/10\/Mould-King-18018-Lighting-Racing-Car-with-515-pieces-2.jpg 750w, https:\/\/mouldking.store\/wp-content\/uploads\/2021\/10\/Mould-King-18018-Lighting-Racing-Car-with-515-pieces-2-300x237.jpg 300w, https:\/\/mouldking.store\/wp-content\/uploads\/2021\/10\/Mould-King-18018-Lighting-Racing-Car-with-515-pieces-2-600x474.jpg 600w, https:\/\/mouldking.store\/wp-content\/uploads\/2021\/10\/Mould-King-18018-Lighting-Racing-Car-with-515-pieces-2-150x118.jpg 150w\" sizes=\"(max-width: 750px) 100vw, 750px\" \/><figcaption id=\"caption-attachment-25364\" class=\"wp-caption-text\">Xe \u0111ua chi\u1ebfu s\u00e1ng Mold King 18018 515 mi\u1ebfng<\/figcaption><\/figure>\n<figure id=\"attachment_25365\" aria-describedby=\"caption-attachment-25365\" style=\"width: 750px\" class=\"wp-caption aligncenter\"><img loading=\"lazy\" decoding=\"async\" class=\"wp-image-25365 size-full\" src=\"https:\/\/mouldking.store\/wp-content\/uploads\/2021\/10\/Mould-King-18018-Lighting-Racing-Car-with-515-pieces-3.jpg\" alt=\"Mould King 18018 Lighting Racing Car with 515 pieces\" width=\"750\" height=\"842\" title=\"-\" srcset=\"https:\/\/mouldking.store\/wp-content\/uploads\/2021\/10\/Mould-King-18018-Lighting-Racing-Car-with-515-pieces-3.jpg 750w, https:\/\/mouldking.store\/wp-content\/uploads\/2021\/10\/Mould-King-18018-Lighting-Racing-Car-with-515-pieces-3-267x300.jpg 267w, https:\/\/mouldking.store\/wp-content\/uploads\/2021\/10\/Mould-King-18018-Lighting-Racing-Car-with-515-pieces-3-300x337.jpg 300w, https:\/\/mouldking.store\/wp-content\/uploads\/2021\/10\/Mould-King-18018-Lighting-Racing-Car-with-515-pieces-3-600x674.jpg 600w, https:\/\/mouldking.store\/wp-content\/uploads\/2021\/10\/Mould-King-18018-Lighting-Racing-Car-with-515-pieces-3-134x150.jpg 134w\" sizes=\"(max-width: 750px) 100vw, 750px\" \/><figcaption id=\"caption-attachment-25365\" class=\"wp-caption-text\">Xe \u0111ua chi\u1ebfu s\u00e1ng Mold King 18018 515 mi\u1ebfng<\/figcaption><\/figure>","protected":false},"excerpt":{"rendered":"<p>Product information: 1. Brand: Mould King 2. Gender: Unisex 3. Name: Lighting Racing Car 4. Age Range: &gt; 14 years old 5. Model Number: 18018 6. Classification: Assemblage 7. Plastic Block Shape: Self-Locking Bricks 8. Material: Plastic 9. Plastic Type: ABS 10. Bricks Blocks: 515 PCS 11. Contains detailed assembly instructions. Notice: 1. Without an [&hellip;]<\/p>","protected":false},"featured_media":25363,"comment_status":"open","ping_status":"closed","template":"","meta":{"_acf_changed":false},"product_cat":[364],"product_tag":[2396,2397,2395,615,2394,2393,2398,2399,480],"class_list":["product","first","instock","shipping-taxable","purchasable","product-type-simple"],"acf":[],"_links":{"self":[{"href":"https:\/\/mouldking.store\/vi\/wp-json\/wp\/v2\/product\/25362","targetHints":{"allow":["GET"]}}],"collection":[{"href":"https:\/\/mouldking.store\/vi\/wp-json\/wp\/v2\/product"}],"about":[{"href":"https:\/\/mouldking.store\/vi\/wp-json\/wp\/v2\/types\/product"}],"replies":[{"embeddable":true,"href":"https:\/\/mouldking.store\/vi\/wp-json\/wp\/v2\/comments?post=25362"}],"wp:featuredmedia":[{"embeddable":true,"href":"https:\/\/mouldking.store\/vi\/wp-json\/wp\/v2\/media\/25363"}],"wp:attachment":[{"href":"https:\/\/mouldking.store\/vi\/wp-json\/wp\/v2\/media?parent=25362"}],"wp:term":[{"taxonomy":"product_cat","embeddable":true,"href":"https:\/\/mouldking.store\/vi\/wp-json\/wp\/v2\/product_cat?post=25362"},{"taxonomy":"product_tag","embeddable":true,"href":"https:\/\/mouldking.store\/vi\/wp-json\/wp\/v2\/product_tag?post=25362"}],"curies":[{"name":"wp","href":"https:\/\/api.w.org\/{rel}","templated":true}]}}