{"id":25379,"date":"2021-10-21T04:56:12","date_gmt":"2021-10-21T04:56:12","guid":{"rendered":"https:\/\/mouldking.store\/?post_type=product&#038;p=25379"},"modified":"2021-12-23T09:41:55","modified_gmt":"2021-12-23T09:41:55","slug":"mould-king-11011-land-carousel-with-5086-pieces","status":"publish","type":"product","link":"https:\/\/mouldking.store\/vi\/shop\/mould-king-11011-land-carousel-with-5086-pieces\/","title":{"rendered":"V\u00f2ng \u0111u quay tr\u00ean \u0111\u1ea5t li\u1ec1n Mold King 11011 v\u1edbi 5086 mi\u1ebfng gh\u00e9p"},"content":{"rendered":"<p>Th\u00f4ng tin s\u1ea3n ph\u1ea9m:<br \/>\n1. Th\u01b0\u01a1ng hi\u1ec7u: Khu\u00f4n Vua<br \/>\n2. Gi\u1edbi t\u00ednh: Unisex<br \/>\n3. Name: Land Carousel<br \/>\n4. \u0110\u1ed9 tu\u1ed5i: &gt; 14 tu\u1ed5i<br \/>\n5. Model Number: 11011<br \/>\n6. Ph\u00e2n lo\u1ea1i: T\u1eadp h\u1ee3p<br \/>\n7. H\u00ecnh d\u1ea1ng kh\u1ed1i nh\u1ef1a: G\u1ea1ch t\u1ef1 kh\u00f3a<br \/>\n8. Ch\u1ea5t li\u1ec7u: Nh\u1ef1a<br \/>\n9. Lo\u1ea1i nh\u1ef1a: ABS<br \/>\n10. Bricks Blocks: 5086 PCS<br \/>\n11. C\u00f3 h\u01b0\u1edbng d\u1eabn l\u1eafp r\u00e1p chi ti\u1ebft.<br \/>\n\u0110\u1ec3 \u00fd:<br \/>\n1. Kh\u00f4ng c\u00f3 h\u1ed9p ban \u0111\u1ea7u, nh\u01b0ng ch\u00fang t\u00f4i \u0111\u1ea3m b\u1ea3o s\u1ea3n ph\u1ea9m c\u1ee7a ch\u00fang t\u00f4i c\u00f3 ch\u1ea5t l\u01b0\u1ee3ng \u0111\u1ea3m b\u1ea3o v\u00e0 bao b\u00ec \u0111\u1eb9p.<br \/>\n2. V\u00ec t\u1ea5t c\u1ea3 c\u00e1c b\u1ed9 ph\u1eadn ch\u00fang t\u00f4i \u0111\u00e3 ki\u1ec3m tra tr\u01b0\u1edbc khi v\u1eadn chuy\u1ec3n, v\u00ec v\u1eady n\u1ebfu b\u1ea1n th\u1ea5y m\u1ed9t s\u1ed1 b\u1ed9 ph\u1eadn b\u1ecb thi\u1ebfu ho\u1eb7c h\u01b0 h\u1ecfng, \u0111\u1eebng lo l\u1eafng v\u00e0 ch\u1ec9 c\u1ea7n vui l\u00f2ng li\u00ean h\u1ec7 v\u1edbi ch\u00fang t\u00f4i v\u00e0 ch\u00fang t\u00f4i c\u00f3 th\u1ec3 g\u1eedi l\u1ea1i mi\u1ec5n ph\u00ed cho b\u1ea1n ngay l\u1eadp t\u1ee9c.<\/p>\n<figure id=\"attachment_25380\" aria-describedby=\"caption-attachment-25380\" style=\"width: 800px\" class=\"wp-caption aligncenter\"><img fetchpriority=\"high\" decoding=\"async\" class=\"wp-image-25380 size-full\" src=\"https:\/\/mouldking.store\/wp-content\/uploads\/2021\/10\/Mould-King-11011-Land-Carousel-with-5086-pieces-1.jpg\" alt=\"Mould King 11011 Land Carousel with 5086 pieces\" width=\"800\" height=\"800\" title=\"-\" srcset=\"https:\/\/mouldking.store\/wp-content\/uploads\/2021\/10\/Mould-King-11011-Land-Carousel-with-5086-pieces-1.jpg 800w, https:\/\/mouldking.store\/wp-content\/uploads\/2021\/10\/Mould-King-11011-Land-Carousel-with-5086-pieces-1-300x300.jpg 300w, https:\/\/mouldking.store\/wp-content\/uploads\/2021\/10\/Mould-King-11011-Land-Carousel-with-5086-pieces-1-768x768.jpg 768w, https:\/\/mouldking.store\/wp-content\/uploads\/2021\/10\/Mould-King-11011-Land-Carousel-with-5086-pieces-1-600x600.jpg 600w, https:\/\/mouldking.store\/wp-content\/uploads\/2021\/10\/Mould-King-11011-Land-Carousel-with-5086-pieces-1-150x150.jpg 150w\" sizes=\"(max-width: 800px) 100vw, 800px\" \/><figcaption id=\"caption-attachment-25380\" class=\"wp-caption-text\">V\u00f2ng \u0111u quay tr\u00ean \u0111\u1ea5t li\u1ec1n Mold King 11011 v\u1edbi 5086 mi\u1ebfng gh\u00e9p<\/figcaption><\/figure>\n<figure id=\"attachment_25385\" aria-describedby=\"caption-attachment-25385\" style=\"width: 753px\" class=\"wp-caption aligncenter\"><img decoding=\"async\" class=\"wp-image-25385 size-full\" src=\"https:\/\/mouldking.store\/wp-content\/uploads\/2021\/10\/Mould-King-11011-Land-Carousel-with-5086-pieces-6.jpg\" alt=\"Mould King 11011 Land Carousel with 5086 pieces\" width=\"753\" height=\"1024\" title=\"-\" srcset=\"https:\/\/mouldking.store\/wp-content\/uploads\/2021\/10\/Mould-King-11011-Land-Carousel-with-5086-pieces-6.jpg 753w, https:\/\/mouldking.store\/wp-content\/uploads\/2021\/10\/Mould-King-11011-Land-Carousel-with-5086-pieces-6-221x300.jpg 221w, https:\/\/mouldking.store\/wp-content\/uploads\/2021\/10\/Mould-King-11011-Land-Carousel-with-5086-pieces-6-300x408.jpg 300w, https:\/\/mouldking.store\/wp-content\/uploads\/2021\/10\/Mould-King-11011-Land-Carousel-with-5086-pieces-6-600x816.jpg 600w, https:\/\/mouldking.store\/wp-content\/uploads\/2021\/10\/Mould-King-11011-Land-Carousel-with-5086-pieces-6-110x150.jpg 110w\" sizes=\"(max-width: 753px) 100vw, 753px\" \/><figcaption id=\"caption-attachment-25385\" class=\"wp-caption-text\">V\u00f2ng \u0111u quay tr\u00ean \u0111\u1ea5t li\u1ec1n Mold King 11011 v\u1edbi 5086 mi\u1ebfng gh\u00e9p<\/figcaption><\/figure>\n<figure id=\"attachment_25386\" aria-describedby=\"caption-attachment-25386\" style=\"width: 709px\" class=\"wp-caption aligncenter\"><img decoding=\"async\" class=\"wp-image-25386 size-full\" src=\"https:\/\/mouldking.store\/wp-content\/uploads\/2021\/10\/Mould-King-11011-Land-Carousel-with-5086-pieces-7.jpg\" alt=\"Mould King 11011 Land Carousel with 5086 pieces\" width=\"709\" height=\"1024\" title=\"-\" srcset=\"https:\/\/mouldking.store\/wp-content\/uploads\/2021\/10\/Mould-King-11011-Land-Carousel-with-5086-pieces-7.jpg 709w, https:\/\/mouldking.store\/wp-content\/uploads\/2021\/10\/Mould-King-11011-Land-Carousel-with-5086-pieces-7-208x300.jpg 208w, https:\/\/mouldking.store\/wp-content\/uploads\/2021\/10\/Mould-King-11011-Land-Carousel-with-5086-pieces-7-300x433.jpg 300w, https:\/\/mouldking.store\/wp-content\/uploads\/2021\/10\/Mould-King-11011-Land-Carousel-with-5086-pieces-7-600x867.jpg 600w, https:\/\/mouldking.store\/wp-content\/uploads\/2021\/10\/Mould-King-11011-Land-Carousel-with-5086-pieces-7-104x150.jpg 104w\" sizes=\"(max-width: 709px) 100vw, 709px\" \/><figcaption id=\"caption-attachment-25386\" class=\"wp-caption-text\">V\u00f2ng \u0111u quay tr\u00ean \u0111\u1ea5t li\u1ec1n Mold King 11011 v\u1edbi 5086 mi\u1ebfng gh\u00e9p<\/figcaption><\/figure>\n<figure id=\"attachment_25383\" aria-describedby=\"caption-attachment-25383\" style=\"width: 800px\" class=\"wp-caption aligncenter\"><img loading=\"lazy\" decoding=\"async\" class=\"wp-image-25383 size-full\" src=\"https:\/\/mouldking.store\/wp-content\/uploads\/2021\/10\/Mould-King-11011-Land-Carousel-with-5086-pieces-4.jpg\" alt=\"Mould King 11011 Land Carousel with 5086 pieces\" width=\"800\" height=\"800\" title=\"-\" srcset=\"https:\/\/mouldking.store\/wp-content\/uploads\/2021\/10\/Mould-King-11011-Land-Carousel-with-5086-pieces-4.jpg 800w, https:\/\/mouldking.store\/wp-content\/uploads\/2021\/10\/Mould-King-11011-Land-Carousel-with-5086-pieces-4-300x300.jpg 300w, https:\/\/mouldking.store\/wp-content\/uploads\/2021\/10\/Mould-King-11011-Land-Carousel-with-5086-pieces-4-768x768.jpg 768w, https:\/\/mouldking.store\/wp-content\/uploads\/2021\/10\/Mould-King-11011-Land-Carousel-with-5086-pieces-4-600x600.jpg 600w, https:\/\/mouldking.store\/wp-content\/uploads\/2021\/10\/Mould-King-11011-Land-Carousel-with-5086-pieces-4-150x150.jpg 150w\" sizes=\"(max-width: 800px) 100vw, 800px\" \/><figcaption id=\"caption-attachment-25383\" class=\"wp-caption-text\">V\u00f2ng \u0111u quay tr\u00ean \u0111\u1ea5t li\u1ec1n Mold King 11011 v\u1edbi 5086 mi\u1ebfng gh\u00e9p<\/figcaption><\/figure>\n<figure id=\"attachment_25382\" aria-describedby=\"caption-attachment-25382\" style=\"width: 800px\" class=\"wp-caption aligncenter\"><img loading=\"lazy\" decoding=\"async\" class=\"wp-image-25382 size-full\" src=\"https:\/\/mouldking.store\/wp-content\/uploads\/2021\/10\/Mould-King-11011-Land-Carousel-with-5086-pieces-3.jpg\" alt=\"Mould King 11011 Land Carousel with 5086 pieces\" width=\"800\" height=\"800\" title=\"-\" srcset=\"https:\/\/mouldking.store\/wp-content\/uploads\/2021\/10\/Mould-King-11011-Land-Carousel-with-5086-pieces-3.jpg 800w, https:\/\/mouldking.store\/wp-content\/uploads\/2021\/10\/Mould-King-11011-Land-Carousel-with-5086-pieces-3-300x300.jpg 300w, https:\/\/mouldking.store\/wp-content\/uploads\/2021\/10\/Mould-King-11011-Land-Carousel-with-5086-pieces-3-768x768.jpg 768w, https:\/\/mouldking.store\/wp-content\/uploads\/2021\/10\/Mould-King-11011-Land-Carousel-with-5086-pieces-3-600x600.jpg 600w, https:\/\/mouldking.store\/wp-content\/uploads\/2021\/10\/Mould-King-11011-Land-Carousel-with-5086-pieces-3-150x150.jpg 150w\" sizes=\"(max-width: 800px) 100vw, 800px\" \/><figcaption id=\"caption-attachment-25382\" class=\"wp-caption-text\">V\u00f2ng \u0111u quay tr\u00ean \u0111\u1ea5t li\u1ec1n Mold King 11011 v\u1edbi 5086 mi\u1ebfng gh\u00e9p<\/figcaption><\/figure>\n<figure id=\"attachment_25381\" aria-describedby=\"caption-attachment-25381\" style=\"width: 790px\" class=\"wp-caption aligncenter\"><img loading=\"lazy\" decoding=\"async\" class=\"wp-image-25381 size-full\" src=\"https:\/\/mouldking.store\/wp-content\/uploads\/2021\/10\/Mould-King-11011-Land-Carousel-with-5086-pieces-2.jpg\" alt=\"Mould King 11011 Land Carousel with 5086 pieces\" width=\"790\" height=\"721\" title=\"-\" srcset=\"https:\/\/mouldking.store\/wp-content\/uploads\/2021\/10\/Mould-King-11011-Land-Carousel-with-5086-pieces-2.jpg 790w, https:\/\/mouldking.store\/wp-content\/uploads\/2021\/10\/Mould-King-11011-Land-Carousel-with-5086-pieces-2-300x274.jpg 300w, https:\/\/mouldking.store\/wp-content\/uploads\/2021\/10\/Mould-King-11011-Land-Carousel-with-5086-pieces-2-768x701.jpg 768w, https:\/\/mouldking.store\/wp-content\/uploads\/2021\/10\/Mould-King-11011-Land-Carousel-with-5086-pieces-2-600x548.jpg 600w, https:\/\/mouldking.store\/wp-content\/uploads\/2021\/10\/Mould-King-11011-Land-Carousel-with-5086-pieces-2-150x137.jpg 150w\" sizes=\"(max-width: 790px) 100vw, 790px\" \/><figcaption id=\"caption-attachment-25381\" class=\"wp-caption-text\">V\u00f2ng \u0111u quay tr\u00ean \u0111\u1ea5t li\u1ec1n Mold King 11011 v\u1edbi 5086 mi\u1ebfng gh\u00e9p<\/figcaption><\/figure>\n<figure id=\"attachment_25384\" aria-describedby=\"caption-attachment-25384\" style=\"width: 790px\" class=\"wp-caption aligncenter\"><img loading=\"lazy\" decoding=\"async\" class=\"wp-image-25384 size-full\" src=\"https:\/\/mouldking.store\/wp-content\/uploads\/2021\/10\/Mould-King-11011-Land-Carousel-with-5086-pieces-5.jpg\" alt=\"Mould King 11011 Land Carousel with 5086 pieces\" width=\"790\" height=\"599\" title=\"-\" srcset=\"https:\/\/mouldking.store\/wp-content\/uploads\/2021\/10\/Mould-King-11011-Land-Carousel-with-5086-pieces-5.jpg 790w, https:\/\/mouldking.store\/wp-content\/uploads\/2021\/10\/Mould-King-11011-Land-Carousel-with-5086-pieces-5-300x227.jpg 300w, https:\/\/mouldking.store\/wp-content\/uploads\/2021\/10\/Mould-King-11011-Land-Carousel-with-5086-pieces-5-768x582.jpg 768w, https:\/\/mouldking.store\/wp-content\/uploads\/2021\/10\/Mould-King-11011-Land-Carousel-with-5086-pieces-5-600x455.jpg 600w, https:\/\/mouldking.store\/wp-content\/uploads\/2021\/10\/Mould-King-11011-Land-Carousel-with-5086-pieces-5-150x114.jpg 150w\" sizes=\"(max-width: 790px) 100vw, 790px\" \/><figcaption id=\"caption-attachment-25384\" class=\"wp-caption-text\">V\u00f2ng \u0111u quay tr\u00ean \u0111\u1ea5t li\u1ec1n Mold King 11011 v\u1edbi 5086 mi\u1ebfng gh\u00e9p<\/figcaption><\/figure>","protected":false},"excerpt":{"rendered":"<p>Product information: 1. Brand: Mould King 2. Gender: Unisex 3. Name: Land Carousel 4. Age Range: &gt; 14 years old 5. Model Number: 11011 6. Classification: Assemblage 7. Plastic Block Shape: Self-Locking Bricks 8. Material: Plastic 9. Plastic Type: ABS 10. Bricks Blocks: 5086 PCS 11. Contains detailed assembly instructions. Notice: 1. Without an original [&hellip;]<\/p>","protected":false},"featured_media":25380,"comment_status":"open","ping_status":"closed","template":"","meta":{"_acf_changed":false},"product_cat":[390],"product_tag":[2407,1873,2406,615,2405,2404,2408],"class_list":["product","first","instock","shipping-taxable","purchasable","product-type-simple"],"acf":[],"_links":{"self":[{"href":"https:\/\/mouldking.store\/vi\/wp-json\/wp\/v2\/product\/25379","targetHints":{"allow":["GET"]}}],"collection":[{"href":"https:\/\/mouldking.store\/vi\/wp-json\/wp\/v2\/product"}],"about":[{"href":"https:\/\/mouldking.store\/vi\/wp-json\/wp\/v2\/types\/product"}],"replies":[{"embeddable":true,"href":"https:\/\/mouldking.store\/vi\/wp-json\/wp\/v2\/comments?post=25379"}],"wp:featuredmedia":[{"embeddable":true,"href":"https:\/\/mouldking.store\/vi\/wp-json\/wp\/v2\/media\/25380"}],"wp:attachment":[{"href":"https:\/\/mouldking.store\/vi\/wp-json\/wp\/v2\/media?parent=25379"}],"wp:term":[{"taxonomy":"product_cat","embeddable":true,"href":"https:\/\/mouldking.store\/vi\/wp-json\/wp\/v2\/product_cat?post=25379"},{"taxonomy":"product_tag","embeddable":true,"href":"https:\/\/mouldking.store\/vi\/wp-json\/wp\/v2\/product_tag?post=25379"}],"curies":[{"name":"wp","href":"https:\/\/api.w.org\/{rel}","templated":true}]}}