{"id":25449,"date":"2021-10-22T02:53:51","date_gmt":"2021-10-22T02:53:51","guid":{"rendered":"https:\/\/mouldking.store\/?post_type=product&#038;p=25449"},"modified":"2021-12-23T09:41:57","modified_gmt":"2021-12-23T09:41:57","slug":"moyu-88013-motorcycle-with-1228-pieces","status":"publish","type":"product","link":"https:\/\/mouldking.store\/vi\/shop\/moyu-88013-motorcycle-with-1228-pieces\/","title":{"rendered":"Xe m\u00e1y MOYU 88013 v\u1edbi 1228 mi\u1ebfng gh\u00e9p"},"content":{"rendered":"<p>Th\u00f4ng tin s\u1ea3n ph\u1ea9m:<br \/>\n1. Th\u01b0\u01a1ng hi\u1ec7u: MOYU<br \/>\n2. Gi\u1edbi t\u00ednh: Unisex<br \/>\n3. T\u00ean: Xe m\u00e1y<br \/>\n4. \u0110\u1ed9 tu\u1ed5i: &gt; 6 tu\u1ed5i<br \/>\n5. S\u1ed1 m\u00f4 h\u00ecnh: 88013<br \/>\n6. Ph\u00e2n lo\u1ea1i: T\u1eadp h\u1ee3p<br \/>\n7. H\u00ecnh d\u1ea1ng kh\u1ed1i nh\u1ef1a: G\u1ea1ch t\u1ef1 kh\u00f3a<br \/>\n8. Ch\u1ea5t li\u1ec7u: Nh\u1ef1a<br \/>\n9. Lo\u1ea1i nh\u1ef1a: ABS<br \/>\n10. Kh\u1ed1i g\u1ea1ch: 1228 C\u00c1I<br \/>\n11. C\u00f3 h\u01b0\u1edbng d\u1eabn l\u1eafp r\u00e1p chi ti\u1ebft.<br \/>\n\u0110\u1ec3 \u00fd:<br \/>\n1. Kh\u00f4ng c\u00f3 h\u1ed9p ban \u0111\u1ea7u, nh\u01b0ng ch\u00fang t\u00f4i \u0111\u1ea3m b\u1ea3o s\u1ea3n ph\u1ea9m c\u1ee7a ch\u00fang t\u00f4i c\u00f3 ch\u1ea5t l\u01b0\u1ee3ng \u0111\u1ea3m b\u1ea3o v\u00e0 bao b\u00ec \u0111\u1eb9p.<br \/>\n2. V\u00ec t\u1ea5t c\u1ea3 c\u00e1c b\u1ed9 ph\u1eadn ch\u00fang t\u00f4i \u0111\u00e3 ki\u1ec3m tra tr\u01b0\u1edbc khi v\u1eadn chuy\u1ec3n, v\u00ec v\u1eady n\u1ebfu b\u1ea1n th\u1ea5y m\u1ed9t s\u1ed1 b\u1ed9 ph\u1eadn b\u1ecb thi\u1ebfu ho\u1eb7c h\u01b0 h\u1ecfng, \u0111\u1eebng lo l\u1eafng v\u00e0 ch\u1ec9 c\u1ea7n vui l\u00f2ng li\u00ean h\u1ec7 v\u1edbi ch\u00fang t\u00f4i v\u00e0 ch\u00fang t\u00f4i c\u00f3 th\u1ec3 g\u1eedi l\u1ea1i mi\u1ec5n ph\u00ed cho b\u1ea1n ngay l\u1eadp t\u1ee9c.<\/p>\n<figure id=\"attachment_25450\" aria-describedby=\"caption-attachment-25450\" style=\"width: 800px\" class=\"wp-caption aligncenter\"><img fetchpriority=\"high\" decoding=\"async\" class=\"wp-image-25450 size-full\" src=\"https:\/\/mouldking.store\/wp-content\/uploads\/2021\/10\/MOYU-88013-Motorcycle-with-1228-pieces-1.jpg\" alt=\"MOYU 88013 Motorcycle with 1228 pieces\" width=\"800\" height=\"800\" title=\"-\" srcset=\"https:\/\/mouldking.store\/wp-content\/uploads\/2021\/10\/MOYU-88013-Motorcycle-with-1228-pieces-1.jpg 800w, https:\/\/mouldking.store\/wp-content\/uploads\/2021\/10\/MOYU-88013-Motorcycle-with-1228-pieces-1-300x300.jpg 300w, https:\/\/mouldking.store\/wp-content\/uploads\/2021\/10\/MOYU-88013-Motorcycle-with-1228-pieces-1-768x768.jpg 768w, https:\/\/mouldking.store\/wp-content\/uploads\/2021\/10\/MOYU-88013-Motorcycle-with-1228-pieces-1-600x600.jpg 600w, https:\/\/mouldking.store\/wp-content\/uploads\/2021\/10\/MOYU-88013-Motorcycle-with-1228-pieces-1-150x150.jpg 150w\" sizes=\"(max-width: 800px) 100vw, 800px\" \/><figcaption id=\"caption-attachment-25450\" class=\"wp-caption-text\">Xe m\u00e1y MOYU 88013 v\u1edbi 1228 mi\u1ebfng gh\u00e9p<\/figcaption><\/figure>\n<figure id=\"attachment_25451\" aria-describedby=\"caption-attachment-25451\" style=\"width: 800px\" class=\"wp-caption aligncenter\"><img decoding=\"async\" class=\"wp-image-25451 size-full\" src=\"https:\/\/mouldking.store\/wp-content\/uploads\/2021\/10\/MOYU-88013-Motorcycle-with-1228-pieces-2.jpg\" alt=\"MOYU 88013 Motorcycle with 1228 pieces\" width=\"800\" height=\"800\" title=\"-\" srcset=\"https:\/\/mouldking.store\/wp-content\/uploads\/2021\/10\/MOYU-88013-Motorcycle-with-1228-pieces-2.jpg 800w, https:\/\/mouldking.store\/wp-content\/uploads\/2021\/10\/MOYU-88013-Motorcycle-with-1228-pieces-2-300x300.jpg 300w, https:\/\/mouldking.store\/wp-content\/uploads\/2021\/10\/MOYU-88013-Motorcycle-with-1228-pieces-2-768x768.jpg 768w, https:\/\/mouldking.store\/wp-content\/uploads\/2021\/10\/MOYU-88013-Motorcycle-with-1228-pieces-2-600x600.jpg 600w, https:\/\/mouldking.store\/wp-content\/uploads\/2021\/10\/MOYU-88013-Motorcycle-with-1228-pieces-2-150x150.jpg 150w\" sizes=\"(max-width: 800px) 100vw, 800px\" \/><figcaption id=\"caption-attachment-25451\" class=\"wp-caption-text\">Xe m\u00e1y MOYU 88013 v\u1edbi 1228 mi\u1ebfng gh\u00e9p<\/figcaption><\/figure>\n<figure id=\"attachment_25456\" aria-describedby=\"caption-attachment-25456\" style=\"width: 695px\" class=\"wp-caption aligncenter\"><img decoding=\"async\" class=\"wp-image-25456 size-full\" src=\"https:\/\/mouldking.store\/wp-content\/uploads\/2021\/10\/MOYU-88013-Motorcycle-with-1228-pieces-7.jpg\" alt=\"MOYU 88013 Motorcycle with 1228 pieces\" width=\"695\" height=\"1024\" title=\"-\" srcset=\"https:\/\/mouldking.store\/wp-content\/uploads\/2021\/10\/MOYU-88013-Motorcycle-with-1228-pieces-7.jpg 695w, https:\/\/mouldking.store\/wp-content\/uploads\/2021\/10\/MOYU-88013-Motorcycle-with-1228-pieces-7-204x300.jpg 204w, https:\/\/mouldking.store\/wp-content\/uploads\/2021\/10\/MOYU-88013-Motorcycle-with-1228-pieces-7-300x442.jpg 300w, https:\/\/mouldking.store\/wp-content\/uploads\/2021\/10\/MOYU-88013-Motorcycle-with-1228-pieces-7-600x884.jpg 600w, https:\/\/mouldking.store\/wp-content\/uploads\/2021\/10\/MOYU-88013-Motorcycle-with-1228-pieces-7-102x150.jpg 102w\" sizes=\"(max-width: 695px) 100vw, 695px\" \/><figcaption id=\"caption-attachment-25456\" class=\"wp-caption-text\">Xe m\u00e1y MOYU 88013 v\u1edbi 1228 mi\u1ebfng gh\u00e9p<\/figcaption><\/figure>\n<figure id=\"attachment_25457\" aria-describedby=\"caption-attachment-25457\" style=\"width: 695px\" class=\"wp-caption aligncenter\"><img loading=\"lazy\" decoding=\"async\" class=\"wp-image-25457 size-full\" src=\"https:\/\/mouldking.store\/wp-content\/uploads\/2021\/10\/MOYU-88013-Motorcycle-with-1228-pieces-8.jpg\" alt=\"MOYU 88013 Motorcycle with 1228 pieces\" width=\"695\" height=\"1024\" title=\"-\" srcset=\"https:\/\/mouldking.store\/wp-content\/uploads\/2021\/10\/MOYU-88013-Motorcycle-with-1228-pieces-8.jpg 695w, https:\/\/mouldking.store\/wp-content\/uploads\/2021\/10\/MOYU-88013-Motorcycle-with-1228-pieces-8-204x300.jpg 204w, https:\/\/mouldking.store\/wp-content\/uploads\/2021\/10\/MOYU-88013-Motorcycle-with-1228-pieces-8-300x442.jpg 300w, https:\/\/mouldking.store\/wp-content\/uploads\/2021\/10\/MOYU-88013-Motorcycle-with-1228-pieces-8-600x884.jpg 600w, https:\/\/mouldking.store\/wp-content\/uploads\/2021\/10\/MOYU-88013-Motorcycle-with-1228-pieces-8-102x150.jpg 102w\" sizes=\"(max-width: 695px) 100vw, 695px\" \/><figcaption id=\"caption-attachment-25457\" class=\"wp-caption-text\">Xe m\u00e1y MOYU 88013 v\u1edbi 1228 mi\u1ebfng gh\u00e9p<\/figcaption><\/figure>\n<figure id=\"attachment_25458\" aria-describedby=\"caption-attachment-25458\" style=\"width: 695px\" class=\"wp-caption aligncenter\"><img loading=\"lazy\" decoding=\"async\" class=\"wp-image-25458 size-full\" src=\"https:\/\/mouldking.store\/wp-content\/uploads\/2021\/10\/MOYU-88013-Motorcycle-with-1228-pieces-9.jpg\" alt=\"MOYU 88013 Motorcycle with 1228 pieces\" width=\"695\" height=\"1024\" title=\"-\" srcset=\"https:\/\/mouldking.store\/wp-content\/uploads\/2021\/10\/MOYU-88013-Motorcycle-with-1228-pieces-9.jpg 695w, https:\/\/mouldking.store\/wp-content\/uploads\/2021\/10\/MOYU-88013-Motorcycle-with-1228-pieces-9-204x300.jpg 204w, https:\/\/mouldking.store\/wp-content\/uploads\/2021\/10\/MOYU-88013-Motorcycle-with-1228-pieces-9-300x442.jpg 300w, https:\/\/mouldking.store\/wp-content\/uploads\/2021\/10\/MOYU-88013-Motorcycle-with-1228-pieces-9-600x884.jpg 600w, https:\/\/mouldking.store\/wp-content\/uploads\/2021\/10\/MOYU-88013-Motorcycle-with-1228-pieces-9-102x150.jpg 102w\" sizes=\"(max-width: 695px) 100vw, 695px\" \/><figcaption id=\"caption-attachment-25458\" class=\"wp-caption-text\">Xe m\u00e1y MOYU 88013 v\u1edbi 1228 mi\u1ebfng gh\u00e9p<\/figcaption><\/figure>\n<figure id=\"attachment_25459\" aria-describedby=\"caption-attachment-25459\" style=\"width: 695px\" class=\"wp-caption aligncenter\"><img loading=\"lazy\" decoding=\"async\" class=\"wp-image-25459 size-full\" src=\"https:\/\/mouldking.store\/wp-content\/uploads\/2021\/10\/MOYU-88013-Motorcycle-with-1228-pieces-10.jpg\" alt=\"MOYU 88013 Motorcycle with 1228 pieces\" width=\"695\" height=\"1024\" title=\"-\" srcset=\"https:\/\/mouldking.store\/wp-content\/uploads\/2021\/10\/MOYU-88013-Motorcycle-with-1228-pieces-10.jpg 695w, https:\/\/mouldking.store\/wp-content\/uploads\/2021\/10\/MOYU-88013-Motorcycle-with-1228-pieces-10-204x300.jpg 204w, https:\/\/mouldking.store\/wp-content\/uploads\/2021\/10\/MOYU-88013-Motorcycle-with-1228-pieces-10-300x442.jpg 300w, https:\/\/mouldking.store\/wp-content\/uploads\/2021\/10\/MOYU-88013-Motorcycle-with-1228-pieces-10-600x884.jpg 600w, https:\/\/mouldking.store\/wp-content\/uploads\/2021\/10\/MOYU-88013-Motorcycle-with-1228-pieces-10-102x150.jpg 102w\" sizes=\"(max-width: 695px) 100vw, 695px\" \/><figcaption id=\"caption-attachment-25459\" class=\"wp-caption-text\">Xe m\u00e1y MOYU 88013 v\u1edbi 1228 mi\u1ebfng gh\u00e9p<\/figcaption><\/figure>\n<figure id=\"attachment_25452\" aria-describedby=\"caption-attachment-25452\" style=\"width: 828px\" class=\"wp-caption aligncenter\"><img loading=\"lazy\" decoding=\"async\" class=\"wp-image-25452 size-full\" src=\"https:\/\/mouldking.store\/wp-content\/uploads\/2021\/10\/MOYU-88013-Motorcycle-with-1228-pieces-3.jpg\" alt=\"MOYU 88013 Motorcycle with 1228 pieces\" width=\"828\" height=\"766\" title=\"-\" srcset=\"https:\/\/mouldking.store\/wp-content\/uploads\/2021\/10\/MOYU-88013-Motorcycle-with-1228-pieces-3.jpg 828w, https:\/\/mouldking.store\/wp-content\/uploads\/2021\/10\/MOYU-88013-Motorcycle-with-1228-pieces-3-300x278.jpg 300w, https:\/\/mouldking.store\/wp-content\/uploads\/2021\/10\/MOYU-88013-Motorcycle-with-1228-pieces-3-768x710.jpg 768w, https:\/\/mouldking.store\/wp-content\/uploads\/2021\/10\/MOYU-88013-Motorcycle-with-1228-pieces-3-600x555.jpg 600w, https:\/\/mouldking.store\/wp-content\/uploads\/2021\/10\/MOYU-88013-Motorcycle-with-1228-pieces-3-150x139.jpg 150w\" sizes=\"(max-width: 828px) 100vw, 828px\" \/><figcaption id=\"caption-attachment-25452\" class=\"wp-caption-text\">Xe m\u00e1y MOYU 88013 v\u1edbi 1228 mi\u1ebfng gh\u00e9p<\/figcaption><\/figure>\n<figure id=\"attachment_25453\" aria-describedby=\"caption-attachment-25453\" style=\"width: 820px\" class=\"wp-caption aligncenter\"><img loading=\"lazy\" decoding=\"async\" class=\"wp-image-25453 size-full\" src=\"https:\/\/mouldking.store\/wp-content\/uploads\/2021\/10\/MOYU-88013-Motorcycle-with-1228-pieces-4.jpg\" alt=\"MOYU 88013 Motorcycle with 1228 pieces\" width=\"820\" height=\"1024\" title=\"-\" srcset=\"https:\/\/mouldking.store\/wp-content\/uploads\/2021\/10\/MOYU-88013-Motorcycle-with-1228-pieces-4.jpg 820w, https:\/\/mouldking.store\/wp-content\/uploads\/2021\/10\/MOYU-88013-Motorcycle-with-1228-pieces-4-240x300.jpg 240w, https:\/\/mouldking.store\/wp-content\/uploads\/2021\/10\/MOYU-88013-Motorcycle-with-1228-pieces-4-768x959.jpg 768w, https:\/\/mouldking.store\/wp-content\/uploads\/2021\/10\/MOYU-88013-Motorcycle-with-1228-pieces-4-300x375.jpg 300w, https:\/\/mouldking.store\/wp-content\/uploads\/2021\/10\/MOYU-88013-Motorcycle-with-1228-pieces-4-600x749.jpg 600w, https:\/\/mouldking.store\/wp-content\/uploads\/2021\/10\/MOYU-88013-Motorcycle-with-1228-pieces-4-120x150.jpg 120w\" sizes=\"(max-width: 820px) 100vw, 820px\" \/><figcaption id=\"caption-attachment-25453\" class=\"wp-caption-text\">Xe m\u00e1y MOYU 88013 v\u1edbi 1228 mi\u1ebfng gh\u00e9p<\/figcaption><\/figure>\n<figure id=\"attachment_25455\" aria-describedby=\"caption-attachment-25455\" style=\"width: 828px\" class=\"wp-caption aligncenter\"><img loading=\"lazy\" decoding=\"async\" class=\"wp-image-25455 size-full\" src=\"https:\/\/mouldking.store\/wp-content\/uploads\/2021\/10\/MOYU-88013-Motorcycle-with-1228-pieces-6.jpg\" alt=\"MOYU 88013 Motorcycle with 1228 pieces\" width=\"828\" height=\"778\" title=\"-\" srcset=\"https:\/\/mouldking.store\/wp-content\/uploads\/2021\/10\/MOYU-88013-Motorcycle-with-1228-pieces-6.jpg 828w, https:\/\/mouldking.store\/wp-content\/uploads\/2021\/10\/MOYU-88013-Motorcycle-with-1228-pieces-6-300x282.jpg 300w, https:\/\/mouldking.store\/wp-content\/uploads\/2021\/10\/MOYU-88013-Motorcycle-with-1228-pieces-6-768x722.jpg 768w, https:\/\/mouldking.store\/wp-content\/uploads\/2021\/10\/MOYU-88013-Motorcycle-with-1228-pieces-6-600x564.jpg 600w, https:\/\/mouldking.store\/wp-content\/uploads\/2021\/10\/MOYU-88013-Motorcycle-with-1228-pieces-6-150x141.jpg 150w\" sizes=\"(max-width: 828px) 100vw, 828px\" \/><figcaption id=\"caption-attachment-25455\" class=\"wp-caption-text\">Xe m\u00e1y MOYU 88013 v\u1edbi 1228 mi\u1ebfng gh\u00e9p<\/figcaption><\/figure>\n<figure id=\"attachment_25454\" aria-describedby=\"caption-attachment-25454\" style=\"width: 828px\" class=\"wp-caption aligncenter\"><img loading=\"lazy\" decoding=\"async\" class=\"wp-image-25454 size-full\" src=\"https:\/\/mouldking.store\/wp-content\/uploads\/2021\/10\/MOYU-88013-Motorcycle-with-1228-pieces-5.jpg\" alt=\"MOYU 88013 Motorcycle with 1228 pieces\" width=\"828\" height=\"826\" title=\"-\" srcset=\"https:\/\/mouldking.store\/wp-content\/uploads\/2021\/10\/MOYU-88013-Motorcycle-with-1228-pieces-5.jpg 828w, https:\/\/mouldking.store\/wp-content\/uploads\/2021\/10\/MOYU-88013-Motorcycle-with-1228-pieces-5-300x299.jpg 300w, https:\/\/mouldking.store\/wp-content\/uploads\/2021\/10\/MOYU-88013-Motorcycle-with-1228-pieces-5-768x766.jpg 768w, https:\/\/mouldking.store\/wp-content\/uploads\/2021\/10\/MOYU-88013-Motorcycle-with-1228-pieces-5-600x599.jpg 600w, https:\/\/mouldking.store\/wp-content\/uploads\/2021\/10\/MOYU-88013-Motorcycle-with-1228-pieces-5-150x150.jpg 150w\" sizes=\"(max-width: 828px) 100vw, 828px\" \/><figcaption id=\"caption-attachment-25454\" class=\"wp-caption-text\">Xe m\u00e1y MOYU 88013 v\u1edbi 1228 mi\u1ebfng gh\u00e9p<\/figcaption><\/figure>\n<p>&nbsp;<\/p>","protected":false},"excerpt":{"rendered":"<p>Product information: 1. Brand: MOYU 2. Gender: Unisex 3. Name: Motorcycle 4. Age Range: &gt; 6 years old 5. Model Number: 88013 6. Classification: Assemblage 7. Plastic Block Shape: Self-Locking Bricks 8. Material: Plastic 9. Plastic Type: ABS 10. Bricks Blocks: 1228 PCS 11. Contains detailed assembly instructions. Notice: 1. Without an original box, but [&hellip;]<\/p>","protected":false},"featured_media":25450,"comment_status":"open","ping_status":"closed","template":"","meta":{"_acf_changed":false},"product_cat":[364],"product_tag":[2452,2449,2451,2448,2447,2450],"class_list":["product","first","instock","shipping-taxable","purchasable","product-type-variable"],"acf":[],"_links":{"self":[{"href":"https:\/\/mouldking.store\/vi\/wp-json\/wp\/v2\/product\/25449","targetHints":{"allow":["GET"]}}],"collection":[{"href":"https:\/\/mouldking.store\/vi\/wp-json\/wp\/v2\/product"}],"about":[{"href":"https:\/\/mouldking.store\/vi\/wp-json\/wp\/v2\/types\/product"}],"replies":[{"embeddable":true,"href":"https:\/\/mouldking.store\/vi\/wp-json\/wp\/v2\/comments?post=25449"}],"wp:featuredmedia":[{"embeddable":true,"href":"https:\/\/mouldking.store\/vi\/wp-json\/wp\/v2\/media\/25450"}],"wp:attachment":[{"href":"https:\/\/mouldking.store\/vi\/wp-json\/wp\/v2\/media?parent=25449"}],"wp:term":[{"taxonomy":"product_cat","embeddable":true,"href":"https:\/\/mouldking.store\/vi\/wp-json\/wp\/v2\/product_cat?post=25449"},{"taxonomy":"product_tag","embeddable":true,"href":"https:\/\/mouldking.store\/vi\/wp-json\/wp\/v2\/product_tag?post=25449"}],"curies":[{"name":"wp","href":"https:\/\/api.w.org\/{rel}","templated":true}]}}