{"id":25466,"date":"2021-10-22T03:11:30","date_gmt":"2021-10-22T03:11:30","guid":{"rendered":"https:\/\/mouldking.store\/?post_type=product&#038;p=25466"},"modified":"2022-08-17T15:11:30","modified_gmt":"2022-08-17T08:11:30","slug":"decool-6835-6846-super-heros","status":"publish","type":"product","link":"https:\/\/mouldking.store\/vi\/shop\/decool-6835-6846-super-heros\/","title":{"rendered":"DECOOL 6835-6846 Si\u00eau anh h\u00f9ng"},"content":{"rendered":"<p>Th\u00f4ng tin s\u1ea3n ph\u1ea9m:<\/p>\n<ol>\n<li>Th\u01b0\u01a1ng hi\u1ec7u: DECOOL<\/li>\n<li>Gi\u1edbi t\u00ednh: Unisex<\/li>\n<li>T\u00ean: Si\u00eau anh h\u00f9ng<\/li>\n<li>\u0110\u1ed9 tu\u1ed5i: &gt; 8 tu\u1ed5i<\/li>\n<li>S\u1ed1 m\u00f4 h\u00ecnh: 6835-6846<\/li>\n<li>Ph\u00e2n lo\u1ea1i: T\u1eadp h\u1ee3p<\/li>\n<li>H\u00ecnh d\u1ea1ng kh\u1ed1i nh\u1ef1a: G\u1ea1ch t\u1ef1 kh\u00f3a<\/li>\n<li>Ch\u1ea5t li\u1ec7u: Nh\u1ef1a<\/li>\n<li>Lo\u1ea1i nh\u1ef1a: ABS<\/li>\n<li>Ch\u1ee9a h\u01b0\u1edbng d\u1eabn l\u1eafp r\u00e1p chi ti\u1ebft.<\/li>\n<\/ol>\n<p>\u0110\u1ec3 \u00fd:<br \/>\n1. Kh\u00f4ng c\u00f3 h\u1ed9p ban \u0111\u1ea7u, nh\u01b0ng ch\u00fang t\u00f4i \u0111\u1ea3m b\u1ea3o s\u1ea3n ph\u1ea9m c\u1ee7a ch\u00fang t\u00f4i c\u00f3 ch\u1ea5t l\u01b0\u1ee3ng \u0111\u1ea3m b\u1ea3o v\u00e0 bao b\u00ec \u0111\u1eb9p.<br \/>\n2. V\u00ec t\u1ea5t c\u1ea3 c\u00e1c b\u1ed9 ph\u1eadn ch\u00fang t\u00f4i \u0111\u00e3 ki\u1ec3m tra tr\u01b0\u1edbc khi v\u1eadn chuy\u1ec3n, v\u00ec v\u1eady n\u1ebfu b\u1ea1n th\u1ea5y m\u1ed9t s\u1ed1 b\u1ed9 ph\u1eadn b\u1ecb thi\u1ebfu ho\u1eb7c h\u01b0 h\u1ecfng, \u0111\u1eebng lo l\u1eafng v\u00e0 ch\u1ec9 c\u1ea7n vui l\u00f2ng li\u00ean h\u1ec7 v\u1edbi ch\u00fang t\u00f4i v\u00e0 ch\u00fang t\u00f4i c\u00f3 th\u1ec3 g\u1eedi l\u1ea1i mi\u1ec5n ph\u00ed cho b\u1ea1n ngay l\u1eadp t\u1ee9c.<\/p>\n<figure id=\"attachment_25471\" aria-describedby=\"caption-attachment-25471\" style=\"width: 750px\" class=\"wp-caption aligncenter\"><img fetchpriority=\"high\" decoding=\"async\" class=\"wp-image-25471 size-full\" src=\"https:\/\/mouldking.store\/wp-content\/uploads\/2021\/10\/DECOOL-6835-6846-Super-Heros-5.jpg\" alt=\"DECOOL 6835-6846 Super Heros\" width=\"750\" height=\"731\" title=\"-\" srcset=\"https:\/\/mouldking.store\/wp-content\/uploads\/2021\/10\/DECOOL-6835-6846-Super-Heros-5.jpg 750w, https:\/\/mouldking.store\/wp-content\/uploads\/2021\/10\/DECOOL-6835-6846-Super-Heros-5-300x292.jpg 300w, https:\/\/mouldking.store\/wp-content\/uploads\/2021\/10\/DECOOL-6835-6846-Super-Heros-5-600x585.jpg 600w, https:\/\/mouldking.store\/wp-content\/uploads\/2021\/10\/DECOOL-6835-6846-Super-Heros-5-150x146.jpg 150w\" sizes=\"(max-width: 750px) 100vw, 750px\" \/><figcaption id=\"caption-attachment-25471\" class=\"wp-caption-text\">DECOOL 6835-6846 Si\u00eau anh h\u00f9ng<\/figcaption><\/figure>\n<figure id=\"attachment_25472\" aria-describedby=\"caption-attachment-25472\" style=\"width: 750px\" class=\"wp-caption aligncenter\"><img decoding=\"async\" class=\"wp-image-25472 size-full\" src=\"https:\/\/mouldking.store\/wp-content\/uploads\/2021\/10\/DECOOL-6835-6846-Super-Heros-6.jpg\" alt=\"DECOOL 6835-6846 Super Heros\" width=\"750\" height=\"731\" title=\"-\" srcset=\"https:\/\/mouldking.store\/wp-content\/uploads\/2021\/10\/DECOOL-6835-6846-Super-Heros-6.jpg 750w, https:\/\/mouldking.store\/wp-content\/uploads\/2021\/10\/DECOOL-6835-6846-Super-Heros-6-300x292.jpg 300w, https:\/\/mouldking.store\/wp-content\/uploads\/2021\/10\/DECOOL-6835-6846-Super-Heros-6-600x585.jpg 600w, https:\/\/mouldking.store\/wp-content\/uploads\/2021\/10\/DECOOL-6835-6846-Super-Heros-6-150x146.jpg 150w\" sizes=\"(max-width: 750px) 100vw, 750px\" \/><figcaption id=\"caption-attachment-25472\" class=\"wp-caption-text\">DECOOL 6835-6846 Si\u00eau anh h\u00f9ng<\/figcaption><\/figure>\n<figure id=\"attachment_25473\" aria-describedby=\"caption-attachment-25473\" style=\"width: 750px\" class=\"wp-caption aligncenter\"><img decoding=\"async\" class=\"wp-image-25473 size-full\" src=\"https:\/\/mouldking.store\/wp-content\/uploads\/2021\/10\/DECOOL-6835-6846-Super-Heros-7.jpg\" alt=\"DECOOL 6835-6846 Super Heros\" width=\"750\" height=\"731\" title=\"-\" srcset=\"https:\/\/mouldking.store\/wp-content\/uploads\/2021\/10\/DECOOL-6835-6846-Super-Heros-7.jpg 750w, https:\/\/mouldking.store\/wp-content\/uploads\/2021\/10\/DECOOL-6835-6846-Super-Heros-7-300x292.jpg 300w, https:\/\/mouldking.store\/wp-content\/uploads\/2021\/10\/DECOOL-6835-6846-Super-Heros-7-600x585.jpg 600w, https:\/\/mouldking.store\/wp-content\/uploads\/2021\/10\/DECOOL-6835-6846-Super-Heros-7-150x146.jpg 150w\" sizes=\"(max-width: 750px) 100vw, 750px\" \/><figcaption id=\"caption-attachment-25473\" class=\"wp-caption-text\">DECOOL 6835-6846 Si\u00eau anh h\u00f9ng<\/figcaption><\/figure>\n<figure id=\"attachment_25474\" aria-describedby=\"caption-attachment-25474\" style=\"width: 750px\" class=\"wp-caption aligncenter\"><img loading=\"lazy\" decoding=\"async\" class=\"wp-image-25474 size-full\" src=\"https:\/\/mouldking.store\/wp-content\/uploads\/2021\/10\/DECOOL-6835-6846-Super-Heros-8.jpg\" alt=\"DECOOL 6835-6846 Super Heros\" width=\"750\" height=\"731\" title=\"-\" srcset=\"https:\/\/mouldking.store\/wp-content\/uploads\/2021\/10\/DECOOL-6835-6846-Super-Heros-8.jpg 750w, https:\/\/mouldking.store\/wp-content\/uploads\/2021\/10\/DECOOL-6835-6846-Super-Heros-8-300x292.jpg 300w, https:\/\/mouldking.store\/wp-content\/uploads\/2021\/10\/DECOOL-6835-6846-Super-Heros-8-600x585.jpg 600w, https:\/\/mouldking.store\/wp-content\/uploads\/2021\/10\/DECOOL-6835-6846-Super-Heros-8-150x146.jpg 150w\" sizes=\"(max-width: 750px) 100vw, 750px\" \/><figcaption id=\"caption-attachment-25474\" class=\"wp-caption-text\">DECOOL 6835-6846 Si\u00eau anh h\u00f9ng<\/figcaption><\/figure>\n<figure id=\"attachment_25475\" aria-describedby=\"caption-attachment-25475\" style=\"width: 750px\" class=\"wp-caption aligncenter\"><img loading=\"lazy\" decoding=\"async\" class=\"wp-image-25475 size-full\" src=\"https:\/\/mouldking.store\/wp-content\/uploads\/2021\/10\/DECOOL-6835-6846-Super-Heros-9.jpg\" alt=\"DECOOL 6835-6846 Super Heros\" width=\"750\" height=\"731\" title=\"-\" srcset=\"https:\/\/mouldking.store\/wp-content\/uploads\/2021\/10\/DECOOL-6835-6846-Super-Heros-9.jpg 750w, https:\/\/mouldking.store\/wp-content\/uploads\/2021\/10\/DECOOL-6835-6846-Super-Heros-9-300x292.jpg 300w, https:\/\/mouldking.store\/wp-content\/uploads\/2021\/10\/DECOOL-6835-6846-Super-Heros-9-600x585.jpg 600w, https:\/\/mouldking.store\/wp-content\/uploads\/2021\/10\/DECOOL-6835-6846-Super-Heros-9-150x146.jpg 150w\" sizes=\"(max-width: 750px) 100vw, 750px\" \/><figcaption id=\"caption-attachment-25475\" class=\"wp-caption-text\">DECOOL 6835-6846 Si\u00eau anh h\u00f9ng<\/figcaption><\/figure>\n<figure id=\"attachment_25476\" aria-describedby=\"caption-attachment-25476\" style=\"width: 750px\" class=\"wp-caption aligncenter\"><img loading=\"lazy\" decoding=\"async\" class=\"wp-image-25476 size-full\" src=\"https:\/\/mouldking.store\/wp-content\/uploads\/2021\/10\/DECOOL-6835-6846-Super-Heros-10.jpg\" alt=\"DECOOL 6835-6846 Super Heros\" width=\"750\" height=\"731\" title=\"-\" srcset=\"https:\/\/mouldking.store\/wp-content\/uploads\/2021\/10\/DECOOL-6835-6846-Super-Heros-10.jpg 750w, https:\/\/mouldking.store\/wp-content\/uploads\/2021\/10\/DECOOL-6835-6846-Super-Heros-10-300x292.jpg 300w, https:\/\/mouldking.store\/wp-content\/uploads\/2021\/10\/DECOOL-6835-6846-Super-Heros-10-600x585.jpg 600w, https:\/\/mouldking.store\/wp-content\/uploads\/2021\/10\/DECOOL-6835-6846-Super-Heros-10-150x146.jpg 150w\" sizes=\"(max-width: 750px) 100vw, 750px\" \/><figcaption id=\"caption-attachment-25476\" class=\"wp-caption-text\">DECOOL 6835-6846 Si\u00eau anh h\u00f9ng<\/figcaption><\/figure>\n<figure id=\"attachment_25477\" aria-describedby=\"caption-attachment-25477\" style=\"width: 750px\" class=\"wp-caption aligncenter\"><img loading=\"lazy\" decoding=\"async\" class=\"wp-image-25477 size-full\" src=\"https:\/\/mouldking.store\/wp-content\/uploads\/2021\/10\/DECOOL-6835-6846-Super-Heros-11.jpg\" alt=\"DECOOL 6835-6846 Super Heros\" width=\"750\" height=\"731\" title=\"-\" srcset=\"https:\/\/mouldking.store\/wp-content\/uploads\/2021\/10\/DECOOL-6835-6846-Super-Heros-11.jpg 750w, https:\/\/mouldking.store\/wp-content\/uploads\/2021\/10\/DECOOL-6835-6846-Super-Heros-11-300x292.jpg 300w, https:\/\/mouldking.store\/wp-content\/uploads\/2021\/10\/DECOOL-6835-6846-Super-Heros-11-600x585.jpg 600w, https:\/\/mouldking.store\/wp-content\/uploads\/2021\/10\/DECOOL-6835-6846-Super-Heros-11-150x146.jpg 150w\" sizes=\"(max-width: 750px) 100vw, 750px\" \/><figcaption id=\"caption-attachment-25477\" class=\"wp-caption-text\">DECOOL 6835-6846 Si\u00eau anh h\u00f9ng<\/figcaption><\/figure>\n<figure id=\"attachment_25478\" aria-describedby=\"caption-attachment-25478\" style=\"width: 750px\" class=\"wp-caption aligncenter\"><img loading=\"lazy\" decoding=\"async\" class=\"wp-image-25478 size-full\" src=\"https:\/\/mouldking.store\/wp-content\/uploads\/2021\/10\/DECOOL-6835-6846-Super-Heros-12.jpg\" alt=\"DECOOL 6835-6846 Super Heros\" width=\"750\" height=\"731\" title=\"-\" srcset=\"https:\/\/mouldking.store\/wp-content\/uploads\/2021\/10\/DECOOL-6835-6846-Super-Heros-12.jpg 750w, https:\/\/mouldking.store\/wp-content\/uploads\/2021\/10\/DECOOL-6835-6846-Super-Heros-12-300x292.jpg 300w, https:\/\/mouldking.store\/wp-content\/uploads\/2021\/10\/DECOOL-6835-6846-Super-Heros-12-600x585.jpg 600w, https:\/\/mouldking.store\/wp-content\/uploads\/2021\/10\/DECOOL-6835-6846-Super-Heros-12-150x146.jpg 150w\" sizes=\"(max-width: 750px) 100vw, 750px\" \/><figcaption id=\"caption-attachment-25478\" class=\"wp-caption-text\">DECOOL 6835-6846 Si\u00eau anh h\u00f9ng<\/figcaption><\/figure>\n<figure id=\"attachment_25479\" aria-describedby=\"caption-attachment-25479\" style=\"width: 750px\" class=\"wp-caption aligncenter\"><img loading=\"lazy\" decoding=\"async\" class=\"wp-image-25479 size-full\" src=\"https:\/\/mouldking.store\/wp-content\/uploads\/2021\/10\/DECOOL-6835-6846-Super-Heros-13.jpg\" alt=\"DECOOL 6835-6846 Super Heros\" width=\"750\" height=\"731\" title=\"-\" srcset=\"https:\/\/mouldking.store\/wp-content\/uploads\/2021\/10\/DECOOL-6835-6846-Super-Heros-13.jpg 750w, https:\/\/mouldking.store\/wp-content\/uploads\/2021\/10\/DECOOL-6835-6846-Super-Heros-13-300x292.jpg 300w, https:\/\/mouldking.store\/wp-content\/uploads\/2021\/10\/DECOOL-6835-6846-Super-Heros-13-600x585.jpg 600w, https:\/\/mouldking.store\/wp-content\/uploads\/2021\/10\/DECOOL-6835-6846-Super-Heros-13-150x146.jpg 150w\" sizes=\"(max-width: 750px) 100vw, 750px\" \/><figcaption id=\"caption-attachment-25479\" class=\"wp-caption-text\">DECOOL 6835-6846 Si\u00eau anh h\u00f9ng<\/figcaption><\/figure>\n<figure id=\"attachment_25468\" aria-describedby=\"caption-attachment-25468\" style=\"width: 750px\" class=\"wp-caption aligncenter\"><img loading=\"lazy\" decoding=\"async\" class=\"wp-image-25468 size-full\" src=\"https:\/\/mouldking.store\/wp-content\/uploads\/2021\/10\/DECOOL-6835-6846-Super-Heros-2.jpg\" alt=\"DECOOL 6835-6846 Super Heros\" width=\"750\" height=\"731\" title=\"-\" srcset=\"https:\/\/mouldking.store\/wp-content\/uploads\/2021\/10\/DECOOL-6835-6846-Super-Heros-2.jpg 750w, https:\/\/mouldking.store\/wp-content\/uploads\/2021\/10\/DECOOL-6835-6846-Super-Heros-2-300x292.jpg 300w, https:\/\/mouldking.store\/wp-content\/uploads\/2021\/10\/DECOOL-6835-6846-Super-Heros-2-600x585.jpg 600w, https:\/\/mouldking.store\/wp-content\/uploads\/2021\/10\/DECOOL-6835-6846-Super-Heros-2-150x146.jpg 150w\" sizes=\"(max-width: 750px) 100vw, 750px\" \/><figcaption id=\"caption-attachment-25468\" class=\"wp-caption-text\">DECOOL 6835-6846 Si\u00eau anh h\u00f9ng<\/figcaption><\/figure>\n<figure id=\"attachment_25469\" aria-describedby=\"caption-attachment-25469\" style=\"width: 750px\" class=\"wp-caption aligncenter\"><img loading=\"lazy\" decoding=\"async\" class=\"wp-image-25469 size-full\" src=\"https:\/\/mouldking.store\/wp-content\/uploads\/2021\/10\/DECOOL-6835-6846-Super-Heros-3.jpg\" alt=\"DECOOL 6835-6846 Super Heros\" width=\"750\" height=\"731\" title=\"-\" srcset=\"https:\/\/mouldking.store\/wp-content\/uploads\/2021\/10\/DECOOL-6835-6846-Super-Heros-3.jpg 750w, https:\/\/mouldking.store\/wp-content\/uploads\/2021\/10\/DECOOL-6835-6846-Super-Heros-3-300x292.jpg 300w, https:\/\/mouldking.store\/wp-content\/uploads\/2021\/10\/DECOOL-6835-6846-Super-Heros-3-600x585.jpg 600w, https:\/\/mouldking.store\/wp-content\/uploads\/2021\/10\/DECOOL-6835-6846-Super-Heros-3-150x146.jpg 150w\" sizes=\"(max-width: 750px) 100vw, 750px\" \/><figcaption id=\"caption-attachment-25469\" class=\"wp-caption-text\">DECOOL 6835-6846 Si\u00eau anh h\u00f9ng<\/figcaption><\/figure>\n<figure id=\"attachment_25470\" aria-describedby=\"caption-attachment-25470\" style=\"width: 750px\" class=\"wp-caption aligncenter\"><img loading=\"lazy\" decoding=\"async\" class=\"wp-image-25470 size-full\" src=\"https:\/\/mouldking.store\/wp-content\/uploads\/2021\/10\/DECOOL-6835-6846-Super-Heros-4.jpg\" alt=\"DECOOL 6835-6846 Super Heros\" width=\"750\" height=\"731\" title=\"-\" srcset=\"https:\/\/mouldking.store\/wp-content\/uploads\/2021\/10\/DECOOL-6835-6846-Super-Heros-4.jpg 750w, https:\/\/mouldking.store\/wp-content\/uploads\/2021\/10\/DECOOL-6835-6846-Super-Heros-4-300x292.jpg 300w, https:\/\/mouldking.store\/wp-content\/uploads\/2021\/10\/DECOOL-6835-6846-Super-Heros-4-600x585.jpg 600w, https:\/\/mouldking.store\/wp-content\/uploads\/2021\/10\/DECOOL-6835-6846-Super-Heros-4-150x146.jpg 150w\" sizes=\"(max-width: 750px) 100vw, 750px\" \/><figcaption id=\"caption-attachment-25470\" class=\"wp-caption-text\">DECOOL 6835-6846 Si\u00eau anh h\u00f9ng<\/figcaption><\/figure>\n<figure id=\"attachment_25467\" aria-describedby=\"caption-attachment-25467\" style=\"width: 800px\" class=\"wp-caption aligncenter\"><img loading=\"lazy\" decoding=\"async\" class=\"wp-image-25467 size-full\" src=\"https:\/\/mouldking.store\/wp-content\/uploads\/2021\/10\/DECOOL-6835-6846-Super-Heros-1.jpg\" alt=\"DECOOL 6835-6846 Super Heros\" width=\"800\" height=\"800\" title=\"-\" srcset=\"https:\/\/mouldking.store\/wp-content\/uploads\/2021\/10\/DECOOL-6835-6846-Super-Heros-1.jpg 800w, https:\/\/mouldking.store\/wp-content\/uploads\/2021\/10\/DECOOL-6835-6846-Super-Heros-1-300x300.jpg 300w, https:\/\/mouldking.store\/wp-content\/uploads\/2021\/10\/DECOOL-6835-6846-Super-Heros-1-768x768.jpg 768w, https:\/\/mouldking.store\/wp-content\/uploads\/2021\/10\/DECOOL-6835-6846-Super-Heros-1-600x600.jpg 600w, https:\/\/mouldking.store\/wp-content\/uploads\/2021\/10\/DECOOL-6835-6846-Super-Heros-1-150x150.jpg 150w\" sizes=\"(max-width: 800px) 100vw, 800px\" \/><figcaption id=\"caption-attachment-25467\" class=\"wp-caption-text\">DECOOL 6835-6846 Si\u00eau anh h\u00f9ng<\/figcaption><\/figure>\n<figure id=\"attachment_25480\" aria-describedby=\"caption-attachment-25480\" style=\"width: 800px\" class=\"wp-caption aligncenter\"><img loading=\"lazy\" decoding=\"async\" class=\"wp-image-25480 size-full\" src=\"https:\/\/mouldking.store\/wp-content\/uploads\/2021\/10\/DECOOL-6835-6846-Super-Heros-14.jpg\" alt=\"DECOOL 6835-6846 Super Heros\" width=\"800\" height=\"579\" title=\"-\" srcset=\"https:\/\/mouldking.store\/wp-content\/uploads\/2021\/10\/DECOOL-6835-6846-Super-Heros-14.jpg 800w, https:\/\/mouldking.store\/wp-content\/uploads\/2021\/10\/DECOOL-6835-6846-Super-Heros-14-300x217.jpg 300w, https:\/\/mouldking.store\/wp-content\/uploads\/2021\/10\/DECOOL-6835-6846-Super-Heros-14-768x556.jpg 768w, https:\/\/mouldking.store\/wp-content\/uploads\/2021\/10\/DECOOL-6835-6846-Super-Heros-14-600x434.jpg 600w, https:\/\/mouldking.store\/wp-content\/uploads\/2021\/10\/DECOOL-6835-6846-Super-Heros-14-150x109.jpg 150w\" sizes=\"(max-width: 800px) 100vw, 800px\" \/><figcaption id=\"caption-attachment-25480\" class=\"wp-caption-text\">DECOOL 6835-6846 Si\u00eau anh h\u00f9ng<\/figcaption><\/figure>\n<figure id=\"attachment_25481\" aria-describedby=\"caption-attachment-25481\" style=\"width: 800px\" class=\"wp-caption aligncenter\"><img loading=\"lazy\" decoding=\"async\" class=\"wp-image-25481 size-full\" src=\"https:\/\/mouldking.store\/wp-content\/uploads\/2021\/10\/DECOOL-6835-6846-Super-Heros-15.jpg\" alt=\"DECOOL 6835-6846 Super Heros\" width=\"800\" height=\"579\" title=\"-\" srcset=\"https:\/\/mouldking.store\/wp-content\/uploads\/2021\/10\/DECOOL-6835-6846-Super-Heros-15.jpg 800w, https:\/\/mouldking.store\/wp-content\/uploads\/2021\/10\/DECOOL-6835-6846-Super-Heros-15-300x217.jpg 300w, https:\/\/mouldking.store\/wp-content\/uploads\/2021\/10\/DECOOL-6835-6846-Super-Heros-15-768x556.jpg 768w, https:\/\/mouldking.store\/wp-content\/uploads\/2021\/10\/DECOOL-6835-6846-Super-Heros-15-600x434.jpg 600w, https:\/\/mouldking.store\/wp-content\/uploads\/2021\/10\/DECOOL-6835-6846-Super-Heros-15-150x109.jpg 150w\" sizes=\"(max-width: 800px) 100vw, 800px\" \/><figcaption id=\"caption-attachment-25481\" class=\"wp-caption-text\">DECOOL 6835-6846 Si\u00eau anh h\u00f9ng<\/figcaption><\/figure>\n<figure id=\"attachment_25482\" aria-describedby=\"caption-attachment-25482\" style=\"width: 800px\" class=\"wp-caption aligncenter\"><img loading=\"lazy\" decoding=\"async\" class=\"wp-image-25482 size-full\" src=\"https:\/\/mouldking.store\/wp-content\/uploads\/2021\/10\/DECOOL-6835-6846-Super-Heros-16.jpg\" alt=\"DECOOL 6835-6846 Super Heros\" width=\"800\" height=\"800\" title=\"-\" srcset=\"https:\/\/mouldking.store\/wp-content\/uploads\/2021\/10\/DECOOL-6835-6846-Super-Heros-16.jpg 800w, https:\/\/mouldking.store\/wp-content\/uploads\/2021\/10\/DECOOL-6835-6846-Super-Heros-16-300x300.jpg 300w, https:\/\/mouldking.store\/wp-content\/uploads\/2021\/10\/DECOOL-6835-6846-Super-Heros-16-768x768.jpg 768w, https:\/\/mouldking.store\/wp-content\/uploads\/2021\/10\/DECOOL-6835-6846-Super-Heros-16-600x600.jpg 600w, https:\/\/mouldking.store\/wp-content\/uploads\/2021\/10\/DECOOL-6835-6846-Super-Heros-16-150x150.jpg 150w\" sizes=\"(max-width: 800px) 100vw, 800px\" \/><figcaption id=\"caption-attachment-25482\" class=\"wp-caption-text\">DECOOL 6835-6846 Si\u00eau anh h\u00f9ng<\/figcaption><\/figure>\n<p>&nbsp;<\/p>","protected":false},"excerpt":{"rendered":"<p>Product information: Brand: DECOOL Gender: Unisex Name: Super Heros Age Range: &gt; 8 years old Model Number: 6835-6846 Classification: Assemblage Plastic Block Shape: Self-Locking Bricks Material: Plastic Plastic Type: ABS Contains detailed assembly instructions. Notice: 1. Without an original box, but we guarantee our products have quality assurance and nice packaging. 2. As all the [&hellip;]<\/p>","protected":false},"featured_media":25482,"comment_status":"open","ping_status":"closed","template":"","meta":{"_acf_changed":false},"product_cat":[581],"product_tag":[2465,2464,2463,2461,2460,2462],"class_list":["product","first","instock","shipping-taxable","purchasable","product-type-variable"],"acf":[],"_links":{"self":[{"href":"https:\/\/mouldking.store\/vi\/wp-json\/wp\/v2\/product\/25466","targetHints":{"allow":["GET"]}}],"collection":[{"href":"https:\/\/mouldking.store\/vi\/wp-json\/wp\/v2\/product"}],"about":[{"href":"https:\/\/mouldking.store\/vi\/wp-json\/wp\/v2\/types\/product"}],"replies":[{"embeddable":true,"href":"https:\/\/mouldking.store\/vi\/wp-json\/wp\/v2\/comments?post=25466"}],"wp:featuredmedia":[{"embeddable":true,"href":"https:\/\/mouldking.store\/vi\/wp-json\/wp\/v2\/media\/25482"}],"wp:attachment":[{"href":"https:\/\/mouldking.store\/vi\/wp-json\/wp\/v2\/media?parent=25466"}],"wp:term":[{"taxonomy":"product_cat","embeddable":true,"href":"https:\/\/mouldking.store\/vi\/wp-json\/wp\/v2\/product_cat?post=25466"},{"taxonomy":"product_tag","embeddable":true,"href":"https:\/\/mouldking.store\/vi\/wp-json\/wp\/v2\/product_tag?post=25466"}],"curies":[{"name":"wp","href":"https:\/\/api.w.org\/{rel}","templated":true}]}}