{"id":25520,"date":"2021-10-22T03:45:17","date_gmt":"2021-10-22T03:45:17","guid":{"rendered":"https:\/\/mouldking.store\/?post_type=product&#038;p=25520"},"modified":"2021-12-23T09:41:52","modified_gmt":"2021-12-23T09:41:52","slug":"winner-7049-american-chopper-with-709-pieces","status":"publish","type":"product","link":"https:\/\/mouldking.store\/vi\/shop\/winner-7049-american-chopper-with-709-pieces\/","title":{"rendered":"Chopper M\u1ef9 WINNER 7049 g\u1ed3m 709 chi\u1ebfc"},"content":{"rendered":"<p>Th\u00f4ng tin s\u1ea3n ph\u1ea9m:<\/p>\n<ol>\n<li>Th\u01b0\u01a1ng hi\u1ec7u: CHI\u1ebeN TH\u1eaeNG<\/li>\n<li>Gi\u1edbi t\u00ednh: Unisex<\/li>\n<li>T\u00ean: American Chopper<\/li>\n<li>\u0110\u1ed9 tu\u1ed5i: &gt; 6 tu\u1ed5i<\/li>\n<li>S\u1ed1 m\u00f4 h\u00ecnh: 7049<\/li>\n<li>Ph\u00e2n lo\u1ea1i: T\u1eadp h\u1ee3p<\/li>\n<li>H\u00ecnh d\u1ea1ng kh\u1ed1i nh\u1ef1a: G\u1ea1ch t\u1ef1 kh\u00f3a<\/li>\n<li>Ch\u1ea5t li\u1ec7u: Nh\u1ef1a<\/li>\n<li>Lo\u1ea1i nh\u1ef1a: ABS<\/li>\n<li>Kh\u1ed1i g\u1ea1ch: 709 C\u00c1I<\/li>\n<li>Ch\u1ee9a h\u01b0\u1edbng d\u1eabn l\u1eafp r\u00e1p chi ti\u1ebft.<\/li>\n<\/ol>\n<p>\u0110\u1ec3 \u00fd:<br \/>\n1. Kh\u00f4ng c\u00f3 h\u1ed9p ban \u0111\u1ea7u, nh\u01b0ng ch\u00fang t\u00f4i \u0111\u1ea3m b\u1ea3o s\u1ea3n ph\u1ea9m c\u1ee7a ch\u00fang t\u00f4i c\u00f3 ch\u1ea5t l\u01b0\u1ee3ng \u0111\u1ea3m b\u1ea3o v\u00e0 bao b\u00ec \u0111\u1eb9p.<br \/>\n2. V\u00ec t\u1ea5t c\u1ea3 c\u00e1c b\u1ed9 ph\u1eadn ch\u00fang t\u00f4i \u0111\u00e3 ki\u1ec3m tra tr\u01b0\u1edbc khi v\u1eadn chuy\u1ec3n, v\u00ec v\u1eady n\u1ebfu b\u1ea1n th\u1ea5y m\u1ed9t s\u1ed1 b\u1ed9 ph\u1eadn b\u1ecb thi\u1ebfu ho\u1eb7c h\u01b0 h\u1ecfng, \u0111\u1eebng lo l\u1eafng v\u00e0 ch\u1ec9 c\u1ea7n vui l\u00f2ng li\u00ean h\u1ec7 v\u1edbi ch\u00fang t\u00f4i v\u00e0 ch\u00fang t\u00f4i c\u00f3 th\u1ec3 g\u1eedi l\u1ea1i mi\u1ec5n ph\u00ed cho b\u1ea1n ngay l\u1eadp t\u1ee9c.<\/p>\n<figure id=\"attachment_25523\" aria-describedby=\"caption-attachment-25523\" style=\"width: 800px\" class=\"wp-caption aligncenter\"><img fetchpriority=\"high\" decoding=\"async\" class=\"wp-image-25523 size-full\" src=\"https:\/\/mouldking.store\/wp-content\/uploads\/2021\/10\/WINNER-7049-American-Chopper-with-709-pieces-3.jpg\" alt=\"WINNER 7049 American Chopper with 709 pieces\" width=\"800\" height=\"600\" title=\"-\" srcset=\"https:\/\/mouldking.store\/wp-content\/uploads\/2021\/10\/WINNER-7049-American-Chopper-with-709-pieces-3.jpg 800w, https:\/\/mouldking.store\/wp-content\/uploads\/2021\/10\/WINNER-7049-American-Chopper-with-709-pieces-3-300x225.jpg 300w, https:\/\/mouldking.store\/wp-content\/uploads\/2021\/10\/WINNER-7049-American-Chopper-with-709-pieces-3-768x576.jpg 768w, https:\/\/mouldking.store\/wp-content\/uploads\/2021\/10\/WINNER-7049-American-Chopper-with-709-pieces-3-600x450.jpg 600w, https:\/\/mouldking.store\/wp-content\/uploads\/2021\/10\/WINNER-7049-American-Chopper-with-709-pieces-3-150x113.jpg 150w\" sizes=\"(max-width: 800px) 100vw, 800px\" \/><figcaption id=\"caption-attachment-25523\" class=\"wp-caption-text\">Chopper M\u1ef9 WINNER 7049 g\u1ed3m 709 chi\u1ebfc<\/figcaption><\/figure>\n<figure id=\"attachment_25524\" aria-describedby=\"caption-attachment-25524\" style=\"width: 800px\" class=\"wp-caption aligncenter\"><img decoding=\"async\" class=\"wp-image-25524 size-full\" src=\"https:\/\/mouldking.store\/wp-content\/uploads\/2021\/10\/WINNER-7049-American-Chopper-with-709-pieces-4.jpg\" alt=\"WINNER 7049 American Chopper with 709 pieces\" width=\"800\" height=\"600\" title=\"-\" srcset=\"https:\/\/mouldking.store\/wp-content\/uploads\/2021\/10\/WINNER-7049-American-Chopper-with-709-pieces-4.jpg 800w, https:\/\/mouldking.store\/wp-content\/uploads\/2021\/10\/WINNER-7049-American-Chopper-with-709-pieces-4-300x225.jpg 300w, https:\/\/mouldking.store\/wp-content\/uploads\/2021\/10\/WINNER-7049-American-Chopper-with-709-pieces-4-768x576.jpg 768w, https:\/\/mouldking.store\/wp-content\/uploads\/2021\/10\/WINNER-7049-American-Chopper-with-709-pieces-4-600x450.jpg 600w, https:\/\/mouldking.store\/wp-content\/uploads\/2021\/10\/WINNER-7049-American-Chopper-with-709-pieces-4-150x113.jpg 150w\" sizes=\"(max-width: 800px) 100vw, 800px\" \/><figcaption id=\"caption-attachment-25524\" class=\"wp-caption-text\">Chopper M\u1ef9 WINNER 7049 g\u1ed3m 709 chi\u1ebfc<\/figcaption><\/figure>\n<figure id=\"attachment_25525\" aria-describedby=\"caption-attachment-25525\" style=\"width: 800px\" class=\"wp-caption aligncenter\"><img decoding=\"async\" class=\"wp-image-25525 size-full\" src=\"https:\/\/mouldking.store\/wp-content\/uploads\/2021\/10\/WINNER-7049-American-Chopper-with-709-pieces-5.jpg\" alt=\"WINNER 7049 American Chopper with 709 pieces\" width=\"800\" height=\"600\" title=\"-\" srcset=\"https:\/\/mouldking.store\/wp-content\/uploads\/2021\/10\/WINNER-7049-American-Chopper-with-709-pieces-5.jpg 800w, https:\/\/mouldking.store\/wp-content\/uploads\/2021\/10\/WINNER-7049-American-Chopper-with-709-pieces-5-300x225.jpg 300w, https:\/\/mouldking.store\/wp-content\/uploads\/2021\/10\/WINNER-7049-American-Chopper-with-709-pieces-5-768x576.jpg 768w, https:\/\/mouldking.store\/wp-content\/uploads\/2021\/10\/WINNER-7049-American-Chopper-with-709-pieces-5-600x450.jpg 600w, https:\/\/mouldking.store\/wp-content\/uploads\/2021\/10\/WINNER-7049-American-Chopper-with-709-pieces-5-150x113.jpg 150w\" sizes=\"(max-width: 800px) 100vw, 800px\" \/><figcaption id=\"caption-attachment-25525\" class=\"wp-caption-text\">Chopper M\u1ef9 WINNER 7049 g\u1ed3m 709 chi\u1ebfc<\/figcaption><\/figure>\n<figure id=\"attachment_25526\" aria-describedby=\"caption-attachment-25526\" style=\"width: 800px\" class=\"wp-caption aligncenter\"><img loading=\"lazy\" decoding=\"async\" class=\"wp-image-25526 size-full\" src=\"https:\/\/mouldking.store\/wp-content\/uploads\/2021\/10\/WINNER-7049-American-Chopper-with-709-pieces-6.jpg\" alt=\"WINNER 7049 American Chopper with 709 pieces\" width=\"800\" height=\"600\" title=\"-\" srcset=\"https:\/\/mouldking.store\/wp-content\/uploads\/2021\/10\/WINNER-7049-American-Chopper-with-709-pieces-6.jpg 800w, https:\/\/mouldking.store\/wp-content\/uploads\/2021\/10\/WINNER-7049-American-Chopper-with-709-pieces-6-300x225.jpg 300w, https:\/\/mouldking.store\/wp-content\/uploads\/2021\/10\/WINNER-7049-American-Chopper-with-709-pieces-6-768x576.jpg 768w, https:\/\/mouldking.store\/wp-content\/uploads\/2021\/10\/WINNER-7049-American-Chopper-with-709-pieces-6-600x450.jpg 600w, https:\/\/mouldking.store\/wp-content\/uploads\/2021\/10\/WINNER-7049-American-Chopper-with-709-pieces-6-150x113.jpg 150w\" sizes=\"(max-width: 800px) 100vw, 800px\" \/><figcaption id=\"caption-attachment-25526\" class=\"wp-caption-text\">Chopper M\u1ef9 WINNER 7049 g\u1ed3m 709 chi\u1ebfc<\/figcaption><\/figure>\n<figure id=\"attachment_25527\" aria-describedby=\"caption-attachment-25527\" style=\"width: 800px\" class=\"wp-caption aligncenter\"><img loading=\"lazy\" decoding=\"async\" class=\"wp-image-25527 size-full\" src=\"https:\/\/mouldking.store\/wp-content\/uploads\/2021\/10\/WINNER-7049-American-Chopper-with-709-pieces-7.jpg\" alt=\"WINNER 7049 American Chopper with 709 pieces\" width=\"800\" height=\"600\" title=\"-\" srcset=\"https:\/\/mouldking.store\/wp-content\/uploads\/2021\/10\/WINNER-7049-American-Chopper-with-709-pieces-7.jpg 800w, https:\/\/mouldking.store\/wp-content\/uploads\/2021\/10\/WINNER-7049-American-Chopper-with-709-pieces-7-300x225.jpg 300w, https:\/\/mouldking.store\/wp-content\/uploads\/2021\/10\/WINNER-7049-American-Chopper-with-709-pieces-7-768x576.jpg 768w, https:\/\/mouldking.store\/wp-content\/uploads\/2021\/10\/WINNER-7049-American-Chopper-with-709-pieces-7-600x450.jpg 600w, https:\/\/mouldking.store\/wp-content\/uploads\/2021\/10\/WINNER-7049-American-Chopper-with-709-pieces-7-150x113.jpg 150w\" sizes=\"(max-width: 800px) 100vw, 800px\" \/><figcaption id=\"caption-attachment-25527\" class=\"wp-caption-text\">Chopper M\u1ef9 WINNER 7049 g\u1ed3m 709 chi\u1ebfc<\/figcaption><\/figure>\n<figure id=\"attachment_25528\" aria-describedby=\"caption-attachment-25528\" style=\"width: 800px\" class=\"wp-caption aligncenter\"><img loading=\"lazy\" decoding=\"async\" class=\"wp-image-25528 size-full\" src=\"https:\/\/mouldking.store\/wp-content\/uploads\/2021\/10\/WINNER-7049-American-Chopper-with-709-pieces-8.jpg\" alt=\"WINNER 7049 American Chopper with 709 pieces\" width=\"800\" height=\"600\" title=\"-\" srcset=\"https:\/\/mouldking.store\/wp-content\/uploads\/2021\/10\/WINNER-7049-American-Chopper-with-709-pieces-8.jpg 800w, https:\/\/mouldking.store\/wp-content\/uploads\/2021\/10\/WINNER-7049-American-Chopper-with-709-pieces-8-300x225.jpg 300w, https:\/\/mouldking.store\/wp-content\/uploads\/2021\/10\/WINNER-7049-American-Chopper-with-709-pieces-8-768x576.jpg 768w, https:\/\/mouldking.store\/wp-content\/uploads\/2021\/10\/WINNER-7049-American-Chopper-with-709-pieces-8-600x450.jpg 600w, https:\/\/mouldking.store\/wp-content\/uploads\/2021\/10\/WINNER-7049-American-Chopper-with-709-pieces-8-150x113.jpg 150w\" sizes=\"(max-width: 800px) 100vw, 800px\" \/><figcaption id=\"caption-attachment-25528\" class=\"wp-caption-text\">Chopper M\u1ef9 WINNER 7049 g\u1ed3m 709 chi\u1ebfc<\/figcaption><\/figure>\n<figure id=\"attachment_25532\" aria-describedby=\"caption-attachment-25532\" style=\"width: 800px\" class=\"wp-caption aligncenter\"><img loading=\"lazy\" decoding=\"async\" class=\"wp-image-25532 size-full\" src=\"https:\/\/mouldking.store\/wp-content\/uploads\/2021\/10\/WINNER-7049-American-Chopper-with-709-pieces-12.jpg\" alt=\"WINNER 7049 American Chopper with 709 pieces\" width=\"800\" height=\"600\" title=\"-\" srcset=\"https:\/\/mouldking.store\/wp-content\/uploads\/2021\/10\/WINNER-7049-American-Chopper-with-709-pieces-12.jpg 800w, https:\/\/mouldking.store\/wp-content\/uploads\/2021\/10\/WINNER-7049-American-Chopper-with-709-pieces-12-300x225.jpg 300w, https:\/\/mouldking.store\/wp-content\/uploads\/2021\/10\/WINNER-7049-American-Chopper-with-709-pieces-12-768x576.jpg 768w, https:\/\/mouldking.store\/wp-content\/uploads\/2021\/10\/WINNER-7049-American-Chopper-with-709-pieces-12-600x450.jpg 600w, https:\/\/mouldking.store\/wp-content\/uploads\/2021\/10\/WINNER-7049-American-Chopper-with-709-pieces-12-150x113.jpg 150w\" sizes=\"(max-width: 800px) 100vw, 800px\" \/><figcaption id=\"caption-attachment-25532\" class=\"wp-caption-text\">Chopper M\u1ef9 WINNER 7049 g\u1ed3m 709 chi\u1ebfc<\/figcaption><\/figure>\n<figure id=\"attachment_25533\" aria-describedby=\"caption-attachment-25533\" style=\"width: 800px\" class=\"wp-caption aligncenter\"><img loading=\"lazy\" decoding=\"async\" class=\"wp-image-25533 size-full\" src=\"https:\/\/mouldking.store\/wp-content\/uploads\/2021\/10\/WINNER-7049-American-Chopper-with-709-pieces-13.jpg\" alt=\"WINNER 7049 American Chopper with 709 pieces\" width=\"800\" height=\"600\" title=\"-\" srcset=\"https:\/\/mouldking.store\/wp-content\/uploads\/2021\/10\/WINNER-7049-American-Chopper-with-709-pieces-13.jpg 800w, https:\/\/mouldking.store\/wp-content\/uploads\/2021\/10\/WINNER-7049-American-Chopper-with-709-pieces-13-300x225.jpg 300w, https:\/\/mouldking.store\/wp-content\/uploads\/2021\/10\/WINNER-7049-American-Chopper-with-709-pieces-13-768x576.jpg 768w, https:\/\/mouldking.store\/wp-content\/uploads\/2021\/10\/WINNER-7049-American-Chopper-with-709-pieces-13-600x450.jpg 600w, https:\/\/mouldking.store\/wp-content\/uploads\/2021\/10\/WINNER-7049-American-Chopper-with-709-pieces-13-150x113.jpg 150w\" sizes=\"(max-width: 800px) 100vw, 800px\" \/><figcaption id=\"caption-attachment-25533\" class=\"wp-caption-text\">Chopper M\u1ef9 WINNER 7049 g\u1ed3m 709 chi\u1ebfc<\/figcaption><\/figure>\n<figure id=\"attachment_25534\" aria-describedby=\"caption-attachment-25534\" style=\"width: 800px\" class=\"wp-caption aligncenter\"><img loading=\"lazy\" decoding=\"async\" class=\"wp-image-25534 size-full\" src=\"https:\/\/mouldking.store\/wp-content\/uploads\/2021\/10\/WINNER-7049-American-Chopper-with-709-pieces-14.jpg\" alt=\"WINNER 7049 American Chopper with 709 pieces\" width=\"800\" height=\"600\" title=\"-\" srcset=\"https:\/\/mouldking.store\/wp-content\/uploads\/2021\/10\/WINNER-7049-American-Chopper-with-709-pieces-14.jpg 800w, https:\/\/mouldking.store\/wp-content\/uploads\/2021\/10\/WINNER-7049-American-Chopper-with-709-pieces-14-300x225.jpg 300w, https:\/\/mouldking.store\/wp-content\/uploads\/2021\/10\/WINNER-7049-American-Chopper-with-709-pieces-14-768x576.jpg 768w, https:\/\/mouldking.store\/wp-content\/uploads\/2021\/10\/WINNER-7049-American-Chopper-with-709-pieces-14-600x450.jpg 600w, https:\/\/mouldking.store\/wp-content\/uploads\/2021\/10\/WINNER-7049-American-Chopper-with-709-pieces-14-150x113.jpg 150w\" sizes=\"(max-width: 800px) 100vw, 800px\" \/><figcaption id=\"caption-attachment-25534\" class=\"wp-caption-text\">Chopper M\u1ef9 WINNER 7049 g\u1ed3m 709 chi\u1ebfc<\/figcaption><\/figure>\n<figure id=\"attachment_25535\" aria-describedby=\"caption-attachment-25535\" style=\"width: 800px\" class=\"wp-caption aligncenter\"><img loading=\"lazy\" decoding=\"async\" class=\"wp-image-25535 size-full\" src=\"https:\/\/mouldking.store\/wp-content\/uploads\/2021\/10\/WINNER-7049-American-Chopper-with-709-pieces-15.jpg\" alt=\"WINNER 7049 American Chopper with 709 pieces\" width=\"800\" height=\"600\" title=\"-\" srcset=\"https:\/\/mouldking.store\/wp-content\/uploads\/2021\/10\/WINNER-7049-American-Chopper-with-709-pieces-15.jpg 800w, https:\/\/mouldking.store\/wp-content\/uploads\/2021\/10\/WINNER-7049-American-Chopper-with-709-pieces-15-300x225.jpg 300w, https:\/\/mouldking.store\/wp-content\/uploads\/2021\/10\/WINNER-7049-American-Chopper-with-709-pieces-15-768x576.jpg 768w, https:\/\/mouldking.store\/wp-content\/uploads\/2021\/10\/WINNER-7049-American-Chopper-with-709-pieces-15-600x450.jpg 600w, https:\/\/mouldking.store\/wp-content\/uploads\/2021\/10\/WINNER-7049-American-Chopper-with-709-pieces-15-150x113.jpg 150w\" sizes=\"(max-width: 800px) 100vw, 800px\" \/><figcaption id=\"caption-attachment-25535\" class=\"wp-caption-text\">Chopper M\u1ef9 WINNER 7049 g\u1ed3m 709 chi\u1ebfc<\/figcaption><\/figure>\n<figure id=\"attachment_25531\" aria-describedby=\"caption-attachment-25531\" style=\"width: 800px\" class=\"wp-caption aligncenter\"><img loading=\"lazy\" decoding=\"async\" class=\"wp-image-25531 size-full\" src=\"https:\/\/mouldking.store\/wp-content\/uploads\/2021\/10\/WINNER-7049-American-Chopper-with-709-pieces-11.jpg\" alt=\"WINNER 7049 American Chopper with 709 pieces\" width=\"800\" height=\"600\" title=\"-\" srcset=\"https:\/\/mouldking.store\/wp-content\/uploads\/2021\/10\/WINNER-7049-American-Chopper-with-709-pieces-11.jpg 800w, https:\/\/mouldking.store\/wp-content\/uploads\/2021\/10\/WINNER-7049-American-Chopper-with-709-pieces-11-300x225.jpg 300w, https:\/\/mouldking.store\/wp-content\/uploads\/2021\/10\/WINNER-7049-American-Chopper-with-709-pieces-11-768x576.jpg 768w, https:\/\/mouldking.store\/wp-content\/uploads\/2021\/10\/WINNER-7049-American-Chopper-with-709-pieces-11-600x450.jpg 600w, https:\/\/mouldking.store\/wp-content\/uploads\/2021\/10\/WINNER-7049-American-Chopper-with-709-pieces-11-150x113.jpg 150w\" sizes=\"(max-width: 800px) 100vw, 800px\" \/><figcaption id=\"caption-attachment-25531\" class=\"wp-caption-text\">Chopper M\u1ef9 WINNER 7049 g\u1ed3m 709 chi\u1ebfc<\/figcaption><\/figure>\n<figure id=\"attachment_25530\" aria-describedby=\"caption-attachment-25530\" style=\"width: 800px\" class=\"wp-caption aligncenter\"><img loading=\"lazy\" decoding=\"async\" class=\"wp-image-25530 size-full\" src=\"https:\/\/mouldking.store\/wp-content\/uploads\/2021\/10\/WINNER-7049-American-Chopper-with-709-pieces-10.jpg\" alt=\"WINNER 7049 American Chopper with 709 pieces\" width=\"800\" height=\"600\" title=\"-\" srcset=\"https:\/\/mouldking.store\/wp-content\/uploads\/2021\/10\/WINNER-7049-American-Chopper-with-709-pieces-10.jpg 800w, https:\/\/mouldking.store\/wp-content\/uploads\/2021\/10\/WINNER-7049-American-Chopper-with-709-pieces-10-300x225.jpg 300w, https:\/\/mouldking.store\/wp-content\/uploads\/2021\/10\/WINNER-7049-American-Chopper-with-709-pieces-10-768x576.jpg 768w, https:\/\/mouldking.store\/wp-content\/uploads\/2021\/10\/WINNER-7049-American-Chopper-with-709-pieces-10-600x450.jpg 600w, https:\/\/mouldking.store\/wp-content\/uploads\/2021\/10\/WINNER-7049-American-Chopper-with-709-pieces-10-150x113.jpg 150w\" sizes=\"(max-width: 800px) 100vw, 800px\" \/><figcaption id=\"caption-attachment-25530\" class=\"wp-caption-text\">Chopper M\u1ef9 WINNER 7049 g\u1ed3m 709 chi\u1ebfc<\/figcaption><\/figure>\n<figure id=\"attachment_25529\" aria-describedby=\"caption-attachment-25529\" style=\"width: 800px\" class=\"wp-caption aligncenter\"><img loading=\"lazy\" decoding=\"async\" class=\"wp-image-25529 size-full\" src=\"https:\/\/mouldking.store\/wp-content\/uploads\/2021\/10\/WINNER-7049-American-Chopper-with-709-pieces-9.jpg\" alt=\"WINNER 7049 American Chopper with 709 pieces\" width=\"800\" height=\"600\" title=\"-\" srcset=\"https:\/\/mouldking.store\/wp-content\/uploads\/2021\/10\/WINNER-7049-American-Chopper-with-709-pieces-9.jpg 800w, https:\/\/mouldking.store\/wp-content\/uploads\/2021\/10\/WINNER-7049-American-Chopper-with-709-pieces-9-300x225.jpg 300w, https:\/\/mouldking.store\/wp-content\/uploads\/2021\/10\/WINNER-7049-American-Chopper-with-709-pieces-9-768x576.jpg 768w, https:\/\/mouldking.store\/wp-content\/uploads\/2021\/10\/WINNER-7049-American-Chopper-with-709-pieces-9-600x450.jpg 600w, https:\/\/mouldking.store\/wp-content\/uploads\/2021\/10\/WINNER-7049-American-Chopper-with-709-pieces-9-150x113.jpg 150w\" sizes=\"(max-width: 800px) 100vw, 800px\" \/><figcaption id=\"caption-attachment-25529\" class=\"wp-caption-text\">Chopper M\u1ef9 WINNER 7049 g\u1ed3m 709 chi\u1ebfc<\/figcaption><\/figure>\n<figure id=\"attachment_25522\" aria-describedby=\"caption-attachment-25522\" style=\"width: 800px\" class=\"wp-caption aligncenter\"><img loading=\"lazy\" decoding=\"async\" class=\"wp-image-25522 size-full\" src=\"https:\/\/mouldking.store\/wp-content\/uploads\/2021\/10\/WINNER-7049-American-Chopper-with-709-pieces-2.jpg\" alt=\"WINNER 7049 American Chopper with 709 pieces\" width=\"800\" height=\"600\" title=\"-\" srcset=\"https:\/\/mouldking.store\/wp-content\/uploads\/2021\/10\/WINNER-7049-American-Chopper-with-709-pieces-2.jpg 800w, https:\/\/mouldking.store\/wp-content\/uploads\/2021\/10\/WINNER-7049-American-Chopper-with-709-pieces-2-300x225.jpg 300w, https:\/\/mouldking.store\/wp-content\/uploads\/2021\/10\/WINNER-7049-American-Chopper-with-709-pieces-2-768x576.jpg 768w, https:\/\/mouldking.store\/wp-content\/uploads\/2021\/10\/WINNER-7049-American-Chopper-with-709-pieces-2-600x450.jpg 600w, https:\/\/mouldking.store\/wp-content\/uploads\/2021\/10\/WINNER-7049-American-Chopper-with-709-pieces-2-150x113.jpg 150w\" sizes=\"(max-width: 800px) 100vw, 800px\" \/><figcaption id=\"caption-attachment-25522\" class=\"wp-caption-text\">Chopper M\u1ef9 WINNER 7049 g\u1ed3m 709 chi\u1ebfc<\/figcaption><\/figure>","protected":false},"excerpt":{"rendered":"<p>Product information: Brand: WINNER Gender: Unisex Name: American Chopper Age Range: &gt; 6 years old Model Number: 7049 Classification: Assemblage Plastic Block Shape: Self-Locking Bricks Material: Plastic Plastic Type: ABS Bricks Blocks: 709 PCS Contains detailed assembly instructions. Notice: 1. Without an original box, but we guarantee our products have quality assurance and nice packaging. [&hellip;]<\/p>","protected":false},"featured_media":25521,"comment_status":"open","ping_status":"closed","template":"","meta":{"_acf_changed":false},"product_cat":[364],"product_tag":[2487,2488,2485,2489,1581,2484,2483,2486],"class_list":["product","first","instock","shipping-taxable","purchasable","product-type-simple"],"acf":[],"_links":{"self":[{"href":"https:\/\/mouldking.store\/vi\/wp-json\/wp\/v2\/product\/25520","targetHints":{"allow":["GET"]}}],"collection":[{"href":"https:\/\/mouldking.store\/vi\/wp-json\/wp\/v2\/product"}],"about":[{"href":"https:\/\/mouldking.store\/vi\/wp-json\/wp\/v2\/types\/product"}],"replies":[{"embeddable":true,"href":"https:\/\/mouldking.store\/vi\/wp-json\/wp\/v2\/comments?post=25520"}],"wp:featuredmedia":[{"embeddable":true,"href":"https:\/\/mouldking.store\/vi\/wp-json\/wp\/v2\/media\/25521"}],"wp:attachment":[{"href":"https:\/\/mouldking.store\/vi\/wp-json\/wp\/v2\/media?parent=25520"}],"wp:term":[{"taxonomy":"product_cat","embeddable":true,"href":"https:\/\/mouldking.store\/vi\/wp-json\/wp\/v2\/product_cat?post=25520"},{"taxonomy":"product_tag","embeddable":true,"href":"https:\/\/mouldking.store\/vi\/wp-json\/wp\/v2\/product_tag?post=25520"}],"curies":[{"name":"wp","href":"https:\/\/api.w.org\/{rel}","templated":true}]}}