{"id":25557,"date":"2021-10-22T04:01:27","date_gmt":"2021-10-22T04:01:27","guid":{"rendered":"https:\/\/mouldking.store\/?post_type=product&#038;p=25557"},"modified":"2021-12-23T09:41:52","modified_gmt":"2021-12-23T09:41:52","slug":"wange-6225-el-castillo-with-1340-pieces","status":"publish","type":"product","link":"https:\/\/mouldking.store\/vi\/shop\/wange-6225-el-castillo-with-1340-pieces\/","title":{"rendered":"WANGE 6225 EL CASTILLO v\u1edbi 1340 mi\u1ebfng gh\u00e9p"},"content":{"rendered":"<p>Th\u00f4ng tin s\u1ea3n ph\u1ea9m:<\/p>\n<ol>\n<li>Th\u01b0\u01a1ng hi\u1ec7u: WANGE<\/li>\n<li>Gi\u1edbi t\u00ednh: Unisex<\/li>\n<li>T\u00ean: EL CASTILLO<\/li>\n<li>\u0110\u1ed9 tu\u1ed5i: &gt; 6 tu\u1ed5i<\/li>\n<li>S\u1ed1 m\u00f4 h\u00ecnh: 6225<\/li>\n<li>Ph\u00e2n lo\u1ea1i: T\u1eadp h\u1ee3p<\/li>\n<li>H\u00ecnh d\u1ea1ng kh\u1ed1i nh\u1ef1a: G\u1ea1ch t\u1ef1 kh\u00f3a<\/li>\n<li>Ch\u1ea5t li\u1ec7u: Nh\u1ef1a<\/li>\n<li>Lo\u1ea1i nh\u1ef1a: ABS<\/li>\n<li>Kh\u1ed1i g\u1ea1ch: 1340 C\u00c1I<\/li>\n<li>Ch\u1ee9a h\u01b0\u1edbng d\u1eabn l\u1eafp r\u00e1p chi ti\u1ebft.<\/li>\n<\/ol>\n<p>\u0110\u1ec3 \u00fd:<br \/>\n1. Kh\u00f4ng c\u00f3 h\u1ed9p ban \u0111\u1ea7u, nh\u01b0ng ch\u00fang t\u00f4i \u0111\u1ea3m b\u1ea3o s\u1ea3n ph\u1ea9m c\u1ee7a ch\u00fang t\u00f4i c\u00f3 ch\u1ea5t l\u01b0\u1ee3ng \u0111\u1ea3m b\u1ea3o v\u00e0 bao b\u00ec \u0111\u1eb9p.<br \/>\n2. V\u00ec t\u1ea5t c\u1ea3 c\u00e1c b\u1ed9 ph\u1eadn ch\u00fang t\u00f4i \u0111\u00e3 ki\u1ec3m tra tr\u01b0\u1edbc khi v\u1eadn chuy\u1ec3n, v\u00ec v\u1eady n\u1ebfu b\u1ea1n th\u1ea5y m\u1ed9t s\u1ed1 b\u1ed9 ph\u1eadn b\u1ecb thi\u1ebfu ho\u1eb7c h\u01b0 h\u1ecfng, \u0111\u1eebng lo l\u1eafng v\u00e0 ch\u1ec9 c\u1ea7n vui l\u00f2ng li\u00ean h\u1ec7 v\u1edbi ch\u00fang t\u00f4i v\u00e0 ch\u00fang t\u00f4i c\u00f3 th\u1ec3 g\u1eedi l\u1ea1i mi\u1ec5n ph\u00ed cho b\u1ea1n ngay l\u1eadp t\u1ee9c.<\/p>\n<figure id=\"attachment_25567\" aria-describedby=\"caption-attachment-25567\" style=\"width: 734px\" class=\"wp-caption aligncenter\"><img fetchpriority=\"high\" decoding=\"async\" class=\"wp-image-25567 size-full\" src=\"https:\/\/mouldking.store\/wp-content\/uploads\/2021\/10\/WANGE-6225-EL-CASTILLO-with-1340-pieces-10.jpg\" alt=\"WANGE 6225 EL CASTILLO with 1340 pieces\" width=\"734\" height=\"1024\" title=\"-\" srcset=\"https:\/\/mouldking.store\/wp-content\/uploads\/2021\/10\/WANGE-6225-EL-CASTILLO-with-1340-pieces-10.jpg 734w, https:\/\/mouldking.store\/wp-content\/uploads\/2021\/10\/WANGE-6225-EL-CASTILLO-with-1340-pieces-10-215x300.jpg 215w, https:\/\/mouldking.store\/wp-content\/uploads\/2021\/10\/WANGE-6225-EL-CASTILLO-with-1340-pieces-10-300x419.jpg 300w, https:\/\/mouldking.store\/wp-content\/uploads\/2021\/10\/WANGE-6225-EL-CASTILLO-with-1340-pieces-10-600x837.jpg 600w, https:\/\/mouldking.store\/wp-content\/uploads\/2021\/10\/WANGE-6225-EL-CASTILLO-with-1340-pieces-10-108x150.jpg 108w\" sizes=\"(max-width: 734px) 100vw, 734px\" \/><figcaption id=\"caption-attachment-25567\" class=\"wp-caption-text\">WANGE 6225 EL CASTILLO v\u1edbi 1340 mi\u1ebfng gh\u00e9p<\/figcaption><\/figure>\n<figure id=\"attachment_25559\" aria-describedby=\"caption-attachment-25559\" style=\"width: 790px\" class=\"wp-caption aligncenter\"><img decoding=\"async\" class=\"wp-image-25559 size-full\" src=\"https:\/\/mouldking.store\/wp-content\/uploads\/2021\/10\/WANGE-6225-EL-CASTILLO-with-1340-pieces-2.jpg\" alt=\"WANGE 6225 EL CASTILLO with 1340 pieces\" width=\"790\" height=\"953\" title=\"-\" srcset=\"https:\/\/mouldking.store\/wp-content\/uploads\/2021\/10\/WANGE-6225-EL-CASTILLO-with-1340-pieces-2.jpg 790w, https:\/\/mouldking.store\/wp-content\/uploads\/2021\/10\/WANGE-6225-EL-CASTILLO-with-1340-pieces-2-249x300.jpg 249w, https:\/\/mouldking.store\/wp-content\/uploads\/2021\/10\/WANGE-6225-EL-CASTILLO-with-1340-pieces-2-768x926.jpg 768w, https:\/\/mouldking.store\/wp-content\/uploads\/2021\/10\/WANGE-6225-EL-CASTILLO-with-1340-pieces-2-300x362.jpg 300w, https:\/\/mouldking.store\/wp-content\/uploads\/2021\/10\/WANGE-6225-EL-CASTILLO-with-1340-pieces-2-600x724.jpg 600w, https:\/\/mouldking.store\/wp-content\/uploads\/2021\/10\/WANGE-6225-EL-CASTILLO-with-1340-pieces-2-124x150.jpg 124w\" sizes=\"(max-width: 790px) 100vw, 790px\" \/><figcaption id=\"caption-attachment-25559\" class=\"wp-caption-text\">WANGE 6225 EL CASTILLO v\u1edbi 1340 mi\u1ebfng gh\u00e9p<\/figcaption><\/figure>\n<figure id=\"attachment_25560\" aria-describedby=\"caption-attachment-25560\" style=\"width: 779px\" class=\"wp-caption aligncenter\"><img decoding=\"async\" class=\"wp-image-25560 size-full\" src=\"https:\/\/mouldking.store\/wp-content\/uploads\/2021\/10\/WANGE-6225-EL-CASTILLO-with-1340-pieces-3.jpg\" alt=\"WANGE 6225 EL CASTILLO with 1340 pieces\" width=\"779\" height=\"1024\" title=\"-\" srcset=\"https:\/\/mouldking.store\/wp-content\/uploads\/2021\/10\/WANGE-6225-EL-CASTILLO-with-1340-pieces-3.jpg 779w, https:\/\/mouldking.store\/wp-content\/uploads\/2021\/10\/WANGE-6225-EL-CASTILLO-with-1340-pieces-3-228x300.jpg 228w, https:\/\/mouldking.store\/wp-content\/uploads\/2021\/10\/WANGE-6225-EL-CASTILLO-with-1340-pieces-3-768x1010.jpg 768w, https:\/\/mouldking.store\/wp-content\/uploads\/2021\/10\/WANGE-6225-EL-CASTILLO-with-1340-pieces-3-300x394.jpg 300w, https:\/\/mouldking.store\/wp-content\/uploads\/2021\/10\/WANGE-6225-EL-CASTILLO-with-1340-pieces-3-600x789.jpg 600w, https:\/\/mouldking.store\/wp-content\/uploads\/2021\/10\/WANGE-6225-EL-CASTILLO-with-1340-pieces-3-114x150.jpg 114w\" sizes=\"(max-width: 779px) 100vw, 779px\" \/><figcaption id=\"caption-attachment-25560\" class=\"wp-caption-text\">WANGE 6225 EL CASTILLO v\u1edbi 1340 mi\u1ebfng gh\u00e9p<\/figcaption><\/figure>\n<figure id=\"attachment_25566\" aria-describedby=\"caption-attachment-25566\" style=\"width: 790px\" class=\"wp-caption aligncenter\"><img loading=\"lazy\" decoding=\"async\" class=\"wp-image-25566 size-full\" src=\"https:\/\/mouldking.store\/wp-content\/uploads\/2021\/10\/WANGE-6225-EL-CASTILLO-with-1340-pieces-9.jpg\" alt=\"WANGE 6225 EL CASTILLO with 1340 pieces\" width=\"790\" height=\"864\" title=\"-\" srcset=\"https:\/\/mouldking.store\/wp-content\/uploads\/2021\/10\/WANGE-6225-EL-CASTILLO-with-1340-pieces-9.jpg 790w, https:\/\/mouldking.store\/wp-content\/uploads\/2021\/10\/WANGE-6225-EL-CASTILLO-with-1340-pieces-9-274x300.jpg 274w, https:\/\/mouldking.store\/wp-content\/uploads\/2021\/10\/WANGE-6225-EL-CASTILLO-with-1340-pieces-9-768x840.jpg 768w, https:\/\/mouldking.store\/wp-content\/uploads\/2021\/10\/WANGE-6225-EL-CASTILLO-with-1340-pieces-9-300x328.jpg 300w, https:\/\/mouldking.store\/wp-content\/uploads\/2021\/10\/WANGE-6225-EL-CASTILLO-with-1340-pieces-9-600x656.jpg 600w, https:\/\/mouldking.store\/wp-content\/uploads\/2021\/10\/WANGE-6225-EL-CASTILLO-with-1340-pieces-9-137x150.jpg 137w\" sizes=\"(max-width: 790px) 100vw, 790px\" \/><figcaption id=\"caption-attachment-25566\" class=\"wp-caption-text\">WANGE 6225 EL CASTILLO v\u1edbi 1340 mi\u1ebfng gh\u00e9p<\/figcaption><\/figure>\n<figure id=\"attachment_25561\" aria-describedby=\"caption-attachment-25561\" style=\"width: 686px\" class=\"wp-caption aligncenter\"><img loading=\"lazy\" decoding=\"async\" class=\"wp-image-25561 size-full\" src=\"https:\/\/mouldking.store\/wp-content\/uploads\/2021\/10\/WANGE-6225-EL-CASTILLO-with-1340-pieces-4.jpg\" alt=\"WANGE 6225 EL CASTILLO with 1340 pieces\" width=\"686\" height=\"1024\" title=\"-\" srcset=\"https:\/\/mouldking.store\/wp-content\/uploads\/2021\/10\/WANGE-6225-EL-CASTILLO-with-1340-pieces-4.jpg 686w, https:\/\/mouldking.store\/wp-content\/uploads\/2021\/10\/WANGE-6225-EL-CASTILLO-with-1340-pieces-4-201x300.jpg 201w, https:\/\/mouldking.store\/wp-content\/uploads\/2021\/10\/WANGE-6225-EL-CASTILLO-with-1340-pieces-4-300x448.jpg 300w, https:\/\/mouldking.store\/wp-content\/uploads\/2021\/10\/WANGE-6225-EL-CASTILLO-with-1340-pieces-4-600x896.jpg 600w, https:\/\/mouldking.store\/wp-content\/uploads\/2021\/10\/WANGE-6225-EL-CASTILLO-with-1340-pieces-4-100x150.jpg 100w\" sizes=\"(max-width: 686px) 100vw, 686px\" \/><figcaption id=\"caption-attachment-25561\" class=\"wp-caption-text\">WANGE 6225 EL CASTILLO v\u1edbi 1340 mi\u1ebfng gh\u00e9p<\/figcaption><\/figure>\n<figure id=\"attachment_25562\" aria-describedby=\"caption-attachment-25562\" style=\"width: 652px\" class=\"wp-caption aligncenter\"><img loading=\"lazy\" decoding=\"async\" class=\"wp-image-25562 size-full\" src=\"https:\/\/mouldking.store\/wp-content\/uploads\/2021\/10\/WANGE-6225-EL-CASTILLO-with-1340-pieces-5.jpg\" alt=\"WANGE 6225 EL CASTILLO with 1340 pieces\" width=\"652\" height=\"1023\" title=\"-\" srcset=\"https:\/\/mouldking.store\/wp-content\/uploads\/2021\/10\/WANGE-6225-EL-CASTILLO-with-1340-pieces-5.jpg 652w, https:\/\/mouldking.store\/wp-content\/uploads\/2021\/10\/WANGE-6225-EL-CASTILLO-with-1340-pieces-5-191x300.jpg 191w, https:\/\/mouldking.store\/wp-content\/uploads\/2021\/10\/WANGE-6225-EL-CASTILLO-with-1340-pieces-5-300x471.jpg 300w, https:\/\/mouldking.store\/wp-content\/uploads\/2021\/10\/WANGE-6225-EL-CASTILLO-with-1340-pieces-5-600x941.jpg 600w, https:\/\/mouldking.store\/wp-content\/uploads\/2021\/10\/WANGE-6225-EL-CASTILLO-with-1340-pieces-5-96x150.jpg 96w\" sizes=\"(max-width: 652px) 100vw, 652px\" \/><figcaption id=\"caption-attachment-25562\" class=\"wp-caption-text\">WANGE 6225 EL CASTILLO v\u1edbi 1340 mi\u1ebfng gh\u00e9p<\/figcaption><\/figure>\n<figure id=\"attachment_25565\" aria-describedby=\"caption-attachment-25565\" style=\"width: 678px\" class=\"wp-caption aligncenter\"><img loading=\"lazy\" decoding=\"async\" class=\"wp-image-25565 size-full\" src=\"https:\/\/mouldking.store\/wp-content\/uploads\/2021\/10\/WANGE-6225-EL-CASTILLO-with-1340-pieces-8.jpg\" alt=\"WANGE 6225 EL CASTILLO with 1340 pieces\" width=\"678\" height=\"1024\" title=\"-\" srcset=\"https:\/\/mouldking.store\/wp-content\/uploads\/2021\/10\/WANGE-6225-EL-CASTILLO-with-1340-pieces-8.jpg 678w, https:\/\/mouldking.store\/wp-content\/uploads\/2021\/10\/WANGE-6225-EL-CASTILLO-with-1340-pieces-8-199x300.jpg 199w, https:\/\/mouldking.store\/wp-content\/uploads\/2021\/10\/WANGE-6225-EL-CASTILLO-with-1340-pieces-8-300x453.jpg 300w, https:\/\/mouldking.store\/wp-content\/uploads\/2021\/10\/WANGE-6225-EL-CASTILLO-with-1340-pieces-8-600x906.jpg 600w, https:\/\/mouldking.store\/wp-content\/uploads\/2021\/10\/WANGE-6225-EL-CASTILLO-with-1340-pieces-8-99x150.jpg 99w\" sizes=\"(max-width: 678px) 100vw, 678px\" \/><figcaption id=\"caption-attachment-25565\" class=\"wp-caption-text\">WANGE 6225 EL CASTILLO v\u1edbi 1340 mi\u1ebfng gh\u00e9p<\/figcaption><\/figure>\n<figure id=\"attachment_25564\" aria-describedby=\"caption-attachment-25564\" style=\"width: 762px\" class=\"wp-caption aligncenter\"><img loading=\"lazy\" decoding=\"async\" class=\"wp-image-25564 size-full\" src=\"https:\/\/mouldking.store\/wp-content\/uploads\/2021\/10\/WANGE-6225-EL-CASTILLO-with-1340-pieces-7.jpg\" alt=\"WANGE 6225 EL CASTILLO with 1340 pieces\" width=\"762\" height=\"1023\" title=\"-\" srcset=\"https:\/\/mouldking.store\/wp-content\/uploads\/2021\/10\/WANGE-6225-EL-CASTILLO-with-1340-pieces-7.jpg 762w, https:\/\/mouldking.store\/wp-content\/uploads\/2021\/10\/WANGE-6225-EL-CASTILLO-with-1340-pieces-7-223x300.jpg 223w, https:\/\/mouldking.store\/wp-content\/uploads\/2021\/10\/WANGE-6225-EL-CASTILLO-with-1340-pieces-7-300x403.jpg 300w, https:\/\/mouldking.store\/wp-content\/uploads\/2021\/10\/WANGE-6225-EL-CASTILLO-with-1340-pieces-7-600x806.jpg 600w, https:\/\/mouldking.store\/wp-content\/uploads\/2021\/10\/WANGE-6225-EL-CASTILLO-with-1340-pieces-7-112x150.jpg 112w\" sizes=\"(max-width: 762px) 100vw, 762px\" \/><figcaption id=\"caption-attachment-25564\" class=\"wp-caption-text\">WANGE 6225 EL CASTILLO v\u1edbi 1340 mi\u1ebfng gh\u00e9p<\/figcaption><\/figure>\n<figure id=\"attachment_25563\" aria-describedby=\"caption-attachment-25563\" style=\"width: 734px\" class=\"wp-caption aligncenter\"><img loading=\"lazy\" decoding=\"async\" class=\"wp-image-25563 size-full\" src=\"https:\/\/mouldking.store\/wp-content\/uploads\/2021\/10\/WANGE-6225-EL-CASTILLO-with-1340-pieces-6.jpg\" alt=\"WANGE 6225 EL CASTILLO with 1340 pieces\" width=\"734\" height=\"1024\" title=\"-\" srcset=\"https:\/\/mouldking.store\/wp-content\/uploads\/2021\/10\/WANGE-6225-EL-CASTILLO-with-1340-pieces-6.jpg 734w, https:\/\/mouldking.store\/wp-content\/uploads\/2021\/10\/WANGE-6225-EL-CASTILLO-with-1340-pieces-6-215x300.jpg 215w, https:\/\/mouldking.store\/wp-content\/uploads\/2021\/10\/WANGE-6225-EL-CASTILLO-with-1340-pieces-6-300x419.jpg 300w, https:\/\/mouldking.store\/wp-content\/uploads\/2021\/10\/WANGE-6225-EL-CASTILLO-with-1340-pieces-6-600x837.jpg 600w, https:\/\/mouldking.store\/wp-content\/uploads\/2021\/10\/WANGE-6225-EL-CASTILLO-with-1340-pieces-6-108x150.jpg 108w\" sizes=\"(max-width: 734px) 100vw, 734px\" \/><figcaption id=\"caption-attachment-25563\" class=\"wp-caption-text\">WANGE 6225 EL CASTILLO v\u1edbi 1340 mi\u1ebfng gh\u00e9p<\/figcaption><\/figure>","protected":false},"excerpt":{"rendered":"<p>Product information: Brand: WANGE Gender: Unisex Name: EL CASTILLO Age Range: &gt; 6 years old Model Number: 6225 Classification: Assemblage Plastic Block Shape: Self-Locking Bricks Material: Plastic Plastic Type: ABS Bricks Blocks: 1340 PCS Contains detailed assembly instructions. Notice: 1. Without an original box, but we guarantee our products have quality assurance and nice packaging. [&hellip;]<\/p>","protected":false},"featured_media":25558,"comment_status":"open","ping_status":"closed","template":"","meta":{"_acf_changed":false},"product_cat":[390],"product_tag":[2503,2504,2502,2299,2501,2500,2505],"class_list":["product","first","instock","shipping-taxable","purchasable","product-type-simple"],"acf":[],"_links":{"self":[{"href":"https:\/\/mouldking.store\/vi\/wp-json\/wp\/v2\/product\/25557","targetHints":{"allow":["GET"]}}],"collection":[{"href":"https:\/\/mouldking.store\/vi\/wp-json\/wp\/v2\/product"}],"about":[{"href":"https:\/\/mouldking.store\/vi\/wp-json\/wp\/v2\/types\/product"}],"replies":[{"embeddable":true,"href":"https:\/\/mouldking.store\/vi\/wp-json\/wp\/v2\/comments?post=25557"}],"wp:featuredmedia":[{"embeddable":true,"href":"https:\/\/mouldking.store\/vi\/wp-json\/wp\/v2\/media\/25558"}],"wp:attachment":[{"href":"https:\/\/mouldking.store\/vi\/wp-json\/wp\/v2\/media?parent=25557"}],"wp:term":[{"taxonomy":"product_cat","embeddable":true,"href":"https:\/\/mouldking.store\/vi\/wp-json\/wp\/v2\/product_cat?post=25557"},{"taxonomy":"product_tag","embeddable":true,"href":"https:\/\/mouldking.store\/vi\/wp-json\/wp\/v2\/product_tag?post=25557"}],"curies":[{"name":"wp","href":"https:\/\/api.w.org\/{rel}","templated":true}]}}