{"id":25568,"date":"2021-10-22T04:05:26","date_gmt":"2021-10-22T04:05:26","guid":{"rendered":"https:\/\/mouldking.store\/?post_type=product&#038;p=25568"},"modified":"2021-12-23T09:41:52","modified_gmt":"2021-12-23T09:41:52","slug":"sixsix-bricks-992-king-kong-with-3000-pieces","status":"publish","type":"product","link":"https:\/\/mouldking.store\/vi\/shop\/sixsix-bricks-992-king-kong-with-3000-pieces\/","title":{"rendered":"SixSix Bricks 992 King Kong v\u1edbi 3000 mi\u1ebfng"},"content":{"rendered":"<p>Th\u00f4ng tin s\u1ea3n ph\u1ea9m:<\/p>\n<ol>\n<li>Brand: SixSix Bricks<\/li>\n<li>Gi\u1edbi t\u00ednh: Unisex<\/li>\n<li>Name: King Kong<\/li>\n<li>\u0110\u1ed9 tu\u1ed5i: &gt; 6 tu\u1ed5i<\/li>\n<li>Model Number: 992<\/li>\n<li>Ph\u00e2n lo\u1ea1i: T\u1eadp h\u1ee3p<\/li>\n<li>H\u00ecnh d\u1ea1ng kh\u1ed1i nh\u1ef1a: G\u1ea1ch t\u1ef1 kh\u00f3a<\/li>\n<li>Ch\u1ea5t li\u1ec7u: Nh\u1ef1a<\/li>\n<li>Lo\u1ea1i nh\u1ef1a: ABS<\/li>\n<li>Bricks Blocks: 3000 PCS<\/li>\n<li>Ch\u1ee9a h\u01b0\u1edbng d\u1eabn l\u1eafp r\u00e1p chi ti\u1ebft.<\/li>\n<\/ol>\n<p>\u0110\u1ec3 \u00fd:<br \/>\n1. Kh\u00f4ng c\u00f3 h\u1ed9p ban \u0111\u1ea7u, nh\u01b0ng ch\u00fang t\u00f4i \u0111\u1ea3m b\u1ea3o s\u1ea3n ph\u1ea9m c\u1ee7a ch\u00fang t\u00f4i c\u00f3 ch\u1ea5t l\u01b0\u1ee3ng \u0111\u1ea3m b\u1ea3o v\u00e0 bao b\u00ec \u0111\u1eb9p.<br \/>\n2. V\u00ec t\u1ea5t c\u1ea3 c\u00e1c b\u1ed9 ph\u1eadn ch\u00fang t\u00f4i \u0111\u00e3 ki\u1ec3m tra tr\u01b0\u1edbc khi v\u1eadn chuy\u1ec3n, v\u00ec v\u1eady n\u1ebfu b\u1ea1n th\u1ea5y m\u1ed9t s\u1ed1 b\u1ed9 ph\u1eadn b\u1ecb thi\u1ebfu ho\u1eb7c h\u01b0 h\u1ecfng, \u0111\u1eebng lo l\u1eafng v\u00e0 ch\u1ec9 c\u1ea7n vui l\u00f2ng li\u00ean h\u1ec7 v\u1edbi ch\u00fang t\u00f4i v\u00e0 ch\u00fang t\u00f4i c\u00f3 th\u1ec3 g\u1eedi l\u1ea1i mi\u1ec5n ph\u00ed cho b\u1ea1n ngay l\u1eadp t\u1ee9c.<\/p>\n<figure id=\"attachment_25575\" aria-describedby=\"caption-attachment-25575\" style=\"width: 800px\" class=\"wp-caption aligncenter\"><img fetchpriority=\"high\" decoding=\"async\" class=\"wp-image-25575 size-full\" src=\"https:\/\/mouldking.store\/wp-content\/uploads\/2021\/10\/SixSix-Bricks-992-King-Kong-with-3000-pieces-7.jpg\" alt=\"SixSix Bricks 992 King Kong with 3000 pieces\" width=\"800\" height=\"1013\" title=\"-\" srcset=\"https:\/\/mouldking.store\/wp-content\/uploads\/2021\/10\/SixSix-Bricks-992-King-Kong-with-3000-pieces-7.jpg 800w, https:\/\/mouldking.store\/wp-content\/uploads\/2021\/10\/SixSix-Bricks-992-King-Kong-with-3000-pieces-7-237x300.jpg 237w, https:\/\/mouldking.store\/wp-content\/uploads\/2021\/10\/SixSix-Bricks-992-King-Kong-with-3000-pieces-7-768x972.jpg 768w, https:\/\/mouldking.store\/wp-content\/uploads\/2021\/10\/SixSix-Bricks-992-King-Kong-with-3000-pieces-7-300x380.jpg 300w, https:\/\/mouldking.store\/wp-content\/uploads\/2021\/10\/SixSix-Bricks-992-King-Kong-with-3000-pieces-7-600x760.jpg 600w, https:\/\/mouldking.store\/wp-content\/uploads\/2021\/10\/SixSix-Bricks-992-King-Kong-with-3000-pieces-7-118x150.jpg 118w\" sizes=\"(max-width: 800px) 100vw, 800px\" \/><figcaption id=\"caption-attachment-25575\" class=\"wp-caption-text\">SixSix Bricks 992 King Kong v\u1edbi 3000 mi\u1ebfng<\/figcaption><\/figure>\n<figure id=\"attachment_25574\" aria-describedby=\"caption-attachment-25574\" style=\"width: 432px\" class=\"wp-caption aligncenter\"><img decoding=\"async\" class=\"wp-image-25574 size-full\" src=\"https:\/\/mouldking.store\/wp-content\/uploads\/2021\/10\/SixSix-Bricks-992-King-Kong-with-3000-pieces-6.jpg\" alt=\"SixSix Bricks 992 King Kong with 3000 pieces\" width=\"432\" height=\"1024\" title=\"-\" srcset=\"https:\/\/mouldking.store\/wp-content\/uploads\/2021\/10\/SixSix-Bricks-992-King-Kong-with-3000-pieces-6.jpg 432w, https:\/\/mouldking.store\/wp-content\/uploads\/2021\/10\/SixSix-Bricks-992-King-Kong-with-3000-pieces-6-127x300.jpg 127w, https:\/\/mouldking.store\/wp-content\/uploads\/2021\/10\/SixSix-Bricks-992-King-Kong-with-3000-pieces-6-300x711.jpg 300w, https:\/\/mouldking.store\/wp-content\/uploads\/2021\/10\/SixSix-Bricks-992-King-Kong-with-3000-pieces-6-63x150.jpg 63w\" sizes=\"(max-width: 432px) 100vw, 432px\" \/><figcaption id=\"caption-attachment-25574\" class=\"wp-caption-text\">SixSix Bricks 992 King Kong v\u1edbi 3000 mi\u1ebfng<\/figcaption><\/figure>\n<figure id=\"attachment_25573\" aria-describedby=\"caption-attachment-25573\" style=\"width: 389px\" class=\"wp-caption aligncenter\"><img decoding=\"async\" class=\"wp-image-25573 size-full\" src=\"https:\/\/mouldking.store\/wp-content\/uploads\/2021\/10\/SixSix-Bricks-992-King-Kong-with-3000-pieces-5.jpg\" alt=\"SixSix Bricks 992 King Kong with 3000 pieces\" width=\"389\" height=\"1024\" title=\"-\" srcset=\"https:\/\/mouldking.store\/wp-content\/uploads\/2021\/10\/SixSix-Bricks-992-King-Kong-with-3000-pieces-5.jpg 389w, https:\/\/mouldking.store\/wp-content\/uploads\/2021\/10\/SixSix-Bricks-992-King-Kong-with-3000-pieces-5-114x300.jpg 114w, https:\/\/mouldking.store\/wp-content\/uploads\/2021\/10\/SixSix-Bricks-992-King-Kong-with-3000-pieces-5-300x790.jpg 300w, https:\/\/mouldking.store\/wp-content\/uploads\/2021\/10\/SixSix-Bricks-992-King-Kong-with-3000-pieces-5-57x150.jpg 57w\" sizes=\"(max-width: 389px) 100vw, 389px\" \/><figcaption id=\"caption-attachment-25573\" class=\"wp-caption-text\">SixSix Bricks 992 King Kong v\u1edbi 3000 mi\u1ebfng<\/figcaption><\/figure>\n<figure id=\"attachment_25572\" aria-describedby=\"caption-attachment-25572\" style=\"width: 492px\" class=\"wp-caption aligncenter\"><img loading=\"lazy\" decoding=\"async\" class=\"wp-image-25572 size-full\" src=\"https:\/\/mouldking.store\/wp-content\/uploads\/2021\/10\/SixSix-Bricks-992-King-Kong-with-3000-pieces-4.jpg\" alt=\"SixSix Bricks 992 King Kong with 3000 pieces\" width=\"492\" height=\"1023\" title=\"-\" srcset=\"https:\/\/mouldking.store\/wp-content\/uploads\/2021\/10\/SixSix-Bricks-992-King-Kong-with-3000-pieces-4.jpg 492w, https:\/\/mouldking.store\/wp-content\/uploads\/2021\/10\/SixSix-Bricks-992-King-Kong-with-3000-pieces-4-144x300.jpg 144w, https:\/\/mouldking.store\/wp-content\/uploads\/2021\/10\/SixSix-Bricks-992-King-Kong-with-3000-pieces-4-300x624.jpg 300w, https:\/\/mouldking.store\/wp-content\/uploads\/2021\/10\/SixSix-Bricks-992-King-Kong-with-3000-pieces-4-72x150.jpg 72w\" sizes=\"(max-width: 492px) 100vw, 492px\" \/><figcaption id=\"caption-attachment-25572\" class=\"wp-caption-text\">SixSix Bricks 992 King Kong v\u1edbi 3000 mi\u1ebfng<\/figcaption><\/figure>\n<figure id=\"attachment_25571\" aria-describedby=\"caption-attachment-25571\" style=\"width: 504px\" class=\"wp-caption aligncenter\"><img loading=\"lazy\" decoding=\"async\" class=\"wp-image-25571 size-full\" src=\"https:\/\/mouldking.store\/wp-content\/uploads\/2021\/10\/SixSix-Bricks-992-King-Kong-with-3000-pieces-3.jpg\" alt=\"SixSix Bricks 992 King Kong with 3000 pieces\" width=\"504\" height=\"1023\" title=\"-\" srcset=\"https:\/\/mouldking.store\/wp-content\/uploads\/2021\/10\/SixSix-Bricks-992-King-Kong-with-3000-pieces-3.jpg 504w, https:\/\/mouldking.store\/wp-content\/uploads\/2021\/10\/SixSix-Bricks-992-King-Kong-with-3000-pieces-3-148x300.jpg 148w, https:\/\/mouldking.store\/wp-content\/uploads\/2021\/10\/SixSix-Bricks-992-King-Kong-with-3000-pieces-3-300x609.jpg 300w, https:\/\/mouldking.store\/wp-content\/uploads\/2021\/10\/SixSix-Bricks-992-King-Kong-with-3000-pieces-3-74x150.jpg 74w\" sizes=\"(max-width: 504px) 100vw, 504px\" \/><figcaption id=\"caption-attachment-25571\" class=\"wp-caption-text\">SixSix Bricks 992 King Kong v\u1edbi 3000 mi\u1ebfng<\/figcaption><\/figure>\n<figure id=\"attachment_25570\" aria-describedby=\"caption-attachment-25570\" style=\"width: 766px\" class=\"wp-caption aligncenter\"><img loading=\"lazy\" decoding=\"async\" class=\"wp-image-25570 size-full\" src=\"https:\/\/mouldking.store\/wp-content\/uploads\/2021\/10\/SixSix-Bricks-992-King-Kong-with-3000-pieces-2.jpg\" alt=\"SixSix Bricks 992 King Kong with 3000 pieces\" width=\"766\" height=\"1024\" title=\"-\" srcset=\"https:\/\/mouldking.store\/wp-content\/uploads\/2021\/10\/SixSix-Bricks-992-King-Kong-with-3000-pieces-2.jpg 766w, https:\/\/mouldking.store\/wp-content\/uploads\/2021\/10\/SixSix-Bricks-992-King-Kong-with-3000-pieces-2-224x300.jpg 224w, https:\/\/mouldking.store\/wp-content\/uploads\/2021\/10\/SixSix-Bricks-992-King-Kong-with-3000-pieces-2-300x401.jpg 300w, https:\/\/mouldking.store\/wp-content\/uploads\/2021\/10\/SixSix-Bricks-992-King-Kong-with-3000-pieces-2-600x802.jpg 600w, https:\/\/mouldking.store\/wp-content\/uploads\/2021\/10\/SixSix-Bricks-992-King-Kong-with-3000-pieces-2-112x150.jpg 112w\" sizes=\"(max-width: 766px) 100vw, 766px\" \/><figcaption id=\"caption-attachment-25570\" class=\"wp-caption-text\">SixSix Bricks 992 King Kong v\u1edbi 3000 mi\u1ebfng<\/figcaption><\/figure>","protected":false},"excerpt":{"rendered":"<p>Product information: Brand: SixSix Bricks Gender: Unisex Name: King Kong Age Range: &gt; 6 years old Model Number: 992 Classification: Assemblage Plastic Block Shape: Self-Locking Bricks Material: Plastic Plastic Type: ABS Bricks Blocks: 3000 PCS Contains detailed assembly instructions. Notice: 1. Without an original box, but we guarantee our products have quality assurance and nice [&hellip;]<\/p>","protected":false},"featured_media":25569,"comment_status":"open","ping_status":"closed","template":"","meta":{"_acf_changed":false},"product_cat":[581],"product_tag":[2511,2508,2510,2507,2506,2509],"class_list":["product","first","instock","shipping-taxable","purchasable","product-type-simple"],"acf":[],"_links":{"self":[{"href":"https:\/\/mouldking.store\/vi\/wp-json\/wp\/v2\/product\/25568","targetHints":{"allow":["GET"]}}],"collection":[{"href":"https:\/\/mouldking.store\/vi\/wp-json\/wp\/v2\/product"}],"about":[{"href":"https:\/\/mouldking.store\/vi\/wp-json\/wp\/v2\/types\/product"}],"replies":[{"embeddable":true,"href":"https:\/\/mouldking.store\/vi\/wp-json\/wp\/v2\/comments?post=25568"}],"wp:featuredmedia":[{"embeddable":true,"href":"https:\/\/mouldking.store\/vi\/wp-json\/wp\/v2\/media\/25569"}],"wp:attachment":[{"href":"https:\/\/mouldking.store\/vi\/wp-json\/wp\/v2\/media?parent=25568"}],"wp:term":[{"taxonomy":"product_cat","embeddable":true,"href":"https:\/\/mouldking.store\/vi\/wp-json\/wp\/v2\/product_cat?post=25568"},{"taxonomy":"product_tag","embeddable":true,"href":"https:\/\/mouldking.store\/vi\/wp-json\/wp\/v2\/product_tag?post=25568"}],"curies":[{"name":"wp","href":"https:\/\/api.w.org\/{rel}","templated":true}]}}