{"id":25607,"date":"2021-10-22T04:25:48","date_gmt":"2021-10-22T04:25:48","guid":{"rendered":"https:\/\/mouldking.store\/?post_type=product&#038;p=25607"},"modified":"2021-12-23T09:41:51","modified_gmt":"2021-12-23T09:41:51","slug":"urge-10202-pizza-shop-with-5588-pieces","status":"publish","type":"product","link":"https:\/\/mouldking.store\/vi\/shop\/urge-10202-pizza-shop-with-5588-pieces\/","title":{"rendered":"URGE 10202 C\u1eeda h\u00e0ng Pizza v\u1edbi 5588 mi\u1ebfng"},"content":{"rendered":"<p>Th\u00f4ng tin s\u1ea3n ph\u1ea9m:<\/p>\n<ol>\n<li>Th\u01b0\u01a1ng hi\u1ec7u: URGE<\/li>\n<li>Gi\u1edbi t\u00ednh: Unisex<\/li>\n<li>Name: Pizza Shop<\/li>\n<li>\u0110\u1ed9 tu\u1ed5i: &gt; 6 tu\u1ed5i<\/li>\n<li>Model Number: 10202<\/li>\n<li>Ph\u00e2n lo\u1ea1i: T\u1eadp h\u1ee3p<\/li>\n<li>H\u00ecnh d\u1ea1ng kh\u1ed1i nh\u1ef1a: G\u1ea1ch t\u1ef1 kh\u00f3a<\/li>\n<li>Ch\u1ea5t li\u1ec7u: Nh\u1ef1a<\/li>\n<li>Lo\u1ea1i nh\u1ef1a: ABS<\/li>\n<li>Bricks Blocks: 5588\u00a0 PCS<\/li>\n<li>Ch\u1ee9a h\u01b0\u1edbng d\u1eabn l\u1eafp r\u00e1p chi ti\u1ebft.<\/li>\n<\/ol>\n<p>\u0110\u1ec3 \u00fd:<br \/>\n1. Kh\u00f4ng c\u00f3 h\u1ed9p ban \u0111\u1ea7u, nh\u01b0ng ch\u00fang t\u00f4i \u0111\u1ea3m b\u1ea3o s\u1ea3n ph\u1ea9m c\u1ee7a ch\u00fang t\u00f4i c\u00f3 ch\u1ea5t l\u01b0\u1ee3ng \u0111\u1ea3m b\u1ea3o v\u00e0 bao b\u00ec \u0111\u1eb9p.<br \/>\n2. V\u00ec t\u1ea5t c\u1ea3 c\u00e1c b\u1ed9 ph\u1eadn ch\u00fang t\u00f4i \u0111\u00e3 ki\u1ec3m tra tr\u01b0\u1edbc khi v\u1eadn chuy\u1ec3n, v\u00ec v\u1eady n\u1ebfu b\u1ea1n th\u1ea5y m\u1ed9t s\u1ed1 b\u1ed9 ph\u1eadn b\u1ecb thi\u1ebfu ho\u1eb7c h\u01b0 h\u1ecfng, \u0111\u1eebng lo l\u1eafng v\u00e0 ch\u1ec9 c\u1ea7n vui l\u00f2ng li\u00ean h\u1ec7 v\u1edbi ch\u00fang t\u00f4i v\u00e0 ch\u00fang t\u00f4i c\u00f3 th\u1ec3 g\u1eedi l\u1ea1i mi\u1ec5n ph\u00ed cho b\u1ea1n ngay l\u1eadp t\u1ee9c.<\/p>\n<figure id=\"attachment_25608\" aria-describedby=\"caption-attachment-25608\" style=\"width: 800px\" class=\"wp-caption aligncenter\"><img fetchpriority=\"high\" decoding=\"async\" class=\"wp-image-25608 size-full\" src=\"https:\/\/mouldking.store\/wp-content\/uploads\/2021\/10\/URGE-10202-Pizza-Shop-with-5588-pieces-1.jpg\" alt=\"URGE 10202 Pizza Shop with 5588 pieces\" width=\"800\" height=\"800\" title=\"-\" srcset=\"https:\/\/mouldking.store\/wp-content\/uploads\/2021\/10\/URGE-10202-Pizza-Shop-with-5588-pieces-1.jpg 800w, https:\/\/mouldking.store\/wp-content\/uploads\/2021\/10\/URGE-10202-Pizza-Shop-with-5588-pieces-1-300x300.jpg 300w, https:\/\/mouldking.store\/wp-content\/uploads\/2021\/10\/URGE-10202-Pizza-Shop-with-5588-pieces-1-768x768.jpg 768w, https:\/\/mouldking.store\/wp-content\/uploads\/2021\/10\/URGE-10202-Pizza-Shop-with-5588-pieces-1-600x600.jpg 600w, https:\/\/mouldking.store\/wp-content\/uploads\/2021\/10\/URGE-10202-Pizza-Shop-with-5588-pieces-1-150x150.jpg 150w\" sizes=\"(max-width: 800px) 100vw, 800px\" \/><figcaption id=\"caption-attachment-25608\" class=\"wp-caption-text\">URGE 10202 C\u1eeda h\u00e0ng Pizza v\u1edbi 5588 mi\u1ebfng<\/figcaption><\/figure>\n<figure id=\"attachment_25612\" aria-describedby=\"caption-attachment-25612\" style=\"width: 693px\" class=\"wp-caption aligncenter\"><img decoding=\"async\" class=\"wp-image-25612 size-full\" src=\"https:\/\/mouldking.store\/wp-content\/uploads\/2021\/10\/URGE-10202-Pizza-Shop-with-5588-pieces-5.jpg\" alt=\"URGE 10202 Pizza Shop with 5588 pieces\" width=\"693\" height=\"1024\" title=\"-\" srcset=\"https:\/\/mouldking.store\/wp-content\/uploads\/2021\/10\/URGE-10202-Pizza-Shop-with-5588-pieces-5.jpg 693w, https:\/\/mouldking.store\/wp-content\/uploads\/2021\/10\/URGE-10202-Pizza-Shop-with-5588-pieces-5-203x300.jpg 203w, https:\/\/mouldking.store\/wp-content\/uploads\/2021\/10\/URGE-10202-Pizza-Shop-with-5588-pieces-5-300x443.jpg 300w, https:\/\/mouldking.store\/wp-content\/uploads\/2021\/10\/URGE-10202-Pizza-Shop-with-5588-pieces-5-600x887.jpg 600w, https:\/\/mouldking.store\/wp-content\/uploads\/2021\/10\/URGE-10202-Pizza-Shop-with-5588-pieces-5-102x150.jpg 102w\" sizes=\"(max-width: 693px) 100vw, 693px\" \/><figcaption id=\"caption-attachment-25612\" class=\"wp-caption-text\">URGE 10202 C\u1eeda h\u00e0ng Pizza v\u1edbi 5588 mi\u1ebfng<\/figcaption><\/figure>\n<figure id=\"attachment_25617\" aria-describedby=\"caption-attachment-25617\" style=\"width: 658px\" class=\"wp-caption aligncenter\"><img decoding=\"async\" class=\"wp-image-25617 size-full\" src=\"https:\/\/mouldking.store\/wp-content\/uploads\/2021\/10\/URGE-10202-Pizza-Shop-with-5588-pieces-10.jpg\" alt=\"URGE 10202 Pizza Shop with 5588 pieces\" width=\"658\" height=\"1024\" title=\"-\" srcset=\"https:\/\/mouldking.store\/wp-content\/uploads\/2021\/10\/URGE-10202-Pizza-Shop-with-5588-pieces-10.jpg 658w, https:\/\/mouldking.store\/wp-content\/uploads\/2021\/10\/URGE-10202-Pizza-Shop-with-5588-pieces-10-193x300.jpg 193w, https:\/\/mouldking.store\/wp-content\/uploads\/2021\/10\/URGE-10202-Pizza-Shop-with-5588-pieces-10-300x467.jpg 300w, https:\/\/mouldking.store\/wp-content\/uploads\/2021\/10\/URGE-10202-Pizza-Shop-with-5588-pieces-10-600x934.jpg 600w, https:\/\/mouldking.store\/wp-content\/uploads\/2021\/10\/URGE-10202-Pizza-Shop-with-5588-pieces-10-96x150.jpg 96w\" sizes=\"(max-width: 658px) 100vw, 658px\" \/><figcaption id=\"caption-attachment-25617\" class=\"wp-caption-text\">URGE 10202 C\u1eeda h\u00e0ng Pizza v\u1edbi 5588 mi\u1ebfng<\/figcaption><\/figure>\n<figure id=\"attachment_25614\" aria-describedby=\"caption-attachment-25614\" style=\"width: 663px\" class=\"wp-caption aligncenter\"><img loading=\"lazy\" decoding=\"async\" class=\"wp-image-25614 size-full\" src=\"https:\/\/mouldking.store\/wp-content\/uploads\/2021\/10\/URGE-10202-Pizza-Shop-with-5588-pieces-7.jpg\" alt=\"URGE 10202 Pizza Shop with 5588 pieces\" width=\"663\" height=\"1024\" title=\"-\" srcset=\"https:\/\/mouldking.store\/wp-content\/uploads\/2021\/10\/URGE-10202-Pizza-Shop-with-5588-pieces-7.jpg 663w, https:\/\/mouldking.store\/wp-content\/uploads\/2021\/10\/URGE-10202-Pizza-Shop-with-5588-pieces-7-194x300.jpg 194w, https:\/\/mouldking.store\/wp-content\/uploads\/2021\/10\/URGE-10202-Pizza-Shop-with-5588-pieces-7-300x463.jpg 300w, https:\/\/mouldking.store\/wp-content\/uploads\/2021\/10\/URGE-10202-Pizza-Shop-with-5588-pieces-7-600x927.jpg 600w, https:\/\/mouldking.store\/wp-content\/uploads\/2021\/10\/URGE-10202-Pizza-Shop-with-5588-pieces-7-97x150.jpg 97w\" sizes=\"(max-width: 663px) 100vw, 663px\" \/><figcaption id=\"caption-attachment-25614\" class=\"wp-caption-text\">URGE 10202 C\u1eeda h\u00e0ng Pizza v\u1edbi 5588 mi\u1ebfng<\/figcaption><\/figure>\n<figure id=\"attachment_25615\" aria-describedby=\"caption-attachment-25615\" style=\"width: 626px\" class=\"wp-caption aligncenter\"><img loading=\"lazy\" decoding=\"async\" class=\"wp-image-25615 size-full\" src=\"https:\/\/mouldking.store\/wp-content\/uploads\/2021\/10\/URGE-10202-Pizza-Shop-with-5588-pieces-8.jpg\" alt=\"URGE 10202 Pizza Shop with 5588 pieces\" width=\"626\" height=\"1024\" title=\"-\" srcset=\"https:\/\/mouldking.store\/wp-content\/uploads\/2021\/10\/URGE-10202-Pizza-Shop-with-5588-pieces-8.jpg 626w, https:\/\/mouldking.store\/wp-content\/uploads\/2021\/10\/URGE-10202-Pizza-Shop-with-5588-pieces-8-183x300.jpg 183w, https:\/\/mouldking.store\/wp-content\/uploads\/2021\/10\/URGE-10202-Pizza-Shop-with-5588-pieces-8-300x491.jpg 300w, https:\/\/mouldking.store\/wp-content\/uploads\/2021\/10\/URGE-10202-Pizza-Shop-with-5588-pieces-8-600x981.jpg 600w, https:\/\/mouldking.store\/wp-content\/uploads\/2021\/10\/URGE-10202-Pizza-Shop-with-5588-pieces-8-92x150.jpg 92w\" sizes=\"(max-width: 626px) 100vw, 626px\" \/><figcaption id=\"caption-attachment-25615\" class=\"wp-caption-text\">URGE 10202 C\u1eeda h\u00e0ng Pizza v\u1edbi 5588 mi\u1ebfng<\/figcaption><\/figure>\n<figure id=\"attachment_25609\" aria-describedby=\"caption-attachment-25609\" style=\"width: 751px\" class=\"wp-caption aligncenter\"><img loading=\"lazy\" decoding=\"async\" class=\"wp-image-25609 size-full\" src=\"https:\/\/mouldking.store\/wp-content\/uploads\/2021\/10\/URGE-10202-Pizza-Shop-with-5588-pieces-2.jpg\" alt=\"URGE 10202 Pizza Shop with 5588 pieces\" width=\"751\" height=\"1024\" title=\"-\" srcset=\"https:\/\/mouldking.store\/wp-content\/uploads\/2021\/10\/URGE-10202-Pizza-Shop-with-5588-pieces-2.jpg 751w, https:\/\/mouldking.store\/wp-content\/uploads\/2021\/10\/URGE-10202-Pizza-Shop-with-5588-pieces-2-220x300.jpg 220w, https:\/\/mouldking.store\/wp-content\/uploads\/2021\/10\/URGE-10202-Pizza-Shop-with-5588-pieces-2-300x409.jpg 300w, https:\/\/mouldking.store\/wp-content\/uploads\/2021\/10\/URGE-10202-Pizza-Shop-with-5588-pieces-2-600x818.jpg 600w, https:\/\/mouldking.store\/wp-content\/uploads\/2021\/10\/URGE-10202-Pizza-Shop-with-5588-pieces-2-110x150.jpg 110w\" sizes=\"(max-width: 751px) 100vw, 751px\" \/><figcaption id=\"caption-attachment-25609\" class=\"wp-caption-text\">URGE 10202 C\u1eeda h\u00e0ng Pizza v\u1edbi 5588 mi\u1ebfng<\/figcaption><\/figure>\n<figure id=\"attachment_25610\" aria-describedby=\"caption-attachment-25610\" style=\"width: 790px\" class=\"wp-caption aligncenter\"><img loading=\"lazy\" decoding=\"async\" class=\"wp-image-25610 size-full\" src=\"https:\/\/mouldking.store\/wp-content\/uploads\/2021\/10\/URGE-10202-Pizza-Shop-with-5588-pieces-3.jpg\" alt=\"URGE 10202 Pizza Shop with 5588 pieces\" width=\"790\" height=\"957\" title=\"-\" srcset=\"https:\/\/mouldking.store\/wp-content\/uploads\/2021\/10\/URGE-10202-Pizza-Shop-with-5588-pieces-3.jpg 790w, https:\/\/mouldking.store\/wp-content\/uploads\/2021\/10\/URGE-10202-Pizza-Shop-with-5588-pieces-3-248x300.jpg 248w, https:\/\/mouldking.store\/wp-content\/uploads\/2021\/10\/URGE-10202-Pizza-Shop-with-5588-pieces-3-768x930.jpg 768w, https:\/\/mouldking.store\/wp-content\/uploads\/2021\/10\/URGE-10202-Pizza-Shop-with-5588-pieces-3-300x363.jpg 300w, https:\/\/mouldking.store\/wp-content\/uploads\/2021\/10\/URGE-10202-Pizza-Shop-with-5588-pieces-3-600x727.jpg 600w, https:\/\/mouldking.store\/wp-content\/uploads\/2021\/10\/URGE-10202-Pizza-Shop-with-5588-pieces-3-124x150.jpg 124w\" sizes=\"(max-width: 790px) 100vw, 790px\" \/><figcaption id=\"caption-attachment-25610\" class=\"wp-caption-text\">URGE 10202 C\u1eeda h\u00e0ng Pizza v\u1edbi 5588 mi\u1ebfng<\/figcaption><\/figure>\n<figure id=\"attachment_25611\" aria-describedby=\"caption-attachment-25611\" style=\"width: 682px\" class=\"wp-caption aligncenter\"><img loading=\"lazy\" decoding=\"async\" class=\"wp-image-25611 size-full\" src=\"https:\/\/mouldking.store\/wp-content\/uploads\/2021\/10\/URGE-10202-Pizza-Shop-with-5588-pieces-4.jpg\" alt=\"URGE 10202 Pizza Shop with 5588 pieces\" width=\"682\" height=\"1024\" title=\"-\" srcset=\"https:\/\/mouldking.store\/wp-content\/uploads\/2021\/10\/URGE-10202-Pizza-Shop-with-5588-pieces-4.jpg 682w, https:\/\/mouldking.store\/wp-content\/uploads\/2021\/10\/URGE-10202-Pizza-Shop-with-5588-pieces-4-200x300.jpg 200w, https:\/\/mouldking.store\/wp-content\/uploads\/2021\/10\/URGE-10202-Pizza-Shop-with-5588-pieces-4-300x450.jpg 300w, https:\/\/mouldking.store\/wp-content\/uploads\/2021\/10\/URGE-10202-Pizza-Shop-with-5588-pieces-4-600x901.jpg 600w, https:\/\/mouldking.store\/wp-content\/uploads\/2021\/10\/URGE-10202-Pizza-Shop-with-5588-pieces-4-100x150.jpg 100w\" sizes=\"(max-width: 682px) 100vw, 682px\" \/><figcaption id=\"caption-attachment-25611\" class=\"wp-caption-text\">URGE 10202 C\u1eeda h\u00e0ng Pizza v\u1edbi 5588 mi\u1ebfng<\/figcaption><\/figure>\n<figure id=\"attachment_25613\" aria-describedby=\"caption-attachment-25613\" style=\"width: 606px\" class=\"wp-caption aligncenter\"><img loading=\"lazy\" decoding=\"async\" class=\"wp-image-25613 size-full\" src=\"https:\/\/mouldking.store\/wp-content\/uploads\/2021\/10\/URGE-10202-Pizza-Shop-with-5588-pieces-6.jpg\" alt=\"URGE 10202 Pizza Shop with 5588 pieces\" width=\"606\" height=\"1024\" title=\"-\" srcset=\"https:\/\/mouldking.store\/wp-content\/uploads\/2021\/10\/URGE-10202-Pizza-Shop-with-5588-pieces-6.jpg 606w, https:\/\/mouldking.store\/wp-content\/uploads\/2021\/10\/URGE-10202-Pizza-Shop-with-5588-pieces-6-178x300.jpg 178w, https:\/\/mouldking.store\/wp-content\/uploads\/2021\/10\/URGE-10202-Pizza-Shop-with-5588-pieces-6-300x507.jpg 300w, https:\/\/mouldking.store\/wp-content\/uploads\/2021\/10\/URGE-10202-Pizza-Shop-with-5588-pieces-6-600x1014.jpg 600w, https:\/\/mouldking.store\/wp-content\/uploads\/2021\/10\/URGE-10202-Pizza-Shop-with-5588-pieces-6-89x150.jpg 89w\" sizes=\"(max-width: 606px) 100vw, 606px\" \/><figcaption id=\"caption-attachment-25613\" class=\"wp-caption-text\">URGE 10202 C\u1eeda h\u00e0ng Pizza v\u1edbi 5588 mi\u1ebfng<\/figcaption><\/figure>\n<figure id=\"attachment_25616\" aria-describedby=\"caption-attachment-25616\" style=\"width: 790px\" class=\"wp-caption aligncenter\"><img loading=\"lazy\" decoding=\"async\" class=\"wp-image-25616 size-full\" src=\"https:\/\/mouldking.store\/wp-content\/uploads\/2021\/10\/URGE-10202-Pizza-Shop-with-5588-pieces-9.jpg\" alt=\"URGE 10202 Pizza Shop with 5588 pieces\" width=\"790\" height=\"673\" title=\"-\" srcset=\"https:\/\/mouldking.store\/wp-content\/uploads\/2021\/10\/URGE-10202-Pizza-Shop-with-5588-pieces-9.jpg 790w, https:\/\/mouldking.store\/wp-content\/uploads\/2021\/10\/URGE-10202-Pizza-Shop-with-5588-pieces-9-300x256.jpg 300w, https:\/\/mouldking.store\/wp-content\/uploads\/2021\/10\/URGE-10202-Pizza-Shop-with-5588-pieces-9-768x654.jpg 768w, https:\/\/mouldking.store\/wp-content\/uploads\/2021\/10\/URGE-10202-Pizza-Shop-with-5588-pieces-9-600x511.jpg 600w, https:\/\/mouldking.store\/wp-content\/uploads\/2021\/10\/URGE-10202-Pizza-Shop-with-5588-pieces-9-150x128.jpg 150w\" sizes=\"(max-width: 790px) 100vw, 790px\" \/><figcaption id=\"caption-attachment-25616\" class=\"wp-caption-text\">URGE 10202 C\u1eeda h\u00e0ng Pizza v\u1edbi 5588 mi\u1ebfng<\/figcaption><\/figure>","protected":false},"excerpt":{"rendered":"<p>Product information: Brand: URGE Gender: Unisex Name: Pizza Shop Age Range: &gt; 6 years old Model Number: 10202 Classification: Assemblage Plastic Block Shape: Self-Locking Bricks Material: Plastic Plastic Type: ABS Bricks Blocks: 5588\u00a0 PCS Contains detailed assembly instructions. Notice: 1. Without an original box, but we guarantee our products have quality assurance and nice packaging. [&hellip;]<\/p>","protected":false},"featured_media":25608,"comment_status":"open","ping_status":"closed","template":"","meta":{"_acf_changed":false},"product_cat":[390],"product_tag":[2527,2528,2526,1711,1912,2525,2524,2529],"class_list":["product","first","instock","shipping-taxable","purchasable","product-type-simple"],"acf":[],"_links":{"self":[{"href":"https:\/\/mouldking.store\/vi\/wp-json\/wp\/v2\/product\/25607","targetHints":{"allow":["GET"]}}],"collection":[{"href":"https:\/\/mouldking.store\/vi\/wp-json\/wp\/v2\/product"}],"about":[{"href":"https:\/\/mouldking.store\/vi\/wp-json\/wp\/v2\/types\/product"}],"replies":[{"embeddable":true,"href":"https:\/\/mouldking.store\/vi\/wp-json\/wp\/v2\/comments?post=25607"}],"wp:featuredmedia":[{"embeddable":true,"href":"https:\/\/mouldking.store\/vi\/wp-json\/wp\/v2\/media\/25608"}],"wp:attachment":[{"href":"https:\/\/mouldking.store\/vi\/wp-json\/wp\/v2\/media?parent=25607"}],"wp:term":[{"taxonomy":"product_cat","embeddable":true,"href":"https:\/\/mouldking.store\/vi\/wp-json\/wp\/v2\/product_cat?post=25607"},{"taxonomy":"product_tag","embeddable":true,"href":"https:\/\/mouldking.store\/vi\/wp-json\/wp\/v2\/product_tag?post=25607"}],"curies":[{"name":"wp","href":"https:\/\/api.w.org\/{rel}","templated":true}]}}