{"id":25732,"date":"2021-10-25T10:30:04","date_gmt":"2021-10-25T10:30:04","guid":{"rendered":"https:\/\/mouldking.store\/?post_type=product&#038;p=25732"},"modified":"2021-12-23T09:41:51","modified_gmt":"2021-12-23T09:41:51","slug":"cada-c61052-rc-farm-tractor-with-1675-pieces","status":"publish","type":"product","link":"https:\/\/mouldking.store\/vi\/shop\/cada-c61052-rc-farm-tractor-with-1675-pieces\/","title":{"rendered":"CADA C61052 RC Farm Tractor v\u1edbi 1675 chi ti\u1ebft"},"content":{"rendered":"<p>Th\u00f4ng tin s\u1ea3n ph\u1ea9m:<\/p>\n<ol>\n<li>Th\u01b0\u01a1ng hi\u1ec7u: CADA<\/li>\n<li>Gi\u1edbi t\u00ednh: Unisex<\/li>\n<li>T\u00ean: M\u00e1y k\u00e9o trang tr\u1ea1i RC<\/li>\n<li>\u0110\u1ed9 tu\u1ed5i: &gt; 6 tu\u1ed5i<\/li>\n<li>S\u1ed1 m\u00f4 h\u00ecnh: C61052<\/li>\n<li>Ph\u00e2n lo\u1ea1i: T\u1eadp h\u1ee3p<\/li>\n<li>H\u00ecnh d\u1ea1ng kh\u1ed1i nh\u1ef1a: G\u1ea1ch t\u1ef1 kh\u00f3a<\/li>\n<li>Ch\u1ea5t li\u1ec7u: Nh\u1ef1a<\/li>\n<li>Lo\u1ea1i nh\u1ef1a: ABS<\/li>\n<li>Kh\u1ed1i g\u1ea1ch: 1675 C\u00c1I<\/li>\n<li>Ch\u1ee9a h\u01b0\u1edbng d\u1eabn l\u1eafp r\u00e1p chi ti\u1ebft.<\/li>\n<\/ol>\n<p>\u0110\u1ec3 \u00fd:<br \/>\n1. Kh\u00f4ng c\u00f3 h\u1ed9p ban \u0111\u1ea7u, nh\u01b0ng ch\u00fang t\u00f4i \u0111\u1ea3m b\u1ea3o s\u1ea3n ph\u1ea9m c\u1ee7a ch\u00fang t\u00f4i c\u00f3 ch\u1ea5t l\u01b0\u1ee3ng \u0111\u1ea3m b\u1ea3o v\u00e0 bao b\u00ec \u0111\u1eb9p.<br \/>\n2. V\u00ec t\u1ea5t c\u1ea3 c\u00e1c b\u1ed9 ph\u1eadn ch\u00fang t\u00f4i \u0111\u00e3 ki\u1ec3m tra tr\u01b0\u1edbc khi v\u1eadn chuy\u1ec3n, v\u00ec v\u1eady n\u1ebfu b\u1ea1n th\u1ea5y m\u1ed9t s\u1ed1 b\u1ed9 ph\u1eadn b\u1ecb thi\u1ebfu ho\u1eb7c h\u01b0 h\u1ecfng, \u0111\u1eebng lo l\u1eafng v\u00e0 ch\u1ec9 c\u1ea7n vui l\u00f2ng li\u00ean h\u1ec7 v\u1edbi ch\u00fang t\u00f4i v\u00e0 ch\u00fang t\u00f4i c\u00f3 th\u1ec3 g\u1eedi l\u1ea1i mi\u1ec5n ph\u00ed cho b\u1ea1n ngay l\u1eadp t\u1ee9c.<\/p>\n<figure id=\"attachment_25733\" aria-describedby=\"caption-attachment-25733\" style=\"width: 800px\" class=\"wp-caption aligncenter\"><img fetchpriority=\"high\" decoding=\"async\" class=\"wp-image-25733 size-full\" src=\"https:\/\/mouldking.store\/wp-content\/uploads\/2021\/10\/CADA-C61052-RC-Farm-Tractor-with-1675-pieces-1.jpg\" alt=\"CADA C61052 RC Farm Tractor with 1675 pieces\" width=\"800\" height=\"800\" title=\"-\" srcset=\"https:\/\/mouldking.store\/wp-content\/uploads\/2021\/10\/CADA-C61052-RC-Farm-Tractor-with-1675-pieces-1.jpg 800w, https:\/\/mouldking.store\/wp-content\/uploads\/2021\/10\/CADA-C61052-RC-Farm-Tractor-with-1675-pieces-1-300x300.jpg 300w, https:\/\/mouldking.store\/wp-content\/uploads\/2021\/10\/CADA-C61052-RC-Farm-Tractor-with-1675-pieces-1-768x768.jpg 768w, https:\/\/mouldking.store\/wp-content\/uploads\/2021\/10\/CADA-C61052-RC-Farm-Tractor-with-1675-pieces-1-600x600.jpg 600w, https:\/\/mouldking.store\/wp-content\/uploads\/2021\/10\/CADA-C61052-RC-Farm-Tractor-with-1675-pieces-1-150x150.jpg 150w\" sizes=\"(max-width: 800px) 100vw, 800px\" \/><figcaption id=\"caption-attachment-25733\" class=\"wp-caption-text\">CADA C61052 RC Farm Tractor v\u1edbi 1675 chi ti\u1ebft<\/figcaption><\/figure>\n<figure id=\"attachment_25744\" aria-describedby=\"caption-attachment-25744\" style=\"width: 697px\" class=\"wp-caption aligncenter\"><img decoding=\"async\" class=\"wp-image-25744 size-full\" src=\"https:\/\/mouldking.store\/wp-content\/uploads\/2021\/10\/CADA-C61052-RC-Farm-Tractor-with-1675-pieces-12.jpg\" alt=\"CADA C61052 RC Farm Tractor with 1675 pieces\" width=\"697\" height=\"1023\" title=\"-\" srcset=\"https:\/\/mouldking.store\/wp-content\/uploads\/2021\/10\/CADA-C61052-RC-Farm-Tractor-with-1675-pieces-12.jpg 697w, https:\/\/mouldking.store\/wp-content\/uploads\/2021\/10\/CADA-C61052-RC-Farm-Tractor-with-1675-pieces-12-204x300.jpg 204w, https:\/\/mouldking.store\/wp-content\/uploads\/2021\/10\/CADA-C61052-RC-Farm-Tractor-with-1675-pieces-12-300x440.jpg 300w, https:\/\/mouldking.store\/wp-content\/uploads\/2021\/10\/CADA-C61052-RC-Farm-Tractor-with-1675-pieces-12-600x881.jpg 600w, https:\/\/mouldking.store\/wp-content\/uploads\/2021\/10\/CADA-C61052-RC-Farm-Tractor-with-1675-pieces-12-102x150.jpg 102w\" sizes=\"(max-width: 697px) 100vw, 697px\" \/><figcaption id=\"caption-attachment-25744\" class=\"wp-caption-text\">CADA C61052 RC Farm Tractor v\u1edbi 1675 chi ti\u1ebft<\/figcaption><\/figure>\n<figure id=\"attachment_25738\" aria-describedby=\"caption-attachment-25738\" style=\"width: 790px\" class=\"wp-caption aligncenter\"><img decoding=\"async\" class=\"wp-image-25738 size-full\" src=\"https:\/\/mouldking.store\/wp-content\/uploads\/2021\/10\/CADA-C61052-RC-Farm-Tractor-with-1675-pieces-6.jpg\" alt=\"CADA C61052 RC Farm Tractor with 1675 pieces\" width=\"790\" height=\"873\" title=\"-\" srcset=\"https:\/\/mouldking.store\/wp-content\/uploads\/2021\/10\/CADA-C61052-RC-Farm-Tractor-with-1675-pieces-6.jpg 790w, https:\/\/mouldking.store\/wp-content\/uploads\/2021\/10\/CADA-C61052-RC-Farm-Tractor-with-1675-pieces-6-271x300.jpg 271w, https:\/\/mouldking.store\/wp-content\/uploads\/2021\/10\/CADA-C61052-RC-Farm-Tractor-with-1675-pieces-6-768x849.jpg 768w, https:\/\/mouldking.store\/wp-content\/uploads\/2021\/10\/CADA-C61052-RC-Farm-Tractor-with-1675-pieces-6-300x332.jpg 300w, https:\/\/mouldking.store\/wp-content\/uploads\/2021\/10\/CADA-C61052-RC-Farm-Tractor-with-1675-pieces-6-600x663.jpg 600w, https:\/\/mouldking.store\/wp-content\/uploads\/2021\/10\/CADA-C61052-RC-Farm-Tractor-with-1675-pieces-6-136x150.jpg 136w\" sizes=\"(max-width: 790px) 100vw, 790px\" \/><figcaption id=\"caption-attachment-25738\" class=\"wp-caption-text\">CADA C61052 RC Farm Tractor v\u1edbi 1675 chi ti\u1ebft<\/figcaption><\/figure>\n<figure id=\"attachment_25734\" aria-describedby=\"caption-attachment-25734\" style=\"width: 790px\" class=\"wp-caption aligncenter\"><img loading=\"lazy\" decoding=\"async\" class=\"wp-image-25734 size-full\" src=\"https:\/\/mouldking.store\/wp-content\/uploads\/2021\/10\/CADA-C61052-RC-Farm-Tractor-with-1675-pieces-2.jpg\" alt=\"CADA C61052 RC Farm Tractor with 1675 pieces\" width=\"790\" height=\"803\" title=\"-\" srcset=\"https:\/\/mouldking.store\/wp-content\/uploads\/2021\/10\/CADA-C61052-RC-Farm-Tractor-with-1675-pieces-2.jpg 790w, https:\/\/mouldking.store\/wp-content\/uploads\/2021\/10\/CADA-C61052-RC-Farm-Tractor-with-1675-pieces-2-295x300.jpg 295w, https:\/\/mouldking.store\/wp-content\/uploads\/2021\/10\/CADA-C61052-RC-Farm-Tractor-with-1675-pieces-2-768x781.jpg 768w, https:\/\/mouldking.store\/wp-content\/uploads\/2021\/10\/CADA-C61052-RC-Farm-Tractor-with-1675-pieces-2-300x305.jpg 300w, https:\/\/mouldking.store\/wp-content\/uploads\/2021\/10\/CADA-C61052-RC-Farm-Tractor-with-1675-pieces-2-600x610.jpg 600w, https:\/\/mouldking.store\/wp-content\/uploads\/2021\/10\/CADA-C61052-RC-Farm-Tractor-with-1675-pieces-2-148x150.jpg 148w\" sizes=\"(max-width: 790px) 100vw, 790px\" \/><figcaption id=\"caption-attachment-25734\" class=\"wp-caption-text\">CADA C61052 RC Farm Tractor v\u1edbi 1675 chi ti\u1ebft<\/figcaption><\/figure>\n<figure id=\"attachment_25735\" aria-describedby=\"caption-attachment-25735\" style=\"width: 731px\" class=\"wp-caption aligncenter\"><img loading=\"lazy\" decoding=\"async\" class=\"wp-image-25735 size-full\" src=\"https:\/\/mouldking.store\/wp-content\/uploads\/2021\/10\/CADA-C61052-RC-Farm-Tractor-with-1675-pieces-3.jpg\" alt=\"CADA C61052 RC Farm Tractor with 1675 pieces\" width=\"731\" height=\"1023\" title=\"-\" srcset=\"https:\/\/mouldking.store\/wp-content\/uploads\/2021\/10\/CADA-C61052-RC-Farm-Tractor-with-1675-pieces-3.jpg 731w, https:\/\/mouldking.store\/wp-content\/uploads\/2021\/10\/CADA-C61052-RC-Farm-Tractor-with-1675-pieces-3-214x300.jpg 214w, https:\/\/mouldking.store\/wp-content\/uploads\/2021\/10\/CADA-C61052-RC-Farm-Tractor-with-1675-pieces-3-300x420.jpg 300w, https:\/\/mouldking.store\/wp-content\/uploads\/2021\/10\/CADA-C61052-RC-Farm-Tractor-with-1675-pieces-3-600x840.jpg 600w, https:\/\/mouldking.store\/wp-content\/uploads\/2021\/10\/CADA-C61052-RC-Farm-Tractor-with-1675-pieces-3-107x150.jpg 107w\" sizes=\"(max-width: 731px) 100vw, 731px\" \/><figcaption id=\"caption-attachment-25735\" class=\"wp-caption-text\">CADA C61052 RC Farm Tractor v\u1edbi 1675 chi ti\u1ebft<\/figcaption><\/figure>\n<figure id=\"attachment_25736\" aria-describedby=\"caption-attachment-25736\" style=\"width: 790px\" class=\"wp-caption aligncenter\"><img loading=\"lazy\" decoding=\"async\" class=\"wp-image-25736 size-full\" src=\"https:\/\/mouldking.store\/wp-content\/uploads\/2021\/10\/CADA-C61052-RC-Farm-Tractor-with-1675-pieces-4.jpg\" alt=\"CADA C61052 RC Farm Tractor with 1675 pieces\" width=\"790\" height=\"680\" title=\"-\" srcset=\"https:\/\/mouldking.store\/wp-content\/uploads\/2021\/10\/CADA-C61052-RC-Farm-Tractor-with-1675-pieces-4.jpg 790w, https:\/\/mouldking.store\/wp-content\/uploads\/2021\/10\/CADA-C61052-RC-Farm-Tractor-with-1675-pieces-4-300x258.jpg 300w, https:\/\/mouldking.store\/wp-content\/uploads\/2021\/10\/CADA-C61052-RC-Farm-Tractor-with-1675-pieces-4-768x661.jpg 768w, https:\/\/mouldking.store\/wp-content\/uploads\/2021\/10\/CADA-C61052-RC-Farm-Tractor-with-1675-pieces-4-600x516.jpg 600w, https:\/\/mouldking.store\/wp-content\/uploads\/2021\/10\/CADA-C61052-RC-Farm-Tractor-with-1675-pieces-4-150x129.jpg 150w\" sizes=\"(max-width: 790px) 100vw, 790px\" \/><figcaption id=\"caption-attachment-25736\" class=\"wp-caption-text\">CADA C61052 RC Farm Tractor v\u1edbi 1675 chi ti\u1ebft<\/figcaption><\/figure>\n<figure id=\"attachment_25737\" aria-describedby=\"caption-attachment-25737\" style=\"width: 790px\" class=\"wp-caption aligncenter\"><img loading=\"lazy\" decoding=\"async\" class=\"wp-image-25737 size-full\" src=\"https:\/\/mouldking.store\/wp-content\/uploads\/2021\/10\/CADA-C61052-RC-Farm-Tractor-with-1675-pieces-5.jpg\" alt=\"CADA C61052 RC Farm Tractor with 1675 pieces\" width=\"790\" height=\"667\" title=\"-\" srcset=\"https:\/\/mouldking.store\/wp-content\/uploads\/2021\/10\/CADA-C61052-RC-Farm-Tractor-with-1675-pieces-5.jpg 790w, https:\/\/mouldking.store\/wp-content\/uploads\/2021\/10\/CADA-C61052-RC-Farm-Tractor-with-1675-pieces-5-300x253.jpg 300w, https:\/\/mouldking.store\/wp-content\/uploads\/2021\/10\/CADA-C61052-RC-Farm-Tractor-with-1675-pieces-5-768x648.jpg 768w, https:\/\/mouldking.store\/wp-content\/uploads\/2021\/10\/CADA-C61052-RC-Farm-Tractor-with-1675-pieces-5-600x507.jpg 600w, https:\/\/mouldking.store\/wp-content\/uploads\/2021\/10\/CADA-C61052-RC-Farm-Tractor-with-1675-pieces-5-150x127.jpg 150w\" sizes=\"(max-width: 790px) 100vw, 790px\" \/><figcaption id=\"caption-attachment-25737\" class=\"wp-caption-text\">CADA C61052 RC Farm Tractor v\u1edbi 1675 chi ti\u1ebft<\/figcaption><\/figure>\n<figure id=\"attachment_25743\" aria-describedby=\"caption-attachment-25743\" style=\"width: 717px\" class=\"wp-caption aligncenter\"><img loading=\"lazy\" decoding=\"async\" class=\"wp-image-25743 size-full\" src=\"https:\/\/mouldking.store\/wp-content\/uploads\/2021\/10\/CADA-C61052-RC-Farm-Tractor-with-1675-pieces-11.jpg\" alt=\"CADA C61052 RC Farm Tractor with 1675 pieces\" width=\"717\" height=\"1024\" title=\"-\" srcset=\"https:\/\/mouldking.store\/wp-content\/uploads\/2021\/10\/CADA-C61052-RC-Farm-Tractor-with-1675-pieces-11.jpg 717w, https:\/\/mouldking.store\/wp-content\/uploads\/2021\/10\/CADA-C61052-RC-Farm-Tractor-with-1675-pieces-11-210x300.jpg 210w, https:\/\/mouldking.store\/wp-content\/uploads\/2021\/10\/CADA-C61052-RC-Farm-Tractor-with-1675-pieces-11-300x428.jpg 300w, https:\/\/mouldking.store\/wp-content\/uploads\/2021\/10\/CADA-C61052-RC-Farm-Tractor-with-1675-pieces-11-600x857.jpg 600w, https:\/\/mouldking.store\/wp-content\/uploads\/2021\/10\/CADA-C61052-RC-Farm-Tractor-with-1675-pieces-11-105x150.jpg 105w\" sizes=\"(max-width: 717px) 100vw, 717px\" \/><figcaption id=\"caption-attachment-25743\" class=\"wp-caption-text\">CADA C61052 RC Farm Tractor v\u1edbi 1675 chi ti\u1ebft<\/figcaption><\/figure>\n<figure id=\"attachment_25741\" aria-describedby=\"caption-attachment-25741\" style=\"width: 606px\" class=\"wp-caption aligncenter\"><img loading=\"lazy\" decoding=\"async\" class=\"wp-image-25741 size-full\" src=\"https:\/\/mouldking.store\/wp-content\/uploads\/2021\/10\/CADA-C61052-RC-Farm-Tractor-with-1675-pieces-9.jpg\" alt=\"CADA C61052 RC Farm Tractor with 1675 pieces\" width=\"606\" height=\"1024\" title=\"-\" srcset=\"https:\/\/mouldking.store\/wp-content\/uploads\/2021\/10\/CADA-C61052-RC-Farm-Tractor-with-1675-pieces-9.jpg 606w, https:\/\/mouldking.store\/wp-content\/uploads\/2021\/10\/CADA-C61052-RC-Farm-Tractor-with-1675-pieces-9-178x300.jpg 178w, https:\/\/mouldking.store\/wp-content\/uploads\/2021\/10\/CADA-C61052-RC-Farm-Tractor-with-1675-pieces-9-300x507.jpg 300w, https:\/\/mouldking.store\/wp-content\/uploads\/2021\/10\/CADA-C61052-RC-Farm-Tractor-with-1675-pieces-9-600x1014.jpg 600w, https:\/\/mouldking.store\/wp-content\/uploads\/2021\/10\/CADA-C61052-RC-Farm-Tractor-with-1675-pieces-9-89x150.jpg 89w\" sizes=\"(max-width: 606px) 100vw, 606px\" \/><figcaption id=\"caption-attachment-25741\" class=\"wp-caption-text\">CADA C61052 RC Farm Tractor v\u1edbi 1675 chi ti\u1ebft<\/figcaption><\/figure>\n<figure id=\"attachment_25742\" aria-describedby=\"caption-attachment-25742\" style=\"width: 649px\" class=\"wp-caption aligncenter\"><img loading=\"lazy\" decoding=\"async\" class=\"wp-image-25742 size-full\" src=\"https:\/\/mouldking.store\/wp-content\/uploads\/2021\/10\/CADA-C61052-RC-Farm-Tractor-with-1675-pieces-10.jpg\" alt=\"CADA C61052 RC Farm Tractor with 1675 pieces\" width=\"649\" height=\"1024\" title=\"-\" srcset=\"https:\/\/mouldking.store\/wp-content\/uploads\/2021\/10\/CADA-C61052-RC-Farm-Tractor-with-1675-pieces-10.jpg 649w, https:\/\/mouldking.store\/wp-content\/uploads\/2021\/10\/CADA-C61052-RC-Farm-Tractor-with-1675-pieces-10-190x300.jpg 190w, https:\/\/mouldking.store\/wp-content\/uploads\/2021\/10\/CADA-C61052-RC-Farm-Tractor-with-1675-pieces-10-300x473.jpg 300w, https:\/\/mouldking.store\/wp-content\/uploads\/2021\/10\/CADA-C61052-RC-Farm-Tractor-with-1675-pieces-10-600x947.jpg 600w, https:\/\/mouldking.store\/wp-content\/uploads\/2021\/10\/CADA-C61052-RC-Farm-Tractor-with-1675-pieces-10-95x150.jpg 95w\" sizes=\"(max-width: 649px) 100vw, 649px\" \/><figcaption id=\"caption-attachment-25742\" class=\"wp-caption-text\">CADA C61052 RC Farm Tractor v\u1edbi 1675 chi ti\u1ebft<\/figcaption><\/figure>\n<figure id=\"attachment_25740\" aria-describedby=\"caption-attachment-25740\" style=\"width: 790px\" class=\"wp-caption aligncenter\"><img loading=\"lazy\" decoding=\"async\" class=\"wp-image-25740 size-full\" src=\"https:\/\/mouldking.store\/wp-content\/uploads\/2021\/10\/CADA-C61052-RC-Farm-Tractor-with-1675-pieces-8.jpg\" alt=\"CADA C61052 RC Farm Tractor with 1675 pieces\" width=\"790\" height=\"800\" title=\"-\" srcset=\"https:\/\/mouldking.store\/wp-content\/uploads\/2021\/10\/CADA-C61052-RC-Farm-Tractor-with-1675-pieces-8.jpg 790w, https:\/\/mouldking.store\/wp-content\/uploads\/2021\/10\/CADA-C61052-RC-Farm-Tractor-with-1675-pieces-8-296x300.jpg 296w, https:\/\/mouldking.store\/wp-content\/uploads\/2021\/10\/CADA-C61052-RC-Farm-Tractor-with-1675-pieces-8-768x778.jpg 768w, https:\/\/mouldking.store\/wp-content\/uploads\/2021\/10\/CADA-C61052-RC-Farm-Tractor-with-1675-pieces-8-300x304.jpg 300w, https:\/\/mouldking.store\/wp-content\/uploads\/2021\/10\/CADA-C61052-RC-Farm-Tractor-with-1675-pieces-8-600x608.jpg 600w, https:\/\/mouldking.store\/wp-content\/uploads\/2021\/10\/CADA-C61052-RC-Farm-Tractor-with-1675-pieces-8-148x150.jpg 148w\" sizes=\"(max-width: 790px) 100vw, 790px\" \/><figcaption id=\"caption-attachment-25740\" class=\"wp-caption-text\">CADA C61052 RC Farm Tractor v\u1edbi 1675 chi ti\u1ebft<\/figcaption><\/figure>\n<figure id=\"attachment_25739\" aria-describedby=\"caption-attachment-25739\" style=\"width: 790px\" class=\"wp-caption aligncenter\"><img loading=\"lazy\" decoding=\"async\" class=\"wp-image-25739 size-full\" src=\"https:\/\/mouldking.store\/wp-content\/uploads\/2021\/10\/CADA-C61052-RC-Farm-Tractor-with-1675-pieces-7.jpg\" alt=\"CADA C61052 RC Farm Tractor with 1675 pieces\" width=\"790\" height=\"956\" title=\"-\" srcset=\"https:\/\/mouldking.store\/wp-content\/uploads\/2021\/10\/CADA-C61052-RC-Farm-Tractor-with-1675-pieces-7.jpg 790w, https:\/\/mouldking.store\/wp-content\/uploads\/2021\/10\/CADA-C61052-RC-Farm-Tractor-with-1675-pieces-7-248x300.jpg 248w, https:\/\/mouldking.store\/wp-content\/uploads\/2021\/10\/CADA-C61052-RC-Farm-Tractor-with-1675-pieces-7-768x929.jpg 768w, https:\/\/mouldking.store\/wp-content\/uploads\/2021\/10\/CADA-C61052-RC-Farm-Tractor-with-1675-pieces-7-300x363.jpg 300w, https:\/\/mouldking.store\/wp-content\/uploads\/2021\/10\/CADA-C61052-RC-Farm-Tractor-with-1675-pieces-7-600x726.jpg 600w, https:\/\/mouldking.store\/wp-content\/uploads\/2021\/10\/CADA-C61052-RC-Farm-Tractor-with-1675-pieces-7-124x150.jpg 124w\" sizes=\"(max-width: 790px) 100vw, 790px\" \/><figcaption id=\"caption-attachment-25739\" class=\"wp-caption-text\">CADA C61052 RC Farm Tractor v\u1edbi 1675 chi ti\u1ebft<\/figcaption><\/figure>","protected":false},"excerpt":{"rendered":"<p>Product information: Brand: CADA Gender: Unisex Name: RC Farm Tractor Age Range: &gt; 6 years old Model Number: C61052 Classification: Assemblage Plastic Block Shape: Self-Locking Bricks Material: Plastic Plastic Type: ABS Bricks Blocks: 1675 PCS Contains detailed assembly instructions. Notice: 1. Without an original box, but we guarantee our products have quality assurance and nice [&hellip;]<\/p>","protected":false},"featured_media":25733,"comment_status":"open","ping_status":"closed","template":"","meta":{"_acf_changed":false},"product_cat":[364],"product_tag":[2586,1916,2583,2585,2582,2587,481,2584],"class_list":["product","first","instock","shipping-taxable","purchasable","product-type-simple"],"acf":[],"_links":{"self":[{"href":"https:\/\/mouldking.store\/vi\/wp-json\/wp\/v2\/product\/25732","targetHints":{"allow":["GET"]}}],"collection":[{"href":"https:\/\/mouldking.store\/vi\/wp-json\/wp\/v2\/product"}],"about":[{"href":"https:\/\/mouldking.store\/vi\/wp-json\/wp\/v2\/types\/product"}],"replies":[{"embeddable":true,"href":"https:\/\/mouldking.store\/vi\/wp-json\/wp\/v2\/comments?post=25732"}],"wp:featuredmedia":[{"embeddable":true,"href":"https:\/\/mouldking.store\/vi\/wp-json\/wp\/v2\/media\/25733"}],"wp:attachment":[{"href":"https:\/\/mouldking.store\/vi\/wp-json\/wp\/v2\/media?parent=25732"}],"wp:term":[{"taxonomy":"product_cat","embeddable":true,"href":"https:\/\/mouldking.store\/vi\/wp-json\/wp\/v2\/product_cat?post=25732"},{"taxonomy":"product_tag","embeddable":true,"href":"https:\/\/mouldking.store\/vi\/wp-json\/wp\/v2\/product_tag?post=25732"}],"curies":[{"name":"wp","href":"https:\/\/api.w.org\/{rel}","templated":true}]}}