{"id":25822,"date":"2021-10-25T15:47:32","date_gmt":"2021-10-25T15:47:32","guid":{"rendered":"https:\/\/mouldking.store\/?post_type=product&#038;p=25822"},"modified":"2021-12-23T09:41:49","modified_gmt":"2021-12-23T09:41:49","slug":"forange-fc1801-wedding-car-with-1590-pieces","status":"publish","type":"product","link":"https:\/\/mouldking.store\/vi\/shop\/forange-fc1801-wedding-car-with-1590-pieces\/","title":{"rendered":"Xe C\u01b0\u1edbi FORANGE FC1801 g\u1ed3m 1590 chi\u1ebfc"},"content":{"rendered":"<p>Th\u00f4ng tin s\u1ea3n ph\u1ea9m:<\/p>\n<ol>\n<li>Th\u01b0\u01a1ng hi\u1ec7u: FORANGE<\/li>\n<li>Gi\u1edbi t\u00ednh: Unisex<\/li>\n<li>T\u00ean: Xe c\u01b0\u1edbi<\/li>\n<li>\u0110\u1ed9 tu\u1ed5i: &gt; 6 tu\u1ed5i<\/li>\n<li>S\u1ed1 m\u00f4 h\u00ecnh: FC1801<\/li>\n<li>Ph\u00e2n lo\u1ea1i: T\u1eadp h\u1ee3p<\/li>\n<li>H\u00ecnh d\u1ea1ng kh\u1ed1i nh\u1ef1a: G\u1ea1ch t\u1ef1 kh\u00f3a<\/li>\n<li>Ch\u1ea5t li\u1ec7u: Nh\u1ef1a<\/li>\n<li>Lo\u1ea1i nh\u1ef1a: ABS<\/li>\n<li>Kh\u1ed1i g\u1ea1ch: 1590 C\u00c1I<\/li>\n<li>Ch\u1ee9a h\u01b0\u1edbng d\u1eabn l\u1eafp r\u00e1p chi ti\u1ebft.<\/li>\n<\/ol>\n<p>\u0110\u1ec3 \u00fd:<br \/>\n1. Kh\u00f4ng c\u00f3 h\u1ed9p ban \u0111\u1ea7u, nh\u01b0ng ch\u00fang t\u00f4i \u0111\u1ea3m b\u1ea3o s\u1ea3n ph\u1ea9m c\u1ee7a ch\u00fang t\u00f4i c\u00f3 ch\u1ea5t l\u01b0\u1ee3ng \u0111\u1ea3m b\u1ea3o v\u00e0 bao b\u00ec \u0111\u1eb9p.<br \/>\n2. V\u00ec t\u1ea5t c\u1ea3 c\u00e1c b\u1ed9 ph\u1eadn ch\u00fang t\u00f4i \u0111\u00e3 ki\u1ec3m tra tr\u01b0\u1edbc khi v\u1eadn chuy\u1ec3n, v\u00ec v\u1eady n\u1ebfu b\u1ea1n th\u1ea5y m\u1ed9t s\u1ed1 b\u1ed9 ph\u1eadn b\u1ecb thi\u1ebfu ho\u1eb7c h\u01b0 h\u1ecfng, \u0111\u1eebng lo l\u1eafng v\u00e0 ch\u1ec9 c\u1ea7n vui l\u00f2ng li\u00ean h\u1ec7 v\u1edbi ch\u00fang t\u00f4i v\u00e0 ch\u00fang t\u00f4i c\u00f3 th\u1ec3 g\u1eedi l\u1ea1i mi\u1ec5n ph\u00ed cho b\u1ea1n ngay l\u1eadp t\u1ee9c.<\/p>\n<figure id=\"attachment_25823\" aria-describedby=\"caption-attachment-25823\" style=\"width: 800px\" class=\"wp-caption aligncenter\"><img fetchpriority=\"high\" decoding=\"async\" class=\"wp-image-25823 size-full\" src=\"https:\/\/mouldking.store\/wp-content\/uploads\/2021\/10\/FORANGE-FC1801-Wedding-Car-1.jpg\" alt=\"FORANGE FC1801 Wedding Car\" width=\"800\" height=\"800\" title=\"-\" srcset=\"https:\/\/mouldking.store\/wp-content\/uploads\/2021\/10\/FORANGE-FC1801-Wedding-Car-1.jpg 800w, https:\/\/mouldking.store\/wp-content\/uploads\/2021\/10\/FORANGE-FC1801-Wedding-Car-1-300x300.jpg 300w, https:\/\/mouldking.store\/wp-content\/uploads\/2021\/10\/FORANGE-FC1801-Wedding-Car-1-768x768.jpg 768w, https:\/\/mouldking.store\/wp-content\/uploads\/2021\/10\/FORANGE-FC1801-Wedding-Car-1-600x600.jpg 600w, https:\/\/mouldking.store\/wp-content\/uploads\/2021\/10\/FORANGE-FC1801-Wedding-Car-1-150x150.jpg 150w\" sizes=\"(max-width: 800px) 100vw, 800px\" \/><figcaption id=\"caption-attachment-25823\" class=\"wp-caption-text\">Xe C\u01b0\u1edbi FORANGE FC1801<\/figcaption><\/figure>\n<figure id=\"attachment_25830\" aria-describedby=\"caption-attachment-25830\" style=\"width: 643px\" class=\"wp-caption aligncenter\"><img decoding=\"async\" class=\"wp-image-25830 size-full\" src=\"https:\/\/mouldking.store\/wp-content\/uploads\/2021\/10\/FORANGE-FC1801-Wedding-Car-8.jpg\" alt=\"FORANGE FC1801 Wedding Car\" width=\"643\" height=\"1024\" title=\"-\" srcset=\"https:\/\/mouldking.store\/wp-content\/uploads\/2021\/10\/FORANGE-FC1801-Wedding-Car-8.jpg 643w, https:\/\/mouldking.store\/wp-content\/uploads\/2021\/10\/FORANGE-FC1801-Wedding-Car-8-188x300.jpg 188w, https:\/\/mouldking.store\/wp-content\/uploads\/2021\/10\/FORANGE-FC1801-Wedding-Car-8-300x478.jpg 300w, https:\/\/mouldking.store\/wp-content\/uploads\/2021\/10\/FORANGE-FC1801-Wedding-Car-8-600x956.jpg 600w, https:\/\/mouldking.store\/wp-content\/uploads\/2021\/10\/FORANGE-FC1801-Wedding-Car-8-94x150.jpg 94w\" sizes=\"(max-width: 643px) 100vw, 643px\" \/><figcaption id=\"caption-attachment-25830\" class=\"wp-caption-text\">Xe C\u01b0\u1edbi FORANGE FC1801<\/figcaption><\/figure>\n<figure id=\"attachment_25831\" aria-describedby=\"caption-attachment-25831\" style=\"width: 648px\" class=\"wp-caption aligncenter\"><img decoding=\"async\" class=\"wp-image-25831 size-full\" src=\"https:\/\/mouldking.store\/wp-content\/uploads\/2021\/10\/FORANGE-FC1801-Wedding-Car-9.jpg\" alt=\"FORANGE FC1801 Wedding Car\" width=\"648\" height=\"1024\" title=\"-\" srcset=\"https:\/\/mouldking.store\/wp-content\/uploads\/2021\/10\/FORANGE-FC1801-Wedding-Car-9.jpg 648w, https:\/\/mouldking.store\/wp-content\/uploads\/2021\/10\/FORANGE-FC1801-Wedding-Car-9-190x300.jpg 190w, https:\/\/mouldking.store\/wp-content\/uploads\/2021\/10\/FORANGE-FC1801-Wedding-Car-9-300x474.jpg 300w, https:\/\/mouldking.store\/wp-content\/uploads\/2021\/10\/FORANGE-FC1801-Wedding-Car-9-600x948.jpg 600w, https:\/\/mouldking.store\/wp-content\/uploads\/2021\/10\/FORANGE-FC1801-Wedding-Car-9-95x150.jpg 95w\" sizes=\"(max-width: 648px) 100vw, 648px\" \/><figcaption id=\"caption-attachment-25831\" class=\"wp-caption-text\">Xe C\u01b0\u1edbi FORANGE FC1801<\/figcaption><\/figure>\n<figure id=\"attachment_25832\" aria-describedby=\"caption-attachment-25832\" style=\"width: 644px\" class=\"wp-caption aligncenter\"><img loading=\"lazy\" decoding=\"async\" class=\"wp-image-25832 size-full\" src=\"https:\/\/mouldking.store\/wp-content\/uploads\/2021\/10\/FORANGE-FC1801-Wedding-Car-10.jpg\" alt=\"FORANGE FC1801 Wedding Car\" width=\"644\" height=\"1024\" title=\"-\" srcset=\"https:\/\/mouldking.store\/wp-content\/uploads\/2021\/10\/FORANGE-FC1801-Wedding-Car-10.jpg 644w, https:\/\/mouldking.store\/wp-content\/uploads\/2021\/10\/FORANGE-FC1801-Wedding-Car-10-189x300.jpg 189w, https:\/\/mouldking.store\/wp-content\/uploads\/2021\/10\/FORANGE-FC1801-Wedding-Car-10-300x477.jpg 300w, https:\/\/mouldking.store\/wp-content\/uploads\/2021\/10\/FORANGE-FC1801-Wedding-Car-10-600x954.jpg 600w, https:\/\/mouldking.store\/wp-content\/uploads\/2021\/10\/FORANGE-FC1801-Wedding-Car-10-94x150.jpg 94w\" sizes=\"(max-width: 644px) 100vw, 644px\" \/><figcaption id=\"caption-attachment-25832\" class=\"wp-caption-text\">Xe C\u01b0\u1edbi FORANGE FC1801<\/figcaption><\/figure>\n<figure id=\"attachment_25834\" aria-describedby=\"caption-attachment-25834\" style=\"width: 650px\" class=\"wp-caption aligncenter\"><img loading=\"lazy\" decoding=\"async\" class=\"wp-image-25834 size-full\" src=\"https:\/\/mouldking.store\/wp-content\/uploads\/2021\/10\/FORANGE-FC1801-Wedding-Car-12.jpg\" alt=\"FORANGE FC1801 Wedding Car\" width=\"650\" height=\"1024\" title=\"-\" srcset=\"https:\/\/mouldking.store\/wp-content\/uploads\/2021\/10\/FORANGE-FC1801-Wedding-Car-12.jpg 650w, https:\/\/mouldking.store\/wp-content\/uploads\/2021\/10\/FORANGE-FC1801-Wedding-Car-12-190x300.jpg 190w, https:\/\/mouldking.store\/wp-content\/uploads\/2021\/10\/FORANGE-FC1801-Wedding-Car-12-300x473.jpg 300w, https:\/\/mouldking.store\/wp-content\/uploads\/2021\/10\/FORANGE-FC1801-Wedding-Car-12-600x945.jpg 600w, https:\/\/mouldking.store\/wp-content\/uploads\/2021\/10\/FORANGE-FC1801-Wedding-Car-12-95x150.jpg 95w\" sizes=\"(max-width: 650px) 100vw, 650px\" \/><figcaption id=\"caption-attachment-25834\" class=\"wp-caption-text\">Xe C\u01b0\u1edbi FORANGE FC1801<\/figcaption><\/figure>\n<figure id=\"attachment_25833\" aria-describedby=\"caption-attachment-25833\" style=\"width: 640px\" class=\"wp-caption aligncenter\"><img loading=\"lazy\" decoding=\"async\" class=\"wp-image-25833 size-full\" src=\"https:\/\/mouldking.store\/wp-content\/uploads\/2021\/10\/FORANGE-FC1801-Wedding-Car-11.jpg\" alt=\"FORANGE FC1801 Wedding Car\" width=\"640\" height=\"1024\" title=\"-\" srcset=\"https:\/\/mouldking.store\/wp-content\/uploads\/2021\/10\/FORANGE-FC1801-Wedding-Car-11.jpg 640w, https:\/\/mouldking.store\/wp-content\/uploads\/2021\/10\/FORANGE-FC1801-Wedding-Car-11-188x300.jpg 188w, https:\/\/mouldking.store\/wp-content\/uploads\/2021\/10\/FORANGE-FC1801-Wedding-Car-11-300x480.jpg 300w, https:\/\/mouldking.store\/wp-content\/uploads\/2021\/10\/FORANGE-FC1801-Wedding-Car-11-600x960.jpg 600w, https:\/\/mouldking.store\/wp-content\/uploads\/2021\/10\/FORANGE-FC1801-Wedding-Car-11-94x150.jpg 94w\" sizes=\"(max-width: 640px) 100vw, 640px\" \/><figcaption id=\"caption-attachment-25833\" class=\"wp-caption-text\">Xe C\u01b0\u1edbi FORANGE FC1801<\/figcaption><\/figure>\n<figure id=\"attachment_25825\" aria-describedby=\"caption-attachment-25825\" style=\"width: 646px\" class=\"wp-caption aligncenter\"><img loading=\"lazy\" decoding=\"async\" class=\"wp-image-25825 size-full\" src=\"https:\/\/mouldking.store\/wp-content\/uploads\/2021\/10\/FORANGE-FC1801-Wedding-Car-3.jpg\" alt=\"FORANGE FC1801 Wedding Car\" width=\"646\" height=\"1024\" title=\"-\" srcset=\"https:\/\/mouldking.store\/wp-content\/uploads\/2021\/10\/FORANGE-FC1801-Wedding-Car-3.jpg 646w, https:\/\/mouldking.store\/wp-content\/uploads\/2021\/10\/FORANGE-FC1801-Wedding-Car-3-189x300.jpg 189w, https:\/\/mouldking.store\/wp-content\/uploads\/2021\/10\/FORANGE-FC1801-Wedding-Car-3-300x476.jpg 300w, https:\/\/mouldking.store\/wp-content\/uploads\/2021\/10\/FORANGE-FC1801-Wedding-Car-3-600x951.jpg 600w, https:\/\/mouldking.store\/wp-content\/uploads\/2021\/10\/FORANGE-FC1801-Wedding-Car-3-95x150.jpg 95w\" sizes=\"(max-width: 646px) 100vw, 646px\" \/><figcaption id=\"caption-attachment-25825\" class=\"wp-caption-text\">Xe C\u01b0\u1edbi FORANGE FC1801<\/figcaption><\/figure>\n<figure id=\"attachment_25826\" aria-describedby=\"caption-attachment-25826\" style=\"width: 645px\" class=\"wp-caption aligncenter\"><img loading=\"lazy\" decoding=\"async\" class=\"wp-image-25826 size-full\" src=\"https:\/\/mouldking.store\/wp-content\/uploads\/2021\/10\/FORANGE-FC1801-Wedding-Car-4.jpg\" alt=\"FORANGE FC1801 Wedding Car\" width=\"645\" height=\"1024\" title=\"-\" srcset=\"https:\/\/mouldking.store\/wp-content\/uploads\/2021\/10\/FORANGE-FC1801-Wedding-Car-4.jpg 645w, https:\/\/mouldking.store\/wp-content\/uploads\/2021\/10\/FORANGE-FC1801-Wedding-Car-4-189x300.jpg 189w, https:\/\/mouldking.store\/wp-content\/uploads\/2021\/10\/FORANGE-FC1801-Wedding-Car-4-300x476.jpg 300w, https:\/\/mouldking.store\/wp-content\/uploads\/2021\/10\/FORANGE-FC1801-Wedding-Car-4-600x953.jpg 600w, https:\/\/mouldking.store\/wp-content\/uploads\/2021\/10\/FORANGE-FC1801-Wedding-Car-4-94x150.jpg 94w\" sizes=\"(max-width: 645px) 100vw, 645px\" \/><figcaption id=\"caption-attachment-25826\" class=\"wp-caption-text\">Xe C\u01b0\u1edbi FORANGE FC1801<\/figcaption><\/figure>\n<figure id=\"attachment_25827\" aria-describedby=\"caption-attachment-25827\" style=\"width: 646px\" class=\"wp-caption aligncenter\"><img loading=\"lazy\" decoding=\"async\" class=\"wp-image-25827 size-full\" src=\"https:\/\/mouldking.store\/wp-content\/uploads\/2021\/10\/FORANGE-FC1801-Wedding-Car-5.jpg\" alt=\"FORANGE FC1801 Wedding Car\" width=\"646\" height=\"1024\" title=\"-\" srcset=\"https:\/\/mouldking.store\/wp-content\/uploads\/2021\/10\/FORANGE-FC1801-Wedding-Car-5.jpg 646w, https:\/\/mouldking.store\/wp-content\/uploads\/2021\/10\/FORANGE-FC1801-Wedding-Car-5-189x300.jpg 189w, https:\/\/mouldking.store\/wp-content\/uploads\/2021\/10\/FORANGE-FC1801-Wedding-Car-5-300x476.jpg 300w, https:\/\/mouldking.store\/wp-content\/uploads\/2021\/10\/FORANGE-FC1801-Wedding-Car-5-600x951.jpg 600w, https:\/\/mouldking.store\/wp-content\/uploads\/2021\/10\/FORANGE-FC1801-Wedding-Car-5-95x150.jpg 95w\" sizes=\"(max-width: 646px) 100vw, 646px\" \/><figcaption id=\"caption-attachment-25827\" class=\"wp-caption-text\">Xe C\u01b0\u1edbi FORANGE FC1801<\/figcaption><\/figure>\n<figure id=\"attachment_25828\" aria-describedby=\"caption-attachment-25828\" style=\"width: 643px\" class=\"wp-caption aligncenter\"><img loading=\"lazy\" decoding=\"async\" class=\"wp-image-25828 size-full\" src=\"https:\/\/mouldking.store\/wp-content\/uploads\/2021\/10\/FORANGE-FC1801-Wedding-Car-6.jpg\" alt=\"FORANGE FC1801 Wedding Car\" width=\"643\" height=\"1024\" title=\"-\" srcset=\"https:\/\/mouldking.store\/wp-content\/uploads\/2021\/10\/FORANGE-FC1801-Wedding-Car-6.jpg 643w, https:\/\/mouldking.store\/wp-content\/uploads\/2021\/10\/FORANGE-FC1801-Wedding-Car-6-188x300.jpg 188w, https:\/\/mouldking.store\/wp-content\/uploads\/2021\/10\/FORANGE-FC1801-Wedding-Car-6-300x478.jpg 300w, https:\/\/mouldking.store\/wp-content\/uploads\/2021\/10\/FORANGE-FC1801-Wedding-Car-6-600x956.jpg 600w, https:\/\/mouldking.store\/wp-content\/uploads\/2021\/10\/FORANGE-FC1801-Wedding-Car-6-94x150.jpg 94w\" sizes=\"(max-width: 643px) 100vw, 643px\" \/><figcaption id=\"caption-attachment-25828\" class=\"wp-caption-text\">Xe C\u01b0\u1edbi FORANGE FC1801<\/figcaption><\/figure>\n<figure id=\"attachment_25829\" aria-describedby=\"caption-attachment-25829\" style=\"width: 646px\" class=\"wp-caption aligncenter\"><img loading=\"lazy\" decoding=\"async\" class=\"wp-image-25829 size-full\" src=\"https:\/\/mouldking.store\/wp-content\/uploads\/2021\/10\/FORANGE-FC1801-Wedding-Car-7.jpg\" alt=\"FORANGE FC1801 Wedding Car\" width=\"646\" height=\"1024\" title=\"-\" srcset=\"https:\/\/mouldking.store\/wp-content\/uploads\/2021\/10\/FORANGE-FC1801-Wedding-Car-7.jpg 646w, https:\/\/mouldking.store\/wp-content\/uploads\/2021\/10\/FORANGE-FC1801-Wedding-Car-7-189x300.jpg 189w, https:\/\/mouldking.store\/wp-content\/uploads\/2021\/10\/FORANGE-FC1801-Wedding-Car-7-300x476.jpg 300w, https:\/\/mouldking.store\/wp-content\/uploads\/2021\/10\/FORANGE-FC1801-Wedding-Car-7-600x951.jpg 600w, https:\/\/mouldking.store\/wp-content\/uploads\/2021\/10\/FORANGE-FC1801-Wedding-Car-7-95x150.jpg 95w\" sizes=\"(max-width: 646px) 100vw, 646px\" \/><figcaption id=\"caption-attachment-25829\" class=\"wp-caption-text\">Xe C\u01b0\u1edbi FORANGE FC1801<\/figcaption><\/figure>\n<figure id=\"attachment_25824\" aria-describedby=\"caption-attachment-25824\" style=\"width: 645px\" class=\"wp-caption aligncenter\"><img loading=\"lazy\" decoding=\"async\" class=\"wp-image-25824 size-full\" src=\"https:\/\/mouldking.store\/wp-content\/uploads\/2021\/10\/FORANGE-FC1801-Wedding-Car-2.jpg\" alt=\"FORANGE FC1801 Wedding Car\" width=\"645\" height=\"1024\" title=\"-\" srcset=\"https:\/\/mouldking.store\/wp-content\/uploads\/2021\/10\/FORANGE-FC1801-Wedding-Car-2.jpg 645w, https:\/\/mouldking.store\/wp-content\/uploads\/2021\/10\/FORANGE-FC1801-Wedding-Car-2-189x300.jpg 189w, https:\/\/mouldking.store\/wp-content\/uploads\/2021\/10\/FORANGE-FC1801-Wedding-Car-2-300x476.jpg 300w, https:\/\/mouldking.store\/wp-content\/uploads\/2021\/10\/FORANGE-FC1801-Wedding-Car-2-600x953.jpg 600w, https:\/\/mouldking.store\/wp-content\/uploads\/2021\/10\/FORANGE-FC1801-Wedding-Car-2-94x150.jpg 94w\" sizes=\"(max-width: 645px) 100vw, 645px\" \/><figcaption id=\"caption-attachment-25824\" class=\"wp-caption-text\">Xe C\u01b0\u1edbi FORANGE FC1801<\/figcaption><\/figure>","protected":false},"excerpt":{"rendered":"<p>Product information: Brand: FORANGE Gender: Unisex Name: Wedding Car Age Range: &gt; 6 years old Model Number: FC1801 Classification: Assemblage Plastic Block Shape: Self-Locking Bricks Material: Plastic Plastic Type: ABS Bricks Blocks: 1590\u00a0PCS Contains detailed assembly instructions. Notice: 1. Without an original box, but we guarantee our products have quality assurance and nice packaging. 2. [&hellip;]<\/p>","protected":false},"featured_media":25823,"comment_status":"open","ping_status":"closed","template":"","meta":{"_acf_changed":false},"product_cat":[364],"product_tag":[457,2612,2595,2614,2610,2613,2609,2611,2324,2204],"class_list":["product","first","instock","shipping-taxable","purchasable","product-type-simple"],"acf":[],"_links":{"self":[{"href":"https:\/\/mouldking.store\/vi\/wp-json\/wp\/v2\/product\/25822","targetHints":{"allow":["GET"]}}],"collection":[{"href":"https:\/\/mouldking.store\/vi\/wp-json\/wp\/v2\/product"}],"about":[{"href":"https:\/\/mouldking.store\/vi\/wp-json\/wp\/v2\/types\/product"}],"replies":[{"embeddable":true,"href":"https:\/\/mouldking.store\/vi\/wp-json\/wp\/v2\/comments?post=25822"}],"wp:featuredmedia":[{"embeddable":true,"href":"https:\/\/mouldking.store\/vi\/wp-json\/wp\/v2\/media\/25823"}],"wp:attachment":[{"href":"https:\/\/mouldking.store\/vi\/wp-json\/wp\/v2\/media?parent=25822"}],"wp:term":[{"taxonomy":"product_cat","embeddable":true,"href":"https:\/\/mouldking.store\/vi\/wp-json\/wp\/v2\/product_cat?post=25822"},{"taxonomy":"product_tag","embeddable":true,"href":"https:\/\/mouldking.store\/vi\/wp-json\/wp\/v2\/product_tag?post=25822"}],"curies":[{"name":"wp","href":"https:\/\/api.w.org\/{rel}","templated":true}]}}