{"id":25855,"date":"2021-10-25T16:01:53","date_gmt":"2021-10-25T16:01:53","guid":{"rendered":"https:\/\/mouldking.store\/?post_type=product&#038;p=25855"},"modified":"2024-03-27T16:45:45","modified_gmt":"2024-03-27T09:45:45","slug":"jie-star-59006-doomsday-the-train-with-2399-pieces","status":"publish","type":"product","link":"https:\/\/mouldking.store\/vi\/shop\/jie-star-59006-doomsday-the-train-with-2399-pieces\/","title":{"rendered":"JIE STAR 59006 Chuy\u1ebfn t\u00e0u Ng\u00e0y t\u1eadn th\u1ebf v\u1edbi 2399 m\u1ea3nh gh\u00e9p"},"content":{"rendered":"<p>Th\u00f4ng tin s\u1ea3n ph\u1ea9m:<\/p>\n<ol>\n<li>Th\u01b0\u01a1ng hi\u1ec7u: JIE SAO<\/li>\n<li>Gi\u1edbi t\u00ednh: Unisex<\/li>\n<li>T\u00ean: T\u00e0u h\u1ecfa ng\u00e0y t\u1eadn th\u1ebf<\/li>\n<li>\u0110\u1ed9 tu\u1ed5i: &gt; 6 tu\u1ed5i<\/li>\n<li>S\u1ed1 m\u00f4 h\u00ecnh: 59006<\/li>\n<li>Ph\u00e2n lo\u1ea1i: T\u1eadp h\u1ee3p<\/li>\n<li>H\u00ecnh d\u1ea1ng kh\u1ed1i nh\u1ef1a: G\u1ea1ch t\u1ef1 kh\u00f3a<\/li>\n<li>Ch\u1ea5t li\u1ec7u: Nh\u1ef1a<\/li>\n<li>Lo\u1ea1i nh\u1ef1a: ABS<\/li>\n<li>Kh\u1ed1i g\u1ea1ch: 2399 C\u00c1I<\/li>\n<li>Ch\u1ee9a h\u01b0\u1edbng d\u1eabn l\u1eafp r\u00e1p chi ti\u1ebft.<\/li>\n<\/ol>\n<p>\u0110\u1ec3 \u00fd:<br \/>\n1. Kh\u00f4ng c\u00f3 h\u1ed9p ban \u0111\u1ea7u, nh\u01b0ng ch\u00fang t\u00f4i \u0111\u1ea3m b\u1ea3o s\u1ea3n ph\u1ea9m c\u1ee7a ch\u00fang t\u00f4i c\u00f3 ch\u1ea5t l\u01b0\u1ee3ng \u0111\u1ea3m b\u1ea3o v\u00e0 bao b\u00ec \u0111\u1eb9p.<br \/>\n2. V\u00ec t\u1ea5t c\u1ea3 c\u00e1c b\u1ed9 ph\u1eadn ch\u00fang t\u00f4i \u0111\u00e3 ki\u1ec3m tra tr\u01b0\u1edbc khi v\u1eadn chuy\u1ec3n, v\u00ec v\u1eady n\u1ebfu b\u1ea1n th\u1ea5y m\u1ed9t s\u1ed1 b\u1ed9 ph\u1eadn b\u1ecb thi\u1ebfu ho\u1eb7c h\u01b0 h\u1ecfng, \u0111\u1eebng lo l\u1eafng v\u00e0 ch\u1ec9 c\u1ea7n vui l\u00f2ng li\u00ean h\u1ec7 v\u1edbi ch\u00fang t\u00f4i v\u00e0 ch\u00fang t\u00f4i c\u00f3 th\u1ec3 g\u1eedi l\u1ea1i mi\u1ec5n ph\u00ed cho b\u1ea1n ngay l\u1eadp t\u1ee9c.<\/p>\n<figure id=\"attachment_25856\" aria-describedby=\"caption-attachment-25856\" style=\"width: 800px\" class=\"wp-caption aligncenter\"><img fetchpriority=\"high\" decoding=\"async\" class=\"wp-image-25856 size-full\" src=\"https:\/\/mouldking.store\/wp-content\/uploads\/2021\/10\/JIE-STAR-59006-Doomsday-the-Train-with-2399-pieces-1.jpg\" alt=\"JIE STAR 59006 Doomsday the Train with 2399 pieces\" width=\"800\" height=\"800\" title=\"-\" srcset=\"https:\/\/mouldking.store\/wp-content\/uploads\/2021\/10\/JIE-STAR-59006-Doomsday-the-Train-with-2399-pieces-1.jpg 800w, https:\/\/mouldking.store\/wp-content\/uploads\/2021\/10\/JIE-STAR-59006-Doomsday-the-Train-with-2399-pieces-1-300x300.jpg 300w, https:\/\/mouldking.store\/wp-content\/uploads\/2021\/10\/JIE-STAR-59006-Doomsday-the-Train-with-2399-pieces-1-768x768.jpg 768w, https:\/\/mouldking.store\/wp-content\/uploads\/2021\/10\/JIE-STAR-59006-Doomsday-the-Train-with-2399-pieces-1-600x600.jpg 600w, https:\/\/mouldking.store\/wp-content\/uploads\/2021\/10\/JIE-STAR-59006-Doomsday-the-Train-with-2399-pieces-1-150x150.jpg 150w\" sizes=\"(max-width: 800px) 100vw, 800px\" \/><figcaption id=\"caption-attachment-25856\" class=\"wp-caption-text\">JIE STAR 59006 Chuy\u1ebfn t\u00e0u Ng\u00e0y t\u1eadn th\u1ebf v\u1edbi 2399 m\u1ea3nh gh\u00e9p<\/figcaption><\/figure>\n<figure id=\"attachment_25861\" aria-describedby=\"caption-attachment-25861\" style=\"width: 800px\" class=\"wp-caption aligncenter\"><img decoding=\"async\" class=\"wp-image-25861 size-full\" src=\"https:\/\/mouldking.store\/wp-content\/uploads\/2021\/10\/JIE-STAR-59006-Doomsday-the-Train-with-2399-pieces-6.jpg\" alt=\"JIE STAR 59006 Doomsday the Train with 2399 pieces\" width=\"800\" height=\"800\" title=\"-\" srcset=\"https:\/\/mouldking.store\/wp-content\/uploads\/2021\/10\/JIE-STAR-59006-Doomsday-the-Train-with-2399-pieces-6.jpg 800w, https:\/\/mouldking.store\/wp-content\/uploads\/2021\/10\/JIE-STAR-59006-Doomsday-the-Train-with-2399-pieces-6-300x300.jpg 300w, https:\/\/mouldking.store\/wp-content\/uploads\/2021\/10\/JIE-STAR-59006-Doomsday-the-Train-with-2399-pieces-6-768x768.jpg 768w, https:\/\/mouldking.store\/wp-content\/uploads\/2021\/10\/JIE-STAR-59006-Doomsday-the-Train-with-2399-pieces-6-600x600.jpg 600w, https:\/\/mouldking.store\/wp-content\/uploads\/2021\/10\/JIE-STAR-59006-Doomsday-the-Train-with-2399-pieces-6-150x150.jpg 150w\" sizes=\"(max-width: 800px) 100vw, 800px\" \/><figcaption id=\"caption-attachment-25861\" class=\"wp-caption-text\">JIE STAR 59006 Chuy\u1ebfn t\u00e0u Ng\u00e0y t\u1eadn th\u1ebf v\u1edbi 2399 m\u1ea3nh gh\u00e9p<\/figcaption><\/figure>\n<figure id=\"attachment_25860\" aria-describedby=\"caption-attachment-25860\" style=\"width: 559px\" class=\"wp-caption aligncenter\"><img decoding=\"async\" class=\"wp-image-25860 size-full\" src=\"https:\/\/mouldking.store\/wp-content\/uploads\/2021\/10\/JIE-STAR-59006-Doomsday-the-Train-with-2399-pieces-5.jpg\" alt=\"JIE STAR 59006 Doomsday the Train with 2399 pieces\" width=\"559\" height=\"1023\" title=\"-\" srcset=\"https:\/\/mouldking.store\/wp-content\/uploads\/2021\/10\/JIE-STAR-59006-Doomsday-the-Train-with-2399-pieces-5.jpg 559w, https:\/\/mouldking.store\/wp-content\/uploads\/2021\/10\/JIE-STAR-59006-Doomsday-the-Train-with-2399-pieces-5-164x300.jpg 164w, https:\/\/mouldking.store\/wp-content\/uploads\/2021\/10\/JIE-STAR-59006-Doomsday-the-Train-with-2399-pieces-5-300x549.jpg 300w, https:\/\/mouldking.store\/wp-content\/uploads\/2021\/10\/JIE-STAR-59006-Doomsday-the-Train-with-2399-pieces-5-82x150.jpg 82w\" sizes=\"(max-width: 559px) 100vw, 559px\" \/><figcaption id=\"caption-attachment-25860\" class=\"wp-caption-text\">JIE STAR 59006 Chuy\u1ebfn t\u00e0u Ng\u00e0y t\u1eadn th\u1ebf v\u1edbi 2399 m\u1ea3nh gh\u00e9p<\/figcaption><\/figure>\n<figure id=\"attachment_25859\" aria-describedby=\"caption-attachment-25859\" style=\"width: 695px\" class=\"wp-caption aligncenter\"><img loading=\"lazy\" decoding=\"async\" class=\"wp-image-25859 size-full\" src=\"https:\/\/mouldking.store\/wp-content\/uploads\/2021\/10\/JIE-STAR-59006-Doomsday-the-Train-with-2399-pieces-4.jpg\" alt=\"JIE STAR 59006 Doomsday the Train with 2399 pieces\" width=\"695\" height=\"1024\" title=\"-\" srcset=\"https:\/\/mouldking.store\/wp-content\/uploads\/2021\/10\/JIE-STAR-59006-Doomsday-the-Train-with-2399-pieces-4.jpg 695w, https:\/\/mouldking.store\/wp-content\/uploads\/2021\/10\/JIE-STAR-59006-Doomsday-the-Train-with-2399-pieces-4-204x300.jpg 204w, https:\/\/mouldking.store\/wp-content\/uploads\/2021\/10\/JIE-STAR-59006-Doomsday-the-Train-with-2399-pieces-4-300x442.jpg 300w, https:\/\/mouldking.store\/wp-content\/uploads\/2021\/10\/JIE-STAR-59006-Doomsday-the-Train-with-2399-pieces-4-600x884.jpg 600w, https:\/\/mouldking.store\/wp-content\/uploads\/2021\/10\/JIE-STAR-59006-Doomsday-the-Train-with-2399-pieces-4-102x150.jpg 102w\" sizes=\"(max-width: 695px) 100vw, 695px\" \/><figcaption id=\"caption-attachment-25859\" class=\"wp-caption-text\">JIE STAR 59006 Chuy\u1ebfn t\u00e0u Ng\u00e0y t\u1eadn th\u1ebf v\u1edbi 2399 m\u1ea3nh gh\u00e9p<\/figcaption><\/figure>\n<figure id=\"attachment_25858\" aria-describedby=\"caption-attachment-25858\" style=\"width: 382px\" class=\"wp-caption aligncenter\"><img loading=\"lazy\" decoding=\"async\" class=\"wp-image-25858 size-full\" src=\"https:\/\/mouldking.store\/wp-content\/uploads\/2021\/10\/JIE-STAR-59006-Doomsday-the-Train-with-2399-pieces-3.jpg\" alt=\"JIE STAR 59006 Doomsday the Train with 2399 pieces\" width=\"382\" height=\"1024\" title=\"-\" srcset=\"https:\/\/mouldking.store\/wp-content\/uploads\/2021\/10\/JIE-STAR-59006-Doomsday-the-Train-with-2399-pieces-3.jpg 382w, https:\/\/mouldking.store\/wp-content\/uploads\/2021\/10\/JIE-STAR-59006-Doomsday-the-Train-with-2399-pieces-3-112x300.jpg 112w, https:\/\/mouldking.store\/wp-content\/uploads\/2021\/10\/JIE-STAR-59006-Doomsday-the-Train-with-2399-pieces-3-300x804.jpg 300w, https:\/\/mouldking.store\/wp-content\/uploads\/2021\/10\/JIE-STAR-59006-Doomsday-the-Train-with-2399-pieces-3-56x150.jpg 56w\" sizes=\"(max-width: 382px) 100vw, 382px\" \/><figcaption id=\"caption-attachment-25858\" class=\"wp-caption-text\">JIE STAR 59006 Chuy\u1ebfn t\u00e0u Ng\u00e0y t\u1eadn th\u1ebf v\u1edbi 2399 m\u1ea3nh gh\u00e9p<\/figcaption><\/figure>\n<figure id=\"attachment_25857\" aria-describedby=\"caption-attachment-25857\" style=\"width: 746px\" class=\"wp-caption aligncenter\"><img loading=\"lazy\" decoding=\"async\" class=\"wp-image-25857 size-full\" src=\"https:\/\/mouldking.store\/wp-content\/uploads\/2021\/10\/JIE-STAR-59006-Doomsday-the-Train-with-2399-pieces-2.jpg\" alt=\"JIE STAR 59006 Doomsday the Train with 2399 pieces\" width=\"746\" height=\"1024\" title=\"-\" srcset=\"https:\/\/mouldking.store\/wp-content\/uploads\/2021\/10\/JIE-STAR-59006-Doomsday-the-Train-with-2399-pieces-2.jpg 746w, https:\/\/mouldking.store\/wp-content\/uploads\/2021\/10\/JIE-STAR-59006-Doomsday-the-Train-with-2399-pieces-2-219x300.jpg 219w, https:\/\/mouldking.store\/wp-content\/uploads\/2021\/10\/JIE-STAR-59006-Doomsday-the-Train-with-2399-pieces-2-300x412.jpg 300w, https:\/\/mouldking.store\/wp-content\/uploads\/2021\/10\/JIE-STAR-59006-Doomsday-the-Train-with-2399-pieces-2-600x824.jpg 600w, https:\/\/mouldking.store\/wp-content\/uploads\/2021\/10\/JIE-STAR-59006-Doomsday-the-Train-with-2399-pieces-2-109x150.jpg 109w\" sizes=\"(max-width: 746px) 100vw, 746px\" \/><figcaption id=\"caption-attachment-25857\" class=\"wp-caption-text\">JIE STAR 59006 Chuy\u1ebfn t\u00e0u Ng\u00e0y t\u1eadn th\u1ebf v\u1edbi 2399 m\u1ea3nh gh\u00e9p<\/figcaption><\/figure>\n<p>&nbsp;<\/p>","protected":false},"excerpt":{"rendered":"<p>Product information: Brand: JIE STAR Gender: Unisex Name: Doomsday the Train Age Range: &gt; 6 years old Model Number: 59006 Classification: Assemblage Plastic Block Shape: Self-Locking Bricks Material: Plastic Plastic Type: ABS Bricks Blocks: 2399 PCS Contains detailed assembly instructions. Notice: 1. Without an original box, but we guarantee our products have quality assurance and [&hellip;]<\/p>","protected":false},"featured_media":25856,"comment_status":"open","ping_status":"closed","template":"","meta":{"_acf_changed":false},"product_cat":[364],"product_tag":[2629,2626,2630,2256,2625,2627,2624,2628,300],"class_list":["product","first","outofstock","shipping-taxable","purchasable","product-type-simple"],"acf":[],"_links":{"self":[{"href":"https:\/\/mouldking.store\/vi\/wp-json\/wp\/v2\/product\/25855","targetHints":{"allow":["GET"]}}],"collection":[{"href":"https:\/\/mouldking.store\/vi\/wp-json\/wp\/v2\/product"}],"about":[{"href":"https:\/\/mouldking.store\/vi\/wp-json\/wp\/v2\/types\/product"}],"replies":[{"embeddable":true,"href":"https:\/\/mouldking.store\/vi\/wp-json\/wp\/v2\/comments?post=25855"}],"wp:featuredmedia":[{"embeddable":true,"href":"https:\/\/mouldking.store\/vi\/wp-json\/wp\/v2\/media\/25856"}],"wp:attachment":[{"href":"https:\/\/mouldking.store\/vi\/wp-json\/wp\/v2\/media?parent=25855"}],"wp:term":[{"taxonomy":"product_cat","embeddable":true,"href":"https:\/\/mouldking.store\/vi\/wp-json\/wp\/v2\/product_cat?post=25855"},{"taxonomy":"product_tag","embeddable":true,"href":"https:\/\/mouldking.store\/vi\/wp-json\/wp\/v2\/product_tag?post=25855"}],"curies":[{"name":"wp","href":"https:\/\/api.w.org\/{rel}","templated":true}]}}