{"id":25875,"date":"2021-10-26T11:22:39","date_gmt":"2021-10-26T11:22:39","guid":{"rendered":"https:\/\/mouldking.store\/?post_type=product&#038;p=25875"},"modified":"2023-12-25T14:12:28","modified_gmt":"2023-12-25T07:12:28","slug":"juhang-86015-martial-arts-hall-with-2288-pieces","status":"publish","type":"product","link":"https:\/\/mouldking.store\/vi\/shop\/juhang-86015-martial-arts-hall-with-2288-pieces\/","title":{"rendered":"V\u00f5 \u0111\u01b0\u1eddng JUHANG 86015 v\u1edbi 2288 m\u1ea3nh gh\u00e9p"},"content":{"rendered":"<p>Th\u00f4ng tin s\u1ea3n ph\u1ea9m:<\/p>\n<ol>\n<li>Th\u01b0\u01a1ng hi\u1ec7u: JUHANG<\/li>\n<li>Gi\u1edbi t\u00ednh: Unisex<\/li>\n<li>Name: Martial Arts Hall<\/li>\n<li>\u0110\u1ed9 tu\u1ed5i: &gt; 6 tu\u1ed5i<\/li>\n<li>Model Number: 86015<\/li>\n<li>Ph\u00e2n lo\u1ea1i: T\u1eadp h\u1ee3p<\/li>\n<li>H\u00ecnh d\u1ea1ng kh\u1ed1i nh\u1ef1a: G\u1ea1ch t\u1ef1 kh\u00f3a<\/li>\n<li>Ch\u1ea5t li\u1ec7u: Nh\u1ef1a<\/li>\n<li>Lo\u1ea1i nh\u1ef1a: ABS<\/li>\n<li>Kh\u1ed1i g\u1ea1ch: 2288 C\u00c1I<\/li>\n<li>Ch\u1ee9a h\u01b0\u1edbng d\u1eabn l\u1eafp r\u00e1p chi ti\u1ebft.<\/li>\n<\/ol>\n<p>\u0110\u1ec3 \u00fd:<br \/>\n1. Kh\u00f4ng c\u00f3 h\u1ed9p ban \u0111\u1ea7u, nh\u01b0ng ch\u00fang t\u00f4i \u0111\u1ea3m b\u1ea3o s\u1ea3n ph\u1ea9m c\u1ee7a ch\u00fang t\u00f4i c\u00f3 ch\u1ea5t l\u01b0\u1ee3ng \u0111\u1ea3m b\u1ea3o v\u00e0 bao b\u00ec \u0111\u1eb9p.<br \/>\n2. V\u00ec t\u1ea5t c\u1ea3 c\u00e1c b\u1ed9 ph\u1eadn ch\u00fang t\u00f4i \u0111\u00e3 ki\u1ec3m tra tr\u01b0\u1edbc khi v\u1eadn chuy\u1ec3n, v\u00ec v\u1eady n\u1ebfu b\u1ea1n th\u1ea5y m\u1ed9t s\u1ed1 b\u1ed9 ph\u1eadn b\u1ecb thi\u1ebfu ho\u1eb7c h\u01b0 h\u1ecfng, \u0111\u1eebng lo l\u1eafng v\u00e0 ch\u1ec9 c\u1ea7n vui l\u00f2ng li\u00ean h\u1ec7 v\u1edbi ch\u00fang t\u00f4i v\u00e0 ch\u00fang t\u00f4i c\u00f3 th\u1ec3 g\u1eedi l\u1ea1i mi\u1ec5n ph\u00ed cho b\u1ea1n ngay l\u1eadp t\u1ee9c.<\/p>\n<figure id=\"attachment_25876\" aria-describedby=\"caption-attachment-25876\" style=\"width: 800px\" class=\"wp-caption aligncenter\"><img fetchpriority=\"high\" decoding=\"async\" class=\"wp-image-25876 size-full\" src=\"https:\/\/mouldking.store\/wp-content\/uploads\/2021\/10\/JUHANG-86015-Martial-Arts-Hall-with-2288-pieces-1.jpg\" alt=\"JUHANG 86015 Martial Arts Hall with 2288 pieces\" width=\"800\" height=\"800\" title=\"-\" srcset=\"https:\/\/mouldking.store\/wp-content\/uploads\/2021\/10\/JUHANG-86015-Martial-Arts-Hall-with-2288-pieces-1.jpg 800w, https:\/\/mouldking.store\/wp-content\/uploads\/2021\/10\/JUHANG-86015-Martial-Arts-Hall-with-2288-pieces-1-300x300.jpg 300w, https:\/\/mouldking.store\/wp-content\/uploads\/2021\/10\/JUHANG-86015-Martial-Arts-Hall-with-2288-pieces-1-768x768.jpg 768w, https:\/\/mouldking.store\/wp-content\/uploads\/2021\/10\/JUHANG-86015-Martial-Arts-Hall-with-2288-pieces-1-600x600.jpg 600w, https:\/\/mouldking.store\/wp-content\/uploads\/2021\/10\/JUHANG-86015-Martial-Arts-Hall-with-2288-pieces-1-150x150.jpg 150w\" sizes=\"(max-width: 800px) 100vw, 800px\" \/><figcaption id=\"caption-attachment-25876\" class=\"wp-caption-text\">V\u00f5 \u0111\u01b0\u1eddng JUHANG 86015 v\u1edbi 2288 m\u1ea3nh gh\u00e9p<\/figcaption><\/figure>\n<figure id=\"attachment_25883\" aria-describedby=\"caption-attachment-25883\" style=\"width: 800px\" class=\"wp-caption aligncenter\"><img decoding=\"async\" class=\"wp-image-25883 size-full\" src=\"https:\/\/mouldking.store\/wp-content\/uploads\/2021\/10\/JUHANG-86015-Martial-Arts-Hall-with-2288-pieces-7.jpg\" alt=\"JUHANG 86015 Martial Arts Hall with 2288 pieces\" width=\"800\" height=\"854\" title=\"-\" srcset=\"https:\/\/mouldking.store\/wp-content\/uploads\/2021\/10\/JUHANG-86015-Martial-Arts-Hall-with-2288-pieces-7.jpg 800w, https:\/\/mouldking.store\/wp-content\/uploads\/2021\/10\/JUHANG-86015-Martial-Arts-Hall-with-2288-pieces-7-281x300.jpg 281w, https:\/\/mouldking.store\/wp-content\/uploads\/2021\/10\/JUHANG-86015-Martial-Arts-Hall-with-2288-pieces-7-768x820.jpg 768w, https:\/\/mouldking.store\/wp-content\/uploads\/2021\/10\/JUHANG-86015-Martial-Arts-Hall-with-2288-pieces-7-300x320.jpg 300w, https:\/\/mouldking.store\/wp-content\/uploads\/2021\/10\/JUHANG-86015-Martial-Arts-Hall-with-2288-pieces-7-600x641.jpg 600w, https:\/\/mouldking.store\/wp-content\/uploads\/2021\/10\/JUHANG-86015-Martial-Arts-Hall-with-2288-pieces-7-141x150.jpg 141w\" sizes=\"(max-width: 800px) 100vw, 800px\" \/><figcaption id=\"caption-attachment-25883\" class=\"wp-caption-text\">V\u00f5 \u0111\u01b0\u1eddng JUHANG 86015 v\u1edbi 2288 m\u1ea3nh gh\u00e9p<\/figcaption><\/figure>\n<figure id=\"attachment_25884\" aria-describedby=\"caption-attachment-25884\" style=\"width: 800px\" class=\"wp-caption aligncenter\"><img decoding=\"async\" class=\"wp-image-25884 size-full\" src=\"https:\/\/mouldking.store\/wp-content\/uploads\/2021\/10\/JUHANG-86015-Martial-Arts-Hall-with-2288-pieces-8.jpg\" alt=\"JUHANG 86015 Martial Arts Hall with 2288 pieces\" width=\"800\" height=\"800\" title=\"-\" srcset=\"https:\/\/mouldking.store\/wp-content\/uploads\/2021\/10\/JUHANG-86015-Martial-Arts-Hall-with-2288-pieces-8.jpg 800w, https:\/\/mouldking.store\/wp-content\/uploads\/2021\/10\/JUHANG-86015-Martial-Arts-Hall-with-2288-pieces-8-300x300.jpg 300w, https:\/\/mouldking.store\/wp-content\/uploads\/2021\/10\/JUHANG-86015-Martial-Arts-Hall-with-2288-pieces-8-768x768.jpg 768w, https:\/\/mouldking.store\/wp-content\/uploads\/2021\/10\/JUHANG-86015-Martial-Arts-Hall-with-2288-pieces-8-600x600.jpg 600w, https:\/\/mouldking.store\/wp-content\/uploads\/2021\/10\/JUHANG-86015-Martial-Arts-Hall-with-2288-pieces-8-150x150.jpg 150w\" sizes=\"(max-width: 800px) 100vw, 800px\" \/><figcaption id=\"caption-attachment-25884\" class=\"wp-caption-text\">V\u00f5 \u0111\u01b0\u1eddng JUHANG 86015 v\u1edbi 2288 m\u1ea3nh gh\u00e9p<\/figcaption><\/figure>\n<figure id=\"attachment_25882\" aria-describedby=\"caption-attachment-25882\" style=\"width: 785px\" class=\"wp-caption aligncenter\"><img loading=\"lazy\" decoding=\"async\" class=\"wp-image-25882 size-full\" src=\"https:\/\/mouldking.store\/wp-content\/uploads\/2021\/10\/JUHANG-86015-Martial-Arts-Hall-with-2288-pieces-6.jpg\" alt=\"JUHANG 86015 Martial Arts Hall with 2288 pieces\" width=\"785\" height=\"1024\" title=\"-\" srcset=\"https:\/\/mouldking.store\/wp-content\/uploads\/2021\/10\/JUHANG-86015-Martial-Arts-Hall-with-2288-pieces-6.jpg 785w, https:\/\/mouldking.store\/wp-content\/uploads\/2021\/10\/JUHANG-86015-Martial-Arts-Hall-with-2288-pieces-6-230x300.jpg 230w, https:\/\/mouldking.store\/wp-content\/uploads\/2021\/10\/JUHANG-86015-Martial-Arts-Hall-with-2288-pieces-6-768x1002.jpg 768w, https:\/\/mouldking.store\/wp-content\/uploads\/2021\/10\/JUHANG-86015-Martial-Arts-Hall-with-2288-pieces-6-300x391.jpg 300w, https:\/\/mouldking.store\/wp-content\/uploads\/2021\/10\/JUHANG-86015-Martial-Arts-Hall-with-2288-pieces-6-600x783.jpg 600w, https:\/\/mouldking.store\/wp-content\/uploads\/2021\/10\/JUHANG-86015-Martial-Arts-Hall-with-2288-pieces-6-115x150.jpg 115w\" sizes=\"(max-width: 785px) 100vw, 785px\" \/><figcaption id=\"caption-attachment-25882\" class=\"wp-caption-text\">V\u00f5 \u0111\u01b0\u1eddng JUHANG 86015 v\u1edbi 2288 m\u1ea3nh gh\u00e9p<\/figcaption><\/figure>\n<figure id=\"attachment_25881\" aria-describedby=\"caption-attachment-25881\" style=\"width: 800px\" class=\"wp-caption aligncenter\"><img loading=\"lazy\" decoding=\"async\" class=\"wp-image-25881 size-full\" src=\"https:\/\/mouldking.store\/wp-content\/uploads\/2021\/10\/JUHANG-86015-Martial-Arts-Hall-with-2288-pieces-5.jpg\" alt=\"JUHANG 86015 Martial Arts Hall with 2288 pieces\" width=\"800\" height=\"800\" title=\"-\" srcset=\"https:\/\/mouldking.store\/wp-content\/uploads\/2021\/10\/JUHANG-86015-Martial-Arts-Hall-with-2288-pieces-5.jpg 800w, https:\/\/mouldking.store\/wp-content\/uploads\/2021\/10\/JUHANG-86015-Martial-Arts-Hall-with-2288-pieces-5-300x300.jpg 300w, https:\/\/mouldking.store\/wp-content\/uploads\/2021\/10\/JUHANG-86015-Martial-Arts-Hall-with-2288-pieces-5-768x768.jpg 768w, https:\/\/mouldking.store\/wp-content\/uploads\/2021\/10\/JUHANG-86015-Martial-Arts-Hall-with-2288-pieces-5-600x600.jpg 600w, https:\/\/mouldking.store\/wp-content\/uploads\/2021\/10\/JUHANG-86015-Martial-Arts-Hall-with-2288-pieces-5-150x150.jpg 150w\" sizes=\"(max-width: 800px) 100vw, 800px\" \/><figcaption id=\"caption-attachment-25881\" class=\"wp-caption-text\">V\u00f5 \u0111\u01b0\u1eddng JUHANG 86015 v\u1edbi 2288 m\u1ea3nh gh\u00e9p<\/figcaption><\/figure>\n<figure id=\"attachment_25880\" aria-describedby=\"caption-attachment-25880\" style=\"width: 693px\" class=\"wp-caption aligncenter\"><img loading=\"lazy\" decoding=\"async\" class=\"wp-image-25880 size-full\" src=\"https:\/\/mouldking.store\/wp-content\/uploads\/2021\/10\/JUHANG-86015-Martial-Arts-Hall-with-2288-pieces-4.jpg\" alt=\"JUHANG 86015 Martial Arts Hall with 2288 pieces\" width=\"693\" height=\"1024\" title=\"-\" srcset=\"https:\/\/mouldking.store\/wp-content\/uploads\/2021\/10\/JUHANG-86015-Martial-Arts-Hall-with-2288-pieces-4.jpg 693w, https:\/\/mouldking.store\/wp-content\/uploads\/2021\/10\/JUHANG-86015-Martial-Arts-Hall-with-2288-pieces-4-203x300.jpg 203w, https:\/\/mouldking.store\/wp-content\/uploads\/2021\/10\/JUHANG-86015-Martial-Arts-Hall-with-2288-pieces-4-300x443.jpg 300w, https:\/\/mouldking.store\/wp-content\/uploads\/2021\/10\/JUHANG-86015-Martial-Arts-Hall-with-2288-pieces-4-600x887.jpg 600w, https:\/\/mouldking.store\/wp-content\/uploads\/2021\/10\/JUHANG-86015-Martial-Arts-Hall-with-2288-pieces-4-102x150.jpg 102w\" sizes=\"(max-width: 693px) 100vw, 693px\" \/><figcaption id=\"caption-attachment-25880\" class=\"wp-caption-text\">V\u00f5 \u0111\u01b0\u1eddng JUHANG 86015 v\u1edbi 2288 m\u1ea3nh gh\u00e9p<\/figcaption><\/figure>\n<figure id=\"attachment_25878\" aria-describedby=\"caption-attachment-25878\" style=\"width: 800px\" class=\"wp-caption aligncenter\"><img loading=\"lazy\" decoding=\"async\" class=\"wp-image-25878 size-full\" src=\"https:\/\/mouldking.store\/wp-content\/uploads\/2021\/10\/JUHANG-86015-Martial-Arts-Hall-with-2288-pieces-3.jpg\" alt=\"JUHANG 86015 Martial Arts Hall with 2288 pieces\" width=\"800\" height=\"991\" title=\"-\" srcset=\"https:\/\/mouldking.store\/wp-content\/uploads\/2021\/10\/JUHANG-86015-Martial-Arts-Hall-with-2288-pieces-3.jpg 800w, https:\/\/mouldking.store\/wp-content\/uploads\/2021\/10\/JUHANG-86015-Martial-Arts-Hall-with-2288-pieces-3-242x300.jpg 242w, https:\/\/mouldking.store\/wp-content\/uploads\/2021\/10\/JUHANG-86015-Martial-Arts-Hall-with-2288-pieces-3-768x951.jpg 768w, https:\/\/mouldking.store\/wp-content\/uploads\/2021\/10\/JUHANG-86015-Martial-Arts-Hall-with-2288-pieces-3-300x372.jpg 300w, https:\/\/mouldking.store\/wp-content\/uploads\/2021\/10\/JUHANG-86015-Martial-Arts-Hall-with-2288-pieces-3-600x743.jpg 600w, https:\/\/mouldking.store\/wp-content\/uploads\/2021\/10\/JUHANG-86015-Martial-Arts-Hall-with-2288-pieces-3-121x150.jpg 121w\" sizes=\"(max-width: 800px) 100vw, 800px\" \/><figcaption id=\"caption-attachment-25878\" class=\"wp-caption-text\">V\u00f5 \u0111\u01b0\u1eddng JUHANG 86015 v\u1edbi 2288 m\u1ea3nh gh\u00e9p<\/figcaption><\/figure>\n<figure id=\"attachment_25877\" aria-describedby=\"caption-attachment-25877\" style=\"width: 567px\" class=\"wp-caption aligncenter\"><img loading=\"lazy\" decoding=\"async\" class=\"wp-image-25877 size-full\" src=\"https:\/\/mouldking.store\/wp-content\/uploads\/2021\/10\/JUHANG-86015-Martial-Arts-Hall-with-2288-pieces-2.jpg\" alt=\"JUHANG 86015 Martial Arts Hall with 2288 pieces\" width=\"567\" height=\"1024\" title=\"-\" srcset=\"https:\/\/mouldking.store\/wp-content\/uploads\/2021\/10\/JUHANG-86015-Martial-Arts-Hall-with-2288-pieces-2.jpg 567w, https:\/\/mouldking.store\/wp-content\/uploads\/2021\/10\/JUHANG-86015-Martial-Arts-Hall-with-2288-pieces-2-166x300.jpg 166w, https:\/\/mouldking.store\/wp-content\/uploads\/2021\/10\/JUHANG-86015-Martial-Arts-Hall-with-2288-pieces-2-300x542.jpg 300w, https:\/\/mouldking.store\/wp-content\/uploads\/2021\/10\/JUHANG-86015-Martial-Arts-Hall-with-2288-pieces-2-83x150.jpg 83w\" sizes=\"(max-width: 567px) 100vw, 567px\" \/><figcaption id=\"caption-attachment-25877\" class=\"wp-caption-text\">V\u00f5 \u0111\u01b0\u1eddng JUHANG 86015 v\u1edbi 2288 m\u1ea3nh gh\u00e9p<\/figcaption><\/figure>","protected":false},"excerpt":{"rendered":"<p>Product information: Brand: JUHANG Gender: Unisex Name: Martial Arts Hall Age Range: &gt; 6 years old Model Number: 86015 Classification: Assemblage Plastic Block Shape: Self-Locking Bricks Material: Plastic Plastic Type: ABS Bricks Blocks: 2288 PCS Contains detailed assembly instructions. Notice: 1. Without an original box, but we guarantee our products have quality assurance and nice [&hellip;]<\/p>","protected":false},"featured_media":25876,"comment_status":"open","ping_status":"closed","template":"","meta":{"_acf_changed":false},"product_cat":[390],"product_tag":[2650,2652,2649,2647,2646,2653,2651,2648],"class_list":["product","first","outofstock","shipping-taxable","purchasable","product-type-simple"],"acf":[],"_links":{"self":[{"href":"https:\/\/mouldking.store\/vi\/wp-json\/wp\/v2\/product\/25875","targetHints":{"allow":["GET"]}}],"collection":[{"href":"https:\/\/mouldking.store\/vi\/wp-json\/wp\/v2\/product"}],"about":[{"href":"https:\/\/mouldking.store\/vi\/wp-json\/wp\/v2\/types\/product"}],"replies":[{"embeddable":true,"href":"https:\/\/mouldking.store\/vi\/wp-json\/wp\/v2\/comments?post=25875"}],"wp:featuredmedia":[{"embeddable":true,"href":"https:\/\/mouldking.store\/vi\/wp-json\/wp\/v2\/media\/25876"}],"wp:attachment":[{"href":"https:\/\/mouldking.store\/vi\/wp-json\/wp\/v2\/media?parent=25875"}],"wp:term":[{"taxonomy":"product_cat","embeddable":true,"href":"https:\/\/mouldking.store\/vi\/wp-json\/wp\/v2\/product_cat?post=25875"},{"taxonomy":"product_tag","embeddable":true,"href":"https:\/\/mouldking.store\/vi\/wp-json\/wp\/v2\/product_tag?post=25875"}],"curies":[{"name":"wp","href":"https:\/\/api.w.org\/{rel}","templated":true}]}}