{"id":25897,"date":"2021-10-26T11:38:53","date_gmt":"2021-10-26T11:38:53","guid":{"rendered":"https:\/\/mouldking.store\/?post_type=product&#038;p=25897"},"modified":"2021-12-23T09:41:48","modified_gmt":"2021-12-23T09:41:48","slug":"reobrix-66005-blacksmith-with-2366-pieces","status":"publish","type":"product","link":"https:\/\/mouldking.store\/vi\/shop\/reobrix-66005-blacksmith-with-2366-pieces\/","title":{"rendered":"Reobrix 66005 Blacksmith v\u1edbi 2366 m\u1ea3nh gh\u00e9p"},"content":{"rendered":"<p>Th\u00f4ng tin s\u1ea3n ph\u1ea9m:<\/p>\n<ol>\n<li>Th\u01b0\u01a1ng hi\u1ec7u: Reobrix<\/li>\n<li>Gi\u1edbi t\u00ednh: Unisex<\/li>\n<li>Name: Blacksmith<\/li>\n<li>\u0110\u1ed9 tu\u1ed5i: &gt; 6 tu\u1ed5i<\/li>\n<li>Model Number: 66005<\/li>\n<li>Ph\u00e2n lo\u1ea1i: T\u1eadp h\u1ee3p<\/li>\n<li>H\u00ecnh d\u1ea1ng kh\u1ed1i nh\u1ef1a: G\u1ea1ch t\u1ef1 kh\u00f3a<\/li>\n<li>Ch\u1ea5t li\u1ec7u: Nh\u1ef1a<\/li>\n<li>Lo\u1ea1i nh\u1ef1a: ABS<\/li>\n<li>Bricks Blocks: 2366 PCS<\/li>\n<li>Ch\u1ee9a h\u01b0\u1edbng d\u1eabn l\u1eafp r\u00e1p chi ti\u1ebft.<\/li>\n<\/ol>\n<p>\u0110\u1ec3 \u00fd:<br \/>\n1. Kh\u00f4ng c\u00f3 h\u1ed9p ban \u0111\u1ea7u, nh\u01b0ng ch\u00fang t\u00f4i \u0111\u1ea3m b\u1ea3o s\u1ea3n ph\u1ea9m c\u1ee7a ch\u00fang t\u00f4i c\u00f3 ch\u1ea5t l\u01b0\u1ee3ng \u0111\u1ea3m b\u1ea3o v\u00e0 bao b\u00ec \u0111\u1eb9p.<br \/>\n2. V\u00ec t\u1ea5t c\u1ea3 c\u00e1c b\u1ed9 ph\u1eadn ch\u00fang t\u00f4i \u0111\u00e3 ki\u1ec3m tra tr\u01b0\u1edbc khi v\u1eadn chuy\u1ec3n, v\u00ec v\u1eady n\u1ebfu b\u1ea1n th\u1ea5y m\u1ed9t s\u1ed1 b\u1ed9 ph\u1eadn b\u1ecb thi\u1ebfu ho\u1eb7c h\u01b0 h\u1ecfng, \u0111\u1eebng lo l\u1eafng v\u00e0 ch\u1ec9 c\u1ea7n vui l\u00f2ng li\u00ean h\u1ec7 v\u1edbi ch\u00fang t\u00f4i v\u00e0 ch\u00fang t\u00f4i c\u00f3 th\u1ec3 g\u1eedi l\u1ea1i mi\u1ec5n ph\u00ed cho b\u1ea1n ngay l\u1eadp t\u1ee9c.<\/p>\n<figure id=\"attachment_25908\" aria-describedby=\"caption-attachment-25908\" style=\"width: 800px\" class=\"wp-caption aligncenter\"><img fetchpriority=\"high\" decoding=\"async\" class=\"wp-image-25908 size-full\" src=\"https:\/\/mouldking.store\/wp-content\/uploads\/2021\/10\/Reobrix-66005-Blacksmith-with-2366-pieces-1.jpg\" alt=\"Reobrix 66005 Blacksmith with 2366 pieces\" width=\"800\" height=\"800\" title=\"-\" srcset=\"https:\/\/mouldking.store\/wp-content\/uploads\/2021\/10\/Reobrix-66005-Blacksmith-with-2366-pieces-1.jpg 800w, https:\/\/mouldking.store\/wp-content\/uploads\/2021\/10\/Reobrix-66005-Blacksmith-with-2366-pieces-1-300x300.jpg 300w, https:\/\/mouldking.store\/wp-content\/uploads\/2021\/10\/Reobrix-66005-Blacksmith-with-2366-pieces-1-768x768.jpg 768w, https:\/\/mouldking.store\/wp-content\/uploads\/2021\/10\/Reobrix-66005-Blacksmith-with-2366-pieces-1-600x600.jpg 600w, https:\/\/mouldking.store\/wp-content\/uploads\/2021\/10\/Reobrix-66005-Blacksmith-with-2366-pieces-1-150x150.jpg 150w\" sizes=\"(max-width: 800px) 100vw, 800px\" \/><figcaption id=\"caption-attachment-25908\" class=\"wp-caption-text\">Reobrix 66005 Blacksmith v\u1edbi 2366 m\u1ea3nh gh\u00e9p<\/figcaption><\/figure>\n<figure id=\"attachment_25914\" aria-describedby=\"caption-attachment-25914\" style=\"width: 800px\" class=\"wp-caption aligncenter\"><img decoding=\"async\" class=\"wp-image-25914 size-full\" src=\"https:\/\/mouldking.store\/wp-content\/uploads\/2021\/10\/Reobrix-66005-Blacksmith-with-2366-pieces-7.jpg\" alt=\"Reobrix 66005 Blacksmith with 2366 pieces\" width=\"800\" height=\"800\" title=\"-\" srcset=\"https:\/\/mouldking.store\/wp-content\/uploads\/2021\/10\/Reobrix-66005-Blacksmith-with-2366-pieces-7.jpg 800w, https:\/\/mouldking.store\/wp-content\/uploads\/2021\/10\/Reobrix-66005-Blacksmith-with-2366-pieces-7-300x300.jpg 300w, https:\/\/mouldking.store\/wp-content\/uploads\/2021\/10\/Reobrix-66005-Blacksmith-with-2366-pieces-7-768x768.jpg 768w, https:\/\/mouldking.store\/wp-content\/uploads\/2021\/10\/Reobrix-66005-Blacksmith-with-2366-pieces-7-600x600.jpg 600w, https:\/\/mouldking.store\/wp-content\/uploads\/2021\/10\/Reobrix-66005-Blacksmith-with-2366-pieces-7-150x150.jpg 150w\" sizes=\"(max-width: 800px) 100vw, 800px\" \/><figcaption id=\"caption-attachment-25914\" class=\"wp-caption-text\">Reobrix 66005 Blacksmith v\u1edbi 2366 m\u1ea3nh gh\u00e9p<\/figcaption><\/figure>\n<figure id=\"attachment_25913\" aria-describedby=\"caption-attachment-25913\" style=\"width: 470px\" class=\"wp-caption aligncenter\"><img decoding=\"async\" class=\"wp-image-25913 size-full\" src=\"https:\/\/mouldking.store\/wp-content\/uploads\/2021\/10\/Reobrix-66005-Blacksmith-with-2366-pieces-6.jpg\" alt=\"Reobrix 66005 Blacksmith with 2366 pieces\" width=\"470\" height=\"1024\" title=\"-\" srcset=\"https:\/\/mouldking.store\/wp-content\/uploads\/2021\/10\/Reobrix-66005-Blacksmith-with-2366-pieces-6.jpg 470w, https:\/\/mouldking.store\/wp-content\/uploads\/2021\/10\/Reobrix-66005-Blacksmith-with-2366-pieces-6-138x300.jpg 138w, https:\/\/mouldking.store\/wp-content\/uploads\/2021\/10\/Reobrix-66005-Blacksmith-with-2366-pieces-6-300x654.jpg 300w, https:\/\/mouldking.store\/wp-content\/uploads\/2021\/10\/Reobrix-66005-Blacksmith-with-2366-pieces-6-69x150.jpg 69w\" sizes=\"(max-width: 470px) 100vw, 470px\" \/><figcaption id=\"caption-attachment-25913\" class=\"wp-caption-text\">Reobrix 66005 Blacksmith v\u1edbi 2366 m\u1ea3nh gh\u00e9p<\/figcaption><\/figure>\n<figure id=\"attachment_25912\" aria-describedby=\"caption-attachment-25912\" style=\"width: 359px\" class=\"wp-caption aligncenter\"><img loading=\"lazy\" decoding=\"async\" class=\"wp-image-25912 size-full\" src=\"https:\/\/mouldking.store\/wp-content\/uploads\/2021\/10\/Reobrix-66005-Blacksmith-with-2366-pieces-5.jpg\" alt=\"Reobrix 66005 Blacksmith with 2366 pieces\" width=\"359\" height=\"1024\" title=\"-\" srcset=\"https:\/\/mouldking.store\/wp-content\/uploads\/2021\/10\/Reobrix-66005-Blacksmith-with-2366-pieces-5.jpg 359w, https:\/\/mouldking.store\/wp-content\/uploads\/2021\/10\/Reobrix-66005-Blacksmith-with-2366-pieces-5-105x300.jpg 105w, https:\/\/mouldking.store\/wp-content\/uploads\/2021\/10\/Reobrix-66005-Blacksmith-with-2366-pieces-5-300x856.jpg 300w, https:\/\/mouldking.store\/wp-content\/uploads\/2021\/10\/Reobrix-66005-Blacksmith-with-2366-pieces-5-53x150.jpg 53w\" sizes=\"(max-width: 359px) 100vw, 359px\" \/><figcaption id=\"caption-attachment-25912\" class=\"wp-caption-text\">Reobrix 66005 Blacksmith v\u1edbi 2366 m\u1ea3nh gh\u00e9p<\/figcaption><\/figure>\n<figure id=\"attachment_25911\" aria-describedby=\"caption-attachment-25911\" style=\"width: 562px\" class=\"wp-caption aligncenter\"><img loading=\"lazy\" decoding=\"async\" class=\"wp-image-25911 size-full\" src=\"https:\/\/mouldking.store\/wp-content\/uploads\/2021\/10\/Reobrix-66005-Blacksmith-with-2366-pieces-4.jpg\" alt=\"Reobrix 66005 Blacksmith with 2366 pieces\" width=\"562\" height=\"1024\" title=\"-\" srcset=\"https:\/\/mouldking.store\/wp-content\/uploads\/2021\/10\/Reobrix-66005-Blacksmith-with-2366-pieces-4.jpg 562w, https:\/\/mouldking.store\/wp-content\/uploads\/2021\/10\/Reobrix-66005-Blacksmith-with-2366-pieces-4-165x300.jpg 165w, https:\/\/mouldking.store\/wp-content\/uploads\/2021\/10\/Reobrix-66005-Blacksmith-with-2366-pieces-4-300x547.jpg 300w, https:\/\/mouldking.store\/wp-content\/uploads\/2021\/10\/Reobrix-66005-Blacksmith-with-2366-pieces-4-82x150.jpg 82w\" sizes=\"(max-width: 562px) 100vw, 562px\" \/><figcaption id=\"caption-attachment-25911\" class=\"wp-caption-text\">Reobrix 66005 Blacksmith v\u1edbi 2366 m\u1ea3nh gh\u00e9p<\/figcaption><\/figure>\n<figure id=\"attachment_25910\" aria-describedby=\"caption-attachment-25910\" style=\"width: 437px\" class=\"wp-caption aligncenter\"><img loading=\"lazy\" decoding=\"async\" class=\"wp-image-25910 size-full\" src=\"https:\/\/mouldking.store\/wp-content\/uploads\/2021\/10\/Reobrix-66005-Blacksmith-with-2366-pieces-3.jpg\" alt=\"Reobrix 66005 Blacksmith with 2366 pieces\" width=\"437\" height=\"1024\" title=\"-\" srcset=\"https:\/\/mouldking.store\/wp-content\/uploads\/2021\/10\/Reobrix-66005-Blacksmith-with-2366-pieces-3.jpg 437w, https:\/\/mouldking.store\/wp-content\/uploads\/2021\/10\/Reobrix-66005-Blacksmith-with-2366-pieces-3-128x300.jpg 128w, https:\/\/mouldking.store\/wp-content\/uploads\/2021\/10\/Reobrix-66005-Blacksmith-with-2366-pieces-3-300x703.jpg 300w, https:\/\/mouldking.store\/wp-content\/uploads\/2021\/10\/Reobrix-66005-Blacksmith-with-2366-pieces-3-64x150.jpg 64w\" sizes=\"(max-width: 437px) 100vw, 437px\" \/><figcaption id=\"caption-attachment-25910\" class=\"wp-caption-text\">Reobrix 66005 Blacksmith v\u1edbi 2366 m\u1ea3nh gh\u00e9p<\/figcaption><\/figure>\n<figure id=\"attachment_25909\" aria-describedby=\"caption-attachment-25909\" style=\"width: 800px\" class=\"wp-caption aligncenter\"><img loading=\"lazy\" decoding=\"async\" class=\"wp-image-25909 size-full\" src=\"https:\/\/mouldking.store\/wp-content\/uploads\/2021\/10\/Reobrix-66005-Blacksmith-with-2366-pieces-2.jpg\" alt=\"Reobrix 66005 Blacksmith with 2366 pieces\" width=\"800\" height=\"800\" title=\"-\" srcset=\"https:\/\/mouldking.store\/wp-content\/uploads\/2021\/10\/Reobrix-66005-Blacksmith-with-2366-pieces-2.jpg 800w, https:\/\/mouldking.store\/wp-content\/uploads\/2021\/10\/Reobrix-66005-Blacksmith-with-2366-pieces-2-300x300.jpg 300w, https:\/\/mouldking.store\/wp-content\/uploads\/2021\/10\/Reobrix-66005-Blacksmith-with-2366-pieces-2-768x768.jpg 768w, https:\/\/mouldking.store\/wp-content\/uploads\/2021\/10\/Reobrix-66005-Blacksmith-with-2366-pieces-2-600x600.jpg 600w, https:\/\/mouldking.store\/wp-content\/uploads\/2021\/10\/Reobrix-66005-Blacksmith-with-2366-pieces-2-150x150.jpg 150w\" sizes=\"(max-width: 800px) 100vw, 800px\" \/><figcaption id=\"caption-attachment-25909\" class=\"wp-caption-text\">Reobrix 66005 Blacksmith v\u1edbi 2366 m\u1ea3nh gh\u00e9p<\/figcaption><\/figure>","protected":false},"excerpt":{"rendered":"<p>High-quality blocks<\/p>","protected":false},"featured_media":25908,"comment_status":"open","ping_status":"closed","template":"","meta":{"_acf_changed":false},"product_cat":[390],"product_tag":[2675,2676,2669,2673,2674],"class_list":["product","first","instock","shipping-taxable","purchasable","product-type-simple"],"acf":[],"_links":{"self":[{"href":"https:\/\/mouldking.store\/vi\/wp-json\/wp\/v2\/product\/25897","targetHints":{"allow":["GET"]}}],"collection":[{"href":"https:\/\/mouldking.store\/vi\/wp-json\/wp\/v2\/product"}],"about":[{"href":"https:\/\/mouldking.store\/vi\/wp-json\/wp\/v2\/types\/product"}],"replies":[{"embeddable":true,"href":"https:\/\/mouldking.store\/vi\/wp-json\/wp\/v2\/comments?post=25897"}],"wp:featuredmedia":[{"embeddable":true,"href":"https:\/\/mouldking.store\/vi\/wp-json\/wp\/v2\/media\/25908"}],"wp:attachment":[{"href":"https:\/\/mouldking.store\/vi\/wp-json\/wp\/v2\/media?parent=25897"}],"wp:term":[{"taxonomy":"product_cat","embeddable":true,"href":"https:\/\/mouldking.store\/vi\/wp-json\/wp\/v2\/product_cat?post=25897"},{"taxonomy":"product_tag","embeddable":true,"href":"https:\/\/mouldking.store\/vi\/wp-json\/wp\/v2\/product_tag?post=25897"}],"curies":[{"name":"wp","href":"https:\/\/api.w.org\/{rel}","templated":true}]}}