{"id":25991,"date":"2021-10-27T10:08:26","date_gmt":"2021-10-27T10:08:26","guid":{"rendered":"https:\/\/mouldking.store\/?post_type=product&#038;p=25991"},"modified":"2021-12-23T09:41:48","modified_gmt":"2021-12-23T09:41:48","slug":"reobrix-66004-christmas-dream-with-843-pieces","status":"publish","type":"product","link":"https:\/\/mouldking.store\/vi\/shop\/reobrix-66004-christmas-dream-with-843-pieces\/","title":{"rendered":"Reobrix 66004 Gi\u1ea5c m\u01a1 gi\u00e1ng sinh g\u1ed3m 843 mi\u1ebfng gh\u00e9p"},"content":{"rendered":"<p>Th\u00f4ng tin s\u1ea3n ph\u1ea9m:<\/p>\n<ol>\n<li>Th\u01b0\u01a1ng hi\u1ec7u: Reobrix<\/li>\n<li>Gi\u1edbi t\u00ednh: Unisex<\/li>\n<li>Name: Christmas Dream<\/li>\n<li>\u0110\u1ed9 tu\u1ed5i: &gt; 6 tu\u1ed5i<\/li>\n<li>S\u1ed1 m\u00f4 h\u00ecnh: 66004<\/li>\n<li>Ph\u00e2n lo\u1ea1i: T\u1eadp h\u1ee3p<\/li>\n<li>H\u00ecnh d\u1ea1ng kh\u1ed1i nh\u1ef1a: G\u1ea1ch t\u1ef1 kh\u00f3a<\/li>\n<li>Ch\u1ea5t li\u1ec7u: Nh\u1ef1a<\/li>\n<li>Lo\u1ea1i nh\u1ef1a: ABS<\/li>\n<li>Bricks Blocks: 843 PCS<\/li>\n<li>Ch\u1ee9a h\u01b0\u1edbng d\u1eabn l\u1eafp r\u00e1p chi ti\u1ebft.<\/li>\n<\/ol>\n<p>\u0110\u1ec3 \u00fd:<br \/>\n1. Kh\u00f4ng c\u00f3 h\u1ed9p ban \u0111\u1ea7u, nh\u01b0ng ch\u00fang t\u00f4i \u0111\u1ea3m b\u1ea3o s\u1ea3n ph\u1ea9m c\u1ee7a ch\u00fang t\u00f4i c\u00f3 ch\u1ea5t l\u01b0\u1ee3ng \u0111\u1ea3m b\u1ea3o v\u00e0 bao b\u00ec \u0111\u1eb9p.<br \/>\n2. V\u00ec t\u1ea5t c\u1ea3 c\u00e1c b\u1ed9 ph\u1eadn ch\u00fang t\u00f4i \u0111\u00e3 ki\u1ec3m tra tr\u01b0\u1edbc khi v\u1eadn chuy\u1ec3n, v\u00ec v\u1eady n\u1ebfu b\u1ea1n th\u1ea5y m\u1ed9t s\u1ed1 b\u1ed9 ph\u1eadn b\u1ecb thi\u1ebfu ho\u1eb7c h\u01b0 h\u1ecfng, \u0111\u1eebng lo l\u1eafng v\u00e0 ch\u1ec9 c\u1ea7n vui l\u00f2ng li\u00ean h\u1ec7 v\u1edbi ch\u00fang t\u00f4i v\u00e0 ch\u00fang t\u00f4i c\u00f3 th\u1ec3 g\u1eedi l\u1ea1i mi\u1ec5n ph\u00ed cho b\u1ea1n ngay l\u1eadp t\u1ee9c.<\/p>\n<figure id=\"attachment_25992\" aria-describedby=\"caption-attachment-25992\" style=\"width: 800px\" class=\"wp-caption aligncenter\"><img fetchpriority=\"high\" decoding=\"async\" class=\"wp-image-25992 size-full\" src=\"https:\/\/mouldking.store\/wp-content\/uploads\/2021\/10\/Reobrix-66004-Christmas-Dream-with-843-pieces-1.jpg\" alt=\"Reobrix 66004 Christmas Dream with 843 pieces\" width=\"800\" height=\"800\" title=\"-\" srcset=\"https:\/\/mouldking.store\/wp-content\/uploads\/2021\/10\/Reobrix-66004-Christmas-Dream-with-843-pieces-1.jpg 800w, https:\/\/mouldking.store\/wp-content\/uploads\/2021\/10\/Reobrix-66004-Christmas-Dream-with-843-pieces-1-300x300.jpg 300w, https:\/\/mouldking.store\/wp-content\/uploads\/2021\/10\/Reobrix-66004-Christmas-Dream-with-843-pieces-1-768x768.jpg 768w, https:\/\/mouldking.store\/wp-content\/uploads\/2021\/10\/Reobrix-66004-Christmas-Dream-with-843-pieces-1-600x600.jpg 600w, https:\/\/mouldking.store\/wp-content\/uploads\/2021\/10\/Reobrix-66004-Christmas-Dream-with-843-pieces-1-150x150.jpg 150w\" sizes=\"(max-width: 800px) 100vw, 800px\" \/><figcaption id=\"caption-attachment-25992\" class=\"wp-caption-text\">Reobrix 66004 Gi\u1ea5c m\u01a1 gi\u00e1ng sinh g\u1ed3m 843 mi\u1ebfng gh\u00e9p<\/figcaption><\/figure>\n<figure id=\"attachment_25993\" aria-describedby=\"caption-attachment-25993\" style=\"width: 800px\" class=\"wp-caption aligncenter\"><img decoding=\"async\" class=\"wp-image-25993 size-full\" src=\"https:\/\/mouldking.store\/wp-content\/uploads\/2021\/10\/Reobrix-66004-Christmas-Dream-with-843-pieces-2.jpg\" alt=\"Reobrix 66004 Christmas Dream with 843 pieces\" width=\"800\" height=\"800\" title=\"-\" srcset=\"https:\/\/mouldking.store\/wp-content\/uploads\/2021\/10\/Reobrix-66004-Christmas-Dream-with-843-pieces-2.jpg 800w, https:\/\/mouldking.store\/wp-content\/uploads\/2021\/10\/Reobrix-66004-Christmas-Dream-with-843-pieces-2-300x300.jpg 300w, https:\/\/mouldking.store\/wp-content\/uploads\/2021\/10\/Reobrix-66004-Christmas-Dream-with-843-pieces-2-768x768.jpg 768w, https:\/\/mouldking.store\/wp-content\/uploads\/2021\/10\/Reobrix-66004-Christmas-Dream-with-843-pieces-2-600x600.jpg 600w, https:\/\/mouldking.store\/wp-content\/uploads\/2021\/10\/Reobrix-66004-Christmas-Dream-with-843-pieces-2-150x150.jpg 150w\" sizes=\"(max-width: 800px) 100vw, 800px\" \/><figcaption id=\"caption-attachment-25993\" class=\"wp-caption-text\">Reobrix 66004 Gi\u1ea5c m\u01a1 gi\u00e1ng sinh g\u1ed3m 843 mi\u1ebfng gh\u00e9p<\/figcaption><\/figure>\n<figure id=\"attachment_25997\" aria-describedby=\"caption-attachment-25997\" style=\"width: 495px\" class=\"wp-caption aligncenter\"><img decoding=\"async\" class=\"wp-image-25997 size-full\" src=\"https:\/\/mouldking.store\/wp-content\/uploads\/2021\/10\/Reobrix-66004-Christmas-Dream-with-843-pieces-6.jpg\" alt=\"Reobrix 66004 Christmas Dream with 843 pieces\" width=\"495\" height=\"1023\" title=\"-\" srcset=\"https:\/\/mouldking.store\/wp-content\/uploads\/2021\/10\/Reobrix-66004-Christmas-Dream-with-843-pieces-6.jpg 495w, https:\/\/mouldking.store\/wp-content\/uploads\/2021\/10\/Reobrix-66004-Christmas-Dream-with-843-pieces-6-145x300.jpg 145w, https:\/\/mouldking.store\/wp-content\/uploads\/2021\/10\/Reobrix-66004-Christmas-Dream-with-843-pieces-6-300x620.jpg 300w, https:\/\/mouldking.store\/wp-content\/uploads\/2021\/10\/Reobrix-66004-Christmas-Dream-with-843-pieces-6-73x150.jpg 73w\" sizes=\"(max-width: 495px) 100vw, 495px\" \/><figcaption id=\"caption-attachment-25997\" class=\"wp-caption-text\">Reobrix 66004 Gi\u1ea5c m\u01a1 gi\u00e1ng sinh g\u1ed3m 843 mi\u1ebfng gh\u00e9p<\/figcaption><\/figure>\n<figure id=\"attachment_25995\" aria-describedby=\"caption-attachment-25995\" style=\"width: 509px\" class=\"wp-caption aligncenter\"><img loading=\"lazy\" decoding=\"async\" class=\"wp-image-25995 size-full\" src=\"https:\/\/mouldking.store\/wp-content\/uploads\/2021\/10\/Reobrix-66004-Christmas-Dream-with-843-pieces-4.jpg\" alt=\"Reobrix 66004 Christmas Dream with 843 pieces\" width=\"509\" height=\"1024\" title=\"-\" srcset=\"https:\/\/mouldking.store\/wp-content\/uploads\/2021\/10\/Reobrix-66004-Christmas-Dream-with-843-pieces-4.jpg 509w, https:\/\/mouldking.store\/wp-content\/uploads\/2021\/10\/Reobrix-66004-Christmas-Dream-with-843-pieces-4-149x300.jpg 149w, https:\/\/mouldking.store\/wp-content\/uploads\/2021\/10\/Reobrix-66004-Christmas-Dream-with-843-pieces-4-300x604.jpg 300w, https:\/\/mouldking.store\/wp-content\/uploads\/2021\/10\/Reobrix-66004-Christmas-Dream-with-843-pieces-4-75x150.jpg 75w\" sizes=\"(max-width: 509px) 100vw, 509px\" \/><figcaption id=\"caption-attachment-25995\" class=\"wp-caption-text\">Reobrix 66004 Gi\u1ea5c m\u01a1 gi\u00e1ng sinh g\u1ed3m 843 mi\u1ebfng gh\u00e9p<\/figcaption><\/figure>\n<figure id=\"attachment_25994\" aria-describedby=\"caption-attachment-25994\" style=\"width: 588px\" class=\"wp-caption aligncenter\"><img loading=\"lazy\" decoding=\"async\" class=\"wp-image-25994 size-full\" src=\"https:\/\/mouldking.store\/wp-content\/uploads\/2021\/10\/Reobrix-66004-Christmas-Dream-with-843-pieces-3.jpg\" alt=\"Reobrix 66004 Christmas Dream with 843 pieces\" width=\"588\" height=\"1023\" title=\"-\" srcset=\"https:\/\/mouldking.store\/wp-content\/uploads\/2021\/10\/Reobrix-66004-Christmas-Dream-with-843-pieces-3.jpg 588w, https:\/\/mouldking.store\/wp-content\/uploads\/2021\/10\/Reobrix-66004-Christmas-Dream-with-843-pieces-3-172x300.jpg 172w, https:\/\/mouldking.store\/wp-content\/uploads\/2021\/10\/Reobrix-66004-Christmas-Dream-with-843-pieces-3-300x522.jpg 300w, https:\/\/mouldking.store\/wp-content\/uploads\/2021\/10\/Reobrix-66004-Christmas-Dream-with-843-pieces-3-86x150.jpg 86w\" sizes=\"(max-width: 588px) 100vw, 588px\" \/><figcaption id=\"caption-attachment-25994\" class=\"wp-caption-text\">Reobrix 66004 Gi\u1ea5c m\u01a1 gi\u00e1ng sinh g\u1ed3m 843 mi\u1ebfng gh\u00e9p<\/figcaption><\/figure>\n<figure id=\"attachment_25996\" aria-describedby=\"caption-attachment-25996\" style=\"width: 500px\" class=\"wp-caption aligncenter\"><img loading=\"lazy\" decoding=\"async\" class=\"wp-image-25996\" src=\"https:\/\/mouldking.store\/wp-content\/uploads\/2021\/10\/Reobrix-66004-Christmas-Dream-with-843-pieces-5.jpg\" alt=\"Reobrix 66004 Christmas Dream with 843 pieces\" width=\"500\" height=\"1474\" title=\"-\" srcset=\"https:\/\/mouldking.store\/wp-content\/uploads\/2021\/10\/Reobrix-66004-Christmas-Dream-with-843-pieces-5.jpg 347w, https:\/\/mouldking.store\/wp-content\/uploads\/2021\/10\/Reobrix-66004-Christmas-Dream-with-843-pieces-5-102x300.jpg 102w, https:\/\/mouldking.store\/wp-content\/uploads\/2021\/10\/Reobrix-66004-Christmas-Dream-with-843-pieces-5-300x884.jpg 300w, https:\/\/mouldking.store\/wp-content\/uploads\/2021\/10\/Reobrix-66004-Christmas-Dream-with-843-pieces-5-51x150.jpg 51w\" sizes=\"(max-width: 500px) 100vw, 500px\" \/><figcaption id=\"caption-attachment-25996\" class=\"wp-caption-text\">Reobrix 66004 Gi\u1ea5c m\u01a1 gi\u00e1ng sinh g\u1ed3m 843 mi\u1ebfng gh\u00e9p<\/figcaption><\/figure>\n<p>&nbsp;<\/p>","protected":false},"excerpt":{"rendered":"<p>Product information: Brand: Reobrix Gender: Unisex Name: Christmas Dream Age Range: &gt; 6 years old Model Number: 66004 Classification: Assemblage Plastic Block Shape: Self-Locking Bricks Material: Plastic Plastic Type: ABS Bricks Blocks: 843 PCS Contains detailed assembly instructions. Notice: 1. Without an original box, but we guarantee our products have quality assurance and nice packaging. [&hellip;]<\/p>","protected":false},"featured_media":25992,"comment_status":"open","ping_status":"closed","template":"","meta":{"_acf_changed":false},"product_cat":[371],"product_tag":[2721,1066,2719,2722,2669,2718,2717,2720],"class_list":["product","first","instock","shipping-taxable","purchasable","product-type-simple"],"acf":[],"_links":{"self":[{"href":"https:\/\/mouldking.store\/vi\/wp-json\/wp\/v2\/product\/25991","targetHints":{"allow":["GET"]}}],"collection":[{"href":"https:\/\/mouldking.store\/vi\/wp-json\/wp\/v2\/product"}],"about":[{"href":"https:\/\/mouldking.store\/vi\/wp-json\/wp\/v2\/types\/product"}],"replies":[{"embeddable":true,"href":"https:\/\/mouldking.store\/vi\/wp-json\/wp\/v2\/comments?post=25991"}],"wp:featuredmedia":[{"embeddable":true,"href":"https:\/\/mouldking.store\/vi\/wp-json\/wp\/v2\/media\/25992"}],"wp:attachment":[{"href":"https:\/\/mouldking.store\/vi\/wp-json\/wp\/v2\/media?parent=25991"}],"wp:term":[{"taxonomy":"product_cat","embeddable":true,"href":"https:\/\/mouldking.store\/vi\/wp-json\/wp\/v2\/product_cat?post=25991"},{"taxonomy":"product_tag","embeddable":true,"href":"https:\/\/mouldking.store\/vi\/wp-json\/wp\/v2\/product_tag?post=25991"}],"curies":[{"name":"wp","href":"https:\/\/api.w.org\/{rel}","templated":true}]}}