{"id":26006,"date":"2021-10-27T10:18:10","date_gmt":"2021-10-27T10:18:10","guid":{"rendered":"https:\/\/mouldking.store\/?post_type=product&#038;p=26006"},"modified":"2024-11-30T17:46:26","modified_gmt":"2024-11-30T10:46:26","slug":"jie-star-89132-the-lisbon-tram-with-3080-pieces","status":"publish","type":"product","link":"https:\/\/mouldking.store\/vi\/shop\/jie-star-89132-the-lisbon-tram-with-3080-pieces\/","title":{"rendered":"JIE STAR 89132 Xe \u0111i\u1ec7n Lisbon v\u1edbi 3080 chi\u1ebfc"},"content":{"rendered":"<p>Th\u00f4ng tin s\u1ea3n ph\u1ea9m:<\/p>\n<ol>\n<li>Th\u01b0\u01a1ng hi\u1ec7u: JIE SAO<\/li>\n<li>Gi\u1edbi t\u00ednh: Unisex<\/li>\n<li>T\u00ean: Xe \u0111i\u1ec7n Lisbon<\/li>\n<li>\u0110\u1ed9 tu\u1ed5i: &gt; 6 tu\u1ed5i<\/li>\n<li>S\u1ed1 m\u00f4 h\u00ecnh: 89132<\/li>\n<li>Ph\u00e2n lo\u1ea1i: T\u1eadp h\u1ee3p<\/li>\n<li>H\u00ecnh d\u1ea1ng kh\u1ed1i nh\u1ef1a: G\u1ea1ch t\u1ef1 kh\u00f3a<\/li>\n<li>Ch\u1ea5t li\u1ec7u: Nh\u1ef1a<\/li>\n<li>Lo\u1ea1i nh\u1ef1a: ABS<\/li>\n<li>Kh\u1ed1i g\u1ea1ch: 3080 C\u00c1I<\/li>\n<li>Ch\u1ee9a h\u01b0\u1edbng d\u1eabn l\u1eafp r\u00e1p chi ti\u1ebft.<\/li>\n<\/ol>\n<p>\u0110\u1ec3 \u00fd:<br \/>\n1. Kh\u00f4ng c\u00f3 h\u1ed9p ban \u0111\u1ea7u, nh\u01b0ng ch\u00fang t\u00f4i \u0111\u1ea3m b\u1ea3o s\u1ea3n ph\u1ea9m c\u1ee7a ch\u00fang t\u00f4i c\u00f3 ch\u1ea5t l\u01b0\u1ee3ng \u0111\u1ea3m b\u1ea3o v\u00e0 bao b\u00ec \u0111\u1eb9p.<br \/>\n2. V\u00ec t\u1ea5t c\u1ea3 c\u00e1c b\u1ed9 ph\u1eadn ch\u00fang t\u00f4i \u0111\u00e3 ki\u1ec3m tra tr\u01b0\u1edbc khi v\u1eadn chuy\u1ec3n, v\u00ec v\u1eady n\u1ebfu b\u1ea1n th\u1ea5y m\u1ed9t s\u1ed1 b\u1ed9 ph\u1eadn b\u1ecb thi\u1ebfu ho\u1eb7c h\u01b0 h\u1ecfng, \u0111\u1eebng lo l\u1eafng v\u00e0 ch\u1ec9 c\u1ea7n vui l\u00f2ng li\u00ean h\u1ec7 v\u1edbi ch\u00fang t\u00f4i v\u00e0 ch\u00fang t\u00f4i c\u00f3 th\u1ec3 g\u1eedi l\u1ea1i mi\u1ec5n ph\u00ed cho b\u1ea1n ngay l\u1eadp t\u1ee9c.<\/p>\n<figure id=\"attachment_26017\" aria-describedby=\"caption-attachment-26017\" style=\"width: 800px\" class=\"wp-caption aligncenter\"><img fetchpriority=\"high\" decoding=\"async\" class=\"wp-image-26017 size-full\" src=\"https:\/\/mouldking.store\/wp-content\/uploads\/2021\/10\/JIE-STAR-89132-The-Lisbon-Tram-with-3080-pieces-11.jpg\" alt=\"JIE STAR 89132 The Lisbon Tram with 3080 pieces\" width=\"800\" height=\"852\" title=\"-\" srcset=\"https:\/\/mouldking.store\/wp-content\/uploads\/2021\/10\/JIE-STAR-89132-The-Lisbon-Tram-with-3080-pieces-11.jpg 800w, https:\/\/mouldking.store\/wp-content\/uploads\/2021\/10\/JIE-STAR-89132-The-Lisbon-Tram-with-3080-pieces-11-282x300.jpg 282w, https:\/\/mouldking.store\/wp-content\/uploads\/2021\/10\/JIE-STAR-89132-The-Lisbon-Tram-with-3080-pieces-11-768x818.jpg 768w, https:\/\/mouldking.store\/wp-content\/uploads\/2021\/10\/JIE-STAR-89132-The-Lisbon-Tram-with-3080-pieces-11-300x320.jpg 300w, https:\/\/mouldking.store\/wp-content\/uploads\/2021\/10\/JIE-STAR-89132-The-Lisbon-Tram-with-3080-pieces-11-600x639.jpg 600w, https:\/\/mouldking.store\/wp-content\/uploads\/2021\/10\/JIE-STAR-89132-The-Lisbon-Tram-with-3080-pieces-11-141x150.jpg 141w\" sizes=\"(max-width: 800px) 100vw, 800px\" \/><figcaption id=\"caption-attachment-26017\" class=\"wp-caption-text\">JIE STAR 89132 Xe \u0111i\u1ec7n Lisbon v\u1edbi 3080 chi\u1ebfc<\/figcaption><\/figure>\n<figure id=\"attachment_26016\" aria-describedby=\"caption-attachment-26016\" style=\"width: 800px\" class=\"wp-caption aligncenter\"><img decoding=\"async\" class=\"wp-image-26016 size-full\" src=\"https:\/\/mouldking.store\/wp-content\/uploads\/2021\/10\/JIE-STAR-89132-The-Lisbon-Tram-with-3080-pieces-10.jpg\" alt=\"JIE STAR 89132 The Lisbon Tram with 3080 pieces\" width=\"800\" height=\"646\" title=\"-\" srcset=\"https:\/\/mouldking.store\/wp-content\/uploads\/2021\/10\/JIE-STAR-89132-The-Lisbon-Tram-with-3080-pieces-10.jpg 800w, https:\/\/mouldking.store\/wp-content\/uploads\/2021\/10\/JIE-STAR-89132-The-Lisbon-Tram-with-3080-pieces-10-300x242.jpg 300w, https:\/\/mouldking.store\/wp-content\/uploads\/2021\/10\/JIE-STAR-89132-The-Lisbon-Tram-with-3080-pieces-10-768x620.jpg 768w, https:\/\/mouldking.store\/wp-content\/uploads\/2021\/10\/JIE-STAR-89132-The-Lisbon-Tram-with-3080-pieces-10-600x485.jpg 600w, https:\/\/mouldking.store\/wp-content\/uploads\/2021\/10\/JIE-STAR-89132-The-Lisbon-Tram-with-3080-pieces-10-150x121.jpg 150w\" sizes=\"(max-width: 800px) 100vw, 800px\" \/><figcaption id=\"caption-attachment-26016\" class=\"wp-caption-text\">JIE STAR 89132 Xe \u0111i\u1ec7n Lisbon v\u1edbi 3080 chi\u1ebfc<\/figcaption><\/figure>\n<figure id=\"attachment_26011\" aria-describedby=\"caption-attachment-26011\" style=\"width: 800px\" class=\"wp-caption aligncenter\"><img decoding=\"async\" class=\"wp-image-26011 size-full\" src=\"https:\/\/mouldking.store\/wp-content\/uploads\/2021\/10\/JIE-STAR-89132-The-Lisbon-Tram-with-3080-pieces-5.jpg\" alt=\"JIE STAR 89132 The Lisbon Tram with 3080 pieces\" width=\"800\" height=\"722\" title=\"-\" srcset=\"https:\/\/mouldking.store\/wp-content\/uploads\/2021\/10\/JIE-STAR-89132-The-Lisbon-Tram-with-3080-pieces-5.jpg 800w, https:\/\/mouldking.store\/wp-content\/uploads\/2021\/10\/JIE-STAR-89132-The-Lisbon-Tram-with-3080-pieces-5-300x271.jpg 300w, https:\/\/mouldking.store\/wp-content\/uploads\/2021\/10\/JIE-STAR-89132-The-Lisbon-Tram-with-3080-pieces-5-768x693.jpg 768w, https:\/\/mouldking.store\/wp-content\/uploads\/2021\/10\/JIE-STAR-89132-The-Lisbon-Tram-with-3080-pieces-5-600x542.jpg 600w, https:\/\/mouldking.store\/wp-content\/uploads\/2021\/10\/JIE-STAR-89132-The-Lisbon-Tram-with-3080-pieces-5-150x135.jpg 150w\" sizes=\"(max-width: 800px) 100vw, 800px\" \/><figcaption id=\"caption-attachment-26011\" class=\"wp-caption-text\">JIE STAR 89132 Xe \u0111i\u1ec7n Lisbon v\u1edbi 3080 chi\u1ebfc<\/figcaption><\/figure>\n<figure id=\"attachment_26014\" aria-describedby=\"caption-attachment-26014\" style=\"width: 800px\" class=\"wp-caption aligncenter\"><img loading=\"lazy\" decoding=\"async\" class=\"wp-image-26014 size-full\" src=\"https:\/\/mouldking.store\/wp-content\/uploads\/2021\/10\/JIE-STAR-89132-The-Lisbon-Tram-with-3080-pieces-8.jpg\" alt=\"JIE STAR 89132 The Lisbon Tram with 3080 pieces\" width=\"800\" height=\"558\" title=\"-\" srcset=\"https:\/\/mouldking.store\/wp-content\/uploads\/2021\/10\/JIE-STAR-89132-The-Lisbon-Tram-with-3080-pieces-8.jpg 800w, https:\/\/mouldking.store\/wp-content\/uploads\/2021\/10\/JIE-STAR-89132-The-Lisbon-Tram-with-3080-pieces-8-300x209.jpg 300w, https:\/\/mouldking.store\/wp-content\/uploads\/2021\/10\/JIE-STAR-89132-The-Lisbon-Tram-with-3080-pieces-8-768x536.jpg 768w, https:\/\/mouldking.store\/wp-content\/uploads\/2021\/10\/JIE-STAR-89132-The-Lisbon-Tram-with-3080-pieces-8-600x419.jpg 600w, https:\/\/mouldking.store\/wp-content\/uploads\/2021\/10\/JIE-STAR-89132-The-Lisbon-Tram-with-3080-pieces-8-150x105.jpg 150w\" sizes=\"(max-width: 800px) 100vw, 800px\" \/><figcaption id=\"caption-attachment-26014\" class=\"wp-caption-text\">JIE STAR 89132 Xe \u0111i\u1ec7n Lisbon v\u1edbi 3080 chi\u1ebfc<\/figcaption><\/figure>\n<figure id=\"attachment_26010\" aria-describedby=\"caption-attachment-26010\" style=\"width: 800px\" class=\"wp-caption aligncenter\"><img loading=\"lazy\" decoding=\"async\" class=\"wp-image-26010 size-full\" src=\"https:\/\/mouldking.store\/wp-content\/uploads\/2021\/10\/JIE-STAR-89132-The-Lisbon-Tram-with-3080-pieces-4.jpg\" alt=\"JIE STAR 89132 The Lisbon Tram with 3080 pieces\" width=\"800\" height=\"740\" title=\"-\" srcset=\"https:\/\/mouldking.store\/wp-content\/uploads\/2021\/10\/JIE-STAR-89132-The-Lisbon-Tram-with-3080-pieces-4.jpg 800w, https:\/\/mouldking.store\/wp-content\/uploads\/2021\/10\/JIE-STAR-89132-The-Lisbon-Tram-with-3080-pieces-4-300x278.jpg 300w, https:\/\/mouldking.store\/wp-content\/uploads\/2021\/10\/JIE-STAR-89132-The-Lisbon-Tram-with-3080-pieces-4-768x710.jpg 768w, https:\/\/mouldking.store\/wp-content\/uploads\/2021\/10\/JIE-STAR-89132-The-Lisbon-Tram-with-3080-pieces-4-600x555.jpg 600w, https:\/\/mouldking.store\/wp-content\/uploads\/2021\/10\/JIE-STAR-89132-The-Lisbon-Tram-with-3080-pieces-4-150x139.jpg 150w\" sizes=\"(max-width: 800px) 100vw, 800px\" \/><figcaption id=\"caption-attachment-26010\" class=\"wp-caption-text\">JIE STAR 89132 Xe \u0111i\u1ec7n Lisbon v\u1edbi 3080 chi\u1ebfc<\/figcaption><\/figure>\n<figure id=\"attachment_26008\" aria-describedby=\"caption-attachment-26008\" style=\"width: 800px\" class=\"wp-caption aligncenter\"><img loading=\"lazy\" decoding=\"async\" class=\"wp-image-26008 size-full\" src=\"https:\/\/mouldking.store\/wp-content\/uploads\/2021\/10\/JIE-STAR-89132-The-Lisbon-Tram-with-3080-pieces-2.jpg\" alt=\"JIE STAR 89132 The Lisbon Tram with 3080 pieces\" width=\"800\" height=\"644\" title=\"-\" srcset=\"https:\/\/mouldking.store\/wp-content\/uploads\/2021\/10\/JIE-STAR-89132-The-Lisbon-Tram-with-3080-pieces-2.jpg 800w, https:\/\/mouldking.store\/wp-content\/uploads\/2021\/10\/JIE-STAR-89132-The-Lisbon-Tram-with-3080-pieces-2-300x242.jpg 300w, https:\/\/mouldking.store\/wp-content\/uploads\/2021\/10\/JIE-STAR-89132-The-Lisbon-Tram-with-3080-pieces-2-768x618.jpg 768w, https:\/\/mouldking.store\/wp-content\/uploads\/2021\/10\/JIE-STAR-89132-The-Lisbon-Tram-with-3080-pieces-2-600x483.jpg 600w, https:\/\/mouldking.store\/wp-content\/uploads\/2021\/10\/JIE-STAR-89132-The-Lisbon-Tram-with-3080-pieces-2-150x121.jpg 150w\" sizes=\"(max-width: 800px) 100vw, 800px\" \/><figcaption id=\"caption-attachment-26008\" class=\"wp-caption-text\">JIE STAR 89132 Xe \u0111i\u1ec7n Lisbon v\u1edbi 3080 chi\u1ebfc<\/figcaption><\/figure>\n<figure id=\"attachment_26015\" aria-describedby=\"caption-attachment-26015\" style=\"width: 800px\" class=\"wp-caption aligncenter\"><img loading=\"lazy\" decoding=\"async\" class=\"wp-image-26015 size-full\" src=\"https:\/\/mouldking.store\/wp-content\/uploads\/2021\/10\/JIE-STAR-89132-The-Lisbon-Tram-with-3080-pieces-9.jpg\" alt=\"JIE STAR 89132 The Lisbon Tram with 3080 pieces\" width=\"800\" height=\"458\" title=\"-\" srcset=\"https:\/\/mouldking.store\/wp-content\/uploads\/2021\/10\/JIE-STAR-89132-The-Lisbon-Tram-with-3080-pieces-9.jpg 800w, https:\/\/mouldking.store\/wp-content\/uploads\/2021\/10\/JIE-STAR-89132-The-Lisbon-Tram-with-3080-pieces-9-300x172.jpg 300w, https:\/\/mouldking.store\/wp-content\/uploads\/2021\/10\/JIE-STAR-89132-The-Lisbon-Tram-with-3080-pieces-9-768x440.jpg 768w, https:\/\/mouldking.store\/wp-content\/uploads\/2021\/10\/JIE-STAR-89132-The-Lisbon-Tram-with-3080-pieces-9-600x344.jpg 600w, https:\/\/mouldking.store\/wp-content\/uploads\/2021\/10\/JIE-STAR-89132-The-Lisbon-Tram-with-3080-pieces-9-150x86.jpg 150w\" sizes=\"(max-width: 800px) 100vw, 800px\" \/><figcaption id=\"caption-attachment-26015\" class=\"wp-caption-text\">JIE STAR 89132 Xe \u0111i\u1ec7n Lisbon v\u1edbi 3080 chi\u1ebfc<\/figcaption><\/figure>\n<figure id=\"attachment_26012\" aria-describedby=\"caption-attachment-26012\" style=\"width: 788px\" class=\"wp-caption aligncenter\"><img loading=\"lazy\" decoding=\"async\" class=\"wp-image-26012 size-full\" src=\"https:\/\/mouldking.store\/wp-content\/uploads\/2021\/10\/JIE-STAR-89132-The-Lisbon-Tram-with-3080-pieces-6.jpg\" alt=\"JIE STAR 89132 The Lisbon Tram with 3080 pieces\" width=\"788\" height=\"1024\" title=\"-\" srcset=\"https:\/\/mouldking.store\/wp-content\/uploads\/2021\/10\/JIE-STAR-89132-The-Lisbon-Tram-with-3080-pieces-6.jpg 788w, https:\/\/mouldking.store\/wp-content\/uploads\/2021\/10\/JIE-STAR-89132-The-Lisbon-Tram-with-3080-pieces-6-231x300.jpg 231w, https:\/\/mouldking.store\/wp-content\/uploads\/2021\/10\/JIE-STAR-89132-The-Lisbon-Tram-with-3080-pieces-6-768x998.jpg 768w, https:\/\/mouldking.store\/wp-content\/uploads\/2021\/10\/JIE-STAR-89132-The-Lisbon-Tram-with-3080-pieces-6-300x390.jpg 300w, https:\/\/mouldking.store\/wp-content\/uploads\/2021\/10\/JIE-STAR-89132-The-Lisbon-Tram-with-3080-pieces-6-600x780.jpg 600w, https:\/\/mouldking.store\/wp-content\/uploads\/2021\/10\/JIE-STAR-89132-The-Lisbon-Tram-with-3080-pieces-6-115x150.jpg 115w\" sizes=\"(max-width: 788px) 100vw, 788px\" \/><figcaption id=\"caption-attachment-26012\" class=\"wp-caption-text\">JIE STAR 89132 Xe \u0111i\u1ec7n Lisbon v\u1edbi 3080 chi\u1ebfc<\/figcaption><\/figure>","protected":false},"excerpt":{"rendered":"<p>Product information: Brand: JIE STAR Gender: Unisex Name: The Lisbon Tram Age Range: &gt; 6 years old Model Number: 89132 Classification: Assemblage Plastic Block Shape: Self-Locking Bricks Material: Plastic Plastic Type: ABS Bricks Blocks: 3080 PCS Contains detailed assembly instructions. Notice: 1. Without an original box, but we guarantee our products have quality assurance and [&hellip;]<\/p>","protected":false},"featured_media":26007,"comment_status":"open","ping_status":"closed","template":"","meta":{"_acf_changed":false},"product_cat":[390],"product_tag":[2731,2256,2730,2729,2734,2733,2732],"class_list":["product","first","instock","shipping-taxable","purchasable","product-type-simple"],"acf":[],"_links":{"self":[{"href":"https:\/\/mouldking.store\/vi\/wp-json\/wp\/v2\/product\/26006","targetHints":{"allow":["GET"]}}],"collection":[{"href":"https:\/\/mouldking.store\/vi\/wp-json\/wp\/v2\/product"}],"about":[{"href":"https:\/\/mouldking.store\/vi\/wp-json\/wp\/v2\/types\/product"}],"replies":[{"embeddable":true,"href":"https:\/\/mouldking.store\/vi\/wp-json\/wp\/v2\/comments?post=26006"}],"wp:featuredmedia":[{"embeddable":true,"href":"https:\/\/mouldking.store\/vi\/wp-json\/wp\/v2\/media\/26007"}],"wp:attachment":[{"href":"https:\/\/mouldking.store\/vi\/wp-json\/wp\/v2\/media?parent=26006"}],"wp:term":[{"taxonomy":"product_cat","embeddable":true,"href":"https:\/\/mouldking.store\/vi\/wp-json\/wp\/v2\/product_cat?post=26006"},{"taxonomy":"product_tag","embeddable":true,"href":"https:\/\/mouldking.store\/vi\/wp-json\/wp\/v2\/product_tag?post=26006"}],"curies":[{"name":"wp","href":"https:\/\/api.w.org\/{rel}","templated":true}]}}