{"id":26030,"date":"2021-10-27T10:32:04","date_gmt":"2021-10-27T10:32:04","guid":{"rendered":"https:\/\/mouldking.store\/?post_type=product&#038;p=26030"},"modified":"2021-12-23T09:41:47","modified_gmt":"2021-12-23T09:41:47","slug":"sy-8601-porsche-919-with-1200-pieces","status":"publish","type":"product","link":"https:\/\/mouldking.store\/vi\/shop\/sy-8601-porsche-919-with-1200-pieces\/","title":{"rendered":"SY 8601 Porsche 919 v\u1edbi 1200 c\u00e1i"},"content":{"rendered":"<p>Th\u00f4ng tin s\u1ea3n ph\u1ea9m:<\/p>\n<ol>\n<li>Th\u01b0\u01a1ng hi\u1ec7u: SY<\/li>\n<li>Gi\u1edbi t\u00ednh: Unisex<\/li>\n<li>T\u00ean: Porsche 919<\/li>\n<li>\u0110\u1ed9 tu\u1ed5i: &gt; 6 tu\u1ed5i<\/li>\n<li>S\u1ed1 m\u00f4 h\u00ecnh: 8601<\/li>\n<li>Ph\u00e2n lo\u1ea1i: T\u1eadp h\u1ee3p<\/li>\n<li>H\u00ecnh d\u1ea1ng kh\u1ed1i nh\u1ef1a: G\u1ea1ch t\u1ef1 kh\u00f3a<\/li>\n<li>Ch\u1ea5t li\u1ec7u: Nh\u1ef1a<\/li>\n<li>Lo\u1ea1i nh\u1ef1a: ABS<\/li>\n<li>Kh\u1ed1i g\u1ea1ch: 1200 chi\u1ebfc<\/li>\n<li>Ch\u1ee9a h\u01b0\u1edbng d\u1eabn l\u1eafp r\u00e1p chi ti\u1ebft.<\/li>\n<\/ol>\n<p>\u0110\u1ec3 \u00fd:<br \/>\n1. Kh\u00f4ng c\u00f3 h\u1ed9p ban \u0111\u1ea7u, nh\u01b0ng ch\u00fang t\u00f4i \u0111\u1ea3m b\u1ea3o s\u1ea3n ph\u1ea9m c\u1ee7a ch\u00fang t\u00f4i c\u00f3 ch\u1ea5t l\u01b0\u1ee3ng \u0111\u1ea3m b\u1ea3o v\u00e0 bao b\u00ec \u0111\u1eb9p.<br \/>\n2. V\u00ec t\u1ea5t c\u1ea3 c\u00e1c b\u1ed9 ph\u1eadn ch\u00fang t\u00f4i \u0111\u00e3 ki\u1ec3m tra tr\u01b0\u1edbc khi v\u1eadn chuy\u1ec3n, v\u00ec v\u1eady n\u1ebfu b\u1ea1n th\u1ea5y m\u1ed9t s\u1ed1 b\u1ed9 ph\u1eadn b\u1ecb thi\u1ebfu ho\u1eb7c h\u01b0 h\u1ecfng, \u0111\u1eebng lo l\u1eafng v\u00e0 ch\u1ec9 c\u1ea7n vui l\u00f2ng li\u00ean h\u1ec7 v\u1edbi ch\u00fang t\u00f4i v\u00e0 ch\u00fang t\u00f4i c\u00f3 th\u1ec3 g\u1eedi l\u1ea1i mi\u1ec5n ph\u00ed cho b\u1ea1n ngay l\u1eadp t\u1ee9c.<\/p>\n<figure id=\"attachment_26032\" aria-describedby=\"caption-attachment-26032\" style=\"width: 800px\" class=\"wp-caption aligncenter\"><img fetchpriority=\"high\" decoding=\"async\" class=\"wp-image-26032 size-full\" src=\"https:\/\/mouldking.store\/wp-content\/uploads\/2021\/10\/SY-8601-Porsche-919-with-1200-pieces-1.jpg\" alt=\"SY 8601 Porsche 919 with 1200 pieces\" width=\"800\" height=\"800\" title=\"-\" srcset=\"https:\/\/mouldking.store\/wp-content\/uploads\/2021\/10\/SY-8601-Porsche-919-with-1200-pieces-1.jpg 800w, https:\/\/mouldking.store\/wp-content\/uploads\/2021\/10\/SY-8601-Porsche-919-with-1200-pieces-1-300x300.jpg 300w, https:\/\/mouldking.store\/wp-content\/uploads\/2021\/10\/SY-8601-Porsche-919-with-1200-pieces-1-768x768.jpg 768w, https:\/\/mouldking.store\/wp-content\/uploads\/2021\/10\/SY-8601-Porsche-919-with-1200-pieces-1-600x600.jpg 600w, https:\/\/mouldking.store\/wp-content\/uploads\/2021\/10\/SY-8601-Porsche-919-with-1200-pieces-1-150x150.jpg 150w\" sizes=\"(max-width: 800px) 100vw, 800px\" \/><figcaption id=\"caption-attachment-26032\" class=\"wp-caption-text\">SY 8601 Porsche 919 v\u1edbi 1200 c\u00e1i<\/figcaption><\/figure>\n<figure id=\"attachment_26040\" aria-describedby=\"caption-attachment-26040\" style=\"width: 695px\" class=\"wp-caption aligncenter\"><img decoding=\"async\" class=\"wp-image-26040 size-full\" src=\"https:\/\/mouldking.store\/wp-content\/uploads\/2021\/10\/SY-8601-Porsche-919-with-1200-pieces-9.jpg\" alt=\"SY 8601 Porsche 919 with 1200 pieces\" width=\"695\" height=\"1024\" title=\"-\" srcset=\"https:\/\/mouldking.store\/wp-content\/uploads\/2021\/10\/SY-8601-Porsche-919-with-1200-pieces-9.jpg 695w, https:\/\/mouldking.store\/wp-content\/uploads\/2021\/10\/SY-8601-Porsche-919-with-1200-pieces-9-204x300.jpg 204w, https:\/\/mouldking.store\/wp-content\/uploads\/2021\/10\/SY-8601-Porsche-919-with-1200-pieces-9-300x442.jpg 300w, https:\/\/mouldking.store\/wp-content\/uploads\/2021\/10\/SY-8601-Porsche-919-with-1200-pieces-9-600x884.jpg 600w, https:\/\/mouldking.store\/wp-content\/uploads\/2021\/10\/SY-8601-Porsche-919-with-1200-pieces-9-102x150.jpg 102w\" sizes=\"(max-width: 695px) 100vw, 695px\" \/><figcaption id=\"caption-attachment-26040\" class=\"wp-caption-text\">SY 8601 Porsche 919 v\u1edbi 1200 c\u00e1i<\/figcaption><\/figure>\n<figure id=\"attachment_26041\" aria-describedby=\"caption-attachment-26041\" style=\"width: 768px\" class=\"wp-caption aligncenter\"><img decoding=\"async\" class=\"wp-image-26041 size-full\" src=\"https:\/\/mouldking.store\/wp-content\/uploads\/2021\/10\/SY-8601-Porsche-919-with-1200-pieces-10.jpg\" alt=\"SY 8601 Porsche 919 with 1200 pieces\" width=\"768\" height=\"1024\" title=\"-\" srcset=\"https:\/\/mouldking.store\/wp-content\/uploads\/2021\/10\/SY-8601-Porsche-919-with-1200-pieces-10.jpg 768w, https:\/\/mouldking.store\/wp-content\/uploads\/2021\/10\/SY-8601-Porsche-919-with-1200-pieces-10-225x300.jpg 225w, https:\/\/mouldking.store\/wp-content\/uploads\/2021\/10\/SY-8601-Porsche-919-with-1200-pieces-10-300x400.jpg 300w, https:\/\/mouldking.store\/wp-content\/uploads\/2021\/10\/SY-8601-Porsche-919-with-1200-pieces-10-600x800.jpg 600w, https:\/\/mouldking.store\/wp-content\/uploads\/2021\/10\/SY-8601-Porsche-919-with-1200-pieces-10-113x150.jpg 113w\" sizes=\"(max-width: 768px) 100vw, 768px\" \/><figcaption id=\"caption-attachment-26041\" class=\"wp-caption-text\">SY 8601 Porsche 919 v\u1edbi 1200 c\u00e1i<\/figcaption><\/figure>\n<figure id=\"attachment_26039\" aria-describedby=\"caption-attachment-26039\" style=\"width: 746px\" class=\"wp-caption aligncenter\"><img loading=\"lazy\" decoding=\"async\" class=\"wp-image-26039 size-full\" src=\"https:\/\/mouldking.store\/wp-content\/uploads\/2021\/10\/SY-8601-Porsche-919-with-1200-pieces-8.jpg\" alt=\"SY 8601 Porsche 919 with 1200 pieces\" width=\"746\" height=\"1024\" title=\"-\" srcset=\"https:\/\/mouldking.store\/wp-content\/uploads\/2021\/10\/SY-8601-Porsche-919-with-1200-pieces-8.jpg 746w, https:\/\/mouldking.store\/wp-content\/uploads\/2021\/10\/SY-8601-Porsche-919-with-1200-pieces-8-219x300.jpg 219w, https:\/\/mouldking.store\/wp-content\/uploads\/2021\/10\/SY-8601-Porsche-919-with-1200-pieces-8-300x412.jpg 300w, https:\/\/mouldking.store\/wp-content\/uploads\/2021\/10\/SY-8601-Porsche-919-with-1200-pieces-8-600x824.jpg 600w, https:\/\/mouldking.store\/wp-content\/uploads\/2021\/10\/SY-8601-Porsche-919-with-1200-pieces-8-109x150.jpg 109w\" sizes=\"(max-width: 746px) 100vw, 746px\" \/><figcaption id=\"caption-attachment-26039\" class=\"wp-caption-text\">SY 8601 Porsche 919 v\u1edbi 1200 c\u00e1i<\/figcaption><\/figure>\n<figure id=\"attachment_26038\" aria-describedby=\"caption-attachment-26038\" style=\"width: 763px\" class=\"wp-caption aligncenter\"><img loading=\"lazy\" decoding=\"async\" class=\"wp-image-26038 size-full\" src=\"https:\/\/mouldking.store\/wp-content\/uploads\/2021\/10\/SY-8601-Porsche-919-with-1200-pieces-7.jpg\" alt=\"SY 8601 Porsche 919 with 1200 pieces\" width=\"763\" height=\"1024\" title=\"-\" srcset=\"https:\/\/mouldking.store\/wp-content\/uploads\/2021\/10\/SY-8601-Porsche-919-with-1200-pieces-7.jpg 763w, https:\/\/mouldking.store\/wp-content\/uploads\/2021\/10\/SY-8601-Porsche-919-with-1200-pieces-7-224x300.jpg 224w, https:\/\/mouldking.store\/wp-content\/uploads\/2021\/10\/SY-8601-Porsche-919-with-1200-pieces-7-300x403.jpg 300w, https:\/\/mouldking.store\/wp-content\/uploads\/2021\/10\/SY-8601-Porsche-919-with-1200-pieces-7-600x805.jpg 600w, https:\/\/mouldking.store\/wp-content\/uploads\/2021\/10\/SY-8601-Porsche-919-with-1200-pieces-7-112x150.jpg 112w\" sizes=\"(max-width: 763px) 100vw, 763px\" \/><figcaption id=\"caption-attachment-26038\" class=\"wp-caption-text\">SY 8601 Porsche 919 v\u1edbi 1200 c\u00e1i<\/figcaption><\/figure>\n<figure id=\"attachment_26036\" aria-describedby=\"caption-attachment-26036\" style=\"width: 702px\" class=\"wp-caption aligncenter\"><img loading=\"lazy\" decoding=\"async\" class=\"wp-image-26036 size-full\" src=\"https:\/\/mouldking.store\/wp-content\/uploads\/2021\/10\/SY-8601-Porsche-919-with-1200-pieces-5.jpg\" alt=\"SY 8601 Porsche 919 with 1200 pieces\" width=\"702\" height=\"1024\" title=\"-\" srcset=\"https:\/\/mouldking.store\/wp-content\/uploads\/2021\/10\/SY-8601-Porsche-919-with-1200-pieces-5.jpg 702w, https:\/\/mouldking.store\/wp-content\/uploads\/2021\/10\/SY-8601-Porsche-919-with-1200-pieces-5-206x300.jpg 206w, https:\/\/mouldking.store\/wp-content\/uploads\/2021\/10\/SY-8601-Porsche-919-with-1200-pieces-5-300x438.jpg 300w, https:\/\/mouldking.store\/wp-content\/uploads\/2021\/10\/SY-8601-Porsche-919-with-1200-pieces-5-600x875.jpg 600w, https:\/\/mouldking.store\/wp-content\/uploads\/2021\/10\/SY-8601-Porsche-919-with-1200-pieces-5-103x150.jpg 103w\" sizes=\"(max-width: 702px) 100vw, 702px\" \/><figcaption id=\"caption-attachment-26036\" class=\"wp-caption-text\">SY 8601 Porsche 919 v\u1edbi 1200 c\u00e1i<\/figcaption><\/figure>\n<figure id=\"attachment_26037\" aria-describedby=\"caption-attachment-26037\" style=\"width: 697px\" class=\"wp-caption aligncenter\"><img loading=\"lazy\" decoding=\"async\" class=\"wp-image-26037 size-full\" src=\"https:\/\/mouldking.store\/wp-content\/uploads\/2021\/10\/SY-8601-Porsche-919-with-1200-pieces-6.jpg\" alt=\"SY 8601 Porsche 919 with 1200 pieces\" width=\"697\" height=\"1023\" title=\"-\" srcset=\"https:\/\/mouldking.store\/wp-content\/uploads\/2021\/10\/SY-8601-Porsche-919-with-1200-pieces-6.jpg 697w, https:\/\/mouldking.store\/wp-content\/uploads\/2021\/10\/SY-8601-Porsche-919-with-1200-pieces-6-204x300.jpg 204w, https:\/\/mouldking.store\/wp-content\/uploads\/2021\/10\/SY-8601-Porsche-919-with-1200-pieces-6-300x440.jpg 300w, https:\/\/mouldking.store\/wp-content\/uploads\/2021\/10\/SY-8601-Porsche-919-with-1200-pieces-6-600x881.jpg 600w, https:\/\/mouldking.store\/wp-content\/uploads\/2021\/10\/SY-8601-Porsche-919-with-1200-pieces-6-102x150.jpg 102w\" sizes=\"(max-width: 697px) 100vw, 697px\" \/><figcaption id=\"caption-attachment-26037\" class=\"wp-caption-text\">SY 8601 Porsche 919 v\u1edbi 1200 c\u00e1i<\/figcaption><\/figure>\n<figure id=\"attachment_26035\" aria-describedby=\"caption-attachment-26035\" style=\"width: 561px\" class=\"wp-caption aligncenter\"><img loading=\"lazy\" decoding=\"async\" class=\"wp-image-26035 size-full\" src=\"https:\/\/mouldking.store\/wp-content\/uploads\/2021\/10\/SY-8601-Porsche-919-with-1200-pieces-4.jpg\" alt=\"SY 8601 Porsche 919 with 1200 pieces\" width=\"561\" height=\"1024\" title=\"-\" srcset=\"https:\/\/mouldking.store\/wp-content\/uploads\/2021\/10\/SY-8601-Porsche-919-with-1200-pieces-4.jpg 561w, https:\/\/mouldking.store\/wp-content\/uploads\/2021\/10\/SY-8601-Porsche-919-with-1200-pieces-4-164x300.jpg 164w, https:\/\/mouldking.store\/wp-content\/uploads\/2021\/10\/SY-8601-Porsche-919-with-1200-pieces-4-300x548.jpg 300w, https:\/\/mouldking.store\/wp-content\/uploads\/2021\/10\/SY-8601-Porsche-919-with-1200-pieces-4-82x150.jpg 82w\" sizes=\"(max-width: 561px) 100vw, 561px\" \/><figcaption id=\"caption-attachment-26035\" class=\"wp-caption-text\">SY 8601 Porsche 919 v\u1edbi 1200 c\u00e1i<\/figcaption><\/figure>\n<figure id=\"attachment_26034\" aria-describedby=\"caption-attachment-26034\" style=\"width: 800px\" class=\"wp-caption aligncenter\"><img loading=\"lazy\" decoding=\"async\" class=\"wp-image-26034 size-full\" src=\"https:\/\/mouldking.store\/wp-content\/uploads\/2021\/10\/SY-8601-Porsche-919-with-1200-pieces-3.jpg\" alt=\"SY 8601 Porsche 919 with 1200 pieces\" width=\"800\" height=\"745\" title=\"-\" srcset=\"https:\/\/mouldking.store\/wp-content\/uploads\/2021\/10\/SY-8601-Porsche-919-with-1200-pieces-3.jpg 800w, https:\/\/mouldking.store\/wp-content\/uploads\/2021\/10\/SY-8601-Porsche-919-with-1200-pieces-3-300x279.jpg 300w, https:\/\/mouldking.store\/wp-content\/uploads\/2021\/10\/SY-8601-Porsche-919-with-1200-pieces-3-768x715.jpg 768w, https:\/\/mouldking.store\/wp-content\/uploads\/2021\/10\/SY-8601-Porsche-919-with-1200-pieces-3-600x559.jpg 600w, https:\/\/mouldking.store\/wp-content\/uploads\/2021\/10\/SY-8601-Porsche-919-with-1200-pieces-3-150x140.jpg 150w\" sizes=\"(max-width: 800px) 100vw, 800px\" \/><figcaption id=\"caption-attachment-26034\" class=\"wp-caption-text\">SY 8601 Porsche 919 v\u1edbi 1200 c\u00e1i<\/figcaption><\/figure>\n<figure id=\"attachment_26033\" aria-describedby=\"caption-attachment-26033\" style=\"width: 800px\" class=\"wp-caption aligncenter\"><img loading=\"lazy\" decoding=\"async\" class=\"wp-image-26033 size-full\" src=\"https:\/\/mouldking.store\/wp-content\/uploads\/2021\/10\/SY-8601-Porsche-919-with-1200-pieces-2.jpg\" alt=\"SY 8601 Porsche 919 with 1200 pieces\" width=\"800\" height=\"602\" title=\"-\" srcset=\"https:\/\/mouldking.store\/wp-content\/uploads\/2021\/10\/SY-8601-Porsche-919-with-1200-pieces-2.jpg 800w, https:\/\/mouldking.store\/wp-content\/uploads\/2021\/10\/SY-8601-Porsche-919-with-1200-pieces-2-300x226.jpg 300w, https:\/\/mouldking.store\/wp-content\/uploads\/2021\/10\/SY-8601-Porsche-919-with-1200-pieces-2-768x578.jpg 768w, https:\/\/mouldking.store\/wp-content\/uploads\/2021\/10\/SY-8601-Porsche-919-with-1200-pieces-2-600x452.jpg 600w, https:\/\/mouldking.store\/wp-content\/uploads\/2021\/10\/SY-8601-Porsche-919-with-1200-pieces-2-150x113.jpg 150w\" sizes=\"(max-width: 800px) 100vw, 800px\" \/><figcaption id=\"caption-attachment-26033\" class=\"wp-caption-text\">SY 8601 Porsche 919 v\u1edbi 1200 c\u00e1i<\/figcaption><\/figure>","protected":false},"excerpt":{"rendered":"<p>Product information: Brand: SY Gender: Unisex Name: Porsche 919 Age Range: &gt; 6 years old Model Number: 8601 Classification: Assemblage Plastic Block Shape: Self-Locking Bricks Material: Plastic Plastic Type: ABS Bricks Blocks: 1200 PCS Contains detailed assembly instructions. Notice: 1. Without an original box, but we guarantee our products have quality assurance and nice packaging. [&hellip;]<\/p>","protected":false},"featured_media":26032,"comment_status":"open","ping_status":"closed","template":"","meta":{"_acf_changed":false},"product_cat":[364],"product_tag":[2753,2755,2754,551,1416,2751,2756,2750,2757,2752],"class_list":["product","first","instock","shipping-taxable","purchasable","product-type-simple"],"acf":[],"_links":{"self":[{"href":"https:\/\/mouldking.store\/vi\/wp-json\/wp\/v2\/product\/26030","targetHints":{"allow":["GET"]}}],"collection":[{"href":"https:\/\/mouldking.store\/vi\/wp-json\/wp\/v2\/product"}],"about":[{"href":"https:\/\/mouldking.store\/vi\/wp-json\/wp\/v2\/types\/product"}],"replies":[{"embeddable":true,"href":"https:\/\/mouldking.store\/vi\/wp-json\/wp\/v2\/comments?post=26030"}],"wp:featuredmedia":[{"embeddable":true,"href":"https:\/\/mouldking.store\/vi\/wp-json\/wp\/v2\/media\/26032"}],"wp:attachment":[{"href":"https:\/\/mouldking.store\/vi\/wp-json\/wp\/v2\/media?parent=26030"}],"wp:term":[{"taxonomy":"product_cat","embeddable":true,"href":"https:\/\/mouldking.store\/vi\/wp-json\/wp\/v2\/product_cat?post=26030"},{"taxonomy":"product_tag","embeddable":true,"href":"https:\/\/mouldking.store\/vi\/wp-json\/wp\/v2\/product_tag?post=26030"}],"curies":[{"name":"wp","href":"https:\/\/api.w.org\/{rel}","templated":true}]}}