{"id":26031,"date":"2021-10-27T10:37:12","date_gmt":"2021-10-27T10:37:12","guid":{"rendered":"https:\/\/mouldking.store\/?post_type=product&#038;p=26031"},"modified":"2021-12-23T09:41:47","modified_gmt":"2021-12-23T09:41:47","slug":"urge-50102-medievaltown-barn-with-1724-pieces","status":"publish","type":"product","link":"https:\/\/mouldking.store\/vi\/shop\/urge-50102-medievaltown-barn-with-1724-pieces\/","title":{"rendered":"URGE 50102 Medievaltown Barn v\u1edbi 1724 mi\u1ebfng"},"content":{"rendered":"<p>Th\u00f4ng tin s\u1ea3n ph\u1ea9m:<\/p>\n<ol>\n<li>Th\u01b0\u01a1ng hi\u1ec7u: URGE<\/li>\n<li>Gi\u1edbi t\u00ednh: Unisex<\/li>\n<li>Name: Medievaltown Barn<\/li>\n<li>\u0110\u1ed9 tu\u1ed5i: &gt; 6 tu\u1ed5i<\/li>\n<li>Model Number: 50102<\/li>\n<li>Ph\u00e2n lo\u1ea1i: T\u1eadp h\u1ee3p<\/li>\n<li>H\u00ecnh d\u1ea1ng kh\u1ed1i nh\u1ef1a: G\u1ea1ch t\u1ef1 kh\u00f3a<\/li>\n<li>Ch\u1ea5t li\u1ec7u: Nh\u1ef1a<\/li>\n<li>Lo\u1ea1i nh\u1ef1a: ABS<\/li>\n<li>Bricks Blocks: 1724 PCS<\/li>\n<li>Ch\u1ee9a h\u01b0\u1edbng d\u1eabn l\u1eafp r\u00e1p chi ti\u1ebft.<\/li>\n<\/ol>\n<p>\u0110\u1ec3 \u00fd:<br \/>\n1. Kh\u00f4ng c\u00f3 h\u1ed9p ban \u0111\u1ea7u, nh\u01b0ng ch\u00fang t\u00f4i \u0111\u1ea3m b\u1ea3o s\u1ea3n ph\u1ea9m c\u1ee7a ch\u00fang t\u00f4i c\u00f3 ch\u1ea5t l\u01b0\u1ee3ng \u0111\u1ea3m b\u1ea3o v\u00e0 bao b\u00ec \u0111\u1eb9p.<br \/>\n2. V\u00ec t\u1ea5t c\u1ea3 c\u00e1c b\u1ed9 ph\u1eadn ch\u00fang t\u00f4i \u0111\u00e3 ki\u1ec3m tra tr\u01b0\u1edbc khi v\u1eadn chuy\u1ec3n, v\u00ec v\u1eady n\u1ebfu b\u1ea1n th\u1ea5y m\u1ed9t s\u1ed1 b\u1ed9 ph\u1eadn b\u1ecb thi\u1ebfu ho\u1eb7c h\u01b0 h\u1ecfng, \u0111\u1eebng lo l\u1eafng v\u00e0 ch\u1ec9 c\u1ea7n vui l\u00f2ng li\u00ean h\u1ec7 v\u1edbi ch\u00fang t\u00f4i v\u00e0 ch\u00fang t\u00f4i c\u00f3 th\u1ec3 g\u1eedi l\u1ea1i mi\u1ec5n ph\u00ed cho b\u1ea1n ngay l\u1eadp t\u1ee9c.<\/p>\n<figure id=\"attachment_26050\" aria-describedby=\"caption-attachment-26050\" style=\"width: 582px\" class=\"wp-caption aligncenter\"><img fetchpriority=\"high\" decoding=\"async\" class=\"wp-image-26050 size-full\" src=\"https:\/\/mouldking.store\/wp-content\/uploads\/2021\/10\/URGE-50102-Medievaltown-Barn-with-1724-pieces-8.jpg\" alt=\"URGE 50102 Medievaltown Barn with 1724 pieces\" width=\"582\" height=\"1024\" title=\"-\" srcset=\"https:\/\/mouldking.store\/wp-content\/uploads\/2021\/10\/URGE-50102-Medievaltown-Barn-with-1724-pieces-8.jpg 582w, https:\/\/mouldking.store\/wp-content\/uploads\/2021\/10\/URGE-50102-Medievaltown-Barn-with-1724-pieces-8-171x300.jpg 171w, https:\/\/mouldking.store\/wp-content\/uploads\/2021\/10\/URGE-50102-Medievaltown-Barn-with-1724-pieces-8-300x528.jpg 300w, https:\/\/mouldking.store\/wp-content\/uploads\/2021\/10\/URGE-50102-Medievaltown-Barn-with-1724-pieces-8-85x150.jpg 85w\" sizes=\"(max-width: 582px) 100vw, 582px\" \/><figcaption id=\"caption-attachment-26050\" class=\"wp-caption-text\">URGE 50102 Medievaltown Barn v\u1edbi 1724 mi\u1ebfng<\/figcaption><\/figure>\n<figure id=\"attachment_26049\" aria-describedby=\"caption-attachment-26049\" style=\"width: 596px\" class=\"wp-caption aligncenter\"><img decoding=\"async\" class=\"wp-image-26049 size-full\" src=\"https:\/\/mouldking.store\/wp-content\/uploads\/2021\/10\/URGE-50102-Medievaltown-Barn-with-1724-pieces-7.jpg\" alt=\"URGE 50102 Medievaltown Barn with 1724 pieces\" width=\"596\" height=\"1024\" title=\"-\" srcset=\"https:\/\/mouldking.store\/wp-content\/uploads\/2021\/10\/URGE-50102-Medievaltown-Barn-with-1724-pieces-7.jpg 596w, https:\/\/mouldking.store\/wp-content\/uploads\/2021\/10\/URGE-50102-Medievaltown-Barn-with-1724-pieces-7-175x300.jpg 175w, https:\/\/mouldking.store\/wp-content\/uploads\/2021\/10\/URGE-50102-Medievaltown-Barn-with-1724-pieces-7-300x515.jpg 300w, https:\/\/mouldking.store\/wp-content\/uploads\/2021\/10\/URGE-50102-Medievaltown-Barn-with-1724-pieces-7-87x150.jpg 87w\" sizes=\"(max-width: 596px) 100vw, 596px\" \/><figcaption id=\"caption-attachment-26049\" class=\"wp-caption-text\">URGE 50102 Medievaltown Barn v\u1edbi 1724 mi\u1ebfng<\/figcaption><\/figure>\n<figure id=\"attachment_26048\" aria-describedby=\"caption-attachment-26048\" style=\"width: 540px\" class=\"wp-caption aligncenter\"><img decoding=\"async\" class=\"wp-image-26048 size-full\" src=\"https:\/\/mouldking.store\/wp-content\/uploads\/2021\/10\/URGE-50102-Medievaltown-Barn-with-1724-pieces-6.jpg\" alt=\"URGE 50102 Medievaltown Barn with 1724 pieces\" width=\"540\" height=\"1024\" title=\"-\" srcset=\"https:\/\/mouldking.store\/wp-content\/uploads\/2021\/10\/URGE-50102-Medievaltown-Barn-with-1724-pieces-6.jpg 540w, https:\/\/mouldking.store\/wp-content\/uploads\/2021\/10\/URGE-50102-Medievaltown-Barn-with-1724-pieces-6-158x300.jpg 158w, https:\/\/mouldking.store\/wp-content\/uploads\/2021\/10\/URGE-50102-Medievaltown-Barn-with-1724-pieces-6-300x569.jpg 300w, https:\/\/mouldking.store\/wp-content\/uploads\/2021\/10\/URGE-50102-Medievaltown-Barn-with-1724-pieces-6-79x150.jpg 79w\" sizes=\"(max-width: 540px) 100vw, 540px\" \/><figcaption id=\"caption-attachment-26048\" class=\"wp-caption-text\">URGE 50102 Medievaltown Barn v\u1edbi 1724 mi\u1ebfng<\/figcaption><\/figure>\n<figure id=\"attachment_26047\" aria-describedby=\"caption-attachment-26047\" style=\"width: 666px\" class=\"wp-caption aligncenter\"><img loading=\"lazy\" decoding=\"async\" class=\"wp-image-26047 size-full\" src=\"https:\/\/mouldking.store\/wp-content\/uploads\/2021\/10\/URGE-50102-Medievaltown-Barn-with-1724-pieces-5.jpg\" alt=\"URGE 50102 Medievaltown Barn with 1724 pieces\" width=\"666\" height=\"1024\" title=\"-\" srcset=\"https:\/\/mouldking.store\/wp-content\/uploads\/2021\/10\/URGE-50102-Medievaltown-Barn-with-1724-pieces-5.jpg 666w, https:\/\/mouldking.store\/wp-content\/uploads\/2021\/10\/URGE-50102-Medievaltown-Barn-with-1724-pieces-5-195x300.jpg 195w, https:\/\/mouldking.store\/wp-content\/uploads\/2021\/10\/URGE-50102-Medievaltown-Barn-with-1724-pieces-5-300x461.jpg 300w, https:\/\/mouldking.store\/wp-content\/uploads\/2021\/10\/URGE-50102-Medievaltown-Barn-with-1724-pieces-5-600x923.jpg 600w, https:\/\/mouldking.store\/wp-content\/uploads\/2021\/10\/URGE-50102-Medievaltown-Barn-with-1724-pieces-5-98x150.jpg 98w\" sizes=\"(max-width: 666px) 100vw, 666px\" \/><figcaption id=\"caption-attachment-26047\" class=\"wp-caption-text\">URGE 50102 Medievaltown Barn v\u1edbi 1724 mi\u1ebfng<\/figcaption><\/figure>\n<figure id=\"attachment_26046\" aria-describedby=\"caption-attachment-26046\" style=\"width: 750px\" class=\"wp-caption aligncenter\"><img loading=\"lazy\" decoding=\"async\" class=\"wp-image-26046 size-full\" src=\"https:\/\/mouldking.store\/wp-content\/uploads\/2021\/10\/URGE-50102-Medievaltown-Barn-with-1724-pieces-4.jpg\" alt=\"URGE 50102 Medievaltown Barn with 1724 pieces\" width=\"750\" height=\"941\" title=\"-\" srcset=\"https:\/\/mouldking.store\/wp-content\/uploads\/2021\/10\/URGE-50102-Medievaltown-Barn-with-1724-pieces-4.jpg 750w, https:\/\/mouldking.store\/wp-content\/uploads\/2021\/10\/URGE-50102-Medievaltown-Barn-with-1724-pieces-4-239x300.jpg 239w, https:\/\/mouldking.store\/wp-content\/uploads\/2021\/10\/URGE-50102-Medievaltown-Barn-with-1724-pieces-4-300x376.jpg 300w, https:\/\/mouldking.store\/wp-content\/uploads\/2021\/10\/URGE-50102-Medievaltown-Barn-with-1724-pieces-4-600x753.jpg 600w, https:\/\/mouldking.store\/wp-content\/uploads\/2021\/10\/URGE-50102-Medievaltown-Barn-with-1724-pieces-4-120x150.jpg 120w\" sizes=\"(max-width: 750px) 100vw, 750px\" \/><figcaption id=\"caption-attachment-26046\" class=\"wp-caption-text\">URGE 50102 Medievaltown Barn v\u1edbi 1724 mi\u1ebfng<\/figcaption><\/figure>\n<figure id=\"attachment_26045\" aria-describedby=\"caption-attachment-26045\" style=\"width: 750px\" class=\"wp-caption aligncenter\"><img loading=\"lazy\" decoding=\"async\" class=\"wp-image-26045 size-full\" src=\"https:\/\/mouldking.store\/wp-content\/uploads\/2021\/10\/URGE-50102-Medievaltown-Barn-with-1724-pieces-3.jpg\" alt=\"URGE 50102 Medievaltown Barn with 1724 pieces\" width=\"750\" height=\"837\" title=\"-\" srcset=\"https:\/\/mouldking.store\/wp-content\/uploads\/2021\/10\/URGE-50102-Medievaltown-Barn-with-1724-pieces-3.jpg 750w, https:\/\/mouldking.store\/wp-content\/uploads\/2021\/10\/URGE-50102-Medievaltown-Barn-with-1724-pieces-3-269x300.jpg 269w, https:\/\/mouldking.store\/wp-content\/uploads\/2021\/10\/URGE-50102-Medievaltown-Barn-with-1724-pieces-3-300x335.jpg 300w, https:\/\/mouldking.store\/wp-content\/uploads\/2021\/10\/URGE-50102-Medievaltown-Barn-with-1724-pieces-3-600x670.jpg 600w, https:\/\/mouldking.store\/wp-content\/uploads\/2021\/10\/URGE-50102-Medievaltown-Barn-with-1724-pieces-3-134x150.jpg 134w\" sizes=\"(max-width: 750px) 100vw, 750px\" \/><figcaption id=\"caption-attachment-26045\" class=\"wp-caption-text\">URGE 50102 Medievaltown Barn v\u1edbi 1724 mi\u1ebfng<\/figcaption><\/figure>\n<figure id=\"attachment_26044\" aria-describedby=\"caption-attachment-26044\" style=\"width: 750px\" class=\"wp-caption aligncenter\"><img loading=\"lazy\" decoding=\"async\" class=\"wp-image-26044 size-full\" src=\"https:\/\/mouldking.store\/wp-content\/uploads\/2021\/10\/URGE-50102-Medievaltown-Barn-with-1724-pieces-2.jpg\" alt=\"URGE 50102 Medievaltown Barn with 1724 pieces\" width=\"750\" height=\"749\" title=\"-\" srcset=\"https:\/\/mouldking.store\/wp-content\/uploads\/2021\/10\/URGE-50102-Medievaltown-Barn-with-1724-pieces-2.jpg 750w, https:\/\/mouldking.store\/wp-content\/uploads\/2021\/10\/URGE-50102-Medievaltown-Barn-with-1724-pieces-2-300x300.jpg 300w, https:\/\/mouldking.store\/wp-content\/uploads\/2021\/10\/URGE-50102-Medievaltown-Barn-with-1724-pieces-2-600x599.jpg 600w, https:\/\/mouldking.store\/wp-content\/uploads\/2021\/10\/URGE-50102-Medievaltown-Barn-with-1724-pieces-2-150x150.jpg 150w\" sizes=\"(max-width: 750px) 100vw, 750px\" \/><figcaption id=\"caption-attachment-26044\" class=\"wp-caption-text\">URGE 50102 Medievaltown Barn v\u1edbi 1724 mi\u1ebfng<\/figcaption><\/figure>","protected":false},"excerpt":{"rendered":"<p>Product information: Brand: URGE Gender: Unisex Name: Medievaltown Barn Age Range: &gt; 6 years old Model Number: 50102 Classification: Assemblage Plastic Block Shape: Self-Locking Bricks Material: Plastic Plastic Type: ABS Bricks Blocks: 1724 PCS Contains detailed assembly instructions. Notice: 1. Without an original box, but we guarantee our products have quality assurance and nice packaging. [&hellip;]<\/p>","protected":false},"author":105,"featured_media":26043,"comment_status":"open","ping_status":"closed","template":"","meta":{"_acf_changed":false},"product_cat":[390],"product_tag":[2762,2764,2766,2763,2760,1912,2759,2765,2758,2761],"class_list":["product","first","instock","shipping-taxable","purchasable","product-type-simple"],"acf":[],"_links":{"self":[{"href":"https:\/\/mouldking.store\/vi\/wp-json\/wp\/v2\/product\/26031","targetHints":{"allow":["GET"]}}],"collection":[{"href":"https:\/\/mouldking.store\/vi\/wp-json\/wp\/v2\/product"}],"about":[{"href":"https:\/\/mouldking.store\/vi\/wp-json\/wp\/v2\/types\/product"}],"author":[{"embeddable":true,"href":"https:\/\/mouldking.store\/vi\/wp-json\/wp\/v2\/users\/105"}],"replies":[{"embeddable":true,"href":"https:\/\/mouldking.store\/vi\/wp-json\/wp\/v2\/comments?post=26031"}],"wp:featuredmedia":[{"embeddable":true,"href":"https:\/\/mouldking.store\/vi\/wp-json\/wp\/v2\/media\/26043"}],"wp:attachment":[{"href":"https:\/\/mouldking.store\/vi\/wp-json\/wp\/v2\/media?parent=26031"}],"wp:term":[{"taxonomy":"product_cat","embeddable":true,"href":"https:\/\/mouldking.store\/vi\/wp-json\/wp\/v2\/product_cat?post=26031"},{"taxonomy":"product_tag","embeddable":true,"href":"https:\/\/mouldking.store\/vi\/wp-json\/wp\/v2\/product_tag?post=26031"}],"curies":[{"name":"wp","href":"https:\/\/api.w.org\/{rel}","templated":true}]}}