{"id":26042,"date":"2021-10-27T10:46:45","date_gmt":"2021-10-27T10:46:45","guid":{"rendered":"https:\/\/mouldking.store\/?post_type=product&#038;p=26042"},"modified":"2021-12-23T09:41:50","modified_gmt":"2021-12-23T09:41:50","slug":"xingbao-18019-18022-merry-christmas","status":"publish","type":"product","link":"https:\/\/mouldking.store\/vi\/shop\/xingbao-18019-18022-merry-christmas\/","title":{"rendered":"XINGBAO 18019-18022 Gi\u00e1ng sinh vui v\u1ebb"},"content":{"rendered":"<p>Th\u00f4ng tin s\u1ea3n ph\u1ea9m:<\/p>\n<ol>\n<li>Th\u01b0\u01a1ng hi\u1ec7u: XINGBAO<\/li>\n<li>Gi\u1edbi t\u00ednh: Unisex<\/li>\n<li>T\u00ean: Gi\u00e1ng sinh vui v\u1ebb<\/li>\n<li>\u0110\u1ed9 tu\u1ed5i: &gt; 6 tu\u1ed5i<\/li>\n<li>S\u1ed1 m\u00f4 h\u00ecnh: 18019-18022<\/li>\n<li>Ph\u00e2n lo\u1ea1i: T\u1eadp h\u1ee3p<\/li>\n<li>H\u00ecnh d\u1ea1ng kh\u1ed1i nh\u1ef1a: G\u1ea1ch t\u1ef1 kh\u00f3a<\/li>\n<li>Ch\u1ea5t li\u1ec7u: Nh\u1ef1a<\/li>\n<li>Lo\u1ea1i nh\u1ef1a: ABS<\/li>\n<li>Ch\u1ee9a h\u01b0\u1edbng d\u1eabn l\u1eafp r\u00e1p chi ti\u1ebft.<\/li>\n<\/ol>\n<p>\u0110\u1ec3 \u00fd:<br \/>\n1. Kh\u00f4ng c\u00f3 h\u1ed9p ban \u0111\u1ea7u, nh\u01b0ng ch\u00fang t\u00f4i \u0111\u1ea3m b\u1ea3o s\u1ea3n ph\u1ea9m c\u1ee7a ch\u00fang t\u00f4i c\u00f3 ch\u1ea5t l\u01b0\u1ee3ng \u0111\u1ea3m b\u1ea3o v\u00e0 bao b\u00ec \u0111\u1eb9p.<br \/>\n2. V\u00ec t\u1ea5t c\u1ea3 c\u00e1c b\u1ed9 ph\u1eadn ch\u00fang t\u00f4i \u0111\u00e3 ki\u1ec3m tra tr\u01b0\u1edbc khi v\u1eadn chuy\u1ec3n, v\u00ec v\u1eady n\u1ebfu b\u1ea1n th\u1ea5y m\u1ed9t s\u1ed1 b\u1ed9 ph\u1eadn b\u1ecb thi\u1ebfu ho\u1eb7c h\u01b0 h\u1ecfng, \u0111\u1eebng lo l\u1eafng v\u00e0 ch\u1ec9 c\u1ea7n vui l\u00f2ng li\u00ean h\u1ec7 v\u1edbi ch\u00fang t\u00f4i v\u00e0 ch\u00fang t\u00f4i c\u00f3 th\u1ec3 g\u1eedi l\u1ea1i mi\u1ec5n ph\u00ed cho b\u1ea1n ngay l\u1eadp t\u1ee9c.<\/p>\n<figure id=\"attachment_26071\" aria-describedby=\"caption-attachment-26071\" style=\"width: 800px\" class=\"wp-caption aligncenter\"><img fetchpriority=\"high\" decoding=\"async\" class=\"wp-image-26071 size-full\" src=\"https:\/\/mouldking.store\/wp-content\/uploads\/2021\/10\/CREATOR-XINGBAO-18019-18022-Merry-Christmas-20.jpg\" alt=\"XINGBAO 18019-18022 Merry Christmas\" width=\"800\" height=\"800\" title=\"-\" srcset=\"https:\/\/mouldking.store\/wp-content\/uploads\/2021\/10\/CREATOR-XINGBAO-18019-18022-Merry-Christmas-20.jpg 800w, https:\/\/mouldking.store\/wp-content\/uploads\/2021\/10\/CREATOR-XINGBAO-18019-18022-Merry-Christmas-20-300x300.jpg 300w, https:\/\/mouldking.store\/wp-content\/uploads\/2021\/10\/CREATOR-XINGBAO-18019-18022-Merry-Christmas-20-768x768.jpg 768w, https:\/\/mouldking.store\/wp-content\/uploads\/2021\/10\/CREATOR-XINGBAO-18019-18022-Merry-Christmas-20-600x600.jpg 600w, https:\/\/mouldking.store\/wp-content\/uploads\/2021\/10\/CREATOR-XINGBAO-18019-18022-Merry-Christmas-20-150x150.jpg 150w\" sizes=\"(max-width: 800px) 100vw, 800px\" \/><figcaption id=\"caption-attachment-26071\" class=\"wp-caption-text\">XINGBAO 18019-18022 Gi\u00e1ng sinh vui v\u1ebb<\/figcaption><\/figure>\n<figure id=\"attachment_26052\" aria-describedby=\"caption-attachment-26052\" style=\"width: 640px\" class=\"wp-caption aligncenter\"><img decoding=\"async\" class=\"wp-image-26052 size-full\" src=\"https:\/\/mouldking.store\/wp-content\/uploads\/2021\/10\/CREATOR-XINGBAO-18019-18022-Merry-Christmas-2.jpg\" alt=\"XINGBAO 18019-18022 Merry Christmas\" width=\"640\" height=\"640\" title=\"-\" srcset=\"https:\/\/mouldking.store\/wp-content\/uploads\/2021\/10\/CREATOR-XINGBAO-18019-18022-Merry-Christmas-2.jpg 640w, https:\/\/mouldking.store\/wp-content\/uploads\/2021\/10\/CREATOR-XINGBAO-18019-18022-Merry-Christmas-2-300x300.jpg 300w, https:\/\/mouldking.store\/wp-content\/uploads\/2021\/10\/CREATOR-XINGBAO-18019-18022-Merry-Christmas-2-600x600.jpg 600w, https:\/\/mouldking.store\/wp-content\/uploads\/2021\/10\/CREATOR-XINGBAO-18019-18022-Merry-Christmas-2-150x150.jpg 150w\" sizes=\"(max-width: 640px) 100vw, 640px\" \/><figcaption id=\"caption-attachment-26052\" class=\"wp-caption-text\">XINGBAO 18019-18022 Gi\u00e1ng sinh vui v\u1ebb<\/figcaption><\/figure>\n<figure id=\"attachment_26072\" aria-describedby=\"caption-attachment-26072\" style=\"width: 640px\" class=\"wp-caption aligncenter\"><img decoding=\"async\" class=\"wp-image-26072 size-full\" src=\"https:\/\/mouldking.store\/wp-content\/uploads\/2021\/10\/CREATOR-XINGBAO-18019-18022-Merry-Christmas-1.jpg\" alt=\"XINGBAO 18019-18022 Merry Christmas\" width=\"640\" height=\"640\" title=\"-\" srcset=\"https:\/\/mouldking.store\/wp-content\/uploads\/2021\/10\/CREATOR-XINGBAO-18019-18022-Merry-Christmas-1.jpg 640w, https:\/\/mouldking.store\/wp-content\/uploads\/2021\/10\/CREATOR-XINGBAO-18019-18022-Merry-Christmas-1-300x300.jpg 300w, https:\/\/mouldking.store\/wp-content\/uploads\/2021\/10\/CREATOR-XINGBAO-18019-18022-Merry-Christmas-1-600x600.jpg 600w, https:\/\/mouldking.store\/wp-content\/uploads\/2021\/10\/CREATOR-XINGBAO-18019-18022-Merry-Christmas-1-150x150.jpg 150w\" sizes=\"(max-width: 640px) 100vw, 640px\" \/><figcaption id=\"caption-attachment-26072\" class=\"wp-caption-text\">XINGBAO 18019-18022 Gi\u00e1ng sinh vui v\u1ebb<\/figcaption><\/figure>\n<figure id=\"attachment_26053\" aria-describedby=\"caption-attachment-26053\" style=\"width: 640px\" class=\"wp-caption aligncenter\"><img loading=\"lazy\" decoding=\"async\" class=\"wp-image-26053 size-full\" src=\"https:\/\/mouldking.store\/wp-content\/uploads\/2021\/10\/CREATOR-XINGBAO-18019-18022-Merry-Christmas-3.jpg\" alt=\"XINGBAO 18019-18022 Merry Christmas\" width=\"640\" height=\"640\" title=\"-\" srcset=\"https:\/\/mouldking.store\/wp-content\/uploads\/2021\/10\/CREATOR-XINGBAO-18019-18022-Merry-Christmas-3.jpg 640w, https:\/\/mouldking.store\/wp-content\/uploads\/2021\/10\/CREATOR-XINGBAO-18019-18022-Merry-Christmas-3-300x300.jpg 300w, https:\/\/mouldking.store\/wp-content\/uploads\/2021\/10\/CREATOR-XINGBAO-18019-18022-Merry-Christmas-3-600x600.jpg 600w, https:\/\/mouldking.store\/wp-content\/uploads\/2021\/10\/CREATOR-XINGBAO-18019-18022-Merry-Christmas-3-150x150.jpg 150w\" sizes=\"(max-width: 640px) 100vw, 640px\" \/><figcaption id=\"caption-attachment-26053\" class=\"wp-caption-text\">XINGBAO 18019-18022 Gi\u00e1ng sinh vui v\u1ebb<\/figcaption><\/figure>\n<figure id=\"attachment_26066\" aria-describedby=\"caption-attachment-26066\" style=\"width: 828px\" class=\"wp-caption aligncenter\"><img loading=\"lazy\" decoding=\"async\" class=\"wp-image-26066 size-full\" src=\"https:\/\/mouldking.store\/wp-content\/uploads\/2021\/10\/CREATOR-XINGBAO-18019-18022-Merry-Christmas-15.jpg\" alt=\"XINGBAO 18019-18022 Merry Christmas\" width=\"828\" height=\"466\" title=\"-\" srcset=\"https:\/\/mouldking.store\/wp-content\/uploads\/2021\/10\/CREATOR-XINGBAO-18019-18022-Merry-Christmas-15.jpg 828w, https:\/\/mouldking.store\/wp-content\/uploads\/2021\/10\/CREATOR-XINGBAO-18019-18022-Merry-Christmas-15-300x169.jpg 300w, https:\/\/mouldking.store\/wp-content\/uploads\/2021\/10\/CREATOR-XINGBAO-18019-18022-Merry-Christmas-15-768x432.jpg 768w, https:\/\/mouldking.store\/wp-content\/uploads\/2021\/10\/CREATOR-XINGBAO-18019-18022-Merry-Christmas-15-600x338.jpg 600w, https:\/\/mouldking.store\/wp-content\/uploads\/2021\/10\/CREATOR-XINGBAO-18019-18022-Merry-Christmas-15-150x84.jpg 150w\" sizes=\"(max-width: 828px) 100vw, 828px\" \/><figcaption id=\"caption-attachment-26066\" class=\"wp-caption-text\">XINGBAO 18019-18022 Gi\u00e1ng sinh vui v\u1ebb<\/figcaption><\/figure>\n<figure id=\"attachment_26054\" aria-describedby=\"caption-attachment-26054\" style=\"width: 1024px\" class=\"wp-caption aligncenter\"><img loading=\"lazy\" decoding=\"async\" class=\"wp-image-26054 size-full\" src=\"https:\/\/mouldking.store\/wp-content\/uploads\/2021\/10\/CREATOR-XINGBAO-18019-18022-Merry-Christmas-4.jpg\" alt=\"XINGBAO 18019-18022 Merry Christmas\" width=\"1024\" height=\"576\" title=\"-\" srcset=\"https:\/\/mouldking.store\/wp-content\/uploads\/2021\/10\/CREATOR-XINGBAO-18019-18022-Merry-Christmas-4.jpg 1024w, https:\/\/mouldking.store\/wp-content\/uploads\/2021\/10\/CREATOR-XINGBAO-18019-18022-Merry-Christmas-4-300x169.jpg 300w, https:\/\/mouldking.store\/wp-content\/uploads\/2021\/10\/CREATOR-XINGBAO-18019-18022-Merry-Christmas-4-768x432.jpg 768w, https:\/\/mouldking.store\/wp-content\/uploads\/2021\/10\/CREATOR-XINGBAO-18019-18022-Merry-Christmas-4-600x338.jpg 600w, https:\/\/mouldking.store\/wp-content\/uploads\/2021\/10\/CREATOR-XINGBAO-18019-18022-Merry-Christmas-4-150x84.jpg 150w\" sizes=\"(max-width: 1024px) 100vw, 1024px\" \/><figcaption id=\"caption-attachment-26054\" class=\"wp-caption-text\">XINGBAO 18019-18022 Gi\u00e1ng sinh vui v\u1ebb<\/figcaption><\/figure>\n<figure id=\"attachment_26057\" aria-describedby=\"caption-attachment-26057\" style=\"width: 1024px\" class=\"wp-caption aligncenter\"><img loading=\"lazy\" decoding=\"async\" class=\"wp-image-26057 size-full\" src=\"https:\/\/mouldking.store\/wp-content\/uploads\/2021\/10\/CREATOR-XINGBAO-18019-18022-Merry-Christmas-6.jpg\" alt=\"XINGBAO 18019-18022 Merry Christmas\" width=\"1024\" height=\"738\" title=\"-\" srcset=\"https:\/\/mouldking.store\/wp-content\/uploads\/2021\/10\/CREATOR-XINGBAO-18019-18022-Merry-Christmas-6.jpg 1024w, https:\/\/mouldking.store\/wp-content\/uploads\/2021\/10\/CREATOR-XINGBAO-18019-18022-Merry-Christmas-6-300x216.jpg 300w, https:\/\/mouldking.store\/wp-content\/uploads\/2021\/10\/CREATOR-XINGBAO-18019-18022-Merry-Christmas-6-768x554.jpg 768w, https:\/\/mouldking.store\/wp-content\/uploads\/2021\/10\/CREATOR-XINGBAO-18019-18022-Merry-Christmas-6-600x432.jpg 600w, https:\/\/mouldking.store\/wp-content\/uploads\/2021\/10\/CREATOR-XINGBAO-18019-18022-Merry-Christmas-6-150x108.jpg 150w\" sizes=\"(max-width: 1024px) 100vw, 1024px\" \/><figcaption id=\"caption-attachment-26057\" class=\"wp-caption-text\">XINGBAO 18019-18022 Gi\u00e1ng sinh vui v\u1ebb<\/figcaption><\/figure>\n<figure id=\"attachment_26067\" aria-describedby=\"caption-attachment-26067\" style=\"width: 828px\" class=\"wp-caption aligncenter\"><img loading=\"lazy\" decoding=\"async\" class=\"wp-image-26067 size-full\" src=\"https:\/\/mouldking.store\/wp-content\/uploads\/2021\/10\/CREATOR-XINGBAO-18019-18022-Merry-Christmas-16.jpg\" alt=\"XINGBAO 18019-18022 Merry Christmas\" width=\"828\" height=\"596\" title=\"-\" srcset=\"https:\/\/mouldking.store\/wp-content\/uploads\/2021\/10\/CREATOR-XINGBAO-18019-18022-Merry-Christmas-16.jpg 828w, https:\/\/mouldking.store\/wp-content\/uploads\/2021\/10\/CREATOR-XINGBAO-18019-18022-Merry-Christmas-16-300x216.jpg 300w, https:\/\/mouldking.store\/wp-content\/uploads\/2021\/10\/CREATOR-XINGBAO-18019-18022-Merry-Christmas-16-768x553.jpg 768w, https:\/\/mouldking.store\/wp-content\/uploads\/2021\/10\/CREATOR-XINGBAO-18019-18022-Merry-Christmas-16-600x432.jpg 600w, https:\/\/mouldking.store\/wp-content\/uploads\/2021\/10\/CREATOR-XINGBAO-18019-18022-Merry-Christmas-16-150x108.jpg 150w\" sizes=\"(max-width: 828px) 100vw, 828px\" \/><figcaption id=\"caption-attachment-26067\" class=\"wp-caption-text\">XINGBAO 18019-18022 Gi\u00e1ng sinh vui v\u1ebb<\/figcaption><\/figure>\n<figure id=\"attachment_26055\" aria-describedby=\"caption-attachment-26055\" style=\"width: 1024px\" class=\"wp-caption aligncenter\"><img loading=\"lazy\" decoding=\"async\" class=\"wp-image-26055 size-full\" src=\"https:\/\/mouldking.store\/wp-content\/uploads\/2021\/10\/CREATOR-XINGBAO-18019-18022-Merry-Christmas-5.jpg\" alt=\"XINGBAO 18019-18022 Merry Christmas\" width=\"1024\" height=\"738\" title=\"-\" srcset=\"https:\/\/mouldking.store\/wp-content\/uploads\/2021\/10\/CREATOR-XINGBAO-18019-18022-Merry-Christmas-5.jpg 1024w, https:\/\/mouldking.store\/wp-content\/uploads\/2021\/10\/CREATOR-XINGBAO-18019-18022-Merry-Christmas-5-300x216.jpg 300w, https:\/\/mouldking.store\/wp-content\/uploads\/2021\/10\/CREATOR-XINGBAO-18019-18022-Merry-Christmas-5-768x554.jpg 768w, https:\/\/mouldking.store\/wp-content\/uploads\/2021\/10\/CREATOR-XINGBAO-18019-18022-Merry-Christmas-5-600x432.jpg 600w, https:\/\/mouldking.store\/wp-content\/uploads\/2021\/10\/CREATOR-XINGBAO-18019-18022-Merry-Christmas-5-150x108.jpg 150w\" sizes=\"(max-width: 1024px) 100vw, 1024px\" \/><figcaption id=\"caption-attachment-26055\" class=\"wp-caption-text\">XINGBAO 18019-18022 Gi\u00e1ng sinh vui v\u1ebb<\/figcaption><\/figure>\n<figure id=\"attachment_26062\" aria-describedby=\"caption-attachment-26062\" style=\"width: 640px\" class=\"wp-caption aligncenter\"><img loading=\"lazy\" decoding=\"async\" class=\"wp-image-26062 size-full\" src=\"https:\/\/mouldking.store\/wp-content\/uploads\/2021\/10\/CREATOR-XINGBAO-18019-18022-Merry-Christmas-11.jpg\" alt=\"XINGBAO 18019-18022 Merry Christmas\" width=\"640\" height=\"640\" title=\"-\" srcset=\"https:\/\/mouldking.store\/wp-content\/uploads\/2021\/10\/CREATOR-XINGBAO-18019-18022-Merry-Christmas-11.jpg 640w, https:\/\/mouldking.store\/wp-content\/uploads\/2021\/10\/CREATOR-XINGBAO-18019-18022-Merry-Christmas-11-300x300.jpg 300w, https:\/\/mouldking.store\/wp-content\/uploads\/2021\/10\/CREATOR-XINGBAO-18019-18022-Merry-Christmas-11-600x600.jpg 600w, https:\/\/mouldking.store\/wp-content\/uploads\/2021\/10\/CREATOR-XINGBAO-18019-18022-Merry-Christmas-11-150x150.jpg 150w\" sizes=\"(max-width: 640px) 100vw, 640px\" \/><figcaption id=\"caption-attachment-26062\" class=\"wp-caption-text\">XINGBAO 18019-18022 Gi\u00e1ng sinh vui v\u1ebb<\/figcaption><\/figure>\n<figure id=\"attachment_26063\" aria-describedby=\"caption-attachment-26063\" style=\"width: 828px\" class=\"wp-caption aligncenter\"><img loading=\"lazy\" decoding=\"async\" class=\"wp-image-26063 size-full\" src=\"https:\/\/mouldking.store\/wp-content\/uploads\/2021\/10\/CREATOR-XINGBAO-18019-18022-Merry-Christmas-12.jpg\" alt=\"XINGBAO 18019-18022 Merry Christmas\" width=\"828\" height=\"466\" title=\"-\" srcset=\"https:\/\/mouldking.store\/wp-content\/uploads\/2021\/10\/CREATOR-XINGBAO-18019-18022-Merry-Christmas-12.jpg 828w, https:\/\/mouldking.store\/wp-content\/uploads\/2021\/10\/CREATOR-XINGBAO-18019-18022-Merry-Christmas-12-300x169.jpg 300w, https:\/\/mouldking.store\/wp-content\/uploads\/2021\/10\/CREATOR-XINGBAO-18019-18022-Merry-Christmas-12-768x432.jpg 768w, https:\/\/mouldking.store\/wp-content\/uploads\/2021\/10\/CREATOR-XINGBAO-18019-18022-Merry-Christmas-12-600x338.jpg 600w, https:\/\/mouldking.store\/wp-content\/uploads\/2021\/10\/CREATOR-XINGBAO-18019-18022-Merry-Christmas-12-150x84.jpg 150w\" sizes=\"(max-width: 828px) 100vw, 828px\" \/><figcaption id=\"caption-attachment-26063\" class=\"wp-caption-text\">XINGBAO 18019-18022 Gi\u00e1ng sinh vui v\u1ebb<\/figcaption><\/figure>\n<figure id=\"attachment_26064\" aria-describedby=\"caption-attachment-26064\" style=\"width: 828px\" class=\"wp-caption aligncenter\"><img loading=\"lazy\" decoding=\"async\" class=\"wp-image-26064 size-full\" src=\"https:\/\/mouldking.store\/wp-content\/uploads\/2021\/10\/CREATOR-XINGBAO-18019-18022-Merry-Christmas-13.jpg\" alt=\"XINGBAO 18019-18022 Merry Christmas\" width=\"828\" height=\"596\" title=\"-\" srcset=\"https:\/\/mouldking.store\/wp-content\/uploads\/2021\/10\/CREATOR-XINGBAO-18019-18022-Merry-Christmas-13.jpg 828w, https:\/\/mouldking.store\/wp-content\/uploads\/2021\/10\/CREATOR-XINGBAO-18019-18022-Merry-Christmas-13-300x216.jpg 300w, https:\/\/mouldking.store\/wp-content\/uploads\/2021\/10\/CREATOR-XINGBAO-18019-18022-Merry-Christmas-13-768x553.jpg 768w, https:\/\/mouldking.store\/wp-content\/uploads\/2021\/10\/CREATOR-XINGBAO-18019-18022-Merry-Christmas-13-600x432.jpg 600w, https:\/\/mouldking.store\/wp-content\/uploads\/2021\/10\/CREATOR-XINGBAO-18019-18022-Merry-Christmas-13-150x108.jpg 150w\" sizes=\"(max-width: 828px) 100vw, 828px\" \/><figcaption id=\"caption-attachment-26064\" class=\"wp-caption-text\">XINGBAO 18019-18022 Gi\u00e1ng sinh vui v\u1ebb<\/figcaption><\/figure>\n<figure id=\"attachment_26058\" aria-describedby=\"caption-attachment-26058\" style=\"width: 640px\" class=\"wp-caption aligncenter\"><img loading=\"lazy\" decoding=\"async\" class=\"wp-image-26058 size-full\" src=\"https:\/\/mouldking.store\/wp-content\/uploads\/2021\/10\/CREATOR-XINGBAO-18019-18022-Merry-Christmas-7.jpg\" alt=\"XINGBAO 18019-18022 Merry Christmas\" width=\"640\" height=\"640\" title=\"-\" srcset=\"https:\/\/mouldking.store\/wp-content\/uploads\/2021\/10\/CREATOR-XINGBAO-18019-18022-Merry-Christmas-7.jpg 640w, https:\/\/mouldking.store\/wp-content\/uploads\/2021\/10\/CREATOR-XINGBAO-18019-18022-Merry-Christmas-7-300x300.jpg 300w, https:\/\/mouldking.store\/wp-content\/uploads\/2021\/10\/CREATOR-XINGBAO-18019-18022-Merry-Christmas-7-600x600.jpg 600w, https:\/\/mouldking.store\/wp-content\/uploads\/2021\/10\/CREATOR-XINGBAO-18019-18022-Merry-Christmas-7-150x150.jpg 150w\" sizes=\"(max-width: 640px) 100vw, 640px\" \/><figcaption id=\"caption-attachment-26058\" class=\"wp-caption-text\">XINGBAO 18019-18022 Gi\u00e1ng sinh vui v\u1ebb<\/figcaption><\/figure>\n<figure id=\"attachment_26061\" aria-describedby=\"caption-attachment-26061\" style=\"width: 1024px\" class=\"wp-caption aligncenter\"><img loading=\"lazy\" decoding=\"async\" class=\"wp-image-26061 size-full\" src=\"https:\/\/mouldking.store\/wp-content\/uploads\/2021\/10\/CREATOR-XINGBAO-18019-18022-Merry-Christmas-10.jpg\" alt=\"XINGBAO 18019-18022 Merry Christmas\" width=\"1024\" height=\"738\" title=\"-\" srcset=\"https:\/\/mouldking.store\/wp-content\/uploads\/2021\/10\/CREATOR-XINGBAO-18019-18022-Merry-Christmas-10.jpg 1024w, https:\/\/mouldking.store\/wp-content\/uploads\/2021\/10\/CREATOR-XINGBAO-18019-18022-Merry-Christmas-10-300x216.jpg 300w, https:\/\/mouldking.store\/wp-content\/uploads\/2021\/10\/CREATOR-XINGBAO-18019-18022-Merry-Christmas-10-768x554.jpg 768w, https:\/\/mouldking.store\/wp-content\/uploads\/2021\/10\/CREATOR-XINGBAO-18019-18022-Merry-Christmas-10-600x432.jpg 600w, https:\/\/mouldking.store\/wp-content\/uploads\/2021\/10\/CREATOR-XINGBAO-18019-18022-Merry-Christmas-10-150x108.jpg 150w\" sizes=\"(max-width: 1024px) 100vw, 1024px\" \/><figcaption id=\"caption-attachment-26061\" class=\"wp-caption-text\">XINGBAO 18019-18022 Gi\u00e1ng sinh vui v\u1ebb<\/figcaption><\/figure>\n<figure id=\"attachment_26060\" aria-describedby=\"caption-attachment-26060\" style=\"width: 1024px\" class=\"wp-caption aligncenter\"><img loading=\"lazy\" decoding=\"async\" class=\"wp-image-26060 size-full\" src=\"https:\/\/mouldking.store\/wp-content\/uploads\/2021\/10\/CREATOR-XINGBAO-18019-18022-Merry-Christmas-9.jpg\" alt=\"XINGBAO 18019-18022 Merry Christmas\" width=\"1024\" height=\"738\" title=\"-\" srcset=\"https:\/\/mouldking.store\/wp-content\/uploads\/2021\/10\/CREATOR-XINGBAO-18019-18022-Merry-Christmas-9.jpg 1024w, https:\/\/mouldking.store\/wp-content\/uploads\/2021\/10\/CREATOR-XINGBAO-18019-18022-Merry-Christmas-9-300x216.jpg 300w, https:\/\/mouldking.store\/wp-content\/uploads\/2021\/10\/CREATOR-XINGBAO-18019-18022-Merry-Christmas-9-768x554.jpg 768w, https:\/\/mouldking.store\/wp-content\/uploads\/2021\/10\/CREATOR-XINGBAO-18019-18022-Merry-Christmas-9-600x432.jpg 600w, https:\/\/mouldking.store\/wp-content\/uploads\/2021\/10\/CREATOR-XINGBAO-18019-18022-Merry-Christmas-9-150x108.jpg 150w\" sizes=\"(max-width: 1024px) 100vw, 1024px\" \/><figcaption id=\"caption-attachment-26060\" class=\"wp-caption-text\">XINGBAO 18019-18022 Gi\u00e1ng sinh vui v\u1ebb<\/figcaption><\/figure>\n<figure id=\"attachment_26059\" aria-describedby=\"caption-attachment-26059\" style=\"width: 1024px\" class=\"wp-caption aligncenter\"><img loading=\"lazy\" decoding=\"async\" class=\"wp-image-26059 size-full\" src=\"https:\/\/mouldking.store\/wp-content\/uploads\/2021\/10\/CREATOR-XINGBAO-18019-18022-Merry-Christmas-8.jpg\" alt=\"XINGBAO 18019-18022 Merry Christmas\" width=\"1024\" height=\"576\" title=\"-\" srcset=\"https:\/\/mouldking.store\/wp-content\/uploads\/2021\/10\/CREATOR-XINGBAO-18019-18022-Merry-Christmas-8.jpg 1024w, https:\/\/mouldking.store\/wp-content\/uploads\/2021\/10\/CREATOR-XINGBAO-18019-18022-Merry-Christmas-8-300x169.jpg 300w, https:\/\/mouldking.store\/wp-content\/uploads\/2021\/10\/CREATOR-XINGBAO-18019-18022-Merry-Christmas-8-768x432.jpg 768w, https:\/\/mouldking.store\/wp-content\/uploads\/2021\/10\/CREATOR-XINGBAO-18019-18022-Merry-Christmas-8-600x338.jpg 600w, https:\/\/mouldking.store\/wp-content\/uploads\/2021\/10\/CREATOR-XINGBAO-18019-18022-Merry-Christmas-8-150x84.jpg 150w\" sizes=\"(max-width: 1024px) 100vw, 1024px\" \/><figcaption id=\"caption-attachment-26059\" class=\"wp-caption-text\">XINGBAO 18019-18022 Gi\u00e1ng sinh vui v\u1ebb<\/figcaption><\/figure>\n<figure id=\"attachment_26069\" aria-describedby=\"caption-attachment-26069\" style=\"width: 1024px\" class=\"wp-caption aligncenter\"><img loading=\"lazy\" decoding=\"async\" class=\"wp-image-26069 size-full\" src=\"https:\/\/mouldking.store\/wp-content\/uploads\/2021\/10\/CREATOR-XINGBAO-18019-18022-Merry-Christmas-18.jpg\" alt=\"XINGBAO 18019-18022 Merry Christmas\" width=\"1024\" height=\"576\" title=\"-\" srcset=\"https:\/\/mouldking.store\/wp-content\/uploads\/2021\/10\/CREATOR-XINGBAO-18019-18022-Merry-Christmas-18.jpg 1024w, https:\/\/mouldking.store\/wp-content\/uploads\/2021\/10\/CREATOR-XINGBAO-18019-18022-Merry-Christmas-18-300x169.jpg 300w, https:\/\/mouldking.store\/wp-content\/uploads\/2021\/10\/CREATOR-XINGBAO-18019-18022-Merry-Christmas-18-768x432.jpg 768w, https:\/\/mouldking.store\/wp-content\/uploads\/2021\/10\/CREATOR-XINGBAO-18019-18022-Merry-Christmas-18-600x338.jpg 600w, https:\/\/mouldking.store\/wp-content\/uploads\/2021\/10\/CREATOR-XINGBAO-18019-18022-Merry-Christmas-18-150x84.jpg 150w\" sizes=\"(max-width: 1024px) 100vw, 1024px\" \/><figcaption id=\"caption-attachment-26069\" class=\"wp-caption-text\">XINGBAO 18019-18022 Gi\u00e1ng sinh vui v\u1ebb<\/figcaption><\/figure>\n<figure id=\"attachment_26070\" aria-describedby=\"caption-attachment-26070\" style=\"width: 1024px\" class=\"wp-caption aligncenter\"><img loading=\"lazy\" decoding=\"async\" class=\"wp-image-26070 size-full\" src=\"https:\/\/mouldking.store\/wp-content\/uploads\/2021\/10\/CREATOR-XINGBAO-18019-18022-Merry-Christmas-19.jpg\" alt=\"XINGBAO 18019-18022 Merry Christmas\" width=\"1024\" height=\"576\" title=\"-\" srcset=\"https:\/\/mouldking.store\/wp-content\/uploads\/2021\/10\/CREATOR-XINGBAO-18019-18022-Merry-Christmas-19.jpg 1024w, https:\/\/mouldking.store\/wp-content\/uploads\/2021\/10\/CREATOR-XINGBAO-18019-18022-Merry-Christmas-19-300x169.jpg 300w, https:\/\/mouldking.store\/wp-content\/uploads\/2021\/10\/CREATOR-XINGBAO-18019-18022-Merry-Christmas-19-768x432.jpg 768w, https:\/\/mouldking.store\/wp-content\/uploads\/2021\/10\/CREATOR-XINGBAO-18019-18022-Merry-Christmas-19-600x338.jpg 600w, https:\/\/mouldking.store\/wp-content\/uploads\/2021\/10\/CREATOR-XINGBAO-18019-18022-Merry-Christmas-19-150x84.jpg 150w\" sizes=\"(max-width: 1024px) 100vw, 1024px\" \/><figcaption id=\"caption-attachment-26070\" class=\"wp-caption-text\">XINGBAO 18019-18022 Gi\u00e1ng sinh vui v\u1ebb<\/figcaption><\/figure>\n<figure id=\"attachment_26065\" aria-describedby=\"caption-attachment-26065\" style=\"width: 828px\" class=\"wp-caption aligncenter\"><img loading=\"lazy\" decoding=\"async\" class=\"wp-image-26065 size-full\" src=\"https:\/\/mouldking.store\/wp-content\/uploads\/2021\/10\/CREATOR-XINGBAO-18019-18022-Merry-Christmas-14.jpg\" alt=\"XINGBAO 18019-18022 Merry Christmas\" width=\"828\" height=\"596\" title=\"-\" srcset=\"https:\/\/mouldking.store\/wp-content\/uploads\/2021\/10\/CREATOR-XINGBAO-18019-18022-Merry-Christmas-14.jpg 828w, https:\/\/mouldking.store\/wp-content\/uploads\/2021\/10\/CREATOR-XINGBAO-18019-18022-Merry-Christmas-14-300x216.jpg 300w, https:\/\/mouldking.store\/wp-content\/uploads\/2021\/10\/CREATOR-XINGBAO-18019-18022-Merry-Christmas-14-768x553.jpg 768w, https:\/\/mouldking.store\/wp-content\/uploads\/2021\/10\/CREATOR-XINGBAO-18019-18022-Merry-Christmas-14-600x432.jpg 600w, https:\/\/mouldking.store\/wp-content\/uploads\/2021\/10\/CREATOR-XINGBAO-18019-18022-Merry-Christmas-14-150x108.jpg 150w\" sizes=\"(max-width: 828px) 100vw, 828px\" \/><figcaption id=\"caption-attachment-26065\" class=\"wp-caption-text\">XINGBAO 18019-18022 Gi\u00e1ng sinh vui v\u1ebb<\/figcaption><\/figure>","protected":false},"excerpt":{"rendered":"<p>Product information: Brand: XINGBAO Gender: Unisex Name: Merry Christmas Age Range: &gt; 6 years old Model Number: 18019-18022 Classification: Assemblage Plastic Block Shape: Self-Locking Bricks Material: Plastic Plastic Type: ABS Contains detailed assembly instructions. Notice: 1. Without an original box, but we guarantee our products have quality assurance and nice packaging. 2. As all the [&hellip;]<\/p>","protected":false},"featured_media":26071,"comment_status":"open","ping_status":"closed","template":"","meta":{"_acf_changed":false},"product_cat":[371],"product_tag":[1052,2769,1066,1512,2770,2768,2767,2771,2772,2773],"class_list":["product","first","instock","shipping-taxable","purchasable","product-type-variable"],"acf":[],"_links":{"self":[{"href":"https:\/\/mouldking.store\/vi\/wp-json\/wp\/v2\/product\/26042","targetHints":{"allow":["GET"]}}],"collection":[{"href":"https:\/\/mouldking.store\/vi\/wp-json\/wp\/v2\/product"}],"about":[{"href":"https:\/\/mouldking.store\/vi\/wp-json\/wp\/v2\/types\/product"}],"replies":[{"embeddable":true,"href":"https:\/\/mouldking.store\/vi\/wp-json\/wp\/v2\/comments?post=26042"}],"wp:featuredmedia":[{"embeddable":true,"href":"https:\/\/mouldking.store\/vi\/wp-json\/wp\/v2\/media\/26071"}],"wp:attachment":[{"href":"https:\/\/mouldking.store\/vi\/wp-json\/wp\/v2\/media?parent=26042"}],"wp:term":[{"taxonomy":"product_cat","embeddable":true,"href":"https:\/\/mouldking.store\/vi\/wp-json\/wp\/v2\/product_cat?post=26042"},{"taxonomy":"product_tag","embeddable":true,"href":"https:\/\/mouldking.store\/vi\/wp-json\/wp\/v2\/product_tag?post=26042"}],"curies":[{"name":"wp","href":"https:\/\/api.w.org\/{rel}","templated":true}]}}