{"id":26115,"date":"2021-10-28T10:45:35","date_gmt":"2021-10-28T10:45:35","guid":{"rendered":"https:\/\/mouldking.store\/?post_type=product&#038;p=26115"},"modified":"2021-12-23T09:40:55","modified_gmt":"2021-12-23T09:40:55","slug":"panlos-639010-04a-infantry-fighting-vehicle-with-1668-pieces","status":"publish","type":"product","link":"https:\/\/mouldking.store\/vi\/shop\/panlos-639010-04a-infantry-fighting-vehicle-with-1668-pieces\/","title":{"rendered":"Xe chi\u1ebfn \u0111\u1ea5u b\u1ed9 binh PANLOS 639010 04A v\u1edbi 1668 m\u1ea3nh gh\u00e9p"},"content":{"rendered":"<p>Th\u00f4ng tin s\u1ea3n ph\u1ea9m:<\/p>\n<ol>\n<li>Th\u01b0\u01a1ng hi\u1ec7u: PANLOS<\/li>\n<li>Gi\u1edbi t\u00ednh: Unisex<\/li>\n<li>Name: 04A Infantry Fighting Vehicle<\/li>\n<li>\u0110\u1ed9 tu\u1ed5i: &gt; 6 tu\u1ed5i<\/li>\n<li>Model Number: 639010<\/li>\n<li>Ph\u00e2n lo\u1ea1i: T\u1eadp h\u1ee3p<\/li>\n<li>H\u00ecnh d\u1ea1ng kh\u1ed1i nh\u1ef1a: G\u1ea1ch t\u1ef1 kh\u00f3a<\/li>\n<li>Ch\u1ea5t li\u1ec7u: Nh\u1ef1a<\/li>\n<li>Lo\u1ea1i nh\u1ef1a: ABS<\/li>\n<li>Bricks Blocks: 1668 PCS<\/li>\n<li>Ch\u1ee9a h\u01b0\u1edbng d\u1eabn l\u1eafp r\u00e1p chi ti\u1ebft.<\/li>\n<\/ol>\n<p>\u0110\u1ec3 \u00fd:<br \/>\n1. Kh\u00f4ng c\u00f3 h\u1ed9p ban \u0111\u1ea7u, nh\u01b0ng ch\u00fang t\u00f4i \u0111\u1ea3m b\u1ea3o s\u1ea3n ph\u1ea9m c\u1ee7a ch\u00fang t\u00f4i c\u00f3 ch\u1ea5t l\u01b0\u1ee3ng \u0111\u1ea3m b\u1ea3o v\u00e0 bao b\u00ec \u0111\u1eb9p.<br \/>\n2. V\u00ec t\u1ea5t c\u1ea3 c\u00e1c b\u1ed9 ph\u1eadn ch\u00fang t\u00f4i \u0111\u00e3 ki\u1ec3m tra tr\u01b0\u1edbc khi v\u1eadn chuy\u1ec3n, v\u00ec v\u1eady n\u1ebfu b\u1ea1n th\u1ea5y m\u1ed9t s\u1ed1 b\u1ed9 ph\u1eadn b\u1ecb thi\u1ebfu ho\u1eb7c h\u01b0 h\u1ecfng, \u0111\u1eebng lo l\u1eafng v\u00e0 ch\u1ec9 c\u1ea7n vui l\u00f2ng li\u00ean h\u1ec7 v\u1edbi ch\u00fang t\u00f4i v\u00e0 ch\u00fang t\u00f4i c\u00f3 th\u1ec3 g\u1eedi l\u1ea1i mi\u1ec5n ph\u00ed cho b\u1ea1n ngay l\u1eadp t\u1ee9c.<\/p>\n<figure id=\"attachment_26116\" aria-describedby=\"caption-attachment-26116\" style=\"width: 800px\" class=\"wp-caption aligncenter\"><img fetchpriority=\"high\" decoding=\"async\" class=\"wp-image-26116 size-full\" src=\"https:\/\/mouldking.store\/wp-content\/uploads\/2021\/10\/MILITARY-PANLOS-639010-04A-Infantry-Fighting-Vehicle-1.jpg\" alt=\"PANLOS 639010 04A Infantry Fighting Vehicle with 1668 pieces\" width=\"800\" height=\"800\" title=\"-\" srcset=\"https:\/\/mouldking.store\/wp-content\/uploads\/2021\/10\/MILITARY-PANLOS-639010-04A-Infantry-Fighting-Vehicle-1.jpg 800w, https:\/\/mouldking.store\/wp-content\/uploads\/2021\/10\/MILITARY-PANLOS-639010-04A-Infantry-Fighting-Vehicle-1-300x300.jpg 300w, https:\/\/mouldking.store\/wp-content\/uploads\/2021\/10\/MILITARY-PANLOS-639010-04A-Infantry-Fighting-Vehicle-1-768x768.jpg 768w, https:\/\/mouldking.store\/wp-content\/uploads\/2021\/10\/MILITARY-PANLOS-639010-04A-Infantry-Fighting-Vehicle-1-600x600.jpg 600w, https:\/\/mouldking.store\/wp-content\/uploads\/2021\/10\/MILITARY-PANLOS-639010-04A-Infantry-Fighting-Vehicle-1-150x150.jpg 150w\" sizes=\"(max-width: 800px) 100vw, 800px\" \/><figcaption id=\"caption-attachment-26116\" class=\"wp-caption-text\">Xe chi\u1ebfn \u0111\u1ea5u b\u1ed9 binh PANLOS 639010 04A v\u1edbi 1668 m\u1ea3nh gh\u00e9p<\/figcaption><\/figure>\n<figure id=\"attachment_26119\" aria-describedby=\"caption-attachment-26119\" style=\"width: 776px\" class=\"wp-caption aligncenter\"><img decoding=\"async\" class=\"wp-image-26119 size-full\" src=\"https:\/\/mouldking.store\/wp-content\/uploads\/2021\/10\/MILITARY-PANLOS-639010-04A-Infantry-Fighting-Vehicle-4.jpg\" alt=\"PANLOS 639010 04A Infantry Fighting Vehicle with 1668 pieces\" width=\"776\" height=\"1024\" title=\"-\" srcset=\"https:\/\/mouldking.store\/wp-content\/uploads\/2021\/10\/MILITARY-PANLOS-639010-04A-Infantry-Fighting-Vehicle-4.jpg 776w, https:\/\/mouldking.store\/wp-content\/uploads\/2021\/10\/MILITARY-PANLOS-639010-04A-Infantry-Fighting-Vehicle-4-227x300.jpg 227w, https:\/\/mouldking.store\/wp-content\/uploads\/2021\/10\/MILITARY-PANLOS-639010-04A-Infantry-Fighting-Vehicle-4-768x1013.jpg 768w, https:\/\/mouldking.store\/wp-content\/uploads\/2021\/10\/MILITARY-PANLOS-639010-04A-Infantry-Fighting-Vehicle-4-300x396.jpg 300w, https:\/\/mouldking.store\/wp-content\/uploads\/2021\/10\/MILITARY-PANLOS-639010-04A-Infantry-Fighting-Vehicle-4-600x792.jpg 600w, https:\/\/mouldking.store\/wp-content\/uploads\/2021\/10\/MILITARY-PANLOS-639010-04A-Infantry-Fighting-Vehicle-4-114x150.jpg 114w\" sizes=\"(max-width: 776px) 100vw, 776px\" \/><figcaption id=\"caption-attachment-26119\" class=\"wp-caption-text\">Xe chi\u1ebfn \u0111\u1ea5u b\u1ed9 binh PANLOS 639010 04A v\u1edbi 1668 m\u1ea3nh gh\u00e9p<\/figcaption><\/figure>\n<figure id=\"attachment_26121\" aria-describedby=\"caption-attachment-26121\" style=\"width: 790px\" class=\"wp-caption aligncenter\"><img decoding=\"async\" class=\"wp-image-26121 size-full\" src=\"https:\/\/mouldking.store\/wp-content\/uploads\/2021\/10\/MILITARY-PANLOS-639010-04A-Infantry-Fighting-Vehicle-6.jpg\" alt=\"PANLOS 639010 04A Infantry Fighting Vehicle with 1668 pieces\" width=\"790\" height=\"667\" title=\"-\" srcset=\"https:\/\/mouldking.store\/wp-content\/uploads\/2021\/10\/MILITARY-PANLOS-639010-04A-Infantry-Fighting-Vehicle-6.jpg 790w, https:\/\/mouldking.store\/wp-content\/uploads\/2021\/10\/MILITARY-PANLOS-639010-04A-Infantry-Fighting-Vehicle-6-300x253.jpg 300w, https:\/\/mouldking.store\/wp-content\/uploads\/2021\/10\/MILITARY-PANLOS-639010-04A-Infantry-Fighting-Vehicle-6-768x648.jpg 768w, https:\/\/mouldking.store\/wp-content\/uploads\/2021\/10\/MILITARY-PANLOS-639010-04A-Infantry-Fighting-Vehicle-6-600x507.jpg 600w, https:\/\/mouldking.store\/wp-content\/uploads\/2021\/10\/MILITARY-PANLOS-639010-04A-Infantry-Fighting-Vehicle-6-150x127.jpg 150w\" sizes=\"(max-width: 790px) 100vw, 790px\" \/><figcaption id=\"caption-attachment-26121\" class=\"wp-caption-text\">Xe chi\u1ebfn \u0111\u1ea5u b\u1ed9 binh PANLOS 639010 04A v\u1edbi 1668 m\u1ea3nh gh\u00e9p<\/figcaption><\/figure>\n<figure id=\"attachment_26122\" aria-describedby=\"caption-attachment-26122\" style=\"width: 790px\" class=\"wp-caption aligncenter\"><img loading=\"lazy\" decoding=\"async\" class=\"wp-image-26122 size-full\" src=\"https:\/\/mouldking.store\/wp-content\/uploads\/2021\/10\/MILITARY-PANLOS-639010-04A-Infantry-Fighting-Vehicle-7.jpg\" alt=\"PANLOS 639010 04A Infantry Fighting Vehicle with 1668 pieces\" width=\"790\" height=\"749\" title=\"-\" srcset=\"https:\/\/mouldking.store\/wp-content\/uploads\/2021\/10\/MILITARY-PANLOS-639010-04A-Infantry-Fighting-Vehicle-7.jpg 790w, https:\/\/mouldking.store\/wp-content\/uploads\/2021\/10\/MILITARY-PANLOS-639010-04A-Infantry-Fighting-Vehicle-7-300x284.jpg 300w, https:\/\/mouldking.store\/wp-content\/uploads\/2021\/10\/MILITARY-PANLOS-639010-04A-Infantry-Fighting-Vehicle-7-768x728.jpg 768w, https:\/\/mouldking.store\/wp-content\/uploads\/2021\/10\/MILITARY-PANLOS-639010-04A-Infantry-Fighting-Vehicle-7-600x569.jpg 600w, https:\/\/mouldking.store\/wp-content\/uploads\/2021\/10\/MILITARY-PANLOS-639010-04A-Infantry-Fighting-Vehicle-7-150x142.jpg 150w\" sizes=\"(max-width: 790px) 100vw, 790px\" \/><figcaption id=\"caption-attachment-26122\" class=\"wp-caption-text\">Xe chi\u1ebfn \u0111\u1ea5u b\u1ed9 binh PANLOS 639010 04A v\u1edbi 1668 m\u1ea3nh gh\u00e9p<\/figcaption><\/figure>\n<figure id=\"attachment_26117\" aria-describedby=\"caption-attachment-26117\" style=\"width: 790px\" class=\"wp-caption aligncenter\"><img loading=\"lazy\" decoding=\"async\" class=\"wp-image-26117 size-full\" src=\"https:\/\/mouldking.store\/wp-content\/uploads\/2021\/10\/MILITARY-PANLOS-639010-04A-Infantry-Fighting-Vehicle-2.jpg\" alt=\"PANLOS 639010 04A Infantry Fighting Vehicle with 1668 pieces\" width=\"790\" height=\"513\" title=\"-\" srcset=\"https:\/\/mouldking.store\/wp-content\/uploads\/2021\/10\/MILITARY-PANLOS-639010-04A-Infantry-Fighting-Vehicle-2.jpg 790w, https:\/\/mouldking.store\/wp-content\/uploads\/2021\/10\/MILITARY-PANLOS-639010-04A-Infantry-Fighting-Vehicle-2-300x195.jpg 300w, https:\/\/mouldking.store\/wp-content\/uploads\/2021\/10\/MILITARY-PANLOS-639010-04A-Infantry-Fighting-Vehicle-2-768x499.jpg 768w, https:\/\/mouldking.store\/wp-content\/uploads\/2021\/10\/MILITARY-PANLOS-639010-04A-Infantry-Fighting-Vehicle-2-600x390.jpg 600w, https:\/\/mouldking.store\/wp-content\/uploads\/2021\/10\/MILITARY-PANLOS-639010-04A-Infantry-Fighting-Vehicle-2-150x97.jpg 150w\" sizes=\"(max-width: 790px) 100vw, 790px\" \/><figcaption id=\"caption-attachment-26117\" class=\"wp-caption-text\">Xe chi\u1ebfn \u0111\u1ea5u b\u1ed9 binh PANLOS 639010 04A v\u1edbi 1668 m\u1ea3nh gh\u00e9p<\/figcaption><\/figure>\n<figure id=\"attachment_26118\" aria-describedby=\"caption-attachment-26118\" style=\"width: 650px\" class=\"wp-caption aligncenter\"><img loading=\"lazy\" decoding=\"async\" class=\"wp-image-26118\" src=\"https:\/\/mouldking.store\/wp-content\/uploads\/2021\/10\/MILITARY-PANLOS-639010-04A-Infantry-Fighting-Vehicle-3.jpg\" alt=\"PANLOS 639010 04A Infantry Fighting Vehicle with 1668 pieces\" width=\"650\" height=\"1310\" title=\"-\" srcset=\"https:\/\/mouldking.store\/wp-content\/uploads\/2021\/10\/MILITARY-PANLOS-639010-04A-Infantry-Fighting-Vehicle-3.jpg 508w, https:\/\/mouldking.store\/wp-content\/uploads\/2021\/10\/MILITARY-PANLOS-639010-04A-Infantry-Fighting-Vehicle-3-149x300.jpg 149w, https:\/\/mouldking.store\/wp-content\/uploads\/2021\/10\/MILITARY-PANLOS-639010-04A-Infantry-Fighting-Vehicle-3-300x605.jpg 300w, https:\/\/mouldking.store\/wp-content\/uploads\/2021\/10\/MILITARY-PANLOS-639010-04A-Infantry-Fighting-Vehicle-3-74x150.jpg 74w\" sizes=\"(max-width: 650px) 100vw, 650px\" \/><figcaption id=\"caption-attachment-26118\" class=\"wp-caption-text\">Xe chi\u1ebfn \u0111\u1ea5u b\u1ed9 binh PANLOS 639010 04A v\u1edbi 1668 m\u1ea3nh gh\u00e9p<\/figcaption><\/figure>\n<figure id=\"attachment_26123\" aria-describedby=\"caption-attachment-26123\" style=\"width: 790px\" class=\"wp-caption aligncenter\"><img loading=\"lazy\" decoding=\"async\" class=\"wp-image-26123 size-full\" src=\"https:\/\/mouldking.store\/wp-content\/uploads\/2021\/10\/MILITARY-PANLOS-639010-04A-Infantry-Fighting-Vehicle-8.jpg\" alt=\"PANLOS 639010 04A Infantry Fighting Vehicle with 1668 pieces\" width=\"790\" height=\"653\" title=\"-\" srcset=\"https:\/\/mouldking.store\/wp-content\/uploads\/2021\/10\/MILITARY-PANLOS-639010-04A-Infantry-Fighting-Vehicle-8.jpg 790w, https:\/\/mouldking.store\/wp-content\/uploads\/2021\/10\/MILITARY-PANLOS-639010-04A-Infantry-Fighting-Vehicle-8-300x248.jpg 300w, https:\/\/mouldking.store\/wp-content\/uploads\/2021\/10\/MILITARY-PANLOS-639010-04A-Infantry-Fighting-Vehicle-8-768x635.jpg 768w, https:\/\/mouldking.store\/wp-content\/uploads\/2021\/10\/MILITARY-PANLOS-639010-04A-Infantry-Fighting-Vehicle-8-600x496.jpg 600w, https:\/\/mouldking.store\/wp-content\/uploads\/2021\/10\/MILITARY-PANLOS-639010-04A-Infantry-Fighting-Vehicle-8-150x124.jpg 150w\" sizes=\"(max-width: 790px) 100vw, 790px\" \/><figcaption id=\"caption-attachment-26123\" class=\"wp-caption-text\">Xe chi\u1ebfn \u0111\u1ea5u b\u1ed9 binh PANLOS 639010 04A v\u1edbi 1668 m\u1ea3nh gh\u00e9p<\/figcaption><\/figure>\n<figure id=\"attachment_26120\" aria-describedby=\"caption-attachment-26120\" style=\"width: 790px\" class=\"wp-caption aligncenter\"><img loading=\"lazy\" decoding=\"async\" class=\"wp-image-26120 size-full\" src=\"https:\/\/mouldking.store\/wp-content\/uploads\/2021\/10\/MILITARY-PANLOS-639010-04A-Infantry-Fighting-Vehicle-5.jpg\" alt=\"PANLOS 639010 04A Infantry Fighting Vehicle with 1668 pieces\" width=\"790\" height=\"648\" title=\"-\" srcset=\"https:\/\/mouldking.store\/wp-content\/uploads\/2021\/10\/MILITARY-PANLOS-639010-04A-Infantry-Fighting-Vehicle-5.jpg 790w, https:\/\/mouldking.store\/wp-content\/uploads\/2021\/10\/MILITARY-PANLOS-639010-04A-Infantry-Fighting-Vehicle-5-300x246.jpg 300w, https:\/\/mouldking.store\/wp-content\/uploads\/2021\/10\/MILITARY-PANLOS-639010-04A-Infantry-Fighting-Vehicle-5-768x630.jpg 768w, https:\/\/mouldking.store\/wp-content\/uploads\/2021\/10\/MILITARY-PANLOS-639010-04A-Infantry-Fighting-Vehicle-5-600x492.jpg 600w, https:\/\/mouldking.store\/wp-content\/uploads\/2021\/10\/MILITARY-PANLOS-639010-04A-Infantry-Fighting-Vehicle-5-150x123.jpg 150w\" sizes=\"(max-width: 790px) 100vw, 790px\" \/><figcaption id=\"caption-attachment-26120\" class=\"wp-caption-text\">Xe chi\u1ebfn \u0111\u1ea5u b\u1ed9 binh PANLOS 639010 04A v\u1edbi 1668 m\u1ea3nh gh\u00e9p<\/figcaption><\/figure>","protected":false},"excerpt":{"rendered":"<p>Product information: Brand: PANLOS Gender: Unisex Name: 04A Infantry Fighting Vehicle Age Range: &gt; 6 years old Model Number: 639010 Classification: Assemblage Plastic Block Shape: Self-Locking Bricks Material: Plastic Plastic Type: ABS Bricks Blocks: 1668 PCS Contains detailed assembly instructions. Notice: 1. Without an original box, but we guarantee our products have quality assurance and [&hellip;]<\/p>","protected":false},"featured_media":26116,"comment_status":"open","ping_status":"closed","template":"","meta":{"_acf_changed":false},"product_cat":[372],"product_tag":[2801,2798,2800,2802,1851,2799,2797,2796,2803],"class_list":["product","first","instock","shipping-taxable","purchasable","product-type-simple"],"acf":[],"_links":{"self":[{"href":"https:\/\/mouldking.store\/vi\/wp-json\/wp\/v2\/product\/26115","targetHints":{"allow":["GET"]}}],"collection":[{"href":"https:\/\/mouldking.store\/vi\/wp-json\/wp\/v2\/product"}],"about":[{"href":"https:\/\/mouldking.store\/vi\/wp-json\/wp\/v2\/types\/product"}],"replies":[{"embeddable":true,"href":"https:\/\/mouldking.store\/vi\/wp-json\/wp\/v2\/comments?post=26115"}],"wp:featuredmedia":[{"embeddable":true,"href":"https:\/\/mouldking.store\/vi\/wp-json\/wp\/v2\/media\/26116"}],"wp:attachment":[{"href":"https:\/\/mouldking.store\/vi\/wp-json\/wp\/v2\/media?parent=26115"}],"wp:term":[{"taxonomy":"product_cat","embeddable":true,"href":"https:\/\/mouldking.store\/vi\/wp-json\/wp\/v2\/product_cat?post=26115"},{"taxonomy":"product_tag","embeddable":true,"href":"https:\/\/mouldking.store\/vi\/wp-json\/wp\/v2\/product_tag?post=26115"}],"curies":[{"name":"wp","href":"https:\/\/api.w.org\/{rel}","templated":true}]}}