{"id":26131,"date":"2021-10-28T10:54:43","date_gmt":"2021-10-28T10:54:43","guid":{"rendered":"https:\/\/mouldking.store\/?post_type=product&#038;p=26131"},"modified":"2021-12-23T09:40:55","modified_gmt":"2021-12-23T09:40:55","slug":"cada-c61057-rc-18-ferrari-488-pista-with-3187-pieces","status":"publish","type":"product","link":"https:\/\/mouldking.store\/vi\/shop\/cada-c61057-rc-18-ferrari-488-pista-with-3187-pieces\/","title":{"rendered":"CADA C61057 RC 1:8 Ferrari 488 Pista v\u1edbi 3187 m\u1ea3nh gh\u00e9p"},"content":{"rendered":"<p>Th\u00f4ng tin s\u1ea3n ph\u1ea9m:<\/p>\n<ol>\n<li>Th\u01b0\u01a1ng hi\u1ec7u: CADA<\/li>\n<li>Gi\u1edbi t\u00ednh: Unisex<\/li>\n<li>Name: RC 1:8 Ferrari 488 Pista<\/li>\n<li>\u0110\u1ed9 tu\u1ed5i: &gt; 6 tu\u1ed5i<\/li>\n<li>Model Number: C61057<\/li>\n<li>Ph\u00e2n lo\u1ea1i: T\u1eadp h\u1ee3p<\/li>\n<li>H\u00ecnh d\u1ea1ng kh\u1ed1i nh\u1ef1a: G\u1ea1ch t\u1ef1 kh\u00f3a<\/li>\n<li>Ch\u1ea5t li\u1ec7u: Nh\u1ef1a<\/li>\n<li>Lo\u1ea1i nh\u1ef1a: ABS<\/li>\n<li>Kh\u1ed1i g\u1ea1ch: 3187 C\u00c1I<\/li>\n<li>Ch\u1ee9a h\u01b0\u1edbng d\u1eabn l\u1eafp r\u00e1p chi ti\u1ebft.<\/li>\n<\/ol>\n<p>\u0110\u1ec3 \u00fd:<br \/>\n1. Kh\u00f4ng c\u00f3 h\u1ed9p ban \u0111\u1ea7u, nh\u01b0ng ch\u00fang t\u00f4i \u0111\u1ea3m b\u1ea3o s\u1ea3n ph\u1ea9m c\u1ee7a ch\u00fang t\u00f4i c\u00f3 ch\u1ea5t l\u01b0\u1ee3ng \u0111\u1ea3m b\u1ea3o v\u00e0 bao b\u00ec \u0111\u1eb9p.<br \/>\n2. V\u00ec t\u1ea5t c\u1ea3 c\u00e1c b\u1ed9 ph\u1eadn ch\u00fang t\u00f4i \u0111\u00e3 ki\u1ec3m tra tr\u01b0\u1edbc khi v\u1eadn chuy\u1ec3n, v\u00ec v\u1eady n\u1ebfu b\u1ea1n th\u1ea5y m\u1ed9t s\u1ed1 b\u1ed9 ph\u1eadn b\u1ecb thi\u1ebfu ho\u1eb7c h\u01b0 h\u1ecfng, \u0111\u1eebng lo l\u1eafng v\u00e0 ch\u1ec9 c\u1ea7n vui l\u00f2ng li\u00ean h\u1ec7 v\u1edbi ch\u00fang t\u00f4i v\u00e0 ch\u00fang t\u00f4i c\u00f3 th\u1ec3 g\u1eedi l\u1ea1i mi\u1ec5n ph\u00ed cho b\u1ea1n ngay l\u1eadp t\u1ee9c.<\/p>\n<figure id=\"attachment_26132\" aria-describedby=\"caption-attachment-26132\" style=\"width: 800px\" class=\"wp-caption aligncenter\"><img fetchpriority=\"high\" decoding=\"async\" class=\"wp-image-26132 size-full\" src=\"https:\/\/mouldking.store\/wp-content\/uploads\/2021\/10\/TECHNICIAN-CADA-C61057-RC-18-Ferrari-488-Pista-1.jpg\" alt=\"CADA C61057 RC 1:8 Ferrari 488 Pista with 3187 pieces\" width=\"800\" height=\"800\" title=\"-\" srcset=\"https:\/\/mouldking.store\/wp-content\/uploads\/2021\/10\/TECHNICIAN-CADA-C61057-RC-18-Ferrari-488-Pista-1.jpg 800w, https:\/\/mouldking.store\/wp-content\/uploads\/2021\/10\/TECHNICIAN-CADA-C61057-RC-18-Ferrari-488-Pista-1-300x300.jpg 300w, https:\/\/mouldking.store\/wp-content\/uploads\/2021\/10\/TECHNICIAN-CADA-C61057-RC-18-Ferrari-488-Pista-1-768x768.jpg 768w, https:\/\/mouldking.store\/wp-content\/uploads\/2021\/10\/TECHNICIAN-CADA-C61057-RC-18-Ferrari-488-Pista-1-600x600.jpg 600w, https:\/\/mouldking.store\/wp-content\/uploads\/2021\/10\/TECHNICIAN-CADA-C61057-RC-18-Ferrari-488-Pista-1-150x150.jpg 150w\" sizes=\"(max-width: 800px) 100vw, 800px\" \/><figcaption id=\"caption-attachment-26132\" class=\"wp-caption-text\">CADA C61057 RC 1:8 Ferrari 488 Pista v\u1edbi 3187 m\u1ea3nh gh\u00e9p<\/figcaption><\/figure>\n<figure id=\"attachment_26143\" aria-describedby=\"caption-attachment-26143\" style=\"width: 648px\" class=\"wp-caption aligncenter\"><img decoding=\"async\" class=\"wp-image-26143 size-full\" src=\"https:\/\/mouldking.store\/wp-content\/uploads\/2021\/10\/TECHNICIAN-CADA-C61057-RC-18-Ferrari-488-Pista-12.jpg\" alt=\"CADA C61057 RC 1:8 Ferrari 488 Pista with 3187 pieces\" width=\"648\" height=\"1024\" title=\"-\" srcset=\"https:\/\/mouldking.store\/wp-content\/uploads\/2021\/10\/TECHNICIAN-CADA-C61057-RC-18-Ferrari-488-Pista-12.jpg 648w, https:\/\/mouldking.store\/wp-content\/uploads\/2021\/10\/TECHNICIAN-CADA-C61057-RC-18-Ferrari-488-Pista-12-190x300.jpg 190w, https:\/\/mouldking.store\/wp-content\/uploads\/2021\/10\/TECHNICIAN-CADA-C61057-RC-18-Ferrari-488-Pista-12-300x474.jpg 300w, https:\/\/mouldking.store\/wp-content\/uploads\/2021\/10\/TECHNICIAN-CADA-C61057-RC-18-Ferrari-488-Pista-12-600x948.jpg 600w, https:\/\/mouldking.store\/wp-content\/uploads\/2021\/10\/TECHNICIAN-CADA-C61057-RC-18-Ferrari-488-Pista-12-95x150.jpg 95w\" sizes=\"(max-width: 648px) 100vw, 648px\" \/><figcaption id=\"caption-attachment-26143\" class=\"wp-caption-text\">CADA C61057 RC 1:8 Ferrari 488 Pista v\u1edbi 3187 m\u1ea3nh gh\u00e9p<\/figcaption><\/figure>\n<figure id=\"attachment_26142\" aria-describedby=\"caption-attachment-26142\" style=\"width: 790px\" class=\"wp-caption aligncenter\"><img decoding=\"async\" class=\"wp-image-26142 size-full\" src=\"https:\/\/mouldking.store\/wp-content\/uploads\/2021\/10\/TECHNICIAN-CADA-C61057-RC-18-Ferrari-488-Pista-11.jpg\" alt=\"CADA C61057 RC 1:8 Ferrari 488 Pista with 3187 pieces\" width=\"790\" height=\"737\" title=\"-\" srcset=\"https:\/\/mouldking.store\/wp-content\/uploads\/2021\/10\/TECHNICIAN-CADA-C61057-RC-18-Ferrari-488-Pista-11.jpg 790w, https:\/\/mouldking.store\/wp-content\/uploads\/2021\/10\/TECHNICIAN-CADA-C61057-RC-18-Ferrari-488-Pista-11-300x280.jpg 300w, https:\/\/mouldking.store\/wp-content\/uploads\/2021\/10\/TECHNICIAN-CADA-C61057-RC-18-Ferrari-488-Pista-11-768x716.jpg 768w, https:\/\/mouldking.store\/wp-content\/uploads\/2021\/10\/TECHNICIAN-CADA-C61057-RC-18-Ferrari-488-Pista-11-600x560.jpg 600w, https:\/\/mouldking.store\/wp-content\/uploads\/2021\/10\/TECHNICIAN-CADA-C61057-RC-18-Ferrari-488-Pista-11-150x140.jpg 150w\" sizes=\"(max-width: 790px) 100vw, 790px\" \/><figcaption id=\"caption-attachment-26142\" class=\"wp-caption-text\">CADA C61057 RC 1:8 Ferrari 488 Pista v\u1edbi 3187 m\u1ea3nh gh\u00e9p<\/figcaption><\/figure>\n<figure id=\"attachment_26138\" aria-describedby=\"caption-attachment-26138\" style=\"width: 619px\" class=\"wp-caption aligncenter\"><img loading=\"lazy\" decoding=\"async\" class=\"wp-image-26138 size-full\" src=\"https:\/\/mouldking.store\/wp-content\/uploads\/2021\/10\/TECHNICIAN-CADA-C61057-RC-18-Ferrari-488-Pista-7.jpg\" alt=\"CADA C61057 RC 1:8 Ferrari 488 Pista with 3187 pieces\" width=\"619\" height=\"1024\" title=\"-\" srcset=\"https:\/\/mouldking.store\/wp-content\/uploads\/2021\/10\/TECHNICIAN-CADA-C61057-RC-18-Ferrari-488-Pista-7.jpg 619w, https:\/\/mouldking.store\/wp-content\/uploads\/2021\/10\/TECHNICIAN-CADA-C61057-RC-18-Ferrari-488-Pista-7-181x300.jpg 181w, https:\/\/mouldking.store\/wp-content\/uploads\/2021\/10\/TECHNICIAN-CADA-C61057-RC-18-Ferrari-488-Pista-7-300x496.jpg 300w, https:\/\/mouldking.store\/wp-content\/uploads\/2021\/10\/TECHNICIAN-CADA-C61057-RC-18-Ferrari-488-Pista-7-600x993.jpg 600w, https:\/\/mouldking.store\/wp-content\/uploads\/2021\/10\/TECHNICIAN-CADA-C61057-RC-18-Ferrari-488-Pista-7-91x150.jpg 91w\" sizes=\"(max-width: 619px) 100vw, 619px\" \/><figcaption id=\"caption-attachment-26138\" class=\"wp-caption-text\">CADA C61057 RC 1:8 Ferrari 488 Pista v\u1edbi 3187 m\u1ea3nh gh\u00e9p<\/figcaption><\/figure>\n<figure id=\"attachment_26139\" aria-describedby=\"caption-attachment-26139\" style=\"width: 550px\" class=\"wp-caption aligncenter\"><img loading=\"lazy\" decoding=\"async\" class=\"wp-image-26139\" src=\"https:\/\/mouldking.store\/wp-content\/uploads\/2021\/10\/TECHNICIAN-CADA-C61057-RC-18-Ferrari-488-Pista-8-122x300.jpg\" alt=\"CADA C61057 RC 1:8 Ferrari 488 Pista with 3187 pieces\" width=\"550\" height=\"1354\" title=\"-\" srcset=\"https:\/\/mouldking.store\/wp-content\/uploads\/2021\/10\/TECHNICIAN-CADA-C61057-RC-18-Ferrari-488-Pista-8-122x300.jpg 122w, https:\/\/mouldking.store\/wp-content\/uploads\/2021\/10\/TECHNICIAN-CADA-C61057-RC-18-Ferrari-488-Pista-8-300x738.jpg 300w, https:\/\/mouldking.store\/wp-content\/uploads\/2021\/10\/TECHNICIAN-CADA-C61057-RC-18-Ferrari-488-Pista-8-61x150.jpg 61w, https:\/\/mouldking.store\/wp-content\/uploads\/2021\/10\/TECHNICIAN-CADA-C61057-RC-18-Ferrari-488-Pista-8.jpg 416w\" sizes=\"(max-width: 550px) 100vw, 550px\" \/><figcaption id=\"caption-attachment-26139\" class=\"wp-caption-text\">CADA C61057 RC 1:8 Ferrari 488 Pista v\u1edbi 3187 m\u1ea3nh gh\u00e9p<\/figcaption><\/figure>\n<figure id=\"attachment_26140\" aria-describedby=\"caption-attachment-26140\" style=\"width: 790px\" class=\"wp-caption aligncenter\"><img loading=\"lazy\" decoding=\"async\" class=\"wp-image-26140 size-full\" src=\"https:\/\/mouldking.store\/wp-content\/uploads\/2021\/10\/TECHNICIAN-CADA-C61057-RC-18-Ferrari-488-Pista-9.jpg\" alt=\"CADA C61057 RC 1:8 Ferrari 488 Pista with 3187 pieces\" width=\"790\" height=\"968\" title=\"-\" srcset=\"https:\/\/mouldking.store\/wp-content\/uploads\/2021\/10\/TECHNICIAN-CADA-C61057-RC-18-Ferrari-488-Pista-9.jpg 790w, https:\/\/mouldking.store\/wp-content\/uploads\/2021\/10\/TECHNICIAN-CADA-C61057-RC-18-Ferrari-488-Pista-9-245x300.jpg 245w, https:\/\/mouldking.store\/wp-content\/uploads\/2021\/10\/TECHNICIAN-CADA-C61057-RC-18-Ferrari-488-Pista-9-768x941.jpg 768w, https:\/\/mouldking.store\/wp-content\/uploads\/2021\/10\/TECHNICIAN-CADA-C61057-RC-18-Ferrari-488-Pista-9-300x368.jpg 300w, https:\/\/mouldking.store\/wp-content\/uploads\/2021\/10\/TECHNICIAN-CADA-C61057-RC-18-Ferrari-488-Pista-9-600x735.jpg 600w, https:\/\/mouldking.store\/wp-content\/uploads\/2021\/10\/TECHNICIAN-CADA-C61057-RC-18-Ferrari-488-Pista-9-122x150.jpg 122w\" sizes=\"(max-width: 790px) 100vw, 790px\" \/><figcaption id=\"caption-attachment-26140\" class=\"wp-caption-text\">CADA C61057 RC 1:8 Ferrari 488 Pista v\u1edbi 3187 m\u1ea3nh gh\u00e9p<\/figcaption><\/figure>\n<figure id=\"attachment_26141\" aria-describedby=\"caption-attachment-26141\" style=\"width: 500px\" class=\"wp-caption aligncenter\"><img loading=\"lazy\" decoding=\"async\" class=\"wp-image-26141\" src=\"https:\/\/mouldking.store\/wp-content\/uploads\/2021\/10\/TECHNICIAN-CADA-C61057-RC-18-Ferrari-488-Pista-10-136x300.jpg\" alt=\"CADA C61057 RC 1:8 Ferrari 488 Pista with 3187 pieces\" width=\"500\" height=\"1105\" title=\"-\" srcset=\"https:\/\/mouldking.store\/wp-content\/uploads\/2021\/10\/TECHNICIAN-CADA-C61057-RC-18-Ferrari-488-Pista-10-136x300.jpg 136w, https:\/\/mouldking.store\/wp-content\/uploads\/2021\/10\/TECHNICIAN-CADA-C61057-RC-18-Ferrari-488-Pista-10-300x663.jpg 300w, https:\/\/mouldking.store\/wp-content\/uploads\/2021\/10\/TECHNICIAN-CADA-C61057-RC-18-Ferrari-488-Pista-10-68x150.jpg 68w, https:\/\/mouldking.store\/wp-content\/uploads\/2021\/10\/TECHNICIAN-CADA-C61057-RC-18-Ferrari-488-Pista-10.jpg 463w\" sizes=\"(max-width: 500px) 100vw, 500px\" \/><figcaption id=\"caption-attachment-26141\" class=\"wp-caption-text\">CADA C61057 RC 1:8 Ferrari 488 Pista v\u1edbi 3187 m\u1ea3nh gh\u00e9p<\/figcaption><\/figure>\n<figure id=\"attachment_26134\" aria-describedby=\"caption-attachment-26134\" style=\"width: 645px\" class=\"wp-caption aligncenter\"><img loading=\"lazy\" decoding=\"async\" class=\"wp-image-26134 size-full\" src=\"https:\/\/mouldking.store\/wp-content\/uploads\/2021\/10\/TECHNICIAN-CADA-C61057-RC-18-Ferrari-488-Pista-3.jpg\" alt=\"CADA C61057 RC 1:8 Ferrari 488 Pista with 3187 pieces\" width=\"645\" height=\"1024\" title=\"-\" srcset=\"https:\/\/mouldking.store\/wp-content\/uploads\/2021\/10\/TECHNICIAN-CADA-C61057-RC-18-Ferrari-488-Pista-3.jpg 645w, https:\/\/mouldking.store\/wp-content\/uploads\/2021\/10\/TECHNICIAN-CADA-C61057-RC-18-Ferrari-488-Pista-3-189x300.jpg 189w, https:\/\/mouldking.store\/wp-content\/uploads\/2021\/10\/TECHNICIAN-CADA-C61057-RC-18-Ferrari-488-Pista-3-300x476.jpg 300w, https:\/\/mouldking.store\/wp-content\/uploads\/2021\/10\/TECHNICIAN-CADA-C61057-RC-18-Ferrari-488-Pista-3-600x953.jpg 600w, https:\/\/mouldking.store\/wp-content\/uploads\/2021\/10\/TECHNICIAN-CADA-C61057-RC-18-Ferrari-488-Pista-3-94x150.jpg 94w\" sizes=\"(max-width: 645px) 100vw, 645px\" \/><figcaption id=\"caption-attachment-26134\" class=\"wp-caption-text\">CADA C61057 RC 1:8 Ferrari 488 Pista v\u1edbi 3187 m\u1ea3nh gh\u00e9p<\/figcaption><\/figure>\n<figure id=\"attachment_26137\" aria-describedby=\"caption-attachment-26137\" style=\"width: 760px\" class=\"wp-caption aligncenter\"><img loading=\"lazy\" decoding=\"async\" class=\"wp-image-26137 size-full\" src=\"https:\/\/mouldking.store\/wp-content\/uploads\/2021\/10\/TECHNICIAN-CADA-C61057-RC-18-Ferrari-488-Pista-6.jpg\" alt=\"CADA C61057 RC 1:8 Ferrari 488 Pista with 3187 pieces\" width=\"760\" height=\"1024\" title=\"-\" srcset=\"https:\/\/mouldking.store\/wp-content\/uploads\/2021\/10\/TECHNICIAN-CADA-C61057-RC-18-Ferrari-488-Pista-6.jpg 760w, https:\/\/mouldking.store\/wp-content\/uploads\/2021\/10\/TECHNICIAN-CADA-C61057-RC-18-Ferrari-488-Pista-6-223x300.jpg 223w, https:\/\/mouldking.store\/wp-content\/uploads\/2021\/10\/TECHNICIAN-CADA-C61057-RC-18-Ferrari-488-Pista-6-300x404.jpg 300w, https:\/\/mouldking.store\/wp-content\/uploads\/2021\/10\/TECHNICIAN-CADA-C61057-RC-18-Ferrari-488-Pista-6-600x808.jpg 600w, https:\/\/mouldking.store\/wp-content\/uploads\/2021\/10\/TECHNICIAN-CADA-C61057-RC-18-Ferrari-488-Pista-6-111x150.jpg 111w\" sizes=\"(max-width: 760px) 100vw, 760px\" \/><figcaption id=\"caption-attachment-26137\" class=\"wp-caption-text\">CADA C61057 RC 1:8 Ferrari 488 Pista v\u1edbi 3187 m\u1ea3nh gh\u00e9p<\/figcaption><\/figure>\n<figure id=\"attachment_26135\" aria-describedby=\"caption-attachment-26135\" style=\"width: 556px\" class=\"wp-caption aligncenter\"><img loading=\"lazy\" decoding=\"async\" class=\"wp-image-26135 size-full\" src=\"https:\/\/mouldking.store\/wp-content\/uploads\/2021\/10\/TECHNICIAN-CADA-C61057-RC-18-Ferrari-488-Pista-4.jpg\" alt=\"CADA C61057 RC 1:8 Ferrari 488 Pista with 3187 pieces\" width=\"556\" height=\"1024\" title=\"-\" srcset=\"https:\/\/mouldking.store\/wp-content\/uploads\/2021\/10\/TECHNICIAN-CADA-C61057-RC-18-Ferrari-488-Pista-4.jpg 556w, https:\/\/mouldking.store\/wp-content\/uploads\/2021\/10\/TECHNICIAN-CADA-C61057-RC-18-Ferrari-488-Pista-4-163x300.jpg 163w, https:\/\/mouldking.store\/wp-content\/uploads\/2021\/10\/TECHNICIAN-CADA-C61057-RC-18-Ferrari-488-Pista-4-300x553.jpg 300w, https:\/\/mouldking.store\/wp-content\/uploads\/2021\/10\/TECHNICIAN-CADA-C61057-RC-18-Ferrari-488-Pista-4-81x150.jpg 81w\" sizes=\"(max-width: 556px) 100vw, 556px\" \/><figcaption id=\"caption-attachment-26135\" class=\"wp-caption-text\">CADA C61057 RC 1:8 Ferrari 488 Pista v\u1edbi 3187 m\u1ea3nh gh\u00e9p<\/figcaption><\/figure>\n<figure id=\"attachment_26136\" aria-describedby=\"caption-attachment-26136\" style=\"width: 790px\" class=\"wp-caption aligncenter\"><img loading=\"lazy\" decoding=\"async\" class=\"wp-image-26136 size-full\" src=\"https:\/\/mouldking.store\/wp-content\/uploads\/2021\/10\/TECHNICIAN-CADA-C61057-RC-18-Ferrari-488-Pista-5.jpg\" alt=\"CADA C61057 RC 1:8 Ferrari 488 Pista with 3187 pieces\" width=\"790\" height=\"1019\" title=\"-\" srcset=\"https:\/\/mouldking.store\/wp-content\/uploads\/2021\/10\/TECHNICIAN-CADA-C61057-RC-18-Ferrari-488-Pista-5.jpg 790w, https:\/\/mouldking.store\/wp-content\/uploads\/2021\/10\/TECHNICIAN-CADA-C61057-RC-18-Ferrari-488-Pista-5-233x300.jpg 233w, https:\/\/mouldking.store\/wp-content\/uploads\/2021\/10\/TECHNICIAN-CADA-C61057-RC-18-Ferrari-488-Pista-5-768x991.jpg 768w, https:\/\/mouldking.store\/wp-content\/uploads\/2021\/10\/TECHNICIAN-CADA-C61057-RC-18-Ferrari-488-Pista-5-300x387.jpg 300w, https:\/\/mouldking.store\/wp-content\/uploads\/2021\/10\/TECHNICIAN-CADA-C61057-RC-18-Ferrari-488-Pista-5-600x774.jpg 600w, https:\/\/mouldking.store\/wp-content\/uploads\/2021\/10\/TECHNICIAN-CADA-C61057-RC-18-Ferrari-488-Pista-5-116x150.jpg 116w\" sizes=\"(max-width: 790px) 100vw, 790px\" \/><figcaption id=\"caption-attachment-26136\" class=\"wp-caption-text\">CADA C61057 RC 1:8 Ferrari 488 Pista v\u1edbi 3187 m\u1ea3nh gh\u00e9p<\/figcaption><\/figure>\n<figure id=\"attachment_26133\" aria-describedby=\"caption-attachment-26133\" style=\"width: 664px\" class=\"wp-caption aligncenter\"><img loading=\"lazy\" decoding=\"async\" class=\"wp-image-26133 size-full\" src=\"https:\/\/mouldking.store\/wp-content\/uploads\/2021\/10\/TECHNICIAN-CADA-C61057-RC-18-Ferrari-488-Pista-2.jpg\" alt=\"CADA C61057 RC 1:8 Ferrari 488 Pista with 3187 pieces\" width=\"664\" height=\"1024\" title=\"-\" srcset=\"https:\/\/mouldking.store\/wp-content\/uploads\/2021\/10\/TECHNICIAN-CADA-C61057-RC-18-Ferrari-488-Pista-2.jpg 664w, https:\/\/mouldking.store\/wp-content\/uploads\/2021\/10\/TECHNICIAN-CADA-C61057-RC-18-Ferrari-488-Pista-2-195x300.jpg 195w, https:\/\/mouldking.store\/wp-content\/uploads\/2021\/10\/TECHNICIAN-CADA-C61057-RC-18-Ferrari-488-Pista-2-300x463.jpg 300w, https:\/\/mouldking.store\/wp-content\/uploads\/2021\/10\/TECHNICIAN-CADA-C61057-RC-18-Ferrari-488-Pista-2-600x925.jpg 600w, https:\/\/mouldking.store\/wp-content\/uploads\/2021\/10\/TECHNICIAN-CADA-C61057-RC-18-Ferrari-488-Pista-2-97x150.jpg 97w\" sizes=\"(max-width: 664px) 100vw, 664px\" \/><figcaption id=\"caption-attachment-26133\" class=\"wp-caption-text\">CADA C61057 RC 1:8 Ferrari 488 Pista v\u1edbi 3187 m\u1ea3nh gh\u00e9p<\/figcaption><\/figure>\n<p>&nbsp;<\/p>","protected":false},"excerpt":{"rendered":"<p>Product information: Brand: CADA Gender: Unisex Name: RC 1:8 Ferrari 488 Pista Age Range: &gt; 6 years old Model Number: C61057 Classification: Assemblage Plastic Block Shape: Self-Locking Bricks Material: Plastic Plastic Type: ABS Bricks Blocks: 3187 PCS Contains detailed assembly instructions. Notice: 1. Without an original box, but we guarantee our products have quality assurance [&hellip;]<\/p>","protected":false},"featured_media":26132,"comment_status":"open","ping_status":"closed","template":"","meta":{"_acf_changed":false},"product_cat":[364],"product_tag":[2812,2817,2811,1916,2809,2816,2813,2808,2814,1375,2815,481,2810],"class_list":["product","first","instock","shipping-taxable","purchasable","product-type-simple"],"acf":[],"_links":{"self":[{"href":"https:\/\/mouldking.store\/vi\/wp-json\/wp\/v2\/product\/26131","targetHints":{"allow":["GET"]}}],"collection":[{"href":"https:\/\/mouldking.store\/vi\/wp-json\/wp\/v2\/product"}],"about":[{"href":"https:\/\/mouldking.store\/vi\/wp-json\/wp\/v2\/types\/product"}],"replies":[{"embeddable":true,"href":"https:\/\/mouldking.store\/vi\/wp-json\/wp\/v2\/comments?post=26131"}],"wp:featuredmedia":[{"embeddable":true,"href":"https:\/\/mouldking.store\/vi\/wp-json\/wp\/v2\/media\/26132"}],"wp:attachment":[{"href":"https:\/\/mouldking.store\/vi\/wp-json\/wp\/v2\/media?parent=26131"}],"wp:term":[{"taxonomy":"product_cat","embeddable":true,"href":"https:\/\/mouldking.store\/vi\/wp-json\/wp\/v2\/product_cat?post=26131"},{"taxonomy":"product_tag","embeddable":true,"href":"https:\/\/mouldking.store\/vi\/wp-json\/wp\/v2\/product_tag?post=26131"}],"curies":[{"name":"wp","href":"https:\/\/api.w.org\/{rel}","templated":true}]}}