{"id":26174,"date":"2021-10-28T11:12:39","date_gmt":"2021-10-28T11:12:39","guid":{"rendered":"https:\/\/mouldking.store\/?post_type=product&#038;p=26174"},"modified":"2021-12-23T09:40:55","modified_gmt":"2021-12-23T09:40:55","slug":"ciro-b777-clock-tower-with-866-pieces","status":"publish","type":"product","link":"https:\/\/mouldking.store\/vi\/shop\/ciro-b777-clock-tower-with-866-pieces\/","title":{"rendered":"Th\u00e1p \u0111\u1ed3ng h\u1ed3 CIRO B777 v\u1edbi 866 m\u1ea3nh gh\u00e9p"},"content":{"rendered":"<p>Th\u00f4ng tin s\u1ea3n ph\u1ea9m:<\/p>\n<ol>\n<li>Th\u01b0\u01a1ng hi\u1ec7u: CIRO<\/li>\n<li>Gi\u1edbi t\u00ednh: Unisex<\/li>\n<li>T\u00ean: Th\u00e1p \u0111\u1ed3ng h\u1ed3<\/li>\n<li>\u0110\u1ed9 tu\u1ed5i: &gt; 6 tu\u1ed5i<\/li>\n<li>S\u1ed1 m\u00f4 h\u00ecnh: B777<\/li>\n<li>Ph\u00e2n lo\u1ea1i: T\u1eadp h\u1ee3p<\/li>\n<li>H\u00ecnh d\u1ea1ng kh\u1ed1i nh\u1ef1a: G\u1ea1ch t\u1ef1 kh\u00f3a<\/li>\n<li>Ch\u1ea5t li\u1ec7u: Nh\u1ef1a<\/li>\n<li>Lo\u1ea1i nh\u1ef1a: ABS<\/li>\n<li>Kh\u1ed1i g\u1ea1ch: 866 C\u00c1I<\/li>\n<li>Ch\u1ee9a h\u01b0\u1edbng d\u1eabn l\u1eafp r\u00e1p chi ti\u1ebft.<\/li>\n<\/ol>\n<p>\u0110\u1ec3 \u00fd:<br \/>\n1. Kh\u00f4ng c\u00f3 h\u1ed9p ban \u0111\u1ea7u, nh\u01b0ng ch\u00fang t\u00f4i \u0111\u1ea3m b\u1ea3o s\u1ea3n ph\u1ea9m c\u1ee7a ch\u00fang t\u00f4i c\u00f3 ch\u1ea5t l\u01b0\u1ee3ng \u0111\u1ea3m b\u1ea3o v\u00e0 bao b\u00ec \u0111\u1eb9p.<br \/>\n2. V\u00ec t\u1ea5t c\u1ea3 c\u00e1c b\u1ed9 ph\u1eadn ch\u00fang t\u00f4i \u0111\u00e3 ki\u1ec3m tra tr\u01b0\u1edbc khi v\u1eadn chuy\u1ec3n, v\u00ec v\u1eady n\u1ebfu b\u1ea1n th\u1ea5y m\u1ed9t s\u1ed1 b\u1ed9 ph\u1eadn b\u1ecb thi\u1ebfu ho\u1eb7c h\u01b0 h\u1ecfng, \u0111\u1eebng lo l\u1eafng v\u00e0 ch\u1ec9 c\u1ea7n vui l\u00f2ng li\u00ean h\u1ec7 v\u1edbi ch\u00fang t\u00f4i v\u00e0 ch\u00fang t\u00f4i c\u00f3 th\u1ec3 g\u1eedi l\u1ea1i mi\u1ec5n ph\u00ed cho b\u1ea1n ngay l\u1eadp t\u1ee9c.<\/p>\n<figure id=\"attachment_26175\" aria-describedby=\"caption-attachment-26175\" style=\"width: 800px\" class=\"wp-caption aligncenter\"><img fetchpriority=\"high\" decoding=\"async\" class=\"wp-image-26175 size-full\" src=\"https:\/\/mouldking.store\/wp-content\/uploads\/2021\/10\/CIRO-B777-Clock-Tower-14.jpg\" alt=\"CIRO B777 Clock Tower with 866 pieces\" width=\"800\" height=\"800\" title=\"-\" srcset=\"https:\/\/mouldking.store\/wp-content\/uploads\/2021\/10\/CIRO-B777-Clock-Tower-14.jpg 800w, https:\/\/mouldking.store\/wp-content\/uploads\/2021\/10\/CIRO-B777-Clock-Tower-14-300x300.jpg 300w, https:\/\/mouldking.store\/wp-content\/uploads\/2021\/10\/CIRO-B777-Clock-Tower-14-768x768.jpg 768w, https:\/\/mouldking.store\/wp-content\/uploads\/2021\/10\/CIRO-B777-Clock-Tower-14-600x600.jpg 600w, https:\/\/mouldking.store\/wp-content\/uploads\/2021\/10\/CIRO-B777-Clock-Tower-14-150x150.jpg 150w\" sizes=\"(max-width: 800px) 100vw, 800px\" \/><figcaption id=\"caption-attachment-26175\" class=\"wp-caption-text\">Th\u00e1p \u0111\u1ed3ng h\u1ed3 CIRO B777 v\u1edbi 866 m\u1ea3nh gh\u00e9p<\/figcaption><\/figure>\n<figure id=\"attachment_26188\" aria-describedby=\"caption-attachment-26188\" style=\"width: 800px\" class=\"wp-caption aligncenter\"><img decoding=\"async\" class=\"wp-image-26188\" src=\"https:\/\/mouldking.store\/wp-content\/uploads\/2021\/10\/CIRO-B777-Clock-Tower-13-300x300.jpg\" alt=\"CIRO B777 Clock Tower with 866 pieces\" width=\"800\" height=\"800\" title=\"-\" srcset=\"https:\/\/mouldking.store\/wp-content\/uploads\/2021\/10\/CIRO-B777-Clock-Tower-13-300x300.jpg 300w, https:\/\/mouldking.store\/wp-content\/uploads\/2021\/10\/CIRO-B777-Clock-Tower-13-768x768.jpg 768w, https:\/\/mouldking.store\/wp-content\/uploads\/2021\/10\/CIRO-B777-Clock-Tower-13-600x600.jpg 600w, https:\/\/mouldking.store\/wp-content\/uploads\/2021\/10\/CIRO-B777-Clock-Tower-13-150x150.jpg 150w, https:\/\/mouldking.store\/wp-content\/uploads\/2021\/10\/CIRO-B777-Clock-Tower-13.jpg 1024w\" sizes=\"(max-width: 800px) 100vw, 800px\" \/><figcaption id=\"caption-attachment-26188\" class=\"wp-caption-text\">Th\u00e1p \u0111\u1ed3ng h\u1ed3 CIRO B777 v\u1edbi 866 m\u1ea3nh gh\u00e9p<\/figcaption><\/figure>\n<figure id=\"attachment_26187\" aria-describedby=\"caption-attachment-26187\" style=\"width: 800px\" class=\"wp-caption aligncenter\"><img decoding=\"async\" class=\"wp-image-26187\" src=\"https:\/\/mouldking.store\/wp-content\/uploads\/2021\/10\/CIRO-B777-Clock-Tower-12-300x300.jpg\" alt=\"CIRO B777 Clock Tower with 866 pieces\" width=\"800\" height=\"800\" title=\"-\" srcset=\"https:\/\/mouldking.store\/wp-content\/uploads\/2021\/10\/CIRO-B777-Clock-Tower-12-300x300.jpg 300w, https:\/\/mouldking.store\/wp-content\/uploads\/2021\/10\/CIRO-B777-Clock-Tower-12-768x768.jpg 768w, https:\/\/mouldking.store\/wp-content\/uploads\/2021\/10\/CIRO-B777-Clock-Tower-12-600x600.jpg 600w, https:\/\/mouldking.store\/wp-content\/uploads\/2021\/10\/CIRO-B777-Clock-Tower-12-150x150.jpg 150w, https:\/\/mouldking.store\/wp-content\/uploads\/2021\/10\/CIRO-B777-Clock-Tower-12.jpg 1024w\" sizes=\"(max-width: 800px) 100vw, 800px\" \/><figcaption id=\"caption-attachment-26187\" class=\"wp-caption-text\">Th\u00e1p \u0111\u1ed3ng h\u1ed3 CIRO B777 v\u1edbi 866 m\u1ea3nh gh\u00e9p<\/figcaption><\/figure>\n<figure id=\"attachment_26181\" aria-describedby=\"caption-attachment-26181\" style=\"width: 800px\" class=\"wp-caption aligncenter\"><img loading=\"lazy\" decoding=\"async\" class=\"wp-image-26181 size-full\" src=\"https:\/\/mouldking.store\/wp-content\/uploads\/2021\/10\/CIRO-B777-Clock-Tower-6.jpg\" alt=\"CIRO B777 Clock Tower with 866 pieces\" width=\"800\" height=\"533\" title=\"-\" srcset=\"https:\/\/mouldking.store\/wp-content\/uploads\/2021\/10\/CIRO-B777-Clock-Tower-6.jpg 800w, https:\/\/mouldking.store\/wp-content\/uploads\/2021\/10\/CIRO-B777-Clock-Tower-6-300x200.jpg 300w, https:\/\/mouldking.store\/wp-content\/uploads\/2021\/10\/CIRO-B777-Clock-Tower-6-768x512.jpg 768w, https:\/\/mouldking.store\/wp-content\/uploads\/2021\/10\/CIRO-B777-Clock-Tower-6-600x400.jpg 600w, https:\/\/mouldking.store\/wp-content\/uploads\/2021\/10\/CIRO-B777-Clock-Tower-6-150x100.jpg 150w\" sizes=\"(max-width: 800px) 100vw, 800px\" \/><figcaption id=\"caption-attachment-26181\" class=\"wp-caption-text\">Th\u00e1p \u0111\u1ed3ng h\u1ed3 CIRO B777 v\u1edbi 866 m\u1ea3nh gh\u00e9p<\/figcaption><\/figure>\n<figure id=\"attachment_26182\" aria-describedby=\"caption-attachment-26182\" style=\"width: 800px\" class=\"wp-caption aligncenter\"><img loading=\"lazy\" decoding=\"async\" class=\"wp-image-26182\" src=\"https:\/\/mouldking.store\/wp-content\/uploads\/2021\/10\/CIRO-B777-Clock-Tower-7-300x300.jpg\" alt=\"CIRO B777 Clock Tower with 866 pieces\" width=\"800\" height=\"800\" title=\"-\" srcset=\"https:\/\/mouldking.store\/wp-content\/uploads\/2021\/10\/CIRO-B777-Clock-Tower-7-300x300.jpg 300w, https:\/\/mouldking.store\/wp-content\/uploads\/2021\/10\/CIRO-B777-Clock-Tower-7-768x768.jpg 768w, https:\/\/mouldking.store\/wp-content\/uploads\/2021\/10\/CIRO-B777-Clock-Tower-7-600x600.jpg 600w, https:\/\/mouldking.store\/wp-content\/uploads\/2021\/10\/CIRO-B777-Clock-Tower-7-150x150.jpg 150w, https:\/\/mouldking.store\/wp-content\/uploads\/2021\/10\/CIRO-B777-Clock-Tower-7.jpg 1024w\" sizes=\"(max-width: 800px) 100vw, 800px\" \/><figcaption id=\"caption-attachment-26182\" class=\"wp-caption-text\">Th\u00e1p \u0111\u1ed3ng h\u1ed3 CIRO B777 v\u1edbi 866 m\u1ea3nh gh\u00e9p<\/figcaption><\/figure>\n<figure id=\"attachment_26183\" aria-describedby=\"caption-attachment-26183\" style=\"width: 800px\" class=\"wp-caption aligncenter\"><img loading=\"lazy\" decoding=\"async\" class=\"wp-image-26183\" src=\"https:\/\/mouldking.store\/wp-content\/uploads\/2021\/10\/CIRO-B777-Clock-Tower-8-300x300.jpg\" alt=\"CIRO B777 Clock Tower with 866 pieces\" width=\"800\" height=\"800\" title=\"-\" srcset=\"https:\/\/mouldking.store\/wp-content\/uploads\/2021\/10\/CIRO-B777-Clock-Tower-8-300x300.jpg 300w, https:\/\/mouldking.store\/wp-content\/uploads\/2021\/10\/CIRO-B777-Clock-Tower-8-768x768.jpg 768w, https:\/\/mouldking.store\/wp-content\/uploads\/2021\/10\/CIRO-B777-Clock-Tower-8-600x600.jpg 600w, https:\/\/mouldking.store\/wp-content\/uploads\/2021\/10\/CIRO-B777-Clock-Tower-8-150x150.jpg 150w, https:\/\/mouldking.store\/wp-content\/uploads\/2021\/10\/CIRO-B777-Clock-Tower-8.jpg 1024w\" sizes=\"(max-width: 800px) 100vw, 800px\" \/><figcaption id=\"caption-attachment-26183\" class=\"wp-caption-text\">Th\u00e1p \u0111\u1ed3ng h\u1ed3 CIRO B777 v\u1edbi 866 m\u1ea3nh gh\u00e9p<\/figcaption><\/figure>\n<figure id=\"attachment_26184\" aria-describedby=\"caption-attachment-26184\" style=\"width: 800px\" class=\"wp-caption aligncenter\"><img loading=\"lazy\" decoding=\"async\" class=\"wp-image-26184\" src=\"https:\/\/mouldking.store\/wp-content\/uploads\/2021\/10\/CIRO-B777-Clock-Tower-9-300x300.jpg\" alt=\"CIRO B777 Clock Tower with 866 pieces\" width=\"800\" height=\"800\" title=\"-\" srcset=\"https:\/\/mouldking.store\/wp-content\/uploads\/2021\/10\/CIRO-B777-Clock-Tower-9-300x300.jpg 300w, https:\/\/mouldking.store\/wp-content\/uploads\/2021\/10\/CIRO-B777-Clock-Tower-9-768x768.jpg 768w, https:\/\/mouldking.store\/wp-content\/uploads\/2021\/10\/CIRO-B777-Clock-Tower-9-600x600.jpg 600w, https:\/\/mouldking.store\/wp-content\/uploads\/2021\/10\/CIRO-B777-Clock-Tower-9-150x150.jpg 150w, https:\/\/mouldking.store\/wp-content\/uploads\/2021\/10\/CIRO-B777-Clock-Tower-9.jpg 1024w\" sizes=\"(max-width: 800px) 100vw, 800px\" \/><figcaption id=\"caption-attachment-26184\" class=\"wp-caption-text\">Th\u00e1p \u0111\u1ed3ng h\u1ed3 CIRO B777 v\u1edbi 866 m\u1ea3nh gh\u00e9p<\/figcaption><\/figure>\n<figure id=\"attachment_26185\" aria-describedby=\"caption-attachment-26185\" style=\"width: 800px\" class=\"wp-caption aligncenter\"><img loading=\"lazy\" decoding=\"async\" class=\"wp-image-26185\" src=\"https:\/\/mouldking.store\/wp-content\/uploads\/2021\/10\/CIRO-B777-Clock-Tower-10-300x300.jpg\" alt=\"CIRO B777 Clock Tower with 866 pieces\" width=\"800\" height=\"800\" title=\"-\" srcset=\"https:\/\/mouldking.store\/wp-content\/uploads\/2021\/10\/CIRO-B777-Clock-Tower-10-300x300.jpg 300w, https:\/\/mouldking.store\/wp-content\/uploads\/2021\/10\/CIRO-B777-Clock-Tower-10-768x768.jpg 768w, https:\/\/mouldking.store\/wp-content\/uploads\/2021\/10\/CIRO-B777-Clock-Tower-10-600x600.jpg 600w, https:\/\/mouldking.store\/wp-content\/uploads\/2021\/10\/CIRO-B777-Clock-Tower-10-150x150.jpg 150w, https:\/\/mouldking.store\/wp-content\/uploads\/2021\/10\/CIRO-B777-Clock-Tower-10.jpg 1024w\" sizes=\"(max-width: 800px) 100vw, 800px\" \/><figcaption id=\"caption-attachment-26185\" class=\"wp-caption-text\">Th\u00e1p \u0111\u1ed3ng h\u1ed3 CIRO B777 v\u1edbi 866 m\u1ea3nh gh\u00e9p<\/figcaption><\/figure>\n<figure id=\"attachment_26186\" aria-describedby=\"caption-attachment-26186\" style=\"width: 800px\" class=\"wp-caption aligncenter\"><img loading=\"lazy\" decoding=\"async\" class=\"wp-image-26186\" src=\"https:\/\/mouldking.store\/wp-content\/uploads\/2021\/10\/CIRO-B777-Clock-Tower-11-300x300.jpg\" alt=\"CIRO B777 Clock Tower with 866 pieces\" width=\"800\" height=\"800\" title=\"-\" srcset=\"https:\/\/mouldking.store\/wp-content\/uploads\/2021\/10\/CIRO-B777-Clock-Tower-11-300x300.jpg 300w, https:\/\/mouldking.store\/wp-content\/uploads\/2021\/10\/CIRO-B777-Clock-Tower-11-768x768.jpg 768w, https:\/\/mouldking.store\/wp-content\/uploads\/2021\/10\/CIRO-B777-Clock-Tower-11-600x600.jpg 600w, https:\/\/mouldking.store\/wp-content\/uploads\/2021\/10\/CIRO-B777-Clock-Tower-11-150x150.jpg 150w, https:\/\/mouldking.store\/wp-content\/uploads\/2021\/10\/CIRO-B777-Clock-Tower-11.jpg 1024w\" sizes=\"(max-width: 800px) 100vw, 800px\" \/><figcaption id=\"caption-attachment-26186\" class=\"wp-caption-text\">Th\u00e1p \u0111\u1ed3ng h\u1ed3 CIRO B777 v\u1edbi 866 m\u1ea3nh gh\u00e9p<\/figcaption><\/figure>\n<figure id=\"attachment_26180\" aria-describedby=\"caption-attachment-26180\" style=\"width: 800px\" class=\"wp-caption aligncenter\"><img loading=\"lazy\" decoding=\"async\" class=\"wp-image-26180 size-full\" src=\"https:\/\/mouldking.store\/wp-content\/uploads\/2021\/10\/CIRO-B777-Clock-Tower-5.jpg\" alt=\"CIRO B777 Clock Tower with 866 pieces\" width=\"800\" height=\"533\" title=\"-\" srcset=\"https:\/\/mouldking.store\/wp-content\/uploads\/2021\/10\/CIRO-B777-Clock-Tower-5.jpg 800w, https:\/\/mouldking.store\/wp-content\/uploads\/2021\/10\/CIRO-B777-Clock-Tower-5-300x200.jpg 300w, https:\/\/mouldking.store\/wp-content\/uploads\/2021\/10\/CIRO-B777-Clock-Tower-5-768x512.jpg 768w, https:\/\/mouldking.store\/wp-content\/uploads\/2021\/10\/CIRO-B777-Clock-Tower-5-600x400.jpg 600w, https:\/\/mouldking.store\/wp-content\/uploads\/2021\/10\/CIRO-B777-Clock-Tower-5-150x100.jpg 150w\" sizes=\"(max-width: 800px) 100vw, 800px\" \/><figcaption id=\"caption-attachment-26180\" class=\"wp-caption-text\">Th\u00e1p \u0111\u1ed3ng h\u1ed3 CIRO B777 v\u1edbi 866 m\u1ea3nh gh\u00e9p<\/figcaption><\/figure>\n<figure id=\"attachment_26179\" aria-describedby=\"caption-attachment-26179\" style=\"width: 720px\" class=\"wp-caption aligncenter\"><img loading=\"lazy\" decoding=\"async\" class=\"wp-image-26179 size-full\" src=\"https:\/\/mouldking.store\/wp-content\/uploads\/2021\/10\/CIRO-B777-Clock-Tower-4.jpg\" alt=\"CIRO B777 Clock Tower with 866 pieces\" width=\"720\" height=\"540\" title=\"-\" srcset=\"https:\/\/mouldking.store\/wp-content\/uploads\/2021\/10\/CIRO-B777-Clock-Tower-4.jpg 720w, https:\/\/mouldking.store\/wp-content\/uploads\/2021\/10\/CIRO-B777-Clock-Tower-4-300x225.jpg 300w, https:\/\/mouldking.store\/wp-content\/uploads\/2021\/10\/CIRO-B777-Clock-Tower-4-600x450.jpg 600w, https:\/\/mouldking.store\/wp-content\/uploads\/2021\/10\/CIRO-B777-Clock-Tower-4-150x113.jpg 150w\" sizes=\"(max-width: 720px) 100vw, 720px\" \/><figcaption id=\"caption-attachment-26179\" class=\"wp-caption-text\">Th\u00e1p \u0111\u1ed3ng h\u1ed3 CIRO B777 v\u1edbi 866 m\u1ea3nh gh\u00e9p<\/figcaption><\/figure>\n<figure id=\"attachment_26178\" aria-describedby=\"caption-attachment-26178\" style=\"width: 720px\" class=\"wp-caption aligncenter\"><img loading=\"lazy\" decoding=\"async\" class=\"wp-image-26178 size-full\" src=\"https:\/\/mouldking.store\/wp-content\/uploads\/2021\/10\/CIRO-B777-Clock-Tower-3.jpg\" alt=\"CIRO B777 Clock Tower with 866 pieces\" width=\"720\" height=\"540\" title=\"-\" srcset=\"https:\/\/mouldking.store\/wp-content\/uploads\/2021\/10\/CIRO-B777-Clock-Tower-3.jpg 720w, https:\/\/mouldking.store\/wp-content\/uploads\/2021\/10\/CIRO-B777-Clock-Tower-3-300x225.jpg 300w, https:\/\/mouldking.store\/wp-content\/uploads\/2021\/10\/CIRO-B777-Clock-Tower-3-600x450.jpg 600w, https:\/\/mouldking.store\/wp-content\/uploads\/2021\/10\/CIRO-B777-Clock-Tower-3-150x113.jpg 150w\" sizes=\"(max-width: 720px) 100vw, 720px\" \/><figcaption id=\"caption-attachment-26178\" class=\"wp-caption-text\">Th\u00e1p \u0111\u1ed3ng h\u1ed3 CIRO B777 v\u1edbi 866 m\u1ea3nh gh\u00e9p<\/figcaption><\/figure>\n<figure id=\"attachment_26177\" aria-describedby=\"caption-attachment-26177\" style=\"width: 720px\" class=\"wp-caption aligncenter\"><img loading=\"lazy\" decoding=\"async\" class=\"wp-image-26177 size-full\" src=\"https:\/\/mouldking.store\/wp-content\/uploads\/2021\/10\/CIRO-B777-Clock-Tower-2.jpg\" alt=\"CIRO B777 Clock Tower with 866 pieces\" width=\"720\" height=\"540\" title=\"-\" srcset=\"https:\/\/mouldking.store\/wp-content\/uploads\/2021\/10\/CIRO-B777-Clock-Tower-2.jpg 720w, https:\/\/mouldking.store\/wp-content\/uploads\/2021\/10\/CIRO-B777-Clock-Tower-2-300x225.jpg 300w, https:\/\/mouldking.store\/wp-content\/uploads\/2021\/10\/CIRO-B777-Clock-Tower-2-600x450.jpg 600w, https:\/\/mouldking.store\/wp-content\/uploads\/2021\/10\/CIRO-B777-Clock-Tower-2-150x113.jpg 150w\" sizes=\"(max-width: 720px) 100vw, 720px\" \/><figcaption id=\"caption-attachment-26177\" class=\"wp-caption-text\">Th\u00e1p \u0111\u1ed3ng h\u1ed3 CIRO B777 v\u1edbi 866 m\u1ea3nh gh\u00e9p<\/figcaption><\/figure>\n<figure id=\"attachment_26176\" aria-describedby=\"caption-attachment-26176\" style=\"width: 720px\" class=\"wp-caption aligncenter\"><img loading=\"lazy\" decoding=\"async\" class=\"wp-image-26176 size-full\" src=\"https:\/\/mouldking.store\/wp-content\/uploads\/2021\/10\/CIRO-B777-Clock-Tower-1.jpg\" alt=\"CIRO B777 Clock Tower with 866 pieces\" width=\"720\" height=\"540\" title=\"-\" srcset=\"https:\/\/mouldking.store\/wp-content\/uploads\/2021\/10\/CIRO-B777-Clock-Tower-1.jpg 720w, https:\/\/mouldking.store\/wp-content\/uploads\/2021\/10\/CIRO-B777-Clock-Tower-1-300x225.jpg 300w, https:\/\/mouldking.store\/wp-content\/uploads\/2021\/10\/CIRO-B777-Clock-Tower-1-600x450.jpg 600w, https:\/\/mouldking.store\/wp-content\/uploads\/2021\/10\/CIRO-B777-Clock-Tower-1-150x113.jpg 150w\" sizes=\"(max-width: 720px) 100vw, 720px\" \/><figcaption id=\"caption-attachment-26176\" class=\"wp-caption-text\">Th\u00e1p \u0111\u1ed3ng h\u1ed3 CIRO B777 v\u1edbi 866 m\u1ea3nh gh\u00e9p<\/figcaption><\/figure>","protected":false},"excerpt":{"rendered":"<p>Product information: Brand: CIRO Gender: Unisex Name: Clock Tower Age Range: &gt; 6 years old Model Number: B777 Classification: Assemblage Plastic Block Shape: Self-Locking Bricks Material: Plastic Plastic Type: ABS Bricks Blocks: 866 PCS Contains detailed assembly instructions. Notice: 1. Without an original box, but we guarantee our products have quality assurance and nice packaging. [&hellip;]<\/p>","protected":false},"featured_media":26175,"comment_status":"open","ping_status":"closed","template":"","meta":{"_acf_changed":false},"product_cat":[390],"product_tag":[2837,2821,2834,2833,2836,2838,2835,2302],"class_list":["product","first","instock","shipping-taxable","purchasable","product-type-simple"],"acf":[],"_links":{"self":[{"href":"https:\/\/mouldking.store\/vi\/wp-json\/wp\/v2\/product\/26174","targetHints":{"allow":["GET"]}}],"collection":[{"href":"https:\/\/mouldking.store\/vi\/wp-json\/wp\/v2\/product"}],"about":[{"href":"https:\/\/mouldking.store\/vi\/wp-json\/wp\/v2\/types\/product"}],"replies":[{"embeddable":true,"href":"https:\/\/mouldking.store\/vi\/wp-json\/wp\/v2\/comments?post=26174"}],"wp:featuredmedia":[{"embeddable":true,"href":"https:\/\/mouldking.store\/vi\/wp-json\/wp\/v2\/media\/26175"}],"wp:attachment":[{"href":"https:\/\/mouldking.store\/vi\/wp-json\/wp\/v2\/media?parent=26174"}],"wp:term":[{"taxonomy":"product_cat","embeddable":true,"href":"https:\/\/mouldking.store\/vi\/wp-json\/wp\/v2\/product_cat?post=26174"},{"taxonomy":"product_tag","embeddable":true,"href":"https:\/\/mouldking.store\/vi\/wp-json\/wp\/v2\/product_tag?post=26174"}],"curies":[{"name":"wp","href":"https:\/\/api.w.org\/{rel}","templated":true}]}}