{"id":26189,"date":"2021-10-28T11:16:45","date_gmt":"2021-10-28T11:16:45","guid":{"rendered":"https:\/\/mouldking.store\/?post_type=product&#038;p=26189"},"modified":"2021-12-23T09:40:55","modified_gmt":"2021-12-23T09:40:55","slug":"ciro-b776-hogwarts-school-of-witchcraft-and-wizardry-with-6862-pieces","status":"publish","type":"product","link":"https:\/\/mouldking.store\/vi\/shop\/ciro-b776-hogwarts-school-of-witchcraft-and-wizardry-with-6862-pieces\/","title":{"rendered":"CIRO B776 Tr\u01b0\u1eddng Ph\u00f9 th\u1ee7y v\u00e0 Ph\u00e1p s\u01b0 Hogwarts v\u1edbi 6862 mi\u1ebfng"},"content":{"rendered":"<p>Th\u00f4ng tin s\u1ea3n ph\u1ea9m:<\/p>\n<ol>\n<li>Th\u01b0\u01a1ng hi\u1ec7u: CIRO<\/li>\n<li>Gi\u1edbi t\u00ednh: Unisex<\/li>\n<li>T\u00ean: Tr\u01b0\u1eddng Ph\u00f9 th\u1ee7y v\u00e0 Ph\u00e1p s\u01b0 Hogwarts<\/li>\n<li>\u0110\u1ed9 tu\u1ed5i: &gt; 14 tu\u1ed5i<\/li>\n<li>S\u1ed1 m\u00f4 h\u00ecnh: B776<\/li>\n<li>Ph\u00e2n lo\u1ea1i: T\u1eadp h\u1ee3p<\/li>\n<li>H\u00ecnh d\u1ea1ng kh\u1ed1i nh\u1ef1a: G\u1ea1ch t\u1ef1 kh\u00f3a<\/li>\n<li>Ch\u1ea5t li\u1ec7u: Nh\u1ef1a<\/li>\n<li>Lo\u1ea1i nh\u1ef1a: ABS<\/li>\n<li>Kh\u1ed1i g\u1ea1ch: 6862 C\u00c1I<\/li>\n<li>Ch\u1ee9a h\u01b0\u1edbng d\u1eabn l\u1eafp r\u00e1p chi ti\u1ebft.<\/li>\n<\/ol>\n<p>\u0110\u1ec3 \u00fd:<br \/>\n1. Kh\u00f4ng c\u00f3 h\u1ed9p ban \u0111\u1ea7u, nh\u01b0ng ch\u00fang t\u00f4i \u0111\u1ea3m b\u1ea3o s\u1ea3n ph\u1ea9m c\u1ee7a ch\u00fang t\u00f4i c\u00f3 ch\u1ea5t l\u01b0\u1ee3ng \u0111\u1ea3m b\u1ea3o v\u00e0 bao b\u00ec \u0111\u1eb9p.<br \/>\n2. V\u00ec t\u1ea5t c\u1ea3 c\u00e1c b\u1ed9 ph\u1eadn ch\u00fang t\u00f4i \u0111\u00e3 ki\u1ec3m tra tr\u01b0\u1edbc khi v\u1eadn chuy\u1ec3n, v\u00ec v\u1eady n\u1ebfu b\u1ea1n th\u1ea5y m\u1ed9t s\u1ed1 b\u1ed9 ph\u1eadn b\u1ecb thi\u1ebfu ho\u1eb7c h\u01b0 h\u1ecfng, \u0111\u1eebng lo l\u1eafng v\u00e0 ch\u1ec9 c\u1ea7n vui l\u00f2ng li\u00ean h\u1ec7 v\u1edbi ch\u00fang t\u00f4i v\u00e0 ch\u00fang t\u00f4i c\u00f3 th\u1ec3 g\u1eedi l\u1ea1i mi\u1ec5n ph\u00ed cho b\u1ea1n ngay l\u1eadp t\u1ee9c.<\/p>\n<figure id=\"attachment_26190\" aria-describedby=\"caption-attachment-26190\" style=\"width: 800px\" class=\"wp-caption aligncenter\"><img fetchpriority=\"high\" decoding=\"async\" class=\"wp-image-26190 size-full\" src=\"https:\/\/mouldking.store\/wp-content\/uploads\/2021\/10\/CIRO-B776-Hogwarts-School-of-Witchcraft-and-Wizardry-6.jpg\" alt=\"CIRO B776 Hogwarts School of Witchcraft and Wizardry with 6862 pieces\" width=\"800\" height=\"800\" title=\"-\" srcset=\"https:\/\/mouldking.store\/wp-content\/uploads\/2021\/10\/CIRO-B776-Hogwarts-School-of-Witchcraft-and-Wizardry-6.jpg 800w, https:\/\/mouldking.store\/wp-content\/uploads\/2021\/10\/CIRO-B776-Hogwarts-School-of-Witchcraft-and-Wizardry-6-300x300.jpg 300w, https:\/\/mouldking.store\/wp-content\/uploads\/2021\/10\/CIRO-B776-Hogwarts-School-of-Witchcraft-and-Wizardry-6-768x768.jpg 768w, https:\/\/mouldking.store\/wp-content\/uploads\/2021\/10\/CIRO-B776-Hogwarts-School-of-Witchcraft-and-Wizardry-6-600x600.jpg 600w, https:\/\/mouldking.store\/wp-content\/uploads\/2021\/10\/CIRO-B776-Hogwarts-School-of-Witchcraft-and-Wizardry-6-150x150.jpg 150w\" sizes=\"(max-width: 800px) 100vw, 800px\" \/><figcaption id=\"caption-attachment-26190\" class=\"wp-caption-text\">CIRO B776 Tr\u01b0\u1eddng Ph\u00f9 th\u1ee7y v\u00e0 Ph\u00e1p s\u01b0 Hogwarts v\u1edbi 6862 mi\u1ebfng<\/figcaption><\/figure>\n<figure id=\"attachment_26195\" aria-describedby=\"caption-attachment-26195\" style=\"width: 800px\" class=\"wp-caption aligncenter\"><img decoding=\"async\" class=\"wp-image-26195\" src=\"https:\/\/mouldking.store\/wp-content\/uploads\/2021\/10\/CIRO-B776-Hogwarts-School-of-Witchcraft-and-Wizardry-5-300x300.jpg\" alt=\"CIRO B776 Hogwarts School of Witchcraft and Wizardry with 6862 pieces\" width=\"800\" height=\"801\" title=\"-\" srcset=\"https:\/\/mouldking.store\/wp-content\/uploads\/2021\/10\/CIRO-B776-Hogwarts-School-of-Witchcraft-and-Wizardry-5-300x300.jpg 300w, https:\/\/mouldking.store\/wp-content\/uploads\/2021\/10\/CIRO-B776-Hogwarts-School-of-Witchcraft-and-Wizardry-5-768x769.jpg 768w, https:\/\/mouldking.store\/wp-content\/uploads\/2021\/10\/CIRO-B776-Hogwarts-School-of-Witchcraft-and-Wizardry-5-600x601.jpg 600w, https:\/\/mouldking.store\/wp-content\/uploads\/2021\/10\/CIRO-B776-Hogwarts-School-of-Witchcraft-and-Wizardry-5-150x150.jpg 150w, https:\/\/mouldking.store\/wp-content\/uploads\/2021\/10\/CIRO-B776-Hogwarts-School-of-Witchcraft-and-Wizardry-5.jpg 1023w\" sizes=\"(max-width: 800px) 100vw, 800px\" \/><figcaption id=\"caption-attachment-26195\" class=\"wp-caption-text\">CIRO B776 Tr\u01b0\u1eddng Ph\u00f9 th\u1ee7y v\u00e0 Ph\u00e1p s\u01b0 Hogwarts v\u1edbi 6862 mi\u1ebfng<\/figcaption><\/figure>\n<figure id=\"attachment_26192\" aria-describedby=\"caption-attachment-26192\" style=\"width: 800px\" class=\"wp-caption aligncenter\"><img decoding=\"async\" class=\"wp-image-26192\" src=\"https:\/\/mouldking.store\/wp-content\/uploads\/2021\/10\/CIRO-B776-Hogwarts-School-of-Witchcraft-and-Wizardry-2-300x300.jpg\" alt=\"CIRO B776 Hogwarts School of Witchcraft and Wizardry with 6862 pieces\" width=\"800\" height=\"800\" title=\"-\" srcset=\"https:\/\/mouldking.store\/wp-content\/uploads\/2021\/10\/CIRO-B776-Hogwarts-School-of-Witchcraft-and-Wizardry-2-300x300.jpg 300w, https:\/\/mouldking.store\/wp-content\/uploads\/2021\/10\/CIRO-B776-Hogwarts-School-of-Witchcraft-and-Wizardry-2-768x768.jpg 768w, https:\/\/mouldking.store\/wp-content\/uploads\/2021\/10\/CIRO-B776-Hogwarts-School-of-Witchcraft-and-Wizardry-2-600x600.jpg 600w, https:\/\/mouldking.store\/wp-content\/uploads\/2021\/10\/CIRO-B776-Hogwarts-School-of-Witchcraft-and-Wizardry-2-150x150.jpg 150w, https:\/\/mouldking.store\/wp-content\/uploads\/2021\/10\/CIRO-B776-Hogwarts-School-of-Witchcraft-and-Wizardry-2.jpg 1024w\" sizes=\"(max-width: 800px) 100vw, 800px\" \/><figcaption id=\"caption-attachment-26192\" class=\"wp-caption-text\">CIRO B776 Tr\u01b0\u1eddng Ph\u00f9 th\u1ee7y v\u00e0 Ph\u00e1p s\u01b0 Hogwarts v\u1edbi 6862 mi\u1ebfng<\/figcaption><\/figure>\n<figure id=\"attachment_26194\" aria-describedby=\"caption-attachment-26194\" style=\"width: 800px\" class=\"wp-caption aligncenter\"><img loading=\"lazy\" decoding=\"async\" class=\"wp-image-26194\" src=\"https:\/\/mouldking.store\/wp-content\/uploads\/2021\/10\/CIRO-B776-Hogwarts-School-of-Witchcraft-and-Wizardry-4-300x300.jpg\" alt=\"CIRO B776 Hogwarts School of Witchcraft and Wizardry with 6862 pieces\" width=\"800\" height=\"800\" title=\"-\" srcset=\"https:\/\/mouldking.store\/wp-content\/uploads\/2021\/10\/CIRO-B776-Hogwarts-School-of-Witchcraft-and-Wizardry-4-300x300.jpg 300w, https:\/\/mouldking.store\/wp-content\/uploads\/2021\/10\/CIRO-B776-Hogwarts-School-of-Witchcraft-and-Wizardry-4-768x768.jpg 768w, https:\/\/mouldking.store\/wp-content\/uploads\/2021\/10\/CIRO-B776-Hogwarts-School-of-Witchcraft-and-Wizardry-4-600x600.jpg 600w, https:\/\/mouldking.store\/wp-content\/uploads\/2021\/10\/CIRO-B776-Hogwarts-School-of-Witchcraft-and-Wizardry-4-150x150.jpg 150w, https:\/\/mouldking.store\/wp-content\/uploads\/2021\/10\/CIRO-B776-Hogwarts-School-of-Witchcraft-and-Wizardry-4.jpg 1024w\" sizes=\"(max-width: 800px) 100vw, 800px\" \/><figcaption id=\"caption-attachment-26194\" class=\"wp-caption-text\">CIRO B776 Tr\u01b0\u1eddng Ph\u00f9 th\u1ee7y v\u00e0 Ph\u00e1p s\u01b0 Hogwarts v\u1edbi 6862 mi\u1ebfng<\/figcaption><\/figure>\n<figure id=\"attachment_26193\" aria-describedby=\"caption-attachment-26193\" style=\"width: 800px\" class=\"wp-caption aligncenter\"><img loading=\"lazy\" decoding=\"async\" class=\"wp-image-26193\" src=\"https:\/\/mouldking.store\/wp-content\/uploads\/2021\/10\/CIRO-B776-Hogwarts-School-of-Witchcraft-and-Wizardry-3-300x300.jpg\" alt=\"CIRO B776 Hogwarts School of Witchcraft and Wizardry with 6862 pieces\" width=\"800\" height=\"800\" title=\"-\" srcset=\"https:\/\/mouldking.store\/wp-content\/uploads\/2021\/10\/CIRO-B776-Hogwarts-School-of-Witchcraft-and-Wizardry-3-300x300.jpg 300w, https:\/\/mouldking.store\/wp-content\/uploads\/2021\/10\/CIRO-B776-Hogwarts-School-of-Witchcraft-and-Wizardry-3-768x768.jpg 768w, https:\/\/mouldking.store\/wp-content\/uploads\/2021\/10\/CIRO-B776-Hogwarts-School-of-Witchcraft-and-Wizardry-3-600x600.jpg 600w, https:\/\/mouldking.store\/wp-content\/uploads\/2021\/10\/CIRO-B776-Hogwarts-School-of-Witchcraft-and-Wizardry-3-150x150.jpg 150w, https:\/\/mouldking.store\/wp-content\/uploads\/2021\/10\/CIRO-B776-Hogwarts-School-of-Witchcraft-and-Wizardry-3.jpg 1024w\" sizes=\"(max-width: 800px) 100vw, 800px\" \/><figcaption id=\"caption-attachment-26193\" class=\"wp-caption-text\">CIRO B776 Tr\u01b0\u1eddng Ph\u00f9 th\u1ee7y v\u00e0 Ph\u00e1p s\u01b0 Hogwarts v\u1edbi 6862 mi\u1ebfng<\/figcaption><\/figure>\n<figure id=\"attachment_26191\" aria-describedby=\"caption-attachment-26191\" style=\"width: 800px\" class=\"wp-caption aligncenter\"><img loading=\"lazy\" decoding=\"async\" class=\"wp-image-26191\" src=\"https:\/\/mouldking.store\/wp-content\/uploads\/2021\/10\/CIRO-B776-Hogwarts-School-of-Witchcraft-and-Wizardry-1-300x300.jpg\" alt=\"CIRO B776 Hogwarts School of Witchcraft and Wizardry with 6862 pieces\" width=\"800\" height=\"800\" title=\"-\" srcset=\"https:\/\/mouldking.store\/wp-content\/uploads\/2021\/10\/CIRO-B776-Hogwarts-School-of-Witchcraft-and-Wizardry-1-300x300.jpg 300w, https:\/\/mouldking.store\/wp-content\/uploads\/2021\/10\/CIRO-B776-Hogwarts-School-of-Witchcraft-and-Wizardry-1-768x768.jpg 768w, https:\/\/mouldking.store\/wp-content\/uploads\/2021\/10\/CIRO-B776-Hogwarts-School-of-Witchcraft-and-Wizardry-1-600x600.jpg 600w, https:\/\/mouldking.store\/wp-content\/uploads\/2021\/10\/CIRO-B776-Hogwarts-School-of-Witchcraft-and-Wizardry-1-150x150.jpg 150w, https:\/\/mouldking.store\/wp-content\/uploads\/2021\/10\/CIRO-B776-Hogwarts-School-of-Witchcraft-and-Wizardry-1.jpg 1024w\" sizes=\"(max-width: 800px) 100vw, 800px\" \/><figcaption id=\"caption-attachment-26191\" class=\"wp-caption-text\">CIRO B776 Tr\u01b0\u1eddng Ph\u00f9 th\u1ee7y v\u00e0 Ph\u00e1p s\u01b0 Hogwarts v\u1edbi 6862 mi\u1ebfng<\/figcaption><\/figure>","protected":false},"excerpt":{"rendered":"<p>Product information: Brand: CIRO Gender: Unisex Name: Hogwarts School of Witchcraft and Wizardry Age Range: &gt; 14 years old Model Number: B776 Classification: Assemblage Plastic Block Shape: Self-Locking Bricks Material: Plastic Plastic Type: ABS Bricks Blocks: 6862 PCS Contains detailed assembly instructions. Notice: 1. Without an original box, but we guarantee our products have quality [&hellip;]<\/p>","protected":false},"featured_media":26190,"comment_status":"open","ping_status":"closed","template":"","meta":{"_acf_changed":false},"product_cat":[390],"product_tag":[2841,2821,2840,2844,2839,2846,2842,915,2847,2845,2843],"class_list":["product","first","instock","shipping-taxable","purchasable","product-type-simple"],"acf":[],"_links":{"self":[{"href":"https:\/\/mouldking.store\/vi\/wp-json\/wp\/v2\/product\/26189","targetHints":{"allow":["GET"]}}],"collection":[{"href":"https:\/\/mouldking.store\/vi\/wp-json\/wp\/v2\/product"}],"about":[{"href":"https:\/\/mouldking.store\/vi\/wp-json\/wp\/v2\/types\/product"}],"replies":[{"embeddable":true,"href":"https:\/\/mouldking.store\/vi\/wp-json\/wp\/v2\/comments?post=26189"}],"wp:featuredmedia":[{"embeddable":true,"href":"https:\/\/mouldking.store\/vi\/wp-json\/wp\/v2\/media\/26190"}],"wp:attachment":[{"href":"https:\/\/mouldking.store\/vi\/wp-json\/wp\/v2\/media?parent=26189"}],"wp:term":[{"taxonomy":"product_cat","embeddable":true,"href":"https:\/\/mouldking.store\/vi\/wp-json\/wp\/v2\/product_cat?post=26189"},{"taxonomy":"product_tag","embeddable":true,"href":"https:\/\/mouldking.store\/vi\/wp-json\/wp\/v2\/product_tag?post=26189"}],"curies":[{"name":"wp","href":"https:\/\/api.w.org\/{rel}","templated":true}]}}