{"id":26243,"date":"2021-10-29T14:35:28","date_gmt":"2021-10-29T14:35:28","guid":{"rendered":"https:\/\/mouldking.store\/?post_type=product&#038;p=26243"},"modified":"2021-12-23T09:40:56","modified_gmt":"2021-12-23T09:40:56","slug":"gao-misi-t2010-2013-dinosaur-world-with-lights","status":"publish","type":"product","link":"https:\/\/mouldking.store\/vi\/shop\/gao-misi-t2010-2013-dinosaur-world-with-lights\/","title":{"rendered":"GAO MISI T2010 &#8211; 2013 Dinosaur World with Lights"},"content":{"rendered":"<p>Th\u00f4ng tin s\u1ea3n ph\u1ea9m:<\/p>\n<ol>\n<li>Brand: GAO MISI<\/li>\n<li>Gi\u1edbi t\u00ednh: Unisex<\/li>\n<li>Name: Dinosaur World with Lights<\/li>\n<li>\u0110\u1ed9 tu\u1ed5i: &gt; 6 tu\u1ed5i<\/li>\n<li>Model Number: T2010 &#8211; 2013<\/li>\n<li>Ph\u00e2n lo\u1ea1i: T\u1eadp h\u1ee3p<\/li>\n<li>H\u00ecnh d\u1ea1ng kh\u1ed1i nh\u1ef1a: G\u1ea1ch t\u1ef1 kh\u00f3a<\/li>\n<li>Ch\u1ea5t li\u1ec7u: Nh\u1ef1a<\/li>\n<li>Lo\u1ea1i nh\u1ef1a: ABS<\/li>\n<li>Ch\u1ee9a h\u01b0\u1edbng d\u1eabn l\u1eafp r\u00e1p chi ti\u1ebft.<\/li>\n<\/ol>\n<p>\u0110\u1ec3 \u00fd:<br \/>\n1. Kh\u00f4ng c\u00f3 h\u1ed9p ban \u0111\u1ea7u, nh\u01b0ng ch\u00fang t\u00f4i \u0111\u1ea3m b\u1ea3o s\u1ea3n ph\u1ea9m c\u1ee7a ch\u00fang t\u00f4i c\u00f3 ch\u1ea5t l\u01b0\u1ee3ng \u0111\u1ea3m b\u1ea3o v\u00e0 bao b\u00ec \u0111\u1eb9p.<br \/>\n2. V\u00ec t\u1ea5t c\u1ea3 c\u00e1c b\u1ed9 ph\u1eadn ch\u00fang t\u00f4i \u0111\u00e3 ki\u1ec3m tra tr\u01b0\u1edbc khi v\u1eadn chuy\u1ec3n, v\u00ec v\u1eady n\u1ebfu b\u1ea1n th\u1ea5y m\u1ed9t s\u1ed1 b\u1ed9 ph\u1eadn b\u1ecb thi\u1ebfu ho\u1eb7c h\u01b0 h\u1ecfng, \u0111\u1eebng lo l\u1eafng v\u00e0 ch\u1ec9 c\u1ea7n vui l\u00f2ng li\u00ean h\u1ec7 v\u1edbi ch\u00fang t\u00f4i v\u00e0 ch\u00fang t\u00f4i c\u00f3 th\u1ec3 g\u1eedi l\u1ea1i mi\u1ec5n ph\u00ed cho b\u1ea1n ngay l\u1eadp t\u1ee9c.<\/p>\n<figure id=\"attachment_26244\" aria-describedby=\"caption-attachment-26244\" style=\"width: 800px\" class=\"wp-caption aligncenter\"><img fetchpriority=\"high\" decoding=\"async\" class=\"wp-image-26244 size-full\" src=\"https:\/\/mouldking.store\/wp-content\/uploads\/2021\/10\/GAO-MISI-T2010-2013-Dinosaur-World-with-Lights-1.jpg\" alt=\"GAO MISI T2010 - 2013 Dinosaur World with Lights\" width=\"800\" height=\"800\" title=\"-\" srcset=\"https:\/\/mouldking.store\/wp-content\/uploads\/2021\/10\/GAO-MISI-T2010-2013-Dinosaur-World-with-Lights-1.jpg 800w, https:\/\/mouldking.store\/wp-content\/uploads\/2021\/10\/GAO-MISI-T2010-2013-Dinosaur-World-with-Lights-1-300x300.jpg 300w, https:\/\/mouldking.store\/wp-content\/uploads\/2021\/10\/GAO-MISI-T2010-2013-Dinosaur-World-with-Lights-1-768x768.jpg 768w, https:\/\/mouldking.store\/wp-content\/uploads\/2021\/10\/GAO-MISI-T2010-2013-Dinosaur-World-with-Lights-1-600x600.jpg 600w, https:\/\/mouldking.store\/wp-content\/uploads\/2021\/10\/GAO-MISI-T2010-2013-Dinosaur-World-with-Lights-1-150x150.jpg 150w\" sizes=\"(max-width: 800px) 100vw, 800px\" \/><figcaption id=\"caption-attachment-26244\" class=\"wp-caption-text\">GAO MISI T2010 &#8211; 2013 Dinosaur World with Lights<\/figcaption><\/figure>\n<figure id=\"attachment_26262\" aria-describedby=\"caption-attachment-26262\" style=\"width: 528px\" class=\"wp-caption aligncenter\"><img decoding=\"async\" class=\"wp-image-26262 size-full\" src=\"https:\/\/mouldking.store\/wp-content\/uploads\/2021\/10\/GAO-MISI-T2010-2013-Dinosaur-World-with-Lights-19.jpg\" alt=\"GAO MISI T2010 - 2013 Dinosaur World with Lights\" width=\"528\" height=\"1024\" title=\"-\" srcset=\"https:\/\/mouldking.store\/wp-content\/uploads\/2021\/10\/GAO-MISI-T2010-2013-Dinosaur-World-with-Lights-19.jpg 528w, https:\/\/mouldking.store\/wp-content\/uploads\/2021\/10\/GAO-MISI-T2010-2013-Dinosaur-World-with-Lights-19-155x300.jpg 155w, https:\/\/mouldking.store\/wp-content\/uploads\/2021\/10\/GAO-MISI-T2010-2013-Dinosaur-World-with-Lights-19-300x582.jpg 300w, https:\/\/mouldking.store\/wp-content\/uploads\/2021\/10\/GAO-MISI-T2010-2013-Dinosaur-World-with-Lights-19-77x150.jpg 77w\" sizes=\"(max-width: 528px) 100vw, 528px\" \/><figcaption id=\"caption-attachment-26262\" class=\"wp-caption-text\">GAO MISI T2010 &#8211; 2013 Dinosaur World with Lights<\/figcaption><\/figure>\n<figure id=\"attachment_26260\" aria-describedby=\"caption-attachment-26260\" style=\"width: 564px\" class=\"wp-caption aligncenter\"><img decoding=\"async\" class=\"wp-image-26260 size-full\" src=\"https:\/\/mouldking.store\/wp-content\/uploads\/2021\/10\/GAO-MISI-T2010-2013-Dinosaur-World-with-Lights-17.jpg\" alt=\"GAO MISI T2010 - 2013 Dinosaur World with Lights\" width=\"564\" height=\"1024\" title=\"-\" srcset=\"https:\/\/mouldking.store\/wp-content\/uploads\/2021\/10\/GAO-MISI-T2010-2013-Dinosaur-World-with-Lights-17.jpg 564w, https:\/\/mouldking.store\/wp-content\/uploads\/2021\/10\/GAO-MISI-T2010-2013-Dinosaur-World-with-Lights-17-165x300.jpg 165w, https:\/\/mouldking.store\/wp-content\/uploads\/2021\/10\/GAO-MISI-T2010-2013-Dinosaur-World-with-Lights-17-300x545.jpg 300w, https:\/\/mouldking.store\/wp-content\/uploads\/2021\/10\/GAO-MISI-T2010-2013-Dinosaur-World-with-Lights-17-83x150.jpg 83w\" sizes=\"(max-width: 564px) 100vw, 564px\" \/><figcaption id=\"caption-attachment-26260\" class=\"wp-caption-text\">GAO MISI T2010 &#8211; 2013 Dinosaur World with Lights<\/figcaption><\/figure>\n<figure id=\"attachment_26247\" aria-describedby=\"caption-attachment-26247\" style=\"width: 800px\" class=\"wp-caption aligncenter\"><img loading=\"lazy\" decoding=\"async\" class=\"wp-image-26247 size-full\" src=\"https:\/\/mouldking.store\/wp-content\/uploads\/2021\/10\/GAO-MISI-T2010-2013-Dinosaur-World-with-Lights-4.jpg\" alt=\"GAO MISI T2010 - 2013 Dinosaur World with Lights\" width=\"800\" height=\"800\" title=\"-\" srcset=\"https:\/\/mouldking.store\/wp-content\/uploads\/2021\/10\/GAO-MISI-T2010-2013-Dinosaur-World-with-Lights-4.jpg 800w, https:\/\/mouldking.store\/wp-content\/uploads\/2021\/10\/GAO-MISI-T2010-2013-Dinosaur-World-with-Lights-4-300x300.jpg 300w, https:\/\/mouldking.store\/wp-content\/uploads\/2021\/10\/GAO-MISI-T2010-2013-Dinosaur-World-with-Lights-4-768x768.jpg 768w, https:\/\/mouldking.store\/wp-content\/uploads\/2021\/10\/GAO-MISI-T2010-2013-Dinosaur-World-with-Lights-4-600x600.jpg 600w, https:\/\/mouldking.store\/wp-content\/uploads\/2021\/10\/GAO-MISI-T2010-2013-Dinosaur-World-with-Lights-4-150x150.jpg 150w\" sizes=\"(max-width: 800px) 100vw, 800px\" \/><figcaption id=\"caption-attachment-26247\" class=\"wp-caption-text\">GAO MISI T2010 &#8211; 2013 Dinosaur World with Lights<\/figcaption><\/figure>\n<figure id=\"attachment_26254\" aria-describedby=\"caption-attachment-26254\" style=\"width: 609px\" class=\"wp-caption aligncenter\"><img loading=\"lazy\" decoding=\"async\" class=\"wp-image-26254 size-full\" src=\"https:\/\/mouldking.store\/wp-content\/uploads\/2021\/10\/GAO-MISI-T2010-2013-Dinosaur-World-with-Lights-11.jpg\" alt=\"GAO MISI T2010 - 2013 Dinosaur World with Lights\" width=\"609\" height=\"1024\" title=\"-\" srcset=\"https:\/\/mouldking.store\/wp-content\/uploads\/2021\/10\/GAO-MISI-T2010-2013-Dinosaur-World-with-Lights-11.jpg 609w, https:\/\/mouldking.store\/wp-content\/uploads\/2021\/10\/GAO-MISI-T2010-2013-Dinosaur-World-with-Lights-11-178x300.jpg 178w, https:\/\/mouldking.store\/wp-content\/uploads\/2021\/10\/GAO-MISI-T2010-2013-Dinosaur-World-with-Lights-11-300x504.jpg 300w, https:\/\/mouldking.store\/wp-content\/uploads\/2021\/10\/GAO-MISI-T2010-2013-Dinosaur-World-with-Lights-11-600x1009.jpg 600w, https:\/\/mouldking.store\/wp-content\/uploads\/2021\/10\/GAO-MISI-T2010-2013-Dinosaur-World-with-Lights-11-89x150.jpg 89w\" sizes=\"(max-width: 609px) 100vw, 609px\" \/><figcaption id=\"caption-attachment-26254\" class=\"wp-caption-text\">GAO MISI T2010 &#8211; 2013 Dinosaur World with Lights<\/figcaption><\/figure>\n<figure id=\"attachment_26255\" aria-describedby=\"caption-attachment-26255\" style=\"width: 790px\" class=\"wp-caption aligncenter\"><img loading=\"lazy\" decoding=\"async\" class=\"wp-image-26255 size-full\" src=\"https:\/\/mouldking.store\/wp-content\/uploads\/2021\/10\/GAO-MISI-T2010-2013-Dinosaur-World-with-Lights-12.jpg\" alt=\"GAO MISI T2010 - 2013 Dinosaur World with Lights\" width=\"790\" height=\"842\" title=\"-\" srcset=\"https:\/\/mouldking.store\/wp-content\/uploads\/2021\/10\/GAO-MISI-T2010-2013-Dinosaur-World-with-Lights-12.jpg 790w, https:\/\/mouldking.store\/wp-content\/uploads\/2021\/10\/GAO-MISI-T2010-2013-Dinosaur-World-with-Lights-12-281x300.jpg 281w, https:\/\/mouldking.store\/wp-content\/uploads\/2021\/10\/GAO-MISI-T2010-2013-Dinosaur-World-with-Lights-12-768x819.jpg 768w, https:\/\/mouldking.store\/wp-content\/uploads\/2021\/10\/GAO-MISI-T2010-2013-Dinosaur-World-with-Lights-12-300x320.jpg 300w, https:\/\/mouldking.store\/wp-content\/uploads\/2021\/10\/GAO-MISI-T2010-2013-Dinosaur-World-with-Lights-12-600x639.jpg 600w, https:\/\/mouldking.store\/wp-content\/uploads\/2021\/10\/GAO-MISI-T2010-2013-Dinosaur-World-with-Lights-12-141x150.jpg 141w\" sizes=\"(max-width: 790px) 100vw, 790px\" \/><figcaption id=\"caption-attachment-26255\" class=\"wp-caption-text\">GAO MISI T2010 &#8211; 2013 Dinosaur World with Lights<\/figcaption><\/figure>\n<figure id=\"attachment_26256\" aria-describedby=\"caption-attachment-26256\" style=\"width: 735px\" class=\"wp-caption aligncenter\"><img loading=\"lazy\" decoding=\"async\" class=\"wp-image-26256 size-full\" src=\"https:\/\/mouldking.store\/wp-content\/uploads\/2021\/10\/GAO-MISI-T2010-2013-Dinosaur-World-with-Lights-13.jpg\" alt=\"GAO MISI T2010 - 2013 Dinosaur World with Lights\" width=\"735\" height=\"1023\" title=\"-\" srcset=\"https:\/\/mouldking.store\/wp-content\/uploads\/2021\/10\/GAO-MISI-T2010-2013-Dinosaur-World-with-Lights-13.jpg 735w, https:\/\/mouldking.store\/wp-content\/uploads\/2021\/10\/GAO-MISI-T2010-2013-Dinosaur-World-with-Lights-13-216x300.jpg 216w, https:\/\/mouldking.store\/wp-content\/uploads\/2021\/10\/GAO-MISI-T2010-2013-Dinosaur-World-with-Lights-13-300x418.jpg 300w, https:\/\/mouldking.store\/wp-content\/uploads\/2021\/10\/GAO-MISI-T2010-2013-Dinosaur-World-with-Lights-13-600x835.jpg 600w, https:\/\/mouldking.store\/wp-content\/uploads\/2021\/10\/GAO-MISI-T2010-2013-Dinosaur-World-with-Lights-13-108x150.jpg 108w\" sizes=\"(max-width: 735px) 100vw, 735px\" \/><figcaption id=\"caption-attachment-26256\" class=\"wp-caption-text\">GAO MISI T2010 &#8211; 2013 Dinosaur World with Lights<\/figcaption><\/figure>\n<figure id=\"attachment_26248\" aria-describedby=\"caption-attachment-26248\" style=\"width: 800px\" class=\"wp-caption aligncenter\"><img loading=\"lazy\" decoding=\"async\" class=\"wp-image-26248 size-full\" src=\"https:\/\/mouldking.store\/wp-content\/uploads\/2021\/10\/GAO-MISI-T2010-2013-Dinosaur-World-with-Lights-5.jpg\" alt=\"GAO MISI T2010 - 2013 Dinosaur World with Lights\" width=\"800\" height=\"800\" title=\"-\" srcset=\"https:\/\/mouldking.store\/wp-content\/uploads\/2021\/10\/GAO-MISI-T2010-2013-Dinosaur-World-with-Lights-5.jpg 800w, https:\/\/mouldking.store\/wp-content\/uploads\/2021\/10\/GAO-MISI-T2010-2013-Dinosaur-World-with-Lights-5-300x300.jpg 300w, https:\/\/mouldking.store\/wp-content\/uploads\/2021\/10\/GAO-MISI-T2010-2013-Dinosaur-World-with-Lights-5-768x768.jpg 768w, https:\/\/mouldking.store\/wp-content\/uploads\/2021\/10\/GAO-MISI-T2010-2013-Dinosaur-World-with-Lights-5-600x600.jpg 600w, https:\/\/mouldking.store\/wp-content\/uploads\/2021\/10\/GAO-MISI-T2010-2013-Dinosaur-World-with-Lights-5-150x150.jpg 150w\" sizes=\"(max-width: 800px) 100vw, 800px\" \/><figcaption id=\"caption-attachment-26248\" class=\"wp-caption-text\">GAO MISI T2010 &#8211; 2013 Dinosaur World with Lights<\/figcaption><\/figure>\n<figure id=\"attachment_26249\" aria-describedby=\"caption-attachment-26249\" style=\"width: 590px\" class=\"wp-caption aligncenter\"><img loading=\"lazy\" decoding=\"async\" class=\"wp-image-26249 size-full\" src=\"https:\/\/mouldking.store\/wp-content\/uploads\/2021\/10\/GAO-MISI-T2010-2013-Dinosaur-World-with-Lights-6.jpg\" alt=\"GAO MISI T2010 - 2013 Dinosaur World with Lights\" width=\"590\" height=\"1024\" title=\"-\" srcset=\"https:\/\/mouldking.store\/wp-content\/uploads\/2021\/10\/GAO-MISI-T2010-2013-Dinosaur-World-with-Lights-6.jpg 590w, https:\/\/mouldking.store\/wp-content\/uploads\/2021\/10\/GAO-MISI-T2010-2013-Dinosaur-World-with-Lights-6-173x300.jpg 173w, https:\/\/mouldking.store\/wp-content\/uploads\/2021\/10\/GAO-MISI-T2010-2013-Dinosaur-World-with-Lights-6-300x521.jpg 300w, https:\/\/mouldking.store\/wp-content\/uploads\/2021\/10\/GAO-MISI-T2010-2013-Dinosaur-World-with-Lights-6-86x150.jpg 86w\" sizes=\"(max-width: 590px) 100vw, 590px\" \/><figcaption id=\"caption-attachment-26249\" class=\"wp-caption-text\">GAO MISI T2010 &#8211; 2013 Dinosaur World with Lights<\/figcaption><\/figure>\n<figure id=\"attachment_26250\" aria-describedby=\"caption-attachment-26250\" style=\"width: 790px\" class=\"wp-caption aligncenter\"><img loading=\"lazy\" decoding=\"async\" class=\"wp-image-26250 size-full\" src=\"https:\/\/mouldking.store\/wp-content\/uploads\/2021\/10\/GAO-MISI-T2010-2013-Dinosaur-World-with-Lights-7.jpg\" alt=\"GAO MISI T2010 - 2013 Dinosaur World with Lights\" width=\"790\" height=\"797\" title=\"-\" srcset=\"https:\/\/mouldking.store\/wp-content\/uploads\/2021\/10\/GAO-MISI-T2010-2013-Dinosaur-World-with-Lights-7.jpg 790w, https:\/\/mouldking.store\/wp-content\/uploads\/2021\/10\/GAO-MISI-T2010-2013-Dinosaur-World-with-Lights-7-297x300.jpg 297w, https:\/\/mouldking.store\/wp-content\/uploads\/2021\/10\/GAO-MISI-T2010-2013-Dinosaur-World-with-Lights-7-768x775.jpg 768w, https:\/\/mouldking.store\/wp-content\/uploads\/2021\/10\/GAO-MISI-T2010-2013-Dinosaur-World-with-Lights-7-300x303.jpg 300w, https:\/\/mouldking.store\/wp-content\/uploads\/2021\/10\/GAO-MISI-T2010-2013-Dinosaur-World-with-Lights-7-600x605.jpg 600w, https:\/\/mouldking.store\/wp-content\/uploads\/2021\/10\/GAO-MISI-T2010-2013-Dinosaur-World-with-Lights-7-150x150.jpg 150w\" sizes=\"(max-width: 790px) 100vw, 790px\" \/><figcaption id=\"caption-attachment-26250\" class=\"wp-caption-text\">GAO MISI T2010 &#8211; 2013 Dinosaur World with Lights<\/figcaption><\/figure>\n<figure id=\"attachment_26251\" aria-describedby=\"caption-attachment-26251\" style=\"width: 776px\" class=\"wp-caption aligncenter\"><img loading=\"lazy\" decoding=\"async\" class=\"wp-image-26251 size-full\" src=\"https:\/\/mouldking.store\/wp-content\/uploads\/2021\/10\/GAO-MISI-T2010-2013-Dinosaur-World-with-Lights-8.jpg\" alt=\"GAO MISI T2010 - 2013 Dinosaur World with Lights\" width=\"776\" height=\"1024\" title=\"-\" srcset=\"https:\/\/mouldking.store\/wp-content\/uploads\/2021\/10\/GAO-MISI-T2010-2013-Dinosaur-World-with-Lights-8.jpg 776w, https:\/\/mouldking.store\/wp-content\/uploads\/2021\/10\/GAO-MISI-T2010-2013-Dinosaur-World-with-Lights-8-227x300.jpg 227w, https:\/\/mouldking.store\/wp-content\/uploads\/2021\/10\/GAO-MISI-T2010-2013-Dinosaur-World-with-Lights-8-768x1013.jpg 768w, https:\/\/mouldking.store\/wp-content\/uploads\/2021\/10\/GAO-MISI-T2010-2013-Dinosaur-World-with-Lights-8-300x396.jpg 300w, https:\/\/mouldking.store\/wp-content\/uploads\/2021\/10\/GAO-MISI-T2010-2013-Dinosaur-World-with-Lights-8-600x792.jpg 600w, https:\/\/mouldking.store\/wp-content\/uploads\/2021\/10\/GAO-MISI-T2010-2013-Dinosaur-World-with-Lights-8-114x150.jpg 114w\" sizes=\"(max-width: 776px) 100vw, 776px\" \/><figcaption id=\"caption-attachment-26251\" class=\"wp-caption-text\">GAO MISI T2010 &#8211; 2013 Dinosaur World with Lights<\/figcaption><\/figure>\n<figure id=\"attachment_26252\" aria-describedby=\"caption-attachment-26252\" style=\"width: 789px\" class=\"wp-caption aligncenter\"><img loading=\"lazy\" decoding=\"async\" class=\"wp-image-26252 size-full\" src=\"https:\/\/mouldking.store\/wp-content\/uploads\/2021\/10\/GAO-MISI-T2010-2013-Dinosaur-World-with-Lights-9.jpg\" alt=\"GAO MISI T2010 - 2013 Dinosaur World with Lights\" width=\"789\" height=\"799\" title=\"-\" srcset=\"https:\/\/mouldking.store\/wp-content\/uploads\/2021\/10\/GAO-MISI-T2010-2013-Dinosaur-World-with-Lights-9.jpg 789w, https:\/\/mouldking.store\/wp-content\/uploads\/2021\/10\/GAO-MISI-T2010-2013-Dinosaur-World-with-Lights-9-296x300.jpg 296w, https:\/\/mouldking.store\/wp-content\/uploads\/2021\/10\/GAO-MISI-T2010-2013-Dinosaur-World-with-Lights-9-768x778.jpg 768w, https:\/\/mouldking.store\/wp-content\/uploads\/2021\/10\/GAO-MISI-T2010-2013-Dinosaur-World-with-Lights-9-300x304.jpg 300w, https:\/\/mouldking.store\/wp-content\/uploads\/2021\/10\/GAO-MISI-T2010-2013-Dinosaur-World-with-Lights-9-600x608.jpg 600w, https:\/\/mouldking.store\/wp-content\/uploads\/2021\/10\/GAO-MISI-T2010-2013-Dinosaur-World-with-Lights-9-148x150.jpg 148w\" sizes=\"(max-width: 789px) 100vw, 789px\" \/><figcaption id=\"caption-attachment-26252\" class=\"wp-caption-text\">GAO MISI T2010 &#8211; 2013 Dinosaur World with Lights<\/figcaption><\/figure>\n<figure id=\"attachment_26253\" aria-describedby=\"caption-attachment-26253\" style=\"width: 761px\" class=\"wp-caption aligncenter\"><img loading=\"lazy\" decoding=\"async\" class=\"wp-image-26253 size-full\" src=\"https:\/\/mouldking.store\/wp-content\/uploads\/2021\/10\/GAO-MISI-T2010-2013-Dinosaur-World-with-Lights-10.jpg\" alt=\"GAO MISI T2010 - 2013 Dinosaur World with Lights\" width=\"761\" height=\"1023\" title=\"-\" srcset=\"https:\/\/mouldking.store\/wp-content\/uploads\/2021\/10\/GAO-MISI-T2010-2013-Dinosaur-World-with-Lights-10.jpg 761w, https:\/\/mouldking.store\/wp-content\/uploads\/2021\/10\/GAO-MISI-T2010-2013-Dinosaur-World-with-Lights-10-223x300.jpg 223w, https:\/\/mouldking.store\/wp-content\/uploads\/2021\/10\/GAO-MISI-T2010-2013-Dinosaur-World-with-Lights-10-300x403.jpg 300w, https:\/\/mouldking.store\/wp-content\/uploads\/2021\/10\/GAO-MISI-T2010-2013-Dinosaur-World-with-Lights-10-600x807.jpg 600w, https:\/\/mouldking.store\/wp-content\/uploads\/2021\/10\/GAO-MISI-T2010-2013-Dinosaur-World-with-Lights-10-112x150.jpg 112w\" sizes=\"(max-width: 761px) 100vw, 761px\" \/><figcaption id=\"caption-attachment-26253\" class=\"wp-caption-text\">GAO MISI T2010 &#8211; 2013 Dinosaur World with Lights<\/figcaption><\/figure>\n<figure id=\"attachment_26246\" aria-describedby=\"caption-attachment-26246\" style=\"width: 800px\" class=\"wp-caption aligncenter\"><img loading=\"lazy\" decoding=\"async\" class=\"wp-image-26246 size-full\" src=\"https:\/\/mouldking.store\/wp-content\/uploads\/2021\/10\/GAO-MISI-T2010-2013-Dinosaur-World-with-Lights-3.jpg\" alt=\"GAO MISI T2010 - 2013 Dinosaur World with Lights\" width=\"800\" height=\"800\" title=\"-\" srcset=\"https:\/\/mouldking.store\/wp-content\/uploads\/2021\/10\/GAO-MISI-T2010-2013-Dinosaur-World-with-Lights-3.jpg 800w, https:\/\/mouldking.store\/wp-content\/uploads\/2021\/10\/GAO-MISI-T2010-2013-Dinosaur-World-with-Lights-3-300x300.jpg 300w, https:\/\/mouldking.store\/wp-content\/uploads\/2021\/10\/GAO-MISI-T2010-2013-Dinosaur-World-with-Lights-3-768x768.jpg 768w, https:\/\/mouldking.store\/wp-content\/uploads\/2021\/10\/GAO-MISI-T2010-2013-Dinosaur-World-with-Lights-3-600x600.jpg 600w, https:\/\/mouldking.store\/wp-content\/uploads\/2021\/10\/GAO-MISI-T2010-2013-Dinosaur-World-with-Lights-3-150x150.jpg 150w\" sizes=\"(max-width: 800px) 100vw, 800px\" \/><figcaption id=\"caption-attachment-26246\" class=\"wp-caption-text\">GAO MISI T2010 &#8211; 2013 Dinosaur World with Lights<\/figcaption><\/figure>\n<figure id=\"attachment_26257\" aria-describedby=\"caption-attachment-26257\" style=\"width: 570px\" class=\"wp-caption aligncenter\"><img loading=\"lazy\" decoding=\"async\" class=\"wp-image-26257 size-full\" src=\"https:\/\/mouldking.store\/wp-content\/uploads\/2021\/10\/GAO-MISI-T2010-2013-Dinosaur-World-with-Lights-14.jpg\" alt=\"GAO MISI T2010 - 2013 Dinosaur World with Lights\" width=\"570\" height=\"1024\" title=\"-\" srcset=\"https:\/\/mouldking.store\/wp-content\/uploads\/2021\/10\/GAO-MISI-T2010-2013-Dinosaur-World-with-Lights-14.jpg 570w, https:\/\/mouldking.store\/wp-content\/uploads\/2021\/10\/GAO-MISI-T2010-2013-Dinosaur-World-with-Lights-14-167x300.jpg 167w, https:\/\/mouldking.store\/wp-content\/uploads\/2021\/10\/GAO-MISI-T2010-2013-Dinosaur-World-with-Lights-14-300x539.jpg 300w, https:\/\/mouldking.store\/wp-content\/uploads\/2021\/10\/GAO-MISI-T2010-2013-Dinosaur-World-with-Lights-14-83x150.jpg 83w\" sizes=\"(max-width: 570px) 100vw, 570px\" \/><figcaption id=\"caption-attachment-26257\" class=\"wp-caption-text\">GAO MISI T2010 &#8211; 2013 Dinosaur World with Lights<\/figcaption><\/figure>\n<figure id=\"attachment_26258\" aria-describedby=\"caption-attachment-26258\" style=\"width: 790px\" class=\"wp-caption aligncenter\"><img loading=\"lazy\" decoding=\"async\" class=\"wp-image-26258 size-full\" src=\"https:\/\/mouldking.store\/wp-content\/uploads\/2021\/10\/GAO-MISI-T2010-2013-Dinosaur-World-with-Lights-15.jpg\" alt=\"GAO MISI T2010 - 2013 Dinosaur World with Lights\" width=\"790\" height=\"809\" title=\"-\" srcset=\"https:\/\/mouldking.store\/wp-content\/uploads\/2021\/10\/GAO-MISI-T2010-2013-Dinosaur-World-with-Lights-15.jpg 790w, https:\/\/mouldking.store\/wp-content\/uploads\/2021\/10\/GAO-MISI-T2010-2013-Dinosaur-World-with-Lights-15-293x300.jpg 293w, https:\/\/mouldking.store\/wp-content\/uploads\/2021\/10\/GAO-MISI-T2010-2013-Dinosaur-World-with-Lights-15-768x786.jpg 768w, https:\/\/mouldking.store\/wp-content\/uploads\/2021\/10\/GAO-MISI-T2010-2013-Dinosaur-World-with-Lights-15-300x307.jpg 300w, https:\/\/mouldking.store\/wp-content\/uploads\/2021\/10\/GAO-MISI-T2010-2013-Dinosaur-World-with-Lights-15-600x614.jpg 600w, https:\/\/mouldking.store\/wp-content\/uploads\/2021\/10\/GAO-MISI-T2010-2013-Dinosaur-World-with-Lights-15-146x150.jpg 146w\" sizes=\"(max-width: 790px) 100vw, 790px\" \/><figcaption id=\"caption-attachment-26258\" class=\"wp-caption-text\">GAO MISI T2010 &#8211; 2013 Dinosaur World with Lights<\/figcaption><\/figure>\n<figure id=\"attachment_26259\" aria-describedby=\"caption-attachment-26259\" style=\"width: 790px\" class=\"wp-caption aligncenter\"><img loading=\"lazy\" decoding=\"async\" class=\"wp-image-26259 size-full\" src=\"https:\/\/mouldking.store\/wp-content\/uploads\/2021\/10\/GAO-MISI-T2010-2013-Dinosaur-World-with-Lights-16.jpg\" alt=\"GAO MISI T2010 - 2013 Dinosaur World with Lights\" width=\"790\" height=\"1004\" title=\"-\" srcset=\"https:\/\/mouldking.store\/wp-content\/uploads\/2021\/10\/GAO-MISI-T2010-2013-Dinosaur-World-with-Lights-16.jpg 790w, https:\/\/mouldking.store\/wp-content\/uploads\/2021\/10\/GAO-MISI-T2010-2013-Dinosaur-World-with-Lights-16-236x300.jpg 236w, https:\/\/mouldking.store\/wp-content\/uploads\/2021\/10\/GAO-MISI-T2010-2013-Dinosaur-World-with-Lights-16-768x976.jpg 768w, https:\/\/mouldking.store\/wp-content\/uploads\/2021\/10\/GAO-MISI-T2010-2013-Dinosaur-World-with-Lights-16-300x381.jpg 300w, https:\/\/mouldking.store\/wp-content\/uploads\/2021\/10\/GAO-MISI-T2010-2013-Dinosaur-World-with-Lights-16-600x763.jpg 600w, https:\/\/mouldking.store\/wp-content\/uploads\/2021\/10\/GAO-MISI-T2010-2013-Dinosaur-World-with-Lights-16-118x150.jpg 118w\" sizes=\"(max-width: 790px) 100vw, 790px\" \/><figcaption id=\"caption-attachment-26259\" class=\"wp-caption-text\">GAO MISI T2010 &#8211; 2013 Dinosaur World with Lights<\/figcaption><\/figure>\n<figure id=\"attachment_26261\" aria-describedby=\"caption-attachment-26261\" style=\"width: 578px\" class=\"wp-caption aligncenter\"><img loading=\"lazy\" decoding=\"async\" class=\"wp-image-26261 size-full\" src=\"https:\/\/mouldking.store\/wp-content\/uploads\/2021\/10\/GAO-MISI-T2010-2013-Dinosaur-World-with-Lights-18.jpg\" alt=\"GAO MISI T2010 - 2013 Dinosaur World with Lights\" width=\"578\" height=\"1024\" title=\"-\" srcset=\"https:\/\/mouldking.store\/wp-content\/uploads\/2021\/10\/GAO-MISI-T2010-2013-Dinosaur-World-with-Lights-18.jpg 578w, https:\/\/mouldking.store\/wp-content\/uploads\/2021\/10\/GAO-MISI-T2010-2013-Dinosaur-World-with-Lights-18-169x300.jpg 169w, https:\/\/mouldking.store\/wp-content\/uploads\/2021\/10\/GAO-MISI-T2010-2013-Dinosaur-World-with-Lights-18-300x531.jpg 300w, https:\/\/mouldking.store\/wp-content\/uploads\/2021\/10\/GAO-MISI-T2010-2013-Dinosaur-World-with-Lights-18-85x150.jpg 85w\" sizes=\"(max-width: 578px) 100vw, 578px\" \/><figcaption id=\"caption-attachment-26261\" class=\"wp-caption-text\">GAO MISI T2010 &#8211; 2013 Dinosaur World with Lights<\/figcaption><\/figure>","protected":false},"excerpt":{"rendered":"<p>Product information: Brand: GAO MISI Gender: Unisex Name: Dinosaur World with Lights Age Range: &gt; 6 years old Model Number: T2010 &#8211; 2013 Classification: Assemblage Plastic Block Shape: Self-Locking Bricks Material: Plastic Plastic Type: ABS Contains detailed assembly instructions. Notice: 1. Without an original box, but we guarantee our products have quality assurance and nice [&hellip;]<\/p>","protected":false},"featured_media":26244,"comment_status":"open","ping_status":"closed","template":"","meta":{"_acf_changed":false},"product_cat":[371],"product_tag":[2879,2881,2878,2880,2877,2496],"class_list":["product","first","instock","shipping-taxable","purchasable","product-type-variable"],"acf":[],"_links":{"self":[{"href":"https:\/\/mouldking.store\/vi\/wp-json\/wp\/v2\/product\/26243","targetHints":{"allow":["GET"]}}],"collection":[{"href":"https:\/\/mouldking.store\/vi\/wp-json\/wp\/v2\/product"}],"about":[{"href":"https:\/\/mouldking.store\/vi\/wp-json\/wp\/v2\/types\/product"}],"replies":[{"embeddable":true,"href":"https:\/\/mouldking.store\/vi\/wp-json\/wp\/v2\/comments?post=26243"}],"wp:featuredmedia":[{"embeddable":true,"href":"https:\/\/mouldking.store\/vi\/wp-json\/wp\/v2\/media\/26244"}],"wp:attachment":[{"href":"https:\/\/mouldking.store\/vi\/wp-json\/wp\/v2\/media?parent=26243"}],"wp:term":[{"taxonomy":"product_cat","embeddable":true,"href":"https:\/\/mouldking.store\/vi\/wp-json\/wp\/v2\/product_cat?post=26243"},{"taxonomy":"product_tag","embeddable":true,"href":"https:\/\/mouldking.store\/vi\/wp-json\/wp\/v2\/product_tag?post=26243"}],"curies":[{"name":"wp","href":"https:\/\/api.w.org\/{rel}","templated":true}]}}