{"id":26277,"date":"2021-10-29T15:06:05","date_gmt":"2021-10-29T15:06:05","guid":{"rendered":"https:\/\/mouldking.store\/?post_type=product&#038;p=26277"},"modified":"2021-12-23T09:40:55","modified_gmt":"2021-12-23T09:40:55","slug":"mould-king-17012-rc-three-way-dump-truck-with-3206-pieces","status":"publish","type":"product","link":"https:\/\/mouldking.store\/vi\/shop\/mould-king-17012-rc-three-way-dump-truck-with-3206-pieces\/","title":{"rendered":"Xe ben ba chi\u1ec1u Mould King 17012 RC v\u1edbi 3206 chi ti\u1ebft"},"content":{"rendered":"<p>Th\u00f4ng tin s\u1ea3n ph\u1ea9m:<\/p>\n<ol>\n<li>Th\u01b0\u01a1ng hi\u1ec7u: Khu\u00f4n Vua<\/li>\n<li>Gi\u1edbi t\u00ednh: Unisex<\/li>\n<li>Name: RC Three-Way Dump Truck<\/li>\n<li>\u0110\u1ed9 tu\u1ed5i: &gt; 6 tu\u1ed5i<\/li>\n<li>Model Number: 17012<\/li>\n<li>Ph\u00e2n lo\u1ea1i: T\u1eadp h\u1ee3p<\/li>\n<li>H\u00ecnh d\u1ea1ng kh\u1ed1i nh\u1ef1a: G\u1ea1ch t\u1ef1 kh\u00f3a<\/li>\n<li>Ch\u1ea5t li\u1ec7u: Nh\u1ef1a<\/li>\n<li>Lo\u1ea1i nh\u1ef1a: ABS<\/li>\n<li>Bricks Blocks: 3206 PCS<\/li>\n<li>Ch\u1ee9a h\u01b0\u1edbng d\u1eabn l\u1eafp r\u00e1p chi ti\u1ebft.<\/li>\n<\/ol>\n<p>\u0110\u1ec3 \u00fd:<br \/>\n1. Kh\u00f4ng c\u00f3 h\u1ed9p ban \u0111\u1ea7u, nh\u01b0ng ch\u00fang t\u00f4i \u0111\u1ea3m b\u1ea3o s\u1ea3n ph\u1ea9m c\u1ee7a ch\u00fang t\u00f4i c\u00f3 ch\u1ea5t l\u01b0\u1ee3ng \u0111\u1ea3m b\u1ea3o v\u00e0 bao b\u00ec \u0111\u1eb9p.<br \/>\n2. V\u00ec t\u1ea5t c\u1ea3 c\u00e1c b\u1ed9 ph\u1eadn ch\u00fang t\u00f4i \u0111\u00e3 ki\u1ec3m tra tr\u01b0\u1edbc khi v\u1eadn chuy\u1ec3n, v\u00ec v\u1eady n\u1ebfu b\u1ea1n th\u1ea5y m\u1ed9t s\u1ed1 b\u1ed9 ph\u1eadn b\u1ecb thi\u1ebfu ho\u1eb7c h\u01b0 h\u1ecfng, \u0111\u1eebng lo l\u1eafng v\u00e0 ch\u1ec9 c\u1ea7n vui l\u00f2ng li\u00ean h\u1ec7 v\u1edbi ch\u00fang t\u00f4i v\u00e0 ch\u00fang t\u00f4i c\u00f3 th\u1ec3 g\u1eedi l\u1ea1i mi\u1ec5n ph\u00ed cho b\u1ea1n ngay l\u1eadp t\u1ee9c.<\/p>\n<figure id=\"attachment_26278\" aria-describedby=\"caption-attachment-26278\" style=\"width: 800px\" class=\"wp-caption aligncenter\"><img fetchpriority=\"high\" decoding=\"async\" class=\"wp-image-26278 size-full\" src=\"https:\/\/mouldking.store\/wp-content\/uploads\/2021\/10\/MOULDKING-17012-Three-Way-Dump-Truck-1.jpg\" alt=\"Mould King 17012 RC Three-Way Dump Truck with 3206 pieces\" width=\"800\" height=\"800\" title=\"-\" srcset=\"https:\/\/mouldking.store\/wp-content\/uploads\/2021\/10\/MOULDKING-17012-Three-Way-Dump-Truck-1.jpg 800w, https:\/\/mouldking.store\/wp-content\/uploads\/2021\/10\/MOULDKING-17012-Three-Way-Dump-Truck-1-300x300.jpg 300w, https:\/\/mouldking.store\/wp-content\/uploads\/2021\/10\/MOULDKING-17012-Three-Way-Dump-Truck-1-768x768.jpg 768w, https:\/\/mouldking.store\/wp-content\/uploads\/2021\/10\/MOULDKING-17012-Three-Way-Dump-Truck-1-600x600.jpg 600w, https:\/\/mouldking.store\/wp-content\/uploads\/2021\/10\/MOULDKING-17012-Three-Way-Dump-Truck-1-150x150.jpg 150w\" sizes=\"(max-width: 800px) 100vw, 800px\" \/><figcaption id=\"caption-attachment-26278\" class=\"wp-caption-text\">Xe ben ba chi\u1ec1u Mould King 17012 RC v\u1edbi 3206 chi ti\u1ebft<\/figcaption><\/figure>\n<figure id=\"attachment_26283\" aria-describedby=\"caption-attachment-26283\" style=\"width: 711px\" class=\"wp-caption aligncenter\"><img decoding=\"async\" class=\"wp-image-26283 size-full\" src=\"https:\/\/mouldking.store\/wp-content\/uploads\/2021\/10\/MOULDKING-17012-Three-Way-Dump-Truck-6.jpg\" alt=\"Mould King 17012 RC Three-Way Dump Truck with 3206 pieces\" width=\"711\" height=\"1024\" title=\"-\" srcset=\"https:\/\/mouldking.store\/wp-content\/uploads\/2021\/10\/MOULDKING-17012-Three-Way-Dump-Truck-6.jpg 711w, https:\/\/mouldking.store\/wp-content\/uploads\/2021\/10\/MOULDKING-17012-Three-Way-Dump-Truck-6-208x300.jpg 208w, https:\/\/mouldking.store\/wp-content\/uploads\/2021\/10\/MOULDKING-17012-Three-Way-Dump-Truck-6-300x432.jpg 300w, https:\/\/mouldking.store\/wp-content\/uploads\/2021\/10\/MOULDKING-17012-Three-Way-Dump-Truck-6-600x864.jpg 600w, https:\/\/mouldking.store\/wp-content\/uploads\/2021\/10\/MOULDKING-17012-Three-Way-Dump-Truck-6-104x150.jpg 104w\" sizes=\"(max-width: 711px) 100vw, 711px\" \/><figcaption id=\"caption-attachment-26283\" class=\"wp-caption-text\">Xe ben ba chi\u1ec1u Mould King 17012 RC v\u1edbi 3206 chi ti\u1ebft<\/figcaption><\/figure>\n<figure id=\"attachment_26284\" aria-describedby=\"caption-attachment-26284\" style=\"width: 800px\" class=\"wp-caption aligncenter\"><img decoding=\"async\" class=\"wp-image-26284\" src=\"https:\/\/mouldking.store\/wp-content\/uploads\/2021\/10\/MOULDKING-17012-Three-Way-Dump-Truck-7.jpg\" alt=\"Mould King 17012 RC Three-Way Dump Truck with 3206 pieces\" width=\"800\" height=\"653\" title=\"-\" srcset=\"https:\/\/mouldking.store\/wp-content\/uploads\/2021\/10\/MOULDKING-17012-Three-Way-Dump-Truck-7.jpg 1024w, https:\/\/mouldking.store\/wp-content\/uploads\/2021\/10\/MOULDKING-17012-Three-Way-Dump-Truck-7-300x245.jpg 300w, https:\/\/mouldking.store\/wp-content\/uploads\/2021\/10\/MOULDKING-17012-Three-Way-Dump-Truck-7-768x627.jpg 768w, https:\/\/mouldking.store\/wp-content\/uploads\/2021\/10\/MOULDKING-17012-Three-Way-Dump-Truck-7-600x490.jpg 600w, https:\/\/mouldking.store\/wp-content\/uploads\/2021\/10\/MOULDKING-17012-Three-Way-Dump-Truck-7-150x122.jpg 150w\" sizes=\"(max-width: 800px) 100vw, 800px\" \/><figcaption id=\"caption-attachment-26284\" class=\"wp-caption-text\">Xe ben ba chi\u1ec1u Mould King 17012 RC v\u1edbi 3206 chi ti\u1ebft<\/figcaption><\/figure>\n<figure id=\"attachment_26282\" aria-describedby=\"caption-attachment-26282\" style=\"width: 746px\" class=\"wp-caption aligncenter\"><img loading=\"lazy\" decoding=\"async\" class=\"wp-image-26282 size-full\" src=\"https:\/\/mouldking.store\/wp-content\/uploads\/2021\/10\/MOULDKING-17012-Three-Way-Dump-Truck-5.jpg\" alt=\"Mould King 17012 RC Three-Way Dump Truck with 3206 pieces\" width=\"746\" height=\"1024\" title=\"-\" srcset=\"https:\/\/mouldking.store\/wp-content\/uploads\/2021\/10\/MOULDKING-17012-Three-Way-Dump-Truck-5.jpg 746w, https:\/\/mouldking.store\/wp-content\/uploads\/2021\/10\/MOULDKING-17012-Three-Way-Dump-Truck-5-219x300.jpg 219w, https:\/\/mouldking.store\/wp-content\/uploads\/2021\/10\/MOULDKING-17012-Three-Way-Dump-Truck-5-300x412.jpg 300w, https:\/\/mouldking.store\/wp-content\/uploads\/2021\/10\/MOULDKING-17012-Three-Way-Dump-Truck-5-600x824.jpg 600w, https:\/\/mouldking.store\/wp-content\/uploads\/2021\/10\/MOULDKING-17012-Three-Way-Dump-Truck-5-109x150.jpg 109w\" sizes=\"(max-width: 746px) 100vw, 746px\" \/><figcaption id=\"caption-attachment-26282\" class=\"wp-caption-text\">Xe ben ba chi\u1ec1u Mould King 17012 RC v\u1edbi 3206 chi ti\u1ebft<\/figcaption><\/figure>\n<figure id=\"attachment_26281\" aria-describedby=\"caption-attachment-26281\" style=\"width: 754px\" class=\"wp-caption aligncenter\"><img loading=\"lazy\" decoding=\"async\" class=\"wp-image-26281 size-full\" src=\"https:\/\/mouldking.store\/wp-content\/uploads\/2021\/10\/MOULDKING-17012-Three-Way-Dump-Truck-4.jpg\" alt=\"Mould King 17012 RC Three-Way Dump Truck with 3206 pieces\" width=\"754\" height=\"1024\" title=\"-\" srcset=\"https:\/\/mouldking.store\/wp-content\/uploads\/2021\/10\/MOULDKING-17012-Three-Way-Dump-Truck-4.jpg 754w, https:\/\/mouldking.store\/wp-content\/uploads\/2021\/10\/MOULDKING-17012-Three-Way-Dump-Truck-4-221x300.jpg 221w, https:\/\/mouldking.store\/wp-content\/uploads\/2021\/10\/MOULDKING-17012-Three-Way-Dump-Truck-4-300x407.jpg 300w, https:\/\/mouldking.store\/wp-content\/uploads\/2021\/10\/MOULDKING-17012-Three-Way-Dump-Truck-4-600x815.jpg 600w, https:\/\/mouldking.store\/wp-content\/uploads\/2021\/10\/MOULDKING-17012-Three-Way-Dump-Truck-4-110x150.jpg 110w\" sizes=\"(max-width: 754px) 100vw, 754px\" \/><figcaption id=\"caption-attachment-26281\" class=\"wp-caption-text\">Xe ben ba chi\u1ec1u Mould King 17012 RC v\u1edbi 3206 chi ti\u1ebft<\/figcaption><\/figure>\n<figure id=\"attachment_26280\" aria-describedby=\"caption-attachment-26280\" style=\"width: 711px\" class=\"wp-caption aligncenter\"><img loading=\"lazy\" decoding=\"async\" class=\"wp-image-26280 size-full\" src=\"https:\/\/mouldking.store\/wp-content\/uploads\/2021\/10\/MOULDKING-17012-Three-Way-Dump-Truck-3.jpg\" alt=\"Mould King 17012 RC Three-Way Dump Truck with 3206 pieces\" width=\"711\" height=\"1024\" title=\"-\" srcset=\"https:\/\/mouldking.store\/wp-content\/uploads\/2021\/10\/MOULDKING-17012-Three-Way-Dump-Truck-3.jpg 711w, https:\/\/mouldking.store\/wp-content\/uploads\/2021\/10\/MOULDKING-17012-Three-Way-Dump-Truck-3-208x300.jpg 208w, https:\/\/mouldking.store\/wp-content\/uploads\/2021\/10\/MOULDKING-17012-Three-Way-Dump-Truck-3-300x432.jpg 300w, https:\/\/mouldking.store\/wp-content\/uploads\/2021\/10\/MOULDKING-17012-Three-Way-Dump-Truck-3-600x864.jpg 600w, https:\/\/mouldking.store\/wp-content\/uploads\/2021\/10\/MOULDKING-17012-Three-Way-Dump-Truck-3-104x150.jpg 104w\" sizes=\"(max-width: 711px) 100vw, 711px\" \/><figcaption id=\"caption-attachment-26280\" class=\"wp-caption-text\">Xe ben ba chi\u1ec1u Mould King 17012 RC v\u1edbi 3206 chi ti\u1ebft<\/figcaption><\/figure>\n<figure id=\"attachment_26279\" aria-describedby=\"caption-attachment-26279\" style=\"width: 800px\" class=\"wp-caption aligncenter\"><img loading=\"lazy\" decoding=\"async\" class=\"wp-image-26279\" src=\"https:\/\/mouldking.store\/wp-content\/uploads\/2021\/10\/MOULDKING-17012-Three-Way-Dump-Truck-2-300x265.jpg\" alt=\"Mould King 17012 RC Three-Way Dump Truck with 3206 pieces\" width=\"800\" height=\"706\" title=\"-\" srcset=\"https:\/\/mouldking.store\/wp-content\/uploads\/2021\/10\/MOULDKING-17012-Three-Way-Dump-Truck-2-300x265.jpg 300w, https:\/\/mouldking.store\/wp-content\/uploads\/2021\/10\/MOULDKING-17012-Three-Way-Dump-Truck-2-768x678.jpg 768w, https:\/\/mouldking.store\/wp-content\/uploads\/2021\/10\/MOULDKING-17012-Three-Way-Dump-Truck-2-600x530.jpg 600w, https:\/\/mouldking.store\/wp-content\/uploads\/2021\/10\/MOULDKING-17012-Three-Way-Dump-Truck-2-150x132.jpg 150w, https:\/\/mouldking.store\/wp-content\/uploads\/2021\/10\/MOULDKING-17012-Three-Way-Dump-Truck-2.jpg 1024w\" sizes=\"(max-width: 800px) 100vw, 800px\" \/><figcaption id=\"caption-attachment-26279\" class=\"wp-caption-text\">Xe ben ba chi\u1ec1u Mould King 17012 RC v\u1edbi 3206 chi ti\u1ebft<\/figcaption><\/figure>","protected":false},"excerpt":{"rendered":"<p>Product information: Brand: Mould King Gender: Unisex Name: RC Three-Way Dump Truck Age Range: &gt; 6 years old Model Number: 17012 Classification: Assemblage Plastic Block Shape: Self-Locking Bricks Material: Plastic Plastic Type: ABS Bricks Blocks: 3206 PCS Contains detailed assembly instructions. Notice: 1. Without an original box, but we guarantee our products have quality assurance [&hellip;]<\/p>","protected":false},"featured_media":26278,"comment_status":"open","ping_status":"closed","template":"","meta":{"_acf_changed":false},"product_cat":[364],"product_tag":[2900,2897,2896,481,2898,2899],"class_list":["product","first","instock","shipping-taxable","purchasable","product-type-simple"],"acf":[],"_links":{"self":[{"href":"https:\/\/mouldking.store\/vi\/wp-json\/wp\/v2\/product\/26277","targetHints":{"allow":["GET"]}}],"collection":[{"href":"https:\/\/mouldking.store\/vi\/wp-json\/wp\/v2\/product"}],"about":[{"href":"https:\/\/mouldking.store\/vi\/wp-json\/wp\/v2\/types\/product"}],"replies":[{"embeddable":true,"href":"https:\/\/mouldking.store\/vi\/wp-json\/wp\/v2\/comments?post=26277"}],"wp:featuredmedia":[{"embeddable":true,"href":"https:\/\/mouldking.store\/vi\/wp-json\/wp\/v2\/media\/26278"}],"wp:attachment":[{"href":"https:\/\/mouldking.store\/vi\/wp-json\/wp\/v2\/media?parent=26277"}],"wp:term":[{"taxonomy":"product_cat","embeddable":true,"href":"https:\/\/mouldking.store\/vi\/wp-json\/wp\/v2\/product_cat?post=26277"},{"taxonomy":"product_tag","embeddable":true,"href":"https:\/\/mouldking.store\/vi\/wp-json\/wp\/v2\/product_tag?post=26277"}],"curies":[{"name":"wp","href":"https:\/\/api.w.org\/{rel}","templated":true}]}}