{"id":26292,"date":"2021-10-29T15:14:15","date_gmt":"2021-10-29T15:14:15","guid":{"rendered":"https:\/\/mouldking.store\/?post_type=product&#038;p=26292"},"modified":"2021-12-23T09:40:56","modified_gmt":"2021-12-23T09:40:56","slug":"cada-c63001-cyber-night-cyber-turbo-v-with-1682-pieces","status":"publish","type":"product","link":"https:\/\/mouldking.store\/vi\/shop\/cada-c63001-cyber-night-cyber-turbo-v-with-1682-pieces\/","title":{"rendered":"CADA C63001 Cyber Night Cyber Turbo-V v\u1edbi 1682 m\u1ea3nh gh\u00e9p"},"content":{"rendered":"<p>Th\u00f4ng tin s\u1ea3n ph\u1ea9m:<\/p>\n<ol>\n<li>Th\u01b0\u01a1ng hi\u1ec7u: CADA<\/li>\n<li>Gi\u1edbi t\u00ednh: Unisex<\/li>\n<li>Name: Cyber Night Cyber Turbo-V<\/li>\n<li>\u0110\u1ed9 tu\u1ed5i: &gt; 6 tu\u1ed5i<\/li>\n<li>Model Number: C63001<\/li>\n<li>Ph\u00e2n lo\u1ea1i: T\u1eadp h\u1ee3p<\/li>\n<li>H\u00ecnh d\u1ea1ng kh\u1ed1i nh\u1ef1a: G\u1ea1ch t\u1ef1 kh\u00f3a<\/li>\n<li>Ch\u1ea5t li\u1ec7u: Nh\u1ef1a<\/li>\n<li>Lo\u1ea1i nh\u1ef1a: ABS<\/li>\n<li>Bricks Blocks: 1682 PCS<\/li>\n<li>Ch\u1ee9a h\u01b0\u1edbng d\u1eabn l\u1eafp r\u00e1p chi ti\u1ebft.<\/li>\n<\/ol>\n<p>\u0110\u1ec3 \u00fd:<br \/>\n1. Kh\u00f4ng c\u00f3 h\u1ed9p ban \u0111\u1ea7u, nh\u01b0ng ch\u00fang t\u00f4i \u0111\u1ea3m b\u1ea3o s\u1ea3n ph\u1ea9m c\u1ee7a ch\u00fang t\u00f4i c\u00f3 ch\u1ea5t l\u01b0\u1ee3ng \u0111\u1ea3m b\u1ea3o v\u00e0 bao b\u00ec \u0111\u1eb9p.<br \/>\n2. V\u00ec t\u1ea5t c\u1ea3 c\u00e1c b\u1ed9 ph\u1eadn ch\u00fang t\u00f4i \u0111\u00e3 ki\u1ec3m tra tr\u01b0\u1edbc khi v\u1eadn chuy\u1ec3n, v\u00ec v\u1eady n\u1ebfu b\u1ea1n th\u1ea5y m\u1ed9t s\u1ed1 b\u1ed9 ph\u1eadn b\u1ecb thi\u1ebfu ho\u1eb7c h\u01b0 h\u1ecfng, \u0111\u1eebng lo l\u1eafng v\u00e0 ch\u1ec9 c\u1ea7n vui l\u00f2ng li\u00ean h\u1ec7 v\u1edbi ch\u00fang t\u00f4i v\u00e0 ch\u00fang t\u00f4i c\u00f3 th\u1ec3 g\u1eedi l\u1ea1i mi\u1ec5n ph\u00ed cho b\u1ea1n ngay l\u1eadp t\u1ee9c.<\/p>\n<figure id=\"attachment_26297\" aria-describedby=\"caption-attachment-26297\" style=\"width: 800px\" class=\"wp-caption aligncenter\"><img fetchpriority=\"high\" decoding=\"async\" class=\"wp-image-26297 size-full\" src=\"https:\/\/mouldking.store\/wp-content\/uploads\/2021\/10\/CADA-C63001-Cyber-\u200b\u200bTurbo-V-1.jpg\" alt=\"CADA C63001 Cyber Night Cyber Turbo-V with 1682 pieces\" width=\"800\" height=\"800\" title=\"-\" srcset=\"https:\/\/mouldking.store\/wp-content\/uploads\/2021\/10\/CADA-C63001-Cyber-\u200b\u200bTurbo-V-1.jpg 800w, https:\/\/mouldking.store\/wp-content\/uploads\/2021\/10\/CADA-C63001-Cyber-\u200b\u200bTurbo-V-1-300x300.jpg 300w, https:\/\/mouldking.store\/wp-content\/uploads\/2021\/10\/CADA-C63001-Cyber-\u200b\u200bTurbo-V-1-768x768.jpg 768w, https:\/\/mouldking.store\/wp-content\/uploads\/2021\/10\/CADA-C63001-Cyber-\u200b\u200bTurbo-V-1-600x600.jpg 600w, https:\/\/mouldking.store\/wp-content\/uploads\/2021\/10\/CADA-C63001-Cyber-\u200b\u200bTurbo-V-1-150x150.jpg 150w\" sizes=\"(max-width: 800px) 100vw, 800px\" \/><figcaption id=\"caption-attachment-26297\" class=\"wp-caption-text\">CADA C63001 Cyber Night Cyber Turbo-V v\u1edbi 1682 m\u1ea3nh gh\u00e9p<\/figcaption><\/figure>\n<figure id=\"attachment_26306\" aria-describedby=\"caption-attachment-26306\" style=\"width: 784px\" class=\"wp-caption aligncenter\"><img decoding=\"async\" class=\"wp-image-26306 size-full\" src=\"https:\/\/mouldking.store\/wp-content\/uploads\/2021\/10\/CADA-C63001-Cyber-\u200b\u200bTurbo-V-10.jpg\" alt=\"CADA C63001 Cyber Night Cyber Turbo-V with 1682 pieces\" width=\"784\" height=\"1024\" title=\"-\" srcset=\"https:\/\/mouldking.store\/wp-content\/uploads\/2021\/10\/CADA-C63001-Cyber-\u200b\u200bTurbo-V-10.jpg 784w, https:\/\/mouldking.store\/wp-content\/uploads\/2021\/10\/CADA-C63001-Cyber-\u200b\u200bTurbo-V-10-230x300.jpg 230w, https:\/\/mouldking.store\/wp-content\/uploads\/2021\/10\/CADA-C63001-Cyber-\u200b\u200bTurbo-V-10-768x1003.jpg 768w, https:\/\/mouldking.store\/wp-content\/uploads\/2021\/10\/CADA-C63001-Cyber-\u200b\u200bTurbo-V-10-300x392.jpg 300w, https:\/\/mouldking.store\/wp-content\/uploads\/2021\/10\/CADA-C63001-Cyber-\u200b\u200bTurbo-V-10-600x784.jpg 600w, https:\/\/mouldking.store\/wp-content\/uploads\/2021\/10\/CADA-C63001-Cyber-\u200b\u200bTurbo-V-10-115x150.jpg 115w\" sizes=\"(max-width: 784px) 100vw, 784px\" \/><figcaption id=\"caption-attachment-26306\" class=\"wp-caption-text\">CADA C63001 Cyber Night Cyber Turbo-V v\u1edbi 1682 m\u1ea3nh gh\u00e9p<\/figcaption><\/figure>\n<figure id=\"attachment_26298\" aria-describedby=\"caption-attachment-26298\" style=\"width: 800px\" class=\"wp-caption aligncenter\"><img decoding=\"async\" class=\"wp-image-26298 size-full\" src=\"https:\/\/mouldking.store\/wp-content\/uploads\/2021\/10\/CADA-C63001-Cyber-\u200b\u200bTurbo-V-2.jpg\" alt=\"CADA C63001 Cyber Night Cyber Turbo-V with 1682 pieces\" width=\"800\" height=\"800\" title=\"-\" srcset=\"https:\/\/mouldking.store\/wp-content\/uploads\/2021\/10\/CADA-C63001-Cyber-\u200b\u200bTurbo-V-2.jpg 800w, https:\/\/mouldking.store\/wp-content\/uploads\/2021\/10\/CADA-C63001-Cyber-\u200b\u200bTurbo-V-2-300x300.jpg 300w, https:\/\/mouldking.store\/wp-content\/uploads\/2021\/10\/CADA-C63001-Cyber-\u200b\u200bTurbo-V-2-768x768.jpg 768w, https:\/\/mouldking.store\/wp-content\/uploads\/2021\/10\/CADA-C63001-Cyber-\u200b\u200bTurbo-V-2-600x600.jpg 600w, https:\/\/mouldking.store\/wp-content\/uploads\/2021\/10\/CADA-C63001-Cyber-\u200b\u200bTurbo-V-2-150x150.jpg 150w\" sizes=\"(max-width: 800px) 100vw, 800px\" \/><figcaption id=\"caption-attachment-26298\" class=\"wp-caption-text\">CADA C63001 Cyber Night Cyber Turbo-V v\u1edbi 1682 m\u1ea3nh gh\u00e9p<\/figcaption><\/figure>\n<figure id=\"attachment_26299\" aria-describedby=\"caption-attachment-26299\" style=\"width: 622px\" class=\"wp-caption aligncenter\"><img loading=\"lazy\" decoding=\"async\" class=\"wp-image-26299 size-full\" src=\"https:\/\/mouldking.store\/wp-content\/uploads\/2021\/10\/CADA-C63001-Cyber-\u200b\u200bTurbo-V-3.jpg\" alt=\"CADA C63001 Cyber Night Cyber Turbo-V with 1682 pieces\" width=\"622\" height=\"1024\" title=\"-\" srcset=\"https:\/\/mouldking.store\/wp-content\/uploads\/2021\/10\/CADA-C63001-Cyber-\u200b\u200bTurbo-V-3.jpg 622w, https:\/\/mouldking.store\/wp-content\/uploads\/2021\/10\/CADA-C63001-Cyber-\u200b\u200bTurbo-V-3-182x300.jpg 182w, https:\/\/mouldking.store\/wp-content\/uploads\/2021\/10\/CADA-C63001-Cyber-\u200b\u200bTurbo-V-3-300x494.jpg 300w, https:\/\/mouldking.store\/wp-content\/uploads\/2021\/10\/CADA-C63001-Cyber-\u200b\u200bTurbo-V-3-600x988.jpg 600w, https:\/\/mouldking.store\/wp-content\/uploads\/2021\/10\/CADA-C63001-Cyber-\u200b\u200bTurbo-V-3-91x150.jpg 91w\" sizes=\"(max-width: 622px) 100vw, 622px\" \/><figcaption id=\"caption-attachment-26299\" class=\"wp-caption-text\">CADA C63001 Cyber Night Cyber Turbo-V v\u1edbi 1682 m\u1ea3nh gh\u00e9p<\/figcaption><\/figure>\n<figure id=\"attachment_26301\" aria-describedby=\"caption-attachment-26301\" style=\"width: 790px\" class=\"wp-caption aligncenter\"><img loading=\"lazy\" decoding=\"async\" class=\"wp-image-26301 size-full\" src=\"https:\/\/mouldking.store\/wp-content\/uploads\/2021\/10\/CADA-C63001-Cyber-\u200b\u200bTurbo-V-5.jpg\" alt=\"CADA C63001 Cyber Night Cyber Turbo-V with 1682 pieces\" width=\"790\" height=\"794\" title=\"-\" srcset=\"https:\/\/mouldking.store\/wp-content\/uploads\/2021\/10\/CADA-C63001-Cyber-\u200b\u200bTurbo-V-5.jpg 790w, https:\/\/mouldking.store\/wp-content\/uploads\/2021\/10\/CADA-C63001-Cyber-\u200b\u200bTurbo-V-5-298x300.jpg 298w, https:\/\/mouldking.store\/wp-content\/uploads\/2021\/10\/CADA-C63001-Cyber-\u200b\u200bTurbo-V-5-768x772.jpg 768w, https:\/\/mouldking.store\/wp-content\/uploads\/2021\/10\/CADA-C63001-Cyber-\u200b\u200bTurbo-V-5-300x302.jpg 300w, https:\/\/mouldking.store\/wp-content\/uploads\/2021\/10\/CADA-C63001-Cyber-\u200b\u200bTurbo-V-5-600x603.jpg 600w, https:\/\/mouldking.store\/wp-content\/uploads\/2021\/10\/CADA-C63001-Cyber-\u200b\u200bTurbo-V-5-150x150.jpg 150w\" sizes=\"(max-width: 790px) 100vw, 790px\" \/><figcaption id=\"caption-attachment-26301\" class=\"wp-caption-text\">CADA C63001 Cyber Night Cyber Turbo-V v\u1edbi 1682 m\u1ea3nh gh\u00e9p<\/figcaption><\/figure>\n<figure id=\"attachment_26302\" aria-describedby=\"caption-attachment-26302\" style=\"width: 790px\" class=\"wp-caption aligncenter\"><img loading=\"lazy\" decoding=\"async\" class=\"wp-image-26302 size-full\" src=\"https:\/\/mouldking.store\/wp-content\/uploads\/2021\/10\/CADA-C63001-Cyber-\u200b\u200bTurbo-V-6.jpg\" alt=\"CADA C63001 Cyber Night Cyber Turbo-V with 1682 pieces\" width=\"790\" height=\"923\" title=\"-\" srcset=\"https:\/\/mouldking.store\/wp-content\/uploads\/2021\/10\/CADA-C63001-Cyber-\u200b\u200bTurbo-V-6.jpg 790w, https:\/\/mouldking.store\/wp-content\/uploads\/2021\/10\/CADA-C63001-Cyber-\u200b\u200bTurbo-V-6-257x300.jpg 257w, https:\/\/mouldking.store\/wp-content\/uploads\/2021\/10\/CADA-C63001-Cyber-\u200b\u200bTurbo-V-6-768x897.jpg 768w, https:\/\/mouldking.store\/wp-content\/uploads\/2021\/10\/CADA-C63001-Cyber-\u200b\u200bTurbo-V-6-300x351.jpg 300w, https:\/\/mouldking.store\/wp-content\/uploads\/2021\/10\/CADA-C63001-Cyber-\u200b\u200bTurbo-V-6-600x701.jpg 600w, https:\/\/mouldking.store\/wp-content\/uploads\/2021\/10\/CADA-C63001-Cyber-\u200b\u200bTurbo-V-6-128x150.jpg 128w\" sizes=\"(max-width: 790px) 100vw, 790px\" \/><figcaption id=\"caption-attachment-26302\" class=\"wp-caption-text\">CADA C63001 Cyber Night Cyber Turbo-V v\u1edbi 1682 m\u1ea3nh gh\u00e9p<\/figcaption><\/figure>\n<figure id=\"attachment_26305\" aria-describedby=\"caption-attachment-26305\" style=\"width: 574px\" class=\"wp-caption aligncenter\"><img loading=\"lazy\" decoding=\"async\" class=\"wp-image-26305 size-full\" src=\"https:\/\/mouldking.store\/wp-content\/uploads\/2021\/10\/CADA-C63001-Cyber-\u200b\u200bTurbo-V-9.jpg\" alt=\"CADA C63001 Cyber Night Cyber Turbo-V with 1682 pieces\" width=\"574\" height=\"1024\" title=\"-\" srcset=\"https:\/\/mouldking.store\/wp-content\/uploads\/2021\/10\/CADA-C63001-Cyber-\u200b\u200bTurbo-V-9.jpg 574w, https:\/\/mouldking.store\/wp-content\/uploads\/2021\/10\/CADA-C63001-Cyber-\u200b\u200bTurbo-V-9-168x300.jpg 168w, https:\/\/mouldking.store\/wp-content\/uploads\/2021\/10\/CADA-C63001-Cyber-\u200b\u200bTurbo-V-9-300x535.jpg 300w, https:\/\/mouldking.store\/wp-content\/uploads\/2021\/10\/CADA-C63001-Cyber-\u200b\u200bTurbo-V-9-84x150.jpg 84w\" sizes=\"(max-width: 574px) 100vw, 574px\" \/><figcaption id=\"caption-attachment-26305\" class=\"wp-caption-text\">CADA C63001 Cyber Night Cyber Turbo-V v\u1edbi 1682 m\u1ea3nh gh\u00e9p<\/figcaption><\/figure>\n<figure id=\"attachment_26304\" aria-describedby=\"caption-attachment-26304\" style=\"width: 566px\" class=\"wp-caption aligncenter\"><img loading=\"lazy\" decoding=\"async\" class=\"wp-image-26304 size-full\" src=\"https:\/\/mouldking.store\/wp-content\/uploads\/2021\/10\/CADA-C63001-Cyber-\u200b\u200bTurbo-V-8.jpg\" alt=\"CADA C63001 Cyber Night Cyber Turbo-V with 1682 pieces\" width=\"566\" height=\"1023\" title=\"-\" srcset=\"https:\/\/mouldking.store\/wp-content\/uploads\/2021\/10\/CADA-C63001-Cyber-\u200b\u200bTurbo-V-8.jpg 566w, https:\/\/mouldking.store\/wp-content\/uploads\/2021\/10\/CADA-C63001-Cyber-\u200b\u200bTurbo-V-8-166x300.jpg 166w, https:\/\/mouldking.store\/wp-content\/uploads\/2021\/10\/CADA-C63001-Cyber-\u200b\u200bTurbo-V-8-300x542.jpg 300w, https:\/\/mouldking.store\/wp-content\/uploads\/2021\/10\/CADA-C63001-Cyber-\u200b\u200bTurbo-V-8-83x150.jpg 83w\" sizes=\"(max-width: 566px) 100vw, 566px\" \/><figcaption id=\"caption-attachment-26304\" class=\"wp-caption-text\">CADA C63001 Cyber Night Cyber Turbo-V v\u1edbi 1682 m\u1ea3nh gh\u00e9p<\/figcaption><\/figure>\n<figure id=\"attachment_26303\" aria-describedby=\"caption-attachment-26303\" style=\"width: 697px\" class=\"wp-caption aligncenter\"><img loading=\"lazy\" decoding=\"async\" class=\"wp-image-26303 size-full\" src=\"https:\/\/mouldking.store\/wp-content\/uploads\/2021\/10\/CADA-C63001-Cyber-\u200b\u200bTurbo-V-7.jpg\" alt=\"CADA C63001 Cyber Night Cyber Turbo-V with 1682 pieces\" width=\"697\" height=\"1024\" title=\"-\" srcset=\"https:\/\/mouldking.store\/wp-content\/uploads\/2021\/10\/CADA-C63001-Cyber-\u200b\u200bTurbo-V-7.jpg 697w, https:\/\/mouldking.store\/wp-content\/uploads\/2021\/10\/CADA-C63001-Cyber-\u200b\u200bTurbo-V-7-204x300.jpg 204w, https:\/\/mouldking.store\/wp-content\/uploads\/2021\/10\/CADA-C63001-Cyber-\u200b\u200bTurbo-V-7-300x441.jpg 300w, https:\/\/mouldking.store\/wp-content\/uploads\/2021\/10\/CADA-C63001-Cyber-\u200b\u200bTurbo-V-7-600x881.jpg 600w, https:\/\/mouldking.store\/wp-content\/uploads\/2021\/10\/CADA-C63001-Cyber-\u200b\u200bTurbo-V-7-102x150.jpg 102w\" sizes=\"(max-width: 697px) 100vw, 697px\" \/><figcaption id=\"caption-attachment-26303\" class=\"wp-caption-text\">CADA C63001 Cyber Night Cyber Turbo-V v\u1edbi 1682 m\u1ea3nh gh\u00e9p<\/figcaption><\/figure>\n<figure id=\"attachment_26300\" aria-describedby=\"caption-attachment-26300\" style=\"width: 790px\" class=\"wp-caption aligncenter\"><img loading=\"lazy\" decoding=\"async\" class=\"wp-image-26300 size-full\" src=\"https:\/\/mouldking.store\/wp-content\/uploads\/2021\/10\/CADA-C63001-Cyber-\u200b\u200bTurbo-V-4.jpg\" alt=\"CADA C63001 Cyber Night Cyber Turbo-V with 1682 pieces\" width=\"790\" height=\"618\" title=\"-\" srcset=\"https:\/\/mouldking.store\/wp-content\/uploads\/2021\/10\/CADA-C63001-Cyber-\u200b\u200bTurbo-V-4.jpg 790w, https:\/\/mouldking.store\/wp-content\/uploads\/2021\/10\/CADA-C63001-Cyber-\u200b\u200bTurbo-V-4-300x235.jpg 300w, https:\/\/mouldking.store\/wp-content\/uploads\/2021\/10\/CADA-C63001-Cyber-\u200b\u200bTurbo-V-4-768x601.jpg 768w, https:\/\/mouldking.store\/wp-content\/uploads\/2021\/10\/CADA-C63001-Cyber-\u200b\u200bTurbo-V-4-600x469.jpg 600w, https:\/\/mouldking.store\/wp-content\/uploads\/2021\/10\/CADA-C63001-Cyber-\u200b\u200bTurbo-V-4-150x117.jpg 150w\" sizes=\"(max-width: 790px) 100vw, 790px\" \/><figcaption id=\"caption-attachment-26300\" class=\"wp-caption-text\">CADA C63001 Cyber Night Cyber Turbo-V v\u1edbi 1682 m\u1ea3nh gh\u00e9p<\/figcaption><\/figure>","protected":false},"excerpt":{"rendered":"<p>Product information: Brand: CADA Gender: Unisex Name: Cyber Night Cyber Turbo-V Age Range: &gt; 6 years old Model Number: C63001 Classification: Assemblage Plastic Block Shape: Self-Locking Bricks Material: Plastic Plastic Type: ABS Bricks Blocks: 1682 PCS Contains detailed assembly instructions. Notice: 1. Without an original box, but we guarantee our products have quality assurance and [&hellip;]<\/p>","protected":false},"featured_media":26297,"comment_status":"open","ping_status":"closed","template":"","meta":{"_acf_changed":false},"product_cat":[364],"product_tag":[2906,1916,2904,2903,2907,2905,2908],"class_list":["product","first","instock","shipping-taxable","purchasable","product-type-variable"],"acf":[],"_links":{"self":[{"href":"https:\/\/mouldking.store\/vi\/wp-json\/wp\/v2\/product\/26292","targetHints":{"allow":["GET"]}}],"collection":[{"href":"https:\/\/mouldking.store\/vi\/wp-json\/wp\/v2\/product"}],"about":[{"href":"https:\/\/mouldking.store\/vi\/wp-json\/wp\/v2\/types\/product"}],"replies":[{"embeddable":true,"href":"https:\/\/mouldking.store\/vi\/wp-json\/wp\/v2\/comments?post=26292"}],"wp:featuredmedia":[{"embeddable":true,"href":"https:\/\/mouldking.store\/vi\/wp-json\/wp\/v2\/media\/26297"}],"wp:attachment":[{"href":"https:\/\/mouldking.store\/vi\/wp-json\/wp\/v2\/media?parent=26292"}],"wp:term":[{"taxonomy":"product_cat","embeddable":true,"href":"https:\/\/mouldking.store\/vi\/wp-json\/wp\/v2\/product_cat?post=26292"},{"taxonomy":"product_tag","embeddable":true,"href":"https:\/\/mouldking.store\/vi\/wp-json\/wp\/v2\/product_tag?post=26292"}],"curies":[{"name":"wp","href":"https:\/\/api.w.org\/{rel}","templated":true}]}}