{"id":26400,"date":"2021-11-01T02:50:03","date_gmt":"2021-10-31T19:50:03","guid":{"rendered":"https:\/\/mouldking.store\/?post_type=product&#038;p=26400"},"modified":"2023-03-30T18:38:51","modified_gmt":"2023-03-30T11:38:51","slug":"18k-k110-ghost-with-4577-pieces","status":"publish","type":"product","link":"https:\/\/mouldking.store\/vi\/shop\/18k-k110-ghost-with-4577-pieces\/","title":{"rendered":"18K K110 Ghost g\u1ed3m 4577 mi\u1ebfng"},"content":{"rendered":"<p>Th\u00f4ng tin s\u1ea3n ph\u1ea9m:<\/p>\n<ol>\n<li>Th\u01b0\u01a1ng hi\u1ec7u: 18K<\/li>\n<li>Gi\u1edbi t\u00ednh: Unisex<\/li>\n<li>Name: Ghost<\/li>\n<li>\u0110\u1ed9 tu\u1ed5i: &gt; 6 tu\u1ed5i<\/li>\n<li>Model Number: K110<\/li>\n<li>Ph\u00e2n lo\u1ea1i: T\u1eadp h\u1ee3p<\/li>\n<li>H\u00ecnh d\u1ea1ng kh\u1ed1i nh\u1ef1a: G\u1ea1ch t\u1ef1 kh\u00f3a<\/li>\n<li>Ch\u1ea5t li\u1ec7u: Nh\u1ef1a<\/li>\n<li>Lo\u1ea1i nh\u1ef1a: ABS<\/li>\n<li>Bricks Blocks: 4577 PCS<\/li>\n<li>Ch\u1ee9a h\u01b0\u1edbng d\u1eabn l\u1eafp r\u00e1p chi ti\u1ebft.<\/li>\n<\/ol>\n<p>\u0110\u1ec3 \u00fd:<br \/>\n1. Kh\u00f4ng c\u00f3 h\u1ed9p ban \u0111\u1ea7u, nh\u01b0ng ch\u00fang t\u00f4i \u0111\u1ea3m b\u1ea3o s\u1ea3n ph\u1ea9m c\u1ee7a ch\u00fang t\u00f4i c\u00f3 ch\u1ea5t l\u01b0\u1ee3ng \u0111\u1ea3m b\u1ea3o v\u00e0 bao b\u00ec \u0111\u1eb9p.<br \/>\n2. V\u00ec t\u1ea5t c\u1ea3 c\u00e1c b\u1ed9 ph\u1eadn ch\u00fang t\u00f4i \u0111\u00e3 ki\u1ec3m tra tr\u01b0\u1edbc khi v\u1eadn chuy\u1ec3n, v\u00ec v\u1eady n\u1ebfu b\u1ea1n th\u1ea5y m\u1ed9t s\u1ed1 b\u1ed9 ph\u1eadn b\u1ecb thi\u1ebfu ho\u1eb7c h\u01b0 h\u1ecfng, \u0111\u1eebng lo l\u1eafng v\u00e0 ch\u1ec9 c\u1ea7n vui l\u00f2ng li\u00ean h\u1ec7 v\u1edbi ch\u00fang t\u00f4i v\u00e0 ch\u00fang t\u00f4i c\u00f3 th\u1ec3 g\u1eedi l\u1ea1i mi\u1ec5n ph\u00ed cho b\u1ea1n ngay l\u1eadp t\u1ee9c.<\/p>\n<figure id=\"attachment_26401\" aria-describedby=\"caption-attachment-26401\" style=\"width: 800px\" class=\"wp-caption aligncenter\"><img fetchpriority=\"high\" decoding=\"async\" class=\"wp-image-26401 size-full\" src=\"https:\/\/mouldking.store\/wp-content\/uploads\/2021\/11\/STAR-WARS-18K-K110-STAR-WARSHIP-1.jpg\" alt=\"18K K110 Ghost with 4577 pieces\" width=\"800\" height=\"800\" title=\"-\" srcset=\"https:\/\/mouldking.store\/wp-content\/uploads\/2021\/11\/STAR-WARS-18K-K110-STAR-WARSHIP-1.jpg 800w, https:\/\/mouldking.store\/wp-content\/uploads\/2021\/11\/STAR-WARS-18K-K110-STAR-WARSHIP-1-300x300.jpg 300w, https:\/\/mouldking.store\/wp-content\/uploads\/2021\/11\/STAR-WARS-18K-K110-STAR-WARSHIP-1-768x768.jpg 768w, https:\/\/mouldking.store\/wp-content\/uploads\/2021\/11\/STAR-WARS-18K-K110-STAR-WARSHIP-1-600x600.jpg 600w, https:\/\/mouldking.store\/wp-content\/uploads\/2021\/11\/STAR-WARS-18K-K110-STAR-WARSHIP-1-150x150.jpg 150w\" sizes=\"(max-width: 800px) 100vw, 800px\" \/><figcaption id=\"caption-attachment-26401\" class=\"wp-caption-text\">18K K110 Ghost g\u1ed3m 4577 mi\u1ebfng<\/figcaption><\/figure>\n<figure id=\"attachment_26405\" aria-describedby=\"caption-attachment-26405\" style=\"width: 750px\" class=\"wp-caption aligncenter\"><img decoding=\"async\" class=\"wp-image-26405 size-full\" src=\"https:\/\/mouldking.store\/wp-content\/uploads\/2021\/11\/STAR-WARS-18K-K110-STAR-WARSHIP-5.jpg\" alt=\"18K K110 Ghost with 4577 pieces\" width=\"750\" height=\"888\" title=\"-\" srcset=\"https:\/\/mouldking.store\/wp-content\/uploads\/2021\/11\/STAR-WARS-18K-K110-STAR-WARSHIP-5.jpg 750w, https:\/\/mouldking.store\/wp-content\/uploads\/2021\/11\/STAR-WARS-18K-K110-STAR-WARSHIP-5-253x300.jpg 253w, https:\/\/mouldking.store\/wp-content\/uploads\/2021\/11\/STAR-WARS-18K-K110-STAR-WARSHIP-5-300x355.jpg 300w, https:\/\/mouldking.store\/wp-content\/uploads\/2021\/11\/STAR-WARS-18K-K110-STAR-WARSHIP-5-600x710.jpg 600w, https:\/\/mouldking.store\/wp-content\/uploads\/2021\/11\/STAR-WARS-18K-K110-STAR-WARSHIP-5-127x150.jpg 127w\" sizes=\"(max-width: 750px) 100vw, 750px\" \/><figcaption id=\"caption-attachment-26405\" class=\"wp-caption-text\">18K K110 Ghost g\u1ed3m 4577 mi\u1ebfng<\/figcaption><\/figure>\n<figure id=\"attachment_26404\" aria-describedby=\"caption-attachment-26404\" style=\"width: 684px\" class=\"wp-caption aligncenter\"><img decoding=\"async\" class=\"wp-image-26404 size-full\" src=\"https:\/\/mouldking.store\/wp-content\/uploads\/2021\/11\/STAR-WARS-18K-K110-STAR-WARSHIP-4.jpg\" alt=\"18K K110 Ghost with 4577 pieces\" width=\"684\" height=\"1024\" title=\"-\" srcset=\"https:\/\/mouldking.store\/wp-content\/uploads\/2021\/11\/STAR-WARS-18K-K110-STAR-WARSHIP-4.jpg 684w, https:\/\/mouldking.store\/wp-content\/uploads\/2021\/11\/STAR-WARS-18K-K110-STAR-WARSHIP-4-200x300.jpg 200w, https:\/\/mouldking.store\/wp-content\/uploads\/2021\/11\/STAR-WARS-18K-K110-STAR-WARSHIP-4-300x449.jpg 300w, https:\/\/mouldking.store\/wp-content\/uploads\/2021\/11\/STAR-WARS-18K-K110-STAR-WARSHIP-4-600x898.jpg 600w, https:\/\/mouldking.store\/wp-content\/uploads\/2021\/11\/STAR-WARS-18K-K110-STAR-WARSHIP-4-100x150.jpg 100w\" sizes=\"(max-width: 684px) 100vw, 684px\" \/><figcaption id=\"caption-attachment-26404\" class=\"wp-caption-text\">18K K110 Ghost g\u1ed3m 4577 mi\u1ebfng<\/figcaption><\/figure>\n<figure id=\"attachment_26402\" aria-describedby=\"caption-attachment-26402\" style=\"width: 650px\" class=\"wp-caption aligncenter\"><img loading=\"lazy\" decoding=\"async\" class=\"wp-image-26402\" src=\"https:\/\/mouldking.store\/wp-content\/uploads\/2021\/11\/STAR-WARS-18K-K110-STAR-WARSHIP-2.jpg\" alt=\"18K K110 Ghost with 4577 pieces\" width=\"650\" height=\"1186\" title=\"-\" srcset=\"https:\/\/mouldking.store\/wp-content\/uploads\/2021\/11\/STAR-WARS-18K-K110-STAR-WARSHIP-2.jpg 561w, https:\/\/mouldking.store\/wp-content\/uploads\/2021\/11\/STAR-WARS-18K-K110-STAR-WARSHIP-2-164x300.jpg 164w, https:\/\/mouldking.store\/wp-content\/uploads\/2021\/11\/STAR-WARS-18K-K110-STAR-WARSHIP-2-300x548.jpg 300w, https:\/\/mouldking.store\/wp-content\/uploads\/2021\/11\/STAR-WARS-18K-K110-STAR-WARSHIP-2-82x150.jpg 82w\" sizes=\"(max-width: 650px) 100vw, 650px\" \/><figcaption id=\"caption-attachment-26402\" class=\"wp-caption-text\">18K K110 Ghost g\u1ed3m 4577 mi\u1ebfng<\/figcaption><\/figure>\n<figure id=\"attachment_26403\" aria-describedby=\"caption-attachment-26403\" style=\"width: 750px\" class=\"wp-caption aligncenter\"><img loading=\"lazy\" decoding=\"async\" class=\"wp-image-26403 size-full\" src=\"https:\/\/mouldking.store\/wp-content\/uploads\/2021\/11\/STAR-WARS-18K-K110-STAR-WARSHIP-3.jpg\" alt=\"18K K110 Ghost with 4577 pieces\" width=\"750\" height=\"972\" title=\"-\" srcset=\"https:\/\/mouldking.store\/wp-content\/uploads\/2021\/11\/STAR-WARS-18K-K110-STAR-WARSHIP-3.jpg 750w, https:\/\/mouldking.store\/wp-content\/uploads\/2021\/11\/STAR-WARS-18K-K110-STAR-WARSHIP-3-231x300.jpg 231w, https:\/\/mouldking.store\/wp-content\/uploads\/2021\/11\/STAR-WARS-18K-K110-STAR-WARSHIP-3-300x389.jpg 300w, https:\/\/mouldking.store\/wp-content\/uploads\/2021\/11\/STAR-WARS-18K-K110-STAR-WARSHIP-3-600x778.jpg 600w, https:\/\/mouldking.store\/wp-content\/uploads\/2021\/11\/STAR-WARS-18K-K110-STAR-WARSHIP-3-116x150.jpg 116w\" sizes=\"(max-width: 750px) 100vw, 750px\" \/><figcaption id=\"caption-attachment-26403\" class=\"wp-caption-text\">18K K110 Ghost g\u1ed3m 4577 mi\u1ebfng<\/figcaption><\/figure>","protected":false},"excerpt":{"rendered":"<p>Product information: Brand: 18K Gender: Unisex Name: Ghost Age Range: &gt; 6 years old Model Number: K110 Classification: Assemblage Plastic Block Shape: Self-Locking Bricks Material: Plastic Plastic Type: ABS Bricks Blocks: 4577 PCS Contains detailed assembly instructions. Notice: 1. Without an original box, but we guarantee our products have quality assurance and nice packaging. 2. [&hellip;]<\/p>","protected":false},"featured_media":26401,"comment_status":"open","ping_status":"closed","template":"","meta":{"_acf_changed":false},"product_cat":[415],"product_tag":[1770,2962,2963,2961,2964,2965],"class_list":["product","first","outofstock","shipping-taxable","purchasable","product-type-simple"],"acf":[],"_links":{"self":[{"href":"https:\/\/mouldking.store\/vi\/wp-json\/wp\/v2\/product\/26400","targetHints":{"allow":["GET"]}}],"collection":[{"href":"https:\/\/mouldking.store\/vi\/wp-json\/wp\/v2\/product"}],"about":[{"href":"https:\/\/mouldking.store\/vi\/wp-json\/wp\/v2\/types\/product"}],"replies":[{"embeddable":true,"href":"https:\/\/mouldking.store\/vi\/wp-json\/wp\/v2\/comments?post=26400"}],"wp:featuredmedia":[{"embeddable":true,"href":"https:\/\/mouldking.store\/vi\/wp-json\/wp\/v2\/media\/26401"}],"wp:attachment":[{"href":"https:\/\/mouldking.store\/vi\/wp-json\/wp\/v2\/media?parent=26400"}],"wp:term":[{"taxonomy":"product_cat","embeddable":true,"href":"https:\/\/mouldking.store\/vi\/wp-json\/wp\/v2\/product_cat?post=26400"},{"taxonomy":"product_tag","embeddable":true,"href":"https:\/\/mouldking.store\/vi\/wp-json\/wp\/v2\/product_tag?post=26400"}],"curies":[{"name":"wp","href":"https:\/\/api.w.org\/{rel}","templated":true}]}}