{"id":26444,"date":"2021-11-01T03:25:56","date_gmt":"2021-10-31T20:25:56","guid":{"rendered":"https:\/\/mouldking.store\/?post_type=product&#038;p=26444"},"modified":"2023-04-26T11:44:43","modified_gmt":"2023-04-26T04:44:43","slug":"mould-king-19008-rc-tow-truck-with-10966-pieces","status":"publish","type":"product","link":"https:\/\/mouldking.store\/vi\/shop\/mould-king-19008-rc-tow-truck-with-10966-pieces\/","title":{"rendered":"Xe \u0111\u1ea7u k\u00e9o RC Mold King 19008 v\u1edbi 10966 m\u1ea3nh gh\u00e9p"},"content":{"rendered":"<p>Th\u00f4ng tin s\u1ea3n ph\u1ea9m:<\/p>\n<ol>\n<li>Th\u01b0\u01a1ng hi\u1ec7u: Khu\u00f4n Vua<\/li>\n<li>Gi\u1edbi t\u00ednh: Unisex<\/li>\n<li>T\u00ean: Xe \u0111\u1ea7u k\u00e9o RC<\/li>\n<li>\u0110\u1ed9 tu\u1ed5i: &gt; 14 tu\u1ed5i<\/li>\n<li>Model Number: 19008<\/li>\n<li>Ph\u00e2n lo\u1ea1i: T\u1eadp h\u1ee3p<\/li>\n<li>H\u00ecnh d\u1ea1ng kh\u1ed1i nh\u1ef1a: G\u1ea1ch t\u1ef1 kh\u00f3a<\/li>\n<li>Ch\u1ea5t li\u1ec7u: Nh\u1ef1a<\/li>\n<li>Lo\u1ea1i nh\u1ef1a: ABS<\/li>\n<li>Kh\u1ed1i g\u1ea1ch: 10966 C\u00c1I<\/li>\n<li>Ch\u1ee9a h\u01b0\u1edbng d\u1eabn l\u1eafp r\u00e1p chi ti\u1ebft.<\/li>\n<\/ol>\n<p>\u0110\u1ec3 \u00fd:<br \/>\n1. Kh\u00f4ng c\u00f3 h\u1ed9p ban \u0111\u1ea7u, nh\u01b0ng ch\u00fang t\u00f4i \u0111\u1ea3m b\u1ea3o s\u1ea3n ph\u1ea9m c\u1ee7a ch\u00fang t\u00f4i c\u00f3 ch\u1ea5t l\u01b0\u1ee3ng \u0111\u1ea3m b\u1ea3o v\u00e0 bao b\u00ec \u0111\u1eb9p.<br \/>\n2. V\u00ec t\u1ea5t c\u1ea3 c\u00e1c b\u1ed9 ph\u1eadn ch\u00fang t\u00f4i \u0111\u00e3 ki\u1ec3m tra tr\u01b0\u1edbc khi v\u1eadn chuy\u1ec3n, v\u00ec v\u1eady n\u1ebfu b\u1ea1n th\u1ea5y m\u1ed9t s\u1ed1 b\u1ed9 ph\u1eadn b\u1ecb thi\u1ebfu ho\u1eb7c h\u01b0 h\u1ecfng, \u0111\u1eebng lo l\u1eafng v\u00e0 ch\u1ec9 c\u1ea7n vui l\u00f2ng li\u00ean h\u1ec7 v\u1edbi ch\u00fang t\u00f4i v\u00e0 ch\u00fang t\u00f4i c\u00f3 th\u1ec3 g\u1eedi l\u1ea1i mi\u1ec5n ph\u00ed cho b\u1ea1n ngay l\u1eadp t\u1ee9c.<\/p>\n<figure id=\"attachment_26445\" aria-describedby=\"caption-attachment-26445\" style=\"width: 800px\" class=\"wp-caption aligncenter\"><img fetchpriority=\"high\" decoding=\"async\" class=\"wp-image-26445 size-full\" src=\"https:\/\/mouldking.store\/wp-content\/uploads\/2021\/11\/TECHNICIAN-Mould-King-19008-RC-Tow-Truck-1.jpg\" alt=\"Mould King 19008 RC Tow Truck with 10966 pieces\" width=\"800\" height=\"800\" title=\"-\" srcset=\"https:\/\/mouldking.store\/wp-content\/uploads\/2021\/11\/TECHNICIAN-Mould-King-19008-RC-Tow-Truck-1.jpg 800w, https:\/\/mouldking.store\/wp-content\/uploads\/2021\/11\/TECHNICIAN-Mould-King-19008-RC-Tow-Truck-1-300x300.jpg 300w, https:\/\/mouldking.store\/wp-content\/uploads\/2021\/11\/TECHNICIAN-Mould-King-19008-RC-Tow-Truck-1-768x768.jpg 768w, https:\/\/mouldking.store\/wp-content\/uploads\/2021\/11\/TECHNICIAN-Mould-King-19008-RC-Tow-Truck-1-600x600.jpg 600w, https:\/\/mouldking.store\/wp-content\/uploads\/2021\/11\/TECHNICIAN-Mould-King-19008-RC-Tow-Truck-1-150x150.jpg 150w\" sizes=\"(max-width: 800px) 100vw, 800px\" \/><figcaption id=\"caption-attachment-26445\" class=\"wp-caption-text\">Xe \u0111\u1ea7u k\u00e9o RC Mold King 19008 v\u1edbi 10966 m\u1ea3nh gh\u00e9p<\/figcaption><\/figure>\n<figure id=\"attachment_26447\" aria-describedby=\"caption-attachment-26447\" style=\"width: 790px\" class=\"wp-caption aligncenter\"><img decoding=\"async\" class=\"wp-image-26447 size-full\" src=\"https:\/\/mouldking.store\/wp-content\/uploads\/2021\/11\/TECHNICIAN-Mould-King-19008-RC-Tow-Truck-3.jpg\" alt=\"Mould King 19008 RC Tow Truck with 10966 pieces\" width=\"790\" height=\"944\" title=\"-\" srcset=\"https:\/\/mouldking.store\/wp-content\/uploads\/2021\/11\/TECHNICIAN-Mould-King-19008-RC-Tow-Truck-3.jpg 790w, https:\/\/mouldking.store\/wp-content\/uploads\/2021\/11\/TECHNICIAN-Mould-King-19008-RC-Tow-Truck-3-251x300.jpg 251w, https:\/\/mouldking.store\/wp-content\/uploads\/2021\/11\/TECHNICIAN-Mould-King-19008-RC-Tow-Truck-3-768x918.jpg 768w, https:\/\/mouldking.store\/wp-content\/uploads\/2021\/11\/TECHNICIAN-Mould-King-19008-RC-Tow-Truck-3-300x358.jpg 300w, https:\/\/mouldking.store\/wp-content\/uploads\/2021\/11\/TECHNICIAN-Mould-King-19008-RC-Tow-Truck-3-600x717.jpg 600w, https:\/\/mouldking.store\/wp-content\/uploads\/2021\/11\/TECHNICIAN-Mould-King-19008-RC-Tow-Truck-3-126x150.jpg 126w\" sizes=\"(max-width: 790px) 100vw, 790px\" \/><figcaption id=\"caption-attachment-26447\" class=\"wp-caption-text\">Xe \u0111\u1ea7u k\u00e9o RC Mold King 19008 v\u1edbi 10966 m\u1ea3nh gh\u00e9p<\/figcaption><\/figure>\n<figure id=\"attachment_26452\" aria-describedby=\"caption-attachment-26452\" style=\"width: 786px\" class=\"wp-caption aligncenter\"><img decoding=\"async\" class=\"wp-image-26452 size-full\" src=\"https:\/\/mouldking.store\/wp-content\/uploads\/2021\/11\/TECHNICIAN-Mould-King-19008-RC-Tow-Truck-8.jpg\" alt=\"Mould King 19008 RC Tow Truck with 10966 pieces\" width=\"786\" height=\"1024\" title=\"-\" srcset=\"https:\/\/mouldking.store\/wp-content\/uploads\/2021\/11\/TECHNICIAN-Mould-King-19008-RC-Tow-Truck-8.jpg 786w, https:\/\/mouldking.store\/wp-content\/uploads\/2021\/11\/TECHNICIAN-Mould-King-19008-RC-Tow-Truck-8-230x300.jpg 230w, https:\/\/mouldking.store\/wp-content\/uploads\/2021\/11\/TECHNICIAN-Mould-King-19008-RC-Tow-Truck-8-768x1001.jpg 768w, https:\/\/mouldking.store\/wp-content\/uploads\/2021\/11\/TECHNICIAN-Mould-King-19008-RC-Tow-Truck-8-300x391.jpg 300w, https:\/\/mouldking.store\/wp-content\/uploads\/2021\/11\/TECHNICIAN-Mould-King-19008-RC-Tow-Truck-8-600x782.jpg 600w, https:\/\/mouldking.store\/wp-content\/uploads\/2021\/11\/TECHNICIAN-Mould-King-19008-RC-Tow-Truck-8-115x150.jpg 115w\" sizes=\"(max-width: 786px) 100vw, 786px\" \/><figcaption id=\"caption-attachment-26452\" class=\"wp-caption-text\">Xe \u0111\u1ea7u k\u00e9o RC Mold King 19008 v\u1edbi 10966 m\u1ea3nh gh\u00e9p<\/figcaption><\/figure>\n<figure id=\"attachment_26456\" aria-describedby=\"caption-attachment-26456\" style=\"width: 626px\" class=\"wp-caption aligncenter\"><img loading=\"lazy\" decoding=\"async\" class=\"wp-image-26456 size-full\" src=\"https:\/\/mouldking.store\/wp-content\/uploads\/2021\/11\/TECHNICIAN-Mould-King-19008-RC-Tow-Truck-12.jpg\" alt=\"Mould King 19008 RC Tow Truck with 10966 pieces\" width=\"626\" height=\"1024\" title=\"-\" srcset=\"https:\/\/mouldking.store\/wp-content\/uploads\/2021\/11\/TECHNICIAN-Mould-King-19008-RC-Tow-Truck-12.jpg 626w, https:\/\/mouldking.store\/wp-content\/uploads\/2021\/11\/TECHNICIAN-Mould-King-19008-RC-Tow-Truck-12-183x300.jpg 183w, https:\/\/mouldking.store\/wp-content\/uploads\/2021\/11\/TECHNICIAN-Mould-King-19008-RC-Tow-Truck-12-300x491.jpg 300w, https:\/\/mouldking.store\/wp-content\/uploads\/2021\/11\/TECHNICIAN-Mould-King-19008-RC-Tow-Truck-12-600x981.jpg 600w, https:\/\/mouldking.store\/wp-content\/uploads\/2021\/11\/TECHNICIAN-Mould-King-19008-RC-Tow-Truck-12-92x150.jpg 92w\" sizes=\"(max-width: 626px) 100vw, 626px\" \/><figcaption id=\"caption-attachment-26456\" class=\"wp-caption-text\">Xe \u0111\u1ea7u k\u00e9o RC Mold King 19008 v\u1edbi 10966 m\u1ea3nh gh\u00e9p<\/figcaption><\/figure>\n<figure id=\"attachment_26458\" aria-describedby=\"caption-attachment-26458\" style=\"width: 790px\" class=\"wp-caption aligncenter\"><img loading=\"lazy\" decoding=\"async\" class=\"wp-image-26458 size-full\" src=\"https:\/\/mouldking.store\/wp-content\/uploads\/2021\/11\/TECHNICIAN-Mould-King-19008-RC-Tow-Truck-14.jpg\" alt=\"Mould King 19008 RC Tow Truck with 10966 pieces\" width=\"790\" height=\"999\" title=\"-\" srcset=\"https:\/\/mouldking.store\/wp-content\/uploads\/2021\/11\/TECHNICIAN-Mould-King-19008-RC-Tow-Truck-14.jpg 790w, https:\/\/mouldking.store\/wp-content\/uploads\/2021\/11\/TECHNICIAN-Mould-King-19008-RC-Tow-Truck-14-237x300.jpg 237w, https:\/\/mouldking.store\/wp-content\/uploads\/2021\/11\/TECHNICIAN-Mould-King-19008-RC-Tow-Truck-14-768x971.jpg 768w, https:\/\/mouldking.store\/wp-content\/uploads\/2021\/11\/TECHNICIAN-Mould-King-19008-RC-Tow-Truck-14-300x379.jpg 300w, https:\/\/mouldking.store\/wp-content\/uploads\/2021\/11\/TECHNICIAN-Mould-King-19008-RC-Tow-Truck-14-600x759.jpg 600w, https:\/\/mouldking.store\/wp-content\/uploads\/2021\/11\/TECHNICIAN-Mould-King-19008-RC-Tow-Truck-14-119x150.jpg 119w\" sizes=\"(max-width: 790px) 100vw, 790px\" \/><figcaption id=\"caption-attachment-26458\" class=\"wp-caption-text\">Xe \u0111\u1ea7u k\u00e9o RC Mold King 19008 v\u1edbi 10966 m\u1ea3nh gh\u00e9p<\/figcaption><\/figure>\n<figure id=\"attachment_26455\" aria-describedby=\"caption-attachment-26455\" style=\"width: 651px\" class=\"wp-caption aligncenter\"><img loading=\"lazy\" decoding=\"async\" class=\"wp-image-26455 size-full\" src=\"https:\/\/mouldking.store\/wp-content\/uploads\/2021\/11\/TECHNICIAN-Mould-King-19008-RC-Tow-Truck-11.jpg\" alt=\"Mould King 19008 RC Tow Truck with 10966 pieces\" width=\"651\" height=\"1024\" title=\"-\" srcset=\"https:\/\/mouldking.store\/wp-content\/uploads\/2021\/11\/TECHNICIAN-Mould-King-19008-RC-Tow-Truck-11.jpg 651w, https:\/\/mouldking.store\/wp-content\/uploads\/2021\/11\/TECHNICIAN-Mould-King-19008-RC-Tow-Truck-11-191x300.jpg 191w, https:\/\/mouldking.store\/wp-content\/uploads\/2021\/11\/TECHNICIAN-Mould-King-19008-RC-Tow-Truck-11-300x472.jpg 300w, https:\/\/mouldking.store\/wp-content\/uploads\/2021\/11\/TECHNICIAN-Mould-King-19008-RC-Tow-Truck-11-600x944.jpg 600w, https:\/\/mouldking.store\/wp-content\/uploads\/2021\/11\/TECHNICIAN-Mould-King-19008-RC-Tow-Truck-11-95x150.jpg 95w\" sizes=\"(max-width: 651px) 100vw, 651px\" \/><figcaption id=\"caption-attachment-26455\" class=\"wp-caption-text\">Xe \u0111\u1ea7u k\u00e9o RC Mold King 19008 v\u1edbi 10966 m\u1ea3nh gh\u00e9p<\/figcaption><\/figure>\n<figure id=\"attachment_26454\" aria-describedby=\"caption-attachment-26454\" style=\"width: 701px\" class=\"wp-caption aligncenter\"><img loading=\"lazy\" decoding=\"async\" class=\"wp-image-26454 size-full\" src=\"https:\/\/mouldking.store\/wp-content\/uploads\/2021\/11\/TECHNICIAN-Mould-King-19008-RC-Tow-Truck-10.jpg\" alt=\"Mould King 19008 RC Tow Truck with 10966 pieces\" width=\"701\" height=\"1024\" title=\"-\" srcset=\"https:\/\/mouldking.store\/wp-content\/uploads\/2021\/11\/TECHNICIAN-Mould-King-19008-RC-Tow-Truck-10.jpg 701w, https:\/\/mouldking.store\/wp-content\/uploads\/2021\/11\/TECHNICIAN-Mould-King-19008-RC-Tow-Truck-10-205x300.jpg 205w, https:\/\/mouldking.store\/wp-content\/uploads\/2021\/11\/TECHNICIAN-Mould-King-19008-RC-Tow-Truck-10-300x438.jpg 300w, https:\/\/mouldking.store\/wp-content\/uploads\/2021\/11\/TECHNICIAN-Mould-King-19008-RC-Tow-Truck-10-600x876.jpg 600w, https:\/\/mouldking.store\/wp-content\/uploads\/2021\/11\/TECHNICIAN-Mould-King-19008-RC-Tow-Truck-10-103x150.jpg 103w\" sizes=\"(max-width: 701px) 100vw, 701px\" \/><figcaption id=\"caption-attachment-26454\" class=\"wp-caption-text\">Xe \u0111\u1ea7u k\u00e9o RC Mold King 19008 v\u1edbi 10966 m\u1ea3nh gh\u00e9p<\/figcaption><\/figure>\n<figure id=\"attachment_26453\" aria-describedby=\"caption-attachment-26453\" style=\"width: 636px\" class=\"wp-caption aligncenter\"><img loading=\"lazy\" decoding=\"async\" class=\"wp-image-26453 size-full\" src=\"https:\/\/mouldking.store\/wp-content\/uploads\/2021\/11\/TECHNICIAN-Mould-King-19008-RC-Tow-Truck-9.jpg\" alt=\"Mould King 19008 RC Tow Truck with 10966 pieces\" width=\"636\" height=\"1023\" title=\"-\" srcset=\"https:\/\/mouldking.store\/wp-content\/uploads\/2021\/11\/TECHNICIAN-Mould-King-19008-RC-Tow-Truck-9.jpg 636w, https:\/\/mouldking.store\/wp-content\/uploads\/2021\/11\/TECHNICIAN-Mould-King-19008-RC-Tow-Truck-9-187x300.jpg 187w, https:\/\/mouldking.store\/wp-content\/uploads\/2021\/11\/TECHNICIAN-Mould-King-19008-RC-Tow-Truck-9-300x483.jpg 300w, https:\/\/mouldking.store\/wp-content\/uploads\/2021\/11\/TECHNICIAN-Mould-King-19008-RC-Tow-Truck-9-600x965.jpg 600w, https:\/\/mouldking.store\/wp-content\/uploads\/2021\/11\/TECHNICIAN-Mould-King-19008-RC-Tow-Truck-9-93x150.jpg 93w\" sizes=\"(max-width: 636px) 100vw, 636px\" \/><figcaption id=\"caption-attachment-26453\" class=\"wp-caption-text\">Xe \u0111\u1ea7u k\u00e9o RC Mold King 19008 v\u1edbi 10966 m\u1ea3nh gh\u00e9p<\/figcaption><\/figure>\n<figure id=\"attachment_26448\" aria-describedby=\"caption-attachment-26448\" style=\"width: 570px\" class=\"wp-caption aligncenter\"><img loading=\"lazy\" decoding=\"async\" class=\"wp-image-26448 size-full\" src=\"https:\/\/mouldking.store\/wp-content\/uploads\/2021\/11\/TECHNICIAN-Mould-King-19008-RC-Tow-Truck-4.jpg\" alt=\"Mould King 19008 RC Tow Truck with 10966 pieces\" width=\"570\" height=\"1023\" title=\"-\" srcset=\"https:\/\/mouldking.store\/wp-content\/uploads\/2021\/11\/TECHNICIAN-Mould-King-19008-RC-Tow-Truck-4.jpg 570w, https:\/\/mouldking.store\/wp-content\/uploads\/2021\/11\/TECHNICIAN-Mould-King-19008-RC-Tow-Truck-4-167x300.jpg 167w, https:\/\/mouldking.store\/wp-content\/uploads\/2021\/11\/TECHNICIAN-Mould-King-19008-RC-Tow-Truck-4-300x538.jpg 300w, https:\/\/mouldking.store\/wp-content\/uploads\/2021\/11\/TECHNICIAN-Mould-King-19008-RC-Tow-Truck-4-84x150.jpg 84w\" sizes=\"(max-width: 570px) 100vw, 570px\" \/><figcaption id=\"caption-attachment-26448\" class=\"wp-caption-text\">Xe \u0111\u1ea7u k\u00e9o RC Mold King 19008 v\u1edbi 10966 m\u1ea3nh gh\u00e9p<\/figcaption><\/figure>\n<figure id=\"attachment_26451\" aria-describedby=\"caption-attachment-26451\" style=\"width: 800px\" class=\"wp-caption aligncenter\"><img loading=\"lazy\" decoding=\"async\" class=\"wp-image-26451 size-full\" src=\"https:\/\/mouldking.store\/wp-content\/uploads\/2021\/11\/TECHNICIAN-Mould-King-19008-RC-Tow-Truck-7.jpg\" alt=\"Mould King 19008 RC Tow Truck with 10966 pieces\" width=\"800\" height=\"800\" title=\"-\" srcset=\"https:\/\/mouldking.store\/wp-content\/uploads\/2021\/11\/TECHNICIAN-Mould-King-19008-RC-Tow-Truck-7.jpg 800w, https:\/\/mouldking.store\/wp-content\/uploads\/2021\/11\/TECHNICIAN-Mould-King-19008-RC-Tow-Truck-7-300x300.jpg 300w, https:\/\/mouldking.store\/wp-content\/uploads\/2021\/11\/TECHNICIAN-Mould-King-19008-RC-Tow-Truck-7-768x768.jpg 768w, https:\/\/mouldking.store\/wp-content\/uploads\/2021\/11\/TECHNICIAN-Mould-King-19008-RC-Tow-Truck-7-600x600.jpg 600w, https:\/\/mouldking.store\/wp-content\/uploads\/2021\/11\/TECHNICIAN-Mould-King-19008-RC-Tow-Truck-7-150x150.jpg 150w\" sizes=\"(max-width: 800px) 100vw, 800px\" \/><figcaption id=\"caption-attachment-26451\" class=\"wp-caption-text\">Xe \u0111\u1ea7u k\u00e9o RC Mold King 19008 v\u1edbi 10966 m\u1ea3nh gh\u00e9p<\/figcaption><\/figure>\n<figure id=\"attachment_26457\" aria-describedby=\"caption-attachment-26457\" style=\"width: 790px\" class=\"wp-caption aligncenter\"><img loading=\"lazy\" decoding=\"async\" class=\"wp-image-26457 size-full\" src=\"https:\/\/mouldking.store\/wp-content\/uploads\/2021\/11\/TECHNICIAN-Mould-King-19008-RC-Tow-Truck-13.jpg\" alt=\"Mould King 19008 RC Tow Truck with 10966 pieces\" width=\"790\" height=\"836\" title=\"-\" srcset=\"https:\/\/mouldking.store\/wp-content\/uploads\/2021\/11\/TECHNICIAN-Mould-King-19008-RC-Tow-Truck-13.jpg 790w, https:\/\/mouldking.store\/wp-content\/uploads\/2021\/11\/TECHNICIAN-Mould-King-19008-RC-Tow-Truck-13-283x300.jpg 283w, https:\/\/mouldking.store\/wp-content\/uploads\/2021\/11\/TECHNICIAN-Mould-King-19008-RC-Tow-Truck-13-768x813.jpg 768w, https:\/\/mouldking.store\/wp-content\/uploads\/2021\/11\/TECHNICIAN-Mould-King-19008-RC-Tow-Truck-13-300x317.jpg 300w, https:\/\/mouldking.store\/wp-content\/uploads\/2021\/11\/TECHNICIAN-Mould-King-19008-RC-Tow-Truck-13-600x635.jpg 600w, https:\/\/mouldking.store\/wp-content\/uploads\/2021\/11\/TECHNICIAN-Mould-King-19008-RC-Tow-Truck-13-142x150.jpg 142w\" sizes=\"(max-width: 790px) 100vw, 790px\" \/><figcaption id=\"caption-attachment-26457\" class=\"wp-caption-text\">Xe \u0111\u1ea7u k\u00e9o RC Mold King 19008 v\u1edbi 10966 m\u1ea3nh gh\u00e9p<\/figcaption><\/figure>\n<figure id=\"attachment_26449\" aria-describedby=\"caption-attachment-26449\" style=\"width: 790px\" class=\"wp-caption aligncenter\"><img loading=\"lazy\" decoding=\"async\" class=\"wp-image-26449 size-full\" src=\"https:\/\/mouldking.store\/wp-content\/uploads\/2021\/11\/TECHNICIAN-Mould-King-19008-RC-Tow-Truck-5.jpg\" alt=\"Mould King 19008 RC Tow Truck with 10966 pieces\" width=\"790\" height=\"692\" title=\"-\" srcset=\"https:\/\/mouldking.store\/wp-content\/uploads\/2021\/11\/TECHNICIAN-Mould-King-19008-RC-Tow-Truck-5.jpg 790w, https:\/\/mouldking.store\/wp-content\/uploads\/2021\/11\/TECHNICIAN-Mould-King-19008-RC-Tow-Truck-5-300x263.jpg 300w, https:\/\/mouldking.store\/wp-content\/uploads\/2021\/11\/TECHNICIAN-Mould-King-19008-RC-Tow-Truck-5-768x673.jpg 768w, https:\/\/mouldking.store\/wp-content\/uploads\/2021\/11\/TECHNICIAN-Mould-King-19008-RC-Tow-Truck-5-600x526.jpg 600w, https:\/\/mouldking.store\/wp-content\/uploads\/2021\/11\/TECHNICIAN-Mould-King-19008-RC-Tow-Truck-5-150x131.jpg 150w\" sizes=\"(max-width: 790px) 100vw, 790px\" \/><figcaption id=\"caption-attachment-26449\" class=\"wp-caption-text\">Xe \u0111\u1ea7u k\u00e9o RC Mold King 19008 v\u1edbi 10966 m\u1ea3nh gh\u00e9p<\/figcaption><\/figure>\n<figure id=\"attachment_26450\" aria-describedby=\"caption-attachment-26450\" style=\"width: 790px\" class=\"wp-caption aligncenter\"><img loading=\"lazy\" decoding=\"async\" class=\"wp-image-26450 size-full\" src=\"https:\/\/mouldking.store\/wp-content\/uploads\/2021\/11\/TECHNICIAN-Mould-King-19008-RC-Tow-Truck-6.jpg\" alt=\"Mould King 19008 RC Tow Truck with 10966 pieces\" width=\"790\" height=\"749\" title=\"-\" srcset=\"https:\/\/mouldking.store\/wp-content\/uploads\/2021\/11\/TECHNICIAN-Mould-King-19008-RC-Tow-Truck-6.jpg 790w, https:\/\/mouldking.store\/wp-content\/uploads\/2021\/11\/TECHNICIAN-Mould-King-19008-RC-Tow-Truck-6-300x284.jpg 300w, https:\/\/mouldking.store\/wp-content\/uploads\/2021\/11\/TECHNICIAN-Mould-King-19008-RC-Tow-Truck-6-768x728.jpg 768w, https:\/\/mouldking.store\/wp-content\/uploads\/2021\/11\/TECHNICIAN-Mould-King-19008-RC-Tow-Truck-6-600x569.jpg 600w, https:\/\/mouldking.store\/wp-content\/uploads\/2021\/11\/TECHNICIAN-Mould-King-19008-RC-Tow-Truck-6-150x142.jpg 150w\" sizes=\"(max-width: 790px) 100vw, 790px\" \/><figcaption id=\"caption-attachment-26450\" class=\"wp-caption-text\">Xe \u0111\u1ea7u k\u00e9o RC Mold King 19008 v\u1edbi 10966 m\u1ea3nh gh\u00e9p<\/figcaption><\/figure>\n<figure id=\"attachment_26446\" aria-describedby=\"caption-attachment-26446\" style=\"width: 648px\" class=\"wp-caption aligncenter\"><img loading=\"lazy\" decoding=\"async\" class=\"wp-image-26446 size-full\" src=\"https:\/\/mouldking.store\/wp-content\/uploads\/2021\/11\/TECHNICIAN-Mould-King-19008-RC-Tow-Truck-2.jpg\" alt=\"Mould King 19008 RC Tow Truck with 10966 pieces\" width=\"648\" height=\"1024\" title=\"-\" srcset=\"https:\/\/mouldking.store\/wp-content\/uploads\/2021\/11\/TECHNICIAN-Mould-King-19008-RC-Tow-Truck-2.jpg 648w, https:\/\/mouldking.store\/wp-content\/uploads\/2021\/11\/TECHNICIAN-Mould-King-19008-RC-Tow-Truck-2-190x300.jpg 190w, https:\/\/mouldking.store\/wp-content\/uploads\/2021\/11\/TECHNICIAN-Mould-King-19008-RC-Tow-Truck-2-300x474.jpg 300w, https:\/\/mouldking.store\/wp-content\/uploads\/2021\/11\/TECHNICIAN-Mould-King-19008-RC-Tow-Truck-2-600x948.jpg 600w, https:\/\/mouldking.store\/wp-content\/uploads\/2021\/11\/TECHNICIAN-Mould-King-19008-RC-Tow-Truck-2-95x150.jpg 95w\" sizes=\"(max-width: 648px) 100vw, 648px\" \/><figcaption id=\"caption-attachment-26446\" class=\"wp-caption-text\">Xe \u0111\u1ea7u k\u00e9o RC Mold King 19008 v\u1edbi 10966 m\u1ea3nh gh\u00e9p<\/figcaption><\/figure>","protected":false},"excerpt":{"rendered":"<p>Product information: Brand: Mould King Gender: Unisex Name: RC Tow Truck Age Range: &gt; 14 years old Model Number: 19008 Classification: Assemblage Plastic Block Shape: Self-Locking Bricks Material: Plastic Plastic Type: ABS Bricks Blocks: 10966 PCS Contains detailed assembly instructions. Notice: 1. Without an original box, but we guarantee our products have quality assurance and [&hellip;]<\/p>","protected":false},"featured_media":26445,"comment_status":"open","ping_status":"closed","template":"","meta":{"_acf_changed":false},"product_cat":[364],"product_tag":[3017,615,3014,3013,3016,3019,3018,481,3015,2566],"class_list":["product","first","instock","shipping-taxable","purchasable","product-type-simple"],"acf":[],"_links":{"self":[{"href":"https:\/\/mouldking.store\/vi\/wp-json\/wp\/v2\/product\/26444","targetHints":{"allow":["GET"]}}],"collection":[{"href":"https:\/\/mouldking.store\/vi\/wp-json\/wp\/v2\/product"}],"about":[{"href":"https:\/\/mouldking.store\/vi\/wp-json\/wp\/v2\/types\/product"}],"replies":[{"embeddable":true,"href":"https:\/\/mouldking.store\/vi\/wp-json\/wp\/v2\/comments?post=26444"}],"wp:featuredmedia":[{"embeddable":true,"href":"https:\/\/mouldking.store\/vi\/wp-json\/wp\/v2\/media\/26445"}],"wp:attachment":[{"href":"https:\/\/mouldking.store\/vi\/wp-json\/wp\/v2\/media?parent=26444"}],"wp:term":[{"taxonomy":"product_cat","embeddable":true,"href":"https:\/\/mouldking.store\/vi\/wp-json\/wp\/v2\/product_cat?post=26444"},{"taxonomy":"product_tag","embeddable":true,"href":"https:\/\/mouldking.store\/vi\/wp-json\/wp\/v2\/product_tag?post=26444"}],"curies":[{"name":"wp","href":"https:\/\/api.w.org\/{rel}","templated":true}]}}