{"id":26608,"date":"2021-11-04T13:10:16","date_gmt":"2021-11-04T13:10:16","guid":{"rendered":"https:\/\/mouldking.store\/?post_type=product&#038;p=26608"},"modified":"2021-12-23T09:40:50","modified_gmt":"2021-12-23T09:40:50","slug":"mould-king-15050-uranus-heka-with-1112-pieces","status":"publish","type":"product","link":"https:\/\/mouldking.store\/vi\/shop\/mould-king-15050-uranus-heka-with-1112-pieces\/","title":{"rendered":"Khu\u00f4n King 15050 Uranus Heka g\u1ed3m 1112 mi\u1ebfng"},"content":{"rendered":"<p>Th\u00f4ng tin s\u1ea3n ph\u1ea9m:<\/p>\n<ol>\n<li>Th\u01b0\u01a1ng hi\u1ec7u: Khu\u00f4n Vua<\/li>\n<li>Gi\u1edbi t\u00ednh: Unisex<\/li>\n<li>Name: Uranus Heka<\/li>\n<li>\u0110\u1ed9 tu\u1ed5i: &gt; 6 tu\u1ed5i<\/li>\n<li>Model Number: 15050<\/li>\n<li>Ph\u00e2n lo\u1ea1i: T\u1eadp h\u1ee3p<\/li>\n<li>H\u00ecnh d\u1ea1ng kh\u1ed1i nh\u1ef1a: G\u1ea1ch t\u1ef1 kh\u00f3a<\/li>\n<li>Ch\u1ea5t li\u1ec7u: Nh\u1ef1a<\/li>\n<li>Lo\u1ea1i nh\u1ef1a: ABS<\/li>\n<li>Bricks Blocks: 1112 PCS<\/li>\n<li>Ch\u1ee9a h\u01b0\u1edbng d\u1eabn l\u1eafp r\u00e1p chi ti\u1ebft.<\/li>\n<\/ol>\n<p>\u0110\u1ec3 \u00fd:<br \/>\n1. Kh\u00f4ng c\u00f3 h\u1ed9p ban \u0111\u1ea7u, nh\u01b0ng ch\u00fang t\u00f4i \u0111\u1ea3m b\u1ea3o s\u1ea3n ph\u1ea9m c\u1ee7a ch\u00fang t\u00f4i c\u00f3 ch\u1ea5t l\u01b0\u1ee3ng \u0111\u1ea3m b\u1ea3o v\u00e0 bao b\u00ec \u0111\u1eb9p.<br \/>\n2. V\u00ec t\u1ea5t c\u1ea3 c\u00e1c b\u1ed9 ph\u1eadn ch\u00fang t\u00f4i \u0111\u00e3 ki\u1ec3m tra tr\u01b0\u1edbc khi v\u1eadn chuy\u1ec3n, v\u00ec v\u1eady n\u1ebfu b\u1ea1n th\u1ea5y m\u1ed9t s\u1ed1 b\u1ed9 ph\u1eadn b\u1ecb thi\u1ebfu ho\u1eb7c h\u01b0 h\u1ecfng, \u0111\u1eebng lo l\u1eafng v\u00e0 ch\u1ec9 c\u1ea7n vui l\u00f2ng li\u00ean h\u1ec7 v\u1edbi ch\u00fang t\u00f4i v\u00e0 ch\u00fang t\u00f4i c\u00f3 th\u1ec3 g\u1eedi l\u1ea1i mi\u1ec5n ph\u00ed cho b\u1ea1n ngay l\u1eadp t\u1ee9c.<\/p>\n<figure id=\"attachment_26638\" aria-describedby=\"caption-attachment-26638\" style=\"width: 800px\" class=\"wp-caption aligncenter\"><img fetchpriority=\"high\" decoding=\"async\" class=\"wp-image-26638 size-full\" src=\"https:\/\/mouldking.store\/wp-content\/uploads\/2021\/11\/Mould-King-15050-Uranus-Heka-with-1112-pieces-1.jpg\" alt=\"Mould King 15050 Uranus Heka with 1112 pieces\" width=\"800\" height=\"800\" title=\"-\" srcset=\"https:\/\/mouldking.store\/wp-content\/uploads\/2021\/11\/Mould-King-15050-Uranus-Heka-with-1112-pieces-1.jpg 800w, https:\/\/mouldking.store\/wp-content\/uploads\/2021\/11\/Mould-King-15050-Uranus-Heka-with-1112-pieces-1-300x300.jpg 300w, https:\/\/mouldking.store\/wp-content\/uploads\/2021\/11\/Mould-King-15050-Uranus-Heka-with-1112-pieces-1-768x768.jpg 768w, https:\/\/mouldking.store\/wp-content\/uploads\/2021\/11\/Mould-King-15050-Uranus-Heka-with-1112-pieces-1-600x600.jpg 600w, https:\/\/mouldking.store\/wp-content\/uploads\/2021\/11\/Mould-King-15050-Uranus-Heka-with-1112-pieces-1-150x150.jpg 150w\" sizes=\"(max-width: 800px) 100vw, 800px\" \/><figcaption id=\"caption-attachment-26638\" class=\"wp-caption-text\">Khu\u00f4n King 15050 Uranus Heka g\u1ed3m 1112 mi\u1ebfng<\/figcaption><\/figure>\n<figure id=\"attachment_26646\" aria-describedby=\"caption-attachment-26646\" style=\"width: 819px\" class=\"wp-caption aligncenter\"><img decoding=\"async\" class=\"wp-image-26646 size-full\" src=\"https:\/\/mouldking.store\/wp-content\/uploads\/2021\/11\/Mould-King-15050-Uranus-Heka-with-1112-pieces-9.jpg\" alt=\"Mould King 15050 Uranus Heka with 1112 pieces\" width=\"819\" height=\"1024\" title=\"-\" srcset=\"https:\/\/mouldking.store\/wp-content\/uploads\/2021\/11\/Mould-King-15050-Uranus-Heka-with-1112-pieces-9.jpg 819w, https:\/\/mouldking.store\/wp-content\/uploads\/2021\/11\/Mould-King-15050-Uranus-Heka-with-1112-pieces-9-240x300.jpg 240w, https:\/\/mouldking.store\/wp-content\/uploads\/2021\/11\/Mould-King-15050-Uranus-Heka-with-1112-pieces-9-768x960.jpg 768w, https:\/\/mouldking.store\/wp-content\/uploads\/2021\/11\/Mould-King-15050-Uranus-Heka-with-1112-pieces-9-300x375.jpg 300w, https:\/\/mouldking.store\/wp-content\/uploads\/2021\/11\/Mould-King-15050-Uranus-Heka-with-1112-pieces-9-600x750.jpg 600w, https:\/\/mouldking.store\/wp-content\/uploads\/2021\/11\/Mould-King-15050-Uranus-Heka-with-1112-pieces-9-120x150.jpg 120w\" sizes=\"(max-width: 819px) 100vw, 819px\" \/><figcaption id=\"caption-attachment-26646\" class=\"wp-caption-text\">Khu\u00f4n King 15050 Uranus Heka g\u1ed3m 1112 mi\u1ebfng<\/figcaption><\/figure>\n<figure id=\"attachment_26645\" aria-describedby=\"caption-attachment-26645\" style=\"width: 1023px\" class=\"wp-caption aligncenter\"><img decoding=\"async\" class=\"wp-image-26645 size-full\" src=\"https:\/\/mouldking.store\/wp-content\/uploads\/2021\/11\/Mould-King-15050-Uranus-Heka-with-1112-pieces-8.jpg\" alt=\"Mould King 15050 Uranus Heka with 1112 pieces\" width=\"1023\" height=\"794\" title=\"-\" srcset=\"https:\/\/mouldking.store\/wp-content\/uploads\/2021\/11\/Mould-King-15050-Uranus-Heka-with-1112-pieces-8.jpg 1023w, https:\/\/mouldking.store\/wp-content\/uploads\/2021\/11\/Mould-King-15050-Uranus-Heka-with-1112-pieces-8-300x233.jpg 300w, https:\/\/mouldking.store\/wp-content\/uploads\/2021\/11\/Mould-King-15050-Uranus-Heka-with-1112-pieces-8-768x596.jpg 768w, https:\/\/mouldking.store\/wp-content\/uploads\/2021\/11\/Mould-King-15050-Uranus-Heka-with-1112-pieces-8-600x466.jpg 600w, https:\/\/mouldking.store\/wp-content\/uploads\/2021\/11\/Mould-King-15050-Uranus-Heka-with-1112-pieces-8-150x116.jpg 150w\" sizes=\"(max-width: 1023px) 100vw, 1023px\" \/><figcaption id=\"caption-attachment-26645\" class=\"wp-caption-text\">Khu\u00f4n King 15050 Uranus Heka g\u1ed3m 1112 mi\u1ebfng<\/figcaption><\/figure>\n<figure id=\"attachment_26644\" aria-describedby=\"caption-attachment-26644\" style=\"width: 849px\" class=\"wp-caption aligncenter\"><img loading=\"lazy\" decoding=\"async\" class=\"wp-image-26644 size-full\" src=\"https:\/\/mouldking.store\/wp-content\/uploads\/2021\/11\/Mould-King-15050-Uranus-Heka-with-1112-pieces-7.jpg\" alt=\"Mould King 15050 Uranus Heka with 1112 pieces\" width=\"849\" height=\"1024\" title=\"-\" srcset=\"https:\/\/mouldking.store\/wp-content\/uploads\/2021\/11\/Mould-King-15050-Uranus-Heka-with-1112-pieces-7.jpg 849w, https:\/\/mouldking.store\/wp-content\/uploads\/2021\/11\/Mould-King-15050-Uranus-Heka-with-1112-pieces-7-249x300.jpg 249w, https:\/\/mouldking.store\/wp-content\/uploads\/2021\/11\/Mould-King-15050-Uranus-Heka-with-1112-pieces-7-768x926.jpg 768w, https:\/\/mouldking.store\/wp-content\/uploads\/2021\/11\/Mould-King-15050-Uranus-Heka-with-1112-pieces-7-300x362.jpg 300w, https:\/\/mouldking.store\/wp-content\/uploads\/2021\/11\/Mould-King-15050-Uranus-Heka-with-1112-pieces-7-600x724.jpg 600w, https:\/\/mouldking.store\/wp-content\/uploads\/2021\/11\/Mould-King-15050-Uranus-Heka-with-1112-pieces-7-124x150.jpg 124w\" sizes=\"(max-width: 849px) 100vw, 849px\" \/><figcaption id=\"caption-attachment-26644\" class=\"wp-caption-text\">Khu\u00f4n King 15050 Uranus Heka g\u1ed3m 1112 mi\u1ebfng<\/figcaption><\/figure>\n<figure id=\"attachment_26643\" aria-describedby=\"caption-attachment-26643\" style=\"width: 1023px\" class=\"wp-caption aligncenter\"><img loading=\"lazy\" decoding=\"async\" class=\"wp-image-26643 size-full\" src=\"https:\/\/mouldking.store\/wp-content\/uploads\/2021\/11\/Mould-King-15050-Uranus-Heka-with-1112-pieces-6.jpg\" alt=\"Mould King 15050 Uranus Heka with 1112 pieces\" width=\"1023\" height=\"748\" title=\"-\" srcset=\"https:\/\/mouldking.store\/wp-content\/uploads\/2021\/11\/Mould-King-15050-Uranus-Heka-with-1112-pieces-6.jpg 1023w, https:\/\/mouldking.store\/wp-content\/uploads\/2021\/11\/Mould-King-15050-Uranus-Heka-with-1112-pieces-6-300x219.jpg 300w, https:\/\/mouldking.store\/wp-content\/uploads\/2021\/11\/Mould-King-15050-Uranus-Heka-with-1112-pieces-6-768x562.jpg 768w, https:\/\/mouldking.store\/wp-content\/uploads\/2021\/11\/Mould-King-15050-Uranus-Heka-with-1112-pieces-6-600x439.jpg 600w, https:\/\/mouldking.store\/wp-content\/uploads\/2021\/11\/Mould-King-15050-Uranus-Heka-with-1112-pieces-6-150x110.jpg 150w\" sizes=\"(max-width: 1023px) 100vw, 1023px\" \/><figcaption id=\"caption-attachment-26643\" class=\"wp-caption-text\">Khu\u00f4n King 15050 Uranus Heka g\u1ed3m 1112 mi\u1ebfng<\/figcaption><\/figure>\n<figure id=\"attachment_26642\" aria-describedby=\"caption-attachment-26642\" style=\"width: 872px\" class=\"wp-caption aligncenter\"><img loading=\"lazy\" decoding=\"async\" class=\"wp-image-26642 size-full\" src=\"https:\/\/mouldking.store\/wp-content\/uploads\/2021\/11\/Mould-King-15050-Uranus-Heka-with-1112-pieces-5.jpg\" alt=\"Mould King 15050 Uranus Heka with 1112 pieces\" width=\"872\" height=\"1024\" title=\"-\" srcset=\"https:\/\/mouldking.store\/wp-content\/uploads\/2021\/11\/Mould-King-15050-Uranus-Heka-with-1112-pieces-5.jpg 872w, https:\/\/mouldking.store\/wp-content\/uploads\/2021\/11\/Mould-King-15050-Uranus-Heka-with-1112-pieces-5-255x300.jpg 255w, https:\/\/mouldking.store\/wp-content\/uploads\/2021\/11\/Mould-King-15050-Uranus-Heka-with-1112-pieces-5-768x902.jpg 768w, https:\/\/mouldking.store\/wp-content\/uploads\/2021\/11\/Mould-King-15050-Uranus-Heka-with-1112-pieces-5-300x352.jpg 300w, https:\/\/mouldking.store\/wp-content\/uploads\/2021\/11\/Mould-King-15050-Uranus-Heka-with-1112-pieces-5-600x705.jpg 600w, https:\/\/mouldking.store\/wp-content\/uploads\/2021\/11\/Mould-King-15050-Uranus-Heka-with-1112-pieces-5-128x150.jpg 128w\" sizes=\"(max-width: 872px) 100vw, 872px\" \/><figcaption id=\"caption-attachment-26642\" class=\"wp-caption-text\">Khu\u00f4n King 15050 Uranus Heka g\u1ed3m 1112 mi\u1ebfng<\/figcaption><\/figure>\n<figure id=\"attachment_26641\" aria-describedby=\"caption-attachment-26641\" style=\"width: 1024px\" class=\"wp-caption aligncenter\"><img loading=\"lazy\" decoding=\"async\" class=\"wp-image-26641 size-full\" src=\"https:\/\/mouldking.store\/wp-content\/uploads\/2021\/11\/Mould-King-15050-Uranus-Heka-with-1112-pieces-4.jpg\" alt=\"Mould King 15050 Uranus Heka with 1112 pieces\" width=\"1024\" height=\"791\" title=\"-\" srcset=\"https:\/\/mouldking.store\/wp-content\/uploads\/2021\/11\/Mould-King-15050-Uranus-Heka-with-1112-pieces-4.jpg 1024w, https:\/\/mouldking.store\/wp-content\/uploads\/2021\/11\/Mould-King-15050-Uranus-Heka-with-1112-pieces-4-300x232.jpg 300w, https:\/\/mouldking.store\/wp-content\/uploads\/2021\/11\/Mould-King-15050-Uranus-Heka-with-1112-pieces-4-768x593.jpg 768w, https:\/\/mouldking.store\/wp-content\/uploads\/2021\/11\/Mould-King-15050-Uranus-Heka-with-1112-pieces-4-600x463.jpg 600w, https:\/\/mouldking.store\/wp-content\/uploads\/2021\/11\/Mould-King-15050-Uranus-Heka-with-1112-pieces-4-150x116.jpg 150w\" sizes=\"(max-width: 1024px) 100vw, 1024px\" \/><figcaption id=\"caption-attachment-26641\" class=\"wp-caption-text\">Khu\u00f4n King 15050 Uranus Heka g\u1ed3m 1112 mi\u1ebfng<\/figcaption><\/figure>\n<figure id=\"attachment_26640\" aria-describedby=\"caption-attachment-26640\" style=\"width: 819px\" class=\"wp-caption aligncenter\"><img loading=\"lazy\" decoding=\"async\" class=\"wp-image-26640 size-full\" src=\"https:\/\/mouldking.store\/wp-content\/uploads\/2021\/11\/Mould-King-15050-Uranus-Heka-with-1112-pieces-3.jpg\" alt=\"Mould King 15050 Uranus Heka with 1112 pieces\" width=\"819\" height=\"1024\" title=\"-\" srcset=\"https:\/\/mouldking.store\/wp-content\/uploads\/2021\/11\/Mould-King-15050-Uranus-Heka-with-1112-pieces-3.jpg 819w, https:\/\/mouldking.store\/wp-content\/uploads\/2021\/11\/Mould-King-15050-Uranus-Heka-with-1112-pieces-3-240x300.jpg 240w, https:\/\/mouldking.store\/wp-content\/uploads\/2021\/11\/Mould-King-15050-Uranus-Heka-with-1112-pieces-3-768x960.jpg 768w, https:\/\/mouldking.store\/wp-content\/uploads\/2021\/11\/Mould-King-15050-Uranus-Heka-with-1112-pieces-3-300x375.jpg 300w, https:\/\/mouldking.store\/wp-content\/uploads\/2021\/11\/Mould-King-15050-Uranus-Heka-with-1112-pieces-3-600x750.jpg 600w, https:\/\/mouldking.store\/wp-content\/uploads\/2021\/11\/Mould-King-15050-Uranus-Heka-with-1112-pieces-3-120x150.jpg 120w\" sizes=\"(max-width: 819px) 100vw, 819px\" \/><figcaption id=\"caption-attachment-26640\" class=\"wp-caption-text\">Khu\u00f4n King 15050 Uranus Heka g\u1ed3m 1112 mi\u1ebfng<\/figcaption><\/figure>\n<figure id=\"attachment_26639\" aria-describedby=\"caption-attachment-26639\" style=\"width: 1023px\" class=\"wp-caption aligncenter\"><img loading=\"lazy\" decoding=\"async\" class=\"wp-image-26639 size-full\" src=\"https:\/\/mouldking.store\/wp-content\/uploads\/2021\/11\/Mould-King-15050-Uranus-Heka-with-1112-pieces-2.jpg\" alt=\"Mould King 15050 Uranus Heka with 1112 pieces\" width=\"1023\" height=\"637\" title=\"-\" srcset=\"https:\/\/mouldking.store\/wp-content\/uploads\/2021\/11\/Mould-King-15050-Uranus-Heka-with-1112-pieces-2.jpg 1023w, https:\/\/mouldking.store\/wp-content\/uploads\/2021\/11\/Mould-King-15050-Uranus-Heka-with-1112-pieces-2-300x187.jpg 300w, https:\/\/mouldking.store\/wp-content\/uploads\/2021\/11\/Mould-King-15050-Uranus-Heka-with-1112-pieces-2-768x478.jpg 768w, https:\/\/mouldking.store\/wp-content\/uploads\/2021\/11\/Mould-King-15050-Uranus-Heka-with-1112-pieces-2-600x374.jpg 600w, https:\/\/mouldking.store\/wp-content\/uploads\/2021\/11\/Mould-King-15050-Uranus-Heka-with-1112-pieces-2-150x93.jpg 150w\" sizes=\"(max-width: 1023px) 100vw, 1023px\" \/><figcaption id=\"caption-attachment-26639\" class=\"wp-caption-text\">Khu\u00f4n King 15050 Uranus Heka g\u1ed3m 1112 mi\u1ebfng<\/figcaption><\/figure>","protected":false},"excerpt":{"rendered":"<p>Product information: Brand: Mould King Gender: Unisex Name: Uranus Heka Age Range: &gt; 6 years old Model Number: 15050 Classification: Assemblage Plastic Block Shape: Self-Locking Bricks Material: Plastic Plastic Type: ABS Bricks Blocks: 1112 PCS Contains detailed assembly instructions. Notice: 1. Without an original box, but we guarantee our products have quality assurance and nice [&hellip;]<\/p>","protected":false},"featured_media":26638,"comment_status":"open","ping_status":"closed","template":"","meta":{"_acf_changed":false},"product_cat":[371],"product_tag":[3112,3107,3106,3109,3110,3111,3108],"class_list":["product","first","instock","shipping-taxable","purchasable","product-type-simple"],"acf":[],"_links":{"self":[{"href":"https:\/\/mouldking.store\/vi\/wp-json\/wp\/v2\/product\/26608","targetHints":{"allow":["GET"]}}],"collection":[{"href":"https:\/\/mouldking.store\/vi\/wp-json\/wp\/v2\/product"}],"about":[{"href":"https:\/\/mouldking.store\/vi\/wp-json\/wp\/v2\/types\/product"}],"replies":[{"embeddable":true,"href":"https:\/\/mouldking.store\/vi\/wp-json\/wp\/v2\/comments?post=26608"}],"wp:featuredmedia":[{"embeddable":true,"href":"https:\/\/mouldking.store\/vi\/wp-json\/wp\/v2\/media\/26638"}],"wp:attachment":[{"href":"https:\/\/mouldking.store\/vi\/wp-json\/wp\/v2\/media?parent=26608"}],"wp:term":[{"taxonomy":"product_cat","embeddable":true,"href":"https:\/\/mouldking.store\/vi\/wp-json\/wp\/v2\/product_cat?post=26608"},{"taxonomy":"product_tag","embeddable":true,"href":"https:\/\/mouldking.store\/vi\/wp-json\/wp\/v2\/product_tag?post=26608"}],"curies":[{"name":"wp","href":"https:\/\/api.w.org\/{rel}","templated":true}]}}