{"id":26647,"date":"2021-11-04T13:16:43","date_gmt":"2021-11-04T13:16:43","guid":{"rendered":"https:\/\/mouldking.store\/?post_type=product&#038;p=26647"},"modified":"2021-12-23T09:40:49","modified_gmt":"2021-12-23T09:40:49","slug":"mould-king-16038-magic-wand-shop-with-3196-pieces","status":"publish","type":"product","link":"https:\/\/mouldking.store\/vi\/shop\/mould-king-16038-magic-wand-shop-with-3196-pieces\/","title":{"rendered":"C\u1eeda h\u00e0ng \u0110\u0169a th\u1ea7n Mold King 16038 g\u1ed3m 3196 mi\u1ebfng"},"content":{"rendered":"<p>Th\u00f4ng tin s\u1ea3n ph\u1ea9m:<\/p>\n<ol>\n<li>Th\u01b0\u01a1ng hi\u1ec7u: Khu\u00f4n Vua<\/li>\n<li>Gi\u1edbi t\u00ednh: Unisex<\/li>\n<li>Name: Magic Wand Shop<\/li>\n<li>\u0110\u1ed9 tu\u1ed5i: &gt; 14 tu\u1ed5i<\/li>\n<li>Model Number: 16038<\/li>\n<li>Ph\u00e2n lo\u1ea1i: T\u1eadp h\u1ee3p<\/li>\n<li>H\u00ecnh d\u1ea1ng kh\u1ed1i nh\u1ef1a: G\u1ea1ch t\u1ef1 kh\u00f3a<\/li>\n<li>Ch\u1ea5t li\u1ec7u: Nh\u1ef1a<\/li>\n<li>Lo\u1ea1i nh\u1ef1a: ABS<\/li>\n<li>Bricks Blocks: 3196 PCS<\/li>\n<li>Ch\u1ee9a h\u01b0\u1edbng d\u1eabn l\u1eafp r\u00e1p chi ti\u1ebft.<\/li>\n<\/ol>\n<p>\u0110\u1ec3 \u00fd:<br \/>\n1. Kh\u00f4ng c\u00f3 h\u1ed9p ban \u0111\u1ea7u, nh\u01b0ng ch\u00fang t\u00f4i \u0111\u1ea3m b\u1ea3o s\u1ea3n ph\u1ea9m c\u1ee7a ch\u00fang t\u00f4i c\u00f3 ch\u1ea5t l\u01b0\u1ee3ng \u0111\u1ea3m b\u1ea3o v\u00e0 bao b\u00ec \u0111\u1eb9p.<br \/>\n2. V\u00ec t\u1ea5t c\u1ea3 c\u00e1c b\u1ed9 ph\u1eadn ch\u00fang t\u00f4i \u0111\u00e3 ki\u1ec3m tra tr\u01b0\u1edbc khi v\u1eadn chuy\u1ec3n, v\u00ec v\u1eady n\u1ebfu b\u1ea1n th\u1ea5y m\u1ed9t s\u1ed1 b\u1ed9 ph\u1eadn b\u1ecb thi\u1ebfu ho\u1eb7c h\u01b0 h\u1ecfng, \u0111\u1eebng lo l\u1eafng v\u00e0 ch\u1ec9 c\u1ea7n vui l\u00f2ng li\u00ean h\u1ec7 v\u1edbi ch\u00fang t\u00f4i v\u00e0 ch\u00fang t\u00f4i c\u00f3 th\u1ec3 g\u1eedi l\u1ea1i mi\u1ec5n ph\u00ed cho b\u1ea1n ngay l\u1eadp t\u1ee9c.<\/p>\n<figure id=\"attachment_26648\" aria-describedby=\"caption-attachment-26648\" style=\"width: 800px\" class=\"wp-caption aligncenter\"><img fetchpriority=\"high\" decoding=\"async\" class=\"wp-image-26648 size-full\" src=\"https:\/\/mouldking.store\/wp-content\/uploads\/2021\/11\/Mould-King-16038-Magic-Wand-Shop-with-3196-pieces-1.jpg\" alt=\"Mould King 16038 Magic Wand Shop with 3196 pieces\" width=\"800\" height=\"800\" title=\"-\" srcset=\"https:\/\/mouldking.store\/wp-content\/uploads\/2021\/11\/Mould-King-16038-Magic-Wand-Shop-with-3196-pieces-1.jpg 800w, https:\/\/mouldking.store\/wp-content\/uploads\/2021\/11\/Mould-King-16038-Magic-Wand-Shop-with-3196-pieces-1-300x300.jpg 300w, https:\/\/mouldking.store\/wp-content\/uploads\/2021\/11\/Mould-King-16038-Magic-Wand-Shop-with-3196-pieces-1-768x768.jpg 768w, https:\/\/mouldking.store\/wp-content\/uploads\/2021\/11\/Mould-King-16038-Magic-Wand-Shop-with-3196-pieces-1-600x600.jpg 600w, https:\/\/mouldking.store\/wp-content\/uploads\/2021\/11\/Mould-King-16038-Magic-Wand-Shop-with-3196-pieces-1-150x150.jpg 150w\" sizes=\"(max-width: 800px) 100vw, 800px\" \/><figcaption id=\"caption-attachment-26648\" class=\"wp-caption-text\">C\u1eeda h\u00e0ng \u0110\u0169a th\u1ea7n Mold King 16038 g\u1ed3m 3196 mi\u1ebfng<\/figcaption><\/figure>\n<figure id=\"attachment_26651\" aria-describedby=\"caption-attachment-26651\" style=\"width: 790px\" class=\"wp-caption aligncenter\"><img decoding=\"async\" class=\"wp-image-26651 size-full\" src=\"https:\/\/mouldking.store\/wp-content\/uploads\/2021\/11\/Mould-King-16038-Magic-Wand-Shop-with-3196-pieces-4.jpg\" alt=\"Mould King 16038 Magic Wand Shop with 3196 pieces\" width=\"790\" height=\"862\" title=\"-\" srcset=\"https:\/\/mouldking.store\/wp-content\/uploads\/2021\/11\/Mould-King-16038-Magic-Wand-Shop-with-3196-pieces-4.jpg 790w, https:\/\/mouldking.store\/wp-content\/uploads\/2021\/11\/Mould-King-16038-Magic-Wand-Shop-with-3196-pieces-4-275x300.jpg 275w, https:\/\/mouldking.store\/wp-content\/uploads\/2021\/11\/Mould-King-16038-Magic-Wand-Shop-with-3196-pieces-4-768x838.jpg 768w, https:\/\/mouldking.store\/wp-content\/uploads\/2021\/11\/Mould-King-16038-Magic-Wand-Shop-with-3196-pieces-4-300x327.jpg 300w, https:\/\/mouldking.store\/wp-content\/uploads\/2021\/11\/Mould-King-16038-Magic-Wand-Shop-with-3196-pieces-4-600x655.jpg 600w, https:\/\/mouldking.store\/wp-content\/uploads\/2021\/11\/Mould-King-16038-Magic-Wand-Shop-with-3196-pieces-4-137x150.jpg 137w\" sizes=\"(max-width: 790px) 100vw, 790px\" \/><figcaption id=\"caption-attachment-26651\" class=\"wp-caption-text\">C\u1eeda h\u00e0ng \u0110\u0169a th\u1ea7n Mold King 16038 g\u1ed3m 3196 mi\u1ebfng<\/figcaption><\/figure>\n<figure id=\"attachment_26650\" aria-describedby=\"caption-attachment-26650\" style=\"width: 790px\" class=\"wp-caption aligncenter\"><img decoding=\"async\" class=\"wp-image-26650 size-full\" src=\"https:\/\/mouldking.store\/wp-content\/uploads\/2021\/11\/Mould-King-16038-Magic-Wand-Shop-with-3196-pieces-3.jpg\" alt=\"Mould King 16038 Magic Wand Shop with 3196 pieces\" width=\"790\" height=\"850\" title=\"-\" srcset=\"https:\/\/mouldking.store\/wp-content\/uploads\/2021\/11\/Mould-King-16038-Magic-Wand-Shop-with-3196-pieces-3.jpg 790w, https:\/\/mouldking.store\/wp-content\/uploads\/2021\/11\/Mould-King-16038-Magic-Wand-Shop-with-3196-pieces-3-279x300.jpg 279w, https:\/\/mouldking.store\/wp-content\/uploads\/2021\/11\/Mould-King-16038-Magic-Wand-Shop-with-3196-pieces-3-768x826.jpg 768w, https:\/\/mouldking.store\/wp-content\/uploads\/2021\/11\/Mould-King-16038-Magic-Wand-Shop-with-3196-pieces-3-300x323.jpg 300w, https:\/\/mouldking.store\/wp-content\/uploads\/2021\/11\/Mould-King-16038-Magic-Wand-Shop-with-3196-pieces-3-600x646.jpg 600w, https:\/\/mouldking.store\/wp-content\/uploads\/2021\/11\/Mould-King-16038-Magic-Wand-Shop-with-3196-pieces-3-139x150.jpg 139w\" sizes=\"(max-width: 790px) 100vw, 790px\" \/><figcaption id=\"caption-attachment-26650\" class=\"wp-caption-text\">C\u1eeda h\u00e0ng \u0110\u0169a th\u1ea7n Mold King 16038 g\u1ed3m 3196 mi\u1ebfng<\/figcaption><\/figure>\n<figure id=\"attachment_26649\" aria-describedby=\"caption-attachment-26649\" style=\"width: 800px\" class=\"wp-caption aligncenter\"><img loading=\"lazy\" decoding=\"async\" class=\"wp-image-26649 size-full\" src=\"https:\/\/mouldking.store\/wp-content\/uploads\/2021\/11\/Mould-King-16038-Magic-Wand-Shop-with-3196-pieces-2.jpg\" alt=\"Mould King 16038 Magic Wand Shop with 3196 pieces\" width=\"800\" height=\"800\" title=\"-\" srcset=\"https:\/\/mouldking.store\/wp-content\/uploads\/2021\/11\/Mould-King-16038-Magic-Wand-Shop-with-3196-pieces-2.jpg 800w, https:\/\/mouldking.store\/wp-content\/uploads\/2021\/11\/Mould-King-16038-Magic-Wand-Shop-with-3196-pieces-2-300x300.jpg 300w, https:\/\/mouldking.store\/wp-content\/uploads\/2021\/11\/Mould-King-16038-Magic-Wand-Shop-with-3196-pieces-2-768x768.jpg 768w, https:\/\/mouldking.store\/wp-content\/uploads\/2021\/11\/Mould-King-16038-Magic-Wand-Shop-with-3196-pieces-2-600x600.jpg 600w, https:\/\/mouldking.store\/wp-content\/uploads\/2021\/11\/Mould-King-16038-Magic-Wand-Shop-with-3196-pieces-2-150x150.jpg 150w\" sizes=\"(max-width: 800px) 100vw, 800px\" \/><figcaption id=\"caption-attachment-26649\" class=\"wp-caption-text\">C\u1eeda h\u00e0ng \u0110\u0169a th\u1ea7n Mold King 16038 g\u1ed3m 3196 mi\u1ebfng<\/figcaption><\/figure>","protected":false},"excerpt":{"rendered":"<p>Product information: Brand: Mould King Gender: Unisex Name: Magic Wand Shop Age Range: &gt; 14 years old Model Number: 16038 Classification: Assemblage Plastic Block Shape: Self-Locking Bricks Material: Plastic Plastic Type: ABS Bricks Blocks: 3196 PCS Contains detailed assembly instructions. Notice: 1. Without an original box, but we guarantee our products have quality assurance and [&hellip;]<\/p>","protected":false},"featured_media":26648,"comment_status":"open","ping_status":"closed","template":"","meta":{"_acf_changed":false},"product_cat":[390],"product_tag":[3116,3117,3115,615,3114,3113,3119,3118,1711],"class_list":["product","first","instock","shipping-taxable","purchasable","product-type-simple"],"acf":[],"_links":{"self":[{"href":"https:\/\/mouldking.store\/vi\/wp-json\/wp\/v2\/product\/26647","targetHints":{"allow":["GET"]}}],"collection":[{"href":"https:\/\/mouldking.store\/vi\/wp-json\/wp\/v2\/product"}],"about":[{"href":"https:\/\/mouldking.store\/vi\/wp-json\/wp\/v2\/types\/product"}],"replies":[{"embeddable":true,"href":"https:\/\/mouldking.store\/vi\/wp-json\/wp\/v2\/comments?post=26647"}],"wp:featuredmedia":[{"embeddable":true,"href":"https:\/\/mouldking.store\/vi\/wp-json\/wp\/v2\/media\/26648"}],"wp:attachment":[{"href":"https:\/\/mouldking.store\/vi\/wp-json\/wp\/v2\/media?parent=26647"}],"wp:term":[{"taxonomy":"product_cat","embeddable":true,"href":"https:\/\/mouldking.store\/vi\/wp-json\/wp\/v2\/product_cat?post=26647"},{"taxonomy":"product_tag","embeddable":true,"href":"https:\/\/mouldking.store\/vi\/wp-json\/wp\/v2\/product_tag?post=26647"}],"curies":[{"name":"wp","href":"https:\/\/api.w.org\/{rel}","templated":true}]}}