{"id":26655,"date":"2021-11-04T13:27:40","date_gmt":"2021-11-04T13:27:40","guid":{"rendered":"https:\/\/mouldking.store\/?post_type=product&#038;p=26655"},"modified":"2021-12-23T09:40:49","modified_gmt":"2021-12-23T09:40:49","slug":"panlos-632002-type-99-main-battle-tank-with-1600-pieces","status":"publish","type":"product","link":"https:\/\/mouldking.store\/vi\/shop\/panlos-632002-type-99-main-battle-tank-with-1600-pieces\/","title":{"rendered":"Xe t\u0103ng chi\u1ebfn \u0111\u1ea5u ch\u1ee7 l\u1ef1c PANLOS 632002 Ki\u1ec3u 99 v\u1edbi 1600 m\u1ea3nh gh\u00e9p"},"content":{"rendered":"<p>Th\u00f4ng tin s\u1ea3n ph\u1ea9m:<\/p>\n<ol>\n<li>Th\u01b0\u01a1ng hi\u1ec7u: PANLOS<\/li>\n<li>Gi\u1edbi t\u00ednh: Unisex<\/li>\n<li>Name: Type 99 Main Battle Tank<\/li>\n<li>\u0110\u1ed9 tu\u1ed5i: &gt; 6 tu\u1ed5i<\/li>\n<li>Model Number: 632002<\/li>\n<li>Ph\u00e2n lo\u1ea1i: T\u1eadp h\u1ee3p<\/li>\n<li>H\u00ecnh d\u1ea1ng kh\u1ed1i nh\u1ef1a: G\u1ea1ch t\u1ef1 kh\u00f3a<\/li>\n<li>Ch\u1ea5t li\u1ec7u: Nh\u1ef1a<\/li>\n<li>Lo\u1ea1i nh\u1ef1a: ABS<\/li>\n<li>Bricks Blocks: 1600 PCS<\/li>\n<li>Ch\u1ee9a h\u01b0\u1edbng d\u1eabn l\u1eafp r\u00e1p chi ti\u1ebft.<\/li>\n<\/ol>\n<p>\u0110\u1ec3 \u00fd:<br \/>\n1. Kh\u00f4ng c\u00f3 h\u1ed9p ban \u0111\u1ea7u, nh\u01b0ng ch\u00fang t\u00f4i \u0111\u1ea3m b\u1ea3o s\u1ea3n ph\u1ea9m c\u1ee7a ch\u00fang t\u00f4i c\u00f3 ch\u1ea5t l\u01b0\u1ee3ng \u0111\u1ea3m b\u1ea3o v\u00e0 bao b\u00ec \u0111\u1eb9p.<br \/>\n2. V\u00ec t\u1ea5t c\u1ea3 c\u00e1c b\u1ed9 ph\u1eadn ch\u00fang t\u00f4i \u0111\u00e3 ki\u1ec3m tra tr\u01b0\u1edbc khi v\u1eadn chuy\u1ec3n, v\u00ec v\u1eady n\u1ebfu b\u1ea1n th\u1ea5y m\u1ed9t s\u1ed1 b\u1ed9 ph\u1eadn b\u1ecb thi\u1ebfu ho\u1eb7c h\u01b0 h\u1ecfng, \u0111\u1eebng lo l\u1eafng v\u00e0 ch\u1ec9 c\u1ea7n vui l\u00f2ng li\u00ean h\u1ec7 v\u1edbi ch\u00fang t\u00f4i v\u00e0 ch\u00fang t\u00f4i c\u00f3 th\u1ec3 g\u1eedi l\u1ea1i mi\u1ec5n ph\u00ed cho b\u1ea1n ngay l\u1eadp t\u1ee9c.<\/p>\n<figure id=\"attachment_26657\" aria-describedby=\"caption-attachment-26657\" style=\"width: 800px\" class=\"wp-caption aligncenter\"><img fetchpriority=\"high\" decoding=\"async\" class=\"wp-image-26657 size-full\" src=\"https:\/\/mouldking.store\/wp-content\/uploads\/2021\/11\/PANLOS-632002-Type-99-Main-Battle-Tank-with-1600-pieces-1.jpg\" alt=\"PANLOS 632002 Type 99 Main Battle Tank with 1600 pieces\" width=\"800\" height=\"800\" title=\"-\" srcset=\"https:\/\/mouldking.store\/wp-content\/uploads\/2021\/11\/PANLOS-632002-Type-99-Main-Battle-Tank-with-1600-pieces-1.jpg 800w, https:\/\/mouldking.store\/wp-content\/uploads\/2021\/11\/PANLOS-632002-Type-99-Main-Battle-Tank-with-1600-pieces-1-300x300.jpg 300w, https:\/\/mouldking.store\/wp-content\/uploads\/2021\/11\/PANLOS-632002-Type-99-Main-Battle-Tank-with-1600-pieces-1-768x768.jpg 768w, https:\/\/mouldking.store\/wp-content\/uploads\/2021\/11\/PANLOS-632002-Type-99-Main-Battle-Tank-with-1600-pieces-1-600x600.jpg 600w, https:\/\/mouldking.store\/wp-content\/uploads\/2021\/11\/PANLOS-632002-Type-99-Main-Battle-Tank-with-1600-pieces-1-150x150.jpg 150w\" sizes=\"(max-width: 800px) 100vw, 800px\" \/><figcaption id=\"caption-attachment-26657\" class=\"wp-caption-text\">Xe t\u0103ng chi\u1ebfn \u0111\u1ea5u ch\u1ee7 l\u1ef1c PANLOS 632002 Ki\u1ec3u 99 v\u1edbi 1600 m\u1ea3nh gh\u00e9p<\/figcaption><\/figure>\n<figure id=\"attachment_26662\" aria-describedby=\"caption-attachment-26662\" style=\"width: 800px\" class=\"wp-caption aligncenter\"><img decoding=\"async\" class=\"wp-image-26662 size-full\" src=\"https:\/\/mouldking.store\/wp-content\/uploads\/2021\/11\/PANLOS-632002-Type-99-Main-Battle-Tank-with-1600-pieces-6.jpg\" alt=\"PANLOS 632002 Type 99 Main Battle Tank with 1600 pieces\" width=\"800\" height=\"800\" title=\"-\" srcset=\"https:\/\/mouldking.store\/wp-content\/uploads\/2021\/11\/PANLOS-632002-Type-99-Main-Battle-Tank-with-1600-pieces-6.jpg 800w, https:\/\/mouldking.store\/wp-content\/uploads\/2021\/11\/PANLOS-632002-Type-99-Main-Battle-Tank-with-1600-pieces-6-300x300.jpg 300w, https:\/\/mouldking.store\/wp-content\/uploads\/2021\/11\/PANLOS-632002-Type-99-Main-Battle-Tank-with-1600-pieces-6-768x768.jpg 768w, https:\/\/mouldking.store\/wp-content\/uploads\/2021\/11\/PANLOS-632002-Type-99-Main-Battle-Tank-with-1600-pieces-6-600x600.jpg 600w, https:\/\/mouldking.store\/wp-content\/uploads\/2021\/11\/PANLOS-632002-Type-99-Main-Battle-Tank-with-1600-pieces-6-150x150.jpg 150w\" sizes=\"(max-width: 800px) 100vw, 800px\" \/><figcaption id=\"caption-attachment-26662\" class=\"wp-caption-text\">Xe t\u0103ng chi\u1ebfn \u0111\u1ea5u ch\u1ee7 l\u1ef1c PANLOS 632002 Ki\u1ec3u 99 v\u1edbi 1600 m\u1ea3nh gh\u00e9p<\/figcaption><\/figure>\n<figure id=\"attachment_26661\" aria-describedby=\"caption-attachment-26661\" style=\"width: 790px\" class=\"wp-caption aligncenter\"><img decoding=\"async\" class=\"wp-image-26661 size-full\" src=\"https:\/\/mouldking.store\/wp-content\/uploads\/2021\/11\/PANLOS-632002-Type-99-Main-Battle-Tank-with-1600-pieces-5.jpg\" alt=\"PANLOS 632002 Type 99 Main Battle Tank with 1600 pieces\" width=\"790\" height=\"773\" title=\"-\" srcset=\"https:\/\/mouldking.store\/wp-content\/uploads\/2021\/11\/PANLOS-632002-Type-99-Main-Battle-Tank-with-1600-pieces-5.jpg 790w, https:\/\/mouldking.store\/wp-content\/uploads\/2021\/11\/PANLOS-632002-Type-99-Main-Battle-Tank-with-1600-pieces-5-300x294.jpg 300w, https:\/\/mouldking.store\/wp-content\/uploads\/2021\/11\/PANLOS-632002-Type-99-Main-Battle-Tank-with-1600-pieces-5-768x751.jpg 768w, https:\/\/mouldking.store\/wp-content\/uploads\/2021\/11\/PANLOS-632002-Type-99-Main-Battle-Tank-with-1600-pieces-5-600x587.jpg 600w, https:\/\/mouldking.store\/wp-content\/uploads\/2021\/11\/PANLOS-632002-Type-99-Main-Battle-Tank-with-1600-pieces-5-150x147.jpg 150w\" sizes=\"(max-width: 790px) 100vw, 790px\" \/><figcaption id=\"caption-attachment-26661\" class=\"wp-caption-text\">Xe t\u0103ng chi\u1ebfn \u0111\u1ea5u ch\u1ee7 l\u1ef1c PANLOS 632002 Ki\u1ec3u 99 v\u1edbi 1600 m\u1ea3nh gh\u00e9p<\/figcaption><\/figure>\n<figure id=\"attachment_26660\" aria-describedby=\"caption-attachment-26660\" style=\"width: 790px\" class=\"wp-caption aligncenter\"><img loading=\"lazy\" decoding=\"async\" class=\"wp-image-26660 size-full\" src=\"https:\/\/mouldking.store\/wp-content\/uploads\/2021\/11\/PANLOS-632002-Type-99-Main-Battle-Tank-with-1600-pieces-4.jpg\" alt=\"PANLOS 632002 Type 99 Main Battle Tank with 1600 pieces\" width=\"790\" height=\"878\" title=\"-\" srcset=\"https:\/\/mouldking.store\/wp-content\/uploads\/2021\/11\/PANLOS-632002-Type-99-Main-Battle-Tank-with-1600-pieces-4.jpg 790w, https:\/\/mouldking.store\/wp-content\/uploads\/2021\/11\/PANLOS-632002-Type-99-Main-Battle-Tank-with-1600-pieces-4-270x300.jpg 270w, https:\/\/mouldking.store\/wp-content\/uploads\/2021\/11\/PANLOS-632002-Type-99-Main-Battle-Tank-with-1600-pieces-4-768x854.jpg 768w, https:\/\/mouldking.store\/wp-content\/uploads\/2021\/11\/PANLOS-632002-Type-99-Main-Battle-Tank-with-1600-pieces-4-300x333.jpg 300w, https:\/\/mouldking.store\/wp-content\/uploads\/2021\/11\/PANLOS-632002-Type-99-Main-Battle-Tank-with-1600-pieces-4-600x667.jpg 600w, https:\/\/mouldking.store\/wp-content\/uploads\/2021\/11\/PANLOS-632002-Type-99-Main-Battle-Tank-with-1600-pieces-4-135x150.jpg 135w\" sizes=\"(max-width: 790px) 100vw, 790px\" \/><figcaption id=\"caption-attachment-26660\" class=\"wp-caption-text\">Xe t\u0103ng chi\u1ebfn \u0111\u1ea5u ch\u1ee7 l\u1ef1c PANLOS 632002 Ki\u1ec3u 99 v\u1edbi 1600 m\u1ea3nh gh\u00e9p<\/figcaption><\/figure>\n<figure id=\"attachment_26659\" aria-describedby=\"caption-attachment-26659\" style=\"width: 790px\" class=\"wp-caption aligncenter\"><img loading=\"lazy\" decoding=\"async\" class=\"wp-image-26659 size-full\" src=\"https:\/\/mouldking.store\/wp-content\/uploads\/2021\/11\/PANLOS-632002-Type-99-Main-Battle-Tank-with-1600-pieces-3.jpg\" alt=\"PANLOS 632002 Type 99 Main Battle Tank with 1600 pieces\" width=\"790\" height=\"881\" title=\"-\" srcset=\"https:\/\/mouldking.store\/wp-content\/uploads\/2021\/11\/PANLOS-632002-Type-99-Main-Battle-Tank-with-1600-pieces-3.jpg 790w, https:\/\/mouldking.store\/wp-content\/uploads\/2021\/11\/PANLOS-632002-Type-99-Main-Battle-Tank-with-1600-pieces-3-269x300.jpg 269w, https:\/\/mouldking.store\/wp-content\/uploads\/2021\/11\/PANLOS-632002-Type-99-Main-Battle-Tank-with-1600-pieces-3-768x856.jpg 768w, https:\/\/mouldking.store\/wp-content\/uploads\/2021\/11\/PANLOS-632002-Type-99-Main-Battle-Tank-with-1600-pieces-3-300x335.jpg 300w, https:\/\/mouldking.store\/wp-content\/uploads\/2021\/11\/PANLOS-632002-Type-99-Main-Battle-Tank-with-1600-pieces-3-600x669.jpg 600w, https:\/\/mouldking.store\/wp-content\/uploads\/2021\/11\/PANLOS-632002-Type-99-Main-Battle-Tank-with-1600-pieces-3-135x150.jpg 135w\" sizes=\"(max-width: 790px) 100vw, 790px\" \/><figcaption id=\"caption-attachment-26659\" class=\"wp-caption-text\">Xe t\u0103ng chi\u1ebfn \u0111\u1ea5u ch\u1ee7 l\u1ef1c PANLOS 632002 Ki\u1ec3u 99 v\u1edbi 1600 m\u1ea3nh gh\u00e9p<\/figcaption><\/figure>\n<figure id=\"attachment_26658\" aria-describedby=\"caption-attachment-26658\" style=\"width: 790px\" class=\"wp-caption aligncenter\"><img loading=\"lazy\" decoding=\"async\" class=\"wp-image-26658 size-full\" src=\"https:\/\/mouldking.store\/wp-content\/uploads\/2021\/11\/PANLOS-632002-Type-99-Main-Battle-Tank-with-1600-pieces-2.jpg\" alt=\"PANLOS 632002 Type 99 Main Battle Tank with 1600 pieces\" width=\"790\" height=\"745\" title=\"-\" srcset=\"https:\/\/mouldking.store\/wp-content\/uploads\/2021\/11\/PANLOS-632002-Type-99-Main-Battle-Tank-with-1600-pieces-2.jpg 790w, https:\/\/mouldking.store\/wp-content\/uploads\/2021\/11\/PANLOS-632002-Type-99-Main-Battle-Tank-with-1600-pieces-2-300x283.jpg 300w, https:\/\/mouldking.store\/wp-content\/uploads\/2021\/11\/PANLOS-632002-Type-99-Main-Battle-Tank-with-1600-pieces-2-768x724.jpg 768w, https:\/\/mouldking.store\/wp-content\/uploads\/2021\/11\/PANLOS-632002-Type-99-Main-Battle-Tank-with-1600-pieces-2-600x566.jpg 600w, https:\/\/mouldking.store\/wp-content\/uploads\/2021\/11\/PANLOS-632002-Type-99-Main-Battle-Tank-with-1600-pieces-2-150x141.jpg 150w\" sizes=\"(max-width: 790px) 100vw, 790px\" \/><figcaption id=\"caption-attachment-26658\" class=\"wp-caption-text\">Xe t\u0103ng chi\u1ebfn \u0111\u1ea5u ch\u1ee7 l\u1ef1c PANLOS 632002 Ki\u1ec3u 99 v\u1edbi 1600 m\u1ea3nh gh\u00e9p<\/figcaption><\/figure>","protected":false},"excerpt":{"rendered":"<p>Product information: Brand: PANLOS Gender: Unisex Name: Type 99 Main Battle Tank Age Range: &gt; 6 years old Model Number: 632002 Classification: Assemblage Plastic Block Shape: Self-Locking Bricks Material: Plastic Plastic Type: ABS Bricks Blocks: 1600 PCS Contains detailed assembly instructions. Notice: 1. Without an original box, but we guarantee our products have quality assurance [&hellip;]<\/p>","protected":false},"featured_media":26657,"comment_status":"open","ping_status":"closed","template":"","meta":{"_acf_changed":false},"product_cat":[372],"product_tag":[3129,3128,2641,1851,3127,3126,485,2640,2644],"class_list":["product","first","instock","shipping-taxable","purchasable","product-type-simple"],"acf":[],"_links":{"self":[{"href":"https:\/\/mouldking.store\/vi\/wp-json\/wp\/v2\/product\/26655","targetHints":{"allow":["GET"]}}],"collection":[{"href":"https:\/\/mouldking.store\/vi\/wp-json\/wp\/v2\/product"}],"about":[{"href":"https:\/\/mouldking.store\/vi\/wp-json\/wp\/v2\/types\/product"}],"replies":[{"embeddable":true,"href":"https:\/\/mouldking.store\/vi\/wp-json\/wp\/v2\/comments?post=26655"}],"wp:featuredmedia":[{"embeddable":true,"href":"https:\/\/mouldking.store\/vi\/wp-json\/wp\/v2\/media\/26657"}],"wp:attachment":[{"href":"https:\/\/mouldking.store\/vi\/wp-json\/wp\/v2\/media?parent=26655"}],"wp:term":[{"taxonomy":"product_cat","embeddable":true,"href":"https:\/\/mouldking.store\/vi\/wp-json\/wp\/v2\/product_cat?post=26655"},{"taxonomy":"product_tag","embeddable":true,"href":"https:\/\/mouldking.store\/vi\/wp-json\/wp\/v2\/product_tag?post=26655"}],"curies":[{"name":"wp","href":"https:\/\/api.w.org\/{rel}","templated":true}]}}