{"id":26728,"date":"2021-11-05T00:40:53","date_gmt":"2021-11-05T00:40:53","guid":{"rendered":"https:\/\/mouldking.store\/?post_type=product&#038;p=26728"},"modified":"2021-12-23T09:40:49","modified_gmt":"2021-12-23T09:40:49","slug":"mould-king-17006-rc-bucket-wheel-excavator-with-4588-pieces","status":"publish","type":"product","link":"https:\/\/mouldking.store\/vi\/shop\/mould-king-17006-rc-bucket-wheel-excavator-with-4588-pieces\/","title":{"rendered":"M\u00e1y x\u00fac b\u00e1nh l\u1ed1p RC Mold King 17006 v\u1edbi 4588 chi ti\u1ebft"},"content":{"rendered":"<p>Th\u00f4ng tin s\u1ea3n ph\u1ea9m:<\/p>\n<ol>\n<li>Th\u01b0\u01a1ng hi\u1ec7u: Khu\u00f4n Vua<\/li>\n<li>Gi\u1edbi t\u00ednh: Unisex<\/li>\n<li>Name: RC Bucket Wheel Excavator<\/li>\n<li>\u0110\u1ed9 tu\u1ed5i: &gt; 14 tu\u1ed5i<\/li>\n<li>Model Number: 17006<\/li>\n<li>Ph\u00e2n lo\u1ea1i: T\u1eadp h\u1ee3p<\/li>\n<li>H\u00ecnh d\u1ea1ng kh\u1ed1i nh\u1ef1a: G\u1ea1ch t\u1ef1 kh\u00f3a<\/li>\n<li>Ch\u1ea5t li\u1ec7u: Nh\u1ef1a<\/li>\n<li>Lo\u1ea1i nh\u1ef1a: ABS<\/li>\n<li>Bricks Blocks: 4588 PCS<\/li>\n<li>Ch\u1ee9a h\u01b0\u1edbng d\u1eabn l\u1eafp r\u00e1p chi ti\u1ebft.<\/li>\n<\/ol>\n<p>\u0110\u1ec3 \u00fd:<br \/>\n1. Kh\u00f4ng c\u00f3 h\u1ed9p ban \u0111\u1ea7u, nh\u01b0ng ch\u00fang t\u00f4i \u0111\u1ea3m b\u1ea3o s\u1ea3n ph\u1ea9m c\u1ee7a ch\u00fang t\u00f4i c\u00f3 ch\u1ea5t l\u01b0\u1ee3ng \u0111\u1ea3m b\u1ea3o v\u00e0 bao b\u00ec \u0111\u1eb9p.<br \/>\n2. V\u00ec t\u1ea5t c\u1ea3 c\u00e1c b\u1ed9 ph\u1eadn ch\u00fang t\u00f4i \u0111\u00e3 ki\u1ec3m tra tr\u01b0\u1edbc khi v\u1eadn chuy\u1ec3n, v\u00ec v\u1eady n\u1ebfu b\u1ea1n th\u1ea5y m\u1ed9t s\u1ed1 b\u1ed9 ph\u1eadn b\u1ecb thi\u1ebfu ho\u1eb7c h\u01b0 h\u1ecfng, \u0111\u1eebng lo l\u1eafng v\u00e0 ch\u1ec9 c\u1ea7n vui l\u00f2ng li\u00ean h\u1ec7 v\u1edbi ch\u00fang t\u00f4i v\u00e0 ch\u00fang t\u00f4i c\u00f3 th\u1ec3 g\u1eedi l\u1ea1i mi\u1ec5n ph\u00ed cho b\u1ea1n ngay l\u1eadp t\u1ee9c.<\/p>\n<figure id=\"attachment_26729\" aria-describedby=\"caption-attachment-26729\" style=\"width: 800px\" class=\"wp-caption aligncenter\"><img fetchpriority=\"high\" decoding=\"async\" class=\"wp-image-26729 size-full\" src=\"https:\/\/mouldking.store\/wp-content\/uploads\/2021\/11\/Mould-King-17006-RC-Bucket-Wheel-Excavator-with-4588-pieces-1.jpg\" alt=\"Mould King 17006 RC Bucket Wheel Excavator with 4588 pieces\" width=\"800\" height=\"800\" title=\"-\" srcset=\"https:\/\/mouldking.store\/wp-content\/uploads\/2021\/11\/Mould-King-17006-RC-Bucket-Wheel-Excavator-with-4588-pieces-1.jpg 800w, https:\/\/mouldking.store\/wp-content\/uploads\/2021\/11\/Mould-King-17006-RC-Bucket-Wheel-Excavator-with-4588-pieces-1-300x300.jpg 300w, https:\/\/mouldking.store\/wp-content\/uploads\/2021\/11\/Mould-King-17006-RC-Bucket-Wheel-Excavator-with-4588-pieces-1-768x768.jpg 768w, https:\/\/mouldking.store\/wp-content\/uploads\/2021\/11\/Mould-King-17006-RC-Bucket-Wheel-Excavator-with-4588-pieces-1-600x600.jpg 600w, https:\/\/mouldking.store\/wp-content\/uploads\/2021\/11\/Mould-King-17006-RC-Bucket-Wheel-Excavator-with-4588-pieces-1-150x150.jpg 150w\" sizes=\"(max-width: 800px) 100vw, 800px\" \/><figcaption id=\"caption-attachment-26729\" class=\"wp-caption-text\">M\u00e1y x\u00fac b\u00e1nh l\u1ed1p RC Mold King 17006 v\u1edbi 4588 chi ti\u1ebft<\/figcaption><\/figure>\n<figure id=\"attachment_26734\" aria-describedby=\"caption-attachment-26734\" style=\"width: 790px\" class=\"wp-caption aligncenter\"><img decoding=\"async\" class=\"wp-image-26734 size-full\" src=\"https:\/\/mouldking.store\/wp-content\/uploads\/2021\/11\/Mould-King-17006-RC-Bucket-Wheel-Excavator-with-4588-pieces-5.jpg\" alt=\"Mould King 17006 RC Bucket Wheel Excavator with 4588 pieces\" width=\"790\" height=\"686\" title=\"-\" srcset=\"https:\/\/mouldking.store\/wp-content\/uploads\/2021\/11\/Mould-King-17006-RC-Bucket-Wheel-Excavator-with-4588-pieces-5.jpg 790w, https:\/\/mouldking.store\/wp-content\/uploads\/2021\/11\/Mould-King-17006-RC-Bucket-Wheel-Excavator-with-4588-pieces-5-300x261.jpg 300w, https:\/\/mouldking.store\/wp-content\/uploads\/2021\/11\/Mould-King-17006-RC-Bucket-Wheel-Excavator-with-4588-pieces-5-768x667.jpg 768w, https:\/\/mouldking.store\/wp-content\/uploads\/2021\/11\/Mould-King-17006-RC-Bucket-Wheel-Excavator-with-4588-pieces-5-600x521.jpg 600w, https:\/\/mouldking.store\/wp-content\/uploads\/2021\/11\/Mould-King-17006-RC-Bucket-Wheel-Excavator-with-4588-pieces-5-150x130.jpg 150w\" sizes=\"(max-width: 790px) 100vw, 790px\" \/><figcaption id=\"caption-attachment-26734\" class=\"wp-caption-text\">M\u00e1y x\u00fac b\u00e1nh l\u1ed1p RC Mold King 17006 v\u1edbi 4588 chi ti\u1ebft<\/figcaption><\/figure>\n<figure id=\"attachment_26733\" aria-describedby=\"caption-attachment-26733\" style=\"width: 789px\" class=\"wp-caption aligncenter\"><img decoding=\"async\" class=\"wp-image-26733 size-full\" src=\"https:\/\/mouldking.store\/wp-content\/uploads\/2021\/11\/Mould-King-17006-RC-Bucket-Wheel-Excavator-with-4588-pieces-4.jpg\" alt=\"Mould King 17006 RC Bucket Wheel Excavator with 4588 pieces\" width=\"789\" height=\"1024\" title=\"-\" srcset=\"https:\/\/mouldking.store\/wp-content\/uploads\/2021\/11\/Mould-King-17006-RC-Bucket-Wheel-Excavator-with-4588-pieces-4.jpg 789w, https:\/\/mouldking.store\/wp-content\/uploads\/2021\/11\/Mould-King-17006-RC-Bucket-Wheel-Excavator-with-4588-pieces-4-231x300.jpg 231w, https:\/\/mouldking.store\/wp-content\/uploads\/2021\/11\/Mould-King-17006-RC-Bucket-Wheel-Excavator-with-4588-pieces-4-768x997.jpg 768w, https:\/\/mouldking.store\/wp-content\/uploads\/2021\/11\/Mould-King-17006-RC-Bucket-Wheel-Excavator-with-4588-pieces-4-300x389.jpg 300w, https:\/\/mouldking.store\/wp-content\/uploads\/2021\/11\/Mould-King-17006-RC-Bucket-Wheel-Excavator-with-4588-pieces-4-600x779.jpg 600w, https:\/\/mouldking.store\/wp-content\/uploads\/2021\/11\/Mould-King-17006-RC-Bucket-Wheel-Excavator-with-4588-pieces-4-116x150.jpg 116w\" sizes=\"(max-width: 789px) 100vw, 789px\" \/><figcaption id=\"caption-attachment-26733\" class=\"wp-caption-text\">M\u00e1y x\u00fac b\u00e1nh l\u1ed1p RC Mold King 17006 v\u1edbi 4588 chi ti\u1ebft<\/figcaption><\/figure>\n<figure id=\"attachment_26731\" aria-describedby=\"caption-attachment-26731\" style=\"width: 545px\" class=\"wp-caption aligncenter\"><img loading=\"lazy\" decoding=\"async\" class=\"wp-image-26731 size-full\" src=\"https:\/\/mouldking.store\/wp-content\/uploads\/2021\/11\/Mould-King-17006-RC-Bucket-Wheel-Excavator-with-4588-pieces-3.jpg\" alt=\"Mould King 17006 RC Bucket Wheel Excavator with 4588 pieces\" width=\"545\" height=\"1024\" title=\"-\" srcset=\"https:\/\/mouldking.store\/wp-content\/uploads\/2021\/11\/Mould-King-17006-RC-Bucket-Wheel-Excavator-with-4588-pieces-3.jpg 545w, https:\/\/mouldking.store\/wp-content\/uploads\/2021\/11\/Mould-King-17006-RC-Bucket-Wheel-Excavator-with-4588-pieces-3-160x300.jpg 160w, https:\/\/mouldking.store\/wp-content\/uploads\/2021\/11\/Mould-King-17006-RC-Bucket-Wheel-Excavator-with-4588-pieces-3-300x564.jpg 300w, https:\/\/mouldking.store\/wp-content\/uploads\/2021\/11\/Mould-King-17006-RC-Bucket-Wheel-Excavator-with-4588-pieces-3-80x150.jpg 80w\" sizes=\"(max-width: 545px) 100vw, 545px\" \/><figcaption id=\"caption-attachment-26731\" class=\"wp-caption-text\">M\u00e1y x\u00fac b\u00e1nh l\u1ed1p RC Mold King 17006 v\u1edbi 4588 chi ti\u1ebft<\/figcaption><\/figure>\n<figure id=\"attachment_26730\" aria-describedby=\"caption-attachment-26730\" style=\"width: 790px\" class=\"wp-caption aligncenter\"><img loading=\"lazy\" decoding=\"async\" class=\"wp-image-26730 size-full\" src=\"https:\/\/mouldking.store\/wp-content\/uploads\/2021\/11\/Mould-King-17006-RC-Bucket-Wheel-Excavator-with-4588-pieces-2.jpg\" alt=\"Mould King 17006 RC Bucket Wheel Excavator with 4588 pieces\" width=\"790\" height=\"886\" title=\"-\" srcset=\"https:\/\/mouldking.store\/wp-content\/uploads\/2021\/11\/Mould-King-17006-RC-Bucket-Wheel-Excavator-with-4588-pieces-2.jpg 790w, https:\/\/mouldking.store\/wp-content\/uploads\/2021\/11\/Mould-King-17006-RC-Bucket-Wheel-Excavator-with-4588-pieces-2-267x300.jpg 267w, https:\/\/mouldking.store\/wp-content\/uploads\/2021\/11\/Mould-King-17006-RC-Bucket-Wheel-Excavator-with-4588-pieces-2-768x861.jpg 768w, https:\/\/mouldking.store\/wp-content\/uploads\/2021\/11\/Mould-King-17006-RC-Bucket-Wheel-Excavator-with-4588-pieces-2-300x336.jpg 300w, https:\/\/mouldking.store\/wp-content\/uploads\/2021\/11\/Mould-King-17006-RC-Bucket-Wheel-Excavator-with-4588-pieces-2-600x673.jpg 600w, https:\/\/mouldking.store\/wp-content\/uploads\/2021\/11\/Mould-King-17006-RC-Bucket-Wheel-Excavator-with-4588-pieces-2-134x150.jpg 134w\" sizes=\"(max-width: 790px) 100vw, 790px\" \/><figcaption id=\"caption-attachment-26730\" class=\"wp-caption-text\">M\u00e1y x\u00fac b\u00e1nh l\u1ed1p RC Mold King 17006 v\u1edbi 4588 chi ti\u1ebft<\/figcaption><\/figure>","protected":false},"excerpt":{"rendered":"<p>Product information: Brand: Mould King Gender: Unisex Name: RC Bucket Wheel Excavator Age Range: &gt; 14 years old Model Number: 17006 Classification: Assemblage Plastic Block Shape: Self-Locking Bricks Material: Plastic Plastic Type: ABS Bricks Blocks: 4588 PCS Contains detailed assembly instructions. Notice: 1. Without an original box, but we guarantee our products have quality assurance [&hellip;]<\/p>","protected":false},"featured_media":26729,"comment_status":"open","ping_status":"closed","template":"","meta":{"_acf_changed":false},"product_cat":[364],"product_tag":[3186,3181,3180,3183,3185,3184,481,3182],"class_list":["product","first","instock","shipping-taxable","purchasable","product-type-simple"],"acf":[],"_links":{"self":[{"href":"https:\/\/mouldking.store\/vi\/wp-json\/wp\/v2\/product\/26728","targetHints":{"allow":["GET"]}}],"collection":[{"href":"https:\/\/mouldking.store\/vi\/wp-json\/wp\/v2\/product"}],"about":[{"href":"https:\/\/mouldking.store\/vi\/wp-json\/wp\/v2\/types\/product"}],"replies":[{"embeddable":true,"href":"https:\/\/mouldking.store\/vi\/wp-json\/wp\/v2\/comments?post=26728"}],"wp:featuredmedia":[{"embeddable":true,"href":"https:\/\/mouldking.store\/vi\/wp-json\/wp\/v2\/media\/26729"}],"wp:attachment":[{"href":"https:\/\/mouldking.store\/vi\/wp-json\/wp\/v2\/media?parent=26728"}],"wp:term":[{"taxonomy":"product_cat","embeddable":true,"href":"https:\/\/mouldking.store\/vi\/wp-json\/wp\/v2\/product_cat?post=26728"},{"taxonomy":"product_tag","embeddable":true,"href":"https:\/\/mouldking.store\/vi\/wp-json\/wp\/v2\/product_tag?post=26728"}],"curies":[{"name":"wp","href":"https:\/\/api.w.org\/{rel}","templated":true}]}}