{"id":26746,"date":"2021-11-05T01:27:52","date_gmt":"2021-11-05T01:27:52","guid":{"rendered":"https:\/\/mouldking.store\/?post_type=product&#038;p=26746"},"modified":"2021-12-23T09:40:49","modified_gmt":"2021-12-23T09:40:49","slug":"moyu-88002-trail-blazers-with-2939-pieces","status":"publish","type":"product","link":"https:\/\/mouldking.store\/vi\/shop\/moyu-88002-trail-blazers-with-2939-pieces\/","title":{"rendered":"MOYU 88002 Trail Blazers v\u1edbi 2939 m\u1ea3nh gh\u00e9p"},"content":{"rendered":"<p>Th\u00f4ng tin s\u1ea3n ph\u1ea9m:<\/p>\n<ol>\n<li>Th\u01b0\u01a1ng hi\u1ec7u: MOYOU<\/li>\n<li>Gi\u1edbi t\u00ednh: Unisex<\/li>\n<li>Name: Trail Blazers<\/li>\n<li>\u0110\u1ed9 tu\u1ed5i: &gt; 6 tu\u1ed5i<\/li>\n<li>Model Number: 88002<\/li>\n<li>Ph\u00e2n lo\u1ea1i: T\u1eadp h\u1ee3p<\/li>\n<li>H\u00ecnh d\u1ea1ng kh\u1ed1i nh\u1ef1a: G\u1ea1ch t\u1ef1 kh\u00f3a<\/li>\n<li>Ch\u1ea5t li\u1ec7u: Nh\u1ef1a<\/li>\n<li>Lo\u1ea1i nh\u1ef1a: ABS<\/li>\n<li>Bricks Blocks: 2939 PCS<\/li>\n<li>Ch\u1ee9a h\u01b0\u1edbng d\u1eabn l\u1eafp r\u00e1p chi ti\u1ebft.<\/li>\n<\/ol>\n<p>\u0110\u1ec3 \u00fd:<br \/>\n1. Kh\u00f4ng c\u00f3 h\u1ed9p ban \u0111\u1ea7u, nh\u01b0ng ch\u00fang t\u00f4i \u0111\u1ea3m b\u1ea3o s\u1ea3n ph\u1ea9m c\u1ee7a ch\u00fang t\u00f4i c\u00f3 ch\u1ea5t l\u01b0\u1ee3ng \u0111\u1ea3m b\u1ea3o v\u00e0 bao b\u00ec \u0111\u1eb9p.<br \/>\n2. V\u00ec t\u1ea5t c\u1ea3 c\u00e1c b\u1ed9 ph\u1eadn ch\u00fang t\u00f4i \u0111\u00e3 ki\u1ec3m tra tr\u01b0\u1edbc khi v\u1eadn chuy\u1ec3n, v\u00ec v\u1eady n\u1ebfu b\u1ea1n th\u1ea5y m\u1ed9t s\u1ed1 b\u1ed9 ph\u1eadn b\u1ecb thi\u1ebfu ho\u1eb7c h\u01b0 h\u1ecfng, \u0111\u1eebng lo l\u1eafng v\u00e0 ch\u1ec9 c\u1ea7n vui l\u00f2ng li\u00ean h\u1ec7 v\u1edbi ch\u00fang t\u00f4i v\u00e0 ch\u00fang t\u00f4i c\u00f3 th\u1ec3 g\u1eedi l\u1ea1i mi\u1ec5n ph\u00ed cho b\u1ea1n ngay l\u1eadp t\u1ee9c.<\/p>\n<figure id=\"attachment_26752\" aria-describedby=\"caption-attachment-26752\" style=\"width: 800px\" class=\"wp-caption aligncenter\"><img fetchpriority=\"high\" decoding=\"async\" class=\"wp-image-26752 size-full\" src=\"https:\/\/mouldking.store\/wp-content\/uploads\/2021\/11\/MOYU-88002-Trail-Blazers-with-2939-pieces-1.jpg\" alt=\"MOYU 88002 Trail Blazers with 2939 pieces\" width=\"800\" height=\"800\" title=\"-\" srcset=\"https:\/\/mouldking.store\/wp-content\/uploads\/2021\/11\/MOYU-88002-Trail-Blazers-with-2939-pieces-1.jpg 800w, https:\/\/mouldking.store\/wp-content\/uploads\/2021\/11\/MOYU-88002-Trail-Blazers-with-2939-pieces-1-300x300.jpg 300w, https:\/\/mouldking.store\/wp-content\/uploads\/2021\/11\/MOYU-88002-Trail-Blazers-with-2939-pieces-1-768x768.jpg 768w, https:\/\/mouldking.store\/wp-content\/uploads\/2021\/11\/MOYU-88002-Trail-Blazers-with-2939-pieces-1-600x600.jpg 600w, https:\/\/mouldking.store\/wp-content\/uploads\/2021\/11\/MOYU-88002-Trail-Blazers-with-2939-pieces-1-150x150.jpg 150w\" sizes=\"(max-width: 800px) 100vw, 800px\" \/><figcaption id=\"caption-attachment-26752\" class=\"wp-caption-text\">MOYU 88002 Trail Blazers v\u1edbi 2939 m\u1ea3nh gh\u00e9p<\/figcaption><\/figure>\n<figure id=\"attachment_26762\" aria-describedby=\"caption-attachment-26762\" style=\"width: 696px\" class=\"wp-caption aligncenter\"><img decoding=\"async\" class=\"wp-image-26762 size-full\" src=\"https:\/\/mouldking.store\/wp-content\/uploads\/2021\/11\/MOYU-88002-Trail-Blazers-with-2939-pieces-10.jpg\" alt=\"MOYU 88002 Trail Blazers with 2939 pieces\" width=\"696\" height=\"1024\" title=\"-\" srcset=\"https:\/\/mouldking.store\/wp-content\/uploads\/2021\/11\/MOYU-88002-Trail-Blazers-with-2939-pieces-10.jpg 696w, https:\/\/mouldking.store\/wp-content\/uploads\/2021\/11\/MOYU-88002-Trail-Blazers-with-2939-pieces-10-204x300.jpg 204w, https:\/\/mouldking.store\/wp-content\/uploads\/2021\/11\/MOYU-88002-Trail-Blazers-with-2939-pieces-10-300x441.jpg 300w, https:\/\/mouldking.store\/wp-content\/uploads\/2021\/11\/MOYU-88002-Trail-Blazers-with-2939-pieces-10-600x883.jpg 600w, https:\/\/mouldking.store\/wp-content\/uploads\/2021\/11\/MOYU-88002-Trail-Blazers-with-2939-pieces-10-102x150.jpg 102w\" sizes=\"(max-width: 696px) 100vw, 696px\" \/><figcaption id=\"caption-attachment-26762\" class=\"wp-caption-text\">MOYU 88002 Trail Blazers v\u1edbi 2939 m\u1ea3nh gh\u00e9p<\/figcaption><\/figure>\n<figure id=\"attachment_26763\" aria-describedby=\"caption-attachment-26763\" style=\"width: 695px\" class=\"wp-caption aligncenter\"><img decoding=\"async\" class=\"wp-image-26763 size-full\" src=\"https:\/\/mouldking.store\/wp-content\/uploads\/2021\/11\/MOYU-88002-Trail-Blazers-with-2939-pieces-11.jpg\" alt=\"MOYU 88002 Trail Blazers with 2939 pieces\" width=\"695\" height=\"1024\" title=\"-\" srcset=\"https:\/\/mouldking.store\/wp-content\/uploads\/2021\/11\/MOYU-88002-Trail-Blazers-with-2939-pieces-11.jpg 695w, https:\/\/mouldking.store\/wp-content\/uploads\/2021\/11\/MOYU-88002-Trail-Blazers-with-2939-pieces-11-204x300.jpg 204w, https:\/\/mouldking.store\/wp-content\/uploads\/2021\/11\/MOYU-88002-Trail-Blazers-with-2939-pieces-11-300x442.jpg 300w, https:\/\/mouldking.store\/wp-content\/uploads\/2021\/11\/MOYU-88002-Trail-Blazers-with-2939-pieces-11-600x884.jpg 600w, https:\/\/mouldking.store\/wp-content\/uploads\/2021\/11\/MOYU-88002-Trail-Blazers-with-2939-pieces-11-102x150.jpg 102w\" sizes=\"(max-width: 695px) 100vw, 695px\" \/><figcaption id=\"caption-attachment-26763\" class=\"wp-caption-text\">MOYU 88002 Trail Blazers v\u1edbi 2939 m\u1ea3nh gh\u00e9p<\/figcaption><\/figure>\n<figure id=\"attachment_26761\" aria-describedby=\"caption-attachment-26761\" style=\"width: 695px\" class=\"wp-caption aligncenter\"><img loading=\"lazy\" decoding=\"async\" class=\"wp-image-26761 size-full\" src=\"https:\/\/mouldking.store\/wp-content\/uploads\/2021\/11\/MOYU-88002-Trail-Blazers-with-2939-pieces-9.jpg\" alt=\"MOYU 88002 Trail Blazers with 2939 pieces\" width=\"695\" height=\"1024\" title=\"-\" srcset=\"https:\/\/mouldking.store\/wp-content\/uploads\/2021\/11\/MOYU-88002-Trail-Blazers-with-2939-pieces-9.jpg 695w, https:\/\/mouldking.store\/wp-content\/uploads\/2021\/11\/MOYU-88002-Trail-Blazers-with-2939-pieces-9-204x300.jpg 204w, https:\/\/mouldking.store\/wp-content\/uploads\/2021\/11\/MOYU-88002-Trail-Blazers-with-2939-pieces-9-300x442.jpg 300w, https:\/\/mouldking.store\/wp-content\/uploads\/2021\/11\/MOYU-88002-Trail-Blazers-with-2939-pieces-9-600x884.jpg 600w, https:\/\/mouldking.store\/wp-content\/uploads\/2021\/11\/MOYU-88002-Trail-Blazers-with-2939-pieces-9-102x150.jpg 102w\" sizes=\"(max-width: 695px) 100vw, 695px\" \/><figcaption id=\"caption-attachment-26761\" class=\"wp-caption-text\">MOYU 88002 Trail Blazers v\u1edbi 2939 m\u1ea3nh gh\u00e9p<\/figcaption><\/figure>\n<figure id=\"attachment_26760\" aria-describedby=\"caption-attachment-26760\" style=\"width: 695px\" class=\"wp-caption aligncenter\"><img loading=\"lazy\" decoding=\"async\" class=\"wp-image-26760 size-full\" src=\"https:\/\/mouldking.store\/wp-content\/uploads\/2021\/11\/MOYU-88002-Trail-Blazers-with-2939-pieces-8.jpg\" alt=\"MOYU 88002 Trail Blazers with 2939 pieces\" width=\"695\" height=\"1024\" title=\"-\" srcset=\"https:\/\/mouldking.store\/wp-content\/uploads\/2021\/11\/MOYU-88002-Trail-Blazers-with-2939-pieces-8.jpg 695w, https:\/\/mouldking.store\/wp-content\/uploads\/2021\/11\/MOYU-88002-Trail-Blazers-with-2939-pieces-8-204x300.jpg 204w, https:\/\/mouldking.store\/wp-content\/uploads\/2021\/11\/MOYU-88002-Trail-Blazers-with-2939-pieces-8-300x442.jpg 300w, https:\/\/mouldking.store\/wp-content\/uploads\/2021\/11\/MOYU-88002-Trail-Blazers-with-2939-pieces-8-600x884.jpg 600w, https:\/\/mouldking.store\/wp-content\/uploads\/2021\/11\/MOYU-88002-Trail-Blazers-with-2939-pieces-8-102x150.jpg 102w\" sizes=\"(max-width: 695px) 100vw, 695px\" \/><figcaption id=\"caption-attachment-26760\" class=\"wp-caption-text\">MOYU 88002 Trail Blazers v\u1edbi 2939 m\u1ea3nh gh\u00e9p<\/figcaption><\/figure>\n<figure id=\"attachment_26759\" aria-describedby=\"caption-attachment-26759\" style=\"width: 698px\" class=\"wp-caption aligncenter\"><img loading=\"lazy\" decoding=\"async\" class=\"wp-image-26759 size-full\" src=\"https:\/\/mouldking.store\/wp-content\/uploads\/2021\/11\/MOYU-88002-Trail-Blazers-with-2939-pieces-7.jpg\" alt=\"MOYU 88002 Trail Blazers with 2939 pieces\" width=\"698\" height=\"1024\" title=\"-\" srcset=\"https:\/\/mouldking.store\/wp-content\/uploads\/2021\/11\/MOYU-88002-Trail-Blazers-with-2939-pieces-7.jpg 698w, https:\/\/mouldking.store\/wp-content\/uploads\/2021\/11\/MOYU-88002-Trail-Blazers-with-2939-pieces-7-204x300.jpg 204w, https:\/\/mouldking.store\/wp-content\/uploads\/2021\/11\/MOYU-88002-Trail-Blazers-with-2939-pieces-7-300x440.jpg 300w, https:\/\/mouldking.store\/wp-content\/uploads\/2021\/11\/MOYU-88002-Trail-Blazers-with-2939-pieces-7-600x880.jpg 600w, https:\/\/mouldking.store\/wp-content\/uploads\/2021\/11\/MOYU-88002-Trail-Blazers-with-2939-pieces-7-102x150.jpg 102w\" sizes=\"(max-width: 698px) 100vw, 698px\" \/><figcaption id=\"caption-attachment-26759\" class=\"wp-caption-text\">MOYU 88002 Trail Blazers v\u1edbi 2939 m\u1ea3nh gh\u00e9p<\/figcaption><\/figure>\n<figure id=\"attachment_26758\" aria-describedby=\"caption-attachment-26758\" style=\"width: 812px\" class=\"wp-caption aligncenter\"><img loading=\"lazy\" decoding=\"async\" class=\"wp-image-26758 size-full\" src=\"https:\/\/mouldking.store\/wp-content\/uploads\/2021\/11\/MOYU-88002-Trail-Blazers-with-2939-pieces-6.jpg\" alt=\"MOYU 88002 Trail Blazers with 2939 pieces\" width=\"812\" height=\"1024\" title=\"-\" srcset=\"https:\/\/mouldking.store\/wp-content\/uploads\/2021\/11\/MOYU-88002-Trail-Blazers-with-2939-pieces-6.jpg 812w, https:\/\/mouldking.store\/wp-content\/uploads\/2021\/11\/MOYU-88002-Trail-Blazers-with-2939-pieces-6-238x300.jpg 238w, https:\/\/mouldking.store\/wp-content\/uploads\/2021\/11\/MOYU-88002-Trail-Blazers-with-2939-pieces-6-768x969.jpg 768w, https:\/\/mouldking.store\/wp-content\/uploads\/2021\/11\/MOYU-88002-Trail-Blazers-with-2939-pieces-6-300x378.jpg 300w, https:\/\/mouldking.store\/wp-content\/uploads\/2021\/11\/MOYU-88002-Trail-Blazers-with-2939-pieces-6-600x757.jpg 600w, https:\/\/mouldking.store\/wp-content\/uploads\/2021\/11\/MOYU-88002-Trail-Blazers-with-2939-pieces-6-119x150.jpg 119w\" sizes=\"(max-width: 812px) 100vw, 812px\" \/><figcaption id=\"caption-attachment-26758\" class=\"wp-caption-text\">MOYU 88002 Trail Blazers v\u1edbi 2939 m\u1ea3nh gh\u00e9p<\/figcaption><\/figure>\n<figure id=\"attachment_26757\" aria-describedby=\"caption-attachment-26757\" style=\"width: 812px\" class=\"wp-caption aligncenter\"><img loading=\"lazy\" decoding=\"async\" class=\"wp-image-26757 size-full\" src=\"https:\/\/mouldking.store\/wp-content\/uploads\/2021\/11\/MOYU-88002-Trail-Blazers-with-2939-pieces-5.jpg\" alt=\"MOYU 88002 Trail Blazers with 2939 pieces\" width=\"812\" height=\"1024\" title=\"-\" srcset=\"https:\/\/mouldking.store\/wp-content\/uploads\/2021\/11\/MOYU-88002-Trail-Blazers-with-2939-pieces-5.jpg 812w, https:\/\/mouldking.store\/wp-content\/uploads\/2021\/11\/MOYU-88002-Trail-Blazers-with-2939-pieces-5-238x300.jpg 238w, https:\/\/mouldking.store\/wp-content\/uploads\/2021\/11\/MOYU-88002-Trail-Blazers-with-2939-pieces-5-768x969.jpg 768w, https:\/\/mouldking.store\/wp-content\/uploads\/2021\/11\/MOYU-88002-Trail-Blazers-with-2939-pieces-5-300x378.jpg 300w, https:\/\/mouldking.store\/wp-content\/uploads\/2021\/11\/MOYU-88002-Trail-Blazers-with-2939-pieces-5-600x757.jpg 600w, https:\/\/mouldking.store\/wp-content\/uploads\/2021\/11\/MOYU-88002-Trail-Blazers-with-2939-pieces-5-119x150.jpg 119w\" sizes=\"(max-width: 812px) 100vw, 812px\" \/><figcaption id=\"caption-attachment-26757\" class=\"wp-caption-text\">MOYU 88002 Trail Blazers v\u1edbi 2939 m\u1ea3nh gh\u00e9p<\/figcaption><\/figure>\n<figure id=\"attachment_26755\" aria-describedby=\"caption-attachment-26755\" style=\"width: 811px\" class=\"wp-caption aligncenter\"><img loading=\"lazy\" decoding=\"async\" class=\"wp-image-26755 size-full\" src=\"https:\/\/mouldking.store\/wp-content\/uploads\/2021\/11\/MOYU-88002-Trail-Blazers-with-2939-pieces-4.jpg\" alt=\"MOYU 88002 Trail Blazers with 2939 pieces\" width=\"811\" height=\"1024\" title=\"-\" srcset=\"https:\/\/mouldking.store\/wp-content\/uploads\/2021\/11\/MOYU-88002-Trail-Blazers-with-2939-pieces-4.jpg 811w, https:\/\/mouldking.store\/wp-content\/uploads\/2021\/11\/MOYU-88002-Trail-Blazers-with-2939-pieces-4-238x300.jpg 238w, https:\/\/mouldking.store\/wp-content\/uploads\/2021\/11\/MOYU-88002-Trail-Blazers-with-2939-pieces-4-768x970.jpg 768w, https:\/\/mouldking.store\/wp-content\/uploads\/2021\/11\/MOYU-88002-Trail-Blazers-with-2939-pieces-4-300x379.jpg 300w, https:\/\/mouldking.store\/wp-content\/uploads\/2021\/11\/MOYU-88002-Trail-Blazers-with-2939-pieces-4-600x758.jpg 600w, https:\/\/mouldking.store\/wp-content\/uploads\/2021\/11\/MOYU-88002-Trail-Blazers-with-2939-pieces-4-119x150.jpg 119w\" sizes=\"(max-width: 811px) 100vw, 811px\" \/><figcaption id=\"caption-attachment-26755\" class=\"wp-caption-text\">MOYU 88002 Trail Blazers v\u1edbi 2939 m\u1ea3nh gh\u00e9p<\/figcaption><\/figure>\n<figure id=\"attachment_26754\" aria-describedby=\"caption-attachment-26754\" style=\"width: 811px\" class=\"wp-caption aligncenter\"><img loading=\"lazy\" decoding=\"async\" class=\"wp-image-26754 size-full\" src=\"https:\/\/mouldking.store\/wp-content\/uploads\/2021\/11\/MOYU-88002-Trail-Blazers-with-2939-pieces-3.jpg\" alt=\"MOYU 88002 Trail Blazers with 2939 pieces\" width=\"811\" height=\"1024\" title=\"-\" srcset=\"https:\/\/mouldking.store\/wp-content\/uploads\/2021\/11\/MOYU-88002-Trail-Blazers-with-2939-pieces-3.jpg 811w, https:\/\/mouldking.store\/wp-content\/uploads\/2021\/11\/MOYU-88002-Trail-Blazers-with-2939-pieces-3-238x300.jpg 238w, https:\/\/mouldking.store\/wp-content\/uploads\/2021\/11\/MOYU-88002-Trail-Blazers-with-2939-pieces-3-768x970.jpg 768w, https:\/\/mouldking.store\/wp-content\/uploads\/2021\/11\/MOYU-88002-Trail-Blazers-with-2939-pieces-3-300x379.jpg 300w, https:\/\/mouldking.store\/wp-content\/uploads\/2021\/11\/MOYU-88002-Trail-Blazers-with-2939-pieces-3-600x758.jpg 600w, https:\/\/mouldking.store\/wp-content\/uploads\/2021\/11\/MOYU-88002-Trail-Blazers-with-2939-pieces-3-119x150.jpg 119w\" sizes=\"(max-width: 811px) 100vw, 811px\" \/><figcaption id=\"caption-attachment-26754\" class=\"wp-caption-text\">MOYU 88002 Trail Blazers v\u1edbi 2939 m\u1ea3nh gh\u00e9p<\/figcaption><\/figure>\n<figure id=\"attachment_26753\" aria-describedby=\"caption-attachment-26753\" style=\"width: 828px\" class=\"wp-caption aligncenter\"><img loading=\"lazy\" decoding=\"async\" class=\"wp-image-26753 size-full\" src=\"https:\/\/mouldking.store\/wp-content\/uploads\/2021\/11\/MOYU-88002-Trail-Blazers-with-2939-pieces-2.jpg\" alt=\"MOYU 88002 Trail Blazers with 2939 pieces\" width=\"828\" height=\"942\" title=\"-\" srcset=\"https:\/\/mouldking.store\/wp-content\/uploads\/2021\/11\/MOYU-88002-Trail-Blazers-with-2939-pieces-2.jpg 828w, https:\/\/mouldking.store\/wp-content\/uploads\/2021\/11\/MOYU-88002-Trail-Blazers-with-2939-pieces-2-264x300.jpg 264w, https:\/\/mouldking.store\/wp-content\/uploads\/2021\/11\/MOYU-88002-Trail-Blazers-with-2939-pieces-2-768x874.jpg 768w, https:\/\/mouldking.store\/wp-content\/uploads\/2021\/11\/MOYU-88002-Trail-Blazers-with-2939-pieces-2-300x341.jpg 300w, https:\/\/mouldking.store\/wp-content\/uploads\/2021\/11\/MOYU-88002-Trail-Blazers-with-2939-pieces-2-600x683.jpg 600w, https:\/\/mouldking.store\/wp-content\/uploads\/2021\/11\/MOYU-88002-Trail-Blazers-with-2939-pieces-2-132x150.jpg 132w\" sizes=\"(max-width: 828px) 100vw, 828px\" \/><figcaption id=\"caption-attachment-26753\" class=\"wp-caption-text\">MOYU 88002 Trail Blazers v\u1edbi 2939 m\u1ea3nh gh\u00e9p<\/figcaption><\/figure>","protected":false},"excerpt":{"rendered":"<p>Product information: Brand: MOYU Gender: Unisex Name: Trail Blazers Age Range: &gt; 6 years old Model Number: 88002 Classification: Assemblage Plastic Block Shape: Self-Locking Bricks Material: Plastic Plastic Type: ABS Bricks Blocks: 2939 PCS Contains detailed assembly instructions. Notice: 1. Without an original box, but we guarantee our products have quality assurance and nice packaging. [&hellip;]<\/p>","protected":false},"featured_media":26752,"comment_status":"open","ping_status":"closed","template":"","meta":{"_acf_changed":false},"product_cat":[364],"product_tag":[3209,3208,3211,3210],"class_list":["product","first","instock","shipping-taxable","purchasable","product-type-simple"],"acf":[],"_links":{"self":[{"href":"https:\/\/mouldking.store\/vi\/wp-json\/wp\/v2\/product\/26746","targetHints":{"allow":["GET"]}}],"collection":[{"href":"https:\/\/mouldking.store\/vi\/wp-json\/wp\/v2\/product"}],"about":[{"href":"https:\/\/mouldking.store\/vi\/wp-json\/wp\/v2\/types\/product"}],"replies":[{"embeddable":true,"href":"https:\/\/mouldking.store\/vi\/wp-json\/wp\/v2\/comments?post=26746"}],"wp:featuredmedia":[{"embeddable":true,"href":"https:\/\/mouldking.store\/vi\/wp-json\/wp\/v2\/media\/26752"}],"wp:attachment":[{"href":"https:\/\/mouldking.store\/vi\/wp-json\/wp\/v2\/media?parent=26746"}],"wp:term":[{"taxonomy":"product_cat","embeddable":true,"href":"https:\/\/mouldking.store\/vi\/wp-json\/wp\/v2\/product_cat?post=26746"},{"taxonomy":"product_tag","embeddable":true,"href":"https:\/\/mouldking.store\/vi\/wp-json\/wp\/v2\/product_tag?post=26746"}],"curies":[{"name":"wp","href":"https:\/\/api.w.org\/{rel}","templated":true}]}}